{"id":110452,"date":"2026-02-24T11:48:40","date_gmt":"2026-02-24T09:48:40","guid":{"rendered":"https:\/\/doktorvolt.pl\/sklep\/uncategorized\/rozdzielnica-budowlana-na-stojaku-z-naswietlaczem-ext-s-fi-set-32a-2x16a-4x230v-schuko-doktorvolt-dv-0027-d\/"},"modified":"2026-02-24T11:48:40","modified_gmt":"2026-02-24T09:48:40","slug":"rozdzielnica-budowlana-na-stojaku-z-naswietlaczem-ext-s-fi-set-32a-2x16a-4x230v-schuko-doktorvolt-dv-0027-d","status":"publish","type":"product","link":"https:\/\/doktorvolt.pl\/en\/oferta-doktorvolt\/distribution-boxes\/set-series\/rozdzielnica-budowlana-na-stojaku-z-naswietlaczem-ext-s-fi-set-32a-2x16a-4x230v-schuko-doktorvolt-dv-0027-d\/","title":{"rendered":"Rozdzielnica budowlana na stojaku z na\u015bwietlaczem eXT S\/FI SET 32A 2x16A 4x230V schuko Doktorvolt DV-0027-D"},"content":{"rendered":"<div class=\"fusion-fullwidth fullwidth-box fusion-builder-row-1 fusion-flex-container nonhundred-percent-fullwidth non-hundred-percent-height-scrolling\" style=\"--awb-border-radius-top-left:0px;--awb-border-radius-top-right:0px;--awb-border-radius-bottom-right:0px;--awb-border-radius-bottom-left:0px;--awb-flex-wrap:wrap;\" ><div class=\"fusion-builder-row fusion-row fusion-flex-align-items-flex-start fusion-flex-content-wrap\" style=\"max-width:1216.8px;margin-left: calc(-4% \/ 2 );margin-right: calc(-4% \/ 2 );\"><div class=\"fusion-layout-column fusion_builder_column fusion-builder-column-0 fusion_builder_column_1_1 1_1 fusion-flex-column\" style=\"--awb-bg-size:cover;--awb-width-large:100%;--awb-margin-top-large:0px;--awb-spacing-right-large:1.92%;--awb-margin-bottom-large:0px;--awb-spacing-left-large:1.92%;--awb-width-medium:100%;--awb-spacing-right-medium:1.92%;--awb-spacing-left-medium:1.92%;--awb-width-small:100%;--awb-spacing-right-small:1.92%;--awb-spacing-left-small:1.92%;\"><div class=\"fusion-column-wrapper fusion-flex-justify-content-flex-start fusion-content-layout-column\"><div class=\"fusion-text fusion-text-1\"><p><!DOCTYPE html><br \/>\n<html lang=\"pl\"><br \/>\n<head><br \/>\n    <meta charset=\"UTF-8\"><br \/>\n    <meta name=\"viewport\" content=\"width=device-width, initial-scale=1.0\">\n    <link rel=\"stylesheet\" href=\"https:\/\/preis-zone.com\/data\/include\/cms\/1.-style-css\/style_dlugi_DV.css?v=1744613556021\">\n    <title>Rozdzielnica budowlana na stojaku z na\u015bwietlaczem eXT S\/FI SET 32A 2x16A 4x230V schuko Doktorvolt DV-0027-D<\/title><br \/>\n<\/head><br \/>\n<body><\/p>\n<h1 class=\"title-h1\"><span>Rozdzielnica budowlana na stojaku z na\u015bwietlaczem eXT S\/FI SET 32A 2x16A 4x230V schuko Doktorvolt DV-0027-D<\/span><\/h1>\n<h4 class=\"title-h4\"><span>Solidna rozdzielnica budowlana z o\u015bwietleniem LED, stojakiem i niemieckim systemem gniazd Schuko. Idealna do zastosowa\u0144 na budowie, w przemy\u015ble i podczas imprez plenerowych.<\/span><\/h4>\n<div><img decoding=\"async\" class=\"full-width-img\" src=\"https:\/\/shop38554-1.yourtechnicaldomain.com\/data\/include\/cms\/1-zdjecia-produktow\/DOKTORVOLT\/DV-4995-EV\/ikonka_zielona_z_literka_D_biala.png?v=1729773346118\" border=\"0\" width=\"1900\" height=\"30\"><\/div>\n<div class=\"section-wrapper\">\n<div class=\"section-text\">\n<div class=\"max-width-500\">\n<h2 class=\"section-heading\"><strong>Wyposa\u017cenie i funkcje<\/strong><\/h2>\n<\/p>\n<\/div>\n<div class=\"section-description\"><span><br \/>\n    <strong>Rozdzielnica<\/strong> zawiera <strong>gniazda 230V i 400V<\/strong>, <strong>zabezpieczenia nadpr\u0105dowe i r\u00f3\u017cnicowopr\u0105dowe<\/strong>, <strong>kabel zasilaj\u0105cy<\/strong>, a ca\u0142o\u015b\u0107 osadzona jest na <strong>solidnym stojaku z daszkiem i na\u015bwietlaczem LED<\/strong>.<br \/>\n    <\/span><\/div>\n<\/p>\n<\/div>\n<div><img decoding=\"async\" src=\"https:\/\/preis-zone.com\/hpeciai\/49c161cfcb8eeb9d894984db09eeb8a4\/16409_1.jpg?35374\" width=\"472\" height=\"472\" class=\"img-responsive\"><\/div>\n<\/div>\n<div><img decoding=\"async\" class=\"full-width-img\" src=\"https:\/\/shop38554-1.yourtechnicaldomain.com\/data\/include\/cms\/1-zdjecia-produktow\/DOKTORVOLT\/DV-4995-EV\/ikonka_zielona_z_literka_D_biala.png?v=1729773346118\" border=\"0\" width=\"1900\" height=\"30\"><\/div>\n<div class=\"section-wrapper\">\n<div>\n<img decoding=\"async\" src=\"https:\/\/preis-zone.com\/hpeciai\/97590491a353beed792d464adfb4ffe4\/16409_2.jpg?14294\" width=\"472\" height=\"472\" class=\"img-responsive\">\n<\/div>\n<div class=\"section-text max-width-500\">\n<h2 class=\"section-heading\"><strong>Zastosowanie rozdzielnicy<\/strong><\/h2>\n<div class=\"section-description\"><span><br \/>\n    <strong>Produkt sprawdza si\u0119 na budowach, w przemy\u015ble, gara\u017cach i podczas event\u00f3w plenerowych<\/strong>. Dzi\u0119ki <strong>mobilno\u015bci i odporno\u015bci<\/strong> nadaje si\u0119 do <strong>wielu \u015brodowisk pracy<\/strong>.<br \/>\n    <\/span><\/div>\n<\/p>\n<\/div>\n<\/div>\n<div class=\"spec-wrapper\">\n<div class=\"spec-container\">\n<h2 class=\"spec-title\">Specyfikacja Techniczna<\/h2>\n<div class=\"spec-block\">\n<div class=\"spec-text\">\n<h2 class=\"block-title\">Informacje Og\u00f3lne<\/h2>\n<p><strong>Model:<\/strong> DV-0027-D<\/p>\n<p><strong>EAN:<\/strong> 5905191010027<\/p>\n<p><strong>Oznaczenie serii produktu:<\/strong> SET<\/p>\n<p><strong>Producent:<\/strong> Doktorvolt<\/p>\n<\/p>\n<\/div>\n<div class=\"spec-image\">\n        <img decoding=\"async\" src=\"https:\/\/preis-zone.com\/hpeciai\/7144a6c63c98be76d48adf8edfa4c25e\/16409_3.jpg?62678\" alt=\"Obraz 1\" class=\"img-rounded\">\n      <\/div>\n<\/p>\n<\/div>\n<div class=\"spec-block row-reverse\">\n<div class=\"spec-text-left\">\n<h2 class=\"block-title\">Gniazda i Aparatura Zabezpieczeniowa<\/h2>\n<p><strong>Aparatura zabezpieczeniowa:<\/strong><br \/>\n        Wy\u0142\u0105cznik nadpr\u0105dowy MCB 2\u00d7 C16A 1P 10kA<br \/>\n        Wy\u0142\u0105cznik nadpr\u0105dowy MCB 1\u00d7 B10A 1P 6kA<br \/>\n        Wy\u0142\u0105cznik nadpr\u0105dowy MCB 2\u00d7 C16A 3P 10kA<br \/>\n        Wy\u0142\u0105cznik nadpr\u0105dowy MCB 1\u00d7 C32A 3P 10kA<br \/>\n        Wy\u0142\u0105cznik r\u00f3\u017cnicowopr\u0105dowy RCCB 1\u00d7 63A 30mA Typ A 4P 10kA\n        <\/p>\n<p><strong>Gniazda:<\/strong><br \/>\n        4\u00d7 230V 16A 2P+E IP54 SCHUKO<br \/>\n        2\u00d7 400V 16A 3P+N+PE 6h IP44 czerwone<br \/>\n        1\u00d7 400V 32A 3P+N+PE 6h IP44 czerwone\n        <\/p>\n<p><strong>Wtyczka:<\/strong> 63A 5P 400V IP67 PCE Typ 035-6 TWIST<\/p>\n<\/p>\n<\/div>\n<div class=\"spec-image\">\n        <img decoding=\"async\" src=\"https:\/\/preis-zone.com\/hpeciai\/6f5dfdb16a3a106f0a08ea8c664cf82e\/16409_4.jpg?81463\" alt=\"Obraz 2\" class=\"img-rounded\">\n      <\/div>\n<\/p>\n<\/div>\n<div class=\"spec-block\">\n<div class=\"spec-text\">\n<h2 class=\"block-title\">Obudowa i Parametry Fizyczne<\/h2>\n<p><strong>Wymiary obudowy:<\/strong> 535 x 290 x 200 mm<\/p>\n<p><strong>Ilo\u015b\u0107 modu\u0142\u00f3w:<\/strong> 26<\/p>\n<p><strong>Ilo\u015b\u0107 rz\u0119d\u00f3w:<\/strong> 2<\/p>\n<p><strong>Monta\u017c:<\/strong> Natynkowy<\/p>\n<p><strong>Kolor obudowy:<\/strong> Szary RAL 7035 (prz\u00f3d) \/ Czarny (ty\u0142)<\/p>\n<p><strong>Materia\u0142 obudowy:<\/strong> Tworzywo sztuczne<\/p>\n<p><strong>Materia\u0142 uszczelki:<\/strong> Pianka<\/p>\n<p><strong>D\u0142awica:<\/strong> 1x PG-29<\/p>\n<\/p>\n<\/div>\n<div class=\"spec-image\">\n        <img decoding=\"async\" src=\"https:\/\/preis-zone.com\/hpeciai\/832abba0491d4ebcf3c5b0e227de1e94\/16409_5.jpg?44942g\" alt=\"Obraz 3\" class=\"img-rounded\">\n      <\/div>\n<\/p>\n<\/div>\n<div class=\"spec-block row-reverse\">\n<div class=\"spec-text-left\">\n<h2 class=\"block-title\">Certyfikaty i Producent<\/h2>\n<p><strong>RDF:<\/strong> 0,7<\/p>\n<p><strong>Napi\u0119cie znamionowe obudowy:<\/strong> 1000V<\/p>\n<p><strong>Napi\u0119cie robocze rozdzielnicy:<\/strong> 230 \/ 400 V<\/p>\n<p><strong>Zdolno\u015b\u0107 zwarciowa (ICC):<\/strong> \u226410 kA<\/p>\n<p><strong>Certyfikaty i normy producenta:<\/strong> ISO 9001:2015<\/p>\n<p><strong>Certyfikaty i normy produktu:<\/strong> <br \/>CE<br \/> RoHS<br \/> CPR<br \/> zgodno\u015b\u0107 z IEC 61008 \/ IEC 60898<\/p>\n<\/p>\n<\/div>\n<div class=\"spec-image\">\n        <img decoding=\"async\" src=\"https:\/\/preis-zone.com\/hpeciai\/feb45d914051ad1d6919d196b91fcc8a\/16409_7.jpg?48955\" alt=\"Obraz 4\" class=\"img-rounded\">\n      <\/div>\n<\/p>\n<\/div>\n<\/div>\n<\/div>\n<div class=\"flex-wrapper\">\n<div class=\"content-block\">\n<div class=\"max-width-500\">\n<h2 class=\"h2-black\"><strong>Certyfikat = gwarancja jako\u015bci:<\/strong><\/h2>\n<\/p>\n<\/div>\n<div class=\"description-block\">\n            <span><br \/>\n                Produkty marki DOKTORVOLT s\u0105 rutynowo testowane, aby zapewni\u0107 najwy\u017csz\u0105 jako\u015b\u0107 produkt\u00f3w. Ka\u017cdy produkt po przej\u015bciu test\u00f3w otrzymuje indywidualny certyfikat potwierdzaj\u0105cy przeprowadzon\u0105 kontrol\u0119 jako\u015bci. Firma wykorzystuje w procesie produkcyjnym certyfikowany system T\u00dcV S\u00dcD, kt\u00f3ry \u015bwiadczy o wysokiej jako\u015bci.<br \/>\n            <\/span>\n        <\/div>\n<\/p>\n<\/div>\n<div>\n        <img decoding=\"async\" src=\"https:\/\/preis-zone.pl\/hpeciai\/b50f6f067f4babe8391b5bab852c8573\/pol_pl_Rozdzielnica-budowlana-TD-S-FI-32A-16A-4x230V-Schuko-Doktorvolt-bez-zabezpieczen-6442-16969_12.jpg\" width=\"472\" height=\"472\" class=\"full-width-img\">\n    <\/div>\n<\/div>\n<div>\n    <img decoding=\"async\" class=\"full-width-img\" src=\"https:\/\/preis-zone.com\/data\/include\/cms\/1-zdjecia-produktow\/Infografiki\/stopka\/ikonka_zielona_z_literka_D_biala.png?v=1744364445983\" border=\"0\" width=\"1900\" height=\"30\">\n<\/div>\n<div class=\"flex-wrapper\">\n<div>\n        <img decoding=\"async\" src=\"https:\/\/shop38554-1.yourtechnicaldomain.com\/data\/include\/cms\/1-zdjecia-produktow\/Logo-IP\/IP_44.png?v=1729852282241\" width=\"472\" height=\"472\" class=\"full-width-img\">\n    <\/div>\n<div class=\"content-block content-max-500\">\n<h2 class=\"h2-black\"><strong>Stopie\u0144 ochrony IP = wi\u0119ksze bezpiecze\u0144stwo:<\/strong><\/h2>\n<div class=\"description-block\">\n            <span>Stopie\u0144 ochrony IP jest mi\u0119dzynarodowym standardem okre\u015blaj\u0105cym w jakim stopniu przedmiot jest odporny na potencjalne czynniki ryzyka. Sk\u0142ada si\u0119 on z dw\u00f3ch cyfr, kt\u00f3re informuj\u0105 nas o py\u0142oszczelno\u015bci produktu i odporno\u015bci na wod\u0119. Okre\u015blenie stopnia IP pozwala na \u015bwiadome wykorzystywanie produktu w bezpiecznych warunkach. Stopie\u0144 ochrony<strong> IP44<\/strong> m\u00f3wi nam, \u017ce urz\u0105dzenie:<\/p>\n<p>&#8211; jest chronione przed wnikaniem obiekt\u00f3w o wielko\u015bci wi\u0119kszej ni\u017c 1 mm<\/p>\n<p>&#8211; jest chronione przed wod\u0105 rozpryskuj\u0105c\u0105 si\u0119 z r\u00f3\u017cnych kierunk\u00f3w<\/span>\n        <\/div>\n<\/p>\n<\/div>\n<\/div>\n<div>\n    <img decoding=\"async\" class=\"full-width-img\" src=\"https:\/\/preis-zone.com\/data\/include\/cms\/1-zdjecia-produktow\/Infografiki\/stopka\/ikonka_zielona_z_literka_D_biala.png?v=1744364445983\" border=\"0\" width=\"1900\" height=\"30\">\n<\/div>\n<div class=\"column-center\">\n<h2 class=\"h2-center\">Zaufany producent:<\/h2>\n<p class=\"paragraph-large\">\n    \tFirma Doktorvolt\u00ae zosta\u0142a za\u0142o\u017cona w 2013 roku. Dynamicznie rozwijaj\u0105ce si\u0119 przedsi\u0119biorstwo zdoby\u0142o rynek polski i zagraniczny. Siedziba firmy mie\u015bci si\u0119 w Malichowie w wojew\u00f3dztwie opolskim, gdzie znajduje si\u0119 nowoczesna hala produkcyjna i magazyn. Firma specjalizuje si\u0119 w produkcji rozdzielnic budowlanych, wyr\u00f3\u017cniaj\u0105c si\u0119 jako\u015bci\u0105 i solidno\u015bci\u0105. Ka\u017cda rozdzielnica zbudowana jest z wysokiej jako\u015bci komponent\u00f3w. Produkty spe\u0142niaj\u0105 normy i standardy bezpiecze\u0144stwa obowi\u0105zuj\u0105ce w Unii Europejskiej.\n\t<\/p>\n<p>\t<img decoding=\"async\" src=\"https:\/\/shop38554-1.yourtechnicaldomain.com\/data\/include\/cms\/1-zdjecia-produktow\/doktorvolt-logo\/nowe.jpg?v=1729077634670\" alt=\"Doktorvolt Logo\" width=\"566\" height=\"155\" style=\"margin-top: 20px;\">\n<\/div>\n<p><\/body><br \/>\n<\/html><\/p>\n<\/div><\/div><\/div><\/div><\/div>\n","protected":false},"excerpt":{"rendered":"<p>Solidna rozdzielnica budowlana z o\u015bwietleniem LED, stojakiem i niemieckim systemem gniazd Schuko. Idealna do zastosowa\u0144 na budowie, w przemy\u015ble i podczas imprez plenerowych.<\/p>\n","protected":false},"featured_media":109048,"template":"","meta":[],"product_brand":[],"product_cat":[4966],"product_tag":[],"class_list":{"0":"post-110452","1":"product","2":"type-product","3":"status-publish","4":"has-post-thumbnail","6":"product_cat-set-series","7":"pa_cee-liczba-biegunow-modulow-5p","8":"pa_dodatkowe-wyposazenie-stand","9":"pa_material-obudowy-plastic","10":"pa_napiecie-cee-400v","11":"pa_natezenie-pradu-cee-32a","12":"pa_typ-gniazd-typ-f-schuko","13":"pa_zabezpieczenie-wylacznik-nadpradowy-wylacznik-roznicowopradowy","15":"first","16":"instock","17":"shipping-taxable","18":"product-type-external"},"yoast_head":"<!-- This site is optimized with the Yoast SEO plugin v27.0 - https:\/\/yoast.com\/product\/yoast-seo-wordpress\/ -->\n<title>Rozdzielnica budowlana na stojaku z na\u015bwietlaczem eXT S\/FI SET 32A 2x16A 4x230V schuko Doktorvolt DV-0027-D - DOKTORVOLT\u00ae<\/title>\n<meta name=\"robots\" content=\"index, follow, max-snippet:-1, max-image-preview:large, max-video-preview:-1\" \/>\n<link rel=\"canonical\" href=\"https:\/\/doktorvolt.pl\/en\/oferta-doktorvolt\/distribution-boxes\/set-series\/rozdzielnica-budowlana-na-stojaku-z-naswietlaczem-ext-s-fi-set-32a-2x16a-4x230v-schuko-doktorvolt-dv-0027-d\/\" \/>\n<meta property=\"og:locale\" content=\"en_US\" \/>\n<meta property=\"og:type\" content=\"article\" \/>\n<meta property=\"og:title\" content=\"Rozdzielnica budowlana na stojaku z na\u015bwietlaczem eXT S\/FI SET 32A 2x16A 4x230V schuko Doktorvolt DV-0027-D - DOKTORVOLT\u00ae\" \/>\n<meta property=\"og:description\" content=\"Solidna rozdzielnica budowlana z o\u015bwietleniem LED, stojakiem i niemieckim systemem gniazd Schuko. Idealna do zastosowa\u0144 na budowie, w przemy\u015ble i podczas imprez plenerowych.\" \/>\n<meta property=\"og:url\" content=\"https:\/\/doktorvolt.pl\/en\/oferta-doktorvolt\/distribution-boxes\/set-series\/rozdzielnica-budowlana-na-stojaku-z-naswietlaczem-ext-s-fi-set-32a-2x16a-4x230v-schuko-doktorvolt-dv-0027-d\/\" \/>\n<meta property=\"og:site_name\" content=\"DOKTORVOLT\u00ae\" \/>\n<meta property=\"og:image\" content=\"https:\/\/doktorvolt.pl\/wp-content\/uploads\/2026\/02\/1-5.jpg\" \/>\n\t<meta property=\"og:image:width\" content=\"1000\" \/>\n\t<meta property=\"og:image:height\" content=\"1000\" \/>\n\t<meta property=\"og:image:type\" content=\"image\/jpeg\" \/>\n<meta name=\"twitter:card\" content=\"summary_large_image\" \/>\n<meta name=\"twitter:label1\" content=\"Est. reading time\" \/>\n\t<meta name=\"twitter:data1\" content=\"4 minutes\" \/>\n<script type=\"application\/ld+json\" class=\"yoast-schema-graph\">{\"@context\":\"https:\/\/schema.org\",\"@graph\":[{\"@type\":\"WebPage\",\"@id\":\"https:\/\/doktorvolt.pl\/en\/oferta-doktorvolt\/distribution-boxes\/set-series\/rozdzielnica-budowlana-na-stojaku-z-naswietlaczem-ext-s-fi-set-32a-2x16a-4x230v-schuko-doktorvolt-dv-0027-d\/\",\"url\":\"https:\/\/doktorvolt.pl\/en\/oferta-doktorvolt\/distribution-boxes\/set-series\/rozdzielnica-budowlana-na-stojaku-z-naswietlaczem-ext-s-fi-set-32a-2x16a-4x230v-schuko-doktorvolt-dv-0027-d\/\",\"name\":\"Rozdzielnica budowlana na stojaku z na\u015bwietlaczem eXT S\/FI SET 32A 2x16A 4x230V schuko Doktorvolt DV-0027-D - DOKTORVOLT\u00ae\",\"isPartOf\":{\"@id\":\"https:\/\/doktorvolt.pl\/de\/#website\"},\"primaryImageOfPage\":{\"@id\":\"https:\/\/doktorvolt.pl\/en\/oferta-doktorvolt\/distribution-boxes\/set-series\/rozdzielnica-budowlana-na-stojaku-z-naswietlaczem-ext-s-fi-set-32a-2x16a-4x230v-schuko-doktorvolt-dv-0027-d\/#primaryimage\"},\"image\":{\"@id\":\"https:\/\/doktorvolt.pl\/en\/oferta-doktorvolt\/distribution-boxes\/set-series\/rozdzielnica-budowlana-na-stojaku-z-naswietlaczem-ext-s-fi-set-32a-2x16a-4x230v-schuko-doktorvolt-dv-0027-d\/#primaryimage\"},\"thumbnailUrl\":\"https:\/\/doktorvolt.pl\/wp-content\/uploads\/2026\/02\/1-5.jpg\",\"datePublished\":\"2026-02-24T09:48:40+00:00\",\"breadcrumb\":{\"@id\":\"https:\/\/doktorvolt.pl\/en\/oferta-doktorvolt\/distribution-boxes\/set-series\/rozdzielnica-budowlana-na-stojaku-z-naswietlaczem-ext-s-fi-set-32a-2x16a-4x230v-schuko-doktorvolt-dv-0027-d\/#breadcrumb\"},\"inLanguage\":\"en-US\",\"potentialAction\":[{\"@type\":\"ReadAction\",\"target\":[\"https:\/\/doktorvolt.pl\/en\/oferta-doktorvolt\/distribution-boxes\/set-series\/rozdzielnica-budowlana-na-stojaku-z-naswietlaczem-ext-s-fi-set-32a-2x16a-4x230v-schuko-doktorvolt-dv-0027-d\/\"]}]},{\"@type\":\"ImageObject\",\"inLanguage\":\"en-US\",\"@id\":\"https:\/\/doktorvolt.pl\/en\/oferta-doktorvolt\/distribution-boxes\/set-series\/rozdzielnica-budowlana-na-stojaku-z-naswietlaczem-ext-s-fi-set-32a-2x16a-4x230v-schuko-doktorvolt-dv-0027-d\/#primaryimage\",\"url\":\"https:\/\/doktorvolt.pl\/wp-content\/uploads\/2026\/02\/1-5.jpg\",\"contentUrl\":\"https:\/\/doktorvolt.pl\/wp-content\/uploads\/2026\/02\/1-5.jpg\",\"width\":1000,\"height\":1000},{\"@type\":\"BreadcrumbList\",\"@id\":\"https:\/\/doktorvolt.pl\/en\/oferta-doktorvolt\/distribution-boxes\/set-series\/rozdzielnica-budowlana-na-stojaku-z-naswietlaczem-ext-s-fi-set-32a-2x16a-4x230v-schuko-doktorvolt-dv-0027-d\/#breadcrumb\",\"itemListElement\":[{\"@type\":\"ListItem\",\"position\":1,\"name\":\"Strona g\u0142\u00f3wna\",\"item\":\"https:\/\/doktorvolt.pl\/en\/\"},{\"@type\":\"ListItem\",\"position\":2,\"name\":\"Offer Doktorvolt\",\"item\":\"https:\/\/doktorvolt.pl\/en\/offer-doktorvolt\/\"},{\"@type\":\"ListItem\",\"position\":3,\"name\":\"Rozdzielnica budowlana na stojaku z na\u015bwietlaczem eXT S\/FI SET 32A 2x16A 4x230V schuko Doktorvolt DV-0027-D\"}]},{\"@type\":\"WebSite\",\"@id\":\"https:\/\/doktorvolt.pl\/de\/#website\",\"url\":\"https:\/\/doktorvolt.pl\/de\/\",\"name\":\"DOKTORVOLT\u00ae\",\"description\":\"Producent rozdzielnic budowlanych\",\"publisher\":{\"@id\":\"https:\/\/doktorvolt.pl\/de\/#organization\"},\"potentialAction\":[{\"@type\":\"SearchAction\",\"target\":{\"@type\":\"EntryPoint\",\"urlTemplate\":\"https:\/\/doktorvolt.pl\/de\/?s={search_term_string}\"},\"query-input\":{\"@type\":\"PropertyValueSpecification\",\"valueRequired\":true,\"valueName\":\"search_term_string\"}}],\"inLanguage\":\"en-US\"},{\"@type\":\"Organization\",\"@id\":\"https:\/\/doktorvolt.pl\/de\/#organization\",\"name\":\"DOKTORVOLT\u00ae\",\"url\":\"https:\/\/doktorvolt.pl\/de\/\",\"logo\":{\"@type\":\"ImageObject\",\"inLanguage\":\"en-US\",\"@id\":\"https:\/\/doktorvolt.pl\/de\/#\/schema\/logo\/image\/\",\"url\":\"https:\/\/doktorvolt.pl\/wp-content\/uploads\/2023\/10\/DoktorVOLT-black-png.png\",\"contentUrl\":\"https:\/\/doktorvolt.pl\/wp-content\/uploads\/2023\/10\/DoktorVOLT-black-png.png\",\"width\":729,\"height\":40,\"caption\":\"DOKTORVOLT\u00ae\"},\"image\":{\"@id\":\"https:\/\/doktorvolt.pl\/de\/#\/schema\/logo\/image\/\"}}]}<\/script>\n<!-- \/ Yoast SEO plugin. -->","yoast_head_json":{"title":"Rozdzielnica budowlana na stojaku z na\u015bwietlaczem eXT S\/FI SET 32A 2x16A 4x230V schuko Doktorvolt DV-0027-D - DOKTORVOLT\u00ae","robots":{"index":"index","follow":"follow","max-snippet":"max-snippet:-1","max-image-preview":"max-image-preview:large","max-video-preview":"max-video-preview:-1"},"canonical":"https:\/\/doktorvolt.pl\/en\/oferta-doktorvolt\/distribution-boxes\/set-series\/rozdzielnica-budowlana-na-stojaku-z-naswietlaczem-ext-s-fi-set-32a-2x16a-4x230v-schuko-doktorvolt-dv-0027-d\/","og_locale":"en_US","og_type":"article","og_title":"Rozdzielnica budowlana na stojaku z na\u015bwietlaczem eXT S\/FI SET 32A 2x16A 4x230V schuko Doktorvolt DV-0027-D - DOKTORVOLT\u00ae","og_description":"Solidna rozdzielnica budowlana z o\u015bwietleniem LED, stojakiem i niemieckim systemem gniazd Schuko. Idealna do zastosowa\u0144 na budowie, w przemy\u015ble i podczas imprez plenerowych.","og_url":"https:\/\/doktorvolt.pl\/en\/oferta-doktorvolt\/distribution-boxes\/set-series\/rozdzielnica-budowlana-na-stojaku-z-naswietlaczem-ext-s-fi-set-32a-2x16a-4x230v-schuko-doktorvolt-dv-0027-d\/","og_site_name":"DOKTORVOLT\u00ae","og_image":[{"width":1000,"height":1000,"url":"https:\/\/doktorvolt.pl\/wp-content\/uploads\/2026\/02\/1-5.jpg","type":"image\/jpeg"}],"twitter_card":"summary_large_image","twitter_misc":{"Est. reading time":"4 minutes"},"schema":{"@context":"https:\/\/schema.org","@graph":[{"@type":"WebPage","@id":"https:\/\/doktorvolt.pl\/en\/oferta-doktorvolt\/distribution-boxes\/set-series\/rozdzielnica-budowlana-na-stojaku-z-naswietlaczem-ext-s-fi-set-32a-2x16a-4x230v-schuko-doktorvolt-dv-0027-d\/","url":"https:\/\/doktorvolt.pl\/en\/oferta-doktorvolt\/distribution-boxes\/set-series\/rozdzielnica-budowlana-na-stojaku-z-naswietlaczem-ext-s-fi-set-32a-2x16a-4x230v-schuko-doktorvolt-dv-0027-d\/","name":"Rozdzielnica budowlana na stojaku z na\u015bwietlaczem eXT S\/FI SET 32A 2x16A 4x230V schuko Doktorvolt DV-0027-D - DOKTORVOLT\u00ae","isPartOf":{"@id":"https:\/\/doktorvolt.pl\/de\/#website"},"primaryImageOfPage":{"@id":"https:\/\/doktorvolt.pl\/en\/oferta-doktorvolt\/distribution-boxes\/set-series\/rozdzielnica-budowlana-na-stojaku-z-naswietlaczem-ext-s-fi-set-32a-2x16a-4x230v-schuko-doktorvolt-dv-0027-d\/#primaryimage"},"image":{"@id":"https:\/\/doktorvolt.pl\/en\/oferta-doktorvolt\/distribution-boxes\/set-series\/rozdzielnica-budowlana-na-stojaku-z-naswietlaczem-ext-s-fi-set-32a-2x16a-4x230v-schuko-doktorvolt-dv-0027-d\/#primaryimage"},"thumbnailUrl":"https:\/\/doktorvolt.pl\/wp-content\/uploads\/2026\/02\/1-5.jpg","datePublished":"2026-02-24T09:48:40+00:00","breadcrumb":{"@id":"https:\/\/doktorvolt.pl\/en\/oferta-doktorvolt\/distribution-boxes\/set-series\/rozdzielnica-budowlana-na-stojaku-z-naswietlaczem-ext-s-fi-set-32a-2x16a-4x230v-schuko-doktorvolt-dv-0027-d\/#breadcrumb"},"inLanguage":"en-US","potentialAction":[{"@type":"ReadAction","target":["https:\/\/doktorvolt.pl\/en\/oferta-doktorvolt\/distribution-boxes\/set-series\/rozdzielnica-budowlana-na-stojaku-z-naswietlaczem-ext-s-fi-set-32a-2x16a-4x230v-schuko-doktorvolt-dv-0027-d\/"]}]},{"@type":"ImageObject","inLanguage":"en-US","@id":"https:\/\/doktorvolt.pl\/en\/oferta-doktorvolt\/distribution-boxes\/set-series\/rozdzielnica-budowlana-na-stojaku-z-naswietlaczem-ext-s-fi-set-32a-2x16a-4x230v-schuko-doktorvolt-dv-0027-d\/#primaryimage","url":"https:\/\/doktorvolt.pl\/wp-content\/uploads\/2026\/02\/1-5.jpg","contentUrl":"https:\/\/doktorvolt.pl\/wp-content\/uploads\/2026\/02\/1-5.jpg","width":1000,"height":1000},{"@type":"BreadcrumbList","@id":"https:\/\/doktorvolt.pl\/en\/oferta-doktorvolt\/distribution-boxes\/set-series\/rozdzielnica-budowlana-na-stojaku-z-naswietlaczem-ext-s-fi-set-32a-2x16a-4x230v-schuko-doktorvolt-dv-0027-d\/#breadcrumb","itemListElement":[{"@type":"ListItem","position":1,"name":"Strona g\u0142\u00f3wna","item":"https:\/\/doktorvolt.pl\/en\/"},{"@type":"ListItem","position":2,"name":"Offer Doktorvolt","item":"https:\/\/doktorvolt.pl\/en\/offer-doktorvolt\/"},{"@type":"ListItem","position":3,"name":"Rozdzielnica budowlana na stojaku z na\u015bwietlaczem eXT S\/FI SET 32A 2x16A 4x230V schuko Doktorvolt DV-0027-D"}]},{"@type":"WebSite","@id":"https:\/\/doktorvolt.pl\/de\/#website","url":"https:\/\/doktorvolt.pl\/de\/","name":"DOKTORVOLT\u00ae","description":"Producent rozdzielnic budowlanych","publisher":{"@id":"https:\/\/doktorvolt.pl\/de\/#organization"},"potentialAction":[{"@type":"SearchAction","target":{"@type":"EntryPoint","urlTemplate":"https:\/\/doktorvolt.pl\/de\/?s={search_term_string}"},"query-input":{"@type":"PropertyValueSpecification","valueRequired":true,"valueName":"search_term_string"}}],"inLanguage":"en-US"},{"@type":"Organization","@id":"https:\/\/doktorvolt.pl\/de\/#organization","name":"DOKTORVOLT\u00ae","url":"https:\/\/doktorvolt.pl\/de\/","logo":{"@type":"ImageObject","inLanguage":"en-US","@id":"https:\/\/doktorvolt.pl\/de\/#\/schema\/logo\/image\/","url":"https:\/\/doktorvolt.pl\/wp-content\/uploads\/2023\/10\/DoktorVOLT-black-png.png","contentUrl":"https:\/\/doktorvolt.pl\/wp-content\/uploads\/2023\/10\/DoktorVOLT-black-png.png","width":729,"height":40,"caption":"DOKTORVOLT\u00ae"},"image":{"@id":"https:\/\/doktorvolt.pl\/de\/#\/schema\/logo\/image\/"}}]}},"_links":{"self":[{"href":"https:\/\/doktorvolt.pl\/en\/wp-json\/wp\/v2\/product\/110452","targetHints":{"allow":["GET"]}}],"collection":[{"href":"https:\/\/doktorvolt.pl\/en\/wp-json\/wp\/v2\/product"}],"about":[{"href":"https:\/\/doktorvolt.pl\/en\/wp-json\/wp\/v2\/types\/product"}],"wp:featuredmedia":[{"embeddable":true,"href":"https:\/\/doktorvolt.pl\/en\/wp-json\/wp\/v2\/media\/109048"}],"wp:attachment":[{"href":"https:\/\/doktorvolt.pl\/en\/wp-json\/wp\/v2\/media?parent=110452"}],"wp:term":[{"taxonomy":"product_brand","embeddable":true,"href":"https:\/\/doktorvolt.pl\/en\/wp-json\/wp\/v2\/product_brand?post=110452"},{"taxonomy":"product_cat","embeddable":true,"href":"https:\/\/doktorvolt.pl\/en\/wp-json\/wp\/v2\/product_cat?post=110452"},{"taxonomy":"product_tag","embeddable":true,"href":"https:\/\/doktorvolt.pl\/en\/wp-json\/wp\/v2\/product_tag?post=110452"}],"curies":[{"name":"wp","href":"https:\/\/api.w.org\/{rel}","templated":true}]}}