{"id":110458,"date":"2026-02-24T10:26:37","date_gmt":"2026-02-24T08:26:37","guid":{"rendered":"https:\/\/doktorvolt.pl\/sklep\/uncategorized\/ogranicznik-przepiec-ochronnik-2p-320v-ac-t1-t2-doktorvolt-0775\/"},"modified":"2026-02-24T10:26:37","modified_gmt":"2026-02-24T08:26:37","slug":"ogranicznik-przepiec-ochronnik-2p-320v-ac-t1-t2-doktorvolt-0775","status":"publish","type":"product","link":"https:\/\/doktorvolt.pl\/en\/oferta-doktorvolt\/modular-apparatus\/surge-protective-devices\/ogranicznik-przepiec-ochronnik-2p-320v-ac-t1-t2-doktorvolt-0775\/","title":{"rendered":"Ogranicznik przepi\u0119\u0107 ochronnik 2P 320V AC T1 T2 Doktorvolt 0775"},"content":{"rendered":"<h1 style=\"font-size: 13pt; text-align: center;\"><span style=\"color: #000000;\">Ogranicznik przepi\u0119\u0107 ochronnik 320 V AC<\/span><br \/><span style=\"color: #000000;\">2P 20-50 kA klasy T1+T2<\/span><\/h1>\n<p style=\"font-size: 13pt; text-align: justify;\"><span style=\"color: #000000;\"><strong>Ogranicznik przepi\u0119\u0107<\/strong> to urz\u0105dzenie ochraniaj\u0105ce przed przej\u015bciowymi przepi\u0119ciami, ograniczaj\u0105cymi cz\u0119stotliwo\u015b\u0107 oraz czas trwania pr\u0105du nast\u0119pczego. Urz\u0105dzenia nazywane s\u0105 te\u017c odgromnikami, ochronnikami przepi\u0119ciowymi czy warrystorami. Ograniczniki przepi\u0119\u0107 chroni\u0105 pod\u0142\u0105czone do sieci urz\u0105dzenia, s\u0105 te\u017c niezb\u0119dnym elementem ochrony instalacji solarnych.<\/span><\/p>\n<p style=\"font-size: 13pt; text-align: justify;\"><span style=\"color: #000000;\"><strong>Urz\u0105dzenie to jest kombinacj\u0105 dw\u00f3ch rodzaj\u00f3w ochronnik\u00f3w<\/strong>: typu 1 (T1), kt\u00f3ry radzi sobie z bardzo du\u017cymi przepi\u0119ciami bezpo\u015brednimi, i typu 2 (T2), kt\u00f3ry jest przeznaczony do ochrony przed przepi\u0119ciami po\u015brednimi lub prze\u0142\u0105czeniowymi.<\/span><\/p>\n<p style=\"font-size: 13pt; text-align: justify;\"><span style=\"color: #000000;\"><strong>Cechy ogranicznika przepi\u0119\u0107<\/strong>\u00a0<\/span><\/p>\n<ul>\n<li style=\"font-size: 13pt; text-align: left;\"><span style=\"color: #000000;\">Ochrona urz\u0105dze\u0144 instalacji elektrycznej przed skutkami przepi\u0119\u0107<\/span><\/li>\n<li style=\"font-size: 13pt; text-align: left;\"><span style=\"color: #000000;\">Ochrona instalacji fotowoltaicznych i urz\u0105dze\u0144 pod\u0142\u0105czonych<\/span><\/li>\n<li style=\"font-size: 13pt; text-align: left;\"><span style=\"color: #000000;\">Typ ogranicznika T1+T2<\/span><\/li>\n<li style=\"font-size: 13pt; text-align: left;\"><span style=\"color: #000000;\">Monta\u017c na szynie DIN (TH\/TS 35)<\/span><\/li>\n<li style=\"font-size: 13pt; text-align: left;\"><span style=\"color: #000000;\">Zgodny z norm\u0105 IEC (EN) 61643-11<\/span><\/li>\n<li style=\"font-size: 13pt; text-align: left;\"><span style=\"color: #000000;\">2-modu\u0142owy<\/span><\/li>\n<li style=\"font-size: 13pt; text-align: left;\"><span style=\"color: #000000;\">Napi\u0119cie znamionowe 320 V AC\u00a0<\/span><\/li>\n<li style=\"font-size: 13pt; text-align: left;\"><span style=\"color: #000000;\">Wymagane zabezpieczenie\u00a0<\/span><\/li>\n<li style=\"font-size: 13pt; text-align: left;\"><span style=\"color: #000000;\">Napi\u0119ciowy poziom ochrony do 1.8 kV<\/span><\/li>\n<li style=\"font-size: 13pt; text-align: left;\"><span style=\"color: #000000;\"><span style=\"color: #000000;\">Wyposa\u017cony w dodatkowy styk 1x NO 1x NC<br \/><\/span><\/span>\n<p style=\"font-size: 13pt; text-align: center;\"><strong><span style=\"color: #000000;\">&#x2757; Dob\u00f3r i instalacja ogranicznik\u00f3w przepi\u0119\u0107 dokonywane mog\u0105 by\u0107 wy\u0142\u0105cznie przez osoby uprawnione, wykwalifikowane oraz zale\u017c\u0105 od typu zastosowanej instalacji odgromowej jak i typu sieci. &#x2757;<\/span><\/strong><\/p>\n<\/li>\n<\/ul>\n<p style=\"font-size: 13pt; text-align: justify;\"><strong><span style=\"color: #000000;\">Dane techniczne<\/span><\/strong><\/p>\n<ul>\n<li style=\"font-size: 13pt; text-align: left;\">zastosowanie- <strong>do ochrony urz\u0105dze\u0144 elektrycznych instalacji fotowoltaicznej przez skutkami przepi\u0119\u0107 ochrony instalacji przed napi\u0119ciami indukowanymi, \u0142\u0105czeniowymi, \u0142\u0105czeniowymi oraz wywo\u0142anymi przez czynniki atmosferyczne<\/strong><\/li>\n<li style=\"font-size: 13pt; text-align: left;\">wska\u017anik dzia\u0142ania- <strong>zielony ochrona, czerwony brak ochrony<\/strong><\/li>\n<li style=\"font-size: 13pt; text-align: left;\"><span style=\"color: #000000;\">klasa ochrony- <strong>T1+T2<\/strong><\/span><\/li>\n<li style=\"font-size: 13pt; text-align: left;\"><span style=\"color: #000000;\">liczba modu\u0142\u00f3w- <strong>2<\/strong><\/span><\/li>\n<li style=\"font-size: 13pt; text-align: left;\"><span style=\"color: #000000;\">spe\u0142nienie wymog\u00f3w klasy- <strong>T1+T2<\/strong><\/span><\/li>\n<li style=\"font-size: 13pt; text-align: left;\"><span style=\"color: #000000;\">maksymalne napi\u0119cie pracy- <strong>Uc 320 V AC<\/strong><\/span><\/li>\n<li style=\"font-size: 13pt; text-align: left;\"><span style=\"color: #000000;\">pr\u0105d pr\u00f3bny (8\/20) In- <strong>20 kA<\/strong><\/span><\/li>\n<li style=\"font-size: 13pt; text-align: left;\"><span style=\"color: #000000;\">pr\u0105d max. (8\/20) Imax- <strong>50 kA<\/strong><\/span><\/li>\n<li style=\"font-size: 13pt; text-align: left;\"><span style=\"color: #000000;\">napi\u0119ciowy poziom ochrony Up- <strong>\u2264 1.8 kV<\/strong><\/span><\/li>\n<li style=\"font-size: 13pt; text-align: left;\"><span style=\"color: #000000;\">klasa szczelno\u015bci- <strong>IP20<\/strong><\/span><\/li>\n<li style=\"font-size: 13pt; text-align: left;\"><span style=\"color: #000000;\">monta\u017c- <strong>na szynie DIN (TH\/TS 35)<\/strong><\/span><\/li>\n<li style=\"font-size: 13pt; text-align: left;\"><span style=\"color: #000000;\">deklaracje- <strong>CE, IEC61643-11<\/strong><\/span><\/li>\n<li style=\"font-size: 13pt; text-align: left;\"><span style=\"color: #000000;\">marka- <strong>Doktorvolt<\/strong><\/span><\/li>\n<li style=\"font-size: 13pt; text-align: left;\"><span style=\"color: #000000;\">numer katalogowy- <strong>DV-0775<\/strong><\/span><\/li>\n<\/ul>\n","protected":false},"excerpt":{"rendered":"<p>Ogranicznik przepi\u0119\u0107 to urz\u0105dzenie ochraniaj\u0105ce przed przej\u015bciowymi przepi\u0119ciami, ograniczaj\u0105cymi cz\u0119stotliwo\u015b\u0107 oraz czas trwania pr\u0105du nast\u0119pczego.<\/p>\n","protected":false},"featured_media":108825,"template":"","meta":[],"product_brand":[],"product_cat":[4980],"product_tag":[],"class_list":{"0":"post-110458","1":"product","2":"type-product","3":"status-publish","4":"has-post-thumbnail","6":"product_cat-surge-protective-devices","7":"pa_liczba-biegunow-2p","8":"pa_ochrona-przepieciowa-ac","9":"pa_typ-spd-t1-t2","11":"first","12":"instock","13":"shipping-taxable","14":"product-type-external"},"yoast_head":"<!-- This site is optimized with the Yoast SEO plugin v27.0 - https:\/\/yoast.com\/product\/yoast-seo-wordpress\/ -->\n<title>Ogranicznik przepi\u0119\u0107 ochronnik 2P 320V AC T1 T2 Doktorvolt 0775 - DOKTORVOLT\u00ae<\/title>\n<meta name=\"robots\" content=\"index, follow, max-snippet:-1, max-image-preview:large, max-video-preview:-1\" \/>\n<link rel=\"canonical\" href=\"https:\/\/doktorvolt.pl\/en\/oferta-doktorvolt\/modular-apparatus\/surge-protective-devices\/ogranicznik-przepiec-ochronnik-2p-320v-ac-t1-t2-doktorvolt-0775\/\" \/>\n<meta property=\"og:locale\" content=\"en_US\" \/>\n<meta property=\"og:type\" content=\"article\" \/>\n<meta property=\"og:title\" content=\"Ogranicznik przepi\u0119\u0107 ochronnik 2P 320V AC T1 T2 Doktorvolt 0775 - DOKTORVOLT\u00ae\" \/>\n<meta property=\"og:description\" content=\"Ogranicznik przepi\u0119\u0107 to urz\u0105dzenie ochraniaj\u0105ce przed przej\u015bciowymi przepi\u0119ciami, ograniczaj\u0105cymi cz\u0119stotliwo\u015b\u0107 oraz czas trwania pr\u0105du nast\u0119pczego.\" \/>\n<meta property=\"og:url\" content=\"https:\/\/doktorvolt.pl\/en\/oferta-doktorvolt\/modular-apparatus\/surge-protective-devices\/ogranicznik-przepiec-ochronnik-2p-320v-ac-t1-t2-doktorvolt-0775\/\" \/>\n<meta property=\"og:site_name\" content=\"DOKTORVOLT\u00ae\" \/>\n<meta property=\"og:image\" content=\"https:\/\/doktorvolt.pl\/wp-content\/uploads\/2026\/02\/pol_pl_16886-16886_1.jpg\" \/>\n\t<meta property=\"og:image:width\" content=\"1000\" \/>\n\t<meta property=\"og:image:height\" content=\"1000\" \/>\n\t<meta property=\"og:image:type\" content=\"image\/jpeg\" \/>\n<meta name=\"twitter:card\" content=\"summary_large_image\" \/>\n<meta name=\"twitter:label1\" content=\"Est. reading time\" \/>\n\t<meta name=\"twitter:data1\" content=\"1 minute\" \/>\n<script type=\"application\/ld+json\" class=\"yoast-schema-graph\">{\"@context\":\"https:\/\/schema.org\",\"@graph\":[{\"@type\":\"WebPage\",\"@id\":\"https:\/\/doktorvolt.pl\/en\/oferta-doktorvolt\/modular-apparatus\/surge-protective-devices\/ogranicznik-przepiec-ochronnik-2p-320v-ac-t1-t2-doktorvolt-0775\/\",\"url\":\"https:\/\/doktorvolt.pl\/en\/oferta-doktorvolt\/modular-apparatus\/surge-protective-devices\/ogranicznik-przepiec-ochronnik-2p-320v-ac-t1-t2-doktorvolt-0775\/\",\"name\":\"Ogranicznik przepi\u0119\u0107 ochronnik 2P 320V AC T1 T2 Doktorvolt 0775 - DOKTORVOLT\u00ae\",\"isPartOf\":{\"@id\":\"https:\/\/doktorvolt.pl\/de\/#website\"},\"primaryImageOfPage\":{\"@id\":\"https:\/\/doktorvolt.pl\/en\/oferta-doktorvolt\/modular-apparatus\/surge-protective-devices\/ogranicznik-przepiec-ochronnik-2p-320v-ac-t1-t2-doktorvolt-0775\/#primaryimage\"},\"image\":{\"@id\":\"https:\/\/doktorvolt.pl\/en\/oferta-doktorvolt\/modular-apparatus\/surge-protective-devices\/ogranicznik-przepiec-ochronnik-2p-320v-ac-t1-t2-doktorvolt-0775\/#primaryimage\"},\"thumbnailUrl\":\"https:\/\/doktorvolt.pl\/wp-content\/uploads\/2026\/02\/pol_pl_16886-16886_1.jpg\",\"datePublished\":\"2026-02-24T08:26:37+00:00\",\"breadcrumb\":{\"@id\":\"https:\/\/doktorvolt.pl\/en\/oferta-doktorvolt\/modular-apparatus\/surge-protective-devices\/ogranicznik-przepiec-ochronnik-2p-320v-ac-t1-t2-doktorvolt-0775\/#breadcrumb\"},\"inLanguage\":\"en-US\",\"potentialAction\":[{\"@type\":\"ReadAction\",\"target\":[\"https:\/\/doktorvolt.pl\/en\/oferta-doktorvolt\/modular-apparatus\/surge-protective-devices\/ogranicznik-przepiec-ochronnik-2p-320v-ac-t1-t2-doktorvolt-0775\/\"]}]},{\"@type\":\"ImageObject\",\"inLanguage\":\"en-US\",\"@id\":\"https:\/\/doktorvolt.pl\/en\/oferta-doktorvolt\/modular-apparatus\/surge-protective-devices\/ogranicznik-przepiec-ochronnik-2p-320v-ac-t1-t2-doktorvolt-0775\/#primaryimage\",\"url\":\"https:\/\/doktorvolt.pl\/wp-content\/uploads\/2026\/02\/pol_pl_16886-16886_1.jpg\",\"contentUrl\":\"https:\/\/doktorvolt.pl\/wp-content\/uploads\/2026\/02\/pol_pl_16886-16886_1.jpg\",\"width\":1000,\"height\":1000},{\"@type\":\"BreadcrumbList\",\"@id\":\"https:\/\/doktorvolt.pl\/en\/oferta-doktorvolt\/modular-apparatus\/surge-protective-devices\/ogranicznik-przepiec-ochronnik-2p-320v-ac-t1-t2-doktorvolt-0775\/#breadcrumb\",\"itemListElement\":[{\"@type\":\"ListItem\",\"position\":1,\"name\":\"Strona g\u0142\u00f3wna\",\"item\":\"https:\/\/doktorvolt.pl\/en\/\"},{\"@type\":\"ListItem\",\"position\":2,\"name\":\"Offer Doktorvolt\",\"item\":\"https:\/\/doktorvolt.pl\/en\/offer-doktorvolt\/\"},{\"@type\":\"ListItem\",\"position\":3,\"name\":\"Ogranicznik przepi\u0119\u0107 ochronnik 2P 320V AC T1 T2 Doktorvolt 0775\"}]},{\"@type\":\"WebSite\",\"@id\":\"https:\/\/doktorvolt.pl\/de\/#website\",\"url\":\"https:\/\/doktorvolt.pl\/de\/\",\"name\":\"DOKTORVOLT\u00ae\",\"description\":\"Producent rozdzielnic budowlanych\",\"publisher\":{\"@id\":\"https:\/\/doktorvolt.pl\/de\/#organization\"},\"potentialAction\":[{\"@type\":\"SearchAction\",\"target\":{\"@type\":\"EntryPoint\",\"urlTemplate\":\"https:\/\/doktorvolt.pl\/de\/?s={search_term_string}\"},\"query-input\":{\"@type\":\"PropertyValueSpecification\",\"valueRequired\":true,\"valueName\":\"search_term_string\"}}],\"inLanguage\":\"en-US\"},{\"@type\":\"Organization\",\"@id\":\"https:\/\/doktorvolt.pl\/de\/#organization\",\"name\":\"DOKTORVOLT\u00ae\",\"url\":\"https:\/\/doktorvolt.pl\/de\/\",\"logo\":{\"@type\":\"ImageObject\",\"inLanguage\":\"en-US\",\"@id\":\"https:\/\/doktorvolt.pl\/de\/#\/schema\/logo\/image\/\",\"url\":\"https:\/\/doktorvolt.pl\/wp-content\/uploads\/2023\/10\/DoktorVOLT-black-png.png\",\"contentUrl\":\"https:\/\/doktorvolt.pl\/wp-content\/uploads\/2023\/10\/DoktorVOLT-black-png.png\",\"width\":729,\"height\":40,\"caption\":\"DOKTORVOLT\u00ae\"},\"image\":{\"@id\":\"https:\/\/doktorvolt.pl\/de\/#\/schema\/logo\/image\/\"}}]}<\/script>\n<!-- \/ Yoast SEO plugin. -->","yoast_head_json":{"title":"Ogranicznik przepi\u0119\u0107 ochronnik 2P 320V AC T1 T2 Doktorvolt 0775 - DOKTORVOLT\u00ae","robots":{"index":"index","follow":"follow","max-snippet":"max-snippet:-1","max-image-preview":"max-image-preview:large","max-video-preview":"max-video-preview:-1"},"canonical":"https:\/\/doktorvolt.pl\/en\/oferta-doktorvolt\/modular-apparatus\/surge-protective-devices\/ogranicznik-przepiec-ochronnik-2p-320v-ac-t1-t2-doktorvolt-0775\/","og_locale":"en_US","og_type":"article","og_title":"Ogranicznik przepi\u0119\u0107 ochronnik 2P 320V AC T1 T2 Doktorvolt 0775 - DOKTORVOLT\u00ae","og_description":"Ogranicznik przepi\u0119\u0107 to urz\u0105dzenie ochraniaj\u0105ce przed przej\u015bciowymi przepi\u0119ciami, ograniczaj\u0105cymi cz\u0119stotliwo\u015b\u0107 oraz czas trwania pr\u0105du nast\u0119pczego.","og_url":"https:\/\/doktorvolt.pl\/en\/oferta-doktorvolt\/modular-apparatus\/surge-protective-devices\/ogranicznik-przepiec-ochronnik-2p-320v-ac-t1-t2-doktorvolt-0775\/","og_site_name":"DOKTORVOLT\u00ae","og_image":[{"width":1000,"height":1000,"url":"https:\/\/doktorvolt.pl\/wp-content\/uploads\/2026\/02\/pol_pl_16886-16886_1.jpg","type":"image\/jpeg"}],"twitter_card":"summary_large_image","twitter_misc":{"Est. reading time":"1 minute"},"schema":{"@context":"https:\/\/schema.org","@graph":[{"@type":"WebPage","@id":"https:\/\/doktorvolt.pl\/en\/oferta-doktorvolt\/modular-apparatus\/surge-protective-devices\/ogranicznik-przepiec-ochronnik-2p-320v-ac-t1-t2-doktorvolt-0775\/","url":"https:\/\/doktorvolt.pl\/en\/oferta-doktorvolt\/modular-apparatus\/surge-protective-devices\/ogranicznik-przepiec-ochronnik-2p-320v-ac-t1-t2-doktorvolt-0775\/","name":"Ogranicznik przepi\u0119\u0107 ochronnik 2P 320V AC T1 T2 Doktorvolt 0775 - DOKTORVOLT\u00ae","isPartOf":{"@id":"https:\/\/doktorvolt.pl\/de\/#website"},"primaryImageOfPage":{"@id":"https:\/\/doktorvolt.pl\/en\/oferta-doktorvolt\/modular-apparatus\/surge-protective-devices\/ogranicznik-przepiec-ochronnik-2p-320v-ac-t1-t2-doktorvolt-0775\/#primaryimage"},"image":{"@id":"https:\/\/doktorvolt.pl\/en\/oferta-doktorvolt\/modular-apparatus\/surge-protective-devices\/ogranicznik-przepiec-ochronnik-2p-320v-ac-t1-t2-doktorvolt-0775\/#primaryimage"},"thumbnailUrl":"https:\/\/doktorvolt.pl\/wp-content\/uploads\/2026\/02\/pol_pl_16886-16886_1.jpg","datePublished":"2026-02-24T08:26:37+00:00","breadcrumb":{"@id":"https:\/\/doktorvolt.pl\/en\/oferta-doktorvolt\/modular-apparatus\/surge-protective-devices\/ogranicznik-przepiec-ochronnik-2p-320v-ac-t1-t2-doktorvolt-0775\/#breadcrumb"},"inLanguage":"en-US","potentialAction":[{"@type":"ReadAction","target":["https:\/\/doktorvolt.pl\/en\/oferta-doktorvolt\/modular-apparatus\/surge-protective-devices\/ogranicznik-przepiec-ochronnik-2p-320v-ac-t1-t2-doktorvolt-0775\/"]}]},{"@type":"ImageObject","inLanguage":"en-US","@id":"https:\/\/doktorvolt.pl\/en\/oferta-doktorvolt\/modular-apparatus\/surge-protective-devices\/ogranicznik-przepiec-ochronnik-2p-320v-ac-t1-t2-doktorvolt-0775\/#primaryimage","url":"https:\/\/doktorvolt.pl\/wp-content\/uploads\/2026\/02\/pol_pl_16886-16886_1.jpg","contentUrl":"https:\/\/doktorvolt.pl\/wp-content\/uploads\/2026\/02\/pol_pl_16886-16886_1.jpg","width":1000,"height":1000},{"@type":"BreadcrumbList","@id":"https:\/\/doktorvolt.pl\/en\/oferta-doktorvolt\/modular-apparatus\/surge-protective-devices\/ogranicznik-przepiec-ochronnik-2p-320v-ac-t1-t2-doktorvolt-0775\/#breadcrumb","itemListElement":[{"@type":"ListItem","position":1,"name":"Strona g\u0142\u00f3wna","item":"https:\/\/doktorvolt.pl\/en\/"},{"@type":"ListItem","position":2,"name":"Offer Doktorvolt","item":"https:\/\/doktorvolt.pl\/en\/offer-doktorvolt\/"},{"@type":"ListItem","position":3,"name":"Ogranicznik przepi\u0119\u0107 ochronnik 2P 320V AC T1 T2 Doktorvolt 0775"}]},{"@type":"WebSite","@id":"https:\/\/doktorvolt.pl\/de\/#website","url":"https:\/\/doktorvolt.pl\/de\/","name":"DOKTORVOLT\u00ae","description":"Producent rozdzielnic budowlanych","publisher":{"@id":"https:\/\/doktorvolt.pl\/de\/#organization"},"potentialAction":[{"@type":"SearchAction","target":{"@type":"EntryPoint","urlTemplate":"https:\/\/doktorvolt.pl\/de\/?s={search_term_string}"},"query-input":{"@type":"PropertyValueSpecification","valueRequired":true,"valueName":"search_term_string"}}],"inLanguage":"en-US"},{"@type":"Organization","@id":"https:\/\/doktorvolt.pl\/de\/#organization","name":"DOKTORVOLT\u00ae","url":"https:\/\/doktorvolt.pl\/de\/","logo":{"@type":"ImageObject","inLanguage":"en-US","@id":"https:\/\/doktorvolt.pl\/de\/#\/schema\/logo\/image\/","url":"https:\/\/doktorvolt.pl\/wp-content\/uploads\/2023\/10\/DoktorVOLT-black-png.png","contentUrl":"https:\/\/doktorvolt.pl\/wp-content\/uploads\/2023\/10\/DoktorVOLT-black-png.png","width":729,"height":40,"caption":"DOKTORVOLT\u00ae"},"image":{"@id":"https:\/\/doktorvolt.pl\/de\/#\/schema\/logo\/image\/"}}]}},"_links":{"self":[{"href":"https:\/\/doktorvolt.pl\/en\/wp-json\/wp\/v2\/product\/110458","targetHints":{"allow":["GET"]}}],"collection":[{"href":"https:\/\/doktorvolt.pl\/en\/wp-json\/wp\/v2\/product"}],"about":[{"href":"https:\/\/doktorvolt.pl\/en\/wp-json\/wp\/v2\/types\/product"}],"wp:featuredmedia":[{"embeddable":true,"href":"https:\/\/doktorvolt.pl\/en\/wp-json\/wp\/v2\/media\/108825"}],"wp:attachment":[{"href":"https:\/\/doktorvolt.pl\/en\/wp-json\/wp\/v2\/media?parent=110458"}],"wp:term":[{"taxonomy":"product_brand","embeddable":true,"href":"https:\/\/doktorvolt.pl\/en\/wp-json\/wp\/v2\/product_brand?post=110458"},{"taxonomy":"product_cat","embeddable":true,"href":"https:\/\/doktorvolt.pl\/en\/wp-json\/wp\/v2\/product_cat?post=110458"},{"taxonomy":"product_tag","embeddable":true,"href":"https:\/\/doktorvolt.pl\/en\/wp-json\/wp\/v2\/product_tag?post=110458"}],"curies":[{"name":"wp","href":"https:\/\/api.w.org\/{rel}","templated":true}]}}