{"id":110459,"date":"2026-02-24T10:26:16","date_gmt":"2026-02-24T08:26:16","guid":{"rendered":"https:\/\/doktorvolt.pl\/sklep\/uncategorized\/rozdzielnica-pv-fotowoltaiczna-solarna-2-stringowa-dc-1000v-t1-t2-pg-doktorvolt-4470\/"},"modified":"2026-02-24T10:26:16","modified_gmt":"2026-02-24T08:26:16","slug":"rozdzielnica-pv-fotowoltaiczna-solarna-2-stringowa-dc-1000v-t1-t2-pg-doktorvolt-4470","status":"publish","type":"product","link":"https:\/\/doktorvolt.pl\/en\/oferta-doktorvolt\/photovoltaic\/rozdzielnica-pv-fotowoltaiczna-solarna-2-stringowa-dc-1000v-t1-t2-pg-doktorvolt-4470\/","title":{"rendered":"Rozdzielnica PV Fotowoltaiczna Solarna 2\u2011Stringowa DC 1000V T1 T2 PG Doktorvolt 4470"},"content":{"rendered":"<h1 style=\"font-size: 13pt; text-align: center;\"><span style=\"color: #000000;\">Rozdzielnica fotowoltaiczna DV-7740 Doktorvolt<\/span><\/h1>\n<p style=\"font-size: 13pt; text-align: justify;\"><span style=\"color: #000000;\"><strong> Firma Doktorvolt<\/strong> specjalizuje si\u0119 w produkcji wysokiej jako\u015bci rozdzielnic budowlanychz gniazdami, rozdzielnic fotowoltaicznych oraz przed\u0142u\u017caczy. Na rynku wyr\u00f3\u017cniaj\u0105 ich jako\u015b\u0107, dba\u0142o\u015b\u0107 o detale oraz kompleksowa obs\u0142uga klienta. Produkty Doktorvolt wytwarzane s\u0105 ze sprawdzonych komponent\u00f3w pochodz\u0105cych od europejskich dostawc\u00f3w.<\/span><\/p>\n<p style=\"font-size: 13pt; text-align: justify;\"><span style=\"color: #000000;\"><strong>Rozdzielnica<\/strong> obs\u0142uguje systemy do 1000V DC i jest wyposa\u017cona w zabezpieczenia T1 T2 PG, co <strong>gwarantuje bezpiecze\u0144stwo oraz skuteczn\u0105 ochron\u0119 przeciwprzepi\u0119ciow\u0105<\/strong>. Stopie\u0144 ochrony IP65 zapewnia odporno\u015b\u0107 na py\u0142 i strumie\u0144 wody. Rozdzielnica wyposa\u017cona w 8 modu\u0142\u00f3w na jednym rz\u0119dzie. \u0141atw\u0105 instalacj\u0119 i u\u0142atwion\u0105 konserwacje umo\u017cliwia monta\u017c natynkowy rozdzielnicy.\u00a0<\/span><\/p>\n<p style=\"font-size: 13pt; text-align: justify;\"><strong><span style=\"color: #000000;\">Rozdzielnica fotowoltaiczna marki Doktorvolt:<\/span><\/strong><\/p>\n<ul>\n<li style=\"font-size: 13pt; text-align: left;\"><span style=\"color: #000000;\">wyposa\u017cona zosta\u0142a w wysokiej jako\u015bci komponenty w dziedzinie ochrony pr\u0105dowej,<\/span><\/li>\n<li style=\"font-size: 13pt; text-align: left;\"><span style=\"color: #000000;\">w celu ochrony antyprzepi\u0119ciowej DC wykorzystano dwa ogranicznik przepi\u0119\u0107 uznanej marki, kt\u00f3ry charakteryzuje si\u0119 wysok\u0105 wydajno\u015bci\u0105 pracy i klas\u0105 ochrony T1 T2,<\/span><\/li>\n<li style=\"font-size: 13pt; text-align: left;\"><span style=\"color: #000000;\">rozdzielnica posiada stopie\u0144 ochrony IP65, kt\u00f3ry zapewnia jej odporno\u015b\u0107 przed dost\u0119pem do jej wn\u0119trza kurzu oraz jest odporne na strugi wody padaj\u0105ce z dowolnego kierunku. Takie zabezpieczenie zapewnia wysoki poziom ochrony w warunkach zewn\u0119trznych.<\/span><\/li>\n<\/ul>\n<p style=\"font-size: 13pt; text-align: justify;\"><strong><span style=\"color: #000000;\">Firma Doktorvolt\u00ae w procesie produkcji rozdzielnic wdro\u017cy\u0142a system zarz\u0105dzania certyfikowany przez T\u00dcV S\u00dcD:<\/span><\/strong><\/p>\n<ul>\n<li style=\"font-size: 13pt; text-align: left;\"><span style=\"color: #000000;\">gwarancja wysokiej jako\u015bci,<\/span><\/li>\n<li style=\"font-size: 13pt; text-align: left;\"><span style=\"color: #000000;\">transparentny przep\u0142yw informacji,<\/span><\/li>\n<li style=\"font-size: 13pt; text-align: left;\"><span style=\"color: #000000;\">gwarancja w zakresie bezpiecze\u0144stwa,<\/span><\/li>\n<li style=\"font-size: 13pt; text-align: left;\"><span style=\"color: #000000;\">zapewniona dobra obs\u0142uga klienta.<\/span><\/li>\n<\/ul>\n<p><span style=\"color: #000000;\"><\/span><\/p>\n<p><span style=\"color: #000000;\"><\/span><\/p>\n<p style=\"text-align: center;\"><img decoding=\"async\" src=\"\/data\/include\/cms\/description\/img\/cms\/certyfikat%20TUV.png\" alt=\"\" width=\"306\" height=\"152\" \/><\/p>\n<p style=\"font-size: 13pt; text-align: justify;\"><strong><span style=\"color: #000000;\">Specyfikacja techniczna:<\/span><\/strong><\/p>\n<ul>\n<li style=\"font-size: 13pt; text-align: left;\"><strong><span style=\"color: #000000;\">Obudowa<\/span><\/strong><\/li>\n<li style=\"font-size: 13pt; text-align: left;\"><span style=\"color: #000000;\">ilo\u015b\u0107 modu\u0142\u00f3w &#8211; <strong>8<\/strong><\/span><\/li>\n<li style=\"font-size: 13pt; text-align: left;\"><span style=\"color: #000000;\">ilo\u015b\u0107 rz\u0119d\u00f3w &#8211; <strong>1<\/strong><\/span><\/li>\n<li style=\"font-size: 13pt; text-align: left;\"><span style=\"color: #000000;\">monta\u017c &#8211; <strong>natynkowy<\/strong><\/span><\/li>\n<li style=\"font-size: 13pt; text-align: left;\"><span style=\"color: #000000;\">stopie\u0144 ochrony rozdzielnicy &#8211; <strong>IP65<\/strong><\/span><\/li>\n<li style=\"font-size: 13pt; text-align: left;\"><span style=\"color: #000000;\">napi\u0119cie znamionowe obudowy &#8211; <strong>1000V<\/strong><\/span><\/li>\n<li style=\"font-size: 13pt; text-align: left;\"><span style=\"color: #000000;\">wymiary obudowy &#8211; <strong>215 x 210 x 133 mm<\/strong><\/span><\/li>\n<li style=\"font-size: 13pt; text-align: left;\"><span style=\"color: #000000;\">wymiary obudowy z d\u0142awnicami PG &#8211; <strong>215 x 240 x 133 mm<\/strong><\/span><\/li>\n<li style=\"font-size: 13pt; text-align: left;\"><span style=\"color: #000000;\">materia\u0142 obudowy &#8211; <strong>technopolimer<\/strong><\/span><\/li>\n<li style=\"font-size: 13pt; text-align: left;\"><span style=\"color: #000000;\">materia\u0142 drzwi &#8211; <strong>poliw\u0119glan<\/strong><\/span><\/li>\n<li style=\"font-size: 13pt; text-align: left;\"><span style=\"color: #000000;\">kolor obudowy &#8211; <strong>szary RAL 7035<\/strong><\/span><\/li>\n<li style=\"font-size: 13pt; text-align: left;\"><span style=\"color: #000000;\">materia\u0142 \u015brub &#8211; <strong>stal nierdzewna<\/strong><\/span><\/li>\n<li style=\"font-size: 13pt; text-align: left;\"><span style=\"color: #000000;\">materia\u0142 uszczelki &#8211; <strong>guma EPDM<\/strong><\/span><\/li>\n<li style=\"font-size: 13pt; text-align: left;\"><span style=\"color: #000000;\">d\u0142awnice kablowe &#8211; <strong>PG 1x PG-11 8x PG-7<\/strong><\/span><\/li>\n<li style=\"font-size: 13pt; text-align: left;\"><span style=\"color: #000000;\">certyfikaty i normy &#8211; <strong>CE Eu 2002\/95\/EC RoHS Deca-BDE CEI 23-48<\/strong><\/span><\/li>\n<li style=\"font-size: 13pt; text-align: left;\"><span style=\"color: #000000;\">Ochrona przewod\u00f3w &#8211; <strong>DC<\/strong><\/span><\/li>\n<li style=\"font-size: 13pt; text-align: left;\"><span style=\"color: #000000;\"><span style=\"color: #000000;\">ogranicznik przepi\u0119\u0107 DC &#8211; <strong>2x STPT12-5K1000V-YPV Mersen<br \/><\/strong><\/span><\/span>\n<p><img decoding=\"async\" src=\"\/data\/include\/cms\/description\/img\/cms\/Zdj%C4%99cia%20produkt%C3%B3w%202024\/DV-4470-FOT\/4470%201.jpg\" width=\"400\" height=\"400\" style=\"float: right;\" alt=\"Rozdzielnica PV Fotowoltaiczna Solarna 2\u2011Stringowa DC 1000V T1 T2 PG Doktorvolt 4470\" \/><\/p>\n<p><span style=\"color: #000000;\"><strong><br \/><\/strong><\/span><\/li>\n<li style=\"font-size: 13pt; text-align: left;\"><span style=\"color: #000000;\">maksymalne napi\u0119cie pracy &#8211; <strong>Un 1000V DC<\/strong><\/span><\/li>\n<li style=\"font-size: 13pt; text-align: left;\"><span style=\"color: #000000;\">maksymalne napi\u0119cie pracy &#8211; <strong>Uc 1060V DC<\/strong><\/span><\/li>\n<li style=\"font-size: 13pt; text-align: left;\"><span style=\"color: #000000;\">klasa ochrony &#8211; <strong>T1 T2<\/strong><\/span><\/li>\n<li style=\"font-size: 13pt; text-align: left;\"><span style=\"color: #000000;\">pr\u0105d impulsowy &#8211; <strong>limp 5kA<\/strong><\/span><\/li>\n<li style=\"font-size: 13pt; text-align: left;\"><span style=\"color: #000000;\">pr\u0105d pr\u00f3bny &#8211; <strong>In 20kA<\/strong><\/span><\/li>\n<li style=\"font-size: 13pt; text-align: left;\"><span style=\"color: #000000;\">pr\u0105d maksymalny &#8211; <strong>Imax 40kA<\/strong><\/span><\/li>\n<li style=\"font-size: 13pt; text-align: left;\"><span style=\"color: #000000;\">napi\u0119ciowy poziom ochrony &#8211; <strong>Up &lt; 4,0kV<\/strong><\/span><\/li>\n<li style=\"font-size: 13pt; text-align: left;\"><span style=\"color: #000000;\">liczba obwod\u00f3w DC (string\u00f3w) &#8211; <strong>2<\/strong><\/span><\/li>\n<li style=\"font-size: 13pt; text-align: left;\"><span style=\"color: #000000;\">certyfikaty, normy i klasyfikacje &#8211; <strong>UL, CE, EN\/IEC 61643 <\/strong><\/span><span style=\"color: #000000;\"><strong><\/strong><\/span><\/li>\n<\/ul>\n<ul>\n<li style=\"font-size: 13pt; text-align: left;\"><strong><span style=\"color: #000000;\">Okablowanie zastosowane<\/span><\/strong><\/li>\n<li style=\"font-size: 13pt; text-align: left;\"><span style=\"color: #000000;\">okablowanie &#8211; <strong>Linka ster. H07V-K 16 mm2 \u017c\u00f3\u0142tozielona<\/strong><\/span><\/li>\n<\/ul>\n<p><span style=\"color: #000000;\"><strong><\/strong><\/span><\/p>\n<ul>\n<li style=\"font-size: 13pt; text-align: left;\"><strong><span style=\"color: #000000;\">Informacje producenta<\/span><\/strong><\/li>\n<li style=\"font-size: 13pt; text-align: left;\"><span style=\"color: #000000;\">producent &#8211; <strong>Doktorvolt<\/strong><\/span><\/li>\n<li style=\"font-size: 13pt; text-align: left;\"><span style=\"color: #000000;\">certyfikaty i normy producenta &#8211; <strong>TUV SUD ISO 9001:2015 CE IEC 61439<\/strong><\/span><\/li>\n<li style=\"font-size: 13pt; text-align: left;\"><span style=\"color: #000000;\">oznaczenie producenta &#8211; <strong>DV-4470-FOT EAN 5907589334470<\/strong><\/span><\/li>\n<\/ul>\n<h3 style=\"font-size: 18pt; color: #000;\">Zaufany Producent:<\/h3>\n<p style=\"font-size: 16pt; line-height: 1.5; color: #000;\">Doktorvolt\u00ae jest firm\u0105, powsta\u0142\u0105 w 2013 roku. Pr\u0119\u017cnie rozwijaj\u0105ca si\u0119 firma podbi\u0142a rynek Polski i zagraniczny. Siedziba znajduje si\u0119 w Malichowie w wojew\u00f3dztwie Opolskim, gdzie mie\u015bci sie nowoczesna hala produkcyjna oraz magazyny. Firma specjalizuje si\u0119 w produkcji rodzielnic budowlanych, firm\u0119 wyr\u00f3\u017cnia jako\u015b\u0107 i solidno\u015b\u0107 pracy. Ka\u017cda rozdzielnia sk\u0142ada si\u0119 z wysokiej jako\u015bci komponent\u00f3w. Produkty firmy Doktorvolt\u00ae spe\u0142niaj\u0105 europejskie standardy i normy bezpiecze\u0144stwa<\/p>\n<p><img decoding=\"async\" src=\"\/data\/include\/cms\/description\/img\/cms\/zdj\u0119cia sklep\/logo jpg.jpg\" alt=\"Doktorvolt logo\" width=\"566\" height=\"155\" style=\"display: block; margin-left: auto; margin-right: auto;\" \/><\/p>\n","protected":false},"excerpt":{"rendered":"<p>Rozdzielnica Doktorvolt gwarantuje bezpiecze\u0144stwo oraz skuteczn\u0105 ochron\u0119 przeciwprzepi\u0119ciow\u0105. Stopie\u0144 ochrony IP65 zapewnia odporno\u015b\u0107 na py\u0142 i strumie\u0144 wody.<\/p>\n","protected":false},"featured_media":108808,"template":"","meta":[],"product_brand":[],"product_cat":[4984],"product_tag":[],"class_list":{"0":"post-110459","1":"product","2":"type-product","3":"status-publish","4":"has-post-thumbnail","6":"product_cat-photovoltaic","7":"pa_dodatkowe-wyposazenie-pg-threaded-connection","8":"pa_liczba-stringow-4986","9":"pa_napiecie-dc","10":"pa_typ-spd-t1-t2","12":"first","13":"instock","14":"shipping-taxable","15":"product-type-external"},"yoast_head":"<!-- This site is optimized with the Yoast SEO plugin v27.0 - https:\/\/yoast.com\/product\/yoast-seo-wordpress\/ -->\n<title>Rozdzielnica PV Fotowoltaiczna Solarna 2\u2011Stringowa DC 1000V T1 T2 PG Doktorvolt 4470 - DOKTORVOLT\u00ae<\/title>\n<meta name=\"robots\" content=\"index, follow, max-snippet:-1, max-image-preview:large, max-video-preview:-1\" \/>\n<link rel=\"canonical\" href=\"https:\/\/doktorvolt.pl\/en\/oferta-doktorvolt\/photovoltaic\/rozdzielnica-pv-fotowoltaiczna-solarna-2-stringowa-dc-1000v-t1-t2-pg-doktorvolt-4470\/\" \/>\n<meta property=\"og:locale\" content=\"en_US\" \/>\n<meta property=\"og:type\" content=\"article\" \/>\n<meta property=\"og:title\" content=\"Rozdzielnica PV Fotowoltaiczna Solarna 2\u2011Stringowa DC 1000V T1 T2 PG Doktorvolt 4470 - DOKTORVOLT\u00ae\" \/>\n<meta property=\"og:description\" content=\"Rozdzielnica Doktorvolt gwarantuje bezpiecze\u0144stwo oraz skuteczn\u0105 ochron\u0119 przeciwprzepi\u0119ciow\u0105. Stopie\u0144 ochrony IP65 zapewnia odporno\u015b\u0107 na py\u0142 i strumie\u0144 wody.\" \/>\n<meta property=\"og:url\" content=\"https:\/\/doktorvolt.pl\/en\/oferta-doktorvolt\/photovoltaic\/rozdzielnica-pv-fotowoltaiczna-solarna-2-stringowa-dc-1000v-t1-t2-pg-doktorvolt-4470\/\" \/>\n<meta property=\"og:site_name\" content=\"DOKTORVOLT\u00ae\" \/>\n<meta property=\"og:image\" content=\"https:\/\/doktorvolt.pl\/wp-content\/uploads\/2026\/02\/pol_pl_16891-16891_1.jpg\" \/>\n\t<meta property=\"og:image:width\" content=\"1000\" \/>\n\t<meta property=\"og:image:height\" content=\"1000\" \/>\n\t<meta property=\"og:image:type\" content=\"image\/jpeg\" \/>\n<meta name=\"twitter:card\" content=\"summary_large_image\" \/>\n<meta name=\"twitter:label1\" content=\"Est. reading time\" \/>\n\t<meta name=\"twitter:data1\" content=\"2 minutes\" \/>\n<script type=\"application\/ld+json\" class=\"yoast-schema-graph\">{\"@context\":\"https:\/\/schema.org\",\"@graph\":[{\"@type\":\"WebPage\",\"@id\":\"https:\/\/doktorvolt.pl\/en\/oferta-doktorvolt\/photovoltaic\/rozdzielnica-pv-fotowoltaiczna-solarna-2-stringowa-dc-1000v-t1-t2-pg-doktorvolt-4470\/\",\"url\":\"https:\/\/doktorvolt.pl\/en\/oferta-doktorvolt\/photovoltaic\/rozdzielnica-pv-fotowoltaiczna-solarna-2-stringowa-dc-1000v-t1-t2-pg-doktorvolt-4470\/\",\"name\":\"Rozdzielnica PV Fotowoltaiczna Solarna 2\u2011Stringowa DC 1000V T1 T2 PG Doktorvolt 4470 - DOKTORVOLT\u00ae\",\"isPartOf\":{\"@id\":\"https:\/\/doktorvolt.pl\/de\/#website\"},\"primaryImageOfPage\":{\"@id\":\"https:\/\/doktorvolt.pl\/en\/oferta-doktorvolt\/photovoltaic\/rozdzielnica-pv-fotowoltaiczna-solarna-2-stringowa-dc-1000v-t1-t2-pg-doktorvolt-4470\/#primaryimage\"},\"image\":{\"@id\":\"https:\/\/doktorvolt.pl\/en\/oferta-doktorvolt\/photovoltaic\/rozdzielnica-pv-fotowoltaiczna-solarna-2-stringowa-dc-1000v-t1-t2-pg-doktorvolt-4470\/#primaryimage\"},\"thumbnailUrl\":\"https:\/\/doktorvolt.pl\/wp-content\/uploads\/2026\/02\/pol_pl_16891-16891_1.jpg\",\"datePublished\":\"2026-02-24T08:26:16+00:00\",\"breadcrumb\":{\"@id\":\"https:\/\/doktorvolt.pl\/en\/oferta-doktorvolt\/photovoltaic\/rozdzielnica-pv-fotowoltaiczna-solarna-2-stringowa-dc-1000v-t1-t2-pg-doktorvolt-4470\/#breadcrumb\"},\"inLanguage\":\"en-US\",\"potentialAction\":[{\"@type\":\"ReadAction\",\"target\":[\"https:\/\/doktorvolt.pl\/en\/oferta-doktorvolt\/photovoltaic\/rozdzielnica-pv-fotowoltaiczna-solarna-2-stringowa-dc-1000v-t1-t2-pg-doktorvolt-4470\/\"]}]},{\"@type\":\"ImageObject\",\"inLanguage\":\"en-US\",\"@id\":\"https:\/\/doktorvolt.pl\/en\/oferta-doktorvolt\/photovoltaic\/rozdzielnica-pv-fotowoltaiczna-solarna-2-stringowa-dc-1000v-t1-t2-pg-doktorvolt-4470\/#primaryimage\",\"url\":\"https:\/\/doktorvolt.pl\/wp-content\/uploads\/2026\/02\/pol_pl_16891-16891_1.jpg\",\"contentUrl\":\"https:\/\/doktorvolt.pl\/wp-content\/uploads\/2026\/02\/pol_pl_16891-16891_1.jpg\",\"width\":1000,\"height\":1000},{\"@type\":\"BreadcrumbList\",\"@id\":\"https:\/\/doktorvolt.pl\/en\/oferta-doktorvolt\/photovoltaic\/rozdzielnica-pv-fotowoltaiczna-solarna-2-stringowa-dc-1000v-t1-t2-pg-doktorvolt-4470\/#breadcrumb\",\"itemListElement\":[{\"@type\":\"ListItem\",\"position\":1,\"name\":\"Strona g\u0142\u00f3wna\",\"item\":\"https:\/\/doktorvolt.pl\/en\/\"},{\"@type\":\"ListItem\",\"position\":2,\"name\":\"Offer Doktorvolt\",\"item\":\"https:\/\/doktorvolt.pl\/en\/offer-doktorvolt\/\"},{\"@type\":\"ListItem\",\"position\":3,\"name\":\"Rozdzielnica PV Fotowoltaiczna Solarna 2\u2011Stringowa DC 1000V T1 T2 PG Doktorvolt 4470\"}]},{\"@type\":\"WebSite\",\"@id\":\"https:\/\/doktorvolt.pl\/de\/#website\",\"url\":\"https:\/\/doktorvolt.pl\/de\/\",\"name\":\"DOKTORVOLT\u00ae\",\"description\":\"Producent rozdzielnic budowlanych\",\"publisher\":{\"@id\":\"https:\/\/doktorvolt.pl\/de\/#organization\"},\"potentialAction\":[{\"@type\":\"SearchAction\",\"target\":{\"@type\":\"EntryPoint\",\"urlTemplate\":\"https:\/\/doktorvolt.pl\/de\/?s={search_term_string}\"},\"query-input\":{\"@type\":\"PropertyValueSpecification\",\"valueRequired\":true,\"valueName\":\"search_term_string\"}}],\"inLanguage\":\"en-US\"},{\"@type\":\"Organization\",\"@id\":\"https:\/\/doktorvolt.pl\/de\/#organization\",\"name\":\"DOKTORVOLT\u00ae\",\"url\":\"https:\/\/doktorvolt.pl\/de\/\",\"logo\":{\"@type\":\"ImageObject\",\"inLanguage\":\"en-US\",\"@id\":\"https:\/\/doktorvolt.pl\/de\/#\/schema\/logo\/image\/\",\"url\":\"https:\/\/doktorvolt.pl\/wp-content\/uploads\/2023\/10\/DoktorVOLT-black-png.png\",\"contentUrl\":\"https:\/\/doktorvolt.pl\/wp-content\/uploads\/2023\/10\/DoktorVOLT-black-png.png\",\"width\":729,\"height\":40,\"caption\":\"DOKTORVOLT\u00ae\"},\"image\":{\"@id\":\"https:\/\/doktorvolt.pl\/de\/#\/schema\/logo\/image\/\"}}]}<\/script>\n<!-- \/ Yoast SEO plugin. -->","yoast_head_json":{"title":"Rozdzielnica PV Fotowoltaiczna Solarna 2\u2011Stringowa DC 1000V T1 T2 PG Doktorvolt 4470 - DOKTORVOLT\u00ae","robots":{"index":"index","follow":"follow","max-snippet":"max-snippet:-1","max-image-preview":"max-image-preview:large","max-video-preview":"max-video-preview:-1"},"canonical":"https:\/\/doktorvolt.pl\/en\/oferta-doktorvolt\/photovoltaic\/rozdzielnica-pv-fotowoltaiczna-solarna-2-stringowa-dc-1000v-t1-t2-pg-doktorvolt-4470\/","og_locale":"en_US","og_type":"article","og_title":"Rozdzielnica PV Fotowoltaiczna Solarna 2\u2011Stringowa DC 1000V T1 T2 PG Doktorvolt 4470 - DOKTORVOLT\u00ae","og_description":"Rozdzielnica Doktorvolt gwarantuje bezpiecze\u0144stwo oraz skuteczn\u0105 ochron\u0119 przeciwprzepi\u0119ciow\u0105. Stopie\u0144 ochrony IP65 zapewnia odporno\u015b\u0107 na py\u0142 i strumie\u0144 wody.","og_url":"https:\/\/doktorvolt.pl\/en\/oferta-doktorvolt\/photovoltaic\/rozdzielnica-pv-fotowoltaiczna-solarna-2-stringowa-dc-1000v-t1-t2-pg-doktorvolt-4470\/","og_site_name":"DOKTORVOLT\u00ae","og_image":[{"width":1000,"height":1000,"url":"https:\/\/doktorvolt.pl\/wp-content\/uploads\/2026\/02\/pol_pl_16891-16891_1.jpg","type":"image\/jpeg"}],"twitter_card":"summary_large_image","twitter_misc":{"Est. reading time":"2 minutes"},"schema":{"@context":"https:\/\/schema.org","@graph":[{"@type":"WebPage","@id":"https:\/\/doktorvolt.pl\/en\/oferta-doktorvolt\/photovoltaic\/rozdzielnica-pv-fotowoltaiczna-solarna-2-stringowa-dc-1000v-t1-t2-pg-doktorvolt-4470\/","url":"https:\/\/doktorvolt.pl\/en\/oferta-doktorvolt\/photovoltaic\/rozdzielnica-pv-fotowoltaiczna-solarna-2-stringowa-dc-1000v-t1-t2-pg-doktorvolt-4470\/","name":"Rozdzielnica PV Fotowoltaiczna Solarna 2\u2011Stringowa DC 1000V T1 T2 PG Doktorvolt 4470 - DOKTORVOLT\u00ae","isPartOf":{"@id":"https:\/\/doktorvolt.pl\/de\/#website"},"primaryImageOfPage":{"@id":"https:\/\/doktorvolt.pl\/en\/oferta-doktorvolt\/photovoltaic\/rozdzielnica-pv-fotowoltaiczna-solarna-2-stringowa-dc-1000v-t1-t2-pg-doktorvolt-4470\/#primaryimage"},"image":{"@id":"https:\/\/doktorvolt.pl\/en\/oferta-doktorvolt\/photovoltaic\/rozdzielnica-pv-fotowoltaiczna-solarna-2-stringowa-dc-1000v-t1-t2-pg-doktorvolt-4470\/#primaryimage"},"thumbnailUrl":"https:\/\/doktorvolt.pl\/wp-content\/uploads\/2026\/02\/pol_pl_16891-16891_1.jpg","datePublished":"2026-02-24T08:26:16+00:00","breadcrumb":{"@id":"https:\/\/doktorvolt.pl\/en\/oferta-doktorvolt\/photovoltaic\/rozdzielnica-pv-fotowoltaiczna-solarna-2-stringowa-dc-1000v-t1-t2-pg-doktorvolt-4470\/#breadcrumb"},"inLanguage":"en-US","potentialAction":[{"@type":"ReadAction","target":["https:\/\/doktorvolt.pl\/en\/oferta-doktorvolt\/photovoltaic\/rozdzielnica-pv-fotowoltaiczna-solarna-2-stringowa-dc-1000v-t1-t2-pg-doktorvolt-4470\/"]}]},{"@type":"ImageObject","inLanguage":"en-US","@id":"https:\/\/doktorvolt.pl\/en\/oferta-doktorvolt\/photovoltaic\/rozdzielnica-pv-fotowoltaiczna-solarna-2-stringowa-dc-1000v-t1-t2-pg-doktorvolt-4470\/#primaryimage","url":"https:\/\/doktorvolt.pl\/wp-content\/uploads\/2026\/02\/pol_pl_16891-16891_1.jpg","contentUrl":"https:\/\/doktorvolt.pl\/wp-content\/uploads\/2026\/02\/pol_pl_16891-16891_1.jpg","width":1000,"height":1000},{"@type":"BreadcrumbList","@id":"https:\/\/doktorvolt.pl\/en\/oferta-doktorvolt\/photovoltaic\/rozdzielnica-pv-fotowoltaiczna-solarna-2-stringowa-dc-1000v-t1-t2-pg-doktorvolt-4470\/#breadcrumb","itemListElement":[{"@type":"ListItem","position":1,"name":"Strona g\u0142\u00f3wna","item":"https:\/\/doktorvolt.pl\/en\/"},{"@type":"ListItem","position":2,"name":"Offer Doktorvolt","item":"https:\/\/doktorvolt.pl\/en\/offer-doktorvolt\/"},{"@type":"ListItem","position":3,"name":"Rozdzielnica PV Fotowoltaiczna Solarna 2\u2011Stringowa DC 1000V T1 T2 PG Doktorvolt 4470"}]},{"@type":"WebSite","@id":"https:\/\/doktorvolt.pl\/de\/#website","url":"https:\/\/doktorvolt.pl\/de\/","name":"DOKTORVOLT\u00ae","description":"Producent rozdzielnic budowlanych","publisher":{"@id":"https:\/\/doktorvolt.pl\/de\/#organization"},"potentialAction":[{"@type":"SearchAction","target":{"@type":"EntryPoint","urlTemplate":"https:\/\/doktorvolt.pl\/de\/?s={search_term_string}"},"query-input":{"@type":"PropertyValueSpecification","valueRequired":true,"valueName":"search_term_string"}}],"inLanguage":"en-US"},{"@type":"Organization","@id":"https:\/\/doktorvolt.pl\/de\/#organization","name":"DOKTORVOLT\u00ae","url":"https:\/\/doktorvolt.pl\/de\/","logo":{"@type":"ImageObject","inLanguage":"en-US","@id":"https:\/\/doktorvolt.pl\/de\/#\/schema\/logo\/image\/","url":"https:\/\/doktorvolt.pl\/wp-content\/uploads\/2023\/10\/DoktorVOLT-black-png.png","contentUrl":"https:\/\/doktorvolt.pl\/wp-content\/uploads\/2023\/10\/DoktorVOLT-black-png.png","width":729,"height":40,"caption":"DOKTORVOLT\u00ae"},"image":{"@id":"https:\/\/doktorvolt.pl\/de\/#\/schema\/logo\/image\/"}}]}},"_links":{"self":[{"href":"https:\/\/doktorvolt.pl\/en\/wp-json\/wp\/v2\/product\/110459","targetHints":{"allow":["GET"]}}],"collection":[{"href":"https:\/\/doktorvolt.pl\/en\/wp-json\/wp\/v2\/product"}],"about":[{"href":"https:\/\/doktorvolt.pl\/en\/wp-json\/wp\/v2\/types\/product"}],"wp:featuredmedia":[{"embeddable":true,"href":"https:\/\/doktorvolt.pl\/en\/wp-json\/wp\/v2\/media\/108808"}],"wp:attachment":[{"href":"https:\/\/doktorvolt.pl\/en\/wp-json\/wp\/v2\/media?parent=110459"}],"wp:term":[{"taxonomy":"product_brand","embeddable":true,"href":"https:\/\/doktorvolt.pl\/en\/wp-json\/wp\/v2\/product_brand?post=110459"},{"taxonomy":"product_cat","embeddable":true,"href":"https:\/\/doktorvolt.pl\/en\/wp-json\/wp\/v2\/product_cat?post=110459"},{"taxonomy":"product_tag","embeddable":true,"href":"https:\/\/doktorvolt.pl\/en\/wp-json\/wp\/v2\/product_tag?post=110459"}],"curies":[{"name":"wp","href":"https:\/\/api.w.org\/{rel}","templated":true}]}}