{"id":110463,"date":"2026-02-24T10:25:04","date_gmt":"2026-02-24T08:25:04","guid":{"rendered":"https:\/\/doktorvolt.pl\/sklep\/uncategorized\/doktorvolt-rozdzielnica-podtynkowa-4x18-modulowa-metalowa-ip30-1208\/"},"modified":"2026-02-24T10:25:04","modified_gmt":"2026-02-24T08:25:04","slug":"doktorvolt-rozdzielnica-podtynkowa-4x18-modulowa-metalowa-ip30-1208","status":"publish","type":"product","link":"https:\/\/doktorvolt.pl\/en\/oferta-doktorvolt\/modular-distribution-boards\/mp-series\/doktorvolt-rozdzielnica-podtynkowa-4x18-modulowa-metalowa-ip30-1208\/","title":{"rendered":"Doktorvolt Rozdzielnica podtynkowa 4&#215;18 modu\u0142owa metalowa IP30 1208"},"content":{"rendered":"<link rel=\"stylesheet\" href=\"https:\/\/preis-zone.com\/data\/include\/cms\/1.-style-css\/style_krotki_DV.css?v=1749624370701\">\n<!-- GPT: Wype\u0142nij tylko placeholdery {{Tytul}} oraz {{Opis1}}. Nie zmieniaj styl\u00f3w ani uk\u0142adu. --><br \/>\n<!-- Nag\u0142\u00f3wek g\u0142\u00f3wny strony --><\/p>\n<h1>\n      <!-- Tytu\u0142 strony --><br \/>\n      <span>Doktorvolt Rozdzielnica podtynkowa 4&#215;18 skrzynka elektryczna modu\u0142owa metalowa IP30 <\/span><br \/>\n<\/h1>\n<p><!-- Kr\u00f3tki opis produktu --><\/p>\n<h4>\n     <span>Niezawodna rozdzielnica podtynkowa wyposa\u017cona w 4 rz\u0119d\u00f3w o \u0142\u0105cznej liczbie 72 modu\u0142\u00f3w. Wykonana z metalu o grubo\u015bci 1mm dzi\u0119ki kt\u00f3remu, sprawdzi si\u0119 w najbardziej wymagaj\u0105cym miejscu pracy oraz zapewni wieloletni\u0105 trwa\u0142o\u015b\u0107. Zastosowanie technologii malowania proszkowo element\u00f3w skrzynki pozwala na uchronienie ich przed korozj\u0105. <\/span> <\/h4>\n<p><!-- Dekoracyjny przerywnik \u2014 nie modyfikuj --><\/p>\n<div>\n     <img class=\"decorative-img\"\nsrc=\"https:\/\/shop38554-1.yourtechnicaldomain.com\/data\/include\/cms\/1-zdjecia-produktow\/DOKTORVOLT\/DV-4995-EV\/ikonka_zielona_z_literka_D_biala.png?v=1729773346118\" border=\"0\" width=\"1900\" height=\"30\">\n<\/div>\n<p><!-- GPT: Pierwsza sekcja tre\u015bci. Wype\u0142nij tylko {{Podtytul1}} oraz {{Podopis1}}. Nie zmieniaj uk\u0142adu, nie modyfikuj obrazka. --><\/p>\n<div class=\"flex-container\">\n   <!-- Sekcja tekstowa z opisem produktu --><\/p>\n<div class=\"text-section\">\n<h2><strong>Jako\u015b\u0107 element\u00f3w id\u0105ca w parze z jako\u015bci\u0105 wykonania <\/strong><\/h2>\n<p>Skrzynka elektryczna sk\u0142ada si\u0119 z<strong> 4 rz\u0119d\u00f3w szyny DIN<\/strong> na kt\u00f3rych mo\u017cna zamontowa\u0107 <strong>72 modu\u0142y<\/strong>. Mo\u017cliwo\u015b\u0107 monta\u017cu 18 modu\u0142\u00f3w na jednej szynie. Rozdzielnica posiada r\u00f3wnie\u017c <strong>drzwi z zamkiem obrotowym<\/strong> kt\u00f3re umo\u017cliwi\u0105 ochron\u0119 dost\u0119pu do wewn\u0105trz rozdzielnicy. Drzwiczki zosta\u0142y zaprojektowane w spos\u00f3b aby zapewni\u0107 <strong>mo\u017cliwo\u015b\u0107 otwierania<\/strong> ich zar\u00f3wno w <strong>lewo jak i prawo<\/strong> dopasowuj\u0105c si\u0119 do oczekiwa\u0144 u\u017cytkownika. Wprowadzanie kabli mo\u017cliwe zar\u00f3wno <strong>z g\u00f3ry, jak i od do\u0142u<\/strong>, w zale\u017cno\u015bci od Twoich potrzeb. Dodatkowym atutem jest<strong> mo\u017cliwo\u015b\u0107 odkr\u0119cenia ka\u017cdego elementu rozdzielnicy<\/strong>. Istnieje mo\u017cliwo\u015b\u0107 wymiany zamka w drzwiach na zamek z kluczem w celu jeszcze wi\u0119kszego bezpiecze\u0144stwa wn\u0119trza skrzynki. Elementy skrzynki zosta\u0142y <strong>pomalowane proszkowo<\/strong> co daje im wi\u0119ksz\u0105 ochron\u0119 przed korozj\u0105.<\/p>\n<\/p><\/div>\n<p>   <!-- Sekcja z obrazem produktu --><\/p>\n<div class=\"image-section\">\n        <img\nsrc=\"https:\/\/preis-zone.pl\/hpeciai\/a1cf5003edbd6c81a76fd46a8bb9ff3c\/16767_5.jpg?93363\"\nwidth=\"472\" height=\"472\">\n   <\/div>\n<\/div>\n<p><!-- Dekoracyjny przerywnik \u2014 nie modyfikuj --><\/p>\n<div>\n     <img class=\"decorative-img\"\nsrc=\"https:\/\/shop38554-1.yourtechnicaldomain.com\/data\/include\/cms\/1-zdjecia-produktow\/DOKTORVOLT\/DV-4995-EV\/ikonka_zielona_z_literka_D_biala.png?v=1729773346118\"\nborder=\"0\" width=\"1900\" height=\"30\">\n<\/div>\n<p><!-- Specyfikacja Techniczna --> <\/p>\n<div style=\"align-items: center; background-color: #fff; display: flex; font-family: Arial; justify-content: center; padding-top: 20px; padding-bottom: 20px;\">\n<div style=\"background-color: white; border-radius: 8px; box-shadow: 0 4px 8px rgba(0, 0, 0, 0.1); max-width: 1000px; padding-top: 20px padding-bottom: 20px; text-align: left;\">\n<h2 style=\"background-color: #7dd956; border-radius: 8px 8px 0 0; color: #333; font-size: 14pt; padding: 15px; text-align: center; margin-top: 0px !important;\">Specyfikacja Techniczna<\/h2>\n<p><!-- Sekcja video i specyfikacja techniczna --> <\/p>\n<div class=\"video-specs-container\">\n       <!-- Sekcja z video --><\/p>\n<div class=\"image-section\">\n               <img decoding=\"async\" src=\"https:\/\/preis-zone.pl\/hpeciai\/ac135ccbb7069d581321747217deaa61\/16767_1.jpg?28396\">\n<\/div>\n<p><!-- GPT: BLOK SPECYFIKACJI. Wype\u0142nij ten blok dynamiczn\u0105 list\u0105 parametr\u00f3w technicznych w formacie \n\n<p><strong>Nazwa:<\/strong> Warto\u015b\u0107<\/p>\n\n. Nie zmieniaj struktury nadrz\u0119dnego \n\n<div>, nie modyfikuj tytu\u0142u ani styl\u00f3w. Nie dodawaj nic poza \n\n<p>. --><\/p>\n<div class=\"specs-section\">\n<h2><strong>Dane techniczne i spos\u00f3b monta\u017cu<\/strong><\/h2>\n<p>             <!-- Parametry b\u0119d\u0105 tutaj generowane --><\/p>\n<p><strong>Liczba rz\u0119d\u00f3w:<\/strong> 4 <\/p>\n<p><strong>Liczba modu\u0142\u00f3w:<\/strong> 72<\/p>\n<p><strong>Liczba modu\u0142\u00f3w na jednej szynie:<\/strong> 18<\/p>\n<p><strong>Spos\u00f3b monta\u017cu:<\/strong> monta\u017c podtynkowy<\/p>\n<p><strong>Szeroko\u015b\u0107:<\/strong> 415 mm<\/p>\n<p><strong>Wysoko\u015b\u0107:<\/strong> 735 mm<\/p>\n<p><strong>D\u0142ugo\u015b\u0107:<\/strong> 130 mm<\/p>\n<p><strong>Materia\u0142:<\/strong> metal<\/p>\n<p><strong>Grubo\u015b\u0107 materia\u0142u:<\/strong> 1mm<\/p>\n<\/p><\/div>\n<\/div>\n<p><!-- Sekcja video i specyfikacja techniczna --> <\/p>\n<div class=\"video-specs-container\">\n      <!-- GPT: BLOK SPECYFIKACJI. Wype\u0142nij ten blok dynamiczn\u0105 list\u0105 parametr\u00f3w technicznych w formacie \n\n<p><strong>Nazwa:<\/strong> Warto\u015b\u0107<\/p>\n\n. Nie zmieniaj struktury nadrz\u0119dnego \n\n<div>, nie modyfikuj tytu\u0142u ani styl\u00f3w. Nie dodawaj nic poza \n\n<p>. --><\/p>\n<div class=\"specs-section\">\n<h2><strong>Dane elektryczne i wyposa\u017cenie<\/strong><\/h2>\n<p>            <!-- Parametry b\u0119d\u0105 tutaj generowane --><\/p>\n<p><strong>Stopie\u0144 ochrony:<\/strong> IP30 <\/p>\n<p><strong>Pr\u0105d znamionowy:<\/strong> 125A<\/p>\n<p><strong>Napi\u0119cie znamionowe:<\/strong> Un 230\/400V, 50Hz<\/p>\n<p><strong>Napi\u0119cie znamionowe izolacji:<\/strong> Ui 500V<\/p>\n<p><strong>Ochrona przed zewn\u0119trznymi uderzeniami mechanicznymi:<\/strong> IK07<\/p>\n<p><strong>Temperatura otoczenia:<\/strong> -5\u00b0C &#8211; + 40\u00b0C<\/p>\n<p><strong>Klasa ochronno\u015bci:<\/strong> I<\/p>\n<p><strong>Listwy zaciskowe w zestawie:<\/strong> Tak<\/p>\n<p><strong>Malowane proszkowo:<\/strong> Tak<\/p>\n<p><strong>Dodatkowe wyposa\u017cenie:<\/strong> klucz do drzwi o numerze ZPKS <strong>do zakupu na osobnej aukcji<\/strong><\/p>\n<p><strong>Kolor:<\/strong> RAL9003<\/p>\n<p><strong>Producent:<\/strong> Doktorvolt<\/p>\n<p><strong>Model:<\/strong> MP72\/4\/18<\/p>\n<\/p><\/div>\n<p>    <!-- Sekcja z video --> <\/p>\n<div class=\"image-section\">\n<p> <br \/>\n            <img decoding=\"async\" src=\"https:\/\/preis-zone.pl\/hpeciai\/5550da5ff41b55a26db5fff2c3bfb65b\/16767_2.jpg?60106\" width=\"400\" height=\"400\">\n    <\/div>\n<\/div>\n<\/div>\n<\/div>\n<p><\/body><br \/>\n<\/html><\/p>\n","protected":false},"excerpt":{"rendered":"<p>Rozdzielnica podtynkowa wyposa\u017cona w 4 rz\u0119dy o \u0142\u0105cznej liczbie 72 modu\u0142\u00f3w. Wykonana z stalowej blachy o grubo\u015bci 1mm sprawdzi si\u0119 w najbardziej wymagaj\u0105cym miejscu pracy. Rozdzielnica posiada r\u00f3wnie\u017c drzwi z zamkiem.<\/p>\n","protected":false},"featured_media":108740,"template":"","meta":[],"product_brand":[],"product_cat":[4988],"product_tag":[],"class_list":{"0":"post-110463","1":"product","2":"type-product","3":"status-publish","4":"has-post-thumbnail","6":"product_cat-mp-series","7":"pa_dlugosc-130mm","8":"pa_klasa-ochrony-i","9":"pa_liczba-modulow-72-moduly","10":"pa_liczba-rzedow-4-rzedy","11":"pa_montaz-flush-mounted","12":"pa_prad-znamionowy-125a","13":"pa_stopien-ochrony-ip30","14":"pa_stopien-ochrony-mechanicznej-ik07","15":"pa_szerokosc-415mm","16":"pa_wysokosc-735mm","18":"first","19":"instock","20":"shipping-taxable","21":"product-type-external"},"yoast_head":"<!-- This site is optimized with the Yoast SEO plugin v27.0 - https:\/\/yoast.com\/product\/yoast-seo-wordpress\/ -->\n<title>Doktorvolt Rozdzielnica podtynkowa 4x18 modu\u0142owa metalowa IP30 1208 - DOKTORVOLT\u00ae<\/title>\n<meta name=\"robots\" content=\"index, follow, max-snippet:-1, max-image-preview:large, max-video-preview:-1\" \/>\n<link rel=\"canonical\" href=\"https:\/\/doktorvolt.pl\/en\/oferta-doktorvolt\/modular-distribution-boards\/mp-series\/doktorvolt-rozdzielnica-podtynkowa-4x18-modulowa-metalowa-ip30-1208\/\" \/>\n<meta property=\"og:locale\" content=\"en_US\" \/>\n<meta property=\"og:type\" content=\"article\" \/>\n<meta property=\"og:title\" content=\"Doktorvolt Rozdzielnica podtynkowa 4x18 modu\u0142owa metalowa IP30 1208 - DOKTORVOLT\u00ae\" \/>\n<meta property=\"og:description\" content=\"Rozdzielnica podtynkowa wyposa\u017cona w 4 rz\u0119dy o \u0142\u0105cznej liczbie 72 modu\u0142\u00f3w. Wykonana z stalowej blachy o grubo\u015bci 1mm sprawdzi si\u0119 w najbardziej wymagaj\u0105cym miejscu pracy. Rozdzielnica posiada r\u00f3wnie\u017c drzwi z zamkiem.\" \/>\n<meta property=\"og:url\" content=\"https:\/\/doktorvolt.pl\/en\/oferta-doktorvolt\/modular-distribution-boards\/mp-series\/doktorvolt-rozdzielnica-podtynkowa-4x18-modulowa-metalowa-ip30-1208\/\" \/>\n<meta property=\"og:site_name\" content=\"DOKTORVOLT\u00ae\" \/>\n<meta property=\"og:image\" content=\"https:\/\/doktorvolt.pl\/wp-content\/uploads\/2026\/02\/pol_pl_Doktorvolt-Rozdzielnica-podtynkowa-4x18-modulowa-metalowa-IP30-1208-16767_5.jpg\" \/>\n\t<meta property=\"og:image:width\" content=\"1600\" \/>\n\t<meta property=\"og:image:height\" content=\"1600\" \/>\n\t<meta property=\"og:image:type\" content=\"image\/jpeg\" \/>\n<meta name=\"twitter:card\" content=\"summary_large_image\" \/>\n<meta name=\"twitter:label1\" content=\"Est. reading time\" \/>\n\t<meta name=\"twitter:data1\" content=\"2 minutes\" \/>\n<script type=\"application\/ld+json\" class=\"yoast-schema-graph\">{\"@context\":\"https:\/\/schema.org\",\"@graph\":[{\"@type\":\"WebPage\",\"@id\":\"https:\/\/doktorvolt.pl\/en\/oferta-doktorvolt\/modular-distribution-boards\/mp-series\/doktorvolt-rozdzielnica-podtynkowa-4x18-modulowa-metalowa-ip30-1208\/\",\"url\":\"https:\/\/doktorvolt.pl\/en\/oferta-doktorvolt\/modular-distribution-boards\/mp-series\/doktorvolt-rozdzielnica-podtynkowa-4x18-modulowa-metalowa-ip30-1208\/\",\"name\":\"Doktorvolt Rozdzielnica podtynkowa 4x18 modu\u0142owa metalowa IP30 1208 - DOKTORVOLT\u00ae\",\"isPartOf\":{\"@id\":\"https:\/\/doktorvolt.pl\/de\/#website\"},\"primaryImageOfPage\":{\"@id\":\"https:\/\/doktorvolt.pl\/en\/oferta-doktorvolt\/modular-distribution-boards\/mp-series\/doktorvolt-rozdzielnica-podtynkowa-4x18-modulowa-metalowa-ip30-1208\/#primaryimage\"},\"image\":{\"@id\":\"https:\/\/doktorvolt.pl\/en\/oferta-doktorvolt\/modular-distribution-boards\/mp-series\/doktorvolt-rozdzielnica-podtynkowa-4x18-modulowa-metalowa-ip30-1208\/#primaryimage\"},\"thumbnailUrl\":\"https:\/\/doktorvolt.pl\/wp-content\/uploads\/2026\/02\/pol_pl_Doktorvolt-Rozdzielnica-podtynkowa-4x18-modulowa-metalowa-IP30-1208-16767_5.jpg\",\"datePublished\":\"2026-02-24T08:25:04+00:00\",\"breadcrumb\":{\"@id\":\"https:\/\/doktorvolt.pl\/en\/oferta-doktorvolt\/modular-distribution-boards\/mp-series\/doktorvolt-rozdzielnica-podtynkowa-4x18-modulowa-metalowa-ip30-1208\/#breadcrumb\"},\"inLanguage\":\"en-US\",\"potentialAction\":[{\"@type\":\"ReadAction\",\"target\":[\"https:\/\/doktorvolt.pl\/en\/oferta-doktorvolt\/modular-distribution-boards\/mp-series\/doktorvolt-rozdzielnica-podtynkowa-4x18-modulowa-metalowa-ip30-1208\/\"]}]},{\"@type\":\"ImageObject\",\"inLanguage\":\"en-US\",\"@id\":\"https:\/\/doktorvolt.pl\/en\/oferta-doktorvolt\/modular-distribution-boards\/mp-series\/doktorvolt-rozdzielnica-podtynkowa-4x18-modulowa-metalowa-ip30-1208\/#primaryimage\",\"url\":\"https:\/\/doktorvolt.pl\/wp-content\/uploads\/2026\/02\/pol_pl_Doktorvolt-Rozdzielnica-podtynkowa-4x18-modulowa-metalowa-IP30-1208-16767_5.jpg\",\"contentUrl\":\"https:\/\/doktorvolt.pl\/wp-content\/uploads\/2026\/02\/pol_pl_Doktorvolt-Rozdzielnica-podtynkowa-4x18-modulowa-metalowa-IP30-1208-16767_5.jpg\",\"width\":1600,\"height\":1600},{\"@type\":\"BreadcrumbList\",\"@id\":\"https:\/\/doktorvolt.pl\/en\/oferta-doktorvolt\/modular-distribution-boards\/mp-series\/doktorvolt-rozdzielnica-podtynkowa-4x18-modulowa-metalowa-ip30-1208\/#breadcrumb\",\"itemListElement\":[{\"@type\":\"ListItem\",\"position\":1,\"name\":\"Strona g\u0142\u00f3wna\",\"item\":\"https:\/\/doktorvolt.pl\/en\/\"},{\"@type\":\"ListItem\",\"position\":2,\"name\":\"Offer Doktorvolt\",\"item\":\"https:\/\/doktorvolt.pl\/en\/offer-doktorvolt\/\"},{\"@type\":\"ListItem\",\"position\":3,\"name\":\"Doktorvolt Rozdzielnica podtynkowa 4&#215;18 modu\u0142owa metalowa IP30 1208\"}]},{\"@type\":\"WebSite\",\"@id\":\"https:\/\/doktorvolt.pl\/de\/#website\",\"url\":\"https:\/\/doktorvolt.pl\/de\/\",\"name\":\"DOKTORVOLT\u00ae\",\"description\":\"Producent rozdzielnic budowlanych\",\"publisher\":{\"@id\":\"https:\/\/doktorvolt.pl\/de\/#organization\"},\"potentialAction\":[{\"@type\":\"SearchAction\",\"target\":{\"@type\":\"EntryPoint\",\"urlTemplate\":\"https:\/\/doktorvolt.pl\/de\/?s={search_term_string}\"},\"query-input\":{\"@type\":\"PropertyValueSpecification\",\"valueRequired\":true,\"valueName\":\"search_term_string\"}}],\"inLanguage\":\"en-US\"},{\"@type\":\"Organization\",\"@id\":\"https:\/\/doktorvolt.pl\/de\/#organization\",\"name\":\"DOKTORVOLT\u00ae\",\"url\":\"https:\/\/doktorvolt.pl\/de\/\",\"logo\":{\"@type\":\"ImageObject\",\"inLanguage\":\"en-US\",\"@id\":\"https:\/\/doktorvolt.pl\/de\/#\/schema\/logo\/image\/\",\"url\":\"https:\/\/doktorvolt.pl\/wp-content\/uploads\/2023\/10\/DoktorVOLT-black-png.png\",\"contentUrl\":\"https:\/\/doktorvolt.pl\/wp-content\/uploads\/2023\/10\/DoktorVOLT-black-png.png\",\"width\":729,\"height\":40,\"caption\":\"DOKTORVOLT\u00ae\"},\"image\":{\"@id\":\"https:\/\/doktorvolt.pl\/de\/#\/schema\/logo\/image\/\"}}]}<\/script>\n<!-- \/ Yoast SEO plugin. -->","yoast_head_json":{"title":"Doktorvolt Rozdzielnica podtynkowa 4x18 modu\u0142owa metalowa IP30 1208 - DOKTORVOLT\u00ae","robots":{"index":"index","follow":"follow","max-snippet":"max-snippet:-1","max-image-preview":"max-image-preview:large","max-video-preview":"max-video-preview:-1"},"canonical":"https:\/\/doktorvolt.pl\/en\/oferta-doktorvolt\/modular-distribution-boards\/mp-series\/doktorvolt-rozdzielnica-podtynkowa-4x18-modulowa-metalowa-ip30-1208\/","og_locale":"en_US","og_type":"article","og_title":"Doktorvolt Rozdzielnica podtynkowa 4x18 modu\u0142owa metalowa IP30 1208 - DOKTORVOLT\u00ae","og_description":"Rozdzielnica podtynkowa wyposa\u017cona w 4 rz\u0119dy o \u0142\u0105cznej liczbie 72 modu\u0142\u00f3w. Wykonana z stalowej blachy o grubo\u015bci 1mm sprawdzi si\u0119 w najbardziej wymagaj\u0105cym miejscu pracy. Rozdzielnica posiada r\u00f3wnie\u017c drzwi z zamkiem.","og_url":"https:\/\/doktorvolt.pl\/en\/oferta-doktorvolt\/modular-distribution-boards\/mp-series\/doktorvolt-rozdzielnica-podtynkowa-4x18-modulowa-metalowa-ip30-1208\/","og_site_name":"DOKTORVOLT\u00ae","og_image":[{"width":1600,"height":1600,"url":"https:\/\/doktorvolt.pl\/wp-content\/uploads\/2026\/02\/pol_pl_Doktorvolt-Rozdzielnica-podtynkowa-4x18-modulowa-metalowa-IP30-1208-16767_5.jpg","type":"image\/jpeg"}],"twitter_card":"summary_large_image","twitter_misc":{"Est. reading time":"2 minutes"},"schema":{"@context":"https:\/\/schema.org","@graph":[{"@type":"WebPage","@id":"https:\/\/doktorvolt.pl\/en\/oferta-doktorvolt\/modular-distribution-boards\/mp-series\/doktorvolt-rozdzielnica-podtynkowa-4x18-modulowa-metalowa-ip30-1208\/","url":"https:\/\/doktorvolt.pl\/en\/oferta-doktorvolt\/modular-distribution-boards\/mp-series\/doktorvolt-rozdzielnica-podtynkowa-4x18-modulowa-metalowa-ip30-1208\/","name":"Doktorvolt Rozdzielnica podtynkowa 4x18 modu\u0142owa metalowa IP30 1208 - DOKTORVOLT\u00ae","isPartOf":{"@id":"https:\/\/doktorvolt.pl\/de\/#website"},"primaryImageOfPage":{"@id":"https:\/\/doktorvolt.pl\/en\/oferta-doktorvolt\/modular-distribution-boards\/mp-series\/doktorvolt-rozdzielnica-podtynkowa-4x18-modulowa-metalowa-ip30-1208\/#primaryimage"},"image":{"@id":"https:\/\/doktorvolt.pl\/en\/oferta-doktorvolt\/modular-distribution-boards\/mp-series\/doktorvolt-rozdzielnica-podtynkowa-4x18-modulowa-metalowa-ip30-1208\/#primaryimage"},"thumbnailUrl":"https:\/\/doktorvolt.pl\/wp-content\/uploads\/2026\/02\/pol_pl_Doktorvolt-Rozdzielnica-podtynkowa-4x18-modulowa-metalowa-IP30-1208-16767_5.jpg","datePublished":"2026-02-24T08:25:04+00:00","breadcrumb":{"@id":"https:\/\/doktorvolt.pl\/en\/oferta-doktorvolt\/modular-distribution-boards\/mp-series\/doktorvolt-rozdzielnica-podtynkowa-4x18-modulowa-metalowa-ip30-1208\/#breadcrumb"},"inLanguage":"en-US","potentialAction":[{"@type":"ReadAction","target":["https:\/\/doktorvolt.pl\/en\/oferta-doktorvolt\/modular-distribution-boards\/mp-series\/doktorvolt-rozdzielnica-podtynkowa-4x18-modulowa-metalowa-ip30-1208\/"]}]},{"@type":"ImageObject","inLanguage":"en-US","@id":"https:\/\/doktorvolt.pl\/en\/oferta-doktorvolt\/modular-distribution-boards\/mp-series\/doktorvolt-rozdzielnica-podtynkowa-4x18-modulowa-metalowa-ip30-1208\/#primaryimage","url":"https:\/\/doktorvolt.pl\/wp-content\/uploads\/2026\/02\/pol_pl_Doktorvolt-Rozdzielnica-podtynkowa-4x18-modulowa-metalowa-IP30-1208-16767_5.jpg","contentUrl":"https:\/\/doktorvolt.pl\/wp-content\/uploads\/2026\/02\/pol_pl_Doktorvolt-Rozdzielnica-podtynkowa-4x18-modulowa-metalowa-IP30-1208-16767_5.jpg","width":1600,"height":1600},{"@type":"BreadcrumbList","@id":"https:\/\/doktorvolt.pl\/en\/oferta-doktorvolt\/modular-distribution-boards\/mp-series\/doktorvolt-rozdzielnica-podtynkowa-4x18-modulowa-metalowa-ip30-1208\/#breadcrumb","itemListElement":[{"@type":"ListItem","position":1,"name":"Strona g\u0142\u00f3wna","item":"https:\/\/doktorvolt.pl\/en\/"},{"@type":"ListItem","position":2,"name":"Offer Doktorvolt","item":"https:\/\/doktorvolt.pl\/en\/offer-doktorvolt\/"},{"@type":"ListItem","position":3,"name":"Doktorvolt Rozdzielnica podtynkowa 4&#215;18 modu\u0142owa metalowa IP30 1208"}]},{"@type":"WebSite","@id":"https:\/\/doktorvolt.pl\/de\/#website","url":"https:\/\/doktorvolt.pl\/de\/","name":"DOKTORVOLT\u00ae","description":"Producent rozdzielnic budowlanych","publisher":{"@id":"https:\/\/doktorvolt.pl\/de\/#organization"},"potentialAction":[{"@type":"SearchAction","target":{"@type":"EntryPoint","urlTemplate":"https:\/\/doktorvolt.pl\/de\/?s={search_term_string}"},"query-input":{"@type":"PropertyValueSpecification","valueRequired":true,"valueName":"search_term_string"}}],"inLanguage":"en-US"},{"@type":"Organization","@id":"https:\/\/doktorvolt.pl\/de\/#organization","name":"DOKTORVOLT\u00ae","url":"https:\/\/doktorvolt.pl\/de\/","logo":{"@type":"ImageObject","inLanguage":"en-US","@id":"https:\/\/doktorvolt.pl\/de\/#\/schema\/logo\/image\/","url":"https:\/\/doktorvolt.pl\/wp-content\/uploads\/2023\/10\/DoktorVOLT-black-png.png","contentUrl":"https:\/\/doktorvolt.pl\/wp-content\/uploads\/2023\/10\/DoktorVOLT-black-png.png","width":729,"height":40,"caption":"DOKTORVOLT\u00ae"},"image":{"@id":"https:\/\/doktorvolt.pl\/de\/#\/schema\/logo\/image\/"}}]}},"_links":{"self":[{"href":"https:\/\/doktorvolt.pl\/en\/wp-json\/wp\/v2\/product\/110463","targetHints":{"allow":["GET"]}}],"collection":[{"href":"https:\/\/doktorvolt.pl\/en\/wp-json\/wp\/v2\/product"}],"about":[{"href":"https:\/\/doktorvolt.pl\/en\/wp-json\/wp\/v2\/types\/product"}],"wp:featuredmedia":[{"embeddable":true,"href":"https:\/\/doktorvolt.pl\/en\/wp-json\/wp\/v2\/media\/108740"}],"wp:attachment":[{"href":"https:\/\/doktorvolt.pl\/en\/wp-json\/wp\/v2\/media?parent=110463"}],"wp:term":[{"taxonomy":"product_brand","embeddable":true,"href":"https:\/\/doktorvolt.pl\/en\/wp-json\/wp\/v2\/product_brand?post=110463"},{"taxonomy":"product_cat","embeddable":true,"href":"https:\/\/doktorvolt.pl\/en\/wp-json\/wp\/v2\/product_cat?post=110463"},{"taxonomy":"product_tag","embeddable":true,"href":"https:\/\/doktorvolt.pl\/en\/wp-json\/wp\/v2\/product_tag?post=110463"}],"curies":[{"name":"wp","href":"https:\/\/api.w.org\/{rel}","templated":true}]}}