{"id":110470,"date":"2026-02-24T10:23:49","date_gmt":"2026-02-24T08:23:49","guid":{"rendered":"https:\/\/doktorvolt.pl\/sklep\/uncategorized\/doktorvolt-rozdzielnica-pv-fotowoltaiczna-solarna-ac-siemens-3f-b16a-25a-300ma-t2-0744\/"},"modified":"2026-02-24T10:23:49","modified_gmt":"2026-02-24T08:23:49","slug":"doktorvolt-rozdzielnica-pv-fotowoltaiczna-solarna-ac-siemens-3f-b16a-25a-300ma-t2-0744","status":"publish","type":"product","link":"https:\/\/doktorvolt.pl\/en\/oferta-doktorvolt\/photovoltaic\/doktorvolt-rozdzielnica-pv-fotowoltaiczna-solarna-ac-siemens-3f-b16a-25a-300ma-t2-0744\/","title":{"rendered":"Doktorvolt Rozdzielnica PV Fotowoltaiczna Solarna AC SIEMENS 3F B16A 25A 300mA T2 0744"},"content":{"rendered":"<h2><span style=\"color: #000000;\">Rozdzielnica solarna Doktorvolt z zabezpieczeniami <span style=\"color: #d0121a;\"><strong>SIEMENS<\/strong> <\/span>&#8211; najwy\u017csza jako\u015b\u0107 i ochrona Twojej instalacji fotowoltaicznej!<\/span><\/h2>\n<p><span style=\"color: #000000;\"><strong>Rozdzielnica fotowoltaiczna<\/strong>, <strong>okablowana<\/strong> i <strong>gotowa do pod\u0142\u0105czenia<\/strong>, <strong>z komponentami najwy\u017cszej jako\u015bci<\/strong>, kt\u00f3re gwarantuj\u0105 <strong>niezawodno\u015b\u0107 i bezpiecze\u0144stwo<\/strong> Twojego systemu fotowoltaicznego.<\/span><\/p>\n<p><span style=\"color: #000000;\">Rozdzielnica zosta\u0142a wyposa\u017cona w <b>wy\u0142\u0105cznik r\u00f3\u017cnicowopr\u0105dowy 25A 4P 300mA Typ A<\/b>\u00a0oraz <b>wy\u0142\u0105cznik nadpr\u0105dowy B16A 3P 6kA renomowanej marki <span style=\"color: #d0121a;\">SIEMENS<\/span><\/b>. To po\u0142\u0105czenie zapewnia bezpieczne funkcjonowanie instalacji fotowoltaicznej, minimalizuj\u0105c ryzyko uszkodze\u0144, wypadk\u00f3w czy po\u017car\u00f3w. <\/span><\/p>\n<p><span style=\"color: #000000;\">W celu <b>ochrony antyprzepi\u0119ciowej AC<\/b> wykorzystano<b>\u00a0ogranicznik przepi\u0119\u0107 4P 20-40kA AC marki Doktorvolt<\/b>. Ten <strong>wysokiej klasy ogranicznik<\/strong> charakteryzuje si\u0119 doskona\u0142\u0105 wydajno\u015bci\u0105 pracy oraz<b> klas\u0105 ochrony T2<\/b>, co skutecznie chroni Twoje urz\u0105dzenia przed niebezpiecznymi przepi\u0119ciami. <\/span><\/p>\n<p><span style=\"color: #000000;\">Rozdzielnica fotowoltaiczna zosta\u0142a zaprojektowana z my\u015bl\u0105 o trwa\u0142o\u015bci i niezawodno\u015bci. Posiada <b>stopie\u0144 ochrony IP65<\/b>, dzi\u0119ki czemu jest <b>hermetyczna <\/b>i <b>wodoszczelna<\/b>. <\/span><\/p>\n<p><span style=\"color: #000000;\">Dzi\u0119ki naszemu<b> certyfikatowi ISO 9001 T\u00dcV S\u00dcD<\/b> gwarantujemy Pa\u0144stwu <b>produkty o najwy\u017cszej niezawodno\u015bci i trwa\u0142o\u015bci<\/b>. <\/span><\/p>\n<p><span style=\"color: #000000;\"><b>Nasi <\/b><\/span><span style=\"color: #000000;\"><b>klienci ufaj\u0105 nam w kwestii jako\u015bci<\/b><\/span><span style=\"font-weight: normal; color: #000000;\">, a my jeste\u015bmy dumni z tego, \u017ce wci\u0105\u017c przewy\u017cszamy ich oczekiwania.<\/span><\/p>\n<h3><span style=\"color: #000000;\">Obudowa:<\/span><\/h3>\n<ul style=\"list-style-type: disc;\">\n<li><span style=\"color: #000000;\">Ilo\u015b\u0107 modu\u0142\u00f3w: <strong style=\"font-weight: bold;\">12<\/strong><\/span><\/li>\n<li><span style=\"color: #000000;\">Ilo\u015b\u0107 rz\u0119d\u00f3w: <strong>1<\/strong><\/span><\/li>\n<li><span style=\"color: #000000;\">Monta\u017c: <strong>natynkowy<\/strong><\/span><\/li>\n<li><span style=\"color: #000000;\">Stopie\u0144 ochrony rozdzielnicy: <strong>IP65<\/strong><\/span><\/li>\n<li><span style=\"color: #000000;\">Napi\u0119cie znamionowe obudowy: <strong>1000V<\/strong><\/span><\/li>\n<li><span style=\"color: #000000;\">Wymiary obudowy: <strong>290 x 260 x 140 mm<\/strong><\/span><\/li>\n<li><span style=\"color: #000000;\">Wymiary obudowy z d\u0142awnicami PG: <strong>290 x 295 x 140 mm<\/strong><\/span><\/li>\n<li><span style=\"color: #000000;\">Materia\u0142 obudowy: <strong>technopolimer<\/strong><\/span><\/li>\n<li><span style=\"color: #000000;\">Materia\u0142 drzwi: <strong>poliw\u0119glan<\/strong><\/span><\/li>\n<li><span style=\"color: #000000;\">Kolor obudowy: <strong>szary RAL 7035<\/strong><\/span><\/li>\n<li><span style=\"color: #000000;\">Materia\u0142 \u015brub: <strong>stal nierdzewna<\/strong><\/span><\/li>\n<li><span style=\"color: #000000;\">Materia\u0142 uszczelki: <strong>guma EPDM<\/strong><\/span><\/li>\n<li><span style=\"color: #000000;\">D\u0142awnice kablowe PG: <strong>2x PG-21,1x PG-11<\/strong><\/span><\/li>\n<li><span style=\"color: #000000;\">Certyfikaty i normy: <strong>CE, Eu 2002\/95\/EC, RoHS, Deca-BDE, CEI 23-48<\/strong><\/span><\/li>\n<\/ul>\n<h3><span style=\"color: #000000;\">Wy\u0142\u0105czniki r\u00f3\u017cnicowopr\u0105dowe i nadpr\u0105dowe:<\/span><\/h3>\n<ul style=\"list-style-type: disc;\">\n<li><span style=\"color: #000000;\">Wy\u0142\u0105cznik r\u00f3\u017cnicowopr\u0105dowy: <span style=\"color: #d0121a;\"><strong>SIEMENS RCCB 25A 4P 300mA Typ A<\/strong><\/span><\/span><\/li>\n<li><span style=\"color: #000000;\">Wy\u0142\u0105cznik nadpr\u0105dowy: <span style=\"color: #d0121a;\"><strong>SIEMENS B16A 3P 6kA<\/strong><\/span><\/span><\/li>\n<li><span style=\"color: #000000;\">Certyfikaty i normy wy\u0142\u0105cznika r\u00f3\u017cnicowopr\u0105dowego: <strong>CCC, VDE, \u00d6VE, CE, DIN EN 61246-2, IEC 81346-2:2009<\/strong><\/span><\/li>\n<li><span style=\"color: #000000;\">Certyfikaty i normy wy\u0142\u0105cznika nadpr\u0105dowego: <strong>VDE, CE, CEBEC, IMQ, EAC, CE, TSE, DIN EN 61346-2, DIN EN 81346-2<\/strong><\/span><\/li>\n<\/ul>\n<h3><span style=\"color: #000000;\">Ochrona strony AC:<\/span><\/h3>\n<ul style=\"list-style-type: disc;\">\n<li><span style=\"color: #000000;\">Ogranicznik przepi\u0119\u0107 AC: <strong>Doktorvolt<\/strong> <b>4P 20-40kA AC T2<\/b><\/span><\/li>\n<li><span style=\"color: #000000;\">Maksymalne napi\u0119cie pracy Uc: <b>275V AC<\/b><\/span><\/li>\n<li><span style=\"color: #000000;\">Klasa ochrony: <b>T2<\/b><\/span><\/li>\n<li><span style=\"color: #000000;\">Pr\u0105d pr\u00f3bny In: <b>20 kA<\/b><\/span><\/li>\n<li><span style=\"color: #000000;\">Pr\u0105d maksymalny Imax : <b>40 kA<\/b><\/span><\/li>\n<li><span style=\"color: #000000;\">Napi\u0119ciowy poziom ochrony: <\/span><b style=\"color: #000000;\">Up <\/b><span style=\"color: #000000;\"><b>\u2264<\/b><\/span><b style=\"color: #000000;\">\u00a01,8 kV<\/b><\/li>\n<li><span style=\"color: #000000;\">Certyfikaty i normy: <b>CE, IEC61643-11<\/b><\/span><\/li>\n<\/ul>\n<h3><span style=\"color: #000000;\">Okablowanie:<\/span><\/h3>\n<ul style=\"list-style-type: disc;\">\n<li><span style=\"color: #000000;\">Zastosowane okablowanie: <strong>Linka ster. H07V-K 4mm2 czarna, Linka ster. H07V-K 4mm2 niebieska, Linka ster. H07V-K 16mm2 \u017c\u00f3\u0142tozielona<\/strong><\/span><br \/><span style=\"color: #000000;\"><\/span><\/li>\n<\/ul>\n<h3><span style=\"color: #000000;\">Informacje og\u00f3lne:<\/span><\/h3>\n<ul style=\"list-style-type: disc;\">\n<li><span style=\"color: #000000;\">Producent: <strong>Doktorvolt<\/strong><\/span><br \/><span style=\"color: #000000;\"><\/span><\/li>\n<li><span style=\"color: #000000;\">Certyfikaty i normy producenta: <strong>T\u00dcV S\u00dcD, ISO 9001:2015<\/strong><\/span><\/li>\n<li><span style=\"color: #000000;\">Certyfikaty i normy produktu: <strong>CE, IEC 61439 EN 62196-2<\/strong><\/span><\/li>\n<\/ul>\n<p><center style=\"font-weight: bold;\"><\/p>\n<p><iframe width=\"660\" height=\"415\" src=\"https:\/\/www.youtube.com\/embed\/OGZNz2HYkaQ\" frameborder=\"0\"><\/iframe><\/p>\n<\/p>\n<p><\/center><\/p>\n","protected":false},"excerpt":{"rendered":"","protected":false},"featured_media":108638,"template":"","meta":[],"product_brand":[],"product_cat":[4984],"product_tag":[],"class_list":{"0":"post-110470","1":"product","2":"type-product","3":"status-publish","4":"has-post-thumbnail","6":"product_cat-photovoltaic","7":"pa_dodatkowe-wyposazenie-pg-threaded-connection","8":"pa_napiecie-ac","9":"pa_typ-spd-t2","11":"first","12":"instock","13":"shipping-taxable","14":"product-type-external"},"yoast_head":"<!-- This site is optimized with the Yoast SEO plugin v27.0 - https:\/\/yoast.com\/product\/yoast-seo-wordpress\/ -->\n<title>Doktorvolt Rozdzielnica PV Fotowoltaiczna Solarna AC SIEMENS 3F B16A 25A 300mA T2 0744 - DOKTORVOLT\u00ae<\/title>\n<meta name=\"robots\" content=\"index, follow, max-snippet:-1, max-image-preview:large, max-video-preview:-1\" \/>\n<link rel=\"canonical\" href=\"https:\/\/doktorvolt.pl\/en\/oferta-doktorvolt\/photovoltaic\/doktorvolt-rozdzielnica-pv-fotowoltaiczna-solarna-ac-siemens-3f-b16a-25a-300ma-t2-0744\/\" \/>\n<meta property=\"og:locale\" content=\"en_US\" \/>\n<meta property=\"og:type\" content=\"article\" \/>\n<meta property=\"og:title\" content=\"Doktorvolt Rozdzielnica PV Fotowoltaiczna Solarna AC SIEMENS 3F B16A 25A 300mA T2 0744 - DOKTORVOLT\u00ae\" \/>\n<meta property=\"og:url\" content=\"https:\/\/doktorvolt.pl\/en\/oferta-doktorvolt\/photovoltaic\/doktorvolt-rozdzielnica-pv-fotowoltaiczna-solarna-ac-siemens-3f-b16a-25a-300ma-t2-0744\/\" \/>\n<meta property=\"og:site_name\" content=\"DOKTORVOLT\u00ae\" \/>\n<meta property=\"og:image\" content=\"https:\/\/doktorvolt.pl\/wp-content\/uploads\/2026\/02\/pol_pl_16749-16749_1.jpg\" \/>\n\t<meta property=\"og:image:width\" content=\"1000\" \/>\n\t<meta property=\"og:image:height\" content=\"1000\" \/>\n\t<meta property=\"og:image:type\" content=\"image\/jpeg\" \/>\n<meta name=\"twitter:card\" content=\"summary_large_image\" \/>\n<meta name=\"twitter:label1\" content=\"Est. reading time\" \/>\n\t<meta name=\"twitter:data1\" content=\"2 minutes\" \/>\n<script type=\"application\/ld+json\" class=\"yoast-schema-graph\">{\"@context\":\"https:\/\/schema.org\",\"@graph\":[{\"@type\":\"WebPage\",\"@id\":\"https:\/\/doktorvolt.pl\/en\/oferta-doktorvolt\/photovoltaic\/doktorvolt-rozdzielnica-pv-fotowoltaiczna-solarna-ac-siemens-3f-b16a-25a-300ma-t2-0744\/\",\"url\":\"https:\/\/doktorvolt.pl\/en\/oferta-doktorvolt\/photovoltaic\/doktorvolt-rozdzielnica-pv-fotowoltaiczna-solarna-ac-siemens-3f-b16a-25a-300ma-t2-0744\/\",\"name\":\"Doktorvolt Rozdzielnica PV Fotowoltaiczna Solarna AC SIEMENS 3F B16A 25A 300mA T2 0744 - DOKTORVOLT\u00ae\",\"isPartOf\":{\"@id\":\"https:\/\/doktorvolt.pl\/de\/#website\"},\"primaryImageOfPage\":{\"@id\":\"https:\/\/doktorvolt.pl\/en\/oferta-doktorvolt\/photovoltaic\/doktorvolt-rozdzielnica-pv-fotowoltaiczna-solarna-ac-siemens-3f-b16a-25a-300ma-t2-0744\/#primaryimage\"},\"image\":{\"@id\":\"https:\/\/doktorvolt.pl\/en\/oferta-doktorvolt\/photovoltaic\/doktorvolt-rozdzielnica-pv-fotowoltaiczna-solarna-ac-siemens-3f-b16a-25a-300ma-t2-0744\/#primaryimage\"},\"thumbnailUrl\":\"https:\/\/doktorvolt.pl\/wp-content\/uploads\/2026\/02\/pol_pl_16749-16749_1.jpg\",\"datePublished\":\"2026-02-24T08:23:49+00:00\",\"breadcrumb\":{\"@id\":\"https:\/\/doktorvolt.pl\/en\/oferta-doktorvolt\/photovoltaic\/doktorvolt-rozdzielnica-pv-fotowoltaiczna-solarna-ac-siemens-3f-b16a-25a-300ma-t2-0744\/#breadcrumb\"},\"inLanguage\":\"en-US\",\"potentialAction\":[{\"@type\":\"ReadAction\",\"target\":[\"https:\/\/doktorvolt.pl\/en\/oferta-doktorvolt\/photovoltaic\/doktorvolt-rozdzielnica-pv-fotowoltaiczna-solarna-ac-siemens-3f-b16a-25a-300ma-t2-0744\/\"]}]},{\"@type\":\"ImageObject\",\"inLanguage\":\"en-US\",\"@id\":\"https:\/\/doktorvolt.pl\/en\/oferta-doktorvolt\/photovoltaic\/doktorvolt-rozdzielnica-pv-fotowoltaiczna-solarna-ac-siemens-3f-b16a-25a-300ma-t2-0744\/#primaryimage\",\"url\":\"https:\/\/doktorvolt.pl\/wp-content\/uploads\/2026\/02\/pol_pl_16749-16749_1.jpg\",\"contentUrl\":\"https:\/\/doktorvolt.pl\/wp-content\/uploads\/2026\/02\/pol_pl_16749-16749_1.jpg\",\"width\":1000,\"height\":1000},{\"@type\":\"BreadcrumbList\",\"@id\":\"https:\/\/doktorvolt.pl\/en\/oferta-doktorvolt\/photovoltaic\/doktorvolt-rozdzielnica-pv-fotowoltaiczna-solarna-ac-siemens-3f-b16a-25a-300ma-t2-0744\/#breadcrumb\",\"itemListElement\":[{\"@type\":\"ListItem\",\"position\":1,\"name\":\"Strona g\u0142\u00f3wna\",\"item\":\"https:\/\/doktorvolt.pl\/en\/\"},{\"@type\":\"ListItem\",\"position\":2,\"name\":\"Offer Doktorvolt\",\"item\":\"https:\/\/doktorvolt.pl\/en\/offer-doktorvolt\/\"},{\"@type\":\"ListItem\",\"position\":3,\"name\":\"Doktorvolt Rozdzielnica PV Fotowoltaiczna Solarna AC SIEMENS 3F B16A 25A 300mA T2 0744\"}]},{\"@type\":\"WebSite\",\"@id\":\"https:\/\/doktorvolt.pl\/de\/#website\",\"url\":\"https:\/\/doktorvolt.pl\/de\/\",\"name\":\"DOKTORVOLT\u00ae\",\"description\":\"Producent rozdzielnic budowlanych\",\"publisher\":{\"@id\":\"https:\/\/doktorvolt.pl\/de\/#organization\"},\"potentialAction\":[{\"@type\":\"SearchAction\",\"target\":{\"@type\":\"EntryPoint\",\"urlTemplate\":\"https:\/\/doktorvolt.pl\/de\/?s={search_term_string}\"},\"query-input\":{\"@type\":\"PropertyValueSpecification\",\"valueRequired\":true,\"valueName\":\"search_term_string\"}}],\"inLanguage\":\"en-US\"},{\"@type\":\"Organization\",\"@id\":\"https:\/\/doktorvolt.pl\/de\/#organization\",\"name\":\"DOKTORVOLT\u00ae\",\"url\":\"https:\/\/doktorvolt.pl\/de\/\",\"logo\":{\"@type\":\"ImageObject\",\"inLanguage\":\"en-US\",\"@id\":\"https:\/\/doktorvolt.pl\/de\/#\/schema\/logo\/image\/\",\"url\":\"https:\/\/doktorvolt.pl\/wp-content\/uploads\/2023\/10\/DoktorVOLT-black-png.png\",\"contentUrl\":\"https:\/\/doktorvolt.pl\/wp-content\/uploads\/2023\/10\/DoktorVOLT-black-png.png\",\"width\":729,\"height\":40,\"caption\":\"DOKTORVOLT\u00ae\"},\"image\":{\"@id\":\"https:\/\/doktorvolt.pl\/de\/#\/schema\/logo\/image\/\"}}]}<\/script>\n<!-- \/ Yoast SEO plugin. -->","yoast_head_json":{"title":"Doktorvolt Rozdzielnica PV Fotowoltaiczna Solarna AC SIEMENS 3F B16A 25A 300mA T2 0744 - DOKTORVOLT\u00ae","robots":{"index":"index","follow":"follow","max-snippet":"max-snippet:-1","max-image-preview":"max-image-preview:large","max-video-preview":"max-video-preview:-1"},"canonical":"https:\/\/doktorvolt.pl\/en\/oferta-doktorvolt\/photovoltaic\/doktorvolt-rozdzielnica-pv-fotowoltaiczna-solarna-ac-siemens-3f-b16a-25a-300ma-t2-0744\/","og_locale":"en_US","og_type":"article","og_title":"Doktorvolt Rozdzielnica PV Fotowoltaiczna Solarna AC SIEMENS 3F B16A 25A 300mA T2 0744 - DOKTORVOLT\u00ae","og_url":"https:\/\/doktorvolt.pl\/en\/oferta-doktorvolt\/photovoltaic\/doktorvolt-rozdzielnica-pv-fotowoltaiczna-solarna-ac-siemens-3f-b16a-25a-300ma-t2-0744\/","og_site_name":"DOKTORVOLT\u00ae","og_image":[{"width":1000,"height":1000,"url":"https:\/\/doktorvolt.pl\/wp-content\/uploads\/2026\/02\/pol_pl_16749-16749_1.jpg","type":"image\/jpeg"}],"twitter_card":"summary_large_image","twitter_misc":{"Est. reading time":"2 minutes"},"schema":{"@context":"https:\/\/schema.org","@graph":[{"@type":"WebPage","@id":"https:\/\/doktorvolt.pl\/en\/oferta-doktorvolt\/photovoltaic\/doktorvolt-rozdzielnica-pv-fotowoltaiczna-solarna-ac-siemens-3f-b16a-25a-300ma-t2-0744\/","url":"https:\/\/doktorvolt.pl\/en\/oferta-doktorvolt\/photovoltaic\/doktorvolt-rozdzielnica-pv-fotowoltaiczna-solarna-ac-siemens-3f-b16a-25a-300ma-t2-0744\/","name":"Doktorvolt Rozdzielnica PV Fotowoltaiczna Solarna AC SIEMENS 3F B16A 25A 300mA T2 0744 - DOKTORVOLT\u00ae","isPartOf":{"@id":"https:\/\/doktorvolt.pl\/de\/#website"},"primaryImageOfPage":{"@id":"https:\/\/doktorvolt.pl\/en\/oferta-doktorvolt\/photovoltaic\/doktorvolt-rozdzielnica-pv-fotowoltaiczna-solarna-ac-siemens-3f-b16a-25a-300ma-t2-0744\/#primaryimage"},"image":{"@id":"https:\/\/doktorvolt.pl\/en\/oferta-doktorvolt\/photovoltaic\/doktorvolt-rozdzielnica-pv-fotowoltaiczna-solarna-ac-siemens-3f-b16a-25a-300ma-t2-0744\/#primaryimage"},"thumbnailUrl":"https:\/\/doktorvolt.pl\/wp-content\/uploads\/2026\/02\/pol_pl_16749-16749_1.jpg","datePublished":"2026-02-24T08:23:49+00:00","breadcrumb":{"@id":"https:\/\/doktorvolt.pl\/en\/oferta-doktorvolt\/photovoltaic\/doktorvolt-rozdzielnica-pv-fotowoltaiczna-solarna-ac-siemens-3f-b16a-25a-300ma-t2-0744\/#breadcrumb"},"inLanguage":"en-US","potentialAction":[{"@type":"ReadAction","target":["https:\/\/doktorvolt.pl\/en\/oferta-doktorvolt\/photovoltaic\/doktorvolt-rozdzielnica-pv-fotowoltaiczna-solarna-ac-siemens-3f-b16a-25a-300ma-t2-0744\/"]}]},{"@type":"ImageObject","inLanguage":"en-US","@id":"https:\/\/doktorvolt.pl\/en\/oferta-doktorvolt\/photovoltaic\/doktorvolt-rozdzielnica-pv-fotowoltaiczna-solarna-ac-siemens-3f-b16a-25a-300ma-t2-0744\/#primaryimage","url":"https:\/\/doktorvolt.pl\/wp-content\/uploads\/2026\/02\/pol_pl_16749-16749_1.jpg","contentUrl":"https:\/\/doktorvolt.pl\/wp-content\/uploads\/2026\/02\/pol_pl_16749-16749_1.jpg","width":1000,"height":1000},{"@type":"BreadcrumbList","@id":"https:\/\/doktorvolt.pl\/en\/oferta-doktorvolt\/photovoltaic\/doktorvolt-rozdzielnica-pv-fotowoltaiczna-solarna-ac-siemens-3f-b16a-25a-300ma-t2-0744\/#breadcrumb","itemListElement":[{"@type":"ListItem","position":1,"name":"Strona g\u0142\u00f3wna","item":"https:\/\/doktorvolt.pl\/en\/"},{"@type":"ListItem","position":2,"name":"Offer Doktorvolt","item":"https:\/\/doktorvolt.pl\/en\/offer-doktorvolt\/"},{"@type":"ListItem","position":3,"name":"Doktorvolt Rozdzielnica PV Fotowoltaiczna Solarna AC SIEMENS 3F B16A 25A 300mA T2 0744"}]},{"@type":"WebSite","@id":"https:\/\/doktorvolt.pl\/de\/#website","url":"https:\/\/doktorvolt.pl\/de\/","name":"DOKTORVOLT\u00ae","description":"Producent rozdzielnic budowlanych","publisher":{"@id":"https:\/\/doktorvolt.pl\/de\/#organization"},"potentialAction":[{"@type":"SearchAction","target":{"@type":"EntryPoint","urlTemplate":"https:\/\/doktorvolt.pl\/de\/?s={search_term_string}"},"query-input":{"@type":"PropertyValueSpecification","valueRequired":true,"valueName":"search_term_string"}}],"inLanguage":"en-US"},{"@type":"Organization","@id":"https:\/\/doktorvolt.pl\/de\/#organization","name":"DOKTORVOLT\u00ae","url":"https:\/\/doktorvolt.pl\/de\/","logo":{"@type":"ImageObject","inLanguage":"en-US","@id":"https:\/\/doktorvolt.pl\/de\/#\/schema\/logo\/image\/","url":"https:\/\/doktorvolt.pl\/wp-content\/uploads\/2023\/10\/DoktorVOLT-black-png.png","contentUrl":"https:\/\/doktorvolt.pl\/wp-content\/uploads\/2023\/10\/DoktorVOLT-black-png.png","width":729,"height":40,"caption":"DOKTORVOLT\u00ae"},"image":{"@id":"https:\/\/doktorvolt.pl\/de\/#\/schema\/logo\/image\/"}}]}},"_links":{"self":[{"href":"https:\/\/doktorvolt.pl\/en\/wp-json\/wp\/v2\/product\/110470","targetHints":{"allow":["GET"]}}],"collection":[{"href":"https:\/\/doktorvolt.pl\/en\/wp-json\/wp\/v2\/product"}],"about":[{"href":"https:\/\/doktorvolt.pl\/en\/wp-json\/wp\/v2\/types\/product"}],"wp:featuredmedia":[{"embeddable":true,"href":"https:\/\/doktorvolt.pl\/en\/wp-json\/wp\/v2\/media\/108638"}],"wp:attachment":[{"href":"https:\/\/doktorvolt.pl\/en\/wp-json\/wp\/v2\/media?parent=110470"}],"wp:term":[{"taxonomy":"product_brand","embeddable":true,"href":"https:\/\/doktorvolt.pl\/en\/wp-json\/wp\/v2\/product_brand?post=110470"},{"taxonomy":"product_cat","embeddable":true,"href":"https:\/\/doktorvolt.pl\/en\/wp-json\/wp\/v2\/product_cat?post=110470"},{"taxonomy":"product_tag","embeddable":true,"href":"https:\/\/doktorvolt.pl\/en\/wp-json\/wp\/v2\/product_tag?post=110470"}],"curies":[{"name":"wp","href":"https:\/\/api.w.org\/{rel}","templated":true}]}}