{"id":110473,"date":"2026-02-24T10:23:31","date_gmt":"2026-02-24T08:23:31","guid":{"rendered":"https:\/\/doktorvolt.pl\/sklep\/uncategorized\/rozdzielnica-fotowoltaiczna-solarna-pv-ac-rcbo-b16a-300ma-3f-t1-t2-phoenix-doktorvolt-0249\/"},"modified":"2026-02-24T10:23:31","modified_gmt":"2026-02-24T08:23:31","slug":"rozdzielnica-fotowoltaiczna-solarna-pv-ac-rcbo-b16a-300ma-3f-t1-t2-phoenix-doktorvolt-0249","status":"publish","type":"product","link":"https:\/\/doktorvolt.pl\/en\/oferta-doktorvolt\/photovoltaic\/rozdzielnica-fotowoltaiczna-solarna-pv-ac-rcbo-b16a-300ma-3f-t1-t2-phoenix-doktorvolt-0249\/","title":{"rendered":"Rozdzielnica fotowoltaiczna solarna PV AC RCBO B16A 300mA 3F T1 T2 Phoenix Doktorvolt 0249"},"content":{"rendered":"<h2><span style=\"color: #000000;\"> Rozdzielnica fotowoltaiczna solarna AC PV AC RCBO B16A 300mA 3F T1 T2 Phoenix <\/span><\/h2>\n<p><span style=\"color: #000000;\"> W celu ochrony antyprzepi\u0119ciowej AC wykorzystano ograniczniki przepi\u0119\u0107 uznanej marki Phoenix, kt\u00f3re charakteryzuj\u0105 si\u0119 wysok\u0105 wydajno\u015bci\u0105 pracy i klas\u0105 ochrony odgromowej III i IV <\/span><\/p>\n<p><span style=\"color: #000000;\"><strong>Wszystkie rozdzielnice DOKTORVOLT finalnie przechodz\u0105 testy pomiarowe, gdzie nast\u0119puje ich ostateczne sprawdzenie. Ka\u017cda rozdzielnica opatrzona jest certyfikatem oznaczaj\u0105cym, \u017ce produkt zosta\u0142 przetestowany i sprawdzony oraz jest zgodny z norm\u0105 IEC 61439. Rozdzielnica RCBO posiada tak\u017ce inne certyfikaty tj. T\u00dcV S\u00dcD, ISO 9001:2015, CE.<\/strong><\/span><\/p>\n<h3><span style=\"color: #000000;\">Zalety \/ w\u0142a\u015bciwo\u015bci rozdzielnicy<\/span><\/h3>\n<ul style=\"list-style-type: disc;\">\n<li><span style=\"color: #000000;\">kompaktowa i zwarta obudowa rozdzielni wykonana z najlepszej jako\u015bci materia\u0142\u00f3w,<\/span><\/li>\n<li><span style=\"color: #000000;\">wyposa\u017cona w dwa gniazda 230 V 16 A 3P, roz\u0142\u0105cznik izolacyjny RV63N 63A 230V 3+N 4P,<\/span><\/li>\n<li><span style=\"color: #000000;\">okablowanie i gniazda pochodz\u0105ce od renomowanych producent\u00f3w osprz\u0119tu elektrycznego,<\/span><\/li>\n<li><span style=\"color: #000000;\">klasa szczelno\u015bci rozdzielnicy IP 44,<\/span><\/li>\n<li><span style=\"color: #000000;\">obudowa z solidnego kompozytu, odporna na warunki atmosferyczne,<\/span><\/li>\n<li><span style=\"color: #000000;\"> wy\u0142\u0105cznik r\u00f3\u017cnicowopr\u0105dowy z cz\u0142onem nadpr\u0105dowym: RCBO B16A 4P 300mA.<\/span><\/li>\n<\/ul>\n<h3><span style=\"color: #000000;\">Obudowa:<\/span><\/h3>\n<ul style=\"list-style-type: disc;\">\n<li><span style=\"color: #000000;\"> ilo\u015b\u0107 rz\u0119d\u00f3w: 1<\/span><\/li>\n<li><span style=\"color: #000000;\"> monta\u017c : natynkowy<\/span><\/li>\n<li><span style=\"color: #000000;\"> stopie\u0144 ochrony rozdzielnicy: IP66<\/span><\/li>\n<li><span style=\"color: #000000;\"> napi\u0119cie znamionowe obudowy: 1000V<\/span><\/li>\n<li><span style=\"color: #000000;\"> wymiary obudowy: 300 x 220 x 120 mm<\/span><\/li>\n<\/ul>\n<h3><span style=\"color: #000000;\">Zastosowanie:<\/span><\/h3>\n<ul style=\"list-style-type: disc;\">\n<li><span style=\"color: #000000;\"> wyposa\u017cona jest w wysokiej jako\u015bci komponenty w dziedzinie ochrony pr\u0105dowej <\/span><strong><span style=\"color: #000000;\"> <\/span><\/strong><\/li>\n<\/ul>\n<h3><span style=\"color: #000000;\">Dane techniczne<\/span><\/h3>\n<ul style=\"list-style-type: disc;\">\n<li><span style=\"color: #000000;\"> napi\u0119cie znamionowe obudowy: 1000V <\/span><\/li>\n<li><span style=\"color: #000000;\">pr\u0105d znamionowy: 32A<\/span><\/li>\n<li><span style=\"color: #000000;\"> pr\u0105d maksymalny Imax: 50kA <\/span><\/li>\n<li><span style=\"color: #000000;\">wymiary z d\u0142awicami: 300 x 260 x 120 mm (bez gniazd)<\/span><\/li>\n<li><span style=\"color: #000000;\">certyfikaty T\u00dcV S\u00dcD, ISO 9001:2015, CE, IEC 61439<\/span><\/li>\n<li><span style=\"color: #000000;\">kod produktu: DV-0249-FOT<\/span><\/li>\n<li><span style=\"color: #000000;\">EAN: 5905191010249<\/span><span style=\"color: #000000;\"><\/span><\/li>\n<\/ul>\n<p><span style=\"color: #000000;\"><img decoding=\"async\" src=\"\/data\/include\/cms\/description\/img\/cms\/1_7.png\" alt=\"\" width=\"419\" height=\"419\"><\/span><\/p>\n","protected":false},"excerpt":{"rendered":"","protected":false},"featured_media":108587,"template":"","meta":[],"product_brand":[],"product_cat":[4984],"product_tag":[],"class_list":{"0":"post-110473","1":"product","2":"type-product","3":"status-publish","4":"has-post-thumbnail","6":"product_cat-photovoltaic","7":"pa_dodatkowe-wyposazenie-residual-current-circuit-breaker","8":"pa_napiecie-ac","9":"pa_typ-spd-t1-t2","11":"first","12":"instock","13":"shipping-taxable","14":"product-type-external"},"yoast_head":"<!-- This site is optimized with the Yoast SEO plugin v27.0 - https:\/\/yoast.com\/product\/yoast-seo-wordpress\/ -->\n<title>Rozdzielnica fotowoltaiczna solarna PV AC RCBO B16A 300mA 3F T1 T2 Phoenix Doktorvolt 0249 - DOKTORVOLT\u00ae<\/title>\n<meta name=\"robots\" content=\"index, follow, max-snippet:-1, max-image-preview:large, max-video-preview:-1\" \/>\n<link rel=\"canonical\" href=\"https:\/\/doktorvolt.pl\/en\/oferta-doktorvolt\/photovoltaic\/rozdzielnica-fotowoltaiczna-solarna-pv-ac-rcbo-b16a-300ma-3f-t1-t2-phoenix-doktorvolt-0249\/\" \/>\n<meta property=\"og:locale\" content=\"en_US\" \/>\n<meta property=\"og:type\" content=\"article\" \/>\n<meta property=\"og:title\" content=\"Rozdzielnica fotowoltaiczna solarna PV AC RCBO B16A 300mA 3F T1 T2 Phoenix Doktorvolt 0249 - DOKTORVOLT\u00ae\" \/>\n<meta property=\"og:url\" content=\"https:\/\/doktorvolt.pl\/en\/oferta-doktorvolt\/photovoltaic\/rozdzielnica-fotowoltaiczna-solarna-pv-ac-rcbo-b16a-300ma-3f-t1-t2-phoenix-doktorvolt-0249\/\" \/>\n<meta property=\"og:site_name\" content=\"DOKTORVOLT\u00ae\" \/>\n<meta property=\"og:image\" content=\"https:\/\/doktorvolt.pl\/wp-content\/uploads\/2026\/02\/pol_pl_16627-16627_1.jpg\" \/>\n\t<meta property=\"og:image:width\" content=\"1000\" \/>\n\t<meta property=\"og:image:height\" content=\"1000\" \/>\n\t<meta property=\"og:image:type\" content=\"image\/jpeg\" \/>\n<meta name=\"twitter:card\" content=\"summary_large_image\" \/>\n<meta name=\"twitter:label1\" content=\"Est. reading time\" \/>\n\t<meta name=\"twitter:data1\" content=\"1 minute\" \/>\n<script type=\"application\/ld+json\" class=\"yoast-schema-graph\">{\"@context\":\"https:\/\/schema.org\",\"@graph\":[{\"@type\":\"WebPage\",\"@id\":\"https:\/\/doktorvolt.pl\/en\/oferta-doktorvolt\/photovoltaic\/rozdzielnica-fotowoltaiczna-solarna-pv-ac-rcbo-b16a-300ma-3f-t1-t2-phoenix-doktorvolt-0249\/\",\"url\":\"https:\/\/doktorvolt.pl\/en\/oferta-doktorvolt\/photovoltaic\/rozdzielnica-fotowoltaiczna-solarna-pv-ac-rcbo-b16a-300ma-3f-t1-t2-phoenix-doktorvolt-0249\/\",\"name\":\"Rozdzielnica fotowoltaiczna solarna PV AC RCBO B16A 300mA 3F T1 T2 Phoenix Doktorvolt 0249 - DOKTORVOLT\u00ae\",\"isPartOf\":{\"@id\":\"https:\/\/doktorvolt.pl\/de\/#website\"},\"primaryImageOfPage\":{\"@id\":\"https:\/\/doktorvolt.pl\/en\/oferta-doktorvolt\/photovoltaic\/rozdzielnica-fotowoltaiczna-solarna-pv-ac-rcbo-b16a-300ma-3f-t1-t2-phoenix-doktorvolt-0249\/#primaryimage\"},\"image\":{\"@id\":\"https:\/\/doktorvolt.pl\/en\/oferta-doktorvolt\/photovoltaic\/rozdzielnica-fotowoltaiczna-solarna-pv-ac-rcbo-b16a-300ma-3f-t1-t2-phoenix-doktorvolt-0249\/#primaryimage\"},\"thumbnailUrl\":\"https:\/\/doktorvolt.pl\/wp-content\/uploads\/2026\/02\/pol_pl_16627-16627_1.jpg\",\"datePublished\":\"2026-02-24T08:23:31+00:00\",\"breadcrumb\":{\"@id\":\"https:\/\/doktorvolt.pl\/en\/oferta-doktorvolt\/photovoltaic\/rozdzielnica-fotowoltaiczna-solarna-pv-ac-rcbo-b16a-300ma-3f-t1-t2-phoenix-doktorvolt-0249\/#breadcrumb\"},\"inLanguage\":\"en-US\",\"potentialAction\":[{\"@type\":\"ReadAction\",\"target\":[\"https:\/\/doktorvolt.pl\/en\/oferta-doktorvolt\/photovoltaic\/rozdzielnica-fotowoltaiczna-solarna-pv-ac-rcbo-b16a-300ma-3f-t1-t2-phoenix-doktorvolt-0249\/\"]}]},{\"@type\":\"ImageObject\",\"inLanguage\":\"en-US\",\"@id\":\"https:\/\/doktorvolt.pl\/en\/oferta-doktorvolt\/photovoltaic\/rozdzielnica-fotowoltaiczna-solarna-pv-ac-rcbo-b16a-300ma-3f-t1-t2-phoenix-doktorvolt-0249\/#primaryimage\",\"url\":\"https:\/\/doktorvolt.pl\/wp-content\/uploads\/2026\/02\/pol_pl_16627-16627_1.jpg\",\"contentUrl\":\"https:\/\/doktorvolt.pl\/wp-content\/uploads\/2026\/02\/pol_pl_16627-16627_1.jpg\",\"width\":1000,\"height\":1000},{\"@type\":\"BreadcrumbList\",\"@id\":\"https:\/\/doktorvolt.pl\/en\/oferta-doktorvolt\/photovoltaic\/rozdzielnica-fotowoltaiczna-solarna-pv-ac-rcbo-b16a-300ma-3f-t1-t2-phoenix-doktorvolt-0249\/#breadcrumb\",\"itemListElement\":[{\"@type\":\"ListItem\",\"position\":1,\"name\":\"Strona g\u0142\u00f3wna\",\"item\":\"https:\/\/doktorvolt.pl\/en\/\"},{\"@type\":\"ListItem\",\"position\":2,\"name\":\"Offer Doktorvolt\",\"item\":\"https:\/\/doktorvolt.pl\/en\/offer-doktorvolt\/\"},{\"@type\":\"ListItem\",\"position\":3,\"name\":\"Rozdzielnica fotowoltaiczna solarna PV AC RCBO B16A 300mA 3F T1 T2 Phoenix Doktorvolt 0249\"}]},{\"@type\":\"WebSite\",\"@id\":\"https:\/\/doktorvolt.pl\/de\/#website\",\"url\":\"https:\/\/doktorvolt.pl\/de\/\",\"name\":\"DOKTORVOLT\u00ae\",\"description\":\"Producent rozdzielnic budowlanych\",\"publisher\":{\"@id\":\"https:\/\/doktorvolt.pl\/de\/#organization\"},\"potentialAction\":[{\"@type\":\"SearchAction\",\"target\":{\"@type\":\"EntryPoint\",\"urlTemplate\":\"https:\/\/doktorvolt.pl\/de\/?s={search_term_string}\"},\"query-input\":{\"@type\":\"PropertyValueSpecification\",\"valueRequired\":true,\"valueName\":\"search_term_string\"}}],\"inLanguage\":\"en-US\"},{\"@type\":\"Organization\",\"@id\":\"https:\/\/doktorvolt.pl\/de\/#organization\",\"name\":\"DOKTORVOLT\u00ae\",\"url\":\"https:\/\/doktorvolt.pl\/de\/\",\"logo\":{\"@type\":\"ImageObject\",\"inLanguage\":\"en-US\",\"@id\":\"https:\/\/doktorvolt.pl\/de\/#\/schema\/logo\/image\/\",\"url\":\"https:\/\/doktorvolt.pl\/wp-content\/uploads\/2023\/10\/DoktorVOLT-black-png.png\",\"contentUrl\":\"https:\/\/doktorvolt.pl\/wp-content\/uploads\/2023\/10\/DoktorVOLT-black-png.png\",\"width\":729,\"height\":40,\"caption\":\"DOKTORVOLT\u00ae\"},\"image\":{\"@id\":\"https:\/\/doktorvolt.pl\/de\/#\/schema\/logo\/image\/\"}}]}<\/script>\n<!-- \/ Yoast SEO plugin. -->","yoast_head_json":{"title":"Rozdzielnica fotowoltaiczna solarna PV AC RCBO B16A 300mA 3F T1 T2 Phoenix Doktorvolt 0249 - DOKTORVOLT\u00ae","robots":{"index":"index","follow":"follow","max-snippet":"max-snippet:-1","max-image-preview":"max-image-preview:large","max-video-preview":"max-video-preview:-1"},"canonical":"https:\/\/doktorvolt.pl\/en\/oferta-doktorvolt\/photovoltaic\/rozdzielnica-fotowoltaiczna-solarna-pv-ac-rcbo-b16a-300ma-3f-t1-t2-phoenix-doktorvolt-0249\/","og_locale":"en_US","og_type":"article","og_title":"Rozdzielnica fotowoltaiczna solarna PV AC RCBO B16A 300mA 3F T1 T2 Phoenix Doktorvolt 0249 - DOKTORVOLT\u00ae","og_url":"https:\/\/doktorvolt.pl\/en\/oferta-doktorvolt\/photovoltaic\/rozdzielnica-fotowoltaiczna-solarna-pv-ac-rcbo-b16a-300ma-3f-t1-t2-phoenix-doktorvolt-0249\/","og_site_name":"DOKTORVOLT\u00ae","og_image":[{"width":1000,"height":1000,"url":"https:\/\/doktorvolt.pl\/wp-content\/uploads\/2026\/02\/pol_pl_16627-16627_1.jpg","type":"image\/jpeg"}],"twitter_card":"summary_large_image","twitter_misc":{"Est. reading time":"1 minute"},"schema":{"@context":"https:\/\/schema.org","@graph":[{"@type":"WebPage","@id":"https:\/\/doktorvolt.pl\/en\/oferta-doktorvolt\/photovoltaic\/rozdzielnica-fotowoltaiczna-solarna-pv-ac-rcbo-b16a-300ma-3f-t1-t2-phoenix-doktorvolt-0249\/","url":"https:\/\/doktorvolt.pl\/en\/oferta-doktorvolt\/photovoltaic\/rozdzielnica-fotowoltaiczna-solarna-pv-ac-rcbo-b16a-300ma-3f-t1-t2-phoenix-doktorvolt-0249\/","name":"Rozdzielnica fotowoltaiczna solarna PV AC RCBO B16A 300mA 3F T1 T2 Phoenix Doktorvolt 0249 - DOKTORVOLT\u00ae","isPartOf":{"@id":"https:\/\/doktorvolt.pl\/de\/#website"},"primaryImageOfPage":{"@id":"https:\/\/doktorvolt.pl\/en\/oferta-doktorvolt\/photovoltaic\/rozdzielnica-fotowoltaiczna-solarna-pv-ac-rcbo-b16a-300ma-3f-t1-t2-phoenix-doktorvolt-0249\/#primaryimage"},"image":{"@id":"https:\/\/doktorvolt.pl\/en\/oferta-doktorvolt\/photovoltaic\/rozdzielnica-fotowoltaiczna-solarna-pv-ac-rcbo-b16a-300ma-3f-t1-t2-phoenix-doktorvolt-0249\/#primaryimage"},"thumbnailUrl":"https:\/\/doktorvolt.pl\/wp-content\/uploads\/2026\/02\/pol_pl_16627-16627_1.jpg","datePublished":"2026-02-24T08:23:31+00:00","breadcrumb":{"@id":"https:\/\/doktorvolt.pl\/en\/oferta-doktorvolt\/photovoltaic\/rozdzielnica-fotowoltaiczna-solarna-pv-ac-rcbo-b16a-300ma-3f-t1-t2-phoenix-doktorvolt-0249\/#breadcrumb"},"inLanguage":"en-US","potentialAction":[{"@type":"ReadAction","target":["https:\/\/doktorvolt.pl\/en\/oferta-doktorvolt\/photovoltaic\/rozdzielnica-fotowoltaiczna-solarna-pv-ac-rcbo-b16a-300ma-3f-t1-t2-phoenix-doktorvolt-0249\/"]}]},{"@type":"ImageObject","inLanguage":"en-US","@id":"https:\/\/doktorvolt.pl\/en\/oferta-doktorvolt\/photovoltaic\/rozdzielnica-fotowoltaiczna-solarna-pv-ac-rcbo-b16a-300ma-3f-t1-t2-phoenix-doktorvolt-0249\/#primaryimage","url":"https:\/\/doktorvolt.pl\/wp-content\/uploads\/2026\/02\/pol_pl_16627-16627_1.jpg","contentUrl":"https:\/\/doktorvolt.pl\/wp-content\/uploads\/2026\/02\/pol_pl_16627-16627_1.jpg","width":1000,"height":1000},{"@type":"BreadcrumbList","@id":"https:\/\/doktorvolt.pl\/en\/oferta-doktorvolt\/photovoltaic\/rozdzielnica-fotowoltaiczna-solarna-pv-ac-rcbo-b16a-300ma-3f-t1-t2-phoenix-doktorvolt-0249\/#breadcrumb","itemListElement":[{"@type":"ListItem","position":1,"name":"Strona g\u0142\u00f3wna","item":"https:\/\/doktorvolt.pl\/en\/"},{"@type":"ListItem","position":2,"name":"Offer Doktorvolt","item":"https:\/\/doktorvolt.pl\/en\/offer-doktorvolt\/"},{"@type":"ListItem","position":3,"name":"Rozdzielnica fotowoltaiczna solarna PV AC RCBO B16A 300mA 3F T1 T2 Phoenix Doktorvolt 0249"}]},{"@type":"WebSite","@id":"https:\/\/doktorvolt.pl\/de\/#website","url":"https:\/\/doktorvolt.pl\/de\/","name":"DOKTORVOLT\u00ae","description":"Producent rozdzielnic budowlanych","publisher":{"@id":"https:\/\/doktorvolt.pl\/de\/#organization"},"potentialAction":[{"@type":"SearchAction","target":{"@type":"EntryPoint","urlTemplate":"https:\/\/doktorvolt.pl\/de\/?s={search_term_string}"},"query-input":{"@type":"PropertyValueSpecification","valueRequired":true,"valueName":"search_term_string"}}],"inLanguage":"en-US"},{"@type":"Organization","@id":"https:\/\/doktorvolt.pl\/de\/#organization","name":"DOKTORVOLT\u00ae","url":"https:\/\/doktorvolt.pl\/de\/","logo":{"@type":"ImageObject","inLanguage":"en-US","@id":"https:\/\/doktorvolt.pl\/de\/#\/schema\/logo\/image\/","url":"https:\/\/doktorvolt.pl\/wp-content\/uploads\/2023\/10\/DoktorVOLT-black-png.png","contentUrl":"https:\/\/doktorvolt.pl\/wp-content\/uploads\/2023\/10\/DoktorVOLT-black-png.png","width":729,"height":40,"caption":"DOKTORVOLT\u00ae"},"image":{"@id":"https:\/\/doktorvolt.pl\/de\/#\/schema\/logo\/image\/"}}]}},"_links":{"self":[{"href":"https:\/\/doktorvolt.pl\/en\/wp-json\/wp\/v2\/product\/110473","targetHints":{"allow":["GET"]}}],"collection":[{"href":"https:\/\/doktorvolt.pl\/en\/wp-json\/wp\/v2\/product"}],"about":[{"href":"https:\/\/doktorvolt.pl\/en\/wp-json\/wp\/v2\/types\/product"}],"wp:featuredmedia":[{"embeddable":true,"href":"https:\/\/doktorvolt.pl\/en\/wp-json\/wp\/v2\/media\/108587"}],"wp:attachment":[{"href":"https:\/\/doktorvolt.pl\/en\/wp-json\/wp\/v2\/media?parent=110473"}],"wp:term":[{"taxonomy":"product_brand","embeddable":true,"href":"https:\/\/doktorvolt.pl\/en\/wp-json\/wp\/v2\/product_brand?post=110473"},{"taxonomy":"product_cat","embeddable":true,"href":"https:\/\/doktorvolt.pl\/en\/wp-json\/wp\/v2\/product_cat?post=110473"},{"taxonomy":"product_tag","embeddable":true,"href":"https:\/\/doktorvolt.pl\/en\/wp-json\/wp\/v2\/product_tag?post=110473"}],"curies":[{"name":"wp","href":"https:\/\/api.w.org\/{rel}","templated":true}]}}