{"id":110496,"date":"2026-02-24T10:19:56","date_gmt":"2026-02-24T08:19:56","guid":{"rendered":"https:\/\/doktorvolt.pl\/sklep\/uncategorized\/rozdzielnica-pv-fotowoltaiczna-solarna-dc-1000v-t2-phoenix-contact-pg-doktorvolt-dv-4357-fot\/"},"modified":"2026-02-24T10:19:56","modified_gmt":"2026-02-24T08:19:56","slug":"rozdzielnica-pv-fotowoltaiczna-solarna-dc-1000v-t2-phoenix-contact-pg-doktorvolt-dv-4357-fot","status":"publish","type":"product","link":"https:\/\/doktorvolt.pl\/en\/oferta-doktorvolt\/photovoltaic\/rozdzielnica-pv-fotowoltaiczna-solarna-dc-1000v-t2-phoenix-contact-pg-doktorvolt-dv-4357-fot\/","title":{"rendered":"Rozdzielnica PV Fotowoltaiczna Solarna DC 1000V T2 Phoenix Contact PG Doktorvolt DV-4357-FOT"},"content":{"rendered":"<p><!-- aukcja by D\u017cesa --><\/p>\n<h1 style=\"text-align: center;\"><span style=\"color: #000000;\">Rozdzielnica fotowoltaiczna DC Ogranicznik przepi\u0119\u0107 1000V DC Typ 1+2 3-biegunowy 40kA 5kA 4,2kV 3-modu\u0142owy<br \/><\/span><\/h1>\n<\/p>\n<p style=\"font-family: verdana, geneva; font-size: 12pt; text-align: center;\"><span style=\"color: #000000;\">&#x2b50;&#x2b50;&#x2b50;&#x2b50;&#x2b50;<\/span><\/p>\n<\/p>\n<p style=\"font-size: 13pt; text-align: left;\"><span style=\"color: #000000;\"><strong>&#x27a1;&#xfe0f;Rozdzielnica fotowoltaiczna marki Doktorvolt:<\/strong><\/span><\/p>\n<p style=\"text-align: justify;\"><span style=\"font-family: verdana, geneva; font-size: 12pt; color: #000000;\">&#x2714;&#xfe0f; wyposa\u017cona zosta\u0142a w wysokiej jako\u015bci komponenty w dziedzinie ochrony pr\u0105dowej,<\/span><\/p>\n<p style=\"text-align: justify;\"><span style=\"font-family: verdana, geneva; font-size: 12pt; color: #000000;\">&#x2714;&#xfe0f; w celu ochrony antyprzepi\u0119ciowej DC wykorzystano ogranicznik przepi\u0119\u0107 Typ 1+2 1000V DC 3-biegunowy 40kA 5kA 4,2kV 3-modu\u0142owy, kt\u00f3ry charakteryzuje si\u0119 wysok\u0105 wydajno\u015bci\u0105 pracy i niezawodno\u015bci\u0105,<\/span><\/p>\n<p style=\"text-align: justify;\"><span style=\"font-family: verdana, geneva; font-size: 12pt; color: #000000;\">&#x2714;&#xfe0f; rozdzielnica posiada stopie\u0144 ochrony IP65, kt\u00f3ry zapewnia jej hermetyczno\u015b\u0107 i wodoszczelno\u015b\u0107.<\/span><\/p>\n<\/p>\n<p style=\"font-size: 13pt; text-align: left;\"><span style=\"color: #000000;\"><strong>&#x27a1;&#xfe0f; Firma Doktorvolt\u00ae w procesie produkcji rozdzielnic wdro\u017cy\u0142a system zarz\u0105dzania certyfikowany przez T\u00dcV S\u00dcD:<\/strong><\/span><\/p>\n<p style=\"text-align: justify;\"><span style=\"font-family: verdana, geneva; font-size: 12pt; color: #000000;\">&#x2714;&#xfe0f; gwarancja wysokiej jako\u015bci,<\/span><\/p>\n<p style=\"text-align: justify;\"><span style=\"font-family: verdana, geneva; font-size: 12pt; color: #000000;\">&#x2714;&#xfe0f; transparentny przep\u0142yw informacji,<\/span><\/p>\n<p style=\"text-align: justify;\"><span style=\"font-family: verdana, geneva; font-size: 12pt; color: #000000;\">&#x2714;&#xfe0f; gwarancja w zakresie bezpiecze\u0144stwa,<\/span><\/p>\n<p style=\"text-align: justify;\"><span style=\"font-family: verdana, geneva; font-size: 12pt; color: #000000;\">&#x2714;&#xfe0f; zapewniona dobra obs\u0142uga klienta.<\/span><\/p>\n<p style=\"text-align: center;\"><img decoding=\"async\" src=\"\/data\/include\/cms\/description\/img\/cms\/certyfikat%20TUV.png\" alt=\"\" width=\"306\" height=\"152\" \/><\/p>\n<\/p>\n<p><center><\/p>\n<p><iframe width=\"660\" height=\"415\" src=\"https:\/\/www.youtube.com\/embed\/OGZNz2HYkaQ\" frameborder=\"0\"><\/iframe><\/p>\n<p><\/center><\/p>\n<p style=\"text-align: justify;\"><span style=\"font-family: verdana, geneva; font-size: 12pt; color: #000000;\">&#x27a1;&#xfe0f;Firma Doktorvolt specjalizuje si\u0119 w produkcji wysokiej jako\u015bci rozdzielnic budowlanych z gniazdami, rozdzielnic fotowoltaicznych oraz przed\u0142u\u017caczy. Na rynku wyr\u00f3\u017cniaj\u0105 ich jako\u015b\u0107, dba\u0142o\u015b\u0107 o detale oraz kompleksowa obs\u0142uga klienta. Produkty Doktorvolt wytwarzane s\u0105 ze sprawdzonych komponent\u00f3w pochodz\u0105cych od europejskich dostawc\u00f3w.<\/span><\/p>\n<\/p>\n<table class=\"center\" style=\"background-color: #f5f5f5; margin-left: auto; margin-right: auto; width: 631px; border: 1px solid #ffffff;\" align=\"center\">\n<tbody>\n<tr>\n<td colspan=\"2\" style=\"text-align:right; padding:15px;\"><span style=\"font-size:16px;\">Obudowa<\/span><\/td>\n<\/tr>\n<tr>\n<td style=\"text-align:right; padding:15px;\">ilo\u015b\u0107 modu\u0142\u00f3w<\/td>\n<td style=\"background:#fff; text-align:center;\">4<\/td>\n<\/tr>\n<tr>\n<td style=\"text-align:right; padding:15px;\">ilo\u015b\u0107 rz\u0119d\u00f3w<\/td>\n<td style=\"background:#fff; text-align:center;\">1<\/td>\n<\/tr>\n<tr>\n<td style=\"text-align:right; padding:15px;\">monta\u017c<\/td>\n<td style=\"background:#fff; text-align:center;\">natynkowy<\/td>\n<\/tr>\n<tr>\n<td style=\"text-align:right; padding:15px;\">stopie\u0144 ochrony rozdzielnicy<\/td>\n<td style=\"background:#fff; text-align:center;\">IP65<\/td>\n<\/tr>\n<tr>\n<td style=\"text-align:right; padding:15px;\">napi\u0119cie znamionowe obudowy<\/td>\n<td style=\"background:#fff; text-align:center;\">1000V<\/td>\n<\/tr>\n<tr>\n<td style=\"text-align:right; padding:15px;\">wymiary obudowy<\/td>\n<td style=\"background:#fff; text-align:center;\">142\u00d7210\u00d7100 mm<\/td>\n<\/tr>\n<tr>\n<td style=\"text-align:right; padding:15px;\">wymiary obudowy z d\u0142awnicami PG<\/td>\n<td style=\"background:#fff; text-align:center;\">142\u00d7240\u00d7100 mm<\/td>\n<\/tr>\n<tr>\n<td style=\"text-align:right; padding:15px;\">materia\u0142 obudowy<\/td>\n<td style=\"background:#fff; text-align:center;\">technopolimer<\/td>\n<\/tr>\n<tr>\n<td style=\"text-align:right; padding:15px;\">materia\u0142 drzwi<\/td>\n<td style=\"background:#fff; text-align:center;\">poliw\u0119glan<\/td>\n<\/tr>\n<tr>\n<td style=\"text-align:right; padding:15px;\">kolor obudowy<\/td>\n<td style=\"background:#fff; text-align:center;\">szary RAL 7035<\/td>\n<\/tr>\n<tr>\n<td style=\"text-align:right; padding:15px;\">materia\u0142 \u015brub<\/td>\n<td style=\"background:#fff; text-align:center;\">stal nierdzewna<\/td>\n<\/tr>\n<tr>\n<td style=\"text-align:right; padding:15px;\">materia\u0142 uszczelki<\/td>\n<td style=\"background:#fff; text-align:center;\">guma EPDM<\/td>\n<\/tr>\n<tr>\n<td style=\"text-align:right; padding:15px;\">d\u0142awnice kablowe PG<\/td>\n<td style=\"background:#fff; text-align:center;\">1\u00d7PG11<br \/>4\u00d7PG7<\/td>\n<\/tr>\n<tr>\n<td style=\"text-align:right; padding:15px;\">certyfikaty i normy<\/td>\n<td style=\"background:#fff; text-align:center;\">CE<br \/>RoHS<br \/>Deca-BDE<br \/>CEI 23-48<\/td>\n<\/tr>\n<tr>\n<td colspan=\"2\" style=\"text-align:right; padding:15px;\">Ochrona przewod\u00f3w DC<\/td>\n<\/tr>\n<tr>\n<td style=\"text-align:right; padding:15px;\">ogranicznik przepi\u0119\u0107 DC<\/td>\n<td style=\"background:#fff; text-align:center;\">Typ 1+2 \u2022 3-biegunowy \u2022 3-modu\u0142owy \u2022 1000V DC<\/td>\n<\/tr>\n<tr>\n<td style=\"text-align:right; padding:15px;\">maksymalne napi\u0119cie pracy Un<\/td>\n<td style=\"background:#fff; text-align:center;\">1000V DC<\/td>\n<\/tr>\n<tr>\n<td style=\"text-align:right; padding:15px;\">maksymalne napi\u0119cie pracy Uc<\/td>\n<td style=\"background:#fff; text-align:center;\">1200V DC<\/td>\n<\/tr>\n<tr>\n<td style=\"text-align:right; padding:15px;\">klasa ochrony<\/td>\n<td style=\"background:#fff; text-align:center;\">Typ 1+2 (T1\/T2)<\/td>\n<\/tr>\n<tr>\n<td style=\"text-align:right; padding:15px;\">pr\u0105d pr\u00f3bny In<\/td>\n<td style=\"background:#fff; text-align:center;\">40kA (8\/20 \u00b5s)<\/td>\n<\/tr>\n<tr>\n<td style=\"text-align:right; padding:15px;\">pr\u0105d maksymalny Imax<\/td>\n<td style=\"background:#fff; text-align:center;\">5kA (10\/350 \u00b5s)<\/td>\n<\/tr>\n<tr>\n<td style=\"text-align:right; padding:15px;\">napi\u0119ciowy poziom ochrony<\/td>\n<td style=\"background:#fff; text-align:center;\">4,2kV<\/td>\n<\/tr>\n<tr>\n<td style=\"text-align:right; padding:15px;\">liczba obwod\u00f3w DC (string\u00f3w)<\/td>\n<td style=\"background:#fff; text-align:center;\">3<\/td>\n<\/tr>\n<tr>\n<td style=\"text-align:right; padding:15px;\">certyfikaty, klasyfikacje i normy<\/td>\n<td style=\"background:#fff; text-align:center;\">IEC 61643-31 \u2022 CE<\/td>\n<\/tr>\n<tr>\n<td colspan=\"2\" style=\"text-align:right; padding:15px;\">Informacje producenta<\/td>\n<\/tr>\n<tr>\n<td style=\"text-align:right; padding:15px;\">producent<\/td>\n<td style=\"background:#fff; text-align:center;\">Doktorvolt<\/td>\n<\/tr>\n<tr>\n<td style=\"text-align:right; padding:15px;\">certyfikaty i normy producenta<\/td>\n<td style=\"background:#fff; text-align:center;\">T\u00dcV S\u00dcD<br \/>ISO 9001:2015<br \/>CE<br \/>IEC 61439<\/td>\n<\/tr>\n<tr>\n<td style=\"text-align:right; padding:15px;\">oznaczenie producenta<\/td>\n<td style=\"background:#fff; text-align:center;\">DV-4357-FOT<\/td>\n<\/tr>\n<tr>\n<td style=\"text-align:right; padding:15px;\">EAN<\/td>\n<td style=\"background:#fff; text-align:center;\">5907589334357<\/td>\n<\/tr>\n<\/tbody>\n<\/table>\n","protected":false},"excerpt":{"rendered":"","protected":false},"featured_media":108244,"template":"","meta":[],"product_brand":[],"product_cat":[4984],"product_tag":[],"class_list":{"0":"post-110496","1":"product","2":"type-product","3":"status-publish","4":"has-post-thumbnail","6":"product_cat-photovoltaic","7":"pa_dodatkowe-wyposazenie-pg-threaded-connection","8":"pa_liczba-stringow-5024","9":"pa_napiecie-dc","10":"pa_typ-spd-t2","12":"first","13":"instock","14":"shipping-taxable","15":"product-type-external"},"yoast_head":"<!-- This site is optimized with the Yoast SEO plugin v27.0 - https:\/\/yoast.com\/product\/yoast-seo-wordpress\/ -->\n<title>Rozdzielnica PV Fotowoltaiczna Solarna DC 1000V T2 Phoenix Contact PG Doktorvolt DV-4357-FOT - DOKTORVOLT\u00ae<\/title>\n<meta name=\"robots\" content=\"index, follow, max-snippet:-1, max-image-preview:large, max-video-preview:-1\" \/>\n<link rel=\"canonical\" href=\"https:\/\/doktorvolt.pl\/en\/oferta-doktorvolt\/photovoltaic\/rozdzielnica-pv-fotowoltaiczna-solarna-dc-1000v-t2-phoenix-contact-pg-doktorvolt-dv-4357-fot\/\" \/>\n<meta property=\"og:locale\" content=\"en_US\" \/>\n<meta property=\"og:type\" content=\"article\" \/>\n<meta property=\"og:title\" content=\"Rozdzielnica PV Fotowoltaiczna Solarna DC 1000V T2 Phoenix Contact PG Doktorvolt DV-4357-FOT - DOKTORVOLT\u00ae\" \/>\n<meta property=\"og:url\" content=\"https:\/\/doktorvolt.pl\/en\/oferta-doktorvolt\/photovoltaic\/rozdzielnica-pv-fotowoltaiczna-solarna-dc-1000v-t2-phoenix-contact-pg-doktorvolt-dv-4357-fot\/\" \/>\n<meta property=\"og:site_name\" content=\"DOKTORVOLT\u00ae\" \/>\n<meta property=\"og:image\" content=\"https:\/\/doktorvolt.pl\/wp-content\/uploads\/2026\/02\/pol_pl_Rozdzielnica-PV-Fotowoltaiczna-Solarna-DC-1000V-T2-Phoenix-Contact-PG-Doktorvolt-DV-4357-FOT-14228_1.jpg\" \/>\n\t<meta property=\"og:image:width\" content=\"1000\" \/>\n\t<meta property=\"og:image:height\" content=\"1000\" \/>\n\t<meta property=\"og:image:type\" content=\"image\/jpeg\" \/>\n<meta name=\"twitter:card\" content=\"summary_large_image\" \/>\n<meta name=\"twitter:label1\" content=\"Est. reading time\" \/>\n\t<meta name=\"twitter:data1\" content=\"2 minutes\" \/>\n<script type=\"application\/ld+json\" class=\"yoast-schema-graph\">{\"@context\":\"https:\/\/schema.org\",\"@graph\":[{\"@type\":\"WebPage\",\"@id\":\"https:\/\/doktorvolt.pl\/en\/oferta-doktorvolt\/photovoltaic\/rozdzielnica-pv-fotowoltaiczna-solarna-dc-1000v-t2-phoenix-contact-pg-doktorvolt-dv-4357-fot\/\",\"url\":\"https:\/\/doktorvolt.pl\/en\/oferta-doktorvolt\/photovoltaic\/rozdzielnica-pv-fotowoltaiczna-solarna-dc-1000v-t2-phoenix-contact-pg-doktorvolt-dv-4357-fot\/\",\"name\":\"Rozdzielnica PV Fotowoltaiczna Solarna DC 1000V T2 Phoenix Contact PG Doktorvolt DV-4357-FOT - DOKTORVOLT\u00ae\",\"isPartOf\":{\"@id\":\"https:\/\/doktorvolt.pl\/de\/#website\"},\"primaryImageOfPage\":{\"@id\":\"https:\/\/doktorvolt.pl\/en\/oferta-doktorvolt\/photovoltaic\/rozdzielnica-pv-fotowoltaiczna-solarna-dc-1000v-t2-phoenix-contact-pg-doktorvolt-dv-4357-fot\/#primaryimage\"},\"image\":{\"@id\":\"https:\/\/doktorvolt.pl\/en\/oferta-doktorvolt\/photovoltaic\/rozdzielnica-pv-fotowoltaiczna-solarna-dc-1000v-t2-phoenix-contact-pg-doktorvolt-dv-4357-fot\/#primaryimage\"},\"thumbnailUrl\":\"https:\/\/doktorvolt.pl\/wp-content\/uploads\/2026\/02\/pol_pl_Rozdzielnica-PV-Fotowoltaiczna-Solarna-DC-1000V-T2-Phoenix-Contact-PG-Doktorvolt-DV-4357-FOT-14228_1.jpg\",\"datePublished\":\"2026-02-24T08:19:56+00:00\",\"breadcrumb\":{\"@id\":\"https:\/\/doktorvolt.pl\/en\/oferta-doktorvolt\/photovoltaic\/rozdzielnica-pv-fotowoltaiczna-solarna-dc-1000v-t2-phoenix-contact-pg-doktorvolt-dv-4357-fot\/#breadcrumb\"},\"inLanguage\":\"en-US\",\"potentialAction\":[{\"@type\":\"ReadAction\",\"target\":[\"https:\/\/doktorvolt.pl\/en\/oferta-doktorvolt\/photovoltaic\/rozdzielnica-pv-fotowoltaiczna-solarna-dc-1000v-t2-phoenix-contact-pg-doktorvolt-dv-4357-fot\/\"]}]},{\"@type\":\"ImageObject\",\"inLanguage\":\"en-US\",\"@id\":\"https:\/\/doktorvolt.pl\/en\/oferta-doktorvolt\/photovoltaic\/rozdzielnica-pv-fotowoltaiczna-solarna-dc-1000v-t2-phoenix-contact-pg-doktorvolt-dv-4357-fot\/#primaryimage\",\"url\":\"https:\/\/doktorvolt.pl\/wp-content\/uploads\/2026\/02\/pol_pl_Rozdzielnica-PV-Fotowoltaiczna-Solarna-DC-1000V-T2-Phoenix-Contact-PG-Doktorvolt-DV-4357-FOT-14228_1.jpg\",\"contentUrl\":\"https:\/\/doktorvolt.pl\/wp-content\/uploads\/2026\/02\/pol_pl_Rozdzielnica-PV-Fotowoltaiczna-Solarna-DC-1000V-T2-Phoenix-Contact-PG-Doktorvolt-DV-4357-FOT-14228_1.jpg\",\"width\":1000,\"height\":1000},{\"@type\":\"BreadcrumbList\",\"@id\":\"https:\/\/doktorvolt.pl\/en\/oferta-doktorvolt\/photovoltaic\/rozdzielnica-pv-fotowoltaiczna-solarna-dc-1000v-t2-phoenix-contact-pg-doktorvolt-dv-4357-fot\/#breadcrumb\",\"itemListElement\":[{\"@type\":\"ListItem\",\"position\":1,\"name\":\"Strona g\u0142\u00f3wna\",\"item\":\"https:\/\/doktorvolt.pl\/en\/\"},{\"@type\":\"ListItem\",\"position\":2,\"name\":\"Offer Doktorvolt\",\"item\":\"https:\/\/doktorvolt.pl\/en\/offer-doktorvolt\/\"},{\"@type\":\"ListItem\",\"position\":3,\"name\":\"Rozdzielnica PV Fotowoltaiczna Solarna DC 1000V T2 Phoenix Contact PG Doktorvolt DV-4357-FOT\"}]},{\"@type\":\"WebSite\",\"@id\":\"https:\/\/doktorvolt.pl\/de\/#website\",\"url\":\"https:\/\/doktorvolt.pl\/de\/\",\"name\":\"DOKTORVOLT\u00ae\",\"description\":\"Producent rozdzielnic budowlanych\",\"publisher\":{\"@id\":\"https:\/\/doktorvolt.pl\/de\/#organization\"},\"potentialAction\":[{\"@type\":\"SearchAction\",\"target\":{\"@type\":\"EntryPoint\",\"urlTemplate\":\"https:\/\/doktorvolt.pl\/de\/?s={search_term_string}\"},\"query-input\":{\"@type\":\"PropertyValueSpecification\",\"valueRequired\":true,\"valueName\":\"search_term_string\"}}],\"inLanguage\":\"en-US\"},{\"@type\":\"Organization\",\"@id\":\"https:\/\/doktorvolt.pl\/de\/#organization\",\"name\":\"DOKTORVOLT\u00ae\",\"url\":\"https:\/\/doktorvolt.pl\/de\/\",\"logo\":{\"@type\":\"ImageObject\",\"inLanguage\":\"en-US\",\"@id\":\"https:\/\/doktorvolt.pl\/de\/#\/schema\/logo\/image\/\",\"url\":\"https:\/\/doktorvolt.pl\/wp-content\/uploads\/2023\/10\/DoktorVOLT-black-png.png\",\"contentUrl\":\"https:\/\/doktorvolt.pl\/wp-content\/uploads\/2023\/10\/DoktorVOLT-black-png.png\",\"width\":729,\"height\":40,\"caption\":\"DOKTORVOLT\u00ae\"},\"image\":{\"@id\":\"https:\/\/doktorvolt.pl\/de\/#\/schema\/logo\/image\/\"}}]}<\/script>\n<!-- \/ Yoast SEO plugin. -->","yoast_head_json":{"title":"Rozdzielnica PV Fotowoltaiczna Solarna DC 1000V T2 Phoenix Contact PG Doktorvolt DV-4357-FOT - DOKTORVOLT\u00ae","robots":{"index":"index","follow":"follow","max-snippet":"max-snippet:-1","max-image-preview":"max-image-preview:large","max-video-preview":"max-video-preview:-1"},"canonical":"https:\/\/doktorvolt.pl\/en\/oferta-doktorvolt\/photovoltaic\/rozdzielnica-pv-fotowoltaiczna-solarna-dc-1000v-t2-phoenix-contact-pg-doktorvolt-dv-4357-fot\/","og_locale":"en_US","og_type":"article","og_title":"Rozdzielnica PV Fotowoltaiczna Solarna DC 1000V T2 Phoenix Contact PG Doktorvolt DV-4357-FOT - DOKTORVOLT\u00ae","og_url":"https:\/\/doktorvolt.pl\/en\/oferta-doktorvolt\/photovoltaic\/rozdzielnica-pv-fotowoltaiczna-solarna-dc-1000v-t2-phoenix-contact-pg-doktorvolt-dv-4357-fot\/","og_site_name":"DOKTORVOLT\u00ae","og_image":[{"width":1000,"height":1000,"url":"https:\/\/doktorvolt.pl\/wp-content\/uploads\/2026\/02\/pol_pl_Rozdzielnica-PV-Fotowoltaiczna-Solarna-DC-1000V-T2-Phoenix-Contact-PG-Doktorvolt-DV-4357-FOT-14228_1.jpg","type":"image\/jpeg"}],"twitter_card":"summary_large_image","twitter_misc":{"Est. reading time":"2 minutes"},"schema":{"@context":"https:\/\/schema.org","@graph":[{"@type":"WebPage","@id":"https:\/\/doktorvolt.pl\/en\/oferta-doktorvolt\/photovoltaic\/rozdzielnica-pv-fotowoltaiczna-solarna-dc-1000v-t2-phoenix-contact-pg-doktorvolt-dv-4357-fot\/","url":"https:\/\/doktorvolt.pl\/en\/oferta-doktorvolt\/photovoltaic\/rozdzielnica-pv-fotowoltaiczna-solarna-dc-1000v-t2-phoenix-contact-pg-doktorvolt-dv-4357-fot\/","name":"Rozdzielnica PV Fotowoltaiczna Solarna DC 1000V T2 Phoenix Contact PG Doktorvolt DV-4357-FOT - DOKTORVOLT\u00ae","isPartOf":{"@id":"https:\/\/doktorvolt.pl\/de\/#website"},"primaryImageOfPage":{"@id":"https:\/\/doktorvolt.pl\/en\/oferta-doktorvolt\/photovoltaic\/rozdzielnica-pv-fotowoltaiczna-solarna-dc-1000v-t2-phoenix-contact-pg-doktorvolt-dv-4357-fot\/#primaryimage"},"image":{"@id":"https:\/\/doktorvolt.pl\/en\/oferta-doktorvolt\/photovoltaic\/rozdzielnica-pv-fotowoltaiczna-solarna-dc-1000v-t2-phoenix-contact-pg-doktorvolt-dv-4357-fot\/#primaryimage"},"thumbnailUrl":"https:\/\/doktorvolt.pl\/wp-content\/uploads\/2026\/02\/pol_pl_Rozdzielnica-PV-Fotowoltaiczna-Solarna-DC-1000V-T2-Phoenix-Contact-PG-Doktorvolt-DV-4357-FOT-14228_1.jpg","datePublished":"2026-02-24T08:19:56+00:00","breadcrumb":{"@id":"https:\/\/doktorvolt.pl\/en\/oferta-doktorvolt\/photovoltaic\/rozdzielnica-pv-fotowoltaiczna-solarna-dc-1000v-t2-phoenix-contact-pg-doktorvolt-dv-4357-fot\/#breadcrumb"},"inLanguage":"en-US","potentialAction":[{"@type":"ReadAction","target":["https:\/\/doktorvolt.pl\/en\/oferta-doktorvolt\/photovoltaic\/rozdzielnica-pv-fotowoltaiczna-solarna-dc-1000v-t2-phoenix-contact-pg-doktorvolt-dv-4357-fot\/"]}]},{"@type":"ImageObject","inLanguage":"en-US","@id":"https:\/\/doktorvolt.pl\/en\/oferta-doktorvolt\/photovoltaic\/rozdzielnica-pv-fotowoltaiczna-solarna-dc-1000v-t2-phoenix-contact-pg-doktorvolt-dv-4357-fot\/#primaryimage","url":"https:\/\/doktorvolt.pl\/wp-content\/uploads\/2026\/02\/pol_pl_Rozdzielnica-PV-Fotowoltaiczna-Solarna-DC-1000V-T2-Phoenix-Contact-PG-Doktorvolt-DV-4357-FOT-14228_1.jpg","contentUrl":"https:\/\/doktorvolt.pl\/wp-content\/uploads\/2026\/02\/pol_pl_Rozdzielnica-PV-Fotowoltaiczna-Solarna-DC-1000V-T2-Phoenix-Contact-PG-Doktorvolt-DV-4357-FOT-14228_1.jpg","width":1000,"height":1000},{"@type":"BreadcrumbList","@id":"https:\/\/doktorvolt.pl\/en\/oferta-doktorvolt\/photovoltaic\/rozdzielnica-pv-fotowoltaiczna-solarna-dc-1000v-t2-phoenix-contact-pg-doktorvolt-dv-4357-fot\/#breadcrumb","itemListElement":[{"@type":"ListItem","position":1,"name":"Strona g\u0142\u00f3wna","item":"https:\/\/doktorvolt.pl\/en\/"},{"@type":"ListItem","position":2,"name":"Offer Doktorvolt","item":"https:\/\/doktorvolt.pl\/en\/offer-doktorvolt\/"},{"@type":"ListItem","position":3,"name":"Rozdzielnica PV Fotowoltaiczna Solarna DC 1000V T2 Phoenix Contact PG Doktorvolt DV-4357-FOT"}]},{"@type":"WebSite","@id":"https:\/\/doktorvolt.pl\/de\/#website","url":"https:\/\/doktorvolt.pl\/de\/","name":"DOKTORVOLT\u00ae","description":"Producent rozdzielnic budowlanych","publisher":{"@id":"https:\/\/doktorvolt.pl\/de\/#organization"},"potentialAction":[{"@type":"SearchAction","target":{"@type":"EntryPoint","urlTemplate":"https:\/\/doktorvolt.pl\/de\/?s={search_term_string}"},"query-input":{"@type":"PropertyValueSpecification","valueRequired":true,"valueName":"search_term_string"}}],"inLanguage":"en-US"},{"@type":"Organization","@id":"https:\/\/doktorvolt.pl\/de\/#organization","name":"DOKTORVOLT\u00ae","url":"https:\/\/doktorvolt.pl\/de\/","logo":{"@type":"ImageObject","inLanguage":"en-US","@id":"https:\/\/doktorvolt.pl\/de\/#\/schema\/logo\/image\/","url":"https:\/\/doktorvolt.pl\/wp-content\/uploads\/2023\/10\/DoktorVOLT-black-png.png","contentUrl":"https:\/\/doktorvolt.pl\/wp-content\/uploads\/2023\/10\/DoktorVOLT-black-png.png","width":729,"height":40,"caption":"DOKTORVOLT\u00ae"},"image":{"@id":"https:\/\/doktorvolt.pl\/de\/#\/schema\/logo\/image\/"}}]}},"_links":{"self":[{"href":"https:\/\/doktorvolt.pl\/en\/wp-json\/wp\/v2\/product\/110496","targetHints":{"allow":["GET"]}}],"collection":[{"href":"https:\/\/doktorvolt.pl\/en\/wp-json\/wp\/v2\/product"}],"about":[{"href":"https:\/\/doktorvolt.pl\/en\/wp-json\/wp\/v2\/types\/product"}],"wp:featuredmedia":[{"embeddable":true,"href":"https:\/\/doktorvolt.pl\/en\/wp-json\/wp\/v2\/media\/108244"}],"wp:attachment":[{"href":"https:\/\/doktorvolt.pl\/en\/wp-json\/wp\/v2\/media?parent=110496"}],"wp:term":[{"taxonomy":"product_brand","embeddable":true,"href":"https:\/\/doktorvolt.pl\/en\/wp-json\/wp\/v2\/product_brand?post=110496"},{"taxonomy":"product_cat","embeddable":true,"href":"https:\/\/doktorvolt.pl\/en\/wp-json\/wp\/v2\/product_cat?post=110496"},{"taxonomy":"product_tag","embeddable":true,"href":"https:\/\/doktorvolt.pl\/en\/wp-json\/wp\/v2\/product_tag?post=110496"}],"curies":[{"name":"wp","href":"https:\/\/api.w.org\/{rel}","templated":true}]}}