{"id":110518,"date":"2026-02-24T10:17:21","date_gmt":"2026-02-24T08:17:21","guid":{"rendered":"https:\/\/doktorvolt.pl\/sklep\/uncategorized\/ogranicznik-przepiec-ochronnik-3p-1000v-dc-t1-t2-doktorvolt-5088\/"},"modified":"2026-02-24T10:17:21","modified_gmt":"2026-02-24T08:17:21","slug":"ogranicznik-przepiec-ochronnik-3p-1000v-dc-t1-t2-doktorvolt-5088","status":"publish","type":"product","link":"https:\/\/doktorvolt.pl\/en\/oferta-doktorvolt\/modular-apparatus\/surge-protective-devices\/ogranicznik-przepiec-ochronnik-3p-1000v-dc-t1-t2-doktorvolt-5088\/","title":{"rendered":"Ogranicznik przepi\u0119\u0107 ochronnik 3P 1000V DC T1\/T2 Doktorvolt 5088"},"content":{"rendered":"<h1 style=\"text-align:center;\"><span style=\"color:#000000;\">Ogranicznik przepi\u0119\u0107 ochronnik 1000 V DC<\/span><br \/><span style=\"color:#000000;\">3P 20-40 kA klasy T1 T2<\/span><\/h1>\n<\/p>\n<p style=\"font-family:verdana, geneva;font-size:12pt;text-align:center;\"><span style=\"color:#000000;\">&#x2b50;&#x2b50;&#x2b50;&#x2b50;&#x2b50;<\/span><\/p>\n<p style=\"font-family:verdana, geneva;font-size:12pt;text-align:justify;\"><span style=\"color:#000000;\">&#x27a1;&#xfe0f; Ogranicznik przepi\u0119\u0107 to urz\u0105dzenie ochraniaj\u0105ce przed przej\u015bciowymi przepi\u0119ciami, ograniczaj\u0105cymi cz\u0119stotliwo\u015b\u0107 oraz czas trwania pr\u0105du nast\u0119pczego. Urz\u0105dzenia nazywane s\u0105 te\u017c odgromnikami, ochronnikami przepi\u0119ciowymi czy warrystorami. Ograniczniki przepi\u0119\u0107 chroni\u0105 pod\u0142\u0105czone do sieci urz\u0105dzenia, s\u0105 te\u017c niezb\u0119dnym elementem ochrony instalacji solarnych.<\/span><\/p>\n<p style=\"font-family:verdana, geneva;font-size:12pt;text-align:justify;\"><span style=\"color:#000000;\">&#x27a1;&#xfe0f; Ograniczniki przepi\u0119\u0107 T1\/T2 (&#8220;kombinowane&#8221;) s\u0142u\u017c\u0105 do odprowadzania pr\u0105d\u00f3w udarowych o du\u017cej mocy i kszta\u0142cie fali 10\/350 \u03bcs, wyst\u0119puj\u0105cych w wyniku uderzenia pioruna w sieciach zasilaj\u0105cych tr\u00f3j- i jednofazowych (linie napowietrzne) i\/lub przepi\u0119\u0107 spowodowanych przeci\u0105\u017ceniami wyst\u0119puj\u0105cymi w wyniku prze\u0142\u0105cze\u0144 w obwodzie (o kszta\u0142cie fali 8\/20 \u03bcs). Wykonane s\u0105 jako jednostki kompaktowe. Ochronniki przeciwprzepi\u0119ciowe zawieraj\u0105ce jednostki ochronne typu 1 i 2 (T1\/T2) nale\u017cy zainstalowa\u0107 za pierwszym przyrz\u0105dem ochrony zwarciowej, bezpo\u015brednio za licznikiem energii elektrycznej (w g\u0142\u00f3wnej rozdzielnicy).<\/span><\/p>\n<p style=\"font-family:verdana, geneva;font-size:12pt;text-align:center;\"><span style=\"color:#000000;\">&#x2b50;&#x2b50;&#x2b50;&#x2b50;&#x2b50;<\/span><\/p>\n<p style=\"font-family:verdana, geneva;font-size:12pt;text-align:justify;\"><span style=\"color:#000000;\"><strong>Cechy ogranicznika przepi\u0119\u0107 DV-5088:<\/strong><\/span><\/p>\n<p style=\"font-family:verdana, geneva;font-size:12pt;text-align:justify;\"><span style=\"color:#000000;\">&#x2714;&#xfe0f; Ochrona urz\u0105dze\u0144 instalacji elektrycznej przed skutkami przepi\u0119\u0107<\/span><\/p>\n<p style=\"font-family:verdana, geneva;font-size:12pt;text-align:justify;\"><span style=\"color:#000000;\">&#x2714;&#xfe0f; Ochrona instalacji fotowoltaicznych i urz\u0105dze\u0144 pod\u0142\u0105czonych<\/span><\/p>\n<p style=\"font-family:verdana, geneva;font-size:12pt;text-align:justify;\"><span style=\"color:#000000;\">&#x2714;&#xfe0f; Typ ogranicznika T1\/T2 (klasa B+C)<\/span><\/p>\n<p style=\"font-family:verdana, geneva;font-size:12pt;text-align:justify;\"><span style=\"color:#000000;\">&#x2714;&#xfe0f; Monta\u017c na szynie DIN (TH\/TS 35)<\/span><\/p>\n<p style=\"font-family:verdana, geneva;font-size:12pt;text-align:justify;\"><span style=\"color:#000000;\">&#x2714;&#xfe0f; Zgodny z norm\u0105 IEC (EN) 61643-11<\/span><\/p>\n<p style=\"font-family:verdana, geneva;font-size:12pt;text-align:justify;\"><span style=\"color:#000000;\">&#x2714;&#xfe0f; Maksymalny przekr\u00f3j przy\u0142\u0105czanego przewodu: 35mm<sup>2<\/sup><\/span><\/p>\n<p style=\"font-family:verdana, geneva;font-size:12pt;text-align:justify;\"><span style=\"color:#000000;\">&#x2714;&#xfe0f; 3-modu\u0142owy<\/span><\/p>\n<p style=\"font-family:verdana, geneva;font-size:12pt;text-align:justify;\"><span style=\"color:#000000;\">&#x2714;&#xfe0f; Napi\u0119cie znamionowe 1000 V DC (pr\u0105d sta\u0142y)<\/span><\/p>\n<p style=\"font-family:verdana, geneva;font-size:12pt;text-align:justify;\"><span style=\"color:#000000;\">&#x2714;&#xfe0f; Wymagane zabezpieczenie 32 A<\/span><\/p>\n<p style=\"font-family:verdana, geneva;font-size:12pt;text-align:justify;\"><span style=\"color:#000000;\">&#x2714;&#xfe0f; Napi\u0119ciowy poziom ochrony do\u00a02 kV<\/span><\/p>\n<p style=\"font-family:verdana, geneva;font-size:12pt;text-align:justify;\"><span style=\"color:#000000;\">&#x2714;&#xfe0f; Ograniczniki posiadaj\u0105 dodatkowe za\u015blepki do zakrywania otwor\u00f3w monta\u017cowych<\/span><\/p>\n<p style=\"font-family:verdana, geneva;font-size:12pt;text-align:justify;\">\n<p style=\"font-family:verdana, geneva;font-size:12pt;text-align:center;\"><span style=\"color:#000000;\"><strong>&#x2757; Dob\u00f3r i instalacja ogranicznik\u00f3w przepi\u0119\u0107 dokonywane mog\u0105 by\u0107 wy\u0142\u0105cznie przez osoby uprawnione, wykwalifikowane oraz zale\u017c\u0105 od typu zastosowanej instalacji odgromowej jak i typu sieci. &#x2757;<\/strong><\/span><\/p>\n<p style=\"font-family:verdana, geneva;font-size:12pt;text-align:center;\">\n<table class=\"center\" style=\"background-color:#f5f5f5;margin-left:auto;margin-right:auto;width:627px;height:1357px;border:1px solid #ffffff;\" align=\"center\">\n<tbody>\n<tr align=\"left\">\n<td class=\"align_justify\" style=\"text-align:right;padding:15px;height:25px;\" valign=\"middle\" align=\"right\"><span style=\"font-size:12pt;color:#000000;\"><span style=\"font-family:verdana, geneva;\">zastosowanie<\/span><span style=\"font-family:verdana, geneva;\"><br \/><\/span><\/span><\/td>\n<td style=\"background-color:#ffffff;text-align:center;padding:15px;\">\n<p><span style=\"font-family:verdana, geneva;font-size:12pt;color:#000000;\">do ochrony urz\u0105dze\u0144 elektrycznych instalacji fotowoltaicznej przez skutkami przepi\u0119\u0107<br \/>ochrony instalacji typu TN,TT przed napi\u0119ciami indukowanymi, \u0142\u0105czeniowymi, \u0142\u0105czeniowymi oraz wywo\u0142anymi przez czynniki atmosferyczne<br \/><span style=\"font-family:verdana, geneva;font-size:12pt;\"><\/span><\/span><\/p>\n<\/td>\n<\/tr>\n<tr align=\"left\">\n<td class=\"align_justify\" style=\"text-align:right;padding:15px;height:25px;\" valign=\"middle\" align=\"right\"><span style=\"font-size:12pt;color:#000000;\"><span style=\"font-family:verdana, geneva;\">wska\u017anik dzia\u0142ania<\/span><\/span><\/td>\n<td style=\"background-color:#ffffff;text-align:center;padding:15px;\">\n<p><span style=\"font-family:verdana, geneva;font-size:12pt;color:#000000;\">zielony \u2013 ochrona <\/span><\/p>\n<p><span style=\"font-family:verdana, geneva;font-size:12pt;color:#000000;\">czerwony \u2013 brak ochrony<\/span><\/p>\n<\/td>\n<\/tr>\n<tr align=\"left\">\n<td class=\"align_justify\" style=\"text-align:right;padding:15px;height:25px;\" valign=\"middle\" align=\"right\"><span style=\"font-size:12pt;color:#000000;\"><span style=\"font-family:verdana, geneva;\">klasa ochrony<br \/><\/span><\/span><\/td>\n<td style=\"background-color:#ffffff;text-align:center;padding:15px;\"><span style=\"font-family:verdana, geneva;font-size:12pt;color:#000000;\">T1 T2<br \/><\/span><\/td>\n<\/tr>\n<tr>\n<td style=\"text-align:right;padding:15px;height:25px;\" valign=\"middle\" align=\"right\"><span style=\"font-size:12pt;color:#000000;\"><span style=\"font-family:verdana, geneva;\">liczba modu\u0142\u00f3w<br \/><\/span><\/span><\/td>\n<td style=\"background-color:#ffffff;text-align:center;padding:15px;\"><span style=\"font-family:verdana, geneva;color:#000000;\"><span style=\"font-size:16px;\">3<\/span><\/span><\/td>\n<\/tr>\n<tr align=\"left\">\n<td class=\"align_justify\" style=\"text-align:right;padding:15px;height:25px;\" valign=\"middle\" align=\"right\"><span style=\"font-size:12pt;color:#000000;\"><span style=\"font-family:verdana, geneva;\">spe\u0142nienie wymog\u00f3w klasy<br \/><\/span><\/span><\/td>\n<td style=\"background-color:#ffffff;text-align:center;padding:15px;\"><span style=\"font-family:verdana, geneva;font-size:12pt;color:#000000;\">T1 T2<\/span><\/td>\n<\/tr>\n<tr>\n<td style=\"text-align:right;padding:15px;height:25px;\" valign=\"middle\" align=\"right\"><span style=\"font-size:12pt;color:#000000;\"><span style=\"font-family:verdana, geneva;\">maksymalne napi\u0119cie pracy Uc<\/span><\/span><\/td>\n<td style=\"background-color:#ffffff;text-align:center;padding:15px;\"><span style=\"font-size:12pt;color:#000000;\"><span style=\"font-size:12pt;\">1000 V DC<\/span><\/span><\/td>\n<\/tr>\n<tr>\n<td style=\"text-align:right;padding:15px;height:25px;\" valign=\"middle\" align=\"right\"><span style=\"font-size:12pt;color:#000000;\"><span style=\"font-family:verdana, geneva;\">pr\u0105d pr\u00f3bny (8\/20) I<sub>n<\/sub><br \/><\/span><\/span><\/td>\n<td style=\"background-color:#ffffff;text-align:center;padding:15px;\"><span style=\"font-family:verdana, geneva;font-size:12pt;color:#000000;\"><span style=\"font-family:verdana, geneva;font-size:12pt;\">20 kA<\/span><\/span><\/td>\n<\/tr>\n<tr>\n<td style=\"text-align:right;padding:15px;height:25px;\" valign=\"middle\" align=\"right\"><span style=\"font-size:12pt;color:#000000;\"><span style=\"font-family:verdana, geneva;\">pr\u0105d max. (8\/20) I<sub>max<\/sub><br \/><\/span><\/span><\/td>\n<td style=\"background-color:#ffffff;text-align:center;padding:15px;\"><span style=\"font-family:verdana, geneva;font-size:12pt;color:#000000;\"><span style=\"font-family:verdana, geneva;font-size:12pt;\">40 kA<\/span><\/span><\/td>\n<\/tr>\n<tr>\n<td style=\"text-align:right;padding:15px;height:25px;\" valign=\"middle\" align=\"right\"><span style=\"font-size:12pt;color:#000000;\"><span style=\"font-family:verdana, geneva;\">napi\u0119ciowy poziom ochrony Up<br \/><\/span><\/span><\/td>\n<td style=\"background-color:#ffffff;text-align:center;padding:15px;\"><span style=\"font-family:verdana, geneva;font-size:12pt;color:#000000;\"><span style=\"font-family:verdana, geneva;font-size:12pt;\">\u2264\u00a02 kV<\/span><\/span><\/td>\n<\/tr>\n<tr>\n<td style=\"text-align:right;padding:15px;height:25px;\" valign=\"middle\" align=\"right\"><span style=\"font-size:12pt;color:#000000;\"><span style=\"font-family:verdana, geneva;\">wymagane zabezpieczenie<\/span><\/span><\/td>\n<td style=\"background-color:#ffffff;text-align:center;padding:15px;\"><span style=\"font-family:verdana, geneva;font-size:12pt;color:#000000;\">32A<br \/><\/span><\/td>\n<\/tr>\n<tr>\n<td style=\"text-align:right;padding:15px;height:25px;\" valign=\"middle\" align=\"right\"><span style=\"font-size:12pt;color:#000000;\"><span style=\"font-family:verdana, geneva;\">przy\u0142\u0105cza max<\/span><\/span><\/td>\n<td style=\"background-color:#ffffff;text-align:center;padding:15px;\"><span style=\"font-family:verdana, geneva;font-size:12pt;color:#000000;\">35mm<sup>2<\/sup><\/span><\/td>\n<\/tr>\n<tr>\n<td style=\"text-align:right;padding:15px;height:25px;\" valign=\"middle\" align=\"right\"><span style=\"font-size:12pt;color:#000000;\"><span style=\"font-family:verdana, geneva;\">wykonanie<\/span><\/span><\/td>\n<td style=\"background-color:#ffffff;text-align:center;padding:15px;\"><span style=\"font-family:verdana, geneva;font-size:12pt;color:#000000;\">warystorowe<\/span><\/td>\n<\/tr>\n<tr>\n<td style=\"text-align:right;padding:15px;height:25px;\" valign=\"middle\" align=\"right\"><span style=\"font-size:12pt;color:#000000;\"><span style=\"font-family:verdana, geneva;\">klasa szczelno\u015bci<br \/><\/span><\/span><\/td>\n<td style=\"background-color:#ffffff;text-align:center;padding:15px;\"><span style=\"font-family:verdana, geneva;font-size:12pt;color:#000000;\">IP20<br \/><\/span><\/td>\n<\/tr>\n<tr>\n<td style=\"text-align:right;padding:15px;height:25px;\" valign=\"middle\" align=\"right\"><span style=\"font-size:12pt;color:#000000;\"><span style=\"font-family:verdana, geneva;\">temperatura sk\u0142adowania<br \/><\/span><\/span><\/td>\n<td style=\"background-color:#ffffff;text-align:center;padding:15px;\"><span style=\"font-family:verdana, geneva;font-size:12pt;color:#000000;\">od -30<span style=\"font-family:verdana, geneva;font-size:12pt;\"><sup>o<\/sup>C<\/span> do +70<sup>o<\/sup>C<br \/><\/span><\/td>\n<\/tr>\n<tr>\n<td style=\"text-align:right;padding:15px;height:25px;\" valign=\"middle\" align=\"right\"><span style=\"font-size:12pt;color:#000000;\"><span style=\"font-family:verdana, geneva;\">temperatura otoczenia pracy<br \/><\/span><\/span><\/td>\n<td style=\"background-color:#ffffff;text-align:center;padding:15px;\"><span style=\"font-family:verdana, geneva;font-size:12pt;color:#000000;\">od -30 do +50<sup>o<\/sup>C<\/span><\/td>\n<\/tr>\n<tr>\n<td style=\"text-align:right;padding:15px;height:25px;\" valign=\"middle\" align=\"right\"><span style=\"font-size:12pt;color:#000000;\"><span style=\"font-family:verdana, geneva;\">monta\u017c na szynie<br \/><\/span><\/span><\/td>\n<td style=\"background-color:#ffffff;text-align:center;padding:15px;\"><span style=\"font-family:verdana, geneva;font-size:12pt;color:#000000;\">DIN (TH\/TS 35)<\/span><\/td>\n<\/tr>\n<tr>\n<td style=\"text-align:right;padding:15px;height:25px;\" valign=\"middle\" align=\"right\"><span style=\"font-size:12pt;color:#000000;\"><span style=\"font-family:verdana, geneva;\">deklaracje<br \/><\/span><\/span><\/td>\n<td style=\"background-color:#ffffff;text-align:center;padding:15px;\"><span style=\"font-family:verdana, geneva;font-size:12pt;color:#000000;\">CE, IEC61643-11<br \/><\/span><\/td>\n<\/tr>\n<tr>\n<td style=\"text-align:right;padding:15px;height:25px;\" valign=\"middle\" align=\"right\"><span style=\"font-size:12pt;color:#000000;\"><span style=\"font-family:verdana, geneva;\">marka<br \/><\/span><\/span><\/td>\n<td style=\"background-color:#ffffff;text-align:center;padding:15px;\"><span style=\"font-family:verdana, geneva;color:#000000;\"><span style=\"font-size:16px;\">Doktorvolt<\/span><\/span><\/td>\n<\/tr>\n<tr>\n<td style=\"text-align:right;padding:15px;height:25px;\" valign=\"middle\" align=\"right\"><span style=\"font-size:12pt;color:#000000;\"><span style=\"font-family:verdana, geneva;\">numer katalogowy<br \/><\/span><\/span><\/td>\n<td style=\"background-color:#ffffff;text-align:center;padding:15px;\"><span style=\"font-family:verdana, geneva;font-size:12pt;color:#000000;\">DV-5088<\/span><\/td>\n<\/tr>\n<\/tbody>\n<\/table>\n","protected":false},"excerpt":{"rendered":"<p>Ogranicznik przepi\u0119\u0107 ochronnik przepi\u0119\u0107 instalacji fotowoltaicznych klasy T1\/T2 3P 1000V DC 20-40kA<\/p>\n","protected":false},"featured_media":107898,"template":"","meta":[],"product_brand":[],"product_cat":[4980],"product_tag":[],"class_list":{"0":"post-110518","1":"product","2":"type-product","3":"status-publish","4":"has-post-thumbnail","6":"product_cat-surge-protective-devices","7":"pa_liczba-biegunow-3p","8":"pa_ochrona-przepieciowa-dc","9":"pa_typ-spd-t1-t2","11":"first","12":"instock","13":"shipping-taxable","14":"product-type-external"},"yoast_head":"<!-- This site is optimized with the Yoast SEO plugin v27.0 - https:\/\/yoast.com\/product\/yoast-seo-wordpress\/ -->\n<title>Ogranicznik przepi\u0119\u0107 ochronnik 3P 1000V DC T1\/T2 Doktorvolt 5088 - DOKTORVOLT\u00ae<\/title>\n<meta name=\"robots\" content=\"index, follow, max-snippet:-1, max-image-preview:large, max-video-preview:-1\" \/>\n<link rel=\"canonical\" href=\"https:\/\/doktorvolt.pl\/en\/oferta-doktorvolt\/modular-apparatus\/surge-protective-devices\/ogranicznik-przepiec-ochronnik-3p-1000v-dc-t1-t2-doktorvolt-5088\/\" \/>\n<meta property=\"og:locale\" content=\"en_US\" \/>\n<meta property=\"og:type\" content=\"article\" \/>\n<meta property=\"og:title\" content=\"Ogranicznik przepi\u0119\u0107 ochronnik 3P 1000V DC T1\/T2 Doktorvolt 5088 - DOKTORVOLT\u00ae\" \/>\n<meta property=\"og:description\" content=\"Ogranicznik przepi\u0119\u0107 ochronnik przepi\u0119\u0107 instalacji fotowoltaicznych klasy T1\/T2 3P 1000V DC 20-40kA\" \/>\n<meta property=\"og:url\" content=\"https:\/\/doktorvolt.pl\/en\/oferta-doktorvolt\/modular-apparatus\/surge-protective-devices\/ogranicznik-przepiec-ochronnik-3p-1000v-dc-t1-t2-doktorvolt-5088\/\" \/>\n<meta property=\"og:site_name\" content=\"DOKTORVOLT\u00ae\" \/>\n<meta property=\"og:image\" content=\"https:\/\/doktorvolt.pl\/wp-content\/uploads\/2026\/02\/pol_pl_14477-14477_1.jpg\" \/>\n\t<meta property=\"og:image:width\" content=\"1000\" \/>\n\t<meta property=\"og:image:height\" content=\"1000\" \/>\n\t<meta property=\"og:image:type\" content=\"image\/jpeg\" \/>\n<meta name=\"twitter:card\" content=\"summary_large_image\" \/>\n<meta name=\"twitter:label1\" content=\"Est. reading time\" \/>\n\t<meta name=\"twitter:data1\" content=\"2 minutes\" \/>\n<script type=\"application\/ld+json\" class=\"yoast-schema-graph\">{\"@context\":\"https:\/\/schema.org\",\"@graph\":[{\"@type\":\"WebPage\",\"@id\":\"https:\/\/doktorvolt.pl\/en\/oferta-doktorvolt\/modular-apparatus\/surge-protective-devices\/ogranicznik-przepiec-ochronnik-3p-1000v-dc-t1-t2-doktorvolt-5088\/\",\"url\":\"https:\/\/doktorvolt.pl\/en\/oferta-doktorvolt\/modular-apparatus\/surge-protective-devices\/ogranicznik-przepiec-ochronnik-3p-1000v-dc-t1-t2-doktorvolt-5088\/\",\"name\":\"Ogranicznik przepi\u0119\u0107 ochronnik 3P 1000V DC T1\/T2 Doktorvolt 5088 - DOKTORVOLT\u00ae\",\"isPartOf\":{\"@id\":\"https:\/\/doktorvolt.pl\/de\/#website\"},\"primaryImageOfPage\":{\"@id\":\"https:\/\/doktorvolt.pl\/en\/oferta-doktorvolt\/modular-apparatus\/surge-protective-devices\/ogranicznik-przepiec-ochronnik-3p-1000v-dc-t1-t2-doktorvolt-5088\/#primaryimage\"},\"image\":{\"@id\":\"https:\/\/doktorvolt.pl\/en\/oferta-doktorvolt\/modular-apparatus\/surge-protective-devices\/ogranicznik-przepiec-ochronnik-3p-1000v-dc-t1-t2-doktorvolt-5088\/#primaryimage\"},\"thumbnailUrl\":\"https:\/\/doktorvolt.pl\/wp-content\/uploads\/2026\/02\/pol_pl_14477-14477_1.jpg\",\"datePublished\":\"2026-02-24T08:17:21+00:00\",\"breadcrumb\":{\"@id\":\"https:\/\/doktorvolt.pl\/en\/oferta-doktorvolt\/modular-apparatus\/surge-protective-devices\/ogranicznik-przepiec-ochronnik-3p-1000v-dc-t1-t2-doktorvolt-5088\/#breadcrumb\"},\"inLanguage\":\"en-US\",\"potentialAction\":[{\"@type\":\"ReadAction\",\"target\":[\"https:\/\/doktorvolt.pl\/en\/oferta-doktorvolt\/modular-apparatus\/surge-protective-devices\/ogranicznik-przepiec-ochronnik-3p-1000v-dc-t1-t2-doktorvolt-5088\/\"]}]},{\"@type\":\"ImageObject\",\"inLanguage\":\"en-US\",\"@id\":\"https:\/\/doktorvolt.pl\/en\/oferta-doktorvolt\/modular-apparatus\/surge-protective-devices\/ogranicznik-przepiec-ochronnik-3p-1000v-dc-t1-t2-doktorvolt-5088\/#primaryimage\",\"url\":\"https:\/\/doktorvolt.pl\/wp-content\/uploads\/2026\/02\/pol_pl_14477-14477_1.jpg\",\"contentUrl\":\"https:\/\/doktorvolt.pl\/wp-content\/uploads\/2026\/02\/pol_pl_14477-14477_1.jpg\",\"width\":1000,\"height\":1000},{\"@type\":\"BreadcrumbList\",\"@id\":\"https:\/\/doktorvolt.pl\/en\/oferta-doktorvolt\/modular-apparatus\/surge-protective-devices\/ogranicznik-przepiec-ochronnik-3p-1000v-dc-t1-t2-doktorvolt-5088\/#breadcrumb\",\"itemListElement\":[{\"@type\":\"ListItem\",\"position\":1,\"name\":\"Strona g\u0142\u00f3wna\",\"item\":\"https:\/\/doktorvolt.pl\/en\/\"},{\"@type\":\"ListItem\",\"position\":2,\"name\":\"Offer Doktorvolt\",\"item\":\"https:\/\/doktorvolt.pl\/en\/offer-doktorvolt\/\"},{\"@type\":\"ListItem\",\"position\":3,\"name\":\"Ogranicznik przepi\u0119\u0107 ochronnik 3P 1000V DC T1\/T2 Doktorvolt 5088\"}]},{\"@type\":\"WebSite\",\"@id\":\"https:\/\/doktorvolt.pl\/de\/#website\",\"url\":\"https:\/\/doktorvolt.pl\/de\/\",\"name\":\"DOKTORVOLT\u00ae\",\"description\":\"Producent rozdzielnic budowlanych\",\"publisher\":{\"@id\":\"https:\/\/doktorvolt.pl\/de\/#organization\"},\"potentialAction\":[{\"@type\":\"SearchAction\",\"target\":{\"@type\":\"EntryPoint\",\"urlTemplate\":\"https:\/\/doktorvolt.pl\/de\/?s={search_term_string}\"},\"query-input\":{\"@type\":\"PropertyValueSpecification\",\"valueRequired\":true,\"valueName\":\"search_term_string\"}}],\"inLanguage\":\"en-US\"},{\"@type\":\"Organization\",\"@id\":\"https:\/\/doktorvolt.pl\/de\/#organization\",\"name\":\"DOKTORVOLT\u00ae\",\"url\":\"https:\/\/doktorvolt.pl\/de\/\",\"logo\":{\"@type\":\"ImageObject\",\"inLanguage\":\"en-US\",\"@id\":\"https:\/\/doktorvolt.pl\/de\/#\/schema\/logo\/image\/\",\"url\":\"https:\/\/doktorvolt.pl\/wp-content\/uploads\/2023\/10\/DoktorVOLT-black-png.png\",\"contentUrl\":\"https:\/\/doktorvolt.pl\/wp-content\/uploads\/2023\/10\/DoktorVOLT-black-png.png\",\"width\":729,\"height\":40,\"caption\":\"DOKTORVOLT\u00ae\"},\"image\":{\"@id\":\"https:\/\/doktorvolt.pl\/de\/#\/schema\/logo\/image\/\"}}]}<\/script>\n<!-- \/ Yoast SEO plugin. -->","yoast_head_json":{"title":"Ogranicznik przepi\u0119\u0107 ochronnik 3P 1000V DC T1\/T2 Doktorvolt 5088 - DOKTORVOLT\u00ae","robots":{"index":"index","follow":"follow","max-snippet":"max-snippet:-1","max-image-preview":"max-image-preview:large","max-video-preview":"max-video-preview:-1"},"canonical":"https:\/\/doktorvolt.pl\/en\/oferta-doktorvolt\/modular-apparatus\/surge-protective-devices\/ogranicznik-przepiec-ochronnik-3p-1000v-dc-t1-t2-doktorvolt-5088\/","og_locale":"en_US","og_type":"article","og_title":"Ogranicznik przepi\u0119\u0107 ochronnik 3P 1000V DC T1\/T2 Doktorvolt 5088 - DOKTORVOLT\u00ae","og_description":"Ogranicznik przepi\u0119\u0107 ochronnik przepi\u0119\u0107 instalacji fotowoltaicznych klasy T1\/T2 3P 1000V DC 20-40kA","og_url":"https:\/\/doktorvolt.pl\/en\/oferta-doktorvolt\/modular-apparatus\/surge-protective-devices\/ogranicznik-przepiec-ochronnik-3p-1000v-dc-t1-t2-doktorvolt-5088\/","og_site_name":"DOKTORVOLT\u00ae","og_image":[{"width":1000,"height":1000,"url":"https:\/\/doktorvolt.pl\/wp-content\/uploads\/2026\/02\/pol_pl_14477-14477_1.jpg","type":"image\/jpeg"}],"twitter_card":"summary_large_image","twitter_misc":{"Est. reading time":"2 minutes"},"schema":{"@context":"https:\/\/schema.org","@graph":[{"@type":"WebPage","@id":"https:\/\/doktorvolt.pl\/en\/oferta-doktorvolt\/modular-apparatus\/surge-protective-devices\/ogranicznik-przepiec-ochronnik-3p-1000v-dc-t1-t2-doktorvolt-5088\/","url":"https:\/\/doktorvolt.pl\/en\/oferta-doktorvolt\/modular-apparatus\/surge-protective-devices\/ogranicznik-przepiec-ochronnik-3p-1000v-dc-t1-t2-doktorvolt-5088\/","name":"Ogranicznik przepi\u0119\u0107 ochronnik 3P 1000V DC T1\/T2 Doktorvolt 5088 - DOKTORVOLT\u00ae","isPartOf":{"@id":"https:\/\/doktorvolt.pl\/de\/#website"},"primaryImageOfPage":{"@id":"https:\/\/doktorvolt.pl\/en\/oferta-doktorvolt\/modular-apparatus\/surge-protective-devices\/ogranicznik-przepiec-ochronnik-3p-1000v-dc-t1-t2-doktorvolt-5088\/#primaryimage"},"image":{"@id":"https:\/\/doktorvolt.pl\/en\/oferta-doktorvolt\/modular-apparatus\/surge-protective-devices\/ogranicznik-przepiec-ochronnik-3p-1000v-dc-t1-t2-doktorvolt-5088\/#primaryimage"},"thumbnailUrl":"https:\/\/doktorvolt.pl\/wp-content\/uploads\/2026\/02\/pol_pl_14477-14477_1.jpg","datePublished":"2026-02-24T08:17:21+00:00","breadcrumb":{"@id":"https:\/\/doktorvolt.pl\/en\/oferta-doktorvolt\/modular-apparatus\/surge-protective-devices\/ogranicznik-przepiec-ochronnik-3p-1000v-dc-t1-t2-doktorvolt-5088\/#breadcrumb"},"inLanguage":"en-US","potentialAction":[{"@type":"ReadAction","target":["https:\/\/doktorvolt.pl\/en\/oferta-doktorvolt\/modular-apparatus\/surge-protective-devices\/ogranicznik-przepiec-ochronnik-3p-1000v-dc-t1-t2-doktorvolt-5088\/"]}]},{"@type":"ImageObject","inLanguage":"en-US","@id":"https:\/\/doktorvolt.pl\/en\/oferta-doktorvolt\/modular-apparatus\/surge-protective-devices\/ogranicznik-przepiec-ochronnik-3p-1000v-dc-t1-t2-doktorvolt-5088\/#primaryimage","url":"https:\/\/doktorvolt.pl\/wp-content\/uploads\/2026\/02\/pol_pl_14477-14477_1.jpg","contentUrl":"https:\/\/doktorvolt.pl\/wp-content\/uploads\/2026\/02\/pol_pl_14477-14477_1.jpg","width":1000,"height":1000},{"@type":"BreadcrumbList","@id":"https:\/\/doktorvolt.pl\/en\/oferta-doktorvolt\/modular-apparatus\/surge-protective-devices\/ogranicznik-przepiec-ochronnik-3p-1000v-dc-t1-t2-doktorvolt-5088\/#breadcrumb","itemListElement":[{"@type":"ListItem","position":1,"name":"Strona g\u0142\u00f3wna","item":"https:\/\/doktorvolt.pl\/en\/"},{"@type":"ListItem","position":2,"name":"Offer Doktorvolt","item":"https:\/\/doktorvolt.pl\/en\/offer-doktorvolt\/"},{"@type":"ListItem","position":3,"name":"Ogranicznik przepi\u0119\u0107 ochronnik 3P 1000V DC T1\/T2 Doktorvolt 5088"}]},{"@type":"WebSite","@id":"https:\/\/doktorvolt.pl\/de\/#website","url":"https:\/\/doktorvolt.pl\/de\/","name":"DOKTORVOLT\u00ae","description":"Producent rozdzielnic budowlanych","publisher":{"@id":"https:\/\/doktorvolt.pl\/de\/#organization"},"potentialAction":[{"@type":"SearchAction","target":{"@type":"EntryPoint","urlTemplate":"https:\/\/doktorvolt.pl\/de\/?s={search_term_string}"},"query-input":{"@type":"PropertyValueSpecification","valueRequired":true,"valueName":"search_term_string"}}],"inLanguage":"en-US"},{"@type":"Organization","@id":"https:\/\/doktorvolt.pl\/de\/#organization","name":"DOKTORVOLT\u00ae","url":"https:\/\/doktorvolt.pl\/de\/","logo":{"@type":"ImageObject","inLanguage":"en-US","@id":"https:\/\/doktorvolt.pl\/de\/#\/schema\/logo\/image\/","url":"https:\/\/doktorvolt.pl\/wp-content\/uploads\/2023\/10\/DoktorVOLT-black-png.png","contentUrl":"https:\/\/doktorvolt.pl\/wp-content\/uploads\/2023\/10\/DoktorVOLT-black-png.png","width":729,"height":40,"caption":"DOKTORVOLT\u00ae"},"image":{"@id":"https:\/\/doktorvolt.pl\/de\/#\/schema\/logo\/image\/"}}]}},"_links":{"self":[{"href":"https:\/\/doktorvolt.pl\/en\/wp-json\/wp\/v2\/product\/110518","targetHints":{"allow":["GET"]}}],"collection":[{"href":"https:\/\/doktorvolt.pl\/en\/wp-json\/wp\/v2\/product"}],"about":[{"href":"https:\/\/doktorvolt.pl\/en\/wp-json\/wp\/v2\/types\/product"}],"wp:featuredmedia":[{"embeddable":true,"href":"https:\/\/doktorvolt.pl\/en\/wp-json\/wp\/v2\/media\/107898"}],"wp:attachment":[{"href":"https:\/\/doktorvolt.pl\/en\/wp-json\/wp\/v2\/media?parent=110518"}],"wp:term":[{"taxonomy":"product_brand","embeddable":true,"href":"https:\/\/doktorvolt.pl\/en\/wp-json\/wp\/v2\/product_brand?post=110518"},{"taxonomy":"product_cat","embeddable":true,"href":"https:\/\/doktorvolt.pl\/en\/wp-json\/wp\/v2\/product_cat?post=110518"},{"taxonomy":"product_tag","embeddable":true,"href":"https:\/\/doktorvolt.pl\/en\/wp-json\/wp\/v2\/product_tag?post=110518"}],"curies":[{"name":"wp","href":"https:\/\/api.w.org\/{rel}","templated":true}]}}