{"id":110531,"date":"2026-02-23T16:30:26","date_gmt":"2026-02-23T14:30:26","guid":{"rendered":"https:\/\/doktorvolt.pl\/sklep\/uncategorized\/ogranicznik-przepiec-t2t3-sp-t2t3-320-y-tlt-led-230v-10a-chronnik-przepieciowy-saltek-a06244\/"},"modified":"2026-02-23T16:30:26","modified_gmt":"2026-02-23T14:30:26","slug":"ogranicznik-przepiec-t2t3-sp-t2t3-320-y-tlt-led-230v-10a-chronnik-przepieciowy-saltek-a06244","status":"publish","type":"product","link":"https:\/\/doktorvolt.pl\/en\/oferta-doktorvolt\/commercial-products\/saltek\/saltek-surge-protectors\/ogranicznik-przepiec-t2t3-sp-t2t3-320-y-tlt-led-230v-10a-chronnik-przepieciowy-saltek-a06244\/","title":{"rendered":"Ogranicznik przepi\u0119\u0107 T2+T3 SP-T2+T3-320\/Y-TLT-LED 230V 10A chronnik przepi\u0119ciowy Saltek A06244"},"content":{"rendered":"<link rel=\"stylesheet\" href=\"https:\/\/preis-zone.com\/data\/include\/cms\/1.-style-css\/style_krotki_PZ.css?v=1749626390021\">\n<p><!-- Nag\u0142\u00f3wek g\u0142\u00f3wnej strony --><\/p>\n<h1>\n    <span>Ogranicznik przepi\u0119\u0107 T2+T3 SP-T2+T3-320\/Y-TLT-LED 230V 10A chronnik przepi\u0119ciowy Saltek A06244<\/span><br \/>\n<\/h1>\n<p><!-- Kr\u00f3tki opis produktu --><\/p>\n<h4>\n    <span>Specjalistyczny ogranicznik przepi\u0119\u0107 T2+T3 przeznaczony do ochrony opraw LED i urz\u0105dze\u0144 elektronicznych pracuj\u0105cych w instalacjach 230 V AC. Montowany blisko chronionego urz\u0105dzenia, zapewnia ochron\u0119 przed przepi\u0119ciami indukowanymi, \u0142\u0105czeniowymi i udarami atmosferycznymi wed\u0142ug IEEE C62.41.2.<\/span><br \/>\n<\/h4>\n<p><!-- Przerywnik --><\/p>\n<div>\n    <img decoding=\"async\" class=\"decorative-img\" src=\"https:\/\/shop38554-1.yourtechnicaldomain.com\/data\/include\/cms\/1-zdjecia-produktow\/Infografiki\/stopka\/preis_zone_przerywnik.png?v=1730189337244\"\n         border=\"0\" width=\"1900\" height=\"30\">\n<\/div>\n<p><!-- Sekcja tre\u015bci --><\/p>\n<div class=\"flex-container\">\n<div class=\"text-section\">\n<h2><strong>Ochrona LED oraz elektroniki w miejscach o zwi\u0119kszonej ekspozycji<\/strong><\/h2>\n<p>SP-T2+T3-320\/Y-TLT-LED to ochronnik przepi\u0119ciowy typu T2+T3 zaprojektowany specjalnie z my\u015bl\u0105 o ochronie opraw LED oraz urz\u0105dze\u0144 elektronicznych nara\u017conych na przepi\u0119cia. Dzi\u0119ki konstrukcji w uk\u0142adzie \u201eY\u201d, ochronnik skutecznie zabezpiecza sprz\u0119t w instalacjach niskiego napi\u0119cia, tak\u017ce w obszarach o podwy\u017cszonym poziomie zagro\u017cenia przepi\u0119ciami (zgodnie z IEEE C62.41.2). Urz\u0105dzenie posiada wej\u015bcia i wyj\u015bcia liniowe, zacisk PE oraz sygnalizacj\u0119 uszkodzenia poprzez zanik napi\u0119cia.<\/p>\n<\/p><\/div>\n<div class=\"image-section\">\n        <img decoding=\"async\" src=\"https:\/\/preis-zone.com\/hpeciai\/3bf8ab90331c76841a66144db599ba6c\/20494_3.jpg?47586\"\n             width=\"472\" height=\"472\">\n    <\/div>\n<\/div>\n<p><!-- Przerywnik --><\/p>\n<div>\n    <img decoding=\"async\" class=\"decorative-img\" src=\"https:\/\/shop38554-1.yourtechnicaldomain.com\/data\/include\/cms\/1-zdjecia-produktow\/Infografiki\/stopka\/preis_zone_przerywnik.png?v=1730189337244\"\n         border=\"0\" width=\"1900\" height=\"30\">\n<\/div>\n<p><!-- Sekcja video + specyfikacja --><\/p>\n<div class=\"video-spec-container\" style=\"display: flex !important; align-items: center !important; justify-content: center !important; gap: 50px !important; max-width: 1200px !important; margin: 0 auto !important;\">\n<div class=\"image-section\" style=\"flex: 0 0 auto !important; display: flex; align-items: center; justify-content: center;\">\n        <img decoding=\"async\" src=\"https:\/\/preis-zone.com\/hpeciai\/c5cc32db823493b40c2f15568dabf3c3\/20494_6.jpg?94369\"\n             width=\"472\" height=\"472\">\n    <\/div>\n<div class=\"spec-section\">\n<h2><strong>Specyfikacja Techniczna<\/strong><\/h2>\n<p>        <!-- Najwa\u017cniejsze dane dla klienta --><\/p>\n<p><strong>Model:<\/strong> SP-T2+T3-320\/Y-TLT-LED<\/p>\n<p><strong>SKU:<\/strong> A06244<\/p>\n<p><strong>EAN:<\/strong> 8595090562443<\/p>\n<p><strong>Typ SPD:<\/strong> T2, T3<\/p>\n<p><strong>Napi\u0119cie znamionowe Un:<\/strong> 230 V AC<\/p>\n<p><strong>Maksymalne napi\u0119cie pracy Uc:<\/strong> 320 V AC<\/p>\n<p><strong>Pr\u0105d znamionowy obci\u0105\u017cenia IL:<\/strong> 10 A<\/p>\n<p><strong>Typ sieci:<\/strong> TT, TN<\/p>\n<p><strong>Maksymalne zabezpieczenie nadpr\u0105dowe:<\/strong> 32 A gL\/gG lub C 32 A<\/p>\n<p><strong>Zdolno\u015b\u0107 zwarciowa ISCCR:<\/strong> 3 kA<\/p>\n<p><strong>Nominalny pr\u0105d wy\u0142adowczy In (8\/20) L-N:<\/strong> 5 kA<\/p>\n<p><strong>Nominalny pr\u0105d wy\u0142adowczy In (8\/20) N-PE:<\/strong> 5 kA<\/p>\n<p><strong>Maksymalny pr\u0105d wy\u0142adowczy Imax (8\/20) L-N:<\/strong> 10 kA<\/p>\n<p><strong>Maksymalny pr\u0105d wy\u0142adowczy Imax (8\/20) N-PE:<\/strong> 10 kA<\/p>\n<p><strong>Poziom ochrony Up L-N:<\/strong> 1.30 kV<\/p>\n<p><strong>Poziom ochrony Up L-PE:<\/strong> 1.50 kV<\/p>\n<p><strong>Poziom ochrony Up N-PE:<\/strong> 1.50 kV<\/p>\n<p><strong>Stopie\u0144 ochrony:<\/strong> IP20<\/p>\n<p><strong>Temperatura pracy:<\/strong> -40\u202680\u00b0C<\/p>\n<p><strong>Normy:<\/strong> EN 61643-11:2012, IEC 61643-11:2011<\/p>\n<p><strong>Sygnalizacja uszkodzenia:<\/strong> utrata napi\u0119cia, ciemnoszare pole<\/p>\n<\/p><\/div>\n<\/div>\n<p><\/p>\n<div><img decoding=\"async\" style=\"max-width: 100%;\" src=\"https:\/\/shop38554-1.yourtechnicaldomain.com\/data\/include\/cms\/1-zdjecia-produktow\/Infografiki\/stopka\/preis_zone_przerywnik.png?v=1730189337244\" width=\"1900\"><\/div>\n<p><\/p>\n<div style=\"display: flex; flex-direction: column; align-items: center; justify-content: center; text-align: center; width: 100%;\">\n<h2 style=\"font-size: 18pt; color: #000; color: #000 !important;\">Zaufany producent:<\/h2>\n<p style=\"font-size: 16pt; line-height: 1.5; color: #000; max-width: 800px; text-align: justify;\">\n    \t<b>Saltek<\/b> to renomowana <b>czeska firma<\/b> specjalizuj\u0105ca si\u0119 w <b>ochronie przeciwprzepi\u0119ciowej<\/b>. Dzia\u0142a na rynku od <b>ponad 25 lat<\/b>, zdobywaj\u0105c zaufanie klient\u00f3w w <b>ponad 60 krajach<\/b>. <b>Siedziba<\/b> oraz <b>nowoczesne zaplecze produkcyjno-badawcze<\/b> mieszcz\u0105 si\u0119 w <b>U\u015bciu nad \u0141ab\u0105<\/b>. Saltek oferuje <b>szerok\u0105 gam\u0119 ogranicznik\u00f3w przepi\u0119\u0107<\/b> do system\u00f3w niskiego napi\u0119cia, instalacji fotowoltaicznych, telekomunikacyjnych oraz sygna\u0142owych. Produkty firmy wyr\u00f3\u017cniaj\u0105 si\u0119 <b>niezawodno\u015bci\u0105<\/b>, <b>zgodno\u015bci\u0105 z mi\u0119dzynarodowymi normami<\/b> i <b>wysok\u0105 jako\u015bci\u0105 wykonania<\/b>. Dzi\u0119ki <b>w\u0142asnemu dzia\u0142owi rozwoju<\/b> i <b>kontroli jako\u015bci<\/b>, Saltek gwarantuje <b>innowacyjno\u015b\u0107<\/b> oraz <b>bezpiecze\u0144stwo na najwy\u017cszym poziomie<\/b>.\n\t<\/p>\n<p>\t<img decoding=\"async\" src=\"https:\/\/preis-zone.com\/data\/include\/cms\/1-zdjecia-produktow\/Saltek\/logo\/SALTEK-logo3.png?v=1753768823500\" alt=\"Doktorvolt logo\" width=\"466\" height=\"255\" style=\"margin-top: 20px;\">\n<\/div>\n","protected":false},"excerpt":{"rendered":"<p>Specjalistyczny ogranicznik przepi\u0119\u0107 T2+T3 przeznaczony do ochrony opraw LED i urz\u0105dze\u0144 elektronicznych pracuj\u0105cych w instalacjach 230 V AC.<\/p>\n","protected":false},"featured_media":107663,"template":"","meta":[],"product_brand":[],"product_cat":[5030],"product_tag":[],"class_list":{"0":"post-110531","1":"product","2":"type-product","3":"status-publish","4":"has-post-thumbnail","6":"product_cat-saltek-surge-protectors","8":"first","9":"instock","10":"shipping-taxable","11":"product-type-external"},"yoast_head":"<!-- This site is optimized with the Yoast SEO plugin v27.0 - https:\/\/yoast.com\/product\/yoast-seo-wordpress\/ -->\n<title>Ogranicznik przepi\u0119\u0107 T2+T3 SP-T2+T3-320\/Y-TLT-LED 230V 10A chronnik przepi\u0119ciowy Saltek A06244 - DOKTORVOLT\u00ae<\/title>\n<meta name=\"robots\" content=\"index, follow, max-snippet:-1, max-image-preview:large, max-video-preview:-1\" \/>\n<link rel=\"canonical\" href=\"https:\/\/doktorvolt.pl\/en\/oferta-doktorvolt\/commercial-products\/saltek\/saltek-surge-protectors\/ogranicznik-przepiec-t2t3-sp-t2t3-320-y-tlt-led-230v-10a-chronnik-przepieciowy-saltek-a06244\/\" \/>\n<meta property=\"og:locale\" content=\"en_US\" \/>\n<meta property=\"og:type\" content=\"article\" \/>\n<meta property=\"og:title\" content=\"Ogranicznik przepi\u0119\u0107 T2+T3 SP-T2+T3-320\/Y-TLT-LED 230V 10A chronnik przepi\u0119ciowy Saltek A06244 - DOKTORVOLT\u00ae\" \/>\n<meta property=\"og:description\" content=\"Specjalistyczny ogranicznik przepi\u0119\u0107 T2+T3 przeznaczony do ochrony opraw LED i urz\u0105dze\u0144 elektronicznych pracuj\u0105cych w instalacjach 230 V AC.\" \/>\n<meta property=\"og:url\" content=\"https:\/\/doktorvolt.pl\/en\/oferta-doktorvolt\/commercial-products\/saltek\/saltek-surge-protectors\/ogranicznik-przepiec-t2t3-sp-t2t3-320-y-tlt-led-230v-10a-chronnik-przepieciowy-saltek-a06244\/\" \/>\n<meta property=\"og:site_name\" content=\"DOKTORVOLT\u00ae\" \/>\n<meta property=\"og:image\" content=\"https:\/\/doktorvolt.pl\/wp-content\/uploads\/2026\/02\/pol_pl_Ogranicznik-przepiec-T2-T3-SP-T2-T3-320-Y-TLT-LED-230V-10A-chronnik-przepieciowy-Saltek-A06244-20494_4.jpg\" \/>\n\t<meta property=\"og:image:width\" content=\"1600\" \/>\n\t<meta property=\"og:image:height\" content=\"1600\" \/>\n\t<meta property=\"og:image:type\" content=\"image\/jpeg\" \/>\n<meta name=\"twitter:card\" content=\"summary_large_image\" \/>\n<meta name=\"twitter:label1\" content=\"Est. reading time\" \/>\n\t<meta name=\"twitter:data1\" content=\"2 minutes\" \/>\n<script type=\"application\/ld+json\" class=\"yoast-schema-graph\">{\"@context\":\"https:\/\/schema.org\",\"@graph\":[{\"@type\":\"WebPage\",\"@id\":\"https:\/\/doktorvolt.pl\/en\/oferta-doktorvolt\/commercial-products\/saltek\/saltek-surge-protectors\/ogranicznik-przepiec-t2t3-sp-t2t3-320-y-tlt-led-230v-10a-chronnik-przepieciowy-saltek-a06244\/\",\"url\":\"https:\/\/doktorvolt.pl\/en\/oferta-doktorvolt\/commercial-products\/saltek\/saltek-surge-protectors\/ogranicznik-przepiec-t2t3-sp-t2t3-320-y-tlt-led-230v-10a-chronnik-przepieciowy-saltek-a06244\/\",\"name\":\"Ogranicznik przepi\u0119\u0107 T2+T3 SP-T2+T3-320\/Y-TLT-LED 230V 10A chronnik przepi\u0119ciowy Saltek A06244 - DOKTORVOLT\u00ae\",\"isPartOf\":{\"@id\":\"https:\/\/doktorvolt.pl\/de\/#website\"},\"primaryImageOfPage\":{\"@id\":\"https:\/\/doktorvolt.pl\/en\/oferta-doktorvolt\/commercial-products\/saltek\/saltek-surge-protectors\/ogranicznik-przepiec-t2t3-sp-t2t3-320-y-tlt-led-230v-10a-chronnik-przepieciowy-saltek-a06244\/#primaryimage\"},\"image\":{\"@id\":\"https:\/\/doktorvolt.pl\/en\/oferta-doktorvolt\/commercial-products\/saltek\/saltek-surge-protectors\/ogranicznik-przepiec-t2t3-sp-t2t3-320-y-tlt-led-230v-10a-chronnik-przepieciowy-saltek-a06244\/#primaryimage\"},\"thumbnailUrl\":\"https:\/\/doktorvolt.pl\/wp-content\/uploads\/2026\/02\/pol_pl_Ogranicznik-przepiec-T2-T3-SP-T2-T3-320-Y-TLT-LED-230V-10A-chronnik-przepieciowy-Saltek-A06244-20494_4.jpg\",\"datePublished\":\"2026-02-23T14:30:26+00:00\",\"breadcrumb\":{\"@id\":\"https:\/\/doktorvolt.pl\/en\/oferta-doktorvolt\/commercial-products\/saltek\/saltek-surge-protectors\/ogranicznik-przepiec-t2t3-sp-t2t3-320-y-tlt-led-230v-10a-chronnik-przepieciowy-saltek-a06244\/#breadcrumb\"},\"inLanguage\":\"en-US\",\"potentialAction\":[{\"@type\":\"ReadAction\",\"target\":[\"https:\/\/doktorvolt.pl\/en\/oferta-doktorvolt\/commercial-products\/saltek\/saltek-surge-protectors\/ogranicznik-przepiec-t2t3-sp-t2t3-320-y-tlt-led-230v-10a-chronnik-przepieciowy-saltek-a06244\/\"]}]},{\"@type\":\"ImageObject\",\"inLanguage\":\"en-US\",\"@id\":\"https:\/\/doktorvolt.pl\/en\/oferta-doktorvolt\/commercial-products\/saltek\/saltek-surge-protectors\/ogranicznik-przepiec-t2t3-sp-t2t3-320-y-tlt-led-230v-10a-chronnik-przepieciowy-saltek-a06244\/#primaryimage\",\"url\":\"https:\/\/doktorvolt.pl\/wp-content\/uploads\/2026\/02\/pol_pl_Ogranicznik-przepiec-T2-T3-SP-T2-T3-320-Y-TLT-LED-230V-10A-chronnik-przepieciowy-Saltek-A06244-20494_4.jpg\",\"contentUrl\":\"https:\/\/doktorvolt.pl\/wp-content\/uploads\/2026\/02\/pol_pl_Ogranicznik-przepiec-T2-T3-SP-T2-T3-320-Y-TLT-LED-230V-10A-chronnik-przepieciowy-Saltek-A06244-20494_4.jpg\",\"width\":1600,\"height\":1600},{\"@type\":\"BreadcrumbList\",\"@id\":\"https:\/\/doktorvolt.pl\/en\/oferta-doktorvolt\/commercial-products\/saltek\/saltek-surge-protectors\/ogranicznik-przepiec-t2t3-sp-t2t3-320-y-tlt-led-230v-10a-chronnik-przepieciowy-saltek-a06244\/#breadcrumb\",\"itemListElement\":[{\"@type\":\"ListItem\",\"position\":1,\"name\":\"Strona g\u0142\u00f3wna\",\"item\":\"https:\/\/doktorvolt.pl\/en\/\"},{\"@type\":\"ListItem\",\"position\":2,\"name\":\"Offer Doktorvolt\",\"item\":\"https:\/\/doktorvolt.pl\/en\/offer-doktorvolt\/\"},{\"@type\":\"ListItem\",\"position\":3,\"name\":\"Ogranicznik przepi\u0119\u0107 T2+T3 SP-T2+T3-320\/Y-TLT-LED 230V 10A chronnik przepi\u0119ciowy Saltek A06244\"}]},{\"@type\":\"WebSite\",\"@id\":\"https:\/\/doktorvolt.pl\/de\/#website\",\"url\":\"https:\/\/doktorvolt.pl\/de\/\",\"name\":\"DOKTORVOLT\u00ae\",\"description\":\"Producent rozdzielnic budowlanych\",\"publisher\":{\"@id\":\"https:\/\/doktorvolt.pl\/de\/#organization\"},\"potentialAction\":[{\"@type\":\"SearchAction\",\"target\":{\"@type\":\"EntryPoint\",\"urlTemplate\":\"https:\/\/doktorvolt.pl\/de\/?s={search_term_string}\"},\"query-input\":{\"@type\":\"PropertyValueSpecification\",\"valueRequired\":true,\"valueName\":\"search_term_string\"}}],\"inLanguage\":\"en-US\"},{\"@type\":\"Organization\",\"@id\":\"https:\/\/doktorvolt.pl\/de\/#organization\",\"name\":\"DOKTORVOLT\u00ae\",\"url\":\"https:\/\/doktorvolt.pl\/de\/\",\"logo\":{\"@type\":\"ImageObject\",\"inLanguage\":\"en-US\",\"@id\":\"https:\/\/doktorvolt.pl\/de\/#\/schema\/logo\/image\/\",\"url\":\"https:\/\/doktorvolt.pl\/wp-content\/uploads\/2023\/10\/DoktorVOLT-black-png.png\",\"contentUrl\":\"https:\/\/doktorvolt.pl\/wp-content\/uploads\/2023\/10\/DoktorVOLT-black-png.png\",\"width\":729,\"height\":40,\"caption\":\"DOKTORVOLT\u00ae\"},\"image\":{\"@id\":\"https:\/\/doktorvolt.pl\/de\/#\/schema\/logo\/image\/\"}}]}<\/script>\n<!-- \/ Yoast SEO plugin. -->","yoast_head_json":{"title":"Ogranicznik przepi\u0119\u0107 T2+T3 SP-T2+T3-320\/Y-TLT-LED 230V 10A chronnik przepi\u0119ciowy Saltek A06244 - DOKTORVOLT\u00ae","robots":{"index":"index","follow":"follow","max-snippet":"max-snippet:-1","max-image-preview":"max-image-preview:large","max-video-preview":"max-video-preview:-1"},"canonical":"https:\/\/doktorvolt.pl\/en\/oferta-doktorvolt\/commercial-products\/saltek\/saltek-surge-protectors\/ogranicznik-przepiec-t2t3-sp-t2t3-320-y-tlt-led-230v-10a-chronnik-przepieciowy-saltek-a06244\/","og_locale":"en_US","og_type":"article","og_title":"Ogranicznik przepi\u0119\u0107 T2+T3 SP-T2+T3-320\/Y-TLT-LED 230V 10A chronnik przepi\u0119ciowy Saltek A06244 - DOKTORVOLT\u00ae","og_description":"Specjalistyczny ogranicznik przepi\u0119\u0107 T2+T3 przeznaczony do ochrony opraw LED i urz\u0105dze\u0144 elektronicznych pracuj\u0105cych w instalacjach 230 V AC.","og_url":"https:\/\/doktorvolt.pl\/en\/oferta-doktorvolt\/commercial-products\/saltek\/saltek-surge-protectors\/ogranicznik-przepiec-t2t3-sp-t2t3-320-y-tlt-led-230v-10a-chronnik-przepieciowy-saltek-a06244\/","og_site_name":"DOKTORVOLT\u00ae","og_image":[{"width":1600,"height":1600,"url":"https:\/\/doktorvolt.pl\/wp-content\/uploads\/2026\/02\/pol_pl_Ogranicznik-przepiec-T2-T3-SP-T2-T3-320-Y-TLT-LED-230V-10A-chronnik-przepieciowy-Saltek-A06244-20494_4.jpg","type":"image\/jpeg"}],"twitter_card":"summary_large_image","twitter_misc":{"Est. reading time":"2 minutes"},"schema":{"@context":"https:\/\/schema.org","@graph":[{"@type":"WebPage","@id":"https:\/\/doktorvolt.pl\/en\/oferta-doktorvolt\/commercial-products\/saltek\/saltek-surge-protectors\/ogranicznik-przepiec-t2t3-sp-t2t3-320-y-tlt-led-230v-10a-chronnik-przepieciowy-saltek-a06244\/","url":"https:\/\/doktorvolt.pl\/en\/oferta-doktorvolt\/commercial-products\/saltek\/saltek-surge-protectors\/ogranicznik-przepiec-t2t3-sp-t2t3-320-y-tlt-led-230v-10a-chronnik-przepieciowy-saltek-a06244\/","name":"Ogranicznik przepi\u0119\u0107 T2+T3 SP-T2+T3-320\/Y-TLT-LED 230V 10A chronnik przepi\u0119ciowy Saltek A06244 - DOKTORVOLT\u00ae","isPartOf":{"@id":"https:\/\/doktorvolt.pl\/de\/#website"},"primaryImageOfPage":{"@id":"https:\/\/doktorvolt.pl\/en\/oferta-doktorvolt\/commercial-products\/saltek\/saltek-surge-protectors\/ogranicznik-przepiec-t2t3-sp-t2t3-320-y-tlt-led-230v-10a-chronnik-przepieciowy-saltek-a06244\/#primaryimage"},"image":{"@id":"https:\/\/doktorvolt.pl\/en\/oferta-doktorvolt\/commercial-products\/saltek\/saltek-surge-protectors\/ogranicznik-przepiec-t2t3-sp-t2t3-320-y-tlt-led-230v-10a-chronnik-przepieciowy-saltek-a06244\/#primaryimage"},"thumbnailUrl":"https:\/\/doktorvolt.pl\/wp-content\/uploads\/2026\/02\/pol_pl_Ogranicznik-przepiec-T2-T3-SP-T2-T3-320-Y-TLT-LED-230V-10A-chronnik-przepieciowy-Saltek-A06244-20494_4.jpg","datePublished":"2026-02-23T14:30:26+00:00","breadcrumb":{"@id":"https:\/\/doktorvolt.pl\/en\/oferta-doktorvolt\/commercial-products\/saltek\/saltek-surge-protectors\/ogranicznik-przepiec-t2t3-sp-t2t3-320-y-tlt-led-230v-10a-chronnik-przepieciowy-saltek-a06244\/#breadcrumb"},"inLanguage":"en-US","potentialAction":[{"@type":"ReadAction","target":["https:\/\/doktorvolt.pl\/en\/oferta-doktorvolt\/commercial-products\/saltek\/saltek-surge-protectors\/ogranicznik-przepiec-t2t3-sp-t2t3-320-y-tlt-led-230v-10a-chronnik-przepieciowy-saltek-a06244\/"]}]},{"@type":"ImageObject","inLanguage":"en-US","@id":"https:\/\/doktorvolt.pl\/en\/oferta-doktorvolt\/commercial-products\/saltek\/saltek-surge-protectors\/ogranicznik-przepiec-t2t3-sp-t2t3-320-y-tlt-led-230v-10a-chronnik-przepieciowy-saltek-a06244\/#primaryimage","url":"https:\/\/doktorvolt.pl\/wp-content\/uploads\/2026\/02\/pol_pl_Ogranicznik-przepiec-T2-T3-SP-T2-T3-320-Y-TLT-LED-230V-10A-chronnik-przepieciowy-Saltek-A06244-20494_4.jpg","contentUrl":"https:\/\/doktorvolt.pl\/wp-content\/uploads\/2026\/02\/pol_pl_Ogranicznik-przepiec-T2-T3-SP-T2-T3-320-Y-TLT-LED-230V-10A-chronnik-przepieciowy-Saltek-A06244-20494_4.jpg","width":1600,"height":1600},{"@type":"BreadcrumbList","@id":"https:\/\/doktorvolt.pl\/en\/oferta-doktorvolt\/commercial-products\/saltek\/saltek-surge-protectors\/ogranicznik-przepiec-t2t3-sp-t2t3-320-y-tlt-led-230v-10a-chronnik-przepieciowy-saltek-a06244\/#breadcrumb","itemListElement":[{"@type":"ListItem","position":1,"name":"Strona g\u0142\u00f3wna","item":"https:\/\/doktorvolt.pl\/en\/"},{"@type":"ListItem","position":2,"name":"Offer Doktorvolt","item":"https:\/\/doktorvolt.pl\/en\/offer-doktorvolt\/"},{"@type":"ListItem","position":3,"name":"Ogranicznik przepi\u0119\u0107 T2+T3 SP-T2+T3-320\/Y-TLT-LED 230V 10A chronnik przepi\u0119ciowy Saltek A06244"}]},{"@type":"WebSite","@id":"https:\/\/doktorvolt.pl\/de\/#website","url":"https:\/\/doktorvolt.pl\/de\/","name":"DOKTORVOLT\u00ae","description":"Producent rozdzielnic budowlanych","publisher":{"@id":"https:\/\/doktorvolt.pl\/de\/#organization"},"potentialAction":[{"@type":"SearchAction","target":{"@type":"EntryPoint","urlTemplate":"https:\/\/doktorvolt.pl\/de\/?s={search_term_string}"},"query-input":{"@type":"PropertyValueSpecification","valueRequired":true,"valueName":"search_term_string"}}],"inLanguage":"en-US"},{"@type":"Organization","@id":"https:\/\/doktorvolt.pl\/de\/#organization","name":"DOKTORVOLT\u00ae","url":"https:\/\/doktorvolt.pl\/de\/","logo":{"@type":"ImageObject","inLanguage":"en-US","@id":"https:\/\/doktorvolt.pl\/de\/#\/schema\/logo\/image\/","url":"https:\/\/doktorvolt.pl\/wp-content\/uploads\/2023\/10\/DoktorVOLT-black-png.png","contentUrl":"https:\/\/doktorvolt.pl\/wp-content\/uploads\/2023\/10\/DoktorVOLT-black-png.png","width":729,"height":40,"caption":"DOKTORVOLT\u00ae"},"image":{"@id":"https:\/\/doktorvolt.pl\/de\/#\/schema\/logo\/image\/"}}]}},"_links":{"self":[{"href":"https:\/\/doktorvolt.pl\/en\/wp-json\/wp\/v2\/product\/110531","targetHints":{"allow":["GET"]}}],"collection":[{"href":"https:\/\/doktorvolt.pl\/en\/wp-json\/wp\/v2\/product"}],"about":[{"href":"https:\/\/doktorvolt.pl\/en\/wp-json\/wp\/v2\/types\/product"}],"wp:featuredmedia":[{"embeddable":true,"href":"https:\/\/doktorvolt.pl\/en\/wp-json\/wp\/v2\/media\/107663"}],"wp:attachment":[{"href":"https:\/\/doktorvolt.pl\/en\/wp-json\/wp\/v2\/media?parent=110531"}],"wp:term":[{"taxonomy":"product_brand","embeddable":true,"href":"https:\/\/doktorvolt.pl\/en\/wp-json\/wp\/v2\/product_brand?post=110531"},{"taxonomy":"product_cat","embeddable":true,"href":"https:\/\/doktorvolt.pl\/en\/wp-json\/wp\/v2\/product_cat?post=110531"},{"taxonomy":"product_tag","embeddable":true,"href":"https:\/\/doktorvolt.pl\/en\/wp-json\/wp\/v2\/product_tag?post=110531"}],"curies":[{"name":"wp","href":"https:\/\/api.w.org\/{rel}","templated":true}]}}