{"id":110532,"date":"2026-02-23T16:30:12","date_gmt":"2026-02-23T14:30:12","guid":{"rendered":"https:\/\/doktorvolt.pl\/sklep\/uncategorized\/ogranicznik-przepiec-pv-t1t2-flp-pv1500-ys-ochronnik-przepieciowy-do-1500v-dc-do-instalacji-fotowoltaicznych-saltek-a04197\/"},"modified":"2026-02-23T16:30:12","modified_gmt":"2026-02-23T14:30:12","slug":"ogranicznik-przepiec-pv-t1t2-flp-pv1500-ys-ochronnik-przepieciowy-do-1500v-dc-do-instalacji-fotowoltaicznych-saltek-a04197","status":"publish","type":"product","link":"https:\/\/doktorvolt.pl\/en\/oferta-doktorvolt\/commercial-products\/saltek\/saltek-surge-protectors\/ogranicznik-przepiec-pv-t1t2-flp-pv1500-ys-ochronnik-przepieciowy-do-1500v-dc-do-instalacji-fotowoltaicznych-saltek-a04197\/","title":{"rendered":"Ogranicznik przepi\u0119\u0107 PV T1+T2 FLP-PV1500\/YS ochronnik przepi\u0119ciowy do 1500V DC do instalacji fotowoltaicznych Saltek A04197"},"content":{"rendered":"<link rel=\"stylesheet\" href=\"https:\/\/preis-zone.com\/data\/include\/cms\/1.-style-css\/style_krotki_PZ.css?v=1749626390021\">\n<p><!-- Nag\u0142\u00f3wek g\u0142\u00f3wnej strony --><\/p>\n<h1>\n    <span>Ogranicznik przepi\u0119\u0107 PV T1+T2 FLP-PV1500\/YS ochronnik przepi\u0119ciowy do 1500V DC do instalacji fotowoltaicznych Saltek A04197<\/span><br \/>\n<\/h1>\n<p><!-- Kr\u00f3tki opis produktu --><\/p>\n<h4>\n    <span>Ochronnik przepi\u0119\u0107 PV typu T1+T2 z po\u0142\u0105czeniem \u201eY\u201d, wizualn\u0105 i zdaln\u0105 sygnalizacj\u0105 uszkodzenia. Przeznaczony do instalacji PV na dachach, r\u00f3wnie\u017c przy po\u0142\u0105czeniu z LPS. UCPV \u2265 1.2 \u00d7 UOC STC, ca\u0142kowity pr\u0105d udarowy 12.5 kA (10\/350).<\/span><br \/>\n<\/h4>\n<p><!-- Przerywnik --><\/p>\n<div>\n    <img decoding=\"async\" class=\"decorative-img\" src=\"https:\/\/shop38554-1.yourtechnicaldomain.com\/data\/include\/cms\/1-zdjecia-produktow\/Infografiki\/stopka\/preis_zone_przerywnik.png?v=1730189337244\"\n         border=\"0\" width=\"1900\" height=\"30\">\n<\/div>\n<p><!-- Sekcja tre\u015bci --><\/p>\n<div class=\"flex-container\">\n<div class=\"text-section\">\n<h2><strong>Profesjonalna ochrona przeciwprzepi\u0119ciowa PV<\/strong><\/h2>\n<p>FLP-PV1500\/YS to wyspecjalizowany ogranicznik przepi\u0119\u0107 typu PV T1+T2 zaprojektowany dla instalacji fotowoltaicznych o napi\u0119ciu do 1500V DC. Zastosowanie po\u0142\u0105czenia \u201eY\u201d umo\u017cliwia ochron\u0119 system\u00f3w PV r\u00f3wnie\u017c w miejscach, gdzie nie ma zachowanej wymaganej odleg\u0142o\u015bci separacji od instalacji odgromowej (LPS). Urz\u0105dzenie posiada wizualn\u0105 sygnalizacj\u0119 uszkodzenia oraz wyj\u015bcie na zdaln\u0105 sygnalizacj\u0119 (styk bezpotencja\u0142owy).<\/p>\n<\/p><\/div>\n<div class=\"image-section\">\n        <img decoding=\"async\" src=\"https:\/\/preis-zone.com\/hpeciai\/d9a56fc8af147d0964d000a2d9ad8d9f\/20482_1.jpg?26074\"\n             width=\"472\" height=\"472\">\n    <\/div>\n<\/div>\n<p><!-- Przerywnik --><\/p>\n<div>\n    <img decoding=\"async\" class=\"decorative-img\" src=\"https:\/\/shop38554-1.yourtechnicaldomain.com\/data\/include\/cms\/1-zdjecia-produktow\/Infografiki\/stopka\/preis_zone_przerywnik.png?v=1730189337244\"\n         border=\"0\" width=\"1900\" height=\"30\">\n<\/div>\n<p><!-- Sekcja video + specyfikacja --><\/p>\n<div class=\"video-spec-container\" style=\"display: flex !important; align-items: center !important; justify-content: center !important; gap: 50px !important; max-width: 1200px !important; margin: 0 auto !important;\">\n<div class=\"image-section\" style=\"flex: 0 0 auto !important; display: flex; align-items: center; justify-content: center;\">\n        <img decoding=\"async\" src=\"https:\/\/preis-zone.com\/hpeciai\/c39fc401246cd60b41e0e7eaf48f8235\/20482_3.jpg?77494\"\n             width=\"472\" height=\"472\">\n    <\/div>\n<div class=\"spec-section\">\n<h2><strong>Specyfikacja Techniczna<\/strong><\/h2>\n<p><strong>Model:<\/strong> FLP-PV1500\/YS<\/p>\n<p><strong>SKU:<\/strong> A04197<\/p>\n<p><strong>EAN:<\/strong> 8595090541974<\/p>\n<p><strong>Typ SPD:<\/strong> PV T1, PV T2<\/p>\n<p><strong>Monta\u017c:<\/strong> DIN rail 35 mm<\/p>\n<p><strong>Max. napi\u0119cie pracy UCPV:<\/strong> 1500 V DC<\/p>\n<p><strong>Pr\u0105d zwarciowy ISCPV:<\/strong> 10 000 A DC<\/p>\n<p><strong>Ca\u0142kowity pr\u0105d udarowy ITotal (10\/350):<\/strong> 12.50 kA<\/p>\n<p><strong>Iimp (10\/350):<\/strong> 6.25 kA<\/p>\n<p><strong>Ca\u0142kowity pr\u0105d wy\u0142adowczy ITotal (8\/20):<\/strong> 80 kA<\/p>\n<p><strong>Nominalny pr\u0105d wy\u0142adowczy In (8\/20):<\/strong> 20 kA<\/p>\n<p><strong>Maksymalny pr\u0105d wy\u0142adowczy Imax (8\/20):<\/strong> 40 kA<\/p>\n<p><strong>Poziom ochrony Up (+\/\u2212):<\/strong> 5.40 kV<\/p>\n<p><strong>Poziom ochrony Up +\/PE, \u2212\/PE:<\/strong> 5.40 kV<\/p>\n<p><strong>Stopie\u0144 ochrony:<\/strong> IP20<\/p>\n<p><strong>Temperatura pracy:<\/strong> \u221240\u202680\u00b0C<\/p>\n<p><strong>Normy:<\/strong> EN 61643-31, IEC 61643-31<\/p>\n<p><strong>Sygnalizacja uszkodzenia:<\/strong> czerwone pole<\/p>\n<p><strong>Zdalna sygnalizacja:<\/strong> styk bezpotencja\u0142owy (change-over)<\/p>\n<p><strong>Parametry styku zdalnej sygnalizacji:<\/strong> 250V\/0.5A AC, 250V\/0.1A DC<\/p>\n<\/p><\/div>\n<\/div>\n<p><\/p>\n<div><img decoding=\"async\" style=\"max-width: 100%;\" src=\"https:\/\/shop38554-1.yourtechnicaldomain.com\/data\/include\/cms\/1-zdjecia-produktow\/Infografiki\/stopka\/preis_zone_przerywnik.png?v=1730189337244\" width=\"1900\"><\/div>\n<p><\/p>\n<div style=\"display: flex; flex-direction: column; align-items: center; justify-content: center; text-align: center; width: 100%;\">\n<h2 style=\"font-size: 18pt; color: #000; color: #000 !important;\">Zaufany producent:<\/h2>\n<p style=\"font-size: 16pt; line-height: 1.5; color: #000; max-width: 800px; text-align: justify;\">\n    \t<b>Saltek<\/b> to renomowana <b>czeska firma<\/b> specjalizuj\u0105ca si\u0119 w <b>ochronie przeciwprzepi\u0119ciowej<\/b>. Dzia\u0142a na rynku od <b>ponad 25 lat<\/b>, zdobywaj\u0105c zaufanie klient\u00f3w w <b>ponad 60 krajach<\/b>. <b>Siedziba<\/b> oraz <b>nowoczesne zaplecze produkcyjno-badawcze<\/b> mieszcz\u0105 si\u0119 w <b>U\u015bciu nad \u0141ab\u0105<\/b>. Saltek oferuje <b>szerok\u0105 gam\u0119 ogranicznik\u00f3w przepi\u0119\u0107<\/b> do system\u00f3w niskiego napi\u0119cia, instalacji fotowoltaicznych, telekomunikacyjnych oraz sygna\u0142owych. Produkty firmy wyr\u00f3\u017cniaj\u0105 si\u0119 <b>niezawodno\u015bci\u0105<\/b>, <b>zgodno\u015bci\u0105 z mi\u0119dzynarodowymi normami<\/b> i <b>wysok\u0105 jako\u015bci\u0105 wykonania<\/b>. Dzi\u0119ki <b>w\u0142asnemu dzia\u0142owi rozwoju<\/b> i <b>kontroli jako\u015bci<\/b>, Saltek gwarantuje <b>innowacyjno\u015b\u0107<\/b> oraz <b>bezpiecze\u0144stwo na najwy\u017cszym poziomie<\/b>.\n\t<\/p>\n<p>\t<img decoding=\"async\" src=\"https:\/\/preis-zone.com\/data\/include\/cms\/1-zdjecia-produktow\/Saltek\/logo\/SALTEK-logo3.png?v=1753768823500\" alt=\"Doktorvolt logo\" width=\"466\" height=\"255\" style=\"margin-top: 20px;\">\n<\/div>\n","protected":false},"excerpt":{"rendered":"<p>Ochronnik przepi\u0119\u0107 PV typu T1+T2 z po\u0142\u0105czeniem \u201eY\u201d, wizualn\u0105 i zdaln\u0105 sygnalizacj\u0105 uszkodzenia. Przeznaczony do instalacji PV na dachach, r\u00f3wnie\u017c przy po\u0142\u0105czeniu z LPS. UCPV \u2265 1.2 \u00d7 UOC STC, ca\u0142kowity pr\u0105d udarowy 12.5 kA (10\/350)<\/p>\n","protected":false},"featured_media":107646,"template":"","meta":[],"product_brand":[],"product_cat":[5030],"product_tag":[],"class_list":{"0":"post-110532","1":"product","2":"type-product","3":"status-publish","4":"has-post-thumbnail","6":"product_cat-saltek-surge-protectors","8":"first","9":"instock","10":"shipping-taxable","11":"product-type-external"},"yoast_head":"<!-- This site is optimized with the Yoast SEO plugin v27.0 - https:\/\/yoast.com\/product\/yoast-seo-wordpress\/ -->\n<title>Ogranicznik przepi\u0119\u0107 PV T1+T2 FLP-PV1500\/YS ochronnik przepi\u0119ciowy do 1500V DC do instalacji fotowoltaicznych Saltek A04197 - DOKTORVOLT\u00ae<\/title>\n<meta name=\"robots\" content=\"index, follow, max-snippet:-1, max-image-preview:large, max-video-preview:-1\" \/>\n<link rel=\"canonical\" href=\"https:\/\/doktorvolt.pl\/en\/oferta-doktorvolt\/commercial-products\/saltek\/saltek-surge-protectors\/ogranicznik-przepiec-pv-t1t2-flp-pv1500-ys-ochronnik-przepieciowy-do-1500v-dc-do-instalacji-fotowoltaicznych-saltek-a04197\/\" \/>\n<meta property=\"og:locale\" content=\"en_US\" \/>\n<meta property=\"og:type\" content=\"article\" \/>\n<meta property=\"og:title\" content=\"Ogranicznik przepi\u0119\u0107 PV T1+T2 FLP-PV1500\/YS ochronnik przepi\u0119ciowy do 1500V DC do instalacji fotowoltaicznych Saltek A04197 - DOKTORVOLT\u00ae\" \/>\n<meta property=\"og:description\" content=\"Ochronnik przepi\u0119\u0107 PV typu T1+T2 z po\u0142\u0105czeniem \u201eY\u201d, wizualn\u0105 i zdaln\u0105 sygnalizacj\u0105 uszkodzenia. Przeznaczony do instalacji PV na dachach, r\u00f3wnie\u017c przy po\u0142\u0105czeniu z LPS. UCPV \u2265 1.2 \u00d7 UOC STC, ca\u0142kowity pr\u0105d udarowy 12.5 kA (10\/350)\" \/>\n<meta property=\"og:url\" content=\"https:\/\/doktorvolt.pl\/en\/oferta-doktorvolt\/commercial-products\/saltek\/saltek-surge-protectors\/ogranicznik-przepiec-pv-t1t2-flp-pv1500-ys-ochronnik-przepieciowy-do-1500v-dc-do-instalacji-fotowoltaicznych-saltek-a04197\/\" \/>\n<meta property=\"og:site_name\" content=\"DOKTORVOLT\u00ae\" \/>\n<meta property=\"og:image\" content=\"https:\/\/doktorvolt.pl\/wp-content\/uploads\/2026\/02\/pol_pl_Ogranicznik-przepiec-PV-T1-T2-FLP-PV1500-YS-ochronnik-przepieciowy-do-1500V-DC-do-instalacji-fotowoltaicznych-Saltek-A04197-20482_2.jpg\" \/>\n\t<meta property=\"og:image:width\" content=\"1600\" \/>\n\t<meta property=\"og:image:height\" content=\"1600\" \/>\n\t<meta property=\"og:image:type\" content=\"image\/jpeg\" \/>\n<meta name=\"twitter:card\" content=\"summary_large_image\" \/>\n<meta name=\"twitter:label1\" content=\"Est. reading time\" \/>\n\t<meta name=\"twitter:data1\" content=\"2 minutes\" \/>\n<script type=\"application\/ld+json\" class=\"yoast-schema-graph\">{\"@context\":\"https:\/\/schema.org\",\"@graph\":[{\"@type\":\"WebPage\",\"@id\":\"https:\/\/doktorvolt.pl\/en\/oferta-doktorvolt\/commercial-products\/saltek\/saltek-surge-protectors\/ogranicznik-przepiec-pv-t1t2-flp-pv1500-ys-ochronnik-przepieciowy-do-1500v-dc-do-instalacji-fotowoltaicznych-saltek-a04197\/\",\"url\":\"https:\/\/doktorvolt.pl\/en\/oferta-doktorvolt\/commercial-products\/saltek\/saltek-surge-protectors\/ogranicznik-przepiec-pv-t1t2-flp-pv1500-ys-ochronnik-przepieciowy-do-1500v-dc-do-instalacji-fotowoltaicznych-saltek-a04197\/\",\"name\":\"Ogranicznik przepi\u0119\u0107 PV T1+T2 FLP-PV1500\/YS ochronnik przepi\u0119ciowy do 1500V DC do instalacji fotowoltaicznych Saltek A04197 - DOKTORVOLT\u00ae\",\"isPartOf\":{\"@id\":\"https:\/\/doktorvolt.pl\/de\/#website\"},\"primaryImageOfPage\":{\"@id\":\"https:\/\/doktorvolt.pl\/en\/oferta-doktorvolt\/commercial-products\/saltek\/saltek-surge-protectors\/ogranicznik-przepiec-pv-t1t2-flp-pv1500-ys-ochronnik-przepieciowy-do-1500v-dc-do-instalacji-fotowoltaicznych-saltek-a04197\/#primaryimage\"},\"image\":{\"@id\":\"https:\/\/doktorvolt.pl\/en\/oferta-doktorvolt\/commercial-products\/saltek\/saltek-surge-protectors\/ogranicznik-przepiec-pv-t1t2-flp-pv1500-ys-ochronnik-przepieciowy-do-1500v-dc-do-instalacji-fotowoltaicznych-saltek-a04197\/#primaryimage\"},\"thumbnailUrl\":\"https:\/\/doktorvolt.pl\/wp-content\/uploads\/2026\/02\/pol_pl_Ogranicznik-przepiec-PV-T1-T2-FLP-PV1500-YS-ochronnik-przepieciowy-do-1500V-DC-do-instalacji-fotowoltaicznych-Saltek-A04197-20482_2.jpg\",\"datePublished\":\"2026-02-23T14:30:12+00:00\",\"breadcrumb\":{\"@id\":\"https:\/\/doktorvolt.pl\/en\/oferta-doktorvolt\/commercial-products\/saltek\/saltek-surge-protectors\/ogranicznik-przepiec-pv-t1t2-flp-pv1500-ys-ochronnik-przepieciowy-do-1500v-dc-do-instalacji-fotowoltaicznych-saltek-a04197\/#breadcrumb\"},\"inLanguage\":\"en-US\",\"potentialAction\":[{\"@type\":\"ReadAction\",\"target\":[\"https:\/\/doktorvolt.pl\/en\/oferta-doktorvolt\/commercial-products\/saltek\/saltek-surge-protectors\/ogranicznik-przepiec-pv-t1t2-flp-pv1500-ys-ochronnik-przepieciowy-do-1500v-dc-do-instalacji-fotowoltaicznych-saltek-a04197\/\"]}]},{\"@type\":\"ImageObject\",\"inLanguage\":\"en-US\",\"@id\":\"https:\/\/doktorvolt.pl\/en\/oferta-doktorvolt\/commercial-products\/saltek\/saltek-surge-protectors\/ogranicznik-przepiec-pv-t1t2-flp-pv1500-ys-ochronnik-przepieciowy-do-1500v-dc-do-instalacji-fotowoltaicznych-saltek-a04197\/#primaryimage\",\"url\":\"https:\/\/doktorvolt.pl\/wp-content\/uploads\/2026\/02\/pol_pl_Ogranicznik-przepiec-PV-T1-T2-FLP-PV1500-YS-ochronnik-przepieciowy-do-1500V-DC-do-instalacji-fotowoltaicznych-Saltek-A04197-20482_2.jpg\",\"contentUrl\":\"https:\/\/doktorvolt.pl\/wp-content\/uploads\/2026\/02\/pol_pl_Ogranicznik-przepiec-PV-T1-T2-FLP-PV1500-YS-ochronnik-przepieciowy-do-1500V-DC-do-instalacji-fotowoltaicznych-Saltek-A04197-20482_2.jpg\",\"width\":1600,\"height\":1600},{\"@type\":\"BreadcrumbList\",\"@id\":\"https:\/\/doktorvolt.pl\/en\/oferta-doktorvolt\/commercial-products\/saltek\/saltek-surge-protectors\/ogranicznik-przepiec-pv-t1t2-flp-pv1500-ys-ochronnik-przepieciowy-do-1500v-dc-do-instalacji-fotowoltaicznych-saltek-a04197\/#breadcrumb\",\"itemListElement\":[{\"@type\":\"ListItem\",\"position\":1,\"name\":\"Strona g\u0142\u00f3wna\",\"item\":\"https:\/\/doktorvolt.pl\/en\/\"},{\"@type\":\"ListItem\",\"position\":2,\"name\":\"Offer Doktorvolt\",\"item\":\"https:\/\/doktorvolt.pl\/en\/offer-doktorvolt\/\"},{\"@type\":\"ListItem\",\"position\":3,\"name\":\"Ogranicznik przepi\u0119\u0107 PV T1+T2 FLP-PV1500\/YS ochronnik przepi\u0119ciowy do 1500V DC do instalacji fotowoltaicznych Saltek A04197\"}]},{\"@type\":\"WebSite\",\"@id\":\"https:\/\/doktorvolt.pl\/de\/#website\",\"url\":\"https:\/\/doktorvolt.pl\/de\/\",\"name\":\"DOKTORVOLT\u00ae\",\"description\":\"Producent rozdzielnic budowlanych\",\"publisher\":{\"@id\":\"https:\/\/doktorvolt.pl\/de\/#organization\"},\"potentialAction\":[{\"@type\":\"SearchAction\",\"target\":{\"@type\":\"EntryPoint\",\"urlTemplate\":\"https:\/\/doktorvolt.pl\/de\/?s={search_term_string}\"},\"query-input\":{\"@type\":\"PropertyValueSpecification\",\"valueRequired\":true,\"valueName\":\"search_term_string\"}}],\"inLanguage\":\"en-US\"},{\"@type\":\"Organization\",\"@id\":\"https:\/\/doktorvolt.pl\/de\/#organization\",\"name\":\"DOKTORVOLT\u00ae\",\"url\":\"https:\/\/doktorvolt.pl\/de\/\",\"logo\":{\"@type\":\"ImageObject\",\"inLanguage\":\"en-US\",\"@id\":\"https:\/\/doktorvolt.pl\/de\/#\/schema\/logo\/image\/\",\"url\":\"https:\/\/doktorvolt.pl\/wp-content\/uploads\/2023\/10\/DoktorVOLT-black-png.png\",\"contentUrl\":\"https:\/\/doktorvolt.pl\/wp-content\/uploads\/2023\/10\/DoktorVOLT-black-png.png\",\"width\":729,\"height\":40,\"caption\":\"DOKTORVOLT\u00ae\"},\"image\":{\"@id\":\"https:\/\/doktorvolt.pl\/de\/#\/schema\/logo\/image\/\"}}]}<\/script>\n<!-- \/ Yoast SEO plugin. -->","yoast_head_json":{"title":"Ogranicznik przepi\u0119\u0107 PV T1+T2 FLP-PV1500\/YS ochronnik przepi\u0119ciowy do 1500V DC do instalacji fotowoltaicznych Saltek A04197 - DOKTORVOLT\u00ae","robots":{"index":"index","follow":"follow","max-snippet":"max-snippet:-1","max-image-preview":"max-image-preview:large","max-video-preview":"max-video-preview:-1"},"canonical":"https:\/\/doktorvolt.pl\/en\/oferta-doktorvolt\/commercial-products\/saltek\/saltek-surge-protectors\/ogranicznik-przepiec-pv-t1t2-flp-pv1500-ys-ochronnik-przepieciowy-do-1500v-dc-do-instalacji-fotowoltaicznych-saltek-a04197\/","og_locale":"en_US","og_type":"article","og_title":"Ogranicznik przepi\u0119\u0107 PV T1+T2 FLP-PV1500\/YS ochronnik przepi\u0119ciowy do 1500V DC do instalacji fotowoltaicznych Saltek A04197 - DOKTORVOLT\u00ae","og_description":"Ochronnik przepi\u0119\u0107 PV typu T1+T2 z po\u0142\u0105czeniem \u201eY\u201d, wizualn\u0105 i zdaln\u0105 sygnalizacj\u0105 uszkodzenia. Przeznaczony do instalacji PV na dachach, r\u00f3wnie\u017c przy po\u0142\u0105czeniu z LPS. UCPV \u2265 1.2 \u00d7 UOC STC, ca\u0142kowity pr\u0105d udarowy 12.5 kA (10\/350)","og_url":"https:\/\/doktorvolt.pl\/en\/oferta-doktorvolt\/commercial-products\/saltek\/saltek-surge-protectors\/ogranicznik-przepiec-pv-t1t2-flp-pv1500-ys-ochronnik-przepieciowy-do-1500v-dc-do-instalacji-fotowoltaicznych-saltek-a04197\/","og_site_name":"DOKTORVOLT\u00ae","og_image":[{"width":1600,"height":1600,"url":"https:\/\/doktorvolt.pl\/wp-content\/uploads\/2026\/02\/pol_pl_Ogranicznik-przepiec-PV-T1-T2-FLP-PV1500-YS-ochronnik-przepieciowy-do-1500V-DC-do-instalacji-fotowoltaicznych-Saltek-A04197-20482_2.jpg","type":"image\/jpeg"}],"twitter_card":"summary_large_image","twitter_misc":{"Est. reading time":"2 minutes"},"schema":{"@context":"https:\/\/schema.org","@graph":[{"@type":"WebPage","@id":"https:\/\/doktorvolt.pl\/en\/oferta-doktorvolt\/commercial-products\/saltek\/saltek-surge-protectors\/ogranicznik-przepiec-pv-t1t2-flp-pv1500-ys-ochronnik-przepieciowy-do-1500v-dc-do-instalacji-fotowoltaicznych-saltek-a04197\/","url":"https:\/\/doktorvolt.pl\/en\/oferta-doktorvolt\/commercial-products\/saltek\/saltek-surge-protectors\/ogranicznik-przepiec-pv-t1t2-flp-pv1500-ys-ochronnik-przepieciowy-do-1500v-dc-do-instalacji-fotowoltaicznych-saltek-a04197\/","name":"Ogranicznik przepi\u0119\u0107 PV T1+T2 FLP-PV1500\/YS ochronnik przepi\u0119ciowy do 1500V DC do instalacji fotowoltaicznych Saltek A04197 - DOKTORVOLT\u00ae","isPartOf":{"@id":"https:\/\/doktorvolt.pl\/de\/#website"},"primaryImageOfPage":{"@id":"https:\/\/doktorvolt.pl\/en\/oferta-doktorvolt\/commercial-products\/saltek\/saltek-surge-protectors\/ogranicznik-przepiec-pv-t1t2-flp-pv1500-ys-ochronnik-przepieciowy-do-1500v-dc-do-instalacji-fotowoltaicznych-saltek-a04197\/#primaryimage"},"image":{"@id":"https:\/\/doktorvolt.pl\/en\/oferta-doktorvolt\/commercial-products\/saltek\/saltek-surge-protectors\/ogranicznik-przepiec-pv-t1t2-flp-pv1500-ys-ochronnik-przepieciowy-do-1500v-dc-do-instalacji-fotowoltaicznych-saltek-a04197\/#primaryimage"},"thumbnailUrl":"https:\/\/doktorvolt.pl\/wp-content\/uploads\/2026\/02\/pol_pl_Ogranicznik-przepiec-PV-T1-T2-FLP-PV1500-YS-ochronnik-przepieciowy-do-1500V-DC-do-instalacji-fotowoltaicznych-Saltek-A04197-20482_2.jpg","datePublished":"2026-02-23T14:30:12+00:00","breadcrumb":{"@id":"https:\/\/doktorvolt.pl\/en\/oferta-doktorvolt\/commercial-products\/saltek\/saltek-surge-protectors\/ogranicznik-przepiec-pv-t1t2-flp-pv1500-ys-ochronnik-przepieciowy-do-1500v-dc-do-instalacji-fotowoltaicznych-saltek-a04197\/#breadcrumb"},"inLanguage":"en-US","potentialAction":[{"@type":"ReadAction","target":["https:\/\/doktorvolt.pl\/en\/oferta-doktorvolt\/commercial-products\/saltek\/saltek-surge-protectors\/ogranicznik-przepiec-pv-t1t2-flp-pv1500-ys-ochronnik-przepieciowy-do-1500v-dc-do-instalacji-fotowoltaicznych-saltek-a04197\/"]}]},{"@type":"ImageObject","inLanguage":"en-US","@id":"https:\/\/doktorvolt.pl\/en\/oferta-doktorvolt\/commercial-products\/saltek\/saltek-surge-protectors\/ogranicznik-przepiec-pv-t1t2-flp-pv1500-ys-ochronnik-przepieciowy-do-1500v-dc-do-instalacji-fotowoltaicznych-saltek-a04197\/#primaryimage","url":"https:\/\/doktorvolt.pl\/wp-content\/uploads\/2026\/02\/pol_pl_Ogranicznik-przepiec-PV-T1-T2-FLP-PV1500-YS-ochronnik-przepieciowy-do-1500V-DC-do-instalacji-fotowoltaicznych-Saltek-A04197-20482_2.jpg","contentUrl":"https:\/\/doktorvolt.pl\/wp-content\/uploads\/2026\/02\/pol_pl_Ogranicznik-przepiec-PV-T1-T2-FLP-PV1500-YS-ochronnik-przepieciowy-do-1500V-DC-do-instalacji-fotowoltaicznych-Saltek-A04197-20482_2.jpg","width":1600,"height":1600},{"@type":"BreadcrumbList","@id":"https:\/\/doktorvolt.pl\/en\/oferta-doktorvolt\/commercial-products\/saltek\/saltek-surge-protectors\/ogranicznik-przepiec-pv-t1t2-flp-pv1500-ys-ochronnik-przepieciowy-do-1500v-dc-do-instalacji-fotowoltaicznych-saltek-a04197\/#breadcrumb","itemListElement":[{"@type":"ListItem","position":1,"name":"Strona g\u0142\u00f3wna","item":"https:\/\/doktorvolt.pl\/en\/"},{"@type":"ListItem","position":2,"name":"Offer Doktorvolt","item":"https:\/\/doktorvolt.pl\/en\/offer-doktorvolt\/"},{"@type":"ListItem","position":3,"name":"Ogranicznik przepi\u0119\u0107 PV T1+T2 FLP-PV1500\/YS ochronnik przepi\u0119ciowy do 1500V DC do instalacji fotowoltaicznych Saltek A04197"}]},{"@type":"WebSite","@id":"https:\/\/doktorvolt.pl\/de\/#website","url":"https:\/\/doktorvolt.pl\/de\/","name":"DOKTORVOLT\u00ae","description":"Producent rozdzielnic budowlanych","publisher":{"@id":"https:\/\/doktorvolt.pl\/de\/#organization"},"potentialAction":[{"@type":"SearchAction","target":{"@type":"EntryPoint","urlTemplate":"https:\/\/doktorvolt.pl\/de\/?s={search_term_string}"},"query-input":{"@type":"PropertyValueSpecification","valueRequired":true,"valueName":"search_term_string"}}],"inLanguage":"en-US"},{"@type":"Organization","@id":"https:\/\/doktorvolt.pl\/de\/#organization","name":"DOKTORVOLT\u00ae","url":"https:\/\/doktorvolt.pl\/de\/","logo":{"@type":"ImageObject","inLanguage":"en-US","@id":"https:\/\/doktorvolt.pl\/de\/#\/schema\/logo\/image\/","url":"https:\/\/doktorvolt.pl\/wp-content\/uploads\/2023\/10\/DoktorVOLT-black-png.png","contentUrl":"https:\/\/doktorvolt.pl\/wp-content\/uploads\/2023\/10\/DoktorVOLT-black-png.png","width":729,"height":40,"caption":"DOKTORVOLT\u00ae"},"image":{"@id":"https:\/\/doktorvolt.pl\/de\/#\/schema\/logo\/image\/"}}]}},"_links":{"self":[{"href":"https:\/\/doktorvolt.pl\/en\/wp-json\/wp\/v2\/product\/110532","targetHints":{"allow":["GET"]}}],"collection":[{"href":"https:\/\/doktorvolt.pl\/en\/wp-json\/wp\/v2\/product"}],"about":[{"href":"https:\/\/doktorvolt.pl\/en\/wp-json\/wp\/v2\/types\/product"}],"wp:featuredmedia":[{"embeddable":true,"href":"https:\/\/doktorvolt.pl\/en\/wp-json\/wp\/v2\/media\/107646"}],"wp:attachment":[{"href":"https:\/\/doktorvolt.pl\/en\/wp-json\/wp\/v2\/media?parent=110532"}],"wp:term":[{"taxonomy":"product_brand","embeddable":true,"href":"https:\/\/doktorvolt.pl\/en\/wp-json\/wp\/v2\/product_brand?post=110532"},{"taxonomy":"product_cat","embeddable":true,"href":"https:\/\/doktorvolt.pl\/en\/wp-json\/wp\/v2\/product_cat?post=110532"},{"taxonomy":"product_tag","embeddable":true,"href":"https:\/\/doktorvolt.pl\/en\/wp-json\/wp\/v2\/product_tag?post=110532"}],"curies":[{"name":"wp","href":"https:\/\/api.w.org\/{rel}","templated":true}]}}