{"id":110536,"date":"2026-02-23T16:29:30","date_gmt":"2026-02-23T14:29:30","guid":{"rendered":"https:\/\/doktorvolt.pl\/sklep\/uncategorized\/rozdzielnica-podtynkowa-qzero-ip65-12-modulowa-biale-drzwi-990-12-m-l-0012\/"},"modified":"2026-02-23T16:29:30","modified_gmt":"2026-02-23T14:29:30","slug":"rozdzielnica-podtynkowa-qzero-ip65-12-modulowa-biale-drzwi-990-12-m-l-0012","status":"publish","type":"product","link":"https:\/\/doktorvolt.pl\/en\/oferta-doktorvolt\/commercial-products\/marlanvil\/marlanvil-qzero-series\/rozdzielnica-podtynkowa-qzero-ip65-12-modulowa-biale-drzwi-990-12-m-l-0012\/","title":{"rendered":"Rozdzielnica podtynkowa QZERO IP65 12 modu\u0142owa bia\u0142e drzwi 990.12 M-L 0012"},"content":{"rendered":"<h1 style=\"text-align: center;\"><span style=\"color: #000000;\"><br \/>Rozdzielnica podtynkowa 12 modu\u0142owa Marlanvil<br \/><br style=\"color: #000000;\" \/><\/span><\/h1>\n<\/p>\n<table class=\"center\" style=\"background-color: #f5f5f5; margin-left: auto; margin-right: auto; width: 631px; height: 464px; border: 1px solid #ffffff;\" align=\"center\">\n<tbody>\n<tr align=\"left\">\n<td class=\"align_justify\" style=\"text-align: right; padding: 15px; height: 25px;\" valign=\"middle\" align=\"right\"><span style=\"font-size: 12pt; color: #000000;\"><span style=\"font-family: verdana, geneva;\"><span style=\"font-size: 12pt;\">zastosowanie<\/span><\/span><\/span><\/td>\n<td style=\"background-color: #ffffff; text-align: center;\"><span style=\"font-size: 12pt; color: #000000;\">monta\u017c zabezpiecze\u0144 nadmiarowo-pr\u0105dowych, wy\u0142\u0105cznik\u00f3w r\u00f3\u017cnicowo-pr\u0105dowych oraz innych aparat\u00f3w elektrycznych<\/span><\/td>\n<\/tr>\n<tr align=\"left\">\n<td class=\"align_justify\" style=\"text-align: right; padding: 15px; height: 25px;\" valign=\"middle\" align=\"right\"><span style=\"font-size: 12pt; color: #000000;\"><span style=\"font-family: verdana, geneva;\"><span style=\"font-size: 12pt;\">wymiary wewn\u0119trzne<br \/><\/span><\/span><\/span><\/td>\n<td style=\"background-color: #ffffff; text-align: center;\">\n<p><span style=\"font-size: 12pt; color: #000000;\"><img decoding=\"async\" src=\"\/data\/include\/cms\/description\/img\/cms\/990-12%20wymiar.jpg\" alt=\"940-04.jpg\" width=\"465\" height=\"249\" \/><\/span><\/p>\n<p><span style=\"font-size: 12pt; color: #000000;\">A: 312 mm<br \/>B: 200 mm<br \/>C: 100 mm<br \/>D: 73 mm<br \/><\/span><\/p>\n<\/td>\n<\/tr>\n<tr align=\"left\">\n<td class=\"align_justify\" style=\"text-align: right; padding: 15px; height: 25px;\" valign=\"middle\" align=\"right\"><span style=\"font-size: 12pt; color: #000000;\"><span style=\"font-family: verdana, geneva;\"><span style=\"font-size: 12pt;\">ilo\u015b\u0107 modu\u0142\u00f3w<\/span><\/span><\/span><\/td>\n<td style=\"background-color: #ffffff; text-align: center;\"><span style=\"font-size: 12pt; color: #000000;\">12<br \/><\/span><\/td>\n<\/tr>\n<tr align=\"left\">\n<td class=\"align_justify\" style=\"text-align: right; padding: 15px; height: 25px;\" valign=\"middle\" align=\"right\"><span style=\"font-size: 12pt; color: #000000;\"><span style=\"font-family: verdana, geneva;\"><span style=\"font-size: 12pt;\">ilo\u015b\u0107 rz\u0119d\u00f3w<\/span><\/span><\/span><\/td>\n<td style=\"background-color: #ffffff; text-align: center;\"><span style=\"font-size: 12pt; color: #000000;\">1<\/span><\/td>\n<\/tr>\n<tr>\n<td style=\"text-align: right; padding: 15px; height: 25px;\" valign=\"middle\" align=\"right\"><span style=\"font-size: 12pt; color: #000000;\"><span style=\"font-family: verdana, geneva;\">monta\u017c<\/span><\/span><\/td>\n<td style=\"background-color: #ffffff; text-align: center;\">\n<p><span style=\"font-size: 12pt; font-family: verdana, geneva; color: #000000;\"><span style=\"font-size: 12pt;\">podtynkowa<\/span><\/span><\/p>\n<\/td>\n<\/tr>\n<tr>\n<td style=\"text-align: right; padding: 15px; height: 25px;\" valign=\"middle\" align=\"right\"><span style=\"font-size: 12pt; color: #000000;\"><span style=\"font-family: verdana, geneva;\">stopie\u0144 ochrony<\/span><\/span><\/td>\n<td style=\"background-color: #ffffff; text-align: center;\">\n<p><span style=\"font-size: 12pt; font-family: verdana, geneva; color: #000000;\"><span style=\"font-size: 12pt;\">IP65<\/span><\/span><\/p>\n<\/td>\n<\/tr>\n<tr>\n<td style=\"text-align: right; padding: 15px; height: 25px;\" valign=\"middle\" align=\"right\"><span style=\"font-size: 12pt; color: #000000;\"><span style=\"font-family: verdana, geneva;\">klasa ochrony<\/span><\/span><\/td>\n<td style=\"background-color: #ffffff; text-align: center;\">\n<p><span style=\"font-size: 12pt; font-family: verdana, geneva; color: #000000;\"><span style=\"font-size: 12pt;\">II<\/span><\/span><\/p>\n<\/td>\n<\/tr>\n<tr>\n<td style=\"text-align: right; padding: 15px; height: 25px;\" valign=\"middle\" align=\"right\"><span style=\"font-size: 12pt; color: #000000;\"><span style=\"font-family: verdana, geneva;\"><span style=\"font-size: 12pt; color: #000000;\"><span style=\"font-family: verdana, geneva;\"><span style=\"font-size: 12pt;\"><span style=\"font-family: verdana, geneva;\">maksymalna moc<\/span><\/span><\/span><\/span><\/span><\/span><\/td>\n<td style=\"background-color: #ffffff; text-align: center;\">\n<p><span style=\"font-size: 12pt; font-family: verdana, geneva; color: #000000;\"><span style=\"font-size: 12pt;\">28W<\/span><\/span><\/p>\n<\/td>\n<\/tr>\n<tr>\n<td style=\"text-align: right; padding: 15px; height: 25px;\" valign=\"middle\" align=\"right\"><span style=\"font-size: 12pt; color: #000000;\"><span style=\"font-family: verdana, geneva;\">materia\u0142 obudowy\/drzwi<br \/><\/span><\/span><\/td>\n<td style=\"background-color: #ffffff; text-align: center;\">\n<p><span style=\"font-size: 12pt; font-family: verdana, geneva; color: #000000;\"><span style=\"font-size: 12pt;\">technopolimer<br \/><\/span><\/span><\/p>\n<\/td>\n<\/tr>\n<tr>\n<td style=\"text-align: right; padding: 15px; height: 25px;\" valign=\"middle\" align=\"right\"><span style=\"font-size: 12pt; color: #000000;\"><span style=\"font-family: verdana, geneva;\">kolor obudowy<br \/><\/span><\/span><\/td>\n<td style=\"background-color: #ffffff; text-align: center;\"><span style=\"font-family: verdana, geneva; font-size: 12pt; color: #000000;\">bia\u0142y RAL 0910<br \/><\/span><\/td>\n<\/tr>\n<tr>\n<td style=\"text-align: right; padding: 15px; height: 25px;\" valign=\"middle\" align=\"right\"><span style=\"font-size: 12pt; color: #000000;\"><span style=\"font-family: verdana, geneva;\">kolor drzwi<br \/><\/span><\/span><\/td>\n<td style=\"background-color: #ffffff; text-align: center;\"><span style=\"font-family: verdana, geneva; font-size: 12pt; color: #000000;\"><span style=\"font-family: verdana, geneva; font-size: 12pt; color: #000000;\">bia\u0142y RAL 0910<\/span><br \/><\/span><\/td>\n<\/tr>\n<tr>\n<td style=\"text-align: right; padding: 15px; height: 25px;\" valign=\"middle\" align=\"right\"><span style=\"font-size: 12pt; color: #000000;\"><span style=\"font-family: verdana, geneva;\"><span style=\"font-size: 12pt;\"><span style=\"font-size: 12pt; color: #000000;\"><span style=\"font-family: verdana, geneva;\"><span style=\"font-size: 12pt;\">materia\u0142 \u015brub<\/span><\/span><\/span><\/span><\/span><\/span><\/td>\n<td style=\"background-color: #ffffff; text-align: center; width: 200px;\"><span style=\"font-family: verdana, geneva; font-size: 12pt; color: #000000;\">stal nierdzewna<br \/><\/span><\/td>\n<\/tr>\n<tr>\n<td style=\"text-align: right; padding: 15px; height: 25px;\" valign=\"middle\" align=\"right\"><span style=\"font-size: 12pt; color: #000000;\"><span style=\"font-family: verdana, geneva;\"><span style=\"font-size: 12pt;\"><span style=\"font-size: 12pt;\">szyna DIN (TH\/TS 35)<\/span><\/span> do monta\u017cu aparatury modu\u0142owej <\/span><\/span><\/td>\n<td style=\"background-color: #ffffff; text-align: center; width: 200px;\"><span style=\"font-family: verdana, geneva; font-size: 12pt; color: #000000;\">tak<\/span><\/td>\n<\/tr>\n<tr>\n<td style=\"text-align: right; padding: 15px; height: 25px;\" valign=\"middle\" align=\"right\"><span style=\"font-size: 12pt; color: #000000;\"><span style=\"font-family: verdana, geneva;\"><span style=\"font-size: 12pt;\"><span style=\"font-size: 12pt;\"><\/span><\/span>dwustronna pokrywa otwieraj\u0105ca umo\u017cliwia otwarcie z obu stron<\/span><\/span><\/td>\n<td style=\"background-color: #ffffff; text-align: center; width: 200px;\"><span style=\"font-family: verdana, geneva; font-size: 12pt; color: #000000;\">tak<\/span><\/td>\n<\/tr>\n<tr>\n<td style=\"text-align: right; padding: 15px; height: 25px;\" valign=\"middle\" align=\"right\"><span style=\"font-size: 12pt; color: #000000;\"><span style=\"font-family: verdana, geneva;\"><span style=\"font-size: 12pt;\"><span style=\"font-size: 12pt;\"><\/span><\/span>mo\u017cliwo\u015b\u0107 monta\u017cu zamka z kluczem<\/span><\/span><\/td>\n<td style=\"background-color: #ffffff; text-align: center; width: 200px;\"><span style=\"font-family: verdana, geneva; font-size: 12pt; color: #000000;\">tak<\/span><\/td>\n<\/tr>\n<tr>\n<td style=\"text-align: right; padding: 15px; height: 25px;\" valign=\"middle\" align=\"right\"><span style=\"font-size: 12pt; color: #000000;\"><span style=\"font-family: verdana, geneva;\"><span style=\"font-size: 12pt;\"><span style=\"font-size: 12pt; color: #000000;\"><span style=\"font-family: verdana, geneva;\"><span style=\"font-size: 12pt;\">bezhalogenowa<br \/><\/span><\/span><\/span><\/span><\/span><\/span><\/td>\n<td style=\"background-color: #ffffff; text-align: center; width: 200px;\"><span style=\"font-family: verdana, geneva; font-size: 12pt; color: #000000;\">tak<\/span><\/td>\n<\/tr>\n<tr>\n<td style=\"text-align: right; padding: 15px; height: 25px;\" valign=\"middle\" align=\"right\"><span style=\"font-size: 12pt; color: #000000;\"><span style=\"font-family: verdana, geneva;\">normy\/ dyrektywy<\/span><\/span><\/td>\n<td style=\"background-color: #ffffff; text-align: center; width: 200px;\"><span style=\"font-family: verdana, geneva; font-size: 12pt; color: #000000;\">CE<br \/>Eu 2002\/95\/EC<br \/>RoHS<br \/>Deca-BDE<br \/>CEI 23-48<\/span><\/td>\n<\/tr>\n<tr>\n<td style=\"text-align: right; padding: 15px; height: 25px;\" valign=\"middle\" align=\"right\"><span style=\"font-size: 12pt; color: #000000;\"><span style=\"font-family: verdana, geneva;\">producent <br \/><\/span><\/span><\/td>\n<td style=\"background-color: #ffffff; text-align: center; width: 200px;\"><span style=\"font-family: verdana, geneva; font-size: 12pt; color: #000000;\">Marlanvil<br \/><\/span><\/td>\n<\/tr>\n<tr>\n<td style=\"text-align: right; padding: 15px; height: 25px;\" valign=\"middle\" align=\"right\"><span style=\"font-size: 12pt; color: #000000;\"><span style=\"font-family: verdana, geneva;\">seria<br \/><\/span><\/span><\/td>\n<td style=\"background-color: #ffffff; text-align: center; width: 200px;\"><span style=\"font-family: verdana, geneva; font-size: 12pt; color: #000000;\">QZERO<br \/><\/span><\/td>\n<\/tr>\n<tr>\n<td style=\"text-align: right; padding: 15px; height: 25px;\" valign=\"middle\" align=\"right\"><span style=\"font-size: 12pt; color: #000000;\"><span style=\"font-family: verdana, geneva;\">symbol<\/span><\/span><\/td>\n<td style=\"background-color: #ffffff; text-align: center;\"><span style=\"font-family: verdana, geneva; font-size: 12pt; color: #000000;\">990.12<\/span><\/td>\n<\/tr>\n<tr>\n<td style=\"text-align: right; padding: 15px; height: 25px;\" valign=\"middle\" align=\"right\"><span style=\"font-size: 12pt; color: #000000;\"><span style=\"font-family: verdana, geneva;\">kod EAN<\/span><\/span><\/td>\n<td style=\"background-color: #ffffff; text-align: center;\"><span style=\"font-family: verdana, geneva; font-size: 12pt; color: #000000;\"><span class=\"series\">8017521270012<br \/><\/span><\/span><\/td>\n<\/tr>\n<\/tbody>\n<\/table><\/p>\n","protected":false},"excerpt":{"rendered":"<p>Rozdzielnica podtynkowa hermetyczna 12 modu\u0142owa 312 x 200 x 100 mm bia\u0142e drzwi IP65 skrzynka rozdzielnia obudowa seria QZERO 990.12 Marlanvil<\/p>\n","protected":false},"featured_media":107578,"template":"","meta":[],"product_brand":[],"product_cat":[5031],"product_tag":[],"class_list":{"0":"post-110536","1":"product","2":"type-product","3":"status-publish","4":"has-post-thumbnail","6":"product_cat-marlanvil-qzero-series","7":"pa_liczba-modulow-5044","8":"pa_liczba-rzedow-5042","9":"pa_material-technopolymer","10":"pa_stopien-ochrony-ip65","11":"pa_typ-montazu-montaz-podtynkowy","13":"first","14":"instock","15":"shipping-taxable","16":"product-type-external"},"yoast_head":"<!-- This site is optimized with the Yoast SEO plugin v27.0 - https:\/\/yoast.com\/product\/yoast-seo-wordpress\/ -->\n<title>Rozdzielnica podtynkowa QZERO IP65 12 modu\u0142owa bia\u0142e drzwi 990.12 M-L 0012 - DOKTORVOLT\u00ae<\/title>\n<meta name=\"robots\" content=\"index, follow, max-snippet:-1, max-image-preview:large, max-video-preview:-1\" \/>\n<link rel=\"canonical\" href=\"https:\/\/doktorvolt.pl\/en\/oferta-doktorvolt\/commercial-products\/marlanvil\/marlanvil-qzero-series\/rozdzielnica-podtynkowa-qzero-ip65-12-modulowa-biale-drzwi-990-12-m-l-0012\/\" \/>\n<meta property=\"og:locale\" content=\"en_US\" \/>\n<meta property=\"og:type\" content=\"article\" \/>\n<meta property=\"og:title\" content=\"Rozdzielnica podtynkowa QZERO IP65 12 modu\u0142owa bia\u0142e drzwi 990.12 M-L 0012 - DOKTORVOLT\u00ae\" \/>\n<meta property=\"og:description\" content=\"Rozdzielnica podtynkowa hermetyczna 12 modu\u0142owa 312 x 200 x 100 mm bia\u0142e drzwi IP65 skrzynka rozdzielnia obudowa seria QZERO 990.12 Marlanvil\" \/>\n<meta property=\"og:url\" content=\"https:\/\/doktorvolt.pl\/en\/oferta-doktorvolt\/commercial-products\/marlanvil\/marlanvil-qzero-series\/rozdzielnica-podtynkowa-qzero-ip65-12-modulowa-biale-drzwi-990-12-m-l-0012\/\" \/>\n<meta property=\"og:site_name\" content=\"DOKTORVOLT\u00ae\" \/>\n<meta property=\"og:image\" content=\"https:\/\/doktorvolt.pl\/wp-content\/uploads\/2026\/02\/pol_pl_17023-17023_1.jpg\" \/>\n\t<meta property=\"og:image:width\" content=\"1600\" \/>\n\t<meta property=\"og:image:height\" content=\"1600\" \/>\n\t<meta property=\"og:image:type\" content=\"image\/jpeg\" \/>\n<meta name=\"twitter:card\" content=\"summary_large_image\" \/>\n<meta name=\"twitter:label1\" content=\"Est. reading time\" \/>\n\t<meta name=\"twitter:data1\" content=\"1 minute\" \/>\n<script type=\"application\/ld+json\" class=\"yoast-schema-graph\">{\"@context\":\"https:\/\/schema.org\",\"@graph\":[{\"@type\":\"WebPage\",\"@id\":\"https:\/\/doktorvolt.pl\/en\/oferta-doktorvolt\/commercial-products\/marlanvil\/marlanvil-qzero-series\/rozdzielnica-podtynkowa-qzero-ip65-12-modulowa-biale-drzwi-990-12-m-l-0012\/\",\"url\":\"https:\/\/doktorvolt.pl\/en\/oferta-doktorvolt\/commercial-products\/marlanvil\/marlanvil-qzero-series\/rozdzielnica-podtynkowa-qzero-ip65-12-modulowa-biale-drzwi-990-12-m-l-0012\/\",\"name\":\"Rozdzielnica podtynkowa QZERO IP65 12 modu\u0142owa bia\u0142e drzwi 990.12 M-L 0012 - DOKTORVOLT\u00ae\",\"isPartOf\":{\"@id\":\"https:\/\/doktorvolt.pl\/de\/#website\"},\"primaryImageOfPage\":{\"@id\":\"https:\/\/doktorvolt.pl\/en\/oferta-doktorvolt\/commercial-products\/marlanvil\/marlanvil-qzero-series\/rozdzielnica-podtynkowa-qzero-ip65-12-modulowa-biale-drzwi-990-12-m-l-0012\/#primaryimage\"},\"image\":{\"@id\":\"https:\/\/doktorvolt.pl\/en\/oferta-doktorvolt\/commercial-products\/marlanvil\/marlanvil-qzero-series\/rozdzielnica-podtynkowa-qzero-ip65-12-modulowa-biale-drzwi-990-12-m-l-0012\/#primaryimage\"},\"thumbnailUrl\":\"https:\/\/doktorvolt.pl\/wp-content\/uploads\/2026\/02\/pol_pl_17023-17023_1.jpg\",\"datePublished\":\"2026-02-23T14:29:30+00:00\",\"breadcrumb\":{\"@id\":\"https:\/\/doktorvolt.pl\/en\/oferta-doktorvolt\/commercial-products\/marlanvil\/marlanvil-qzero-series\/rozdzielnica-podtynkowa-qzero-ip65-12-modulowa-biale-drzwi-990-12-m-l-0012\/#breadcrumb\"},\"inLanguage\":\"en-US\",\"potentialAction\":[{\"@type\":\"ReadAction\",\"target\":[\"https:\/\/doktorvolt.pl\/en\/oferta-doktorvolt\/commercial-products\/marlanvil\/marlanvil-qzero-series\/rozdzielnica-podtynkowa-qzero-ip65-12-modulowa-biale-drzwi-990-12-m-l-0012\/\"]}]},{\"@type\":\"ImageObject\",\"inLanguage\":\"en-US\",\"@id\":\"https:\/\/doktorvolt.pl\/en\/oferta-doktorvolt\/commercial-products\/marlanvil\/marlanvil-qzero-series\/rozdzielnica-podtynkowa-qzero-ip65-12-modulowa-biale-drzwi-990-12-m-l-0012\/#primaryimage\",\"url\":\"https:\/\/doktorvolt.pl\/wp-content\/uploads\/2026\/02\/pol_pl_17023-17023_1.jpg\",\"contentUrl\":\"https:\/\/doktorvolt.pl\/wp-content\/uploads\/2026\/02\/pol_pl_17023-17023_1.jpg\",\"width\":1600,\"height\":1600},{\"@type\":\"BreadcrumbList\",\"@id\":\"https:\/\/doktorvolt.pl\/en\/oferta-doktorvolt\/commercial-products\/marlanvil\/marlanvil-qzero-series\/rozdzielnica-podtynkowa-qzero-ip65-12-modulowa-biale-drzwi-990-12-m-l-0012\/#breadcrumb\",\"itemListElement\":[{\"@type\":\"ListItem\",\"position\":1,\"name\":\"Strona g\u0142\u00f3wna\",\"item\":\"https:\/\/doktorvolt.pl\/en\/\"},{\"@type\":\"ListItem\",\"position\":2,\"name\":\"Offer Doktorvolt\",\"item\":\"https:\/\/doktorvolt.pl\/en\/offer-doktorvolt\/\"},{\"@type\":\"ListItem\",\"position\":3,\"name\":\"Rozdzielnica podtynkowa QZERO IP65 12 modu\u0142owa bia\u0142e drzwi 990.12 M-L 0012\"}]},{\"@type\":\"WebSite\",\"@id\":\"https:\/\/doktorvolt.pl\/de\/#website\",\"url\":\"https:\/\/doktorvolt.pl\/de\/\",\"name\":\"DOKTORVOLT\u00ae\",\"description\":\"Producent rozdzielnic budowlanych\",\"publisher\":{\"@id\":\"https:\/\/doktorvolt.pl\/de\/#organization\"},\"potentialAction\":[{\"@type\":\"SearchAction\",\"target\":{\"@type\":\"EntryPoint\",\"urlTemplate\":\"https:\/\/doktorvolt.pl\/de\/?s={search_term_string}\"},\"query-input\":{\"@type\":\"PropertyValueSpecification\",\"valueRequired\":true,\"valueName\":\"search_term_string\"}}],\"inLanguage\":\"en-US\"},{\"@type\":\"Organization\",\"@id\":\"https:\/\/doktorvolt.pl\/de\/#organization\",\"name\":\"DOKTORVOLT\u00ae\",\"url\":\"https:\/\/doktorvolt.pl\/de\/\",\"logo\":{\"@type\":\"ImageObject\",\"inLanguage\":\"en-US\",\"@id\":\"https:\/\/doktorvolt.pl\/de\/#\/schema\/logo\/image\/\",\"url\":\"https:\/\/doktorvolt.pl\/wp-content\/uploads\/2023\/10\/DoktorVOLT-black-png.png\",\"contentUrl\":\"https:\/\/doktorvolt.pl\/wp-content\/uploads\/2023\/10\/DoktorVOLT-black-png.png\",\"width\":729,\"height\":40,\"caption\":\"DOKTORVOLT\u00ae\"},\"image\":{\"@id\":\"https:\/\/doktorvolt.pl\/de\/#\/schema\/logo\/image\/\"}}]}<\/script>\n<!-- \/ Yoast SEO plugin. -->","yoast_head_json":{"title":"Rozdzielnica podtynkowa QZERO IP65 12 modu\u0142owa bia\u0142e drzwi 990.12 M-L 0012 - DOKTORVOLT\u00ae","robots":{"index":"index","follow":"follow","max-snippet":"max-snippet:-1","max-image-preview":"max-image-preview:large","max-video-preview":"max-video-preview:-1"},"canonical":"https:\/\/doktorvolt.pl\/en\/oferta-doktorvolt\/commercial-products\/marlanvil\/marlanvil-qzero-series\/rozdzielnica-podtynkowa-qzero-ip65-12-modulowa-biale-drzwi-990-12-m-l-0012\/","og_locale":"en_US","og_type":"article","og_title":"Rozdzielnica podtynkowa QZERO IP65 12 modu\u0142owa bia\u0142e drzwi 990.12 M-L 0012 - DOKTORVOLT\u00ae","og_description":"Rozdzielnica podtynkowa hermetyczna 12 modu\u0142owa 312 x 200 x 100 mm bia\u0142e drzwi IP65 skrzynka rozdzielnia obudowa seria QZERO 990.12 Marlanvil","og_url":"https:\/\/doktorvolt.pl\/en\/oferta-doktorvolt\/commercial-products\/marlanvil\/marlanvil-qzero-series\/rozdzielnica-podtynkowa-qzero-ip65-12-modulowa-biale-drzwi-990-12-m-l-0012\/","og_site_name":"DOKTORVOLT\u00ae","og_image":[{"width":1600,"height":1600,"url":"https:\/\/doktorvolt.pl\/wp-content\/uploads\/2026\/02\/pol_pl_17023-17023_1.jpg","type":"image\/jpeg"}],"twitter_card":"summary_large_image","twitter_misc":{"Est. reading time":"1 minute"},"schema":{"@context":"https:\/\/schema.org","@graph":[{"@type":"WebPage","@id":"https:\/\/doktorvolt.pl\/en\/oferta-doktorvolt\/commercial-products\/marlanvil\/marlanvil-qzero-series\/rozdzielnica-podtynkowa-qzero-ip65-12-modulowa-biale-drzwi-990-12-m-l-0012\/","url":"https:\/\/doktorvolt.pl\/en\/oferta-doktorvolt\/commercial-products\/marlanvil\/marlanvil-qzero-series\/rozdzielnica-podtynkowa-qzero-ip65-12-modulowa-biale-drzwi-990-12-m-l-0012\/","name":"Rozdzielnica podtynkowa QZERO IP65 12 modu\u0142owa bia\u0142e drzwi 990.12 M-L 0012 - DOKTORVOLT\u00ae","isPartOf":{"@id":"https:\/\/doktorvolt.pl\/de\/#website"},"primaryImageOfPage":{"@id":"https:\/\/doktorvolt.pl\/en\/oferta-doktorvolt\/commercial-products\/marlanvil\/marlanvil-qzero-series\/rozdzielnica-podtynkowa-qzero-ip65-12-modulowa-biale-drzwi-990-12-m-l-0012\/#primaryimage"},"image":{"@id":"https:\/\/doktorvolt.pl\/en\/oferta-doktorvolt\/commercial-products\/marlanvil\/marlanvil-qzero-series\/rozdzielnica-podtynkowa-qzero-ip65-12-modulowa-biale-drzwi-990-12-m-l-0012\/#primaryimage"},"thumbnailUrl":"https:\/\/doktorvolt.pl\/wp-content\/uploads\/2026\/02\/pol_pl_17023-17023_1.jpg","datePublished":"2026-02-23T14:29:30+00:00","breadcrumb":{"@id":"https:\/\/doktorvolt.pl\/en\/oferta-doktorvolt\/commercial-products\/marlanvil\/marlanvil-qzero-series\/rozdzielnica-podtynkowa-qzero-ip65-12-modulowa-biale-drzwi-990-12-m-l-0012\/#breadcrumb"},"inLanguage":"en-US","potentialAction":[{"@type":"ReadAction","target":["https:\/\/doktorvolt.pl\/en\/oferta-doktorvolt\/commercial-products\/marlanvil\/marlanvil-qzero-series\/rozdzielnica-podtynkowa-qzero-ip65-12-modulowa-biale-drzwi-990-12-m-l-0012\/"]}]},{"@type":"ImageObject","inLanguage":"en-US","@id":"https:\/\/doktorvolt.pl\/en\/oferta-doktorvolt\/commercial-products\/marlanvil\/marlanvil-qzero-series\/rozdzielnica-podtynkowa-qzero-ip65-12-modulowa-biale-drzwi-990-12-m-l-0012\/#primaryimage","url":"https:\/\/doktorvolt.pl\/wp-content\/uploads\/2026\/02\/pol_pl_17023-17023_1.jpg","contentUrl":"https:\/\/doktorvolt.pl\/wp-content\/uploads\/2026\/02\/pol_pl_17023-17023_1.jpg","width":1600,"height":1600},{"@type":"BreadcrumbList","@id":"https:\/\/doktorvolt.pl\/en\/oferta-doktorvolt\/commercial-products\/marlanvil\/marlanvil-qzero-series\/rozdzielnica-podtynkowa-qzero-ip65-12-modulowa-biale-drzwi-990-12-m-l-0012\/#breadcrumb","itemListElement":[{"@type":"ListItem","position":1,"name":"Strona g\u0142\u00f3wna","item":"https:\/\/doktorvolt.pl\/en\/"},{"@type":"ListItem","position":2,"name":"Offer Doktorvolt","item":"https:\/\/doktorvolt.pl\/en\/offer-doktorvolt\/"},{"@type":"ListItem","position":3,"name":"Rozdzielnica podtynkowa QZERO IP65 12 modu\u0142owa bia\u0142e drzwi 990.12 M-L 0012"}]},{"@type":"WebSite","@id":"https:\/\/doktorvolt.pl\/de\/#website","url":"https:\/\/doktorvolt.pl\/de\/","name":"DOKTORVOLT\u00ae","description":"Producent rozdzielnic budowlanych","publisher":{"@id":"https:\/\/doktorvolt.pl\/de\/#organization"},"potentialAction":[{"@type":"SearchAction","target":{"@type":"EntryPoint","urlTemplate":"https:\/\/doktorvolt.pl\/de\/?s={search_term_string}"},"query-input":{"@type":"PropertyValueSpecification","valueRequired":true,"valueName":"search_term_string"}}],"inLanguage":"en-US"},{"@type":"Organization","@id":"https:\/\/doktorvolt.pl\/de\/#organization","name":"DOKTORVOLT\u00ae","url":"https:\/\/doktorvolt.pl\/de\/","logo":{"@type":"ImageObject","inLanguage":"en-US","@id":"https:\/\/doktorvolt.pl\/de\/#\/schema\/logo\/image\/","url":"https:\/\/doktorvolt.pl\/wp-content\/uploads\/2023\/10\/DoktorVOLT-black-png.png","contentUrl":"https:\/\/doktorvolt.pl\/wp-content\/uploads\/2023\/10\/DoktorVOLT-black-png.png","width":729,"height":40,"caption":"DOKTORVOLT\u00ae"},"image":{"@id":"https:\/\/doktorvolt.pl\/de\/#\/schema\/logo\/image\/"}}]}},"_links":{"self":[{"href":"https:\/\/doktorvolt.pl\/en\/wp-json\/wp\/v2\/product\/110536","targetHints":{"allow":["GET"]}}],"collection":[{"href":"https:\/\/doktorvolt.pl\/en\/wp-json\/wp\/v2\/product"}],"about":[{"href":"https:\/\/doktorvolt.pl\/en\/wp-json\/wp\/v2\/types\/product"}],"wp:featuredmedia":[{"embeddable":true,"href":"https:\/\/doktorvolt.pl\/en\/wp-json\/wp\/v2\/media\/107578"}],"wp:attachment":[{"href":"https:\/\/doktorvolt.pl\/en\/wp-json\/wp\/v2\/media?parent=110536"}],"wp:term":[{"taxonomy":"product_brand","embeddable":true,"href":"https:\/\/doktorvolt.pl\/en\/wp-json\/wp\/v2\/product_brand?post=110536"},{"taxonomy":"product_cat","embeddable":true,"href":"https:\/\/doktorvolt.pl\/en\/wp-json\/wp\/v2\/product_cat?post=110536"},{"taxonomy":"product_tag","embeddable":true,"href":"https:\/\/doktorvolt.pl\/en\/wp-json\/wp\/v2\/product_tag?post=110536"}],"curies":[{"name":"wp","href":"https:\/\/api.w.org\/{rel}","templated":true}]}}