{"id":110562,"date":"2026-02-23T16:26:05","date_gmt":"2026-02-23T14:26:05","guid":{"rendered":"https:\/\/doktorvolt.pl\/sklep\/uncategorized\/rozdzielnica-natynkowa-hight-ip65-72-modulowa-transparentne-drzwi-940-72-m-l-4x18\/"},"modified":"2026-02-23T16:26:05","modified_gmt":"2026-02-23T14:26:05","slug":"rozdzielnica-natynkowa-hight-ip65-72-modulowa-transparentne-drzwi-940-72-m-l-4x18","status":"publish","type":"product","link":"https:\/\/doktorvolt.pl\/en\/oferta-doktorvolt\/commercial-products\/marlanvil\/marlanvil-hight-series\/rozdzielnica-natynkowa-hight-ip65-72-modulowa-transparentne-drzwi-940-72-m-l-4x18\/","title":{"rendered":"Rozdzielnica natynkowa HIGHT IP65 72 modu\u0142owa transparentne drzwi 940.72 M-L 4&#215;18"},"content":{"rendered":"<h1 style=\"text-align: center;\">Rozdzielnica natynkowa HIGHT IP65 72 modu\u0142owa Marlanvil 940.72<\/h1>\n<h4 style=\"text-align: center;\"><span>Czterorz\u0119dowa rozdzielnica natynkowa w\u0142oskiego producenta Marlanvil posiadaj\u0105ca 72 modu\u0142y umieszczone w czterech rz\u0119dach. Wodoodporna rozdzielnica o stopniu szczelno\u015bci IP65 i odporno\u015bci na uderzenia IK07.<\/span><\/h4>\n<div style=\"display: flex; width: 100%; flex-wrap: wrap; justify-content: space-around;\">\n<div style=\"display: flex; justify-content: center; align-items: center; padding-left: 50px; padding-right: 50px; padding-top: 30px;\">\n<div style=\"min-width: 250px; max-width: 500px;\">\n<h2 style=\"text-align: justify;\"><strong><span>Specyfikacja techniczna:<\/span><\/strong><\/h2>\n<ul>\n<li><span><strong>Ilo\u015b\u0107 modu\u0142\u00f3w:<\/strong> 72 (4&#215;18)<\/span><\/li>\n<li><strong>Ilo\u015b\u0107 rz\u0119d\u00f3w:<\/strong> 4<\/li>\n<li><span><strong>Stosowane do napi\u0119cia Uni:<\/strong> 1000V DC<\/span><\/li>\n<li><strong>Unr:<\/strong> 230\/400V<\/li>\n<li><span><strong>In:<\/strong> 100A<\/span><\/li>\n<li><span><strong>Temperatura pracy:<\/strong>\u00a0<\/span>od -25\u00b0C do +60\u00b0C<\/li>\n<li><span><strong>Stopie\u0144 ochrony IP:<\/strong> IP65<\/span><\/li>\n<li><span><strong>Odporno\u015b\u0107 na uderzenia:<\/strong> IK07<\/span><\/li>\n<li><span><strong>Odporno\u015b\u0107 na \u015brodki chemiczne:<\/strong> TAK<\/span><\/li>\n<li><span><strong>Odporno\u015b\u0107 na warunki pogodowe:<\/strong> TAK<\/span><\/li>\n<li><span><strong>Spos\u00f3b monta\u017cu:<\/strong> natynkowy<\/span><\/li>\n<li><span><strong>Klasa ochrony:<\/strong> II<\/span><\/li>\n<li><span><strong>Materia\u0142 obudowy:<\/strong> technopolimer<\/span><\/li>\n<li><span><strong>Materia\u0142 drzwi:<\/strong> poliw\u0119glan<\/span><\/li>\n<li><span><strong>Kolor obudowy:<\/strong> szary RAL 7035<\/span><\/li>\n<li><span><strong>Kolor drzwi:<\/strong> przyciemniane transparentne<\/span><\/li>\n<li><span><strong>Normy i dyrektywy:<\/strong> CE, EU 2002\/95\/EC, RoHS, Deca-BDE, CEI 23-48<\/span><\/li>\n<\/ul>\n<\/div>\n<\/div>\n<div style=\"display: flex;\"><img decoding=\"async\" style=\"max-width: 100%;\" src=\"https:\/\/preis-zone.pl\/hpeciai\/6309de46ab8255c9e05e5fb49fc2563b\/17875_1.jpg?12597\" border=\"0\" width=\"472\" height=\"472\" \/><\/div>\n<\/div>\n<div style=\"display: flex; width: 100%; flex-wrap: wrap; justify-content: space-around;\">\n<div><img decoding=\"async\" style=\"max-width: 100%;\" src=\"https:\/\/preis-zone.pl\/hpeciai\/8d9be4a26a7709283b43250c31f34d99\/17875_15.jpg?38285\" border=\"0\" width=\"472\" height=\"453\" \/><\/div>\n<div style=\"display: flex; flex-direction: column; justify-content: center; align-items: left; padding-left: 50px; padding-right: 50px; padding-top: 30px; max-width: 500px;\">\n<h2><strong>Wymiary i monta\u017c:<\/strong><\/h2>\n<div style=\"min-width: 250px; text-align: justify;\"><span>Rozdzielnica elektryczna <strong>Marlanvil<\/strong> do <strong>monta\u017cu natynkowego<\/strong>. Wewn\u0105trz rozdzielnicy znajduj\u0105 si\u0119 <strong>cztery\u00a0szyny monta\u017cowe DIN<\/strong>, do umieszczenia aparatury sk\u0142adaj\u0105cej si\u0119 maksymalnie z<strong> 72 modu\u0142\u00f3w<\/strong>.<\/span><\/div>\n<div style=\"min-width: 250px; text-align: justify;\"><span><\/span><\/div>\n<ul>\n<li style=\"min-width: 250px; text-align: justify;\"><span><strong>Szeroko\u015b\u0107 (A):<\/strong>\u00a0<\/span>432mm<\/li>\n<li style=\"min-width: 250px; text-align: justify;\"><span><strong>Wysoko\u015b\u0107 (B): <\/strong><\/span>879mm<\/li>\n<li style=\"min-width: 250px; text-align: justify;\"><span><strong>G\u0142\u0119boko\u015b\u0107 (C):<\/strong> 160mm<\/span><\/li>\n<\/ul>\n<\/div>\n<\/div>\n<div style=\"display: flex; width: 100%; flex-wrap: wrap; justify-content: space-around;\">\n<div style=\"display: flex; flex-direction: column; justify-content: center; align-items: left; padding-left: 50px; padding-right: 50px; padding-top: 30px;\">\n<div style=\"max-width: 500px;\">\n<h2><strong>Zastosowanie:<\/strong><\/h2>\n<\/div>\n<div style=\"min-width: 250px; max-width: 472px; text-align: justify;\"><span>Rozdzielnica elektryczna Marlanvil <strong>serii HIGHT<\/strong> znajdzie zastosowanie na wielu p\u0142aszczyznach dzi\u0119ki swojej funkcjonalno\u015bci. <strong>Cztery rz\u0119dy oraz 72 modu\u0142y<\/strong> (4&#215;18) dadz\u0105 wiele mo\u017cliwo\u015bci przy <strong>monta\u017cu zabezpiecze\u0144 nadmiarowo-pr\u0105dowych<\/strong> czy <strong>wy\u0142\u0105cznik\u00f3w r\u00f3\u017cnicowo-pr\u0105dowych.<\/strong> Rozdzielnica \u015bwietnie sprawdzi si\u0119 tak\u017ce przy innych instalacjach i przy <strong>monta\u017cu wielu aparat\u00f3w elektrycznych<\/strong>.<\/span><\/div>\n<div style=\"min-width: 250px; max-width: 472px; text-align: justify;\">Dzi\u0119ki najwy\u017cszym standardom produkcyjnym oraz mi\u0119dzynarodowym normom rozdzielnica zapewnia <strong>bezpieczny monta\u017c i u\u017cytkowanie.<\/strong><\/div>\n<\/div>\n<div><img decoding=\"async\" style=\"max-width: 100%;\" src=\"https:\/\/preis-zone.pl\/hpeciai\/0d1db606682ad77ab82cb13a66ea40b8\/17875_5.jpg?65790\" border=\"0\" width=\"472\" height=\"472\" \/><\/div>\n<\/div>\n<div style=\"display: flex; width: 100%; flex-wrap: wrap; justify-content: space-around;\">\n<div style=\"display: flex;\"><\/div>\n<\/div>\n<div style=\"display: flex; width: 100%; flex-wrap: wrap; justify-content: space-around;\">\n<div><img decoding=\"async\" style=\"max-width: 100%;\" src=\"https:\/\/preis-zone.pl\/hpeciai\/8420a402f57fe21dc5cceaf54645deda\/17875_12.jpg?66246\" border=\"0\" width=\"472\" height=\"472\" \/><\/div>\n<div style=\"display: flex; flex-direction: column; justify-content: center; align-items: left; padding-left: 50px; padding-right: 50px; padding-top: 30px; max-width: 500px;\">\n<h2><strong>Opis produktu:<\/strong><\/h2>\n<div style=\"min-width: 250px; text-align: justify;\"><span><strong>Bezhalogenowa obudowa<\/strong> rozdzielnicy marki Marlanvil wykonana jest z wysokiej klasy materia\u0142u <strong>technopolimerowego<\/strong> posiadaj\u0105ca <strong>poliw\u0119glanowe transparentne drzwi<\/strong>, kt\u00f3re u\u0142atwiaj\u0105 dost\u0119p do wewn\u0119trznych komponent\u00f3w. Rozdzielnica wyst\u0119puje w szarym kolorze RAL 7035, posiada \u015bruby ze <strong>stali nierdzewnej<\/strong> oraz <strong>gumowe uszczelki EPDM<\/strong>. Rozdzielnica przeznaczona jest zar\u00f3wno do monta\u017cu <strong>wewn\u0119trznego, jak i zewn\u0119trznego<\/strong> ze wzgl\u0119du na wysoki stopie\u0144 ochrony<strong> IP65<\/strong> oraz odporno\u015b\u0107 na uderzenia <strong>IK07<\/strong>. Po\u0142\u0105czenie obu tych standard\u00f3w gwarantuje bezpieczne u\u017cytkowanie rozdzielnicy wewn\u0105trz pomieszczenia oraz na zewn\u0105trz.<\/span><\/div>\n<div style=\"min-width: 250px;\"><span><\/span><\/div>\n<div style=\"min-width: 250px;\"><\/div>\n<\/div>\n<\/div>\n<div style=\"display: flex; width: 100%; flex-wrap: wrap; justify-content: space-around;\">\n<div style=\"display: flex; flex-direction: column; justify-content: center; align-items: left; padding-left: 50px; padding-right: 50px; padding-top: 30px;\">\n<div style=\"max-width: 500px;\">\n<h2><strong>SERIA HIGHT:<\/strong><\/h2>\n<\/div>\n<div style=\"min-width: 250px; max-width: 472px;\">\n<div style=\"min-width: 250px; max-width: 472px; text-align: justify;\">Rozdzielnice serii Hight s\u0105 wykonane z <strong>technopolimer\u00f3w<\/strong> o wyj\u0105tkowej wytrzyma\u0142o\u015bci<strong> termicznej i mechanicznej<\/strong>. Seri\u0119 cechuje wysoka klasa odporno\u015bci, kt\u00f3ra zapewnia<strong> bezpieczne u\u017cytkowanie<\/strong> nawet w niekorzystnych warunkach \u015brodowiskowych. <strong>Przyciemniane drzwi<\/strong> z poliw\u0119glanu, wysoka <strong>odporno\u015b\u0107 na chemikalia i warunki atmosferyczne<\/strong>, <strong>ochrona przed pora\u017ceniem pr\u0105dem<\/strong>, \u015bruby ze stali nierdzewnej czy uszczelka z gumy EPDM, to wyr\u00f3\u017cniaj\u0105ce si\u0119 cechy tej serii marki <strong>Marlanvil. <\/strong>Rozdzielnice wyposa\u017cone s\u0105 w samogasn\u0105ce tuleje kablowe z PVC i podw\u00f3jne za\u015blepki. \u00a0<\/div>\n<\/div>\n<\/div>\n<div><img decoding=\"async\" style=\"max-width: 100%;\" src=\"https:\/\/preis-zone.pl\/hpeciai\/60cc685dda4632755c820f922482669f\/17875_16.png?59496\" border=\"0\" width=\"472\" height=\"472\" \/><\/div>\n<\/div>\n","protected":false},"excerpt":{"rendered":"<p>Rozdzielnica natynkowa hermetyczna 72 modu\u0142owa 432 x 879 x 160mm transparentne przyciemniane drzwi IP65 skrzynka rozdzielnia obudowa seria HIGHT 940.72 Marlanvil<\/p>\n","protected":false},"featured_media":107164,"template":"","meta":[],"product_brand":[],"product_cat":[5036],"product_tag":[],"class_list":{"0":"post-110562","1":"product","2":"type-product","3":"status-publish","4":"has-post-thumbnail","6":"product_cat-marlanvil-hight-series","7":"pa_liczba-modulow-72-moduly","8":"pa_liczba-rzedow-4-rzedy","9":"pa_material-technopolymer","10":"pa_rzedy-moduly-4x18","11":"pa_stopien-ochrony-ip65","12":"pa_typ-montazu-montaz-natynkowy","14":"first","15":"instock","16":"shipping-taxable","17":"product-type-external"},"yoast_head":"<!-- This site is optimized with the Yoast SEO plugin v27.0 - https:\/\/yoast.com\/product\/yoast-seo-wordpress\/ -->\n<title>Rozdzielnica natynkowa HIGHT IP65 72 modu\u0142owa transparentne drzwi 940.72 M-L 4x18 - DOKTORVOLT\u00ae<\/title>\n<meta name=\"robots\" content=\"index, follow, max-snippet:-1, max-image-preview:large, max-video-preview:-1\" \/>\n<link rel=\"canonical\" href=\"https:\/\/doktorvolt.pl\/en\/oferta-doktorvolt\/commercial-products\/marlanvil\/marlanvil-hight-series\/rozdzielnica-natynkowa-hight-ip65-72-modulowa-transparentne-drzwi-940-72-m-l-4x18\/\" \/>\n<meta property=\"og:locale\" content=\"en_US\" \/>\n<meta property=\"og:type\" content=\"article\" \/>\n<meta property=\"og:title\" content=\"Rozdzielnica natynkowa HIGHT IP65 72 modu\u0142owa transparentne drzwi 940.72 M-L 4x18 - DOKTORVOLT\u00ae\" \/>\n<meta property=\"og:description\" content=\"Rozdzielnica natynkowa hermetyczna 72 modu\u0142owa 432 x 879 x 160mm transparentne przyciemniane drzwi IP65 skrzynka rozdzielnia obudowa seria HIGHT 940.72 Marlanvil\" \/>\n<meta property=\"og:url\" content=\"https:\/\/doktorvolt.pl\/en\/oferta-doktorvolt\/commercial-products\/marlanvil\/marlanvil-hight-series\/rozdzielnica-natynkowa-hight-ip65-72-modulowa-transparentne-drzwi-940-72-m-l-4x18\/\" \/>\n<meta property=\"og:site_name\" content=\"DOKTORVOLT\u00ae\" \/>\n<meta property=\"og:image\" content=\"https:\/\/doktorvolt.pl\/wp-content\/uploads\/2026\/02\/pol_pl_17875-17875_1.jpg\" \/>\n\t<meta property=\"og:image:width\" content=\"1000\" \/>\n\t<meta property=\"og:image:height\" content=\"1000\" \/>\n\t<meta property=\"og:image:type\" content=\"image\/jpeg\" \/>\n<meta name=\"twitter:card\" content=\"summary_large_image\" \/>\n<meta name=\"twitter:label1\" content=\"Est. reading time\" \/>\n\t<meta name=\"twitter:data1\" content=\"2 minutes\" \/>\n<script type=\"application\/ld+json\" class=\"yoast-schema-graph\">{\"@context\":\"https:\/\/schema.org\",\"@graph\":[{\"@type\":\"WebPage\",\"@id\":\"https:\/\/doktorvolt.pl\/en\/oferta-doktorvolt\/commercial-products\/marlanvil\/marlanvil-hight-series\/rozdzielnica-natynkowa-hight-ip65-72-modulowa-transparentne-drzwi-940-72-m-l-4x18\/\",\"url\":\"https:\/\/doktorvolt.pl\/en\/oferta-doktorvolt\/commercial-products\/marlanvil\/marlanvil-hight-series\/rozdzielnica-natynkowa-hight-ip65-72-modulowa-transparentne-drzwi-940-72-m-l-4x18\/\",\"name\":\"Rozdzielnica natynkowa HIGHT IP65 72 modu\u0142owa transparentne drzwi 940.72 M-L 4x18 - DOKTORVOLT\u00ae\",\"isPartOf\":{\"@id\":\"https:\/\/doktorvolt.pl\/de\/#website\"},\"primaryImageOfPage\":{\"@id\":\"https:\/\/doktorvolt.pl\/en\/oferta-doktorvolt\/commercial-products\/marlanvil\/marlanvil-hight-series\/rozdzielnica-natynkowa-hight-ip65-72-modulowa-transparentne-drzwi-940-72-m-l-4x18\/#primaryimage\"},\"image\":{\"@id\":\"https:\/\/doktorvolt.pl\/en\/oferta-doktorvolt\/commercial-products\/marlanvil\/marlanvil-hight-series\/rozdzielnica-natynkowa-hight-ip65-72-modulowa-transparentne-drzwi-940-72-m-l-4x18\/#primaryimage\"},\"thumbnailUrl\":\"https:\/\/doktorvolt.pl\/wp-content\/uploads\/2026\/02\/pol_pl_17875-17875_1.jpg\",\"datePublished\":\"2026-02-23T14:26:05+00:00\",\"breadcrumb\":{\"@id\":\"https:\/\/doktorvolt.pl\/en\/oferta-doktorvolt\/commercial-products\/marlanvil\/marlanvil-hight-series\/rozdzielnica-natynkowa-hight-ip65-72-modulowa-transparentne-drzwi-940-72-m-l-4x18\/#breadcrumb\"},\"inLanguage\":\"en-US\",\"potentialAction\":[{\"@type\":\"ReadAction\",\"target\":[\"https:\/\/doktorvolt.pl\/en\/oferta-doktorvolt\/commercial-products\/marlanvil\/marlanvil-hight-series\/rozdzielnica-natynkowa-hight-ip65-72-modulowa-transparentne-drzwi-940-72-m-l-4x18\/\"]}]},{\"@type\":\"ImageObject\",\"inLanguage\":\"en-US\",\"@id\":\"https:\/\/doktorvolt.pl\/en\/oferta-doktorvolt\/commercial-products\/marlanvil\/marlanvil-hight-series\/rozdzielnica-natynkowa-hight-ip65-72-modulowa-transparentne-drzwi-940-72-m-l-4x18\/#primaryimage\",\"url\":\"https:\/\/doktorvolt.pl\/wp-content\/uploads\/2026\/02\/pol_pl_17875-17875_1.jpg\",\"contentUrl\":\"https:\/\/doktorvolt.pl\/wp-content\/uploads\/2026\/02\/pol_pl_17875-17875_1.jpg\",\"width\":1000,\"height\":1000},{\"@type\":\"BreadcrumbList\",\"@id\":\"https:\/\/doktorvolt.pl\/en\/oferta-doktorvolt\/commercial-products\/marlanvil\/marlanvil-hight-series\/rozdzielnica-natynkowa-hight-ip65-72-modulowa-transparentne-drzwi-940-72-m-l-4x18\/#breadcrumb\",\"itemListElement\":[{\"@type\":\"ListItem\",\"position\":1,\"name\":\"Strona g\u0142\u00f3wna\",\"item\":\"https:\/\/doktorvolt.pl\/en\/\"},{\"@type\":\"ListItem\",\"position\":2,\"name\":\"Offer Doktorvolt\",\"item\":\"https:\/\/doktorvolt.pl\/en\/offer-doktorvolt\/\"},{\"@type\":\"ListItem\",\"position\":3,\"name\":\"Rozdzielnica natynkowa HIGHT IP65 72 modu\u0142owa transparentne drzwi 940.72 M-L 4&#215;18\"}]},{\"@type\":\"WebSite\",\"@id\":\"https:\/\/doktorvolt.pl\/de\/#website\",\"url\":\"https:\/\/doktorvolt.pl\/de\/\",\"name\":\"DOKTORVOLT\u00ae\",\"description\":\"Producent rozdzielnic budowlanych\",\"publisher\":{\"@id\":\"https:\/\/doktorvolt.pl\/de\/#organization\"},\"potentialAction\":[{\"@type\":\"SearchAction\",\"target\":{\"@type\":\"EntryPoint\",\"urlTemplate\":\"https:\/\/doktorvolt.pl\/de\/?s={search_term_string}\"},\"query-input\":{\"@type\":\"PropertyValueSpecification\",\"valueRequired\":true,\"valueName\":\"search_term_string\"}}],\"inLanguage\":\"en-US\"},{\"@type\":\"Organization\",\"@id\":\"https:\/\/doktorvolt.pl\/de\/#organization\",\"name\":\"DOKTORVOLT\u00ae\",\"url\":\"https:\/\/doktorvolt.pl\/de\/\",\"logo\":{\"@type\":\"ImageObject\",\"inLanguage\":\"en-US\",\"@id\":\"https:\/\/doktorvolt.pl\/de\/#\/schema\/logo\/image\/\",\"url\":\"https:\/\/doktorvolt.pl\/wp-content\/uploads\/2023\/10\/DoktorVOLT-black-png.png\",\"contentUrl\":\"https:\/\/doktorvolt.pl\/wp-content\/uploads\/2023\/10\/DoktorVOLT-black-png.png\",\"width\":729,\"height\":40,\"caption\":\"DOKTORVOLT\u00ae\"},\"image\":{\"@id\":\"https:\/\/doktorvolt.pl\/de\/#\/schema\/logo\/image\/\"}}]}<\/script>\n<!-- \/ Yoast SEO plugin. -->","yoast_head_json":{"title":"Rozdzielnica natynkowa HIGHT IP65 72 modu\u0142owa transparentne drzwi 940.72 M-L 4x18 - DOKTORVOLT\u00ae","robots":{"index":"index","follow":"follow","max-snippet":"max-snippet:-1","max-image-preview":"max-image-preview:large","max-video-preview":"max-video-preview:-1"},"canonical":"https:\/\/doktorvolt.pl\/en\/oferta-doktorvolt\/commercial-products\/marlanvil\/marlanvil-hight-series\/rozdzielnica-natynkowa-hight-ip65-72-modulowa-transparentne-drzwi-940-72-m-l-4x18\/","og_locale":"en_US","og_type":"article","og_title":"Rozdzielnica natynkowa HIGHT IP65 72 modu\u0142owa transparentne drzwi 940.72 M-L 4x18 - DOKTORVOLT\u00ae","og_description":"Rozdzielnica natynkowa hermetyczna 72 modu\u0142owa 432 x 879 x 160mm transparentne przyciemniane drzwi IP65 skrzynka rozdzielnia obudowa seria HIGHT 940.72 Marlanvil","og_url":"https:\/\/doktorvolt.pl\/en\/oferta-doktorvolt\/commercial-products\/marlanvil\/marlanvil-hight-series\/rozdzielnica-natynkowa-hight-ip65-72-modulowa-transparentne-drzwi-940-72-m-l-4x18\/","og_site_name":"DOKTORVOLT\u00ae","og_image":[{"width":1000,"height":1000,"url":"https:\/\/doktorvolt.pl\/wp-content\/uploads\/2026\/02\/pol_pl_17875-17875_1.jpg","type":"image\/jpeg"}],"twitter_card":"summary_large_image","twitter_misc":{"Est. reading time":"2 minutes"},"schema":{"@context":"https:\/\/schema.org","@graph":[{"@type":"WebPage","@id":"https:\/\/doktorvolt.pl\/en\/oferta-doktorvolt\/commercial-products\/marlanvil\/marlanvil-hight-series\/rozdzielnica-natynkowa-hight-ip65-72-modulowa-transparentne-drzwi-940-72-m-l-4x18\/","url":"https:\/\/doktorvolt.pl\/en\/oferta-doktorvolt\/commercial-products\/marlanvil\/marlanvil-hight-series\/rozdzielnica-natynkowa-hight-ip65-72-modulowa-transparentne-drzwi-940-72-m-l-4x18\/","name":"Rozdzielnica natynkowa HIGHT IP65 72 modu\u0142owa transparentne drzwi 940.72 M-L 4x18 - DOKTORVOLT\u00ae","isPartOf":{"@id":"https:\/\/doktorvolt.pl\/de\/#website"},"primaryImageOfPage":{"@id":"https:\/\/doktorvolt.pl\/en\/oferta-doktorvolt\/commercial-products\/marlanvil\/marlanvil-hight-series\/rozdzielnica-natynkowa-hight-ip65-72-modulowa-transparentne-drzwi-940-72-m-l-4x18\/#primaryimage"},"image":{"@id":"https:\/\/doktorvolt.pl\/en\/oferta-doktorvolt\/commercial-products\/marlanvil\/marlanvil-hight-series\/rozdzielnica-natynkowa-hight-ip65-72-modulowa-transparentne-drzwi-940-72-m-l-4x18\/#primaryimage"},"thumbnailUrl":"https:\/\/doktorvolt.pl\/wp-content\/uploads\/2026\/02\/pol_pl_17875-17875_1.jpg","datePublished":"2026-02-23T14:26:05+00:00","breadcrumb":{"@id":"https:\/\/doktorvolt.pl\/en\/oferta-doktorvolt\/commercial-products\/marlanvil\/marlanvil-hight-series\/rozdzielnica-natynkowa-hight-ip65-72-modulowa-transparentne-drzwi-940-72-m-l-4x18\/#breadcrumb"},"inLanguage":"en-US","potentialAction":[{"@type":"ReadAction","target":["https:\/\/doktorvolt.pl\/en\/oferta-doktorvolt\/commercial-products\/marlanvil\/marlanvil-hight-series\/rozdzielnica-natynkowa-hight-ip65-72-modulowa-transparentne-drzwi-940-72-m-l-4x18\/"]}]},{"@type":"ImageObject","inLanguage":"en-US","@id":"https:\/\/doktorvolt.pl\/en\/oferta-doktorvolt\/commercial-products\/marlanvil\/marlanvil-hight-series\/rozdzielnica-natynkowa-hight-ip65-72-modulowa-transparentne-drzwi-940-72-m-l-4x18\/#primaryimage","url":"https:\/\/doktorvolt.pl\/wp-content\/uploads\/2026\/02\/pol_pl_17875-17875_1.jpg","contentUrl":"https:\/\/doktorvolt.pl\/wp-content\/uploads\/2026\/02\/pol_pl_17875-17875_1.jpg","width":1000,"height":1000},{"@type":"BreadcrumbList","@id":"https:\/\/doktorvolt.pl\/en\/oferta-doktorvolt\/commercial-products\/marlanvil\/marlanvil-hight-series\/rozdzielnica-natynkowa-hight-ip65-72-modulowa-transparentne-drzwi-940-72-m-l-4x18\/#breadcrumb","itemListElement":[{"@type":"ListItem","position":1,"name":"Strona g\u0142\u00f3wna","item":"https:\/\/doktorvolt.pl\/en\/"},{"@type":"ListItem","position":2,"name":"Offer Doktorvolt","item":"https:\/\/doktorvolt.pl\/en\/offer-doktorvolt\/"},{"@type":"ListItem","position":3,"name":"Rozdzielnica natynkowa HIGHT IP65 72 modu\u0142owa transparentne drzwi 940.72 M-L 4&#215;18"}]},{"@type":"WebSite","@id":"https:\/\/doktorvolt.pl\/de\/#website","url":"https:\/\/doktorvolt.pl\/de\/","name":"DOKTORVOLT\u00ae","description":"Producent rozdzielnic budowlanych","publisher":{"@id":"https:\/\/doktorvolt.pl\/de\/#organization"},"potentialAction":[{"@type":"SearchAction","target":{"@type":"EntryPoint","urlTemplate":"https:\/\/doktorvolt.pl\/de\/?s={search_term_string}"},"query-input":{"@type":"PropertyValueSpecification","valueRequired":true,"valueName":"search_term_string"}}],"inLanguage":"en-US"},{"@type":"Organization","@id":"https:\/\/doktorvolt.pl\/de\/#organization","name":"DOKTORVOLT\u00ae","url":"https:\/\/doktorvolt.pl\/de\/","logo":{"@type":"ImageObject","inLanguage":"en-US","@id":"https:\/\/doktorvolt.pl\/de\/#\/schema\/logo\/image\/","url":"https:\/\/doktorvolt.pl\/wp-content\/uploads\/2023\/10\/DoktorVOLT-black-png.png","contentUrl":"https:\/\/doktorvolt.pl\/wp-content\/uploads\/2023\/10\/DoktorVOLT-black-png.png","width":729,"height":40,"caption":"DOKTORVOLT\u00ae"},"image":{"@id":"https:\/\/doktorvolt.pl\/de\/#\/schema\/logo\/image\/"}}]}},"_links":{"self":[{"href":"https:\/\/doktorvolt.pl\/en\/wp-json\/wp\/v2\/product\/110562","targetHints":{"allow":["GET"]}}],"collection":[{"href":"https:\/\/doktorvolt.pl\/en\/wp-json\/wp\/v2\/product"}],"about":[{"href":"https:\/\/doktorvolt.pl\/en\/wp-json\/wp\/v2\/types\/product"}],"wp:featuredmedia":[{"embeddable":true,"href":"https:\/\/doktorvolt.pl\/en\/wp-json\/wp\/v2\/media\/107164"}],"wp:attachment":[{"href":"https:\/\/doktorvolt.pl\/en\/wp-json\/wp\/v2\/media?parent=110562"}],"wp:term":[{"taxonomy":"product_brand","embeddable":true,"href":"https:\/\/doktorvolt.pl\/en\/wp-json\/wp\/v2\/product_brand?post=110562"},{"taxonomy":"product_cat","embeddable":true,"href":"https:\/\/doktorvolt.pl\/en\/wp-json\/wp\/v2\/product_cat?post=110562"},{"taxonomy":"product_tag","embeddable":true,"href":"https:\/\/doktorvolt.pl\/en\/wp-json\/wp\/v2\/product_tag?post=110562"}],"curies":[{"name":"wp","href":"https:\/\/api.w.org\/{rel}","templated":true}]}}