{"id":110563,"date":"2026-02-23T16:25:38","date_gmt":"2026-02-23T14:25:38","guid":{"rendered":"https:\/\/doktorvolt.pl\/sklep\/uncategorized\/rozdzielnica-natynkowa-ip65-24-1212-czarna-modulowa-transparentne-drzwi-m-l-2x12-940-24-nn-hight\/"},"modified":"2026-02-23T16:25:38","modified_gmt":"2026-02-23T14:25:38","slug":"rozdzielnica-natynkowa-ip65-24-1212-czarna-modulowa-transparentne-drzwi-m-l-2x12-940-24-nn-hight","status":"publish","type":"product","link":"https:\/\/doktorvolt.pl\/en\/oferta-doktorvolt\/commercial-products\/marlanvil\/marlanvil-hight-series\/rozdzielnica-natynkowa-ip65-24-1212-czarna-modulowa-transparentne-drzwi-m-l-2x12-940-24-nn-hight\/","title":{"rendered":"Rozdzielnica natynkowa IP65 24 (12+12) czarna modu\u0142owa transparentne drzwi M-L 2&#215;12 940.24.NN HIGHT"},"content":{"rendered":"<p><!-- Nag\u0142\u00f3wek g\u0142\u00f3wny strony --><\/p>\n<h1 style=\"font-size: 24pt; text-align: center\">\n    <!-- Tytu\u0142 strony --><br \/>\n    <span style=\"display: inline-block; width: 100%;\">Rozdzielnica natynkowa IP65 24 (12+12) modu\u0142owa transparentne drzwi M-L 2&#215;12 940.24.NN HIGHT<\/span><br \/>\n<\/h1>\n<p><!-- Kr\u00f3tki opis produktu --><\/p>\n<h4 style=\"font-size: 14pt; text-align: center\">\n    <span>Produkt wykonany jest z najwy\u017cszej jako\u015bci materia\u0142\u00f3w. 24-modu\u0142owa skrzynka rozdzielcza HIGHT ma stopie\u0144 ochrony IP65 (hermetyczny) i dlatego nadaje si\u0119 do u\u017cytku wewn\u0105trz i na zewn\u0105trz, a tak\u017ce w wilgotnych pomieszczeniach.<\/span><br \/>\n<\/h4>\n<p><!-- Separator graficzny --><\/p>\n<div>\n    <img decoding=\"async\" style=\"max-width: 100%; margin-bottom: 20px; margin-top: 20px;\"\n         src=\"https:\/\/shop38554-1.yourtechnicaldomain.com\/data\/include\/cms\/1-zdjecia-produktow\/Infografiki\/stopka\/preis_zone_przerywnik.png?v=1730189337244\"\n         border=\"0\" width=\"1900\" height=\"30\">\n<\/div>\n<p><!-- G\u0142\u00f3wna sekcja z opisem i obrazem produktu --><\/p>\n<div style=\"display: flex; width: 100%; justify-content: space-between; align-items: center; flex-wrap: wrap; gap: 20px; padding: 30px;\">\n    <!-- Sekcja tekstowa z opisem produktu --><\/p>\n<div style=\"flex: auto; max-width: 550px;\">\n<h2 style=\"font-size: 16pt; padding-bottom: 10px; color: #000 !important; border-bottom: 5px solid #de1d2a;\">\n            <strong>Zastosowanie<\/strong><br \/>\n        <\/h2>\n<p style=\"font-size: 14pt; text-align: justify;\">\n            Idealnym zastosowaniem dla tej odpornej na wilgo\u0107 skrzynki rozdzielczej jest dystrybucja zasilania poprzez monta\u017c urz\u0105dze\u0144 modu\u0142owych, takich jak wy\u0142\u0105czniki miniaturowe, wy\u0142\u0105czniki r\u00f3\u017cnicowopr\u0105dowe, lampki kontrolne faz, ograniczniki przepi\u0119\u0107, roz\u0142\u0105czniki itp. Hermetyczna obudowa jest instalowana na powierzchni (monta\u017c natynkowy). Kolejn\u0105 zalet\u0105 skrzynki bezpiecznikowej jest napi\u0119cie znamionowe do 1000 V, dzi\u0119ki czemu mo\u017cna j\u0105 stosowa\u0107 w systemach fotowoltaicznych.\n        <\/p>\n<\/p><\/div>\n<p>    <!-- Sekcja z obrazem produktu --><\/p>\n<div style=\"flex: auto; max-width: 472px;\">\n        <img decoding=\"async\" src=\"https:\/\/preis-zone.com\/hpeciai\/fda3c7a3ca500511aadc2e7da693205f\/19923_2.png?38932\"\n             width=\"472\" height=\"472\" style=\"max-width: 100%; border-radius: 8px;\">\n    <\/div>\n<\/div>\n<p><!-- Separator graficzny --><\/p>\n<div>\n    <img decoding=\"async\" style=\"max-width: 100%; margin-bottom: 20px; margin-top: 20px;\"\n         src=\"https:\/\/shop38554-1.yourtechnicaldomain.com\/data\/include\/cms\/1-zdjecia-produktow\/Infografiki\/stopka\/preis_zone_przerywnik.png?v=1730189337244\"\n         border=\"0\" width=\"1900\" height=\"30\">\n<\/div>\n<p><!-- Sekcja video i specyfikacja techniczna --><\/p>\n<div style=\"display: flex; width: 100%; flex-wrap: wrap; justify-content: space-around;\">\n    <!-- Sekcja z video --><\/p>\n<div style=\"flex: auto; max-width: 472px;\">\n<img decoding=\"async\" style=\"max-width=100%; margin-top: 400px; padding-top: 10px;\" width=\"400\" height=\"300\" src=\"https:\/\/preis-zone.com\/hpeciai\/1d03815835b65a3f9e05d8607e0e1a8d\/19923_4.png?32718\">\n<\/div>\n<p>    <!-- Specyfikacja techniczna produktu --><\/p>\n<div style=\"display: flex; flex-direction: column; justify-content: center; align-items: left; padding-left: 50px; padding-right: 50px; padding-top: 30px; max-width: 500px; font-size: 14pt;\">\n<h2 style=\"font-size: 16pt; color: #000 !important; padding-bottom: 10px; border-bottom: 5px solid #de1d2a;\">\n    <strong>Specyfikacja Techniczna<\/strong><br \/>\n        <\/h2>\n<p style=\"margin: 5px;\"><strong>Ilo\u015b\u0107 modu\u0142\u00f3w:<\/strong> 24 (2&#215;12)<\/p>\n<p style=\"margin: 5px;\"><strong>Ilo\u015b\u0107 rz\u0119d\u00f3w:<\/strong> 2 (12+12)<\/p>\n<p style=\"margin: 5px;\"><strong>Monta\u017c:<\/strong> Natynkowy<\/p>\n<p style=\"margin: 5px;\"><strong>Uni:<\/strong> 1000V<\/p>\n<p style=\"margin: 5px;\"><strong>Unr:<\/strong> 230 \/ 400V<\/p>\n<p style=\"margin: 5px;\"><strong>In:<\/strong> 100A<\/p>\n<p style=\"margin: 5px;\"><strong>Listwa zaciskowa N PE:<\/strong> Do zakupienia osobno (symbol 1006.12)<\/p>\n<p style=\"margin: 5px;\"><strong>Dozwolona temperatura pracy:<\/strong> od -25\u00b0C do +60\u00b0C<\/p>\n<p style=\"margin: 5px;\"><strong>Odporno\u015b\u0107 na uderzenia:<\/strong> IK07<\/p>\n<p style=\"margin: 5px;\"><strong>Odporno\u015b\u0107 na \u015brodki chemiczne i warunki pogodowe:<\/strong> Tak<\/p>\n<p style=\"margin: 5px;\"><strong>Stopie\u0144 ochrony:<\/strong> IP65<\/p>\n<p style=\"margin: 5px;\"><strong>Klasa ochrony:<\/strong> II<\/p>\n<p style=\"margin: 5px;\"><strong>Materia\u0142 obudowy:<\/strong> Technopolimer<\/p>\n<p style=\"margin: 5px;\"><strong>Materia\u0142 drzwi:<\/strong> Poliw\u0119glan<\/p>\n<p style=\"margin: 5px;\"><strong>Kolor obudowy:<\/strong> Czarny<\/p>\n<p style=\"margin: 5px;\"><strong>Kolor drzwi:<\/strong> Przyciemniane transparentne<\/p>\n<p style=\"margin: 5px;\"><strong>Materia\u0142 \u015brub:<\/strong> Stal nierdzewna<\/p>\n<p style=\"margin: 5px;\"><strong>Materia\u0142 uszczelki:<\/strong> Guma EPDM<\/p>\n<p style=\"margin: 5px;\"><strong>Szyna DIN (TH\/TS 35):<\/strong> Tak<\/p>\n<p style=\"margin: 5px;\"><strong>Mo\u017cliwo\u015b\u0107 monta\u017cu zamka metalowego:<\/strong> Tak<\/p>\n<p style=\"margin: 5px;\"><strong>Normy\/Dyretywy:<\/strong> CE, Eu 2002\/95\/EC, RoHS, Deca-BDE, CEI 23-48<\/p>\n<p style=\"margin: 5px;\"><strong>Producent:<\/strong> Marlanvil<\/p>\n<p style=\"margin: 5px;\"><strong>Symbol:<\/strong> 940.24.NN<\/p>\n<p style=\"margin: 5px;\"><strong>Kod EAN:<\/strong> 8017521091457<\/p>\n<\/p><\/div>\n<\/div>\n","protected":false},"excerpt":{"rendered":"<p>Produkt wykonany jest z najwy\u017cszej jako\u015bci materia\u0142\u00f3w. 24-modu\u0142owa skrzynka rozdzielcza HIGHT ma stopie\u0144 ochrony IP65 (hermetyczny) i dlatego nadaje si\u0119 do u\u017cytku wewn\u0105trz i na zewn\u0105trz, a tak\u017ce w wilgotnych pomieszczeniach.<\/p>\n","protected":false},"featured_media":107147,"template":"","meta":[],"product_brand":[],"product_cat":[5036],"product_tag":[],"class_list":{"0":"post-110563","1":"product","2":"type-product","3":"status-publish","4":"has-post-thumbnail","6":"product_cat-marlanvil-hight-series","7":"pa_liczba-modulow-24-moduly","8":"pa_liczba-rzedow-2-rzedy","9":"pa_material-technopolymer","10":"pa_rzedy-moduly-2x12","11":"pa_stopien-ochrony-ip65","12":"pa_typ-montazu-montaz-natynkowy","14":"first","15":"instock","16":"shipping-taxable","17":"product-type-external"},"yoast_head":"<!-- This site is optimized with the Yoast SEO plugin v27.0 - https:\/\/yoast.com\/product\/yoast-seo-wordpress\/ -->\n<title>Rozdzielnica natynkowa IP65 24 (12+12) czarna modu\u0142owa transparentne drzwi M-L 2x12 940.24.NN HIGHT - DOKTORVOLT\u00ae<\/title>\n<meta name=\"robots\" content=\"index, follow, max-snippet:-1, max-image-preview:large, max-video-preview:-1\" \/>\n<link rel=\"canonical\" href=\"https:\/\/doktorvolt.pl\/en\/oferta-doktorvolt\/commercial-products\/marlanvil\/marlanvil-hight-series\/rozdzielnica-natynkowa-ip65-24-1212-czarna-modulowa-transparentne-drzwi-m-l-2x12-940-24-nn-hight\/\" \/>\n<meta property=\"og:locale\" content=\"en_US\" \/>\n<meta property=\"og:type\" content=\"article\" \/>\n<meta property=\"og:title\" content=\"Rozdzielnica natynkowa IP65 24 (12+12) czarna modu\u0142owa transparentne drzwi M-L 2x12 940.24.NN HIGHT - DOKTORVOLT\u00ae\" \/>\n<meta property=\"og:description\" content=\"Produkt wykonany jest z najwy\u017cszej jako\u015bci materia\u0142\u00f3w. 24-modu\u0142owa skrzynka rozdzielcza HIGHT ma stopie\u0144 ochrony IP65 (hermetyczny) i dlatego nadaje si\u0119 do u\u017cytku wewn\u0105trz i na zewn\u0105trz, a tak\u017ce w wilgotnych pomieszczeniach.\" \/>\n<meta property=\"og:url\" content=\"https:\/\/doktorvolt.pl\/en\/oferta-doktorvolt\/commercial-products\/marlanvil\/marlanvil-hight-series\/rozdzielnica-natynkowa-ip65-24-1212-czarna-modulowa-transparentne-drzwi-m-l-2x12-940-24-nn-hight\/\" \/>\n<meta property=\"og:site_name\" content=\"DOKTORVOLT\u00ae\" \/>\n<meta property=\"og:image\" content=\"https:\/\/doktorvolt.pl\/wp-content\/uploads\/2026\/02\/pol_pl_Rozdzielnica-natynkowa-IP65-24-12-12-czarna-modulowa-transparentne-drzwi-M-L-2x12-940-24-NN-HIGHT-19923_1.png\" \/>\n\t<meta property=\"og:image:width\" content=\"1000\" \/>\n\t<meta property=\"og:image:height\" content=\"1000\" \/>\n\t<meta property=\"og:image:type\" content=\"image\/png\" \/>\n<meta name=\"twitter:card\" content=\"summary_large_image\" \/>\n<meta name=\"twitter:label1\" content=\"Est. reading time\" \/>\n\t<meta name=\"twitter:data1\" content=\"1 minute\" \/>\n<script type=\"application\/ld+json\" class=\"yoast-schema-graph\">{\"@context\":\"https:\/\/schema.org\",\"@graph\":[{\"@type\":\"WebPage\",\"@id\":\"https:\/\/doktorvolt.pl\/en\/oferta-doktorvolt\/commercial-products\/marlanvil\/marlanvil-hight-series\/rozdzielnica-natynkowa-ip65-24-1212-czarna-modulowa-transparentne-drzwi-m-l-2x12-940-24-nn-hight\/\",\"url\":\"https:\/\/doktorvolt.pl\/en\/oferta-doktorvolt\/commercial-products\/marlanvil\/marlanvil-hight-series\/rozdzielnica-natynkowa-ip65-24-1212-czarna-modulowa-transparentne-drzwi-m-l-2x12-940-24-nn-hight\/\",\"name\":\"Rozdzielnica natynkowa IP65 24 (12+12) czarna modu\u0142owa transparentne drzwi M-L 2x12 940.24.NN HIGHT - DOKTORVOLT\u00ae\",\"isPartOf\":{\"@id\":\"https:\/\/doktorvolt.pl\/de\/#website\"},\"primaryImageOfPage\":{\"@id\":\"https:\/\/doktorvolt.pl\/en\/oferta-doktorvolt\/commercial-products\/marlanvil\/marlanvil-hight-series\/rozdzielnica-natynkowa-ip65-24-1212-czarna-modulowa-transparentne-drzwi-m-l-2x12-940-24-nn-hight\/#primaryimage\"},\"image\":{\"@id\":\"https:\/\/doktorvolt.pl\/en\/oferta-doktorvolt\/commercial-products\/marlanvil\/marlanvil-hight-series\/rozdzielnica-natynkowa-ip65-24-1212-czarna-modulowa-transparentne-drzwi-m-l-2x12-940-24-nn-hight\/#primaryimage\"},\"thumbnailUrl\":\"https:\/\/doktorvolt.pl\/wp-content\/uploads\/2026\/02\/pol_pl_Rozdzielnica-natynkowa-IP65-24-12-12-czarna-modulowa-transparentne-drzwi-M-L-2x12-940-24-NN-HIGHT-19923_1.png\",\"datePublished\":\"2026-02-23T14:25:38+00:00\",\"breadcrumb\":{\"@id\":\"https:\/\/doktorvolt.pl\/en\/oferta-doktorvolt\/commercial-products\/marlanvil\/marlanvil-hight-series\/rozdzielnica-natynkowa-ip65-24-1212-czarna-modulowa-transparentne-drzwi-m-l-2x12-940-24-nn-hight\/#breadcrumb\"},\"inLanguage\":\"en-US\",\"potentialAction\":[{\"@type\":\"ReadAction\",\"target\":[\"https:\/\/doktorvolt.pl\/en\/oferta-doktorvolt\/commercial-products\/marlanvil\/marlanvil-hight-series\/rozdzielnica-natynkowa-ip65-24-1212-czarna-modulowa-transparentne-drzwi-m-l-2x12-940-24-nn-hight\/\"]}]},{\"@type\":\"ImageObject\",\"inLanguage\":\"en-US\",\"@id\":\"https:\/\/doktorvolt.pl\/en\/oferta-doktorvolt\/commercial-products\/marlanvil\/marlanvil-hight-series\/rozdzielnica-natynkowa-ip65-24-1212-czarna-modulowa-transparentne-drzwi-m-l-2x12-940-24-nn-hight\/#primaryimage\",\"url\":\"https:\/\/doktorvolt.pl\/wp-content\/uploads\/2026\/02\/pol_pl_Rozdzielnica-natynkowa-IP65-24-12-12-czarna-modulowa-transparentne-drzwi-M-L-2x12-940-24-NN-HIGHT-19923_1.png\",\"contentUrl\":\"https:\/\/doktorvolt.pl\/wp-content\/uploads\/2026\/02\/pol_pl_Rozdzielnica-natynkowa-IP65-24-12-12-czarna-modulowa-transparentne-drzwi-M-L-2x12-940-24-NN-HIGHT-19923_1.png\",\"width\":1000,\"height\":1000},{\"@type\":\"BreadcrumbList\",\"@id\":\"https:\/\/doktorvolt.pl\/en\/oferta-doktorvolt\/commercial-products\/marlanvil\/marlanvil-hight-series\/rozdzielnica-natynkowa-ip65-24-1212-czarna-modulowa-transparentne-drzwi-m-l-2x12-940-24-nn-hight\/#breadcrumb\",\"itemListElement\":[{\"@type\":\"ListItem\",\"position\":1,\"name\":\"Strona g\u0142\u00f3wna\",\"item\":\"https:\/\/doktorvolt.pl\/en\/\"},{\"@type\":\"ListItem\",\"position\":2,\"name\":\"Offer Doktorvolt\",\"item\":\"https:\/\/doktorvolt.pl\/en\/offer-doktorvolt\/\"},{\"@type\":\"ListItem\",\"position\":3,\"name\":\"Rozdzielnica natynkowa IP65 24 (12+12) czarna modu\u0142owa transparentne drzwi M-L 2&#215;12 940.24.NN HIGHT\"}]},{\"@type\":\"WebSite\",\"@id\":\"https:\/\/doktorvolt.pl\/de\/#website\",\"url\":\"https:\/\/doktorvolt.pl\/de\/\",\"name\":\"DOKTORVOLT\u00ae\",\"description\":\"Producent rozdzielnic budowlanych\",\"publisher\":{\"@id\":\"https:\/\/doktorvolt.pl\/de\/#organization\"},\"potentialAction\":[{\"@type\":\"SearchAction\",\"target\":{\"@type\":\"EntryPoint\",\"urlTemplate\":\"https:\/\/doktorvolt.pl\/de\/?s={search_term_string}\"},\"query-input\":{\"@type\":\"PropertyValueSpecification\",\"valueRequired\":true,\"valueName\":\"search_term_string\"}}],\"inLanguage\":\"en-US\"},{\"@type\":\"Organization\",\"@id\":\"https:\/\/doktorvolt.pl\/de\/#organization\",\"name\":\"DOKTORVOLT\u00ae\",\"url\":\"https:\/\/doktorvolt.pl\/de\/\",\"logo\":{\"@type\":\"ImageObject\",\"inLanguage\":\"en-US\",\"@id\":\"https:\/\/doktorvolt.pl\/de\/#\/schema\/logo\/image\/\",\"url\":\"https:\/\/doktorvolt.pl\/wp-content\/uploads\/2023\/10\/DoktorVOLT-black-png.png\",\"contentUrl\":\"https:\/\/doktorvolt.pl\/wp-content\/uploads\/2023\/10\/DoktorVOLT-black-png.png\",\"width\":729,\"height\":40,\"caption\":\"DOKTORVOLT\u00ae\"},\"image\":{\"@id\":\"https:\/\/doktorvolt.pl\/de\/#\/schema\/logo\/image\/\"}}]}<\/script>\n<!-- \/ Yoast SEO plugin. -->","yoast_head_json":{"title":"Rozdzielnica natynkowa IP65 24 (12+12) czarna modu\u0142owa transparentne drzwi M-L 2x12 940.24.NN HIGHT - DOKTORVOLT\u00ae","robots":{"index":"index","follow":"follow","max-snippet":"max-snippet:-1","max-image-preview":"max-image-preview:large","max-video-preview":"max-video-preview:-1"},"canonical":"https:\/\/doktorvolt.pl\/en\/oferta-doktorvolt\/commercial-products\/marlanvil\/marlanvil-hight-series\/rozdzielnica-natynkowa-ip65-24-1212-czarna-modulowa-transparentne-drzwi-m-l-2x12-940-24-nn-hight\/","og_locale":"en_US","og_type":"article","og_title":"Rozdzielnica natynkowa IP65 24 (12+12) czarna modu\u0142owa transparentne drzwi M-L 2x12 940.24.NN HIGHT - DOKTORVOLT\u00ae","og_description":"Produkt wykonany jest z najwy\u017cszej jako\u015bci materia\u0142\u00f3w. 24-modu\u0142owa skrzynka rozdzielcza HIGHT ma stopie\u0144 ochrony IP65 (hermetyczny) i dlatego nadaje si\u0119 do u\u017cytku wewn\u0105trz i na zewn\u0105trz, a tak\u017ce w wilgotnych pomieszczeniach.","og_url":"https:\/\/doktorvolt.pl\/en\/oferta-doktorvolt\/commercial-products\/marlanvil\/marlanvil-hight-series\/rozdzielnica-natynkowa-ip65-24-1212-czarna-modulowa-transparentne-drzwi-m-l-2x12-940-24-nn-hight\/","og_site_name":"DOKTORVOLT\u00ae","og_image":[{"width":1000,"height":1000,"url":"https:\/\/doktorvolt.pl\/wp-content\/uploads\/2026\/02\/pol_pl_Rozdzielnica-natynkowa-IP65-24-12-12-czarna-modulowa-transparentne-drzwi-M-L-2x12-940-24-NN-HIGHT-19923_1.png","type":"image\/png"}],"twitter_card":"summary_large_image","twitter_misc":{"Est. reading time":"1 minute"},"schema":{"@context":"https:\/\/schema.org","@graph":[{"@type":"WebPage","@id":"https:\/\/doktorvolt.pl\/en\/oferta-doktorvolt\/commercial-products\/marlanvil\/marlanvil-hight-series\/rozdzielnica-natynkowa-ip65-24-1212-czarna-modulowa-transparentne-drzwi-m-l-2x12-940-24-nn-hight\/","url":"https:\/\/doktorvolt.pl\/en\/oferta-doktorvolt\/commercial-products\/marlanvil\/marlanvil-hight-series\/rozdzielnica-natynkowa-ip65-24-1212-czarna-modulowa-transparentne-drzwi-m-l-2x12-940-24-nn-hight\/","name":"Rozdzielnica natynkowa IP65 24 (12+12) czarna modu\u0142owa transparentne drzwi M-L 2x12 940.24.NN HIGHT - DOKTORVOLT\u00ae","isPartOf":{"@id":"https:\/\/doktorvolt.pl\/de\/#website"},"primaryImageOfPage":{"@id":"https:\/\/doktorvolt.pl\/en\/oferta-doktorvolt\/commercial-products\/marlanvil\/marlanvil-hight-series\/rozdzielnica-natynkowa-ip65-24-1212-czarna-modulowa-transparentne-drzwi-m-l-2x12-940-24-nn-hight\/#primaryimage"},"image":{"@id":"https:\/\/doktorvolt.pl\/en\/oferta-doktorvolt\/commercial-products\/marlanvil\/marlanvil-hight-series\/rozdzielnica-natynkowa-ip65-24-1212-czarna-modulowa-transparentne-drzwi-m-l-2x12-940-24-nn-hight\/#primaryimage"},"thumbnailUrl":"https:\/\/doktorvolt.pl\/wp-content\/uploads\/2026\/02\/pol_pl_Rozdzielnica-natynkowa-IP65-24-12-12-czarna-modulowa-transparentne-drzwi-M-L-2x12-940-24-NN-HIGHT-19923_1.png","datePublished":"2026-02-23T14:25:38+00:00","breadcrumb":{"@id":"https:\/\/doktorvolt.pl\/en\/oferta-doktorvolt\/commercial-products\/marlanvil\/marlanvil-hight-series\/rozdzielnica-natynkowa-ip65-24-1212-czarna-modulowa-transparentne-drzwi-m-l-2x12-940-24-nn-hight\/#breadcrumb"},"inLanguage":"en-US","potentialAction":[{"@type":"ReadAction","target":["https:\/\/doktorvolt.pl\/en\/oferta-doktorvolt\/commercial-products\/marlanvil\/marlanvil-hight-series\/rozdzielnica-natynkowa-ip65-24-1212-czarna-modulowa-transparentne-drzwi-m-l-2x12-940-24-nn-hight\/"]}]},{"@type":"ImageObject","inLanguage":"en-US","@id":"https:\/\/doktorvolt.pl\/en\/oferta-doktorvolt\/commercial-products\/marlanvil\/marlanvil-hight-series\/rozdzielnica-natynkowa-ip65-24-1212-czarna-modulowa-transparentne-drzwi-m-l-2x12-940-24-nn-hight\/#primaryimage","url":"https:\/\/doktorvolt.pl\/wp-content\/uploads\/2026\/02\/pol_pl_Rozdzielnica-natynkowa-IP65-24-12-12-czarna-modulowa-transparentne-drzwi-M-L-2x12-940-24-NN-HIGHT-19923_1.png","contentUrl":"https:\/\/doktorvolt.pl\/wp-content\/uploads\/2026\/02\/pol_pl_Rozdzielnica-natynkowa-IP65-24-12-12-czarna-modulowa-transparentne-drzwi-M-L-2x12-940-24-NN-HIGHT-19923_1.png","width":1000,"height":1000},{"@type":"BreadcrumbList","@id":"https:\/\/doktorvolt.pl\/en\/oferta-doktorvolt\/commercial-products\/marlanvil\/marlanvil-hight-series\/rozdzielnica-natynkowa-ip65-24-1212-czarna-modulowa-transparentne-drzwi-m-l-2x12-940-24-nn-hight\/#breadcrumb","itemListElement":[{"@type":"ListItem","position":1,"name":"Strona g\u0142\u00f3wna","item":"https:\/\/doktorvolt.pl\/en\/"},{"@type":"ListItem","position":2,"name":"Offer Doktorvolt","item":"https:\/\/doktorvolt.pl\/en\/offer-doktorvolt\/"},{"@type":"ListItem","position":3,"name":"Rozdzielnica natynkowa IP65 24 (12+12) czarna modu\u0142owa transparentne drzwi M-L 2&#215;12 940.24.NN HIGHT"}]},{"@type":"WebSite","@id":"https:\/\/doktorvolt.pl\/de\/#website","url":"https:\/\/doktorvolt.pl\/de\/","name":"DOKTORVOLT\u00ae","description":"Producent rozdzielnic budowlanych","publisher":{"@id":"https:\/\/doktorvolt.pl\/de\/#organization"},"potentialAction":[{"@type":"SearchAction","target":{"@type":"EntryPoint","urlTemplate":"https:\/\/doktorvolt.pl\/de\/?s={search_term_string}"},"query-input":{"@type":"PropertyValueSpecification","valueRequired":true,"valueName":"search_term_string"}}],"inLanguage":"en-US"},{"@type":"Organization","@id":"https:\/\/doktorvolt.pl\/de\/#organization","name":"DOKTORVOLT\u00ae","url":"https:\/\/doktorvolt.pl\/de\/","logo":{"@type":"ImageObject","inLanguage":"en-US","@id":"https:\/\/doktorvolt.pl\/de\/#\/schema\/logo\/image\/","url":"https:\/\/doktorvolt.pl\/wp-content\/uploads\/2023\/10\/DoktorVOLT-black-png.png","contentUrl":"https:\/\/doktorvolt.pl\/wp-content\/uploads\/2023\/10\/DoktorVOLT-black-png.png","width":729,"height":40,"caption":"DOKTORVOLT\u00ae"},"image":{"@id":"https:\/\/doktorvolt.pl\/de\/#\/schema\/logo\/image\/"}}]}},"_links":{"self":[{"href":"https:\/\/doktorvolt.pl\/en\/wp-json\/wp\/v2\/product\/110563","targetHints":{"allow":["GET"]}}],"collection":[{"href":"https:\/\/doktorvolt.pl\/en\/wp-json\/wp\/v2\/product"}],"about":[{"href":"https:\/\/doktorvolt.pl\/en\/wp-json\/wp\/v2\/types\/product"}],"wp:featuredmedia":[{"embeddable":true,"href":"https:\/\/doktorvolt.pl\/en\/wp-json\/wp\/v2\/media\/107147"}],"wp:attachment":[{"href":"https:\/\/doktorvolt.pl\/en\/wp-json\/wp\/v2\/media?parent=110563"}],"wp:term":[{"taxonomy":"product_brand","embeddable":true,"href":"https:\/\/doktorvolt.pl\/en\/wp-json\/wp\/v2\/product_brand?post=110563"},{"taxonomy":"product_cat","embeddable":true,"href":"https:\/\/doktorvolt.pl\/en\/wp-json\/wp\/v2\/product_cat?post=110563"},{"taxonomy":"product_tag","embeddable":true,"href":"https:\/\/doktorvolt.pl\/en\/wp-json\/wp\/v2\/product_tag?post=110563"}],"curies":[{"name":"wp","href":"https:\/\/api.w.org\/{rel}","templated":true}]}}