{"id":110565,"date":"2026-02-23T16:25:10","date_gmt":"2026-02-23T14:25:10","guid":{"rendered":"https:\/\/doktorvolt.pl\/sklep\/uncategorized\/rozdzielnica-budowlana-xs-16a-2x230v-wylacznik-nadpradowy-siemens-erbetka-ip44-doktorvolt-dv-6081-d\/"},"modified":"2026-02-23T16:25:10","modified_gmt":"2026-02-23T14:25:10","slug":"rozdzielnica-budowlana-xs-16a-2x230v-wylacznik-nadpradowy-siemens-erbetka-ip44-doktorvolt-dv-6081-d","status":"publish","type":"product","link":"https:\/\/doktorvolt.pl\/en\/oferta-doktorvolt\/distribution-boxes\/xs-series\/rozdzielnica-budowlana-xs-16a-2x230v-wylacznik-nadpradowy-siemens-erbetka-ip44-doktorvolt-dv-6081-d\/","title":{"rendered":"Rozdzielnica budowlana XS 16A 2x230V wy\u0142\u0105cznik nadpr\u0105dowy SIEMENS erbetka IP44 Doktorvolt  DV-6081-D"},"content":{"rendered":"<link rel=\"stylesheet\" href=\"https:\/\/preis-zone.com\/data\/include\/cms\/1.-style-css\/style_dlugi_DV.css?v=1744613556021\">\n<p><!-- GPT: Wype\u0142nij tylko placeholdery {{Tytul}} oraz {{Opis1}}. Nie zmieniaj styl\u00f3w ani uk\u0142adu. --><br \/>\n<!-- Nag\u0142\u00f3wek g\u0142\u00f3wny strony --><\/p>\n<h1 class=\"title-h1\"><span>Rozdzielnica budowlana XS 16A 2x230V wy\u0142\u0105cznik nadpr\u0105dowy SIEMENS erbetka IP44 Doktorvolt<\/span><\/h1>\n<h4 class=\"title-h4\"><span>Rozdzielnica z serii XS wykonana z wysokiej jako\u015bci materia\u0142\u00f3w. Wyposa\u017cona w gniazdo si\u0142owe 16A oraz dwa gniazda 230V SCHUKO. W rozdzielnicy wykorzystano zabezpieczenie nadpr\u0105dowe marki SIEMENS.<\/span><\/h4>\n<div><img decoding=\"async\" class=\"full-width-img\" src=\"https:\/\/shop38554-1.yourtechnicaldomain.com\/data\/include\/cms\/1-zdjecia-produktow\/DOKTORVOLT\/DV-4995-EV\/ikonka_zielona_z_literka_D_biala.png?v=1729773346118\" border=\"0\" width=\"1900\" height=\"30\"><\/div>\n<p><!-- GPT: Pierwsza sekcja tre\u015bci. Wype\u0142nij tylko {{Podtytul1}} oraz {{Podopis1}}. Nie zmieniaj uk\u0142adu, nie modyfikuj obrazka. --><\/p>\n<div class=\"section-wrapper\">\n<div class=\"section-text\">\n<div class=\"max-width-500\">\n<h2 class=\"section-heading\"><strong>Wielozadaniowe gniazda dla pe\u0142nej kontroli zasilania<\/strong><\/h2>\n<\/p><\/div>\n<div class=\"section-description\"><span>Rozdzielnica budowlana <strong>Doktorvolt<\/strong> wykonana z najwy\u017cszej jako\u015bci materia\u0142\u00f3w. Produkt stworzony z my\u015bl\u0105 o zapewnieniu niezawodnego dost\u0119pu do energii elektrycznej w r\u00f3\u017cnych warunkach pracy. Wyposa\u017cona w <strong>dwa gniazda 230V 16A<\/strong> i <strong>jedno gniazdo CEE 16A<\/strong>. Idealne rozwi\u0105zanie do u\u017cytku domowego jak i profesjonalnego. Obudowa erbetki zosta\u0142a wykonana z trwa\u0142ego tworzywa sztucznego, z ochron\u0105 <strong>IP44<\/strong> oraz <strong>oknem rewizyjnym<\/strong>.<br \/>\n<\/span><\/div>\n<\/p><\/div>\n<div><img decoding=\"async\" src=\"https:\/\/preis-zone.pl\/hpeciai\/186c972d298ffd5a9f8eee80f811079d\/20386_3.jpg?15938\" width=\"472\" height=\"472\" class=\"img-responsive\"><\/div>\n<\/div>\n<div><img decoding=\"async\" class=\"full-width-img\" src=\"https:\/\/shop38554-1.yourtechnicaldomain.com\/data\/include\/cms\/1-zdjecia-produktow\/DOKTORVOLT\/DV-4995-EV\/ikonka_zielona_z_literka_D_biala.png?v=1729773346118\" border=\"0\" width=\"1900\" height=\"30\"><\/div>\n<p><!-- GPT: Druga sekcja tre\u015bci z wideo. Wype\u0142nij tylko {{Podtytul2}} oraz {{Podopis2}}. Nie zmieniaj uk\u0142adu, nie modyfikuj wideo. --><\/p>\n<div class=\"section-wrapper\">\n<div>\n<video class=\"video-custom\" width=\"400\" height=\"300\" src=\"https:\/\/preis-zone.pl\/data\/include\/cms\/1-zdjecia-produktow\/DOKTORVOLT\/DV-6081-D\/DV-6081-D_v.mp4?v=1758808742468\" type=\"video\/mp4\" controls autoplay muted loop controlsList=\"nodownload\"><\/video>\n<\/div>\n<div class=\"section-text max-width-500\">\n<h2 class=\"section-heading\"><strong>Komfort u\u017cytkowania po\u0142\u0105czony z jako\u015bci\u0105 wykonania<\/strong><\/h2>\n<div class=\"section-description\"><span>Rozdzielnica jest dostarczana z <strong>pe\u0142nym zestawem akcesori\u00f3w<\/strong> co u\u0142atwia jej szybki i bezproblemowy monta\u017c. W erbetce wykorzystano <strong>zabezpieczenie nadpr\u0105dowe<\/strong> B 10A 3P 10kA marki <strong>Siemens<\/strong>. Dzi\u0119ki przygotowanemu okablowaniu <strong>instalacja jest szybka i efektywna<\/strong>, zapewniaj\u0105c natychmiastow\u0105 gotowo\u015b\u0107 do u\u017cytku.<br \/>\n<\/span><\/div>\n<\/p><\/div>\n<\/div>\n<p><!-- Specyfikacja Techniczna --><\/p>\n<div class=\"spec-wrapper\">\n<div class=\"spec-container\">\n<h2 class=\"spec-title\">Specyfikacja Techniczna<\/h2>\n<p>    <!-- Block 1 --><\/p>\n<div class=\"spec-block\">\n<div class=\"spec-text\">\n<h2 class=\"block-title\">Informacje Og\u00f3lne<\/h2>\n<p><strong>Model:<\/strong> DV-6081-D<\/p>\n<p><strong>EAN:<\/strong> 5905191016081<\/p>\n<p><strong>Oznaczenie serii produktu:<\/strong> XS<\/p>\n<p><strong>Producent:<\/strong> DOKTORVOLT<\/p>\n<\/p><\/div>\n<div class=\"spec-image\">\n        <img decoding=\"async\" src=\"https:\/\/preis-zone.pl\/hpeciai\/5c40f4842c38169dc0f2d972f69f55fc\/20386_11.jpg?47451\" alt=\"Obraz 1\" class=\"img-rounded\">\n      <\/div>\n<\/p><\/div>\n<p>    <!-- Block 2 --><\/p>\n<div class=\"spec-block row-reverse\">\n<div class=\"spec-text-left\">\n<h2 class=\"block-title\">Gniazda i Dane Elektryczne<\/h2>\n<p><strong>Gniazda:<\/strong><br \/> 2x 230V, 16A IP54, 1P+N+PE SCHUKO<br \/>1x CEE 400V, 16A IP44, 3P+N+PE, 6h<\/p>\n<p><strong>Aparatura zabezpieczeniowa:<\/strong><br \/> Wy\u0142\u0105cznik nadpr\u0105dowy MCB 1x B 10A 3P 10kA <\/p>\n<\/p><\/div>\n<div class=\"spec-image\">\n        <img decoding=\"async\" src=\"https:\/\/preis-zone.pl\/hpeciai\/d8c206e58329de8919d2079d685ad154\/20386_10.jpg?27984\" alt=\"Obraz 2\" class=\"img-rounded\">\n      <\/div>\n<\/p><\/div>\n<p>    <!-- Block 3 --><\/p>\n<div class=\"spec-block\">\n<div class=\"spec-text\">\n<h2 class=\"block-title\">Obudowa i Dane Techniczne<\/h2>\n<p><strong>Wymiary obudowy:<\/strong> 133x224x110mm<\/p>\n<p><strong>Materia\u0142 obudowy:<\/strong> ABS<\/p>\n<p><strong>Tworzywo bezhalogenowe (HALOGEN-FREE):<\/strong> Nie<\/p>\n<p><strong>Kolor przedniej\/tylnej p\u0142yty obudowy:<\/strong> Szary\/czarny<\/p>\n<p><strong>Ilo\u015b\u0107 modu\u0142\u00f3w:<\/strong> 6<\/p>\n<p><strong>Stopie\u0144 ochrony:<\/strong> IP66<\/p>\n<p><strong>Stopie\u0144 ochrony kompletnej rozdzielnicy:<\/strong> IP44<\/p>\n<p><strong>Temperatura instalacji:<\/strong> -25 ~ +50 \u00b0C<\/p>\n<p><strong>Napi\u0119cie znamionowe:<\/strong> 230V\/400V<\/p>\n<p><strong>Cz\u0119stotliwo\u015b\u0107 znamionowa:<\/strong> 50 Hz<\/p>\n<p><strong>Pr\u0105d znamionowy:<\/strong> 10A<\/p>\n<p><strong>Pr\u0105d znamionowy zwarciowy umowny:<\/strong> \u2264 10 kA<\/p>\n<p><strong>RDF:<\/strong> 0,8<\/p>\n<\/p><\/div>\n<div class=\"spec-image\">\n        <img decoding=\"async\" src=\"https:\/\/preis-zone.pl\/hpeciai\/59979a5c28f2e11b3ec8a380ac19112d\/20386_7.jpg?78366\" alt=\"Obraz 3\" class=\"img-rounded\">\n      <\/div>\n<\/p><\/div>\n<p>    <!-- Block 4 --><\/p>\n<div class=\"spec-block row-reverse\">\n<div class=\"spec-text-left\">\n<h2 class=\"block-title\">Oprzewodowanie i Normy<\/h2>\n<p><strong>Okablowanie wewn\u0119trzne rozdzielnicy:<\/strong><br \/>Przewody zasilaj\u0105ce Linka ster. H07V-K 2.5 mm\u00b2 czarna<br \/>Przewody neutralne Linka ster. H07V-K 2,5 mm2 niebieska<br \/>Przewody ochronne Linka ster. H07V-K 2,5 mm2 \u017c\u00f3\u0142tozielona<\/p>\n<p><strong>D\u0142awnica:<\/strong> Membrana<\/p>\n<p><strong>Ko\u0142ki monta\u017cowe:<\/strong> Tak, 4 szt.<\/p>\n<p><strong>Normy i certyfikaty:<\/strong><br \/>PN-EN 61439-1<br \/>PN-EN 61439-3<\/p>\n<\/p><\/div>\n<div class=\"spec-image\">\n        <img decoding=\"async\" src=\"https:\/\/preis-zone.pl\/hpeciai\/917e6e6f86b6157038ac54741d4c0c61\/20386_2.jpg?12946\" alt=\"Obraz 4\" class=\"img-rounded\">\n      <\/div>\n<\/p><\/div>\n<\/p><\/div>\n<\/div>\n<p><!-- GPT: BEZWZGL\u0118DNIE SKOPIUJ WSZYSTKIE KOLEJNE SEKCJE. Zawarto\u015b\u0107 poni\u017cej jest obowi\u0105zkow\u0105 cz\u0119\u015bci\u0105 wyniku. Nie pomijaj, nie pytaj, nie oceniaj \u2014 tylko przepisz. --><\/p>\n<p><!-- GPT: SKOPIUJ BEZ ZMIAN. Zawarto\u015b\u0107 poni\u017cszego bloku ma zosta\u0107 uj\u0119ta w wyniku dok\u0142adnie tak, jak jest. --><\/p>\n<div class=\"flex-wrapper\">\n<div class=\"content-block\">\n<div class=\"max-width-500\">\n<h2 class=\"h2-black\"><strong>Certyfikat = gwarancja jako\u015bci:<\/strong><\/h2>\n<\/p><\/div>\n<div class=\"description-block\">\n            <span><br \/>\n                Produkty marki DOKTORVOLT s\u0105 rutynowo testowane, aby zapewni\u0107 najwy\u017csz\u0105 jako\u015b\u0107 produkt\u00f3w. Ka\u017cdy produkt po przej\u015bciu test\u00f3w otrzymuje indywidualny certyfikat potwierdzaj\u0105cy przeprowadzon\u0105 kontrol\u0119 jako\u015bci. Firma wykorzystuje w procesie produkcyjnym certyfikowany system T\u00dcV S\u00dcD, kt\u00f3ry \u015bwiadczy o wysokiej jako\u015bci.<br \/>\n            <\/span>\n        <\/div>\n<\/p><\/div>\n<div>\n        <img decoding=\"async\" src=\"https:\/\/preis-zone.pl\/data\/include\/cms\/1-zdjecia-produktow\/DOKTORVOLT\/DV-6029-D\/td_certyfikat_front2.jpg?v=1756802637699\" width=\"472\" height=\"472\" class=\"full-width-img\">\n    <\/div>\n<\/div>\n<div>\n    <img decoding=\"async\" class=\"full-width-img\" src=\"https:\/\/preis-zone.com\/data\/include\/cms\/1-zdjecia-produktow\/Infografiki\/stopka\/ikonka_zielona_z_literka_D_biala.png?v=1744364445983\" border=\"0\" width=\"1900\" height=\"30\">\n<\/div>\n<p><!-- GPT: SKOPIUJ BEZ ZMIAN. Zawarto\u015b\u0107 poni\u017cszego bloku ma zosta\u0107 uj\u0119ta w wyniku dok\u0142adnie tak, jak jest. --><\/p>\n<div class=\"flex-wrapper\">\n<div>\n        <img decoding=\"async\" src=\"https:\/\/shop38554-1.yourtechnicaldomain.com\/data\/include\/cms\/1-zdjecia-produktow\/Logo-IP\/IP_44.png?v=1729852282241\" width=\"472\" height=\"472\" class=\"full-width-img\">\n    <\/div>\n<div class=\"content-block content-max-500\">\n<h2 class=\"h2-black\"><strong>Stopie\u0144 ochrony IP = wi\u0119ksze bezpiecze\u0144stwo:<\/strong><\/h2>\n<div class=\"description-block\">\n            <span>Stopie\u0144 ochrony IP jest mi\u0119dzynarodowym standardem okre\u015blaj\u0105cym w jakim stopniu przedmiot jest odporny na potencjalne czynniki ryzyka. Sk\u0142ada si\u0119 on z dw\u00f3ch cyfr, kt\u00f3re informuj\u0105 nas o py\u0142oszczelno\u015bci produktu i odporno\u015bci na wod\u0119. Okre\u015blenie stopnia IP pozwala na \u015bwiadome wykorzystywanie produktu w bezpiecznych warunkach. Stopie\u0144 ochrony<strong> IP44<\/strong> m\u00f3wi nam, \u017ce urz\u0105dzenie:<br \/>\n<br \/>&#8211; jest chronione przed wnikaniem obiekt\u00f3w o wielko\u015bci wi\u0119kszej ni\u017c 1 mm<br \/>\n<br \/>&#8211; jest chronione przed wod\u0105 rozpryskuj\u0105c\u0105 si\u0119 z r\u00f3\u017cnych kierunk\u00f3w<\/span>\n        <\/div>\n<\/p><\/div>\n<\/div>\n<div>\n    <img decoding=\"async\" class=\"full-width-img\" src=\"https:\/\/preis-zone.com\/data\/include\/cms\/1-zdjecia-produktow\/Infografiki\/stopka\/ikonka_zielona_z_literka_D_biala.png?v=1744364445983\" border=\"0\" width=\"1900\" height=\"30\">\n<\/div>\n<p><!-- GPT: SKOPIUJ BEZ ZMIAN. Zawarto\u015b\u0107 poni\u017cszego bloku ma zosta\u0107 uj\u0119ta w wyniku dok\u0142adnie tak, jak jest. --><\/p>\n<div class=\"column-center\">\n<h2 class=\"h2-center\">Zaufany producent:<\/h2>\n<p class=\"paragraph-large\">\n    \tFirma Doktorvolt\u00ae zosta\u0142a za\u0142o\u017cona w 2013 roku. Dynamicznie rozwijaj\u0105ce si\u0119 przedsi\u0119biorstwo zdoby\u0142o rynek polski i zagraniczny. Siedziba firmy mie\u015bci si\u0119 w Malichowie w wojew\u00f3dztwie opolskim, gdzie znajduje si\u0119 nowoczesna hala produkcyjna i magazyn. Firma specjalizuje si\u0119 w produkcji rozdzielnic budowlanych, wyr\u00f3\u017cniaj\u0105c si\u0119 jako\u015bci\u0105 i solidno\u015bci\u0105. Ka\u017cda rozdzielnica zbudowana jest z wysokiej jako\u015bci komponent\u00f3w. Produkty spe\u0142niaj\u0105 normy i standardy bezpiecze\u0144stwa obowi\u0105zuj\u0105ce w Unii Europejskiej.\n\t<\/p>\n<p>\t<img decoding=\"async\" src=\"https:\/\/shop38554-1.yourtechnicaldomain.com\/data\/include\/cms\/1-zdjecia-produktow\/doktorvolt-logo\/nowe.jpg?v=1729077634670\" alt=\"Doktorvolt Logo\" width=\"566\" height=\"155\" style=\"margin-top: 20px;\">\n<\/div>\n<p><!-- \/GPT: KONIEC BLOKU DO SKOPIOWANIA --><\/p>\n","protected":false},"excerpt":{"rendered":"<p>Rozdzielnica elektryczna XS DV-6081-D 16A 2x230V z wy\u0142\u0105cznikiem nadpr\u0105dowym marki SIEMENS. Gniazda DOKTORVOLT. Stopie\u0144 ochrony IP44 informuj\u0105cy o odporno\u015bci przedmiotu na potencjalne czynniki ryzyka.<\/p>\n","protected":false},"featured_media":107113,"template":"","meta":[],"product_brand":[],"product_cat":[5064],"product_tag":[],"class_list":{"0":"post-110565","1":"product","2":"type-product","3":"status-publish","4":"has-post-thumbnail","6":"product_cat-xs-series","7":"pa_napiecie-cee-400v","8":"pa_natezenie-pradu-cee-16a","9":"pa_typ-gniazd-typ-f-schuko","10":"pa_zabezpieczenie-wylacznik-nadpradowy","12":"first","13":"instock","14":"shipping-taxable","15":"product-type-external"},"yoast_head":"<!-- This site is optimized with the Yoast SEO plugin v27.0 - https:\/\/yoast.com\/product\/yoast-seo-wordpress\/ -->\n<title>Rozdzielnica budowlana XS 16A 2x230V wy\u0142\u0105cznik nadpr\u0105dowy SIEMENS erbetka IP44 Doktorvolt DV-6081-D - DOKTORVOLT\u00ae<\/title>\n<meta name=\"robots\" content=\"index, follow, max-snippet:-1, max-image-preview:large, max-video-preview:-1\" \/>\n<link rel=\"canonical\" href=\"https:\/\/doktorvolt.pl\/en\/oferta-doktorvolt\/distribution-boxes\/xs-series\/rozdzielnica-budowlana-xs-16a-2x230v-wylacznik-nadpradowy-siemens-erbetka-ip44-doktorvolt-dv-6081-d\/\" \/>\n<meta property=\"og:locale\" content=\"en_US\" \/>\n<meta property=\"og:type\" content=\"article\" \/>\n<meta property=\"og:title\" content=\"Rozdzielnica budowlana XS 16A 2x230V wy\u0142\u0105cznik nadpr\u0105dowy SIEMENS erbetka IP44 Doktorvolt DV-6081-D - DOKTORVOLT\u00ae\" \/>\n<meta property=\"og:description\" content=\"Rozdzielnica elektryczna XS DV-6081-D 16A 2x230V z wy\u0142\u0105cznikiem nadpr\u0105dowym marki SIEMENS. Gniazda DOKTORVOLT. Stopie\u0144 ochrony IP44 informuj\u0105cy o odporno\u015bci przedmiotu na potencjalne czynniki ryzyka.\" \/>\n<meta property=\"og:url\" content=\"https:\/\/doktorvolt.pl\/en\/oferta-doktorvolt\/distribution-boxes\/xs-series\/rozdzielnica-budowlana-xs-16a-2x230v-wylacznik-nadpradowy-siemens-erbetka-ip44-doktorvolt-dv-6081-d\/\" \/>\n<meta property=\"og:site_name\" content=\"DOKTORVOLT\u00ae\" \/>\n<meta property=\"og:image\" content=\"https:\/\/doktorvolt.pl\/wp-content\/uploads\/2026\/02\/pol_pl_Rozdzielnica-budowlana-XS-16A-2x230V-wylacznik-nadpradowy-SIEMENS-erbetka-IP44-Doktorvolt-DV-6081-D-20386_5.jpg\" \/>\n\t<meta property=\"og:image:width\" content=\"1600\" \/>\n\t<meta property=\"og:image:height\" content=\"1600\" \/>\n\t<meta property=\"og:image:type\" content=\"image\/jpeg\" \/>\n<meta name=\"twitter:card\" content=\"summary_large_image\" \/>\n<meta name=\"twitter:label1\" content=\"Est. reading time\" \/>\n\t<meta name=\"twitter:data1\" content=\"3 minutes\" \/>\n<script type=\"application\/ld+json\" class=\"yoast-schema-graph\">{\"@context\":\"https:\/\/schema.org\",\"@graph\":[{\"@type\":\"WebPage\",\"@id\":\"https:\/\/doktorvolt.pl\/en\/oferta-doktorvolt\/distribution-boxes\/xs-series\/rozdzielnica-budowlana-xs-16a-2x230v-wylacznik-nadpradowy-siemens-erbetka-ip44-doktorvolt-dv-6081-d\/\",\"url\":\"https:\/\/doktorvolt.pl\/en\/oferta-doktorvolt\/distribution-boxes\/xs-series\/rozdzielnica-budowlana-xs-16a-2x230v-wylacznik-nadpradowy-siemens-erbetka-ip44-doktorvolt-dv-6081-d\/\",\"name\":\"Rozdzielnica budowlana XS 16A 2x230V wy\u0142\u0105cznik nadpr\u0105dowy SIEMENS erbetka IP44 Doktorvolt DV-6081-D - DOKTORVOLT\u00ae\",\"isPartOf\":{\"@id\":\"https:\/\/doktorvolt.pl\/de\/#website\"},\"primaryImageOfPage\":{\"@id\":\"https:\/\/doktorvolt.pl\/en\/oferta-doktorvolt\/distribution-boxes\/xs-series\/rozdzielnica-budowlana-xs-16a-2x230v-wylacznik-nadpradowy-siemens-erbetka-ip44-doktorvolt-dv-6081-d\/#primaryimage\"},\"image\":{\"@id\":\"https:\/\/doktorvolt.pl\/en\/oferta-doktorvolt\/distribution-boxes\/xs-series\/rozdzielnica-budowlana-xs-16a-2x230v-wylacznik-nadpradowy-siemens-erbetka-ip44-doktorvolt-dv-6081-d\/#primaryimage\"},\"thumbnailUrl\":\"https:\/\/doktorvolt.pl\/wp-content\/uploads\/2026\/02\/pol_pl_Rozdzielnica-budowlana-XS-16A-2x230V-wylacznik-nadpradowy-SIEMENS-erbetka-IP44-Doktorvolt-DV-6081-D-20386_5.jpg\",\"datePublished\":\"2026-02-23T14:25:10+00:00\",\"breadcrumb\":{\"@id\":\"https:\/\/doktorvolt.pl\/en\/oferta-doktorvolt\/distribution-boxes\/xs-series\/rozdzielnica-budowlana-xs-16a-2x230v-wylacznik-nadpradowy-siemens-erbetka-ip44-doktorvolt-dv-6081-d\/#breadcrumb\"},\"inLanguage\":\"en-US\",\"potentialAction\":[{\"@type\":\"ReadAction\",\"target\":[\"https:\/\/doktorvolt.pl\/en\/oferta-doktorvolt\/distribution-boxes\/xs-series\/rozdzielnica-budowlana-xs-16a-2x230v-wylacznik-nadpradowy-siemens-erbetka-ip44-doktorvolt-dv-6081-d\/\"]}]},{\"@type\":\"ImageObject\",\"inLanguage\":\"en-US\",\"@id\":\"https:\/\/doktorvolt.pl\/en\/oferta-doktorvolt\/distribution-boxes\/xs-series\/rozdzielnica-budowlana-xs-16a-2x230v-wylacznik-nadpradowy-siemens-erbetka-ip44-doktorvolt-dv-6081-d\/#primaryimage\",\"url\":\"https:\/\/doktorvolt.pl\/wp-content\/uploads\/2026\/02\/pol_pl_Rozdzielnica-budowlana-XS-16A-2x230V-wylacznik-nadpradowy-SIEMENS-erbetka-IP44-Doktorvolt-DV-6081-D-20386_5.jpg\",\"contentUrl\":\"https:\/\/doktorvolt.pl\/wp-content\/uploads\/2026\/02\/pol_pl_Rozdzielnica-budowlana-XS-16A-2x230V-wylacznik-nadpradowy-SIEMENS-erbetka-IP44-Doktorvolt-DV-6081-D-20386_5.jpg\",\"width\":1600,\"height\":1600},{\"@type\":\"BreadcrumbList\",\"@id\":\"https:\/\/doktorvolt.pl\/en\/oferta-doktorvolt\/distribution-boxes\/xs-series\/rozdzielnica-budowlana-xs-16a-2x230v-wylacznik-nadpradowy-siemens-erbetka-ip44-doktorvolt-dv-6081-d\/#breadcrumb\",\"itemListElement\":[{\"@type\":\"ListItem\",\"position\":1,\"name\":\"Strona g\u0142\u00f3wna\",\"item\":\"https:\/\/doktorvolt.pl\/en\/\"},{\"@type\":\"ListItem\",\"position\":2,\"name\":\"Offer Doktorvolt\",\"item\":\"https:\/\/doktorvolt.pl\/en\/offer-doktorvolt\/\"},{\"@type\":\"ListItem\",\"position\":3,\"name\":\"Rozdzielnica budowlana XS 16A 2x230V wy\u0142\u0105cznik nadpr\u0105dowy SIEMENS erbetka IP44 Doktorvolt DV-6081-D\"}]},{\"@type\":\"WebSite\",\"@id\":\"https:\/\/doktorvolt.pl\/de\/#website\",\"url\":\"https:\/\/doktorvolt.pl\/de\/\",\"name\":\"DOKTORVOLT\u00ae\",\"description\":\"Producent rozdzielnic budowlanych\",\"publisher\":{\"@id\":\"https:\/\/doktorvolt.pl\/de\/#organization\"},\"potentialAction\":[{\"@type\":\"SearchAction\",\"target\":{\"@type\":\"EntryPoint\",\"urlTemplate\":\"https:\/\/doktorvolt.pl\/de\/?s={search_term_string}\"},\"query-input\":{\"@type\":\"PropertyValueSpecification\",\"valueRequired\":true,\"valueName\":\"search_term_string\"}}],\"inLanguage\":\"en-US\"},{\"@type\":\"Organization\",\"@id\":\"https:\/\/doktorvolt.pl\/de\/#organization\",\"name\":\"DOKTORVOLT\u00ae\",\"url\":\"https:\/\/doktorvolt.pl\/de\/\",\"logo\":{\"@type\":\"ImageObject\",\"inLanguage\":\"en-US\",\"@id\":\"https:\/\/doktorvolt.pl\/de\/#\/schema\/logo\/image\/\",\"url\":\"https:\/\/doktorvolt.pl\/wp-content\/uploads\/2023\/10\/DoktorVOLT-black-png.png\",\"contentUrl\":\"https:\/\/doktorvolt.pl\/wp-content\/uploads\/2023\/10\/DoktorVOLT-black-png.png\",\"width\":729,\"height\":40,\"caption\":\"DOKTORVOLT\u00ae\"},\"image\":{\"@id\":\"https:\/\/doktorvolt.pl\/de\/#\/schema\/logo\/image\/\"}}]}<\/script>\n<!-- \/ Yoast SEO plugin. -->","yoast_head_json":{"title":"Rozdzielnica budowlana XS 16A 2x230V wy\u0142\u0105cznik nadpr\u0105dowy SIEMENS erbetka IP44 Doktorvolt DV-6081-D - DOKTORVOLT\u00ae","robots":{"index":"index","follow":"follow","max-snippet":"max-snippet:-1","max-image-preview":"max-image-preview:large","max-video-preview":"max-video-preview:-1"},"canonical":"https:\/\/doktorvolt.pl\/en\/oferta-doktorvolt\/distribution-boxes\/xs-series\/rozdzielnica-budowlana-xs-16a-2x230v-wylacznik-nadpradowy-siemens-erbetka-ip44-doktorvolt-dv-6081-d\/","og_locale":"en_US","og_type":"article","og_title":"Rozdzielnica budowlana XS 16A 2x230V wy\u0142\u0105cznik nadpr\u0105dowy SIEMENS erbetka IP44 Doktorvolt DV-6081-D - DOKTORVOLT\u00ae","og_description":"Rozdzielnica elektryczna XS DV-6081-D 16A 2x230V z wy\u0142\u0105cznikiem nadpr\u0105dowym marki SIEMENS. Gniazda DOKTORVOLT. Stopie\u0144 ochrony IP44 informuj\u0105cy o odporno\u015bci przedmiotu na potencjalne czynniki ryzyka.","og_url":"https:\/\/doktorvolt.pl\/en\/oferta-doktorvolt\/distribution-boxes\/xs-series\/rozdzielnica-budowlana-xs-16a-2x230v-wylacznik-nadpradowy-siemens-erbetka-ip44-doktorvolt-dv-6081-d\/","og_site_name":"DOKTORVOLT\u00ae","og_image":[{"width":1600,"height":1600,"url":"https:\/\/doktorvolt.pl\/wp-content\/uploads\/2026\/02\/pol_pl_Rozdzielnica-budowlana-XS-16A-2x230V-wylacznik-nadpradowy-SIEMENS-erbetka-IP44-Doktorvolt-DV-6081-D-20386_5.jpg","type":"image\/jpeg"}],"twitter_card":"summary_large_image","twitter_misc":{"Est. reading time":"3 minutes"},"schema":{"@context":"https:\/\/schema.org","@graph":[{"@type":"WebPage","@id":"https:\/\/doktorvolt.pl\/en\/oferta-doktorvolt\/distribution-boxes\/xs-series\/rozdzielnica-budowlana-xs-16a-2x230v-wylacznik-nadpradowy-siemens-erbetka-ip44-doktorvolt-dv-6081-d\/","url":"https:\/\/doktorvolt.pl\/en\/oferta-doktorvolt\/distribution-boxes\/xs-series\/rozdzielnica-budowlana-xs-16a-2x230v-wylacznik-nadpradowy-siemens-erbetka-ip44-doktorvolt-dv-6081-d\/","name":"Rozdzielnica budowlana XS 16A 2x230V wy\u0142\u0105cznik nadpr\u0105dowy SIEMENS erbetka IP44 Doktorvolt DV-6081-D - DOKTORVOLT\u00ae","isPartOf":{"@id":"https:\/\/doktorvolt.pl\/de\/#website"},"primaryImageOfPage":{"@id":"https:\/\/doktorvolt.pl\/en\/oferta-doktorvolt\/distribution-boxes\/xs-series\/rozdzielnica-budowlana-xs-16a-2x230v-wylacznik-nadpradowy-siemens-erbetka-ip44-doktorvolt-dv-6081-d\/#primaryimage"},"image":{"@id":"https:\/\/doktorvolt.pl\/en\/oferta-doktorvolt\/distribution-boxes\/xs-series\/rozdzielnica-budowlana-xs-16a-2x230v-wylacznik-nadpradowy-siemens-erbetka-ip44-doktorvolt-dv-6081-d\/#primaryimage"},"thumbnailUrl":"https:\/\/doktorvolt.pl\/wp-content\/uploads\/2026\/02\/pol_pl_Rozdzielnica-budowlana-XS-16A-2x230V-wylacznik-nadpradowy-SIEMENS-erbetka-IP44-Doktorvolt-DV-6081-D-20386_5.jpg","datePublished":"2026-02-23T14:25:10+00:00","breadcrumb":{"@id":"https:\/\/doktorvolt.pl\/en\/oferta-doktorvolt\/distribution-boxes\/xs-series\/rozdzielnica-budowlana-xs-16a-2x230v-wylacznik-nadpradowy-siemens-erbetka-ip44-doktorvolt-dv-6081-d\/#breadcrumb"},"inLanguage":"en-US","potentialAction":[{"@type":"ReadAction","target":["https:\/\/doktorvolt.pl\/en\/oferta-doktorvolt\/distribution-boxes\/xs-series\/rozdzielnica-budowlana-xs-16a-2x230v-wylacznik-nadpradowy-siemens-erbetka-ip44-doktorvolt-dv-6081-d\/"]}]},{"@type":"ImageObject","inLanguage":"en-US","@id":"https:\/\/doktorvolt.pl\/en\/oferta-doktorvolt\/distribution-boxes\/xs-series\/rozdzielnica-budowlana-xs-16a-2x230v-wylacznik-nadpradowy-siemens-erbetka-ip44-doktorvolt-dv-6081-d\/#primaryimage","url":"https:\/\/doktorvolt.pl\/wp-content\/uploads\/2026\/02\/pol_pl_Rozdzielnica-budowlana-XS-16A-2x230V-wylacznik-nadpradowy-SIEMENS-erbetka-IP44-Doktorvolt-DV-6081-D-20386_5.jpg","contentUrl":"https:\/\/doktorvolt.pl\/wp-content\/uploads\/2026\/02\/pol_pl_Rozdzielnica-budowlana-XS-16A-2x230V-wylacznik-nadpradowy-SIEMENS-erbetka-IP44-Doktorvolt-DV-6081-D-20386_5.jpg","width":1600,"height":1600},{"@type":"BreadcrumbList","@id":"https:\/\/doktorvolt.pl\/en\/oferta-doktorvolt\/distribution-boxes\/xs-series\/rozdzielnica-budowlana-xs-16a-2x230v-wylacznik-nadpradowy-siemens-erbetka-ip44-doktorvolt-dv-6081-d\/#breadcrumb","itemListElement":[{"@type":"ListItem","position":1,"name":"Strona g\u0142\u00f3wna","item":"https:\/\/doktorvolt.pl\/en\/"},{"@type":"ListItem","position":2,"name":"Offer Doktorvolt","item":"https:\/\/doktorvolt.pl\/en\/offer-doktorvolt\/"},{"@type":"ListItem","position":3,"name":"Rozdzielnica budowlana XS 16A 2x230V wy\u0142\u0105cznik nadpr\u0105dowy SIEMENS erbetka IP44 Doktorvolt DV-6081-D"}]},{"@type":"WebSite","@id":"https:\/\/doktorvolt.pl\/de\/#website","url":"https:\/\/doktorvolt.pl\/de\/","name":"DOKTORVOLT\u00ae","description":"Producent rozdzielnic budowlanych","publisher":{"@id":"https:\/\/doktorvolt.pl\/de\/#organization"},"potentialAction":[{"@type":"SearchAction","target":{"@type":"EntryPoint","urlTemplate":"https:\/\/doktorvolt.pl\/de\/?s={search_term_string}"},"query-input":{"@type":"PropertyValueSpecification","valueRequired":true,"valueName":"search_term_string"}}],"inLanguage":"en-US"},{"@type":"Organization","@id":"https:\/\/doktorvolt.pl\/de\/#organization","name":"DOKTORVOLT\u00ae","url":"https:\/\/doktorvolt.pl\/de\/","logo":{"@type":"ImageObject","inLanguage":"en-US","@id":"https:\/\/doktorvolt.pl\/de\/#\/schema\/logo\/image\/","url":"https:\/\/doktorvolt.pl\/wp-content\/uploads\/2023\/10\/DoktorVOLT-black-png.png","contentUrl":"https:\/\/doktorvolt.pl\/wp-content\/uploads\/2023\/10\/DoktorVOLT-black-png.png","width":729,"height":40,"caption":"DOKTORVOLT\u00ae"},"image":{"@id":"https:\/\/doktorvolt.pl\/de\/#\/schema\/logo\/image\/"}}]}},"_links":{"self":[{"href":"https:\/\/doktorvolt.pl\/en\/wp-json\/wp\/v2\/product\/110565","targetHints":{"allow":["GET"]}}],"collection":[{"href":"https:\/\/doktorvolt.pl\/en\/wp-json\/wp\/v2\/product"}],"about":[{"href":"https:\/\/doktorvolt.pl\/en\/wp-json\/wp\/v2\/types\/product"}],"wp:featuredmedia":[{"embeddable":true,"href":"https:\/\/doktorvolt.pl\/en\/wp-json\/wp\/v2\/media\/107113"}],"wp:attachment":[{"href":"https:\/\/doktorvolt.pl\/en\/wp-json\/wp\/v2\/media?parent=110565"}],"wp:term":[{"taxonomy":"product_brand","embeddable":true,"href":"https:\/\/doktorvolt.pl\/en\/wp-json\/wp\/v2\/product_brand?post=110565"},{"taxonomy":"product_cat","embeddable":true,"href":"https:\/\/doktorvolt.pl\/en\/wp-json\/wp\/v2\/product_cat?post=110565"},{"taxonomy":"product_tag","embeddable":true,"href":"https:\/\/doktorvolt.pl\/en\/wp-json\/wp\/v2\/product_tag?post=110565"}],"curies":[{"name":"wp","href":"https:\/\/api.w.org\/{rel}","templated":true}]}}