{"id":110568,"date":"2026-02-23T16:24:39","date_gmt":"2026-02-23T14:24:39","guid":{"rendered":"https:\/\/doktorvolt.pl\/sklep\/uncategorized\/multimedialna-skrzynka-elektryczna-36-modulowa-z-uchwytem-na-modem-z-mozliwoscia-zwiekszenia-ilosci-modulow-mm-5-36e-doktorvolt\/"},"modified":"2026-02-23T16:24:39","modified_gmt":"2026-02-23T14:24:39","slug":"multimedialna-skrzynka-elektryczna-36-modulowa-z-uchwytem-na-modem-z-mozliwoscia-zwiekszenia-ilosci-modulow-mm-5-36e-doktorvolt","status":"publish","type":"product","link":"https:\/\/doktorvolt.pl\/en\/oferta-doktorvolt\/modular-distribution-boards\/mm-series\/multimedialna-skrzynka-elektryczna-36-modulowa-z-uchwytem-na-modem-z-mozliwoscia-zwiekszenia-ilosci-modulow-mm-5-36e-doktorvolt\/","title":{"rendered":"Multimedialna skrzynka elektryczna 36 modu\u0142owa z uchwytem na modem z mo\u017cliwo\u015bci\u0105 zwi\u0119kszenia ilo\u015bci modu\u0142\u00f3w MM-5\/36e Doktorvolt"},"content":{"rendered":"<link rel=\"stylesheet\" href=\"https:\/\/preis-zone.com\/data\/include\/cms\/1.-style-css\/style_krotki_DV.css?v=1749624370701\">\n<!-- GPT: Wype\u0142nij tylko placeholdery {{Tytul}} oraz {{Opis1}}. Nie zmieniaj styl\u00f3w ani uk\u0142adu. --><br \/>\n<!-- Nag\u0142\u00f3wek g\u0142\u00f3wny strony --><\/p>\n<h1>\n      <!-- Tytu\u0142 strony --><br \/>\n      <span>Multimedialna rozdzielnica elektryczna podtynkowa 36 modu\u0142owa z uchwytem na modem oraz mo\u017cliwo\u015b\u0107 zwi\u0119kszenia ilo\u015bci modu\u0142\u00f3w Doktorvolt <\/span><br \/>\n<\/h1>\n<p><!-- Kr\u00f3tki opis produktu --><\/p>\n<h4>\n     <span>Niezawodna rozdzielnica multimedialna przeznaczona do monta\u017cu podtynkowego. Wyposa\u017cona w dwa rz\u0119dy o \u0142\u0105cznej liczbie 36 modu\u0142\u00f3w. Wykonana z metalu o grubo\u015bci 1mm dzi\u0119ki kt\u00f3remu, sprawdzi si\u0119 w najbardziej wymagaj\u0105cym miejscu pracy oraz zapewni wieloletni\u0105 trwa\u0142o\u015b\u0107. Zastosowanie technologii malowania proszkowo element\u00f3w skrzynki pozwala na uchronienie ich przed korozj\u0105. <\/span> <\/h4>\n<p><!-- Dekoracyjny przerywnik \u2014 nie modyfikuj --><\/p>\n<div>\n     <img class=\"decorative-img\"\nsrc=\"https:\/\/shop38554-1.yourtechnicaldomain.com\/data\/include\/cms\/1-zdjecia-produktow\/DOKTORVOLT\/DV-4995-EV\/ikonka_zielona_z_literka_D_biala.png?v=1729773346118\" border=\"0\" width=\"1900\" height=\"30\">\n<\/div>\n<p><!-- GPT: Pierwsza sekcja tre\u015bci. Wype\u0142nij tylko {{Podtytul1}} oraz {{Podopis1}}. Nie zmieniaj uk\u0142adu, nie modyfikuj obrazka. --><\/p>\n<div class=\"flex-container\">\n   <!-- Sekcja tekstowa z opisem produktu --><\/p>\n<div class=\"text-section\">\n<h2><strong>Jako\u015b\u0107 element\u00f3w id\u0105ca w parze z jako\u015bci\u0105 wykonania <\/strong><\/h2>\n<p><strong>Skrzynka multimedialna<\/strong> w podstawowej wersji sk\u0142ada si\u0119 z <strong>dw\u00f3ch rz\u0119d\u00f3w szyny DIN<\/strong> na kt\u00f3rej mo\u017cna zamontowa\u0107 <strong>36 modu\u0142\u00f3w<\/strong>. Zalet\u0105 rozdzielnicy jest mo\u017cliwo\u015b\u0107 mocowania np. modemu na <strong>dedykowanym uchwycie<\/strong> dost\u0119pnym w zestawie. Rozdzielnica posiada r\u00f3wnie\u017c <strong>drzwi z zamkiem<\/strong> kt\u00f3re umo\u017cliwi\u0105 ochron\u0119 dost\u0119pu do wewn\u0105trz rozdzielnicy. Drzwiczki zosta\u0142y zaprojektowane w spos\u00f3b aby zapewni\u0107 mo\u017cliwo\u015b\u0107 otwierania ich zar\u00f3wno w lewo jak i prawo dopasowuj\u0105c si\u0119 do oczekiwa\u0144 u\u017cytkownika. Wprowadzanie kabli mo\u017cliwe zar\u00f3wno z g\u00f3ry, jak i od do\u0142u, w zale\u017cno\u015bci od Twoich potrzeb. Elementy skrzynki zosta\u0142y <strong>pomalowane proszkowo<\/strong> co daje im wi\u0119ksz\u0105 ochron\u0119 przed korozj\u0105. W rozdzielnicy znajduj\u0105 si\u0119 r\u00f3wnie\u017c przygotowane miejsca na trzy <strong>gniazdka<\/strong>. <\/p>\n<\/p><\/div>\n<p>   <!-- Sekcja z obrazem produktu --><\/p>\n<div class=\"image-section\">\n        <img\nsrc=\"https:\/\/preis-zone.pl\/hpeciai\/2bec2e6fcc7a5e0079600aec14bf37f9\/20391_4.jpg?19952\"\nwidth=\"472\" height=\"472\">\n   <\/div>\n<\/div>\n<p><!-- Dekoracyjny przerywnik \u2014 nie modyfikuj --><\/p>\n<div>\n     <img class=\"decorative-img\"\nsrc=\"https:\/\/shop38554-1.yourtechnicaldomain.com\/data\/include\/cms\/1-zdjecia-produktow\/DOKTORVOLT\/DV-4995-EV\/ikonka_zielona_z_literka_D_biala.png?v=1729773346118\"\nborder=\"0\" width=\"1900\" height=\"30\">\n<\/div>\n<p><!-- Specyfikacja Techniczna --> <\/p>\n<div style=\"align-items: center; background-color: #fff; display: flex; font-family: Arial; justify-content: center; padding-top: 20px; padding-bottom: 20px;\">\n<div style=\"background-color: white; border-radius: 8px; box-shadow: 0 4px 8px rgba(0, 0, 0, 0.1); max-width: 1000px; padding-top: 20px padding-bottom: 20px; text-align: left;\">\n<h2 style=\"background-color: #7dd956; border-radius: 8px 8px 0 0; color: #333; font-size: 14pt; padding: 15px; text-align: center; margin-top: 0px !important;\">Specyfikacja Techniczna<\/h2>\n<p><!-- Sekcja video i specyfikacja techniczna --> <\/p>\n<div class=\"video-specs-container\">\n       <!-- Sekcja z video --><\/p>\n<div class=\"image-section\">\n               <img decoding=\"async\" src=\"https:\/\/preis-zone.pl\/hpeciai\/9e1bd3fd82cf437f67d96cc7c6ed263c\/20391_9.jpg?3539\">\n<\/div>\n<p><!-- GPT: BLOK SPECYFIKACJI. Wype\u0142nij ten blok dynamiczn\u0105 list\u0105 parametr\u00f3w technicznych w formacie \n\n<p><strong>Nazwa:<\/strong> Warto\u015b\u0107<\/p>\n\n. Nie zmieniaj struktury nadrz\u0119dnego \n\n<div>, nie modyfikuj tytu\u0142u ani styl\u00f3w. Nie dodawaj nic poza \n\n<p>. --><\/p>\n<div class=\"specs-section\">\n<h2><strong>Dane techniczne i spos\u00f3b monta\u017cu<\/strong><\/h2>\n<p>             <!-- Parametry b\u0119d\u0105 tutaj generowane --><\/p>\n<p><strong>Liczba rz\u0119d\u00f3w:<\/strong> 2 <\/p>\n<p><strong>Liczba modu\u0142\u00f3w:<\/strong> 36<\/p>\n<p><strong>Maksymalna ilo\u015b\u0107 modu\u0142\u00f3w:<\/strong> 54<\/p>\n<p><strong>Liczba modu\u0142\u00f3w na jednej szynie:<\/strong> 18<\/p>\n<p><strong>Spos\u00f3b monta\u017cu:<\/strong> monta\u017c podtynkowy<\/p>\n<p><strong>Szeroko\u015b\u0107:<\/strong> 417mm<\/p>\n<p><strong>Wysoko\u015b\u0107:<\/strong> 934mm<\/p>\n<p><strong>D\u0142ugo\u015b\u0107:<\/strong> 112mm<\/p>\n<p><strong>Materia\u0142:<\/strong> metal<\/p>\n<p><strong>Grubo\u015b\u0107 materia\u0142u:<\/strong> 1mm<\/p>\n<\/p><\/div>\n<\/div>\n<p><!-- Sekcja video i specyfikacja techniczna --> <\/p>\n<div class=\"video-specs-container\">\n      <!-- GPT: BLOK SPECYFIKACJI. Wype\u0142nij ten blok dynamiczn\u0105 list\u0105 parametr\u00f3w technicznych w formacie \n\n<p><strong>Nazwa:<\/strong> Warto\u015b\u0107<\/p>\n\n. Nie zmieniaj struktury nadrz\u0119dnego \n\n<div>, nie modyfikuj tytu\u0142u ani styl\u00f3w. Nie dodawaj nic poza \n\n<p>. --><\/p>\n<div class=\"specs-section\">\n<h2><strong>Dane elektryczne i wyposa\u017cenie<\/strong><\/h2>\n<p>            <!-- Parametry b\u0119d\u0105 tutaj generowane --><\/p>\n<p><strong>Stopie\u0144 ochrony:<\/strong> IP30 <\/p>\n<p><strong>Pr\u0105d znamionowy:<\/strong> 125A<\/p>\n<p><strong>Napi\u0119cie znamionowe:<\/strong> Un 230\/400V, 50Hz<\/p>\n<p><strong>Napi\u0119cie znamionowe izolacji:<\/strong> Ui 500V<\/p>\n<p><strong>Ochrona przed zewn\u0119trznymi uderzeniami mechanicznymi:<\/strong> IK07<\/p>\n<p><strong>Temperatura otoczenia:<\/strong> -5\u00b0C &#8211; + 40\u00b0C<\/p>\n<p><strong>Listwy zaciskowe w zestawie:<\/strong> Tak<\/p>\n<p><strong>Malowane proszkowo:<\/strong> Tak<\/p>\n<p><strong>Dodatkowe wyposa\u017cenie:<\/strong> klucz do drzwi o numerze ZPKS <strong>do zakupu na osobnej aukcji<\/strong><\/p>\n<p><strong>Kolor:<\/strong> RAL9003<\/p>\n<p><strong>Producent:<\/strong> Doktorvolt<\/p>\n<p><strong>Model:<\/strong> MM-5\/36e<\/p>\n<\/p><\/div>\n<p>    <!-- Sekcja z video --> <\/p>\n<div class=\"image-section\">\n<p> <br \/>\n            <img decoding=\"async\" src=\"https:\/\/preis-zone.pl\/hpeciai\/58d27e3dacd5c6156ce62b49b52b925a\/20391_3.jpg?4062\" width=\"400\" height=\"400\">\n    <\/div>\n<\/div>\n<\/div>\n<\/div>\n<p><\/body><br \/>\n<\/html><\/p>\n","protected":false},"excerpt":{"rendered":"<p>Rozdzielnica multimedialna wykonana z wysokiej jako\u015bci materia\u0142\u00f3w.  Przystosowana do monta\u017cu podtynkowego z mo\u017cliwo\u015bci\u0105 modernizacji przestrzeni wewn\u0119trznej.<\/p>\n","protected":false},"featured_media":107066,"template":"","meta":[],"product_brand":[],"product_cat":[5068],"product_tag":[],"class_list":{"0":"post-110568","1":"product","2":"type-product","3":"status-publish","4":"has-post-thumbnail","6":"product_cat-mm-series","7":"pa_liczba-modulow-36-modulow","8":"pa_liczba-rzedow-2-rzedy","9":"pa_material-steel","10":"pa_stopien-ochrony-ip30","11":"pa_typ-montazu-montaz-podtynkowy","13":"first","14":"instock","15":"shipping-taxable","16":"product-type-external"},"yoast_head":"<!-- This site is optimized with the Yoast SEO plugin v27.0 - https:\/\/yoast.com\/product\/yoast-seo-wordpress\/ -->\n<title>Multimedialna skrzynka elektryczna 36 modu\u0142owa z uchwytem na modem z mo\u017cliwo\u015bci\u0105 zwi\u0119kszenia ilo\u015bci modu\u0142\u00f3w MM-5\/36e Doktorvolt - DOKTORVOLT\u00ae<\/title>\n<meta name=\"robots\" content=\"index, follow, max-snippet:-1, max-image-preview:large, max-video-preview:-1\" \/>\n<link rel=\"canonical\" href=\"https:\/\/doktorvolt.pl\/en\/oferta-doktorvolt\/modular-distribution-boards\/mm-series\/multimedialna-skrzynka-elektryczna-36-modulowa-z-uchwytem-na-modem-z-mozliwoscia-zwiekszenia-ilosci-modulow-mm-5-36e-doktorvolt\/\" \/>\n<meta property=\"og:locale\" content=\"en_US\" \/>\n<meta property=\"og:type\" content=\"article\" \/>\n<meta property=\"og:title\" content=\"Multimedialna skrzynka elektryczna 36 modu\u0142owa z uchwytem na modem z mo\u017cliwo\u015bci\u0105 zwi\u0119kszenia ilo\u015bci modu\u0142\u00f3w MM-5\/36e Doktorvolt - DOKTORVOLT\u00ae\" \/>\n<meta property=\"og:description\" content=\"Rozdzielnica multimedialna wykonana z wysokiej jako\u015bci materia\u0142\u00f3w. Przystosowana do monta\u017cu podtynkowego z mo\u017cliwo\u015bci\u0105 modernizacji przestrzeni wewn\u0119trznej.\" \/>\n<meta property=\"og:url\" content=\"https:\/\/doktorvolt.pl\/en\/oferta-doktorvolt\/modular-distribution-boards\/mm-series\/multimedialna-skrzynka-elektryczna-36-modulowa-z-uchwytem-na-modem-z-mozliwoscia-zwiekszenia-ilosci-modulow-mm-5-36e-doktorvolt\/\" \/>\n<meta property=\"og:site_name\" content=\"DOKTORVOLT\u00ae\" \/>\n<meta property=\"og:image\" content=\"https:\/\/doktorvolt.pl\/wp-content\/uploads\/2026\/02\/pol_pl_Multimedialna-skrzynka-elektryczna-36-modulowa-z-uchwytem-na-modem-z-mozliwoscia-zwiekszenia-ilosci-modulow-MM-5-36e-Doktorvolt-20391_4-1.jpg\" \/>\n\t<meta property=\"og:image:width\" content=\"1600\" \/>\n\t<meta property=\"og:image:height\" content=\"1600\" \/>\n\t<meta property=\"og:image:type\" content=\"image\/jpeg\" \/>\n<meta name=\"twitter:card\" content=\"summary_large_image\" \/>\n<meta name=\"twitter:label1\" content=\"Est. reading time\" \/>\n\t<meta name=\"twitter:data1\" content=\"2 minutes\" \/>\n<script type=\"application\/ld+json\" class=\"yoast-schema-graph\">{\"@context\":\"https:\/\/schema.org\",\"@graph\":[{\"@type\":\"WebPage\",\"@id\":\"https:\/\/doktorvolt.pl\/en\/oferta-doktorvolt\/modular-distribution-boards\/mm-series\/multimedialna-skrzynka-elektryczna-36-modulowa-z-uchwytem-na-modem-z-mozliwoscia-zwiekszenia-ilosci-modulow-mm-5-36e-doktorvolt\/\",\"url\":\"https:\/\/doktorvolt.pl\/en\/oferta-doktorvolt\/modular-distribution-boards\/mm-series\/multimedialna-skrzynka-elektryczna-36-modulowa-z-uchwytem-na-modem-z-mozliwoscia-zwiekszenia-ilosci-modulow-mm-5-36e-doktorvolt\/\",\"name\":\"Multimedialna skrzynka elektryczna 36 modu\u0142owa z uchwytem na modem z mo\u017cliwo\u015bci\u0105 zwi\u0119kszenia ilo\u015bci modu\u0142\u00f3w MM-5\/36e Doktorvolt - DOKTORVOLT\u00ae\",\"isPartOf\":{\"@id\":\"https:\/\/doktorvolt.pl\/de\/#website\"},\"primaryImageOfPage\":{\"@id\":\"https:\/\/doktorvolt.pl\/en\/oferta-doktorvolt\/modular-distribution-boards\/mm-series\/multimedialna-skrzynka-elektryczna-36-modulowa-z-uchwytem-na-modem-z-mozliwoscia-zwiekszenia-ilosci-modulow-mm-5-36e-doktorvolt\/#primaryimage\"},\"image\":{\"@id\":\"https:\/\/doktorvolt.pl\/en\/oferta-doktorvolt\/modular-distribution-boards\/mm-series\/multimedialna-skrzynka-elektryczna-36-modulowa-z-uchwytem-na-modem-z-mozliwoscia-zwiekszenia-ilosci-modulow-mm-5-36e-doktorvolt\/#primaryimage\"},\"thumbnailUrl\":\"https:\/\/doktorvolt.pl\/wp-content\/uploads\/2026\/02\/pol_pl_Multimedialna-skrzynka-elektryczna-36-modulowa-z-uchwytem-na-modem-z-mozliwoscia-zwiekszenia-ilosci-modulow-MM-5-36e-Doktorvolt-20391_4-1.jpg\",\"datePublished\":\"2026-02-23T14:24:39+00:00\",\"breadcrumb\":{\"@id\":\"https:\/\/doktorvolt.pl\/en\/oferta-doktorvolt\/modular-distribution-boards\/mm-series\/multimedialna-skrzynka-elektryczna-36-modulowa-z-uchwytem-na-modem-z-mozliwoscia-zwiekszenia-ilosci-modulow-mm-5-36e-doktorvolt\/#breadcrumb\"},\"inLanguage\":\"en-US\",\"potentialAction\":[{\"@type\":\"ReadAction\",\"target\":[\"https:\/\/doktorvolt.pl\/en\/oferta-doktorvolt\/modular-distribution-boards\/mm-series\/multimedialna-skrzynka-elektryczna-36-modulowa-z-uchwytem-na-modem-z-mozliwoscia-zwiekszenia-ilosci-modulow-mm-5-36e-doktorvolt\/\"]}]},{\"@type\":\"ImageObject\",\"inLanguage\":\"en-US\",\"@id\":\"https:\/\/doktorvolt.pl\/en\/oferta-doktorvolt\/modular-distribution-boards\/mm-series\/multimedialna-skrzynka-elektryczna-36-modulowa-z-uchwytem-na-modem-z-mozliwoscia-zwiekszenia-ilosci-modulow-mm-5-36e-doktorvolt\/#primaryimage\",\"url\":\"https:\/\/doktorvolt.pl\/wp-content\/uploads\/2026\/02\/pol_pl_Multimedialna-skrzynka-elektryczna-36-modulowa-z-uchwytem-na-modem-z-mozliwoscia-zwiekszenia-ilosci-modulow-MM-5-36e-Doktorvolt-20391_4-1.jpg\",\"contentUrl\":\"https:\/\/doktorvolt.pl\/wp-content\/uploads\/2026\/02\/pol_pl_Multimedialna-skrzynka-elektryczna-36-modulowa-z-uchwytem-na-modem-z-mozliwoscia-zwiekszenia-ilosci-modulow-MM-5-36e-Doktorvolt-20391_4-1.jpg\",\"width\":1600,\"height\":1600},{\"@type\":\"BreadcrumbList\",\"@id\":\"https:\/\/doktorvolt.pl\/en\/oferta-doktorvolt\/modular-distribution-boards\/mm-series\/multimedialna-skrzynka-elektryczna-36-modulowa-z-uchwytem-na-modem-z-mozliwoscia-zwiekszenia-ilosci-modulow-mm-5-36e-doktorvolt\/#breadcrumb\",\"itemListElement\":[{\"@type\":\"ListItem\",\"position\":1,\"name\":\"Strona g\u0142\u00f3wna\",\"item\":\"https:\/\/doktorvolt.pl\/en\/\"},{\"@type\":\"ListItem\",\"position\":2,\"name\":\"Offer Doktorvolt\",\"item\":\"https:\/\/doktorvolt.pl\/en\/offer-doktorvolt\/\"},{\"@type\":\"ListItem\",\"position\":3,\"name\":\"Multimedialna skrzynka elektryczna 36 modu\u0142owa z uchwytem na modem z mo\u017cliwo\u015bci\u0105 zwi\u0119kszenia ilo\u015bci modu\u0142\u00f3w MM-5\/36e Doktorvolt\"}]},{\"@type\":\"WebSite\",\"@id\":\"https:\/\/doktorvolt.pl\/de\/#website\",\"url\":\"https:\/\/doktorvolt.pl\/de\/\",\"name\":\"DOKTORVOLT\u00ae\",\"description\":\"Producent rozdzielnic budowlanych\",\"publisher\":{\"@id\":\"https:\/\/doktorvolt.pl\/de\/#organization\"},\"potentialAction\":[{\"@type\":\"SearchAction\",\"target\":{\"@type\":\"EntryPoint\",\"urlTemplate\":\"https:\/\/doktorvolt.pl\/de\/?s={search_term_string}\"},\"query-input\":{\"@type\":\"PropertyValueSpecification\",\"valueRequired\":true,\"valueName\":\"search_term_string\"}}],\"inLanguage\":\"en-US\"},{\"@type\":\"Organization\",\"@id\":\"https:\/\/doktorvolt.pl\/de\/#organization\",\"name\":\"DOKTORVOLT\u00ae\",\"url\":\"https:\/\/doktorvolt.pl\/de\/\",\"logo\":{\"@type\":\"ImageObject\",\"inLanguage\":\"en-US\",\"@id\":\"https:\/\/doktorvolt.pl\/de\/#\/schema\/logo\/image\/\",\"url\":\"https:\/\/doktorvolt.pl\/wp-content\/uploads\/2023\/10\/DoktorVOLT-black-png.png\",\"contentUrl\":\"https:\/\/doktorvolt.pl\/wp-content\/uploads\/2023\/10\/DoktorVOLT-black-png.png\",\"width\":729,\"height\":40,\"caption\":\"DOKTORVOLT\u00ae\"},\"image\":{\"@id\":\"https:\/\/doktorvolt.pl\/de\/#\/schema\/logo\/image\/\"}}]}<\/script>\n<!-- \/ Yoast SEO plugin. -->","yoast_head_json":{"title":"Multimedialna skrzynka elektryczna 36 modu\u0142owa z uchwytem na modem z mo\u017cliwo\u015bci\u0105 zwi\u0119kszenia ilo\u015bci modu\u0142\u00f3w MM-5\/36e Doktorvolt - DOKTORVOLT\u00ae","robots":{"index":"index","follow":"follow","max-snippet":"max-snippet:-1","max-image-preview":"max-image-preview:large","max-video-preview":"max-video-preview:-1"},"canonical":"https:\/\/doktorvolt.pl\/en\/oferta-doktorvolt\/modular-distribution-boards\/mm-series\/multimedialna-skrzynka-elektryczna-36-modulowa-z-uchwytem-na-modem-z-mozliwoscia-zwiekszenia-ilosci-modulow-mm-5-36e-doktorvolt\/","og_locale":"en_US","og_type":"article","og_title":"Multimedialna skrzynka elektryczna 36 modu\u0142owa z uchwytem na modem z mo\u017cliwo\u015bci\u0105 zwi\u0119kszenia ilo\u015bci modu\u0142\u00f3w MM-5\/36e Doktorvolt - DOKTORVOLT\u00ae","og_description":"Rozdzielnica multimedialna wykonana z wysokiej jako\u015bci materia\u0142\u00f3w. Przystosowana do monta\u017cu podtynkowego z mo\u017cliwo\u015bci\u0105 modernizacji przestrzeni wewn\u0119trznej.","og_url":"https:\/\/doktorvolt.pl\/en\/oferta-doktorvolt\/modular-distribution-boards\/mm-series\/multimedialna-skrzynka-elektryczna-36-modulowa-z-uchwytem-na-modem-z-mozliwoscia-zwiekszenia-ilosci-modulow-mm-5-36e-doktorvolt\/","og_site_name":"DOKTORVOLT\u00ae","og_image":[{"width":1600,"height":1600,"url":"https:\/\/doktorvolt.pl\/wp-content\/uploads\/2026\/02\/pol_pl_Multimedialna-skrzynka-elektryczna-36-modulowa-z-uchwytem-na-modem-z-mozliwoscia-zwiekszenia-ilosci-modulow-MM-5-36e-Doktorvolt-20391_4-1.jpg","type":"image\/jpeg"}],"twitter_card":"summary_large_image","twitter_misc":{"Est. reading time":"2 minutes"},"schema":{"@context":"https:\/\/schema.org","@graph":[{"@type":"WebPage","@id":"https:\/\/doktorvolt.pl\/en\/oferta-doktorvolt\/modular-distribution-boards\/mm-series\/multimedialna-skrzynka-elektryczna-36-modulowa-z-uchwytem-na-modem-z-mozliwoscia-zwiekszenia-ilosci-modulow-mm-5-36e-doktorvolt\/","url":"https:\/\/doktorvolt.pl\/en\/oferta-doktorvolt\/modular-distribution-boards\/mm-series\/multimedialna-skrzynka-elektryczna-36-modulowa-z-uchwytem-na-modem-z-mozliwoscia-zwiekszenia-ilosci-modulow-mm-5-36e-doktorvolt\/","name":"Multimedialna skrzynka elektryczna 36 modu\u0142owa z uchwytem na modem z mo\u017cliwo\u015bci\u0105 zwi\u0119kszenia ilo\u015bci modu\u0142\u00f3w MM-5\/36e Doktorvolt - DOKTORVOLT\u00ae","isPartOf":{"@id":"https:\/\/doktorvolt.pl\/de\/#website"},"primaryImageOfPage":{"@id":"https:\/\/doktorvolt.pl\/en\/oferta-doktorvolt\/modular-distribution-boards\/mm-series\/multimedialna-skrzynka-elektryczna-36-modulowa-z-uchwytem-na-modem-z-mozliwoscia-zwiekszenia-ilosci-modulow-mm-5-36e-doktorvolt\/#primaryimage"},"image":{"@id":"https:\/\/doktorvolt.pl\/en\/oferta-doktorvolt\/modular-distribution-boards\/mm-series\/multimedialna-skrzynka-elektryczna-36-modulowa-z-uchwytem-na-modem-z-mozliwoscia-zwiekszenia-ilosci-modulow-mm-5-36e-doktorvolt\/#primaryimage"},"thumbnailUrl":"https:\/\/doktorvolt.pl\/wp-content\/uploads\/2026\/02\/pol_pl_Multimedialna-skrzynka-elektryczna-36-modulowa-z-uchwytem-na-modem-z-mozliwoscia-zwiekszenia-ilosci-modulow-MM-5-36e-Doktorvolt-20391_4-1.jpg","datePublished":"2026-02-23T14:24:39+00:00","breadcrumb":{"@id":"https:\/\/doktorvolt.pl\/en\/oferta-doktorvolt\/modular-distribution-boards\/mm-series\/multimedialna-skrzynka-elektryczna-36-modulowa-z-uchwytem-na-modem-z-mozliwoscia-zwiekszenia-ilosci-modulow-mm-5-36e-doktorvolt\/#breadcrumb"},"inLanguage":"en-US","potentialAction":[{"@type":"ReadAction","target":["https:\/\/doktorvolt.pl\/en\/oferta-doktorvolt\/modular-distribution-boards\/mm-series\/multimedialna-skrzynka-elektryczna-36-modulowa-z-uchwytem-na-modem-z-mozliwoscia-zwiekszenia-ilosci-modulow-mm-5-36e-doktorvolt\/"]}]},{"@type":"ImageObject","inLanguage":"en-US","@id":"https:\/\/doktorvolt.pl\/en\/oferta-doktorvolt\/modular-distribution-boards\/mm-series\/multimedialna-skrzynka-elektryczna-36-modulowa-z-uchwytem-na-modem-z-mozliwoscia-zwiekszenia-ilosci-modulow-mm-5-36e-doktorvolt\/#primaryimage","url":"https:\/\/doktorvolt.pl\/wp-content\/uploads\/2026\/02\/pol_pl_Multimedialna-skrzynka-elektryczna-36-modulowa-z-uchwytem-na-modem-z-mozliwoscia-zwiekszenia-ilosci-modulow-MM-5-36e-Doktorvolt-20391_4-1.jpg","contentUrl":"https:\/\/doktorvolt.pl\/wp-content\/uploads\/2026\/02\/pol_pl_Multimedialna-skrzynka-elektryczna-36-modulowa-z-uchwytem-na-modem-z-mozliwoscia-zwiekszenia-ilosci-modulow-MM-5-36e-Doktorvolt-20391_4-1.jpg","width":1600,"height":1600},{"@type":"BreadcrumbList","@id":"https:\/\/doktorvolt.pl\/en\/oferta-doktorvolt\/modular-distribution-boards\/mm-series\/multimedialna-skrzynka-elektryczna-36-modulowa-z-uchwytem-na-modem-z-mozliwoscia-zwiekszenia-ilosci-modulow-mm-5-36e-doktorvolt\/#breadcrumb","itemListElement":[{"@type":"ListItem","position":1,"name":"Strona g\u0142\u00f3wna","item":"https:\/\/doktorvolt.pl\/en\/"},{"@type":"ListItem","position":2,"name":"Offer Doktorvolt","item":"https:\/\/doktorvolt.pl\/en\/offer-doktorvolt\/"},{"@type":"ListItem","position":3,"name":"Multimedialna skrzynka elektryczna 36 modu\u0142owa z uchwytem na modem z mo\u017cliwo\u015bci\u0105 zwi\u0119kszenia ilo\u015bci modu\u0142\u00f3w MM-5\/36e Doktorvolt"}]},{"@type":"WebSite","@id":"https:\/\/doktorvolt.pl\/de\/#website","url":"https:\/\/doktorvolt.pl\/de\/","name":"DOKTORVOLT\u00ae","description":"Producent rozdzielnic budowlanych","publisher":{"@id":"https:\/\/doktorvolt.pl\/de\/#organization"},"potentialAction":[{"@type":"SearchAction","target":{"@type":"EntryPoint","urlTemplate":"https:\/\/doktorvolt.pl\/de\/?s={search_term_string}"},"query-input":{"@type":"PropertyValueSpecification","valueRequired":true,"valueName":"search_term_string"}}],"inLanguage":"en-US"},{"@type":"Organization","@id":"https:\/\/doktorvolt.pl\/de\/#organization","name":"DOKTORVOLT\u00ae","url":"https:\/\/doktorvolt.pl\/de\/","logo":{"@type":"ImageObject","inLanguage":"en-US","@id":"https:\/\/doktorvolt.pl\/de\/#\/schema\/logo\/image\/","url":"https:\/\/doktorvolt.pl\/wp-content\/uploads\/2023\/10\/DoktorVOLT-black-png.png","contentUrl":"https:\/\/doktorvolt.pl\/wp-content\/uploads\/2023\/10\/DoktorVOLT-black-png.png","width":729,"height":40,"caption":"DOKTORVOLT\u00ae"},"image":{"@id":"https:\/\/doktorvolt.pl\/de\/#\/schema\/logo\/image\/"}}]}},"_links":{"self":[{"href":"https:\/\/doktorvolt.pl\/en\/wp-json\/wp\/v2\/product\/110568","targetHints":{"allow":["GET"]}}],"collection":[{"href":"https:\/\/doktorvolt.pl\/en\/wp-json\/wp\/v2\/product"}],"about":[{"href":"https:\/\/doktorvolt.pl\/en\/wp-json\/wp\/v2\/types\/product"}],"wp:featuredmedia":[{"embeddable":true,"href":"https:\/\/doktorvolt.pl\/en\/wp-json\/wp\/v2\/media\/107066"}],"wp:attachment":[{"href":"https:\/\/doktorvolt.pl\/en\/wp-json\/wp\/v2\/media?parent=110568"}],"wp:term":[{"taxonomy":"product_brand","embeddable":true,"href":"https:\/\/doktorvolt.pl\/en\/wp-json\/wp\/v2\/product_brand?post=110568"},{"taxonomy":"product_cat","embeddable":true,"href":"https:\/\/doktorvolt.pl\/en\/wp-json\/wp\/v2\/product_cat?post=110568"},{"taxonomy":"product_tag","embeddable":true,"href":"https:\/\/doktorvolt.pl\/en\/wp-json\/wp\/v2\/product_tag?post=110568"}],"curies":[{"name":"wp","href":"https:\/\/api.w.org\/{rel}","templated":true}]}}