{"id":110571,"date":"2026-02-23T16:24:02","date_gmt":"2026-02-23T14:24:02","guid":{"rendered":"https:\/\/doktorvolt.pl\/sklep\/uncategorized\/ramka-mocujaca-dla-gniazd-tablicowych-230v-38x38mm\/"},"modified":"2026-02-23T16:24:02","modified_gmt":"2026-02-23T14:24:02","slug":"ramka-mocujaca-dla-gniazd-tablicowych-230v-38x38mm","status":"publish","type":"product","link":"https:\/\/doktorvolt.pl\/en\/oferta-doktorvolt\/accessories\/panel-mounted-sockets-and-portable-mobile-plugs\/ramka-mocujaca-dla-gniazd-tablicowych-230v-38x38mm\/","title":{"rendered":"Ramka mocuj\u0105ca dla gniazd tablicowych 230V 38x38mm"},"content":{"rendered":"<link rel=\"stylesheet\" href=\"https:\/\/preis-zone.com\/data\/include\/cms\/1.-style-css\/style_krotki_PZ.css?v=1749626390021\">\n<p><!-- GPT: Wype\u0142nij tylko placeholdery {{Tytul}} oraz {{Opis1}}. Nie zmieniaj styl\u00f3w ani uk\u0142adu. --><br \/>\n<!-- Nag\u0142\u00f3wek g\u0142\u00f3wny strony --><\/p>\n<h1>\n    <!-- Tytu\u0142 strony --><br \/>\n    <span>Ramka mocuj\u0105ca dla gniazd tablicowych 230V 38x38mm<\/span><br \/>\n<\/h1>\n<p><!-- Kr\u00f3tki opis produktu --><\/p>\n<h4>\n    <span>Ramka przeznaczona do monta\u017cu gniazd tablicowych 230V z rozstawem otwor\u00f3w 38x38mm. Chroni wkr\u0119ty oraz stabilizuje monta\u017c w rozdzielnicach budowlanych.<\/span><br \/>\n<\/h4>\n<p><!-- Dekoracyjny przerywnik \u2014 nie modyfikuj --><\/p>\n<div>\n    <img decoding=\"async\" class=\"decorative-img\"  src=\"https:\/\/shop38554-1.yourtechnicaldomain.com\/data\/include\/cms\/1-zdjecia-produktow\/Infografiki\/stopka\/preis_zone_przerywnik.png?v=1730189337244\"\n         border=\"0\" width=\"1900\" height=\"30\">\n<\/div>\n<p><!-- GPT: Pierwsza sekcja tre\u015bci. Wype\u0142nij tylko {{Podtytul1}} oraz {{Podopis1}}. Nie zmieniaj uk\u0142adu, nie modyfikuj obrazka. --><\/p>\n<div class=\"flex-container\">\n    <!-- Sekcja tekstowa z opisem produktu --><\/p>\n<div class=\"text-section\">\n<h2><strong>Zastosowanie<\/strong><\/h2>\n<p>Ramka monta\u017cowa przeznaczona do gniazd tablicowych 230V z rozstawem monta\u017cowym 38x38mm. Zapewnia stabilny monta\u017c oraz dodatkow\u0105 ochron\u0119 wkr\u0119t\u00f3w w rozdzielnicach budowlanych i przemys\u0142owych.<\/p>\n<\/p><\/div>\n<p>    <!-- Sekcja z obrazem produktu --><\/p>\n<div class=\"image-section\">\n        <img decoding=\"async\" src=\"https:\/\/preis-zone.com\/hpeciai\/c898bfe4b7e7e005a9f45d96a6d06947\/20425_7.jpg?62815\"\n             width=\"472\" height=\"472\">\n    <\/div>\n<\/div>\n<p><!-- Dekoracyjny przerywnik \u2014 nie modyfikuj --><\/p>\n<div>\n    <img decoding=\"async\" class=\"decorative-img\" src=\"https:\/\/shop38554-1.yourtechnicaldomain.com\/data\/include\/cms\/1-zdjecia-produktow\/Infografiki\/stopka\/preis_zone_przerywnik.png?v=1730189337244\"\n         border=\"0\" width=\"1900\" height=\"30\">\n<\/div>\n<p><!-- Sekcja video i specyfikacja techniczna --><\/p>\n<div class=\"video-spec-container\">\n    <!-- Sekcja z video --><\/p>\n<div class=\"image-section\">\n        <img decoding=\"async\" src=\"https:\/\/preis-zone.com\/hpeciai\/a8a78fcaca72b3c1448b84c8d9e9fab5\/20425_5.jpg?13021\"\n             width=\"472\" height=\"472\">\n    <\/div>\n<p>    <!-- GPT: BLOK SPECYFIKACJI. --><\/p>\n<div class=\"spec-section\">\n<h2><strong>Specyfikacja Techniczna<\/strong><\/h2>\n<p><strong>Kompatybilno\u015b\u0107:<\/strong> Gniazda tablicowe 230V z otworami monta\u017cowymi 38\u00d738mm<\/p>\n<p><strong>Rozstaw monta\u017cowy:<\/strong> 38\u00d738mm<\/p>\n<p><strong>\u015arednica otwor\u00f3w na wkr\u0119ty:<\/strong> \u00d84mm<\/p>\n<p><strong>Materia\u0142:<\/strong> Tworzywo sztuczne<\/p>\n<p><strong>Model:<\/strong> 980-40<\/p>\n<p><strong>EAN:<\/strong> 5906365221683<\/p>\n<\/p><\/div>\n<\/div>\n","protected":false},"excerpt":{"rendered":"<p>Ramka przeznaczona do monta\u017cu gniazd tablicowych 230V z rozstawem otwor\u00f3w 38x38mm. Chroni wkr\u0119ty oraz stabilizuje monta\u017c w rozdzielnicach budowlanych.<\/p>\n","protected":false},"featured_media":107015,"template":"","meta":[],"product_brand":[],"product_cat":[5070],"product_tag":[],"class_list":{"0":"post-110571","1":"product","2":"type-product","3":"status-publish","4":"has-post-thumbnail","6":"product_cat-panel-mounted-sockets-and-portable-mobile-plugs","8":"first","9":"instock","10":"shipping-taxable","11":"product-type-external"},"yoast_head":"<!-- This site is optimized with the Yoast SEO plugin v27.0 - https:\/\/yoast.com\/product\/yoast-seo-wordpress\/ -->\n<title>Ramka mocuj\u0105ca dla gniazd tablicowych 230V 38x38mm - DOKTORVOLT\u00ae<\/title>\n<meta name=\"robots\" content=\"index, follow, max-snippet:-1, max-image-preview:large, max-video-preview:-1\" \/>\n<link rel=\"canonical\" href=\"https:\/\/doktorvolt.pl\/en\/oferta-doktorvolt\/accessories\/panel-mounted-sockets-and-portable-mobile-plugs\/ramka-mocujaca-dla-gniazd-tablicowych-230v-38x38mm\/\" \/>\n<meta property=\"og:locale\" content=\"en_US\" \/>\n<meta property=\"og:type\" content=\"article\" \/>\n<meta property=\"og:title\" content=\"Ramka mocuj\u0105ca dla gniazd tablicowych 230V 38x38mm - DOKTORVOLT\u00ae\" \/>\n<meta property=\"og:description\" content=\"Ramka przeznaczona do monta\u017cu gniazd tablicowych 230V z rozstawem otwor\u00f3w 38x38mm. Chroni wkr\u0119ty oraz stabilizuje monta\u017c w rozdzielnicach budowlanych.\" \/>\n<meta property=\"og:url\" content=\"https:\/\/doktorvolt.pl\/en\/oferta-doktorvolt\/accessories\/panel-mounted-sockets-and-portable-mobile-plugs\/ramka-mocujaca-dla-gniazd-tablicowych-230v-38x38mm\/\" \/>\n<meta property=\"og:site_name\" content=\"DOKTORVOLT\u00ae\" \/>\n<meta property=\"og:image\" content=\"https:\/\/doktorvolt.pl\/wp-content\/uploads\/2026\/02\/pol_pl_Ramka-mocujaca-dla-gniazd-tablicowych-230V-38x38mm-20425_2.jpg\" \/>\n\t<meta property=\"og:image:width\" content=\"1600\" \/>\n\t<meta property=\"og:image:height\" content=\"1600\" \/>\n\t<meta property=\"og:image:type\" content=\"image\/jpeg\" \/>\n<meta name=\"twitter:card\" content=\"summary_large_image\" \/>\n<script type=\"application\/ld+json\" class=\"yoast-schema-graph\">{\"@context\":\"https:\/\/schema.org\",\"@graph\":[{\"@type\":\"WebPage\",\"@id\":\"https:\/\/doktorvolt.pl\/en\/oferta-doktorvolt\/accessories\/panel-mounted-sockets-and-portable-mobile-plugs\/ramka-mocujaca-dla-gniazd-tablicowych-230v-38x38mm\/\",\"url\":\"https:\/\/doktorvolt.pl\/en\/oferta-doktorvolt\/accessories\/panel-mounted-sockets-and-portable-mobile-plugs\/ramka-mocujaca-dla-gniazd-tablicowych-230v-38x38mm\/\",\"name\":\"Ramka mocuj\u0105ca dla gniazd tablicowych 230V 38x38mm - DOKTORVOLT\u00ae\",\"isPartOf\":{\"@id\":\"https:\/\/doktorvolt.pl\/de\/#website\"},\"primaryImageOfPage\":{\"@id\":\"https:\/\/doktorvolt.pl\/en\/oferta-doktorvolt\/accessories\/panel-mounted-sockets-and-portable-mobile-plugs\/ramka-mocujaca-dla-gniazd-tablicowych-230v-38x38mm\/#primaryimage\"},\"image\":{\"@id\":\"https:\/\/doktorvolt.pl\/en\/oferta-doktorvolt\/accessories\/panel-mounted-sockets-and-portable-mobile-plugs\/ramka-mocujaca-dla-gniazd-tablicowych-230v-38x38mm\/#primaryimage\"},\"thumbnailUrl\":\"https:\/\/doktorvolt.pl\/wp-content\/uploads\/2026\/02\/pol_pl_Ramka-mocujaca-dla-gniazd-tablicowych-230V-38x38mm-20425_2.jpg\",\"datePublished\":\"2026-02-23T14:24:02+00:00\",\"breadcrumb\":{\"@id\":\"https:\/\/doktorvolt.pl\/en\/oferta-doktorvolt\/accessories\/panel-mounted-sockets-and-portable-mobile-plugs\/ramka-mocujaca-dla-gniazd-tablicowych-230v-38x38mm\/#breadcrumb\"},\"inLanguage\":\"en-US\",\"potentialAction\":[{\"@type\":\"ReadAction\",\"target\":[\"https:\/\/doktorvolt.pl\/en\/oferta-doktorvolt\/accessories\/panel-mounted-sockets-and-portable-mobile-plugs\/ramka-mocujaca-dla-gniazd-tablicowych-230v-38x38mm\/\"]}]},{\"@type\":\"ImageObject\",\"inLanguage\":\"en-US\",\"@id\":\"https:\/\/doktorvolt.pl\/en\/oferta-doktorvolt\/accessories\/panel-mounted-sockets-and-portable-mobile-plugs\/ramka-mocujaca-dla-gniazd-tablicowych-230v-38x38mm\/#primaryimage\",\"url\":\"https:\/\/doktorvolt.pl\/wp-content\/uploads\/2026\/02\/pol_pl_Ramka-mocujaca-dla-gniazd-tablicowych-230V-38x38mm-20425_2.jpg\",\"contentUrl\":\"https:\/\/doktorvolt.pl\/wp-content\/uploads\/2026\/02\/pol_pl_Ramka-mocujaca-dla-gniazd-tablicowych-230V-38x38mm-20425_2.jpg\",\"width\":1600,\"height\":1600},{\"@type\":\"BreadcrumbList\",\"@id\":\"https:\/\/doktorvolt.pl\/en\/oferta-doktorvolt\/accessories\/panel-mounted-sockets-and-portable-mobile-plugs\/ramka-mocujaca-dla-gniazd-tablicowych-230v-38x38mm\/#breadcrumb\",\"itemListElement\":[{\"@type\":\"ListItem\",\"position\":1,\"name\":\"Strona g\u0142\u00f3wna\",\"item\":\"https:\/\/doktorvolt.pl\/en\/\"},{\"@type\":\"ListItem\",\"position\":2,\"name\":\"Offer Doktorvolt\",\"item\":\"https:\/\/doktorvolt.pl\/en\/offer-doktorvolt\/\"},{\"@type\":\"ListItem\",\"position\":3,\"name\":\"Ramka mocuj\u0105ca dla gniazd tablicowych 230V 38x38mm\"}]},{\"@type\":\"WebSite\",\"@id\":\"https:\/\/doktorvolt.pl\/de\/#website\",\"url\":\"https:\/\/doktorvolt.pl\/de\/\",\"name\":\"DOKTORVOLT\u00ae\",\"description\":\"Producent rozdzielnic budowlanych\",\"publisher\":{\"@id\":\"https:\/\/doktorvolt.pl\/de\/#organization\"},\"potentialAction\":[{\"@type\":\"SearchAction\",\"target\":{\"@type\":\"EntryPoint\",\"urlTemplate\":\"https:\/\/doktorvolt.pl\/de\/?s={search_term_string}\"},\"query-input\":{\"@type\":\"PropertyValueSpecification\",\"valueRequired\":true,\"valueName\":\"search_term_string\"}}],\"inLanguage\":\"en-US\"},{\"@type\":\"Organization\",\"@id\":\"https:\/\/doktorvolt.pl\/de\/#organization\",\"name\":\"DOKTORVOLT\u00ae\",\"url\":\"https:\/\/doktorvolt.pl\/de\/\",\"logo\":{\"@type\":\"ImageObject\",\"inLanguage\":\"en-US\",\"@id\":\"https:\/\/doktorvolt.pl\/de\/#\/schema\/logo\/image\/\",\"url\":\"https:\/\/doktorvolt.pl\/wp-content\/uploads\/2023\/10\/DoktorVOLT-black-png.png\",\"contentUrl\":\"https:\/\/doktorvolt.pl\/wp-content\/uploads\/2023\/10\/DoktorVOLT-black-png.png\",\"width\":729,\"height\":40,\"caption\":\"DOKTORVOLT\u00ae\"},\"image\":{\"@id\":\"https:\/\/doktorvolt.pl\/de\/#\/schema\/logo\/image\/\"}}]}<\/script>\n<!-- \/ Yoast SEO plugin. -->","yoast_head_json":{"title":"Ramka mocuj\u0105ca dla gniazd tablicowych 230V 38x38mm - DOKTORVOLT\u00ae","robots":{"index":"index","follow":"follow","max-snippet":"max-snippet:-1","max-image-preview":"max-image-preview:large","max-video-preview":"max-video-preview:-1"},"canonical":"https:\/\/doktorvolt.pl\/en\/oferta-doktorvolt\/accessories\/panel-mounted-sockets-and-portable-mobile-plugs\/ramka-mocujaca-dla-gniazd-tablicowych-230v-38x38mm\/","og_locale":"en_US","og_type":"article","og_title":"Ramka mocuj\u0105ca dla gniazd tablicowych 230V 38x38mm - DOKTORVOLT\u00ae","og_description":"Ramka przeznaczona do monta\u017cu gniazd tablicowych 230V z rozstawem otwor\u00f3w 38x38mm. Chroni wkr\u0119ty oraz stabilizuje monta\u017c w rozdzielnicach budowlanych.","og_url":"https:\/\/doktorvolt.pl\/en\/oferta-doktorvolt\/accessories\/panel-mounted-sockets-and-portable-mobile-plugs\/ramka-mocujaca-dla-gniazd-tablicowych-230v-38x38mm\/","og_site_name":"DOKTORVOLT\u00ae","og_image":[{"width":1600,"height":1600,"url":"https:\/\/doktorvolt.pl\/wp-content\/uploads\/2026\/02\/pol_pl_Ramka-mocujaca-dla-gniazd-tablicowych-230V-38x38mm-20425_2.jpg","type":"image\/jpeg"}],"twitter_card":"summary_large_image","schema":{"@context":"https:\/\/schema.org","@graph":[{"@type":"WebPage","@id":"https:\/\/doktorvolt.pl\/en\/oferta-doktorvolt\/accessories\/panel-mounted-sockets-and-portable-mobile-plugs\/ramka-mocujaca-dla-gniazd-tablicowych-230v-38x38mm\/","url":"https:\/\/doktorvolt.pl\/en\/oferta-doktorvolt\/accessories\/panel-mounted-sockets-and-portable-mobile-plugs\/ramka-mocujaca-dla-gniazd-tablicowych-230v-38x38mm\/","name":"Ramka mocuj\u0105ca dla gniazd tablicowych 230V 38x38mm - DOKTORVOLT\u00ae","isPartOf":{"@id":"https:\/\/doktorvolt.pl\/de\/#website"},"primaryImageOfPage":{"@id":"https:\/\/doktorvolt.pl\/en\/oferta-doktorvolt\/accessories\/panel-mounted-sockets-and-portable-mobile-plugs\/ramka-mocujaca-dla-gniazd-tablicowych-230v-38x38mm\/#primaryimage"},"image":{"@id":"https:\/\/doktorvolt.pl\/en\/oferta-doktorvolt\/accessories\/panel-mounted-sockets-and-portable-mobile-plugs\/ramka-mocujaca-dla-gniazd-tablicowych-230v-38x38mm\/#primaryimage"},"thumbnailUrl":"https:\/\/doktorvolt.pl\/wp-content\/uploads\/2026\/02\/pol_pl_Ramka-mocujaca-dla-gniazd-tablicowych-230V-38x38mm-20425_2.jpg","datePublished":"2026-02-23T14:24:02+00:00","breadcrumb":{"@id":"https:\/\/doktorvolt.pl\/en\/oferta-doktorvolt\/accessories\/panel-mounted-sockets-and-portable-mobile-plugs\/ramka-mocujaca-dla-gniazd-tablicowych-230v-38x38mm\/#breadcrumb"},"inLanguage":"en-US","potentialAction":[{"@type":"ReadAction","target":["https:\/\/doktorvolt.pl\/en\/oferta-doktorvolt\/accessories\/panel-mounted-sockets-and-portable-mobile-plugs\/ramka-mocujaca-dla-gniazd-tablicowych-230v-38x38mm\/"]}]},{"@type":"ImageObject","inLanguage":"en-US","@id":"https:\/\/doktorvolt.pl\/en\/oferta-doktorvolt\/accessories\/panel-mounted-sockets-and-portable-mobile-plugs\/ramka-mocujaca-dla-gniazd-tablicowych-230v-38x38mm\/#primaryimage","url":"https:\/\/doktorvolt.pl\/wp-content\/uploads\/2026\/02\/pol_pl_Ramka-mocujaca-dla-gniazd-tablicowych-230V-38x38mm-20425_2.jpg","contentUrl":"https:\/\/doktorvolt.pl\/wp-content\/uploads\/2026\/02\/pol_pl_Ramka-mocujaca-dla-gniazd-tablicowych-230V-38x38mm-20425_2.jpg","width":1600,"height":1600},{"@type":"BreadcrumbList","@id":"https:\/\/doktorvolt.pl\/en\/oferta-doktorvolt\/accessories\/panel-mounted-sockets-and-portable-mobile-plugs\/ramka-mocujaca-dla-gniazd-tablicowych-230v-38x38mm\/#breadcrumb","itemListElement":[{"@type":"ListItem","position":1,"name":"Strona g\u0142\u00f3wna","item":"https:\/\/doktorvolt.pl\/en\/"},{"@type":"ListItem","position":2,"name":"Offer Doktorvolt","item":"https:\/\/doktorvolt.pl\/en\/offer-doktorvolt\/"},{"@type":"ListItem","position":3,"name":"Ramka mocuj\u0105ca dla gniazd tablicowych 230V 38x38mm"}]},{"@type":"WebSite","@id":"https:\/\/doktorvolt.pl\/de\/#website","url":"https:\/\/doktorvolt.pl\/de\/","name":"DOKTORVOLT\u00ae","description":"Producent rozdzielnic budowlanych","publisher":{"@id":"https:\/\/doktorvolt.pl\/de\/#organization"},"potentialAction":[{"@type":"SearchAction","target":{"@type":"EntryPoint","urlTemplate":"https:\/\/doktorvolt.pl\/de\/?s={search_term_string}"},"query-input":{"@type":"PropertyValueSpecification","valueRequired":true,"valueName":"search_term_string"}}],"inLanguage":"en-US"},{"@type":"Organization","@id":"https:\/\/doktorvolt.pl\/de\/#organization","name":"DOKTORVOLT\u00ae","url":"https:\/\/doktorvolt.pl\/de\/","logo":{"@type":"ImageObject","inLanguage":"en-US","@id":"https:\/\/doktorvolt.pl\/de\/#\/schema\/logo\/image\/","url":"https:\/\/doktorvolt.pl\/wp-content\/uploads\/2023\/10\/DoktorVOLT-black-png.png","contentUrl":"https:\/\/doktorvolt.pl\/wp-content\/uploads\/2023\/10\/DoktorVOLT-black-png.png","width":729,"height":40,"caption":"DOKTORVOLT\u00ae"},"image":{"@id":"https:\/\/doktorvolt.pl\/de\/#\/schema\/logo\/image\/"}}]}},"_links":{"self":[{"href":"https:\/\/doktorvolt.pl\/en\/wp-json\/wp\/v2\/product\/110571","targetHints":{"allow":["GET"]}}],"collection":[{"href":"https:\/\/doktorvolt.pl\/en\/wp-json\/wp\/v2\/product"}],"about":[{"href":"https:\/\/doktorvolt.pl\/en\/wp-json\/wp\/v2\/types\/product"}],"wp:featuredmedia":[{"embeddable":true,"href":"https:\/\/doktorvolt.pl\/en\/wp-json\/wp\/v2\/media\/107015"}],"wp:attachment":[{"href":"https:\/\/doktorvolt.pl\/en\/wp-json\/wp\/v2\/media?parent=110571"}],"wp:term":[{"taxonomy":"product_brand","embeddable":true,"href":"https:\/\/doktorvolt.pl\/en\/wp-json\/wp\/v2\/product_brand?post=110571"},{"taxonomy":"product_cat","embeddable":true,"href":"https:\/\/doktorvolt.pl\/en\/wp-json\/wp\/v2\/product_cat?post=110571"},{"taxonomy":"product_tag","embeddable":true,"href":"https:\/\/doktorvolt.pl\/en\/wp-json\/wp\/v2\/product_tag?post=110571"}],"curies":[{"name":"wp","href":"https:\/\/api.w.org\/{rel}","templated":true}]}}