{"id":110573,"date":"2026-02-23T16:23:37","date_gmt":"2026-02-23T14:23:37","guid":{"rendered":"https:\/\/doktorvolt.pl\/sklep\/uncategorized\/slupek-dystrybucyjny-170x26x24cm-pusta-obudowa-do-wkopania-fundamentowa-termoutwardzalna-antracytowa-doktorvolt-dv-6104\/"},"modified":"2026-02-23T16:23:37","modified_gmt":"2026-02-23T14:23:37","slug":"slupek-dystrybucyjny-170x26x24cm-pusta-obudowa-do-wkopania-fundamentowa-termoutwardzalna-antracytowa-doktorvolt-dv-6104","status":"publish","type":"product","link":"https:\/\/doktorvolt.pl\/en\/oferta-doktorvolt\/camping\/camping-power-posts\/slupek-dystrybucyjny-170x26x24cm-pusta-obudowa-do-wkopania-fundamentowa-termoutwardzalna-antracytowa-doktorvolt-dv-6104\/","title":{"rendered":"S\u0142upek dystrybucyjny 170x26x24cm pusta obudowa do wkopania fundamentowa termoutwardzalna  antracytowa Doktorvolt DV-6104"},"content":{"rendered":"<p><!-- Nag\u0142\u00f3wek g\u0142\u00f3wny strony --><\/p>\n<h1 style=\"font-size: 24pt;\">\n    <!-- Tytu\u0142 strony --><br \/>\n    <span style=\"display: inline-block; width: 100%;\">S\u0142upek kempingowy obudowa pusta przeznaczony na pola namiotowe, kempingowe oraz obiekty turystyczne i wszelkie zastosowania zewn\u0119trzne<br \/>\n<\/span><br \/>\n<\/h1>\n<p><!-- Kr\u00f3tki opis produktu --><\/p>\n<h4 style=\"font-size: 14pt;\">\n    <span>S\u0142upek dystrybucyjny pusty dedykowany dla w\u0142a\u015bcicieli p\u00f3l kempingowych, namiotowych oraz innych obiekt\u00f3w turystycznych. Wykonany z najwy\u017cszej jako\u015bci materia\u0142\u00f3w w kolorze RAL 7015, kt\u00f3re zapewniaj\u0105 trwa\u0142o\u015b\u0107 s\u0142upka na lata.<\/span><br \/>\n<\/h4>\n<p><!-- Separator graficzny --><\/p>\n<div>\n    <img decoding=\"async\" style=\"max-width: 100%; margin-bottom: 20px; margin-top: 20px;\"\n         src=\"https:\/\/shop38554-1.yourtechnicaldomain.com\/data\/include\/cms\/1-zdjecia-produktow\/DOKTORVOLT\/DV-4995-EV\/ikonka_zielona_z_literka_D_biala.png?v=1729773346118\"\n         border=\"0\" width=\"1900\" height=\"30\">\n<\/div>\n<p><!-- G\u0142\u00f3wna sekcja z opisem i obrazem produktu --><\/p>\n<div style=\"display: flex; width: 100%; justify-content: space-between; align-items: center; flex-wrap: wrap; gap: 20px; padding: 30px;\">\n    <!-- Sekcja tekstowa z opisem produktu --><\/p>\n<div style=\"flex: auto; max-width: 550px;\">\n<h2 style=\"font-size: 16pt; padding-bottom: 10px; color: #000 !important; border-bottom: 5px solid #7dd956;\">\n            <strong>Wysoka jako\u015b\u0107 wykonania<\/strong><br \/>\n        <\/h2>\n<p style=\"font-size: 14pt; text-align: justify;\">\n            S\u0142upek posiada miejsca kt\u00f3re, pozwalaj\u0105 na swobodny monta\u017c <strong>gniazd<\/strong>, <strong>aparatury zabezpieczaj\u0105cej<\/strong> lub <strong>przy\u0142\u0105cza wodnego<\/strong>. Przystosowny do monta\u017cu w fundamencie na pozomie 600mm. Obudowa skutecznie <strong>ochrania aparatur\u0119<\/strong> przed czynnikami szkodliwymi. Dodatkowym atutem s\u0142upka s\u0105 <strong>drzwi z kluczem<\/strong> kt\u00f3re, ograniczaj\u0105 dost\u0119p os\u00f3b nieupowa\u017cnionych. <\/p>\n<\/p><\/div>\n<p>    <!-- Sekcja z obrazem produktu --><\/p>\n<div style=\"flex: auto; max-width: 472px;\">\n        <img decoding=\"async\" src=\"https:\/\/preis-zone.pl\/hpeciai\/6234b752bcb6d296fa91c7b951114c9b\/20423_9.jpg?96646\"\n             width=\"472\" height=\"472\" style=\"max-width: 100%; border-radius: 8px;\">\n    <\/div>\n<\/div>\n<p><!-- Separator graficzny --><\/p>\n<div>\n    <img decoding=\"async\" style=\"max-width: 100%; margin-bottom: 20px; margin-top: 20px;\"\n         src=\"https:\/\/shop38554-1.yourtechnicaldomain.com\/data\/include\/cms\/1-zdjecia-produktow\/DOKTORVOLT\/DV-4995-EV\/ikonka_zielona_z_literka_D_biala.png?v=1729773346118\"\n         border=\"0\" width=\"1900\" height=\"30\">\n<\/div>\n<p><!-- Sekcja video i specyfikacja techniczna --><\/p>\n<div style=\"display: flex; width: 100%; flex-wrap: wrap; justify-content: space-around;\">\n    <!-- Sekcja z video --><\/p>\n<div style=\"flex: auto; max-width: 472px;\">\n<video style=\"max-width=100%; margin-top: 10px; padding-top: 10px;\" width=\"500\" height=\"400\" src=\"https:\/\/preis-zone.pl\/data\/include\/cms\/1-zdjecia-produktow\/DOKTORVOLT\/DV-6104\/DV-6104_v.mp4?v=1761732482493\" type=\"video\/mp4\" controls autoplay muted loop controlsList=\"nodownload\"><\/video>\n<\/div>\n<p>    <!-- Specyfikacja techniczna produktu --><\/p>\n<div style=\"display: flex; flex-direction: column; justify-content: center; align-items: left; padding-left: 50px; padding-right: 50px; padding-top: 30px; max-width: 500px; font-size: 14pt;\">\n<h2 style=\"font-size: 16pt; color: #000 !important; padding-bottom: 10px; border-bottom: 5px solid #7dd956;\">\n            <strong>Specyfikacja Techniczna<\/strong><br \/>\n        <\/h2>\n<p style=\"margin: 5px;\"><strong>Wysoko\u015b\u0107:<\/strong> 170cm<\/p>\n<p style=\"margin: 5px;\"><strong>Szeroko\u015b\u0107:<\/strong> 26cm<\/p>\n<p style=\"margin: 5px;\"><strong>G\u0142\u0119boko\u015b\u0107:<\/strong> 24cm<\/p>\n<p style=\"margin: 5px;\"><strong>Poziom wkopania:<\/strong> 600mm<\/p>\n<p style=\"margin: 5px;\"><strong>Materia\u0142:<\/strong> termoutwardzalny poliester <\/p>\n<p style=\"margin: 5px;\"><strong>Kolor:<\/strong> RAL 7015 <\/p>\n<p style=\"margin: 5px;\"><strong>Drzwi z kluczem:<\/strong> Tak <\/p>\n<p style=\"margin: 5px;\"><strong>Stopie\u0144 ochrony:<\/strong> IP44 <\/p>\n<p style=\"margin: 5px;\"><strong>SKU:<\/strong> DV-6104 <\/p>\n<p style=\"margin: 5px;\"><strong>Producent:<\/strong> Doktorvolt <\/p>\n<\/p><\/div>\n<\/div>\n","protected":false},"excerpt":{"rendered":"<p>S\u0142upek kempingowy obudowa pusta przeznaczony na pola namiotowe, kempingowe oraz obiekty turystyczne i wszelkie zastosowania zewn\u0119trzne. Wersja do monta\u017cu w ziemi.<\/p>\n","protected":false},"featured_media":106981,"template":"","meta":[],"product_brand":[],"product_cat":[5072],"product_tag":[],"class_list":{"0":"post-110573","1":"product","2":"type-product","3":"status-publish","4":"has-post-thumbnail","6":"product_cat-camping-power-posts","7":"pa_material-obudowy-smc","9":"first","10":"instock","11":"shipping-taxable","12":"product-type-external"},"yoast_head":"<!-- This site is optimized with the Yoast SEO plugin v27.0 - https:\/\/yoast.com\/product\/yoast-seo-wordpress\/ -->\n<title>S\u0142upek dystrybucyjny 170x26x24cm pusta obudowa do wkopania fundamentowa termoutwardzalna antracytowa Doktorvolt DV-6104 - DOKTORVOLT\u00ae<\/title>\n<meta name=\"robots\" content=\"index, follow, max-snippet:-1, max-image-preview:large, max-video-preview:-1\" \/>\n<link rel=\"canonical\" href=\"https:\/\/doktorvolt.pl\/en\/oferta-doktorvolt\/camping\/camping-power-posts\/slupek-dystrybucyjny-170x26x24cm-pusta-obudowa-do-wkopania-fundamentowa-termoutwardzalna-antracytowa-doktorvolt-dv-6104\/\" \/>\n<meta property=\"og:locale\" content=\"en_US\" \/>\n<meta property=\"og:type\" content=\"article\" \/>\n<meta property=\"og:title\" content=\"S\u0142upek dystrybucyjny 170x26x24cm pusta obudowa do wkopania fundamentowa termoutwardzalna antracytowa Doktorvolt DV-6104 - DOKTORVOLT\u00ae\" \/>\n<meta property=\"og:description\" content=\"S\u0142upek kempingowy obudowa pusta przeznaczony na pola namiotowe, kempingowe oraz obiekty turystyczne i wszelkie zastosowania zewn\u0119trzne. Wersja do monta\u017cu w ziemi.\" \/>\n<meta property=\"og:url\" content=\"https:\/\/doktorvolt.pl\/en\/oferta-doktorvolt\/camping\/camping-power-posts\/slupek-dystrybucyjny-170x26x24cm-pusta-obudowa-do-wkopania-fundamentowa-termoutwardzalna-antracytowa-doktorvolt-dv-6104\/\" \/>\n<meta property=\"og:site_name\" content=\"DOKTORVOLT\u00ae\" \/>\n<meta property=\"og:image\" content=\"https:\/\/doktorvolt.pl\/wp-content\/uploads\/2026\/02\/pol_pl_Slupek-dystrybucyjny-170x26x24cm-pusta-obudowa-do-wkopania-fundamentowa-termoutwardzalna-antracytowa-Doktorvolt-DV-6104-20423_1-1.jpg\" \/>\n\t<meta property=\"og:image:width\" content=\"1600\" \/>\n\t<meta property=\"og:image:height\" content=\"1600\" \/>\n\t<meta property=\"og:image:type\" content=\"image\/jpeg\" \/>\n<meta name=\"twitter:card\" content=\"summary_large_image\" \/>\n<meta name=\"twitter:label1\" content=\"Est. reading time\" \/>\n\t<meta name=\"twitter:data1\" content=\"1 minute\" \/>\n<script type=\"application\/ld+json\" class=\"yoast-schema-graph\">{\"@context\":\"https:\/\/schema.org\",\"@graph\":[{\"@type\":\"WebPage\",\"@id\":\"https:\/\/doktorvolt.pl\/en\/oferta-doktorvolt\/camping\/camping-power-posts\/slupek-dystrybucyjny-170x26x24cm-pusta-obudowa-do-wkopania-fundamentowa-termoutwardzalna-antracytowa-doktorvolt-dv-6104\/\",\"url\":\"https:\/\/doktorvolt.pl\/en\/oferta-doktorvolt\/camping\/camping-power-posts\/slupek-dystrybucyjny-170x26x24cm-pusta-obudowa-do-wkopania-fundamentowa-termoutwardzalna-antracytowa-doktorvolt-dv-6104\/\",\"name\":\"S\u0142upek dystrybucyjny 170x26x24cm pusta obudowa do wkopania fundamentowa termoutwardzalna antracytowa Doktorvolt DV-6104 - DOKTORVOLT\u00ae\",\"isPartOf\":{\"@id\":\"https:\/\/doktorvolt.pl\/de\/#website\"},\"primaryImageOfPage\":{\"@id\":\"https:\/\/doktorvolt.pl\/en\/oferta-doktorvolt\/camping\/camping-power-posts\/slupek-dystrybucyjny-170x26x24cm-pusta-obudowa-do-wkopania-fundamentowa-termoutwardzalna-antracytowa-doktorvolt-dv-6104\/#primaryimage\"},\"image\":{\"@id\":\"https:\/\/doktorvolt.pl\/en\/oferta-doktorvolt\/camping\/camping-power-posts\/slupek-dystrybucyjny-170x26x24cm-pusta-obudowa-do-wkopania-fundamentowa-termoutwardzalna-antracytowa-doktorvolt-dv-6104\/#primaryimage\"},\"thumbnailUrl\":\"https:\/\/doktorvolt.pl\/wp-content\/uploads\/2026\/02\/pol_pl_Slupek-dystrybucyjny-170x26x24cm-pusta-obudowa-do-wkopania-fundamentowa-termoutwardzalna-antracytowa-Doktorvolt-DV-6104-20423_1-1.jpg\",\"datePublished\":\"2026-02-23T14:23:37+00:00\",\"breadcrumb\":{\"@id\":\"https:\/\/doktorvolt.pl\/en\/oferta-doktorvolt\/camping\/camping-power-posts\/slupek-dystrybucyjny-170x26x24cm-pusta-obudowa-do-wkopania-fundamentowa-termoutwardzalna-antracytowa-doktorvolt-dv-6104\/#breadcrumb\"},\"inLanguage\":\"en-US\",\"potentialAction\":[{\"@type\":\"ReadAction\",\"target\":[\"https:\/\/doktorvolt.pl\/en\/oferta-doktorvolt\/camping\/camping-power-posts\/slupek-dystrybucyjny-170x26x24cm-pusta-obudowa-do-wkopania-fundamentowa-termoutwardzalna-antracytowa-doktorvolt-dv-6104\/\"]}]},{\"@type\":\"ImageObject\",\"inLanguage\":\"en-US\",\"@id\":\"https:\/\/doktorvolt.pl\/en\/oferta-doktorvolt\/camping\/camping-power-posts\/slupek-dystrybucyjny-170x26x24cm-pusta-obudowa-do-wkopania-fundamentowa-termoutwardzalna-antracytowa-doktorvolt-dv-6104\/#primaryimage\",\"url\":\"https:\/\/doktorvolt.pl\/wp-content\/uploads\/2026\/02\/pol_pl_Slupek-dystrybucyjny-170x26x24cm-pusta-obudowa-do-wkopania-fundamentowa-termoutwardzalna-antracytowa-Doktorvolt-DV-6104-20423_1-1.jpg\",\"contentUrl\":\"https:\/\/doktorvolt.pl\/wp-content\/uploads\/2026\/02\/pol_pl_Slupek-dystrybucyjny-170x26x24cm-pusta-obudowa-do-wkopania-fundamentowa-termoutwardzalna-antracytowa-Doktorvolt-DV-6104-20423_1-1.jpg\",\"width\":1600,\"height\":1600},{\"@type\":\"BreadcrumbList\",\"@id\":\"https:\/\/doktorvolt.pl\/en\/oferta-doktorvolt\/camping\/camping-power-posts\/slupek-dystrybucyjny-170x26x24cm-pusta-obudowa-do-wkopania-fundamentowa-termoutwardzalna-antracytowa-doktorvolt-dv-6104\/#breadcrumb\",\"itemListElement\":[{\"@type\":\"ListItem\",\"position\":1,\"name\":\"Strona g\u0142\u00f3wna\",\"item\":\"https:\/\/doktorvolt.pl\/en\/\"},{\"@type\":\"ListItem\",\"position\":2,\"name\":\"Offer Doktorvolt\",\"item\":\"https:\/\/doktorvolt.pl\/en\/offer-doktorvolt\/\"},{\"@type\":\"ListItem\",\"position\":3,\"name\":\"S\u0142upek dystrybucyjny 170x26x24cm pusta obudowa do wkopania fundamentowa termoutwardzalna antracytowa Doktorvolt DV-6104\"}]},{\"@type\":\"WebSite\",\"@id\":\"https:\/\/doktorvolt.pl\/de\/#website\",\"url\":\"https:\/\/doktorvolt.pl\/de\/\",\"name\":\"DOKTORVOLT\u00ae\",\"description\":\"Producent rozdzielnic budowlanych\",\"publisher\":{\"@id\":\"https:\/\/doktorvolt.pl\/de\/#organization\"},\"potentialAction\":[{\"@type\":\"SearchAction\",\"target\":{\"@type\":\"EntryPoint\",\"urlTemplate\":\"https:\/\/doktorvolt.pl\/de\/?s={search_term_string}\"},\"query-input\":{\"@type\":\"PropertyValueSpecification\",\"valueRequired\":true,\"valueName\":\"search_term_string\"}}],\"inLanguage\":\"en-US\"},{\"@type\":\"Organization\",\"@id\":\"https:\/\/doktorvolt.pl\/de\/#organization\",\"name\":\"DOKTORVOLT\u00ae\",\"url\":\"https:\/\/doktorvolt.pl\/de\/\",\"logo\":{\"@type\":\"ImageObject\",\"inLanguage\":\"en-US\",\"@id\":\"https:\/\/doktorvolt.pl\/de\/#\/schema\/logo\/image\/\",\"url\":\"https:\/\/doktorvolt.pl\/wp-content\/uploads\/2023\/10\/DoktorVOLT-black-png.png\",\"contentUrl\":\"https:\/\/doktorvolt.pl\/wp-content\/uploads\/2023\/10\/DoktorVOLT-black-png.png\",\"width\":729,\"height\":40,\"caption\":\"DOKTORVOLT\u00ae\"},\"image\":{\"@id\":\"https:\/\/doktorvolt.pl\/de\/#\/schema\/logo\/image\/\"}}]}<\/script>\n<!-- \/ Yoast SEO plugin. -->","yoast_head_json":{"title":"S\u0142upek dystrybucyjny 170x26x24cm pusta obudowa do wkopania fundamentowa termoutwardzalna antracytowa Doktorvolt DV-6104 - DOKTORVOLT\u00ae","robots":{"index":"index","follow":"follow","max-snippet":"max-snippet:-1","max-image-preview":"max-image-preview:large","max-video-preview":"max-video-preview:-1"},"canonical":"https:\/\/doktorvolt.pl\/en\/oferta-doktorvolt\/camping\/camping-power-posts\/slupek-dystrybucyjny-170x26x24cm-pusta-obudowa-do-wkopania-fundamentowa-termoutwardzalna-antracytowa-doktorvolt-dv-6104\/","og_locale":"en_US","og_type":"article","og_title":"S\u0142upek dystrybucyjny 170x26x24cm pusta obudowa do wkopania fundamentowa termoutwardzalna antracytowa Doktorvolt DV-6104 - DOKTORVOLT\u00ae","og_description":"S\u0142upek kempingowy obudowa pusta przeznaczony na pola namiotowe, kempingowe oraz obiekty turystyczne i wszelkie zastosowania zewn\u0119trzne. Wersja do monta\u017cu w ziemi.","og_url":"https:\/\/doktorvolt.pl\/en\/oferta-doktorvolt\/camping\/camping-power-posts\/slupek-dystrybucyjny-170x26x24cm-pusta-obudowa-do-wkopania-fundamentowa-termoutwardzalna-antracytowa-doktorvolt-dv-6104\/","og_site_name":"DOKTORVOLT\u00ae","og_image":[{"width":1600,"height":1600,"url":"https:\/\/doktorvolt.pl\/wp-content\/uploads\/2026\/02\/pol_pl_Slupek-dystrybucyjny-170x26x24cm-pusta-obudowa-do-wkopania-fundamentowa-termoutwardzalna-antracytowa-Doktorvolt-DV-6104-20423_1-1.jpg","type":"image\/jpeg"}],"twitter_card":"summary_large_image","twitter_misc":{"Est. reading time":"1 minute"},"schema":{"@context":"https:\/\/schema.org","@graph":[{"@type":"WebPage","@id":"https:\/\/doktorvolt.pl\/en\/oferta-doktorvolt\/camping\/camping-power-posts\/slupek-dystrybucyjny-170x26x24cm-pusta-obudowa-do-wkopania-fundamentowa-termoutwardzalna-antracytowa-doktorvolt-dv-6104\/","url":"https:\/\/doktorvolt.pl\/en\/oferta-doktorvolt\/camping\/camping-power-posts\/slupek-dystrybucyjny-170x26x24cm-pusta-obudowa-do-wkopania-fundamentowa-termoutwardzalna-antracytowa-doktorvolt-dv-6104\/","name":"S\u0142upek dystrybucyjny 170x26x24cm pusta obudowa do wkopania fundamentowa termoutwardzalna antracytowa Doktorvolt DV-6104 - DOKTORVOLT\u00ae","isPartOf":{"@id":"https:\/\/doktorvolt.pl\/de\/#website"},"primaryImageOfPage":{"@id":"https:\/\/doktorvolt.pl\/en\/oferta-doktorvolt\/camping\/camping-power-posts\/slupek-dystrybucyjny-170x26x24cm-pusta-obudowa-do-wkopania-fundamentowa-termoutwardzalna-antracytowa-doktorvolt-dv-6104\/#primaryimage"},"image":{"@id":"https:\/\/doktorvolt.pl\/en\/oferta-doktorvolt\/camping\/camping-power-posts\/slupek-dystrybucyjny-170x26x24cm-pusta-obudowa-do-wkopania-fundamentowa-termoutwardzalna-antracytowa-doktorvolt-dv-6104\/#primaryimage"},"thumbnailUrl":"https:\/\/doktorvolt.pl\/wp-content\/uploads\/2026\/02\/pol_pl_Slupek-dystrybucyjny-170x26x24cm-pusta-obudowa-do-wkopania-fundamentowa-termoutwardzalna-antracytowa-Doktorvolt-DV-6104-20423_1-1.jpg","datePublished":"2026-02-23T14:23:37+00:00","breadcrumb":{"@id":"https:\/\/doktorvolt.pl\/en\/oferta-doktorvolt\/camping\/camping-power-posts\/slupek-dystrybucyjny-170x26x24cm-pusta-obudowa-do-wkopania-fundamentowa-termoutwardzalna-antracytowa-doktorvolt-dv-6104\/#breadcrumb"},"inLanguage":"en-US","potentialAction":[{"@type":"ReadAction","target":["https:\/\/doktorvolt.pl\/en\/oferta-doktorvolt\/camping\/camping-power-posts\/slupek-dystrybucyjny-170x26x24cm-pusta-obudowa-do-wkopania-fundamentowa-termoutwardzalna-antracytowa-doktorvolt-dv-6104\/"]}]},{"@type":"ImageObject","inLanguage":"en-US","@id":"https:\/\/doktorvolt.pl\/en\/oferta-doktorvolt\/camping\/camping-power-posts\/slupek-dystrybucyjny-170x26x24cm-pusta-obudowa-do-wkopania-fundamentowa-termoutwardzalna-antracytowa-doktorvolt-dv-6104\/#primaryimage","url":"https:\/\/doktorvolt.pl\/wp-content\/uploads\/2026\/02\/pol_pl_Slupek-dystrybucyjny-170x26x24cm-pusta-obudowa-do-wkopania-fundamentowa-termoutwardzalna-antracytowa-Doktorvolt-DV-6104-20423_1-1.jpg","contentUrl":"https:\/\/doktorvolt.pl\/wp-content\/uploads\/2026\/02\/pol_pl_Slupek-dystrybucyjny-170x26x24cm-pusta-obudowa-do-wkopania-fundamentowa-termoutwardzalna-antracytowa-Doktorvolt-DV-6104-20423_1-1.jpg","width":1600,"height":1600},{"@type":"BreadcrumbList","@id":"https:\/\/doktorvolt.pl\/en\/oferta-doktorvolt\/camping\/camping-power-posts\/slupek-dystrybucyjny-170x26x24cm-pusta-obudowa-do-wkopania-fundamentowa-termoutwardzalna-antracytowa-doktorvolt-dv-6104\/#breadcrumb","itemListElement":[{"@type":"ListItem","position":1,"name":"Strona g\u0142\u00f3wna","item":"https:\/\/doktorvolt.pl\/en\/"},{"@type":"ListItem","position":2,"name":"Offer Doktorvolt","item":"https:\/\/doktorvolt.pl\/en\/offer-doktorvolt\/"},{"@type":"ListItem","position":3,"name":"S\u0142upek dystrybucyjny 170x26x24cm pusta obudowa do wkopania fundamentowa termoutwardzalna antracytowa Doktorvolt DV-6104"}]},{"@type":"WebSite","@id":"https:\/\/doktorvolt.pl\/de\/#website","url":"https:\/\/doktorvolt.pl\/de\/","name":"DOKTORVOLT\u00ae","description":"Producent rozdzielnic budowlanych","publisher":{"@id":"https:\/\/doktorvolt.pl\/de\/#organization"},"potentialAction":[{"@type":"SearchAction","target":{"@type":"EntryPoint","urlTemplate":"https:\/\/doktorvolt.pl\/de\/?s={search_term_string}"},"query-input":{"@type":"PropertyValueSpecification","valueRequired":true,"valueName":"search_term_string"}}],"inLanguage":"en-US"},{"@type":"Organization","@id":"https:\/\/doktorvolt.pl\/de\/#organization","name":"DOKTORVOLT\u00ae","url":"https:\/\/doktorvolt.pl\/de\/","logo":{"@type":"ImageObject","inLanguage":"en-US","@id":"https:\/\/doktorvolt.pl\/de\/#\/schema\/logo\/image\/","url":"https:\/\/doktorvolt.pl\/wp-content\/uploads\/2023\/10\/DoktorVOLT-black-png.png","contentUrl":"https:\/\/doktorvolt.pl\/wp-content\/uploads\/2023\/10\/DoktorVOLT-black-png.png","width":729,"height":40,"caption":"DOKTORVOLT\u00ae"},"image":{"@id":"https:\/\/doktorvolt.pl\/de\/#\/schema\/logo\/image\/"}}]}},"_links":{"self":[{"href":"https:\/\/doktorvolt.pl\/en\/wp-json\/wp\/v2\/product\/110573","targetHints":{"allow":["GET"]}}],"collection":[{"href":"https:\/\/doktorvolt.pl\/en\/wp-json\/wp\/v2\/product"}],"about":[{"href":"https:\/\/doktorvolt.pl\/en\/wp-json\/wp\/v2\/types\/product"}],"wp:featuredmedia":[{"embeddable":true,"href":"https:\/\/doktorvolt.pl\/en\/wp-json\/wp\/v2\/media\/106981"}],"wp:attachment":[{"href":"https:\/\/doktorvolt.pl\/en\/wp-json\/wp\/v2\/media?parent=110573"}],"wp:term":[{"taxonomy":"product_brand","embeddable":true,"href":"https:\/\/doktorvolt.pl\/en\/wp-json\/wp\/v2\/product_brand?post=110573"},{"taxonomy":"product_cat","embeddable":true,"href":"https:\/\/doktorvolt.pl\/en\/wp-json\/wp\/v2\/product_cat?post=110573"},{"taxonomy":"product_tag","embeddable":true,"href":"https:\/\/doktorvolt.pl\/en\/wp-json\/wp\/v2\/product_tag?post=110573"}],"curies":[{"name":"wp","href":"https:\/\/api.w.org\/{rel}","templated":true}]}}