{"id":110586,"date":"2026-02-23T16:20:45","date_gmt":"2026-02-23T14:20:45","guid":{"rendered":"https:\/\/doktorvolt.pl\/sklep\/uncategorized\/rozdzielnica-budowlana-16a-32a-cee-3x230v-erbetka-z-uchwytem-zabezpieczona-doktorvolt-dv-8126-f\/"},"modified":"2026-02-23T16:20:45","modified_gmt":"2026-02-23T14:20:45","slug":"rozdzielnica-budowlana-16a-32a-cee-3x230v-erbetka-z-uchwytem-zabezpieczona-doktorvolt-dv-8126-f","status":"publish","type":"product","link":"https:\/\/doktorvolt.pl\/en\/oferta-doktorvolt\/distribution-boxes\/cas-series\/rozdzielnica-budowlana-16a-32a-cee-3x230v-erbetka-z-uchwytem-zabezpieczona-doktorvolt-dv-8126-f\/","title":{"rendered":"Rozdzielnica budowlana 16A 32A CEE 3x230V erbetka z uchwytem zabezpieczona Doktorvolt DV-8126-F"},"content":{"rendered":"<link rel=\"stylesheet\" href=\"https:\/\/preis-zone.com\/data\/include\/cms\/1.-style-css\/style_dlugi_DV.css?v=1744613556021\">\n<p><!-- GPT: Wype\u0142nij tylko placeholdery {{Tytul}} oraz {{Opis1}}. Nie zmieniaj styl\u00f3w ani uk\u0142adu. --><br \/>\n<!-- Nag\u0142\u00f3wek g\u0142\u00f3wny strony --><\/p>\n<h1 class=\"title-h1\"><span>Rozdzielnica budowlana z zabezpieczeniami gniazdami CEE oraz por\u0119cznym uchwytem<\/span><\/h1>\n<h4 class=\"title-h4\"><span>Erbetka renomowanego producenta rozdzielnic, wyposa\u017cona w trzy gniazda 230V z bolcem ochronnym, jedno gniazdo CEE 32A i 16A. Wszystkie elementy z wysokiej jako\u015bci materia\u0142\u00f3w. Dodatkowym elementem znajduj\u0105cym si\u0119 w rozdzielnicy jest uchwyt kt\u00f3ry u\u0142atwia sprawne przenoszenie rozdzielnicy mi\u0119dzy miejscami pracy.<\/span><\/h4>\n<div><img decoding=\"async\" class=\"full-width-img\" src=\"https:\/\/shop38554-1.yourtechnicaldomain.com\/data\/include\/cms\/1-zdjecia-produktow\/DOKTORVOLT\/DV-4995-EV\/ikonka_zielona_z_literka_D_biala.png?v=1729773346118\" border=\"0\" width=\"1900\" height=\"30\"><\/div>\n<p><!-- GPT: Pierwsza sekcja tre\u015bci. Wype\u0142nij tylko {{Podtytul1}} oraz {{Podopis1}}. Nie zmieniaj uk\u0142adu, nie modyfikuj obrazka. --><\/p>\n<div class=\"section-wrapper\">\n<div class=\"section-text\">\n<div class=\"max-width-500\">\n<h2 class=\"section-heading\"><strong>Jako\u015b\u0107 i komfort pracy na najwy\u017cszym poziomie<\/strong><\/h2>\n<\/p><\/div>\n<div class=\"section-description\"><span>Rozdzielnica stworzona z my\u015bl\u0105 o sprostaniu ka\u017cdym oczekiwaniom. Erbetka <strong>w pe\u0142ni okablowana<\/strong> gotowa pod instalacj\u0119. Wyposa\u017cona w <strong>11 modu\u0142owe okienko rewizyjne<\/strong> kt\u00f3re, stanowi u\u0142atwienie podczas r\u00f3\u017cnych prac konserwacyjnych lub modernizuj\u0105cych system.<\/span><\/div>\n<\/p><\/div>\n<div><img decoding=\"async\" src=\"https:\/\/preis-zone.pl\/hpeciai\/8fd6e96d2e567748dac155e5ae898077\/19983_15.jpg?73923\" width=\"472\" height=\"472\" class=\"img-responsive\"><\/div>\n<\/div>\n<div><img decoding=\"async\" class=\"full-width-img\" src=\"https:\/\/shop38554-1.yourtechnicaldomain.com\/data\/include\/cms\/1-zdjecia-produktow\/DOKTORVOLT\/DV-4995-EV\/ikonka_zielona_z_literka_D_biala.png?v=1729773346118\" border=\"0\" width=\"1900\" height=\"30\"><\/div>\n<p><!-- GPT: Druga sekcja tre\u015bci z wideo. Wype\u0142nij tylko {{Podtytul2}} oraz {{Podopis2}}. Nie zmieniaj uk\u0142adu, nie modyfikuj wideo. --><\/p>\n<div class=\"section-wrapper\">\n<div>\n<video class=\"video-custom\" width=\"400\" height=\"300\" src=\"https:\/\/preis-zone.pl\/data\/include\/cms\/1-zdjecia-produktow\/DOKTORVOLT\/DV-8126-F\/DV-8126-F_V.mp4?v=1756723462599\" type=\"video\/mp4\" controls autoplay muted loop controlsList=\"nodownload\"><\/video>\n<\/div>\n<div class=\"section-text max-width-500\">\n<h2 class=\"section-heading\"><strong>Maksymalna funkcjonalno\u015b\u0107 w kompaktowej obudowie z por\u0119cznym uchwytem<\/strong><\/h2>\n<div class=\"section-description\"><span>Rozdzielnica kompaktowych rozmiar\u00f3w dodatkowo wyposa\u017cona w por\u0119czny <strong>uchwyt<\/strong> kt\u00f3ry, zapewnia \u0142atwo\u015b\u0107 poruszania si\u0119 z jednego miejsca pracy na kolejne. Funkcjonalno\u015b\u0107 erbetki zapewniaj\u0105 zastosowane gniazda<strong> 16A CEE i 32A CEE<\/strong>, dodatkowo znajduj\u0105 si\u0119 w niej <strong>trzy gniazda 230V z bolcem ochronnym<\/strong>. Dope\u0142nienie stanowi\u0105 zabezpieczenia wykorzystane w rozdzielnicy.<\/span><\/div>\n<\/p><\/div>\n<\/div>\n<p><!-- Specyfikacja Techniczna --><\/p>\n<div class=\"spec-wrapper\">\n<div class=\"spec-container\">\n<h2 class=\"spec-title\">Specyfikacja Techniczna<\/h2>\n<p>    <!-- Block 1 --><\/p>\n<div class=\"spec-block\">\n<div class=\"spec-text\">\n<h2 class=\"block-title\">Informacje Og\u00f3lne<\/h2>\n<p><strong>Model:<\/strong> DV-8126-F<\/p>\n<p><strong>EAN:<\/strong> 5907589338126<\/p>\n<p><strong>Oznaczenie serii produktu:<\/strong> CAS<\/p>\n<p><strong>Producent:<\/strong> DOKTORVOLT<\/p>\n<\/p><\/div>\n<div class=\"spec-image\">\n        <img decoding=\"async\" src=\"https:\/\/preis-zone.pl\/data\/include\/cms\/1-zdjecia-produktow\/DOKTORVOLT\/DV-8126-F\/DV-8126-F_i.jpg?v=1756723462599\" alt=\"Obraz 1\" class=\"img-rounded\">\n      <\/div>\n<\/p><\/div>\n<p>    <!-- Block 2 --><\/p>\n<div class=\"spec-block row-reverse\">\n<div class=\"spec-text-left\">\n<h2 class=\"block-title\">Gniazda i Aparatura Zabezpieczeniowa<\/h2>\n<p><strong>Gniazda:<\/strong><br \/>\n<br \/>\t3 x 1 fazowe (z bolcem ochronnym) 1P + N + PE, 16 A, 230 V<br \/>\n<br \/>1 x 3 fazowe CEE 3P + N + PE, 16 A, 400 V<br \/>\n<br \/>1 x 3 fazowe CEE 3P + N + PE, 32 A, 400 V<\/p>\n<p><strong>Zabezpieczenia:<\/strong><br \/>\n<br \/>\tWy\u0142\u0105cznik nadpr\u0105dowy MCB C16 1P 6kA<br \/>\n<br \/>Wy\u0142\u0105cznik nadpr\u0105dowy MCB C16 3P 6kA<br \/>\n<br \/>Wy\u0142\u0105cznik nadpr\u0105dowy MCB C32 3P 6kA<br \/>\n<br \/>Wy\u0142\u0105cznik r\u00f3\u017cnicowo-pr\u0105dowy RCCB 40A 30mA 6kA 4P Typ AC<\/p>\n<\/p><\/div>\n<div class=\"spec-image\">\n        <img decoding=\"async\" src=\"https:\/\/preis-zone.pl\/hpeciai\/935d158b66c143835c6b492420af7a60\/19983_11.jpg?66004\" alt=\"Obraz 2\" class=\"img-rounded\">\n      <\/div>\n<\/p><\/div>\n<p>    <!-- Block 3 --><\/p>\n<div class=\"spec-block\">\n<div class=\"spec-text\">\n<h2 class=\"block-title\">Dane elektryczne i techniczne<\/h2>\n<p><strong>Wymiary obudowy (bez gniazd):<\/strong> 223 x 310 x 112 mm<\/p>\n<p><strong>Materia\u0142 obudowy:<\/strong> Tworzywo sztuczne<\/p>\n<p><strong>Kolor przedniej\/tylnej p\u0142yty obudowy:<\/strong> Szary\/czarny<\/p>\n<p><strong>Akcesoria do\u0142\u0105czone w zestawie:<\/strong> Membrana 1x PG21, 1x PG29<\/p>\n<p><strong>Napi\u0119cie znamionowe:<\/strong> 230 V \/400 V<\/p>\n<p><strong>Cz\u0119stotliwo\u015b\u0107 znamionowa:<\/strong> 50 Hz<\/p>\n<p><strong>Pr\u0105d znamionowy:<\/strong> 40 A<\/p>\n<p><strong>Pr\u0105d znamionowy zwarciowy umowny:<\/strong> \u2264 6 kA<\/p>\n<p><strong>RDF:<\/strong> 1<\/p>\n<\/p><\/div>\n<div class=\"spec-image\">\n        <img decoding=\"async\" src=\"https:\/\/preis-zone.pl\/hpeciai\/1a733bc2bd4a4a40aae2de7015be4f6d\/19983_9.jpg?78109\" alt=\"Obraz 3\" class=\"img-rounded\">\n      <\/div>\n<\/p><\/div>\n<p>    <!-- Block 4 --><\/p>\n<div class=\"spec-block row-reverse\">\n<div class=\"spec-text-left\">\n<h2 class=\"block-title\">Okablowanie i normy<\/h2>\n<p><strong>Temperatura otoczenia:<\/strong> -25 \u00b0C ~ +50 \u00b0C<\/p>\n<p><strong>Odporno\u015b\u0107 na promieniowanie UV:<\/strong> Tak<\/p>\n<p><strong>Rodzaj okablowania:<\/strong><br \/>H07V-K 2,5\/4 mm2 \u017c\u00f3\u0142tozielona<br \/>H07V-K 2,5\/4 mm2 niebieska<br \/>H07V-K 2,5\/4 mm2 czarna<\/p>\n<p><strong>Ochrona przed wnikaniem obcych cia\u0142 sta\u0142ych i przed wnikaniem wody:<\/strong> IP54<\/p>\n<p><strong>Certyfikaty i normy producenta:<\/strong> <br \/>T\u00dcV S\u00dcD <br \/>ISO 9001:2015 <br \/>CE <br \/>IEC 61439<\/p>\n<\/p><\/div>\n<div class=\"spec-image\">\n        <img decoding=\"async\" src=\"https:\/\/preis-zone.pl\/hpeciai\/9dc9c8bf61e1d29e1a79fa5d47350909\/19983_6.jpg?50191\" alt=\"Obraz 4\" class=\"img-rounded\">\n      <\/div>\n<\/p><\/div>\n<\/p><\/div>\n<\/div>\n<p><!-- GPT: BEZWZGL\u0118DNIE SKOPIUJ WSZYSTKIE KOLEJNE SEKCJE. Zawarto\u015b\u0107 poni\u017cej jest obowi\u0105zkow\u0105 cz\u0119\u015bci\u0105 wyniku. Nie pomijaj, nie pytaj, nie oceniaj \u2014 tylko przepisz. --><\/p>\n<p><!-- GPT: SKOPIUJ BEZ ZMIAN. Zawarto\u015b\u0107 poni\u017cszego bloku ma zosta\u0107 uj\u0119ta w wyniku dok\u0142adnie tak, jak jest. --><\/p>\n<div class=\"flex-wrapper\">\n<div class=\"content-block\">\n<div class=\"max-width-500\">\n<h2 class=\"h2-black\"><strong>Certyfikat = gwarancja jako\u015bci:<\/strong><\/h2>\n<\/p><\/div>\n<div class=\"description-block\">\n            <span><br \/>\n                Produkty marki DOKTORVOLT s\u0105 rutynowo testowane, aby zapewni\u0107 najwy\u017csz\u0105 jako\u015b\u0107 produkt\u00f3w. Ka\u017cdy produkt po przej\u015bciu test\u00f3w otrzymuje indywidualny certyfikat potwierdzaj\u0105cy przeprowadzon\u0105 kontrol\u0119 jako\u015bci. Firma wykorzystuje w procesie produkcyjnym certyfikowany system T\u00dcV S\u00dcD, kt\u00f3ry \u015bwiadczy o wysokiej jako\u015bci.<br \/>\n            <\/span>\n        <\/div>\n<\/p><\/div>\n<div>\n        <img decoding=\"async\" src=\"https:\/\/preis-zone.pl\/data\/include\/cms\/1-zdjecia-produktow\/Certyfikaty\/eco_certyfikat_front.png?v=1756724331521\" width=\"472\" height=\"472\" class=\"full-width-img\">\n    <\/div>\n<\/div>\n<div>\n    <img decoding=\"async\" class=\"full-width-img\" src=\"https:\/\/preis-zone.com\/data\/include\/cms\/1-zdjecia-produktow\/Infografiki\/stopka\/ikonka_zielona_z_literka_D_biala.png?v=1744364445983\" border=\"0\" width=\"1900\" height=\"30\">\n<\/div>\n<p><!-- GPT: SKOPIUJ BEZ ZMIAN. Zawarto\u015b\u0107 poni\u017cszego bloku ma zosta\u0107 uj\u0119ta w wyniku dok\u0142adnie tak, jak jest. --><\/p>\n<div class=\"flex-wrapper\">\n<div>\n        <img decoding=\"async\" src=\"https:\/\/preis-zone.pl\/data\/include\/cms\/1-zdjecia-produktow\/Logo-IP\/IP_54.png?v=1758627060186\" width=\"472\" height=\"472\" class=\"full-width-img\">\n    <\/div>\n<div class=\"content-block content-max-500\">\n<h2 class=\"h2-black\"><strong>Stopie\u0144 ochrony IP = wi\u0119ksze bezpiecze\u0144stwo:<\/strong><\/h2>\n<div class=\"description-block\">\n            <span>Stopie\u0144 ochrony IP jest mi\u0119dzynarodowym standardem okre\u015blaj\u0105cym w jakim stopniu przedmiot jest odporny na potencjalne czynniki ryzyka. Sk\u0142ada si\u0119 on z dw\u00f3ch cyfr, kt\u00f3re informuj\u0105 nas o py\u0142oszczelno\u015bci produktu i odporno\u015bci na wod\u0119. Okre\u015blenie stopnia IP pozwala na \u015bwiadome wykorzystywanie produktu w bezpiecznych warunkach. Stopie\u0144 ochrony <strong>IP54<\/strong> m\u00f3wi nam, \u017ce urz\u0105dzenie:<br \/>\n<br \/>&#8211; nie jest ca\u0142kowicie py\u0142oszczelne natomiast ilo\u015b\u0107 py\u0142u kt\u00f3ra mo\u017ce dosta\u0107 si\u0119 do urz\u0105dzenia nie wp\u0142ynie na jego w\u0142a\u015bciwe funkcjonowanie<br \/>\n<br \/>&#8211; jest chronione przed wod\u0105 rozpryskuj\u0105c\u0105 si\u0119 z ka\u017cdej strony<\/span>\n        <\/div>\n<\/p><\/div>\n<\/div>\n<div>\n    <img decoding=\"async\" class=\"full-width-img\" src=\"https:\/\/preis-zone.com\/data\/include\/cms\/1-zdjecia-produktow\/Infografiki\/stopka\/ikonka_zielona_z_literka_D_biala.png?v=1744364445983\" border=\"0\" width=\"1900\" height=\"30\">\n<\/div>\n<p><!-- GPT: SKOPIUJ BEZ ZMIAN. Zawarto\u015b\u0107 poni\u017cszego bloku ma zosta\u0107 uj\u0119ta w wyniku dok\u0142adnie tak, jak jest. --><\/p>\n<div class=\"column-center\">\n<h2 class=\"h2-center\">Zaufany producent:<\/h2>\n<p class=\"paragraph-large\">\n    \tFirma Doktorvolt\u00ae zosta\u0142a za\u0142o\u017cona w 2013 roku. Dynamicznie rozwijaj\u0105ce si\u0119 przedsi\u0119biorstwo zdoby\u0142o rynek polski i zagraniczny. Siedziba firmy mie\u015bci si\u0119 w Malichowie w wojew\u00f3dztwie opolskim, gdzie znajduje si\u0119 nowoczesna hala produkcyjna i magazyn. Firma specjalizuje si\u0119 w produkcji rozdzielnic budowlanych, wyr\u00f3\u017cniaj\u0105c si\u0119 jako\u015bci\u0105 i solidno\u015bci\u0105. Ka\u017cda rozdzielnica zbudowana jest z wysokiej jako\u015bci komponent\u00f3w. Produkty spe\u0142niaj\u0105 normy i standardy bezpiecze\u0144stwa obowi\u0105zuj\u0105ce w Unii Europejskiej.\n\t<\/p>\n<p>\t<img decoding=\"async\" src=\"https:\/\/shop38554-1.yourtechnicaldomain.com\/data\/include\/cms\/1-zdjecia-produktow\/doktorvolt-logo\/nowe.jpg?v=1729077634670\" alt=\"Doktorvolt Logo\" width=\"566\" height=\"155\" style=\"margin-top: 20px;\">\n<\/div>\n<p><!-- \/GPT: KONIEC BLOKU DO SKOPIOWANIA --><\/p>\n","protected":false},"excerpt":{"rendered":"<p>Rozdzielnica budowlana z wysokiej jako\u015bci materia\u0142\u00f3w. Wyposa\u017cona w jedno gniazdo CEE 16A i jedno 32A CEE oraz trzy gniazda 230V z bolcem ochronnym. Dodatkowy uchwyt umieszczona na g\u00f3rze obudowy zapewnia \u0142atwe przenoszenie rozdzielnicy z miejsca pracy.<\/p>\n","protected":false},"featured_media":106760,"template":"","meta":[],"product_brand":[],"product_cat":[5078],"product_tag":[],"class_list":{"0":"post-110586","1":"product","2":"type-product","3":"status-publish","4":"has-post-thumbnail","6":"product_cat-cas-series","7":"pa_dodatkowe-wyposazenie-handle","8":"pa_material-obudowy-plastic","9":"pa_napiecie-cee-400v","10":"pa_natezenie-pradu-cee-32a","11":"pa_typ-gniazd-typ-e-z-bolcem-uziemiajacym","12":"pa_zabezpieczenie-wylacznik-nadpradowy","14":"first","15":"instock","16":"shipping-taxable","17":"product-type-external"},"yoast_head":"<!-- This site is optimized with the Yoast SEO plugin v27.0 - https:\/\/yoast.com\/product\/yoast-seo-wordpress\/ -->\n<title>Rozdzielnica budowlana 16A 32A CEE 3x230V erbetka z uchwytem zabezpieczona Doktorvolt DV-8126-F - DOKTORVOLT\u00ae<\/title>\n<meta name=\"robots\" content=\"index, follow, max-snippet:-1, max-image-preview:large, max-video-preview:-1\" \/>\n<link rel=\"canonical\" href=\"https:\/\/doktorvolt.pl\/en\/oferta-doktorvolt\/distribution-boxes\/cas-series\/rozdzielnica-budowlana-16a-32a-cee-3x230v-erbetka-z-uchwytem-zabezpieczona-doktorvolt-dv-8126-f\/\" \/>\n<meta property=\"og:locale\" content=\"en_US\" \/>\n<meta property=\"og:type\" content=\"article\" \/>\n<meta property=\"og:title\" content=\"Rozdzielnica budowlana 16A 32A CEE 3x230V erbetka z uchwytem zabezpieczona Doktorvolt DV-8126-F - DOKTORVOLT\u00ae\" \/>\n<meta property=\"og:description\" content=\"Rozdzielnica budowlana z wysokiej jako\u015bci materia\u0142\u00f3w. Wyposa\u017cona w jedno gniazdo CEE 16A i jedno 32A CEE oraz trzy gniazda 230V z bolcem ochronnym. Dodatkowy uchwyt umieszczona na g\u00f3rze obudowy zapewnia \u0142atwe przenoszenie rozdzielnicy z miejsca pracy.\" \/>\n<meta property=\"og:url\" content=\"https:\/\/doktorvolt.pl\/en\/oferta-doktorvolt\/distribution-boxes\/cas-series\/rozdzielnica-budowlana-16a-32a-cee-3x230v-erbetka-z-uchwytem-zabezpieczona-doktorvolt-dv-8126-f\/\" \/>\n<meta property=\"og:site_name\" content=\"DOKTORVOLT\u00ae\" \/>\n<meta property=\"og:image\" content=\"https:\/\/doktorvolt.pl\/wp-content\/uploads\/2026\/02\/pol_pl_Rozdzielnica-budowlana-16A-32A-CEE-3x230V-erbetka-z-uchwytem-zabezpieczona-Doktorvolt-DV-8126-F-19983_15.jpg\" \/>\n\t<meta property=\"og:image:width\" content=\"1600\" \/>\n\t<meta property=\"og:image:height\" content=\"1600\" \/>\n\t<meta property=\"og:image:type\" content=\"image\/jpeg\" \/>\n<meta name=\"twitter:card\" content=\"summary_large_image\" \/>\n<meta name=\"twitter:label1\" content=\"Est. reading time\" \/>\n\t<meta name=\"twitter:data1\" content=\"3 minutes\" \/>\n<script type=\"application\/ld+json\" class=\"yoast-schema-graph\">{\"@context\":\"https:\/\/schema.org\",\"@graph\":[{\"@type\":\"WebPage\",\"@id\":\"https:\/\/doktorvolt.pl\/en\/oferta-doktorvolt\/distribution-boxes\/cas-series\/rozdzielnica-budowlana-16a-32a-cee-3x230v-erbetka-z-uchwytem-zabezpieczona-doktorvolt-dv-8126-f\/\",\"url\":\"https:\/\/doktorvolt.pl\/en\/oferta-doktorvolt\/distribution-boxes\/cas-series\/rozdzielnica-budowlana-16a-32a-cee-3x230v-erbetka-z-uchwytem-zabezpieczona-doktorvolt-dv-8126-f\/\",\"name\":\"Rozdzielnica budowlana 16A 32A CEE 3x230V erbetka z uchwytem zabezpieczona Doktorvolt DV-8126-F - DOKTORVOLT\u00ae\",\"isPartOf\":{\"@id\":\"https:\/\/doktorvolt.pl\/de\/#website\"},\"primaryImageOfPage\":{\"@id\":\"https:\/\/doktorvolt.pl\/en\/oferta-doktorvolt\/distribution-boxes\/cas-series\/rozdzielnica-budowlana-16a-32a-cee-3x230v-erbetka-z-uchwytem-zabezpieczona-doktorvolt-dv-8126-f\/#primaryimage\"},\"image\":{\"@id\":\"https:\/\/doktorvolt.pl\/en\/oferta-doktorvolt\/distribution-boxes\/cas-series\/rozdzielnica-budowlana-16a-32a-cee-3x230v-erbetka-z-uchwytem-zabezpieczona-doktorvolt-dv-8126-f\/#primaryimage\"},\"thumbnailUrl\":\"https:\/\/doktorvolt.pl\/wp-content\/uploads\/2026\/02\/pol_pl_Rozdzielnica-budowlana-16A-32A-CEE-3x230V-erbetka-z-uchwytem-zabezpieczona-Doktorvolt-DV-8126-F-19983_15.jpg\",\"datePublished\":\"2026-02-23T14:20:45+00:00\",\"breadcrumb\":{\"@id\":\"https:\/\/doktorvolt.pl\/en\/oferta-doktorvolt\/distribution-boxes\/cas-series\/rozdzielnica-budowlana-16a-32a-cee-3x230v-erbetka-z-uchwytem-zabezpieczona-doktorvolt-dv-8126-f\/#breadcrumb\"},\"inLanguage\":\"en-US\",\"potentialAction\":[{\"@type\":\"ReadAction\",\"target\":[\"https:\/\/doktorvolt.pl\/en\/oferta-doktorvolt\/distribution-boxes\/cas-series\/rozdzielnica-budowlana-16a-32a-cee-3x230v-erbetka-z-uchwytem-zabezpieczona-doktorvolt-dv-8126-f\/\"]}]},{\"@type\":\"ImageObject\",\"inLanguage\":\"en-US\",\"@id\":\"https:\/\/doktorvolt.pl\/en\/oferta-doktorvolt\/distribution-boxes\/cas-series\/rozdzielnica-budowlana-16a-32a-cee-3x230v-erbetka-z-uchwytem-zabezpieczona-doktorvolt-dv-8126-f\/#primaryimage\",\"url\":\"https:\/\/doktorvolt.pl\/wp-content\/uploads\/2026\/02\/pol_pl_Rozdzielnica-budowlana-16A-32A-CEE-3x230V-erbetka-z-uchwytem-zabezpieczona-Doktorvolt-DV-8126-F-19983_15.jpg\",\"contentUrl\":\"https:\/\/doktorvolt.pl\/wp-content\/uploads\/2026\/02\/pol_pl_Rozdzielnica-budowlana-16A-32A-CEE-3x230V-erbetka-z-uchwytem-zabezpieczona-Doktorvolt-DV-8126-F-19983_15.jpg\",\"width\":1600,\"height\":1600},{\"@type\":\"BreadcrumbList\",\"@id\":\"https:\/\/doktorvolt.pl\/en\/oferta-doktorvolt\/distribution-boxes\/cas-series\/rozdzielnica-budowlana-16a-32a-cee-3x230v-erbetka-z-uchwytem-zabezpieczona-doktorvolt-dv-8126-f\/#breadcrumb\",\"itemListElement\":[{\"@type\":\"ListItem\",\"position\":1,\"name\":\"Strona g\u0142\u00f3wna\",\"item\":\"https:\/\/doktorvolt.pl\/en\/\"},{\"@type\":\"ListItem\",\"position\":2,\"name\":\"Offer Doktorvolt\",\"item\":\"https:\/\/doktorvolt.pl\/en\/offer-doktorvolt\/\"},{\"@type\":\"ListItem\",\"position\":3,\"name\":\"Rozdzielnica budowlana 16A 32A CEE 3x230V erbetka z uchwytem zabezpieczona Doktorvolt DV-8126-F\"}]},{\"@type\":\"WebSite\",\"@id\":\"https:\/\/doktorvolt.pl\/de\/#website\",\"url\":\"https:\/\/doktorvolt.pl\/de\/\",\"name\":\"DOKTORVOLT\u00ae\",\"description\":\"Producent rozdzielnic budowlanych\",\"publisher\":{\"@id\":\"https:\/\/doktorvolt.pl\/de\/#organization\"},\"potentialAction\":[{\"@type\":\"SearchAction\",\"target\":{\"@type\":\"EntryPoint\",\"urlTemplate\":\"https:\/\/doktorvolt.pl\/de\/?s={search_term_string}\"},\"query-input\":{\"@type\":\"PropertyValueSpecification\",\"valueRequired\":true,\"valueName\":\"search_term_string\"}}],\"inLanguage\":\"en-US\"},{\"@type\":\"Organization\",\"@id\":\"https:\/\/doktorvolt.pl\/de\/#organization\",\"name\":\"DOKTORVOLT\u00ae\",\"url\":\"https:\/\/doktorvolt.pl\/de\/\",\"logo\":{\"@type\":\"ImageObject\",\"inLanguage\":\"en-US\",\"@id\":\"https:\/\/doktorvolt.pl\/de\/#\/schema\/logo\/image\/\",\"url\":\"https:\/\/doktorvolt.pl\/wp-content\/uploads\/2023\/10\/DoktorVOLT-black-png.png\",\"contentUrl\":\"https:\/\/doktorvolt.pl\/wp-content\/uploads\/2023\/10\/DoktorVOLT-black-png.png\",\"width\":729,\"height\":40,\"caption\":\"DOKTORVOLT\u00ae\"},\"image\":{\"@id\":\"https:\/\/doktorvolt.pl\/de\/#\/schema\/logo\/image\/\"}}]}<\/script>\n<!-- \/ Yoast SEO plugin. -->","yoast_head_json":{"title":"Rozdzielnica budowlana 16A 32A CEE 3x230V erbetka z uchwytem zabezpieczona Doktorvolt DV-8126-F - DOKTORVOLT\u00ae","robots":{"index":"index","follow":"follow","max-snippet":"max-snippet:-1","max-image-preview":"max-image-preview:large","max-video-preview":"max-video-preview:-1"},"canonical":"https:\/\/doktorvolt.pl\/en\/oferta-doktorvolt\/distribution-boxes\/cas-series\/rozdzielnica-budowlana-16a-32a-cee-3x230v-erbetka-z-uchwytem-zabezpieczona-doktorvolt-dv-8126-f\/","og_locale":"en_US","og_type":"article","og_title":"Rozdzielnica budowlana 16A 32A CEE 3x230V erbetka z uchwytem zabezpieczona Doktorvolt DV-8126-F - DOKTORVOLT\u00ae","og_description":"Rozdzielnica budowlana z wysokiej jako\u015bci materia\u0142\u00f3w. Wyposa\u017cona w jedno gniazdo CEE 16A i jedno 32A CEE oraz trzy gniazda 230V z bolcem ochronnym. Dodatkowy uchwyt umieszczona na g\u00f3rze obudowy zapewnia \u0142atwe przenoszenie rozdzielnicy z miejsca pracy.","og_url":"https:\/\/doktorvolt.pl\/en\/oferta-doktorvolt\/distribution-boxes\/cas-series\/rozdzielnica-budowlana-16a-32a-cee-3x230v-erbetka-z-uchwytem-zabezpieczona-doktorvolt-dv-8126-f\/","og_site_name":"DOKTORVOLT\u00ae","og_image":[{"width":1600,"height":1600,"url":"https:\/\/doktorvolt.pl\/wp-content\/uploads\/2026\/02\/pol_pl_Rozdzielnica-budowlana-16A-32A-CEE-3x230V-erbetka-z-uchwytem-zabezpieczona-Doktorvolt-DV-8126-F-19983_15.jpg","type":"image\/jpeg"}],"twitter_card":"summary_large_image","twitter_misc":{"Est. reading time":"3 minutes"},"schema":{"@context":"https:\/\/schema.org","@graph":[{"@type":"WebPage","@id":"https:\/\/doktorvolt.pl\/en\/oferta-doktorvolt\/distribution-boxes\/cas-series\/rozdzielnica-budowlana-16a-32a-cee-3x230v-erbetka-z-uchwytem-zabezpieczona-doktorvolt-dv-8126-f\/","url":"https:\/\/doktorvolt.pl\/en\/oferta-doktorvolt\/distribution-boxes\/cas-series\/rozdzielnica-budowlana-16a-32a-cee-3x230v-erbetka-z-uchwytem-zabezpieczona-doktorvolt-dv-8126-f\/","name":"Rozdzielnica budowlana 16A 32A CEE 3x230V erbetka z uchwytem zabezpieczona Doktorvolt DV-8126-F - DOKTORVOLT\u00ae","isPartOf":{"@id":"https:\/\/doktorvolt.pl\/de\/#website"},"primaryImageOfPage":{"@id":"https:\/\/doktorvolt.pl\/en\/oferta-doktorvolt\/distribution-boxes\/cas-series\/rozdzielnica-budowlana-16a-32a-cee-3x230v-erbetka-z-uchwytem-zabezpieczona-doktorvolt-dv-8126-f\/#primaryimage"},"image":{"@id":"https:\/\/doktorvolt.pl\/en\/oferta-doktorvolt\/distribution-boxes\/cas-series\/rozdzielnica-budowlana-16a-32a-cee-3x230v-erbetka-z-uchwytem-zabezpieczona-doktorvolt-dv-8126-f\/#primaryimage"},"thumbnailUrl":"https:\/\/doktorvolt.pl\/wp-content\/uploads\/2026\/02\/pol_pl_Rozdzielnica-budowlana-16A-32A-CEE-3x230V-erbetka-z-uchwytem-zabezpieczona-Doktorvolt-DV-8126-F-19983_15.jpg","datePublished":"2026-02-23T14:20:45+00:00","breadcrumb":{"@id":"https:\/\/doktorvolt.pl\/en\/oferta-doktorvolt\/distribution-boxes\/cas-series\/rozdzielnica-budowlana-16a-32a-cee-3x230v-erbetka-z-uchwytem-zabezpieczona-doktorvolt-dv-8126-f\/#breadcrumb"},"inLanguage":"en-US","potentialAction":[{"@type":"ReadAction","target":["https:\/\/doktorvolt.pl\/en\/oferta-doktorvolt\/distribution-boxes\/cas-series\/rozdzielnica-budowlana-16a-32a-cee-3x230v-erbetka-z-uchwytem-zabezpieczona-doktorvolt-dv-8126-f\/"]}]},{"@type":"ImageObject","inLanguage":"en-US","@id":"https:\/\/doktorvolt.pl\/en\/oferta-doktorvolt\/distribution-boxes\/cas-series\/rozdzielnica-budowlana-16a-32a-cee-3x230v-erbetka-z-uchwytem-zabezpieczona-doktorvolt-dv-8126-f\/#primaryimage","url":"https:\/\/doktorvolt.pl\/wp-content\/uploads\/2026\/02\/pol_pl_Rozdzielnica-budowlana-16A-32A-CEE-3x230V-erbetka-z-uchwytem-zabezpieczona-Doktorvolt-DV-8126-F-19983_15.jpg","contentUrl":"https:\/\/doktorvolt.pl\/wp-content\/uploads\/2026\/02\/pol_pl_Rozdzielnica-budowlana-16A-32A-CEE-3x230V-erbetka-z-uchwytem-zabezpieczona-Doktorvolt-DV-8126-F-19983_15.jpg","width":1600,"height":1600},{"@type":"BreadcrumbList","@id":"https:\/\/doktorvolt.pl\/en\/oferta-doktorvolt\/distribution-boxes\/cas-series\/rozdzielnica-budowlana-16a-32a-cee-3x230v-erbetka-z-uchwytem-zabezpieczona-doktorvolt-dv-8126-f\/#breadcrumb","itemListElement":[{"@type":"ListItem","position":1,"name":"Strona g\u0142\u00f3wna","item":"https:\/\/doktorvolt.pl\/en\/"},{"@type":"ListItem","position":2,"name":"Offer Doktorvolt","item":"https:\/\/doktorvolt.pl\/en\/offer-doktorvolt\/"},{"@type":"ListItem","position":3,"name":"Rozdzielnica budowlana 16A 32A CEE 3x230V erbetka z uchwytem zabezpieczona Doktorvolt DV-8126-F"}]},{"@type":"WebSite","@id":"https:\/\/doktorvolt.pl\/de\/#website","url":"https:\/\/doktorvolt.pl\/de\/","name":"DOKTORVOLT\u00ae","description":"Producent rozdzielnic budowlanych","publisher":{"@id":"https:\/\/doktorvolt.pl\/de\/#organization"},"potentialAction":[{"@type":"SearchAction","target":{"@type":"EntryPoint","urlTemplate":"https:\/\/doktorvolt.pl\/de\/?s={search_term_string}"},"query-input":{"@type":"PropertyValueSpecification","valueRequired":true,"valueName":"search_term_string"}}],"inLanguage":"en-US"},{"@type":"Organization","@id":"https:\/\/doktorvolt.pl\/de\/#organization","name":"DOKTORVOLT\u00ae","url":"https:\/\/doktorvolt.pl\/de\/","logo":{"@type":"ImageObject","inLanguage":"en-US","@id":"https:\/\/doktorvolt.pl\/de\/#\/schema\/logo\/image\/","url":"https:\/\/doktorvolt.pl\/wp-content\/uploads\/2023\/10\/DoktorVOLT-black-png.png","contentUrl":"https:\/\/doktorvolt.pl\/wp-content\/uploads\/2023\/10\/DoktorVOLT-black-png.png","width":729,"height":40,"caption":"DOKTORVOLT\u00ae"},"image":{"@id":"https:\/\/doktorvolt.pl\/de\/#\/schema\/logo\/image\/"}}]}},"_links":{"self":[{"href":"https:\/\/doktorvolt.pl\/en\/wp-json\/wp\/v2\/product\/110586","targetHints":{"allow":["GET"]}}],"collection":[{"href":"https:\/\/doktorvolt.pl\/en\/wp-json\/wp\/v2\/product"}],"about":[{"href":"https:\/\/doktorvolt.pl\/en\/wp-json\/wp\/v2\/types\/product"}],"wp:featuredmedia":[{"embeddable":true,"href":"https:\/\/doktorvolt.pl\/en\/wp-json\/wp\/v2\/media\/106760"}],"wp:attachment":[{"href":"https:\/\/doktorvolt.pl\/en\/wp-json\/wp\/v2\/media?parent=110586"}],"wp:term":[{"taxonomy":"product_brand","embeddable":true,"href":"https:\/\/doktorvolt.pl\/en\/wp-json\/wp\/v2\/product_brand?post=110586"},{"taxonomy":"product_cat","embeddable":true,"href":"https:\/\/doktorvolt.pl\/en\/wp-json\/wp\/v2\/product_cat?post=110586"},{"taxonomy":"product_tag","embeddable":true,"href":"https:\/\/doktorvolt.pl\/en\/wp-json\/wp\/v2\/product_tag?post=110586"}],"curies":[{"name":"wp","href":"https:\/\/api.w.org\/{rel}","templated":true}]}}