{"id":110598,"date":"2026-02-23T16:18:02","date_gmt":"2026-02-23T14:18:02","guid":{"rendered":"https:\/\/doktorvolt.pl\/sklep\/uncategorized\/wylacznik-roznicowopradowy-rcbo-z-czlonem-nadpradowym-b16-30ma-10-ka-typ-a-doktorvolt-dv-5046\/"},"modified":"2026-02-23T16:18:02","modified_gmt":"2026-02-23T14:18:02","slug":"wylacznik-roznicowopradowy-rcbo-z-czlonem-nadpradowym-b16-30ma-10-ka-typ-a-doktorvolt-dv-5046","status":"publish","type":"product","link":"https:\/\/doktorvolt.pl\/en\/oferta-doktorvolt\/modular-apparatus\/residual-current-devices\/residual-current-circuit-breakers-type-a\/wylacznik-roznicowopradowy-rcbo-z-czlonem-nadpradowym-b16-30ma-10-ka-typ-a-doktorvolt-dv-5046\/","title":{"rendered":"Wy\u0142\u0105cznik r\u00f3\u017cnicowopr\u0105dowy RCBO z cz\u0142onem nadpr\u0105dowym B16 30mA 10 kA typ A Doktorvolt DV-5046"},"content":{"rendered":"<p><!-- Nag\u0142\u00f3wek g\u0142\u00f3wny strony --><\/p>\n<h1 style=\"font-size: 24pt;\">\n    <!-- Tytu\u0142 strony --><br \/>\n    <span style=\"display: inline-block; width: 100%;\">Wy\u0142\u0105cznik r\u00f3\u017cnicowopr\u0105dowy z cz\u0142onem nadpr\u0105dowym B16 30mA 10 kA typ A<\/span><br \/>\n<\/h1>\n<p><!-- Kr\u00f3tki opis produktu --><\/p>\n<h4 style=\"font-size: 14pt;\">\n    <span>Wy\u0142\u0105cznik r\u00f3\u017cnicowopr\u0105dowy z zabezpieczeniem nadpr\u0105dowym to urz\u0105dzenie \u0142\u0105cz\u0105ce w sobie funkcje wy\u0142\u0105cznika r\u00f3\u017cnicowopr\u0105dowego oraz nadpr\u0105dowego. Zapewnia skuteczn\u0105 ochron\u0119 przed pora\u017ceniem pr\u0105dem oraz zabezpiecza przed przeci\u0105\u017ceniem i zwarciami. <\/span><br \/>\n<\/h4>\n<p><!-- Separator graficzny --><\/p>\n<div>\n    <img decoding=\"async\" style=\"max-width: 100%; margin-bottom: 20px; margin-top: 20px;\"\n         src=\"https:\/\/shop38554-1.yourtechnicaldomain.com\/data\/include\/cms\/1-zdjecia-produktow\/DOKTORVOLT\/DV-4995-EV\/ikonka_zielona_z_literka_D_biala.png?v=1729773346118\"\n         border=\"0\" width=\"1900\" height=\"30\">\n<\/div>\n<p><!-- G\u0142\u00f3wna sekcja z opisem i obrazem produktu --><\/p>\n<div style=\"display: flex; width: 100%; justify-content: space-between; align-items: center; flex-wrap: wrap; gap: 20px; padding: 30px;\">\n    <!-- Sekcja tekstowa z opisem produktu --><\/p>\n<div style=\"flex: auto; max-width: 550px;\">\n<h2 style=\"font-size: 16pt; padding-bottom: 10px; color: #000 !important; border-bottom: 5px solid #7dd956;\">\n            <strong>Wysoka jako\u015b\u0107 wykonania<\/strong><br \/>\n        <\/h2>\n<p style=\"font-size: 14pt; text-align: justify;\">\n            Wy\u0142\u0105cznik <strong>zapewnia kompleksow\u0105 ochron\u0119<\/strong> w instalacjach elektrycznych. Szczeg\u00f3lnie istotny w miejscach o du\u017cym ryzyku pora\u017cenia pr\u0105dem. Wy\u0142\u0105cznik o charakterystyce pracy <strong>B<\/strong> i pr\u0105dzie znamionowym <strong>16A<\/strong>. Pr\u0105d r\u00f3\u017cnicowy w wy\u0142\u0105czniku wynosi<strong> 30mA<\/strong>.\n        <\/p>\n<\/p><\/div>\n<p>    <!-- Sekcja z obrazem produktu --><\/p>\n<div style=\"flex: auto; max-width: 472px;\">\n        <img decoding=\"async\" src=\"https:\/\/preis-zone.pl\/data\/include\/cms\/1-zdjecia-produktow\/DOKTORVOLT\/DV-5046\/DV-5046_6.jpg?v=1752482990974\"\n             width=\"472\" height=\"472\" style=\"max-width: 100%; border-radius: 8px;\">\n    <\/div>\n<\/div>\n<p><!-- Separator graficzny --><\/p>\n<div>\n    <img decoding=\"async\" style=\"max-width: 100%; margin-bottom: 20px; margin-top: 20px;\"\n         src=\"https:\/\/shop38554-1.yourtechnicaldomain.com\/data\/include\/cms\/1-zdjecia-produktow\/DOKTORVOLT\/DV-4995-EV\/ikonka_zielona_z_literka_D_biala.png?v=1729773346118\"\n         border=\"0\" width=\"1900\" height=\"30\">\n<\/div>\n<p><!-- Sekcja video i specyfikacja techniczna --><\/p>\n<div style=\"display: flex; width: 100%; flex-wrap: wrap; justify-content: space-around;\">\n    <!-- Sekcja z video --><\/p>\n<div style=\"flex: auto; max-width: 472px;\">\n<video style=\"max-width=100%; margin-top: 10px; padding-top: 10px;\" width=\"500\" height=\"400\" src=\"https:\/\/preis-zone.pl\/data\/include\/cms\/1-zdjecia-produktow\/DOKTORVOLT\/DV-5046\/5046.mp4?v=1752482990975\" type=\"video\/mp4\" controls autoplay muted loop controlsList=\"nodownload\"><\/video>\n<\/div>\n<p>    <!-- Specyfikacja techniczna produktu --><\/p>\n<div style=\"display: flex; flex-direction: column; justify-content: center; align-items: left; padding-left: 50px; padding-right: 50px; padding-top: 30px; max-width: 500px; font-size: 14pt;\">\n<h2 style=\"font-size: 16pt; color: #000 !important; padding-bottom: 10px; border-bottom: 5px solid #7dd956;\">\n            <strong>Specyfikacja Techniczna<\/strong><br \/>\n        <\/h2>\n<p style=\"margin: 5px;\"><strong>Pr\u0105d znamionowy:<\/strong> 16A<\/p>\n<p style=\"margin: 5px;\"><strong>Ilo\u015b\u0107 modu\u0142\u00f3w:<\/strong> 2P<\/p>\n<p style=\"margin: 5px;\"><strong>Typ:<\/strong> A<\/p>\n<p style=\"margin: 5px;\"><strong>Znamionowa zwarciowa zdolno\u015b\u0107 \u0142\u0105czeniowa [kA]:<\/strong> 10kA<\/p>\n<p style=\"margin: 5px;\"><strong>Cz\u0119stotliwo\u015b\u0107 pracy:<\/strong> 50\/60Hz<\/p>\n<p style=\"margin: 5px;\"><strong>Pr\u0105d r\u00f3\u017cnicowy:<\/strong> 30mA <\/p>\n<\/p><\/div>\n<\/div>\n","protected":false},"excerpt":{"rendered":"<p>Wy\u0142\u0105cznik r\u00f3\u017cnicowopr\u0105dowy z zabezpieczeniem nadpr\u0105dowym to urz\u0105dzenie \u0142\u0105cz\u0105ce w sobie funkcje wy\u0142\u0105cznika r\u00f3\u017cnicowopr\u0105dowego oraz nadpr\u0105dowego. Zapewnia skuteczn\u0105 ochron\u0119 przed pora\u017ceniem pr\u0105dem oraz zabezpiecza przed przeci\u0105\u017ceniem i zwarciami.<\/p>\n","protected":false},"featured_media":96999,"template":"","meta":[],"product_brand":[],"product_cat":[5087],"product_tag":[],"class_list":{"0":"post-110598","1":"product","2":"type-product","3":"status-publish","4":"has-post-thumbnail","6":"product_cat-residual-current-circuit-breakers-type-a","7":"pa_liczba-biegunow-2p","8":"pa_prad-znamionowy-16a","10":"first","11":"instock","12":"shipping-taxable","13":"product-type-external"},"yoast_head":"<!-- This site is optimized with the Yoast SEO plugin v27.0 - https:\/\/yoast.com\/product\/yoast-seo-wordpress\/ -->\n<title>Wy\u0142\u0105cznik r\u00f3\u017cnicowopr\u0105dowy RCBO z cz\u0142onem nadpr\u0105dowym B16 30mA 10 kA typ A Doktorvolt DV-5046 - DOKTORVOLT\u00ae<\/title>\n<meta name=\"robots\" content=\"index, follow, max-snippet:-1, max-image-preview:large, max-video-preview:-1\" \/>\n<link rel=\"canonical\" href=\"https:\/\/doktorvolt.pl\/oferta-doktorvolt\/aparatura-modulowa\/wylaczniki-roznicowopradowe\/roznicowopradowe-typ-a\/wylacznik-roznicowopradowy-rcbo-z-czlonem-nadpradowym-b16-30ma-10-ka-typ-a-doktorvolt-dv-5046\/\" \/>\n<meta property=\"og:locale\" content=\"en_US\" \/>\n<meta property=\"og:type\" content=\"article\" \/>\n<meta property=\"og:title\" content=\"Wy\u0142\u0105cznik r\u00f3\u017cnicowopr\u0105dowy RCBO z cz\u0142onem nadpr\u0105dowym B16 30mA 10 kA typ A Doktorvolt DV-5046 - DOKTORVOLT\u00ae\" \/>\n<meta property=\"og:description\" content=\"Wy\u0142\u0105cznik r\u00f3\u017cnicowopr\u0105dowy z zabezpieczeniem nadpr\u0105dowym to urz\u0105dzenie \u0142\u0105cz\u0105ce w sobie funkcje wy\u0142\u0105cznika r\u00f3\u017cnicowopr\u0105dowego oraz nadpr\u0105dowego. Zapewnia skuteczn\u0105 ochron\u0119 przed pora\u017ceniem pr\u0105dem oraz zabezpiecza przed przeci\u0105\u017ceniem i zwarciami.\" \/>\n<meta property=\"og:url\" content=\"https:\/\/doktorvolt.pl\/oferta-doktorvolt\/aparatura-modulowa\/wylaczniki-roznicowopradowe\/roznicowopradowe-typ-a\/wylacznik-roznicowopradowy-rcbo-z-czlonem-nadpradowym-b16-30ma-10-ka-typ-a-doktorvolt-dv-5046\/\" \/>\n<meta property=\"og:site_name\" content=\"DOKTORVOLT\u00ae\" \/>\n<meta property=\"og:image\" content=\"https:\/\/doktorvolt.pl\/wp-content\/uploads\/2026\/02\/pol_pl_Wylacznik-roznicowopradowy-RCBO-z-czlonem-nadpradowym-B16-30mA-10-kA-typ-A-Doktorvolt-DV-5046-20278_5.jpg\" \/>\n\t<meta property=\"og:image:width\" content=\"1600\" \/>\n\t<meta property=\"og:image:height\" content=\"1600\" \/>\n\t<meta property=\"og:image:type\" content=\"image\/jpeg\" \/>\n<meta name=\"twitter:card\" content=\"summary_large_image\" \/>\n<meta name=\"twitter:label1\" content=\"Est. reading time\" \/>\n\t<meta name=\"twitter:data1\" content=\"1 minute\" \/>\n<script type=\"application\/ld+json\" class=\"yoast-schema-graph\">{\"@context\":\"https:\/\/schema.org\",\"@graph\":[{\"@type\":\"WebPage\",\"@id\":\"https:\/\/doktorvolt.pl\/oferta-doktorvolt\/aparatura-modulowa\/wylaczniki-roznicowopradowe\/roznicowopradowe-typ-a\/wylacznik-roznicowopradowy-rcbo-z-czlonem-nadpradowym-b16-30ma-10-ka-typ-a-doktorvolt-dv-5046\/\",\"url\":\"https:\/\/doktorvolt.pl\/oferta-doktorvolt\/aparatura-modulowa\/wylaczniki-roznicowopradowe\/roznicowopradowe-typ-a\/wylacznik-roznicowopradowy-rcbo-z-czlonem-nadpradowym-b16-30ma-10-ka-typ-a-doktorvolt-dv-5046\/\",\"name\":\"Wy\u0142\u0105cznik r\u00f3\u017cnicowopr\u0105dowy RCBO z cz\u0142onem nadpr\u0105dowym B16 30mA 10 kA typ A Doktorvolt DV-5046 - DOKTORVOLT\u00ae\",\"isPartOf\":{\"@id\":\"https:\/\/doktorvolt.pl\/de\/#website\"},\"primaryImageOfPage\":{\"@id\":\"https:\/\/doktorvolt.pl\/oferta-doktorvolt\/aparatura-modulowa\/wylaczniki-roznicowopradowe\/roznicowopradowe-typ-a\/wylacznik-roznicowopradowy-rcbo-z-czlonem-nadpradowym-b16-30ma-10-ka-typ-a-doktorvolt-dv-5046\/#primaryimage\"},\"image\":{\"@id\":\"https:\/\/doktorvolt.pl\/oferta-doktorvolt\/aparatura-modulowa\/wylaczniki-roznicowopradowe\/roznicowopradowe-typ-a\/wylacznik-roznicowopradowy-rcbo-z-czlonem-nadpradowym-b16-30ma-10-ka-typ-a-doktorvolt-dv-5046\/#primaryimage\"},\"thumbnailUrl\":\"https:\/\/doktorvolt.pl\/wp-content\/uploads\/2026\/02\/pol_pl_Wylacznik-roznicowopradowy-RCBO-z-czlonem-nadpradowym-B16-30mA-10-kA-typ-A-Doktorvolt-DV-5046-20278_5.jpg\",\"datePublished\":\"2026-02-23T14:18:02+00:00\",\"breadcrumb\":{\"@id\":\"https:\/\/doktorvolt.pl\/oferta-doktorvolt\/aparatura-modulowa\/wylaczniki-roznicowopradowe\/roznicowopradowe-typ-a\/wylacznik-roznicowopradowy-rcbo-z-czlonem-nadpradowym-b16-30ma-10-ka-typ-a-doktorvolt-dv-5046\/#breadcrumb\"},\"inLanguage\":\"en-US\",\"potentialAction\":[{\"@type\":\"ReadAction\",\"target\":[\"https:\/\/doktorvolt.pl\/oferta-doktorvolt\/aparatura-modulowa\/wylaczniki-roznicowopradowe\/roznicowopradowe-typ-a\/wylacznik-roznicowopradowy-rcbo-z-czlonem-nadpradowym-b16-30ma-10-ka-typ-a-doktorvolt-dv-5046\/\"]}]},{\"@type\":\"ImageObject\",\"inLanguage\":\"en-US\",\"@id\":\"https:\/\/doktorvolt.pl\/oferta-doktorvolt\/aparatura-modulowa\/wylaczniki-roznicowopradowe\/roznicowopradowe-typ-a\/wylacznik-roznicowopradowy-rcbo-z-czlonem-nadpradowym-b16-30ma-10-ka-typ-a-doktorvolt-dv-5046\/#primaryimage\",\"url\":\"https:\/\/doktorvolt.pl\/wp-content\/uploads\/2026\/02\/pol_pl_Wylacznik-roznicowopradowy-RCBO-z-czlonem-nadpradowym-B16-30mA-10-kA-typ-A-Doktorvolt-DV-5046-20278_5.jpg\",\"contentUrl\":\"https:\/\/doktorvolt.pl\/wp-content\/uploads\/2026\/02\/pol_pl_Wylacznik-roznicowopradowy-RCBO-z-czlonem-nadpradowym-B16-30mA-10-kA-typ-A-Doktorvolt-DV-5046-20278_5.jpg\",\"width\":1600,\"height\":1600},{\"@type\":\"BreadcrumbList\",\"@id\":\"https:\/\/doktorvolt.pl\/oferta-doktorvolt\/aparatura-modulowa\/wylaczniki-roznicowopradowe\/roznicowopradowe-typ-a\/wylacznik-roznicowopradowy-rcbo-z-czlonem-nadpradowym-b16-30ma-10-ka-typ-a-doktorvolt-dv-5046\/#breadcrumb\",\"itemListElement\":[{\"@type\":\"ListItem\",\"position\":1,\"name\":\"Strona g\u0142\u00f3wna\",\"item\":\"https:\/\/doktorvolt.pl\/en\/\"},{\"@type\":\"ListItem\",\"position\":2,\"name\":\"Offer Doktorvolt\",\"item\":\"https:\/\/doktorvolt.pl\/en\/offer-doktorvolt\/\"},{\"@type\":\"ListItem\",\"position\":3,\"name\":\"Wy\u0142\u0105cznik r\u00f3\u017cnicowopr\u0105dowy RCBO z cz\u0142onem nadpr\u0105dowym B16 30mA 10 kA typ A Doktorvolt DV-5046\"}]},{\"@type\":\"WebSite\",\"@id\":\"https:\/\/doktorvolt.pl\/de\/#website\",\"url\":\"https:\/\/doktorvolt.pl\/de\/\",\"name\":\"DOKTORVOLT\u00ae\",\"description\":\"Producent rozdzielnic budowlanych\",\"publisher\":{\"@id\":\"https:\/\/doktorvolt.pl\/de\/#organization\"},\"potentialAction\":[{\"@type\":\"SearchAction\",\"target\":{\"@type\":\"EntryPoint\",\"urlTemplate\":\"https:\/\/doktorvolt.pl\/de\/?s={search_term_string}\"},\"query-input\":{\"@type\":\"PropertyValueSpecification\",\"valueRequired\":true,\"valueName\":\"search_term_string\"}}],\"inLanguage\":\"en-US\"},{\"@type\":\"Organization\",\"@id\":\"https:\/\/doktorvolt.pl\/de\/#organization\",\"name\":\"DOKTORVOLT\u00ae\",\"url\":\"https:\/\/doktorvolt.pl\/de\/\",\"logo\":{\"@type\":\"ImageObject\",\"inLanguage\":\"en-US\",\"@id\":\"https:\/\/doktorvolt.pl\/de\/#\/schema\/logo\/image\/\",\"url\":\"https:\/\/doktorvolt.pl\/wp-content\/uploads\/2023\/10\/DoktorVOLT-black-png.png\",\"contentUrl\":\"https:\/\/doktorvolt.pl\/wp-content\/uploads\/2023\/10\/DoktorVOLT-black-png.png\",\"width\":729,\"height\":40,\"caption\":\"DOKTORVOLT\u00ae\"},\"image\":{\"@id\":\"https:\/\/doktorvolt.pl\/de\/#\/schema\/logo\/image\/\"}}]}<\/script>\n<!-- \/ Yoast SEO plugin. -->","yoast_head_json":{"title":"Wy\u0142\u0105cznik r\u00f3\u017cnicowopr\u0105dowy RCBO z cz\u0142onem nadpr\u0105dowym B16 30mA 10 kA typ A Doktorvolt DV-5046 - DOKTORVOLT\u00ae","robots":{"index":"index","follow":"follow","max-snippet":"max-snippet:-1","max-image-preview":"max-image-preview:large","max-video-preview":"max-video-preview:-1"},"canonical":"https:\/\/doktorvolt.pl\/oferta-doktorvolt\/aparatura-modulowa\/wylaczniki-roznicowopradowe\/roznicowopradowe-typ-a\/wylacznik-roznicowopradowy-rcbo-z-czlonem-nadpradowym-b16-30ma-10-ka-typ-a-doktorvolt-dv-5046\/","og_locale":"en_US","og_type":"article","og_title":"Wy\u0142\u0105cznik r\u00f3\u017cnicowopr\u0105dowy RCBO z cz\u0142onem nadpr\u0105dowym B16 30mA 10 kA typ A Doktorvolt DV-5046 - DOKTORVOLT\u00ae","og_description":"Wy\u0142\u0105cznik r\u00f3\u017cnicowopr\u0105dowy z zabezpieczeniem nadpr\u0105dowym to urz\u0105dzenie \u0142\u0105cz\u0105ce w sobie funkcje wy\u0142\u0105cznika r\u00f3\u017cnicowopr\u0105dowego oraz nadpr\u0105dowego. Zapewnia skuteczn\u0105 ochron\u0119 przed pora\u017ceniem pr\u0105dem oraz zabezpiecza przed przeci\u0105\u017ceniem i zwarciami.","og_url":"https:\/\/doktorvolt.pl\/oferta-doktorvolt\/aparatura-modulowa\/wylaczniki-roznicowopradowe\/roznicowopradowe-typ-a\/wylacznik-roznicowopradowy-rcbo-z-czlonem-nadpradowym-b16-30ma-10-ka-typ-a-doktorvolt-dv-5046\/","og_site_name":"DOKTORVOLT\u00ae","og_image":[{"width":1600,"height":1600,"url":"https:\/\/doktorvolt.pl\/wp-content\/uploads\/2026\/02\/pol_pl_Wylacznik-roznicowopradowy-RCBO-z-czlonem-nadpradowym-B16-30mA-10-kA-typ-A-Doktorvolt-DV-5046-20278_5.jpg","type":"image\/jpeg"}],"twitter_card":"summary_large_image","twitter_misc":{"Est. reading time":"1 minute"},"schema":{"@context":"https:\/\/schema.org","@graph":[{"@type":"WebPage","@id":"https:\/\/doktorvolt.pl\/oferta-doktorvolt\/aparatura-modulowa\/wylaczniki-roznicowopradowe\/roznicowopradowe-typ-a\/wylacznik-roznicowopradowy-rcbo-z-czlonem-nadpradowym-b16-30ma-10-ka-typ-a-doktorvolt-dv-5046\/","url":"https:\/\/doktorvolt.pl\/oferta-doktorvolt\/aparatura-modulowa\/wylaczniki-roznicowopradowe\/roznicowopradowe-typ-a\/wylacznik-roznicowopradowy-rcbo-z-czlonem-nadpradowym-b16-30ma-10-ka-typ-a-doktorvolt-dv-5046\/","name":"Wy\u0142\u0105cznik r\u00f3\u017cnicowopr\u0105dowy RCBO z cz\u0142onem nadpr\u0105dowym B16 30mA 10 kA typ A Doktorvolt DV-5046 - DOKTORVOLT\u00ae","isPartOf":{"@id":"https:\/\/doktorvolt.pl\/de\/#website"},"primaryImageOfPage":{"@id":"https:\/\/doktorvolt.pl\/oferta-doktorvolt\/aparatura-modulowa\/wylaczniki-roznicowopradowe\/roznicowopradowe-typ-a\/wylacznik-roznicowopradowy-rcbo-z-czlonem-nadpradowym-b16-30ma-10-ka-typ-a-doktorvolt-dv-5046\/#primaryimage"},"image":{"@id":"https:\/\/doktorvolt.pl\/oferta-doktorvolt\/aparatura-modulowa\/wylaczniki-roznicowopradowe\/roznicowopradowe-typ-a\/wylacznik-roznicowopradowy-rcbo-z-czlonem-nadpradowym-b16-30ma-10-ka-typ-a-doktorvolt-dv-5046\/#primaryimage"},"thumbnailUrl":"https:\/\/doktorvolt.pl\/wp-content\/uploads\/2026\/02\/pol_pl_Wylacznik-roznicowopradowy-RCBO-z-czlonem-nadpradowym-B16-30mA-10-kA-typ-A-Doktorvolt-DV-5046-20278_5.jpg","datePublished":"2026-02-23T14:18:02+00:00","breadcrumb":{"@id":"https:\/\/doktorvolt.pl\/oferta-doktorvolt\/aparatura-modulowa\/wylaczniki-roznicowopradowe\/roznicowopradowe-typ-a\/wylacznik-roznicowopradowy-rcbo-z-czlonem-nadpradowym-b16-30ma-10-ka-typ-a-doktorvolt-dv-5046\/#breadcrumb"},"inLanguage":"en-US","potentialAction":[{"@type":"ReadAction","target":["https:\/\/doktorvolt.pl\/oferta-doktorvolt\/aparatura-modulowa\/wylaczniki-roznicowopradowe\/roznicowopradowe-typ-a\/wylacznik-roznicowopradowy-rcbo-z-czlonem-nadpradowym-b16-30ma-10-ka-typ-a-doktorvolt-dv-5046\/"]}]},{"@type":"ImageObject","inLanguage":"en-US","@id":"https:\/\/doktorvolt.pl\/oferta-doktorvolt\/aparatura-modulowa\/wylaczniki-roznicowopradowe\/roznicowopradowe-typ-a\/wylacznik-roznicowopradowy-rcbo-z-czlonem-nadpradowym-b16-30ma-10-ka-typ-a-doktorvolt-dv-5046\/#primaryimage","url":"https:\/\/doktorvolt.pl\/wp-content\/uploads\/2026\/02\/pol_pl_Wylacznik-roznicowopradowy-RCBO-z-czlonem-nadpradowym-B16-30mA-10-kA-typ-A-Doktorvolt-DV-5046-20278_5.jpg","contentUrl":"https:\/\/doktorvolt.pl\/wp-content\/uploads\/2026\/02\/pol_pl_Wylacznik-roznicowopradowy-RCBO-z-czlonem-nadpradowym-B16-30mA-10-kA-typ-A-Doktorvolt-DV-5046-20278_5.jpg","width":1600,"height":1600},{"@type":"BreadcrumbList","@id":"https:\/\/doktorvolt.pl\/oferta-doktorvolt\/aparatura-modulowa\/wylaczniki-roznicowopradowe\/roznicowopradowe-typ-a\/wylacznik-roznicowopradowy-rcbo-z-czlonem-nadpradowym-b16-30ma-10-ka-typ-a-doktorvolt-dv-5046\/#breadcrumb","itemListElement":[{"@type":"ListItem","position":1,"name":"Strona g\u0142\u00f3wna","item":"https:\/\/doktorvolt.pl\/en\/"},{"@type":"ListItem","position":2,"name":"Offer Doktorvolt","item":"https:\/\/doktorvolt.pl\/en\/offer-doktorvolt\/"},{"@type":"ListItem","position":3,"name":"Wy\u0142\u0105cznik r\u00f3\u017cnicowopr\u0105dowy RCBO z cz\u0142onem nadpr\u0105dowym B16 30mA 10 kA typ A Doktorvolt DV-5046"}]},{"@type":"WebSite","@id":"https:\/\/doktorvolt.pl\/de\/#website","url":"https:\/\/doktorvolt.pl\/de\/","name":"DOKTORVOLT\u00ae","description":"Producent rozdzielnic budowlanych","publisher":{"@id":"https:\/\/doktorvolt.pl\/de\/#organization"},"potentialAction":[{"@type":"SearchAction","target":{"@type":"EntryPoint","urlTemplate":"https:\/\/doktorvolt.pl\/de\/?s={search_term_string}"},"query-input":{"@type":"PropertyValueSpecification","valueRequired":true,"valueName":"search_term_string"}}],"inLanguage":"en-US"},{"@type":"Organization","@id":"https:\/\/doktorvolt.pl\/de\/#organization","name":"DOKTORVOLT\u00ae","url":"https:\/\/doktorvolt.pl\/de\/","logo":{"@type":"ImageObject","inLanguage":"en-US","@id":"https:\/\/doktorvolt.pl\/de\/#\/schema\/logo\/image\/","url":"https:\/\/doktorvolt.pl\/wp-content\/uploads\/2023\/10\/DoktorVOLT-black-png.png","contentUrl":"https:\/\/doktorvolt.pl\/wp-content\/uploads\/2023\/10\/DoktorVOLT-black-png.png","width":729,"height":40,"caption":"DOKTORVOLT\u00ae"},"image":{"@id":"https:\/\/doktorvolt.pl\/de\/#\/schema\/logo\/image\/"}}]}},"_links":{"self":[{"href":"https:\/\/doktorvolt.pl\/en\/wp-json\/wp\/v2\/product\/110598","targetHints":{"allow":["GET"]}}],"collection":[{"href":"https:\/\/doktorvolt.pl\/en\/wp-json\/wp\/v2\/product"}],"about":[{"href":"https:\/\/doktorvolt.pl\/en\/wp-json\/wp\/v2\/types\/product"}],"wp:featuredmedia":[{"embeddable":true,"href":"https:\/\/doktorvolt.pl\/en\/wp-json\/wp\/v2\/media\/96999"}],"wp:attachment":[{"href":"https:\/\/doktorvolt.pl\/en\/wp-json\/wp\/v2\/media?parent=110598"}],"wp:term":[{"taxonomy":"product_brand","embeddable":true,"href":"https:\/\/doktorvolt.pl\/en\/wp-json\/wp\/v2\/product_brand?post=110598"},{"taxonomy":"product_cat","embeddable":true,"href":"https:\/\/doktorvolt.pl\/en\/wp-json\/wp\/v2\/product_cat?post=110598"},{"taxonomy":"product_tag","embeddable":true,"href":"https:\/\/doktorvolt.pl\/en\/wp-json\/wp\/v2\/product_tag?post=110598"}],"curies":[{"name":"wp","href":"https:\/\/api.w.org\/{rel}","templated":true}]}}