{"id":110613,"date":"2026-02-23T16:14:38","date_gmt":"2026-02-23T14:14:38","guid":{"rendered":"https:\/\/doktorvolt.pl\/sklep\/uncategorized\/kastra-budowlana-prostokatna-60l-czarna-z-regranulatu-pp-pe-pojemnik-na-zaprawe-beton-klej-odporna-wiadro-pojemnik-donica-kalfas\/"},"modified":"2026-02-23T16:14:38","modified_gmt":"2026-02-23T14:14:38","slug":"kastra-budowlana-prostokatna-60l-czarna-z-regranulatu-pp-pe-pojemnik-na-zaprawe-beton-klej-odporna-wiadro-pojemnik-donica-kalfas","status":"publish","type":"product","link":"https:\/\/doktorvolt.pl\/en\/oferta-doktorvolt\/accessories\/construction-renovation-tools\/buckets-and-mortar-tubs\/kastra-budowlana-prostokatna-60l-czarna-z-regranulatu-pp-pe-pojemnik-na-zaprawe-beton-klej-odporna-wiadro-pojemnik-donica-kalfas\/","title":{"rendered":"Kastra budowlana prostok\u0105tna 60L czarna z regranulatu PP\/PE pojemnik na zapraw\u0119 beton klej odporna wiadro pojemnik donica kalfas"},"content":{"rendered":"<p><!-- Nag\u0142\u00f3wek g\u0142\u00f3wny strony --><\/p>\n<h1 style=\"font-size: 24pt; text-align: center\">\n    <!-- Tytu\u0142 strony --><br \/>\n    <span style=\"display: inline-block; width: 100%;\">Kastra budowlana prostok\u0105tna 60L czarna z regranulatu PP\/PE pojemnik na zapraw\u0119 beton klej odporna wiadro pojemnik donica kalfas<\/span><br \/>\n<\/h1>\n<p><!-- Kr\u00f3tki opis produktu --><\/p>\n<h4 style=\"font-size: 14pt; text-align: center\">\n    <span>Czarna kastra 60l z PP\/PE z recyklingu \u2013 wyj\u0105tkowo odporna na uderzenia i \u015bcieranie. Doskona\u0142a do zapraw, betonu i klej\u00f3w. Niezast\u0105pione wyposa\u017cenie na ka\u017cdej budowie i przy pracach remontowych, r\u0119cznych i mechanicznych.<\/span><br \/>\n<\/h4>\n<p><!-- Dekoracyjny przerywnik \u2014 nie modyfikuj --><\/p>\n<div>\n    <img decoding=\"async\" style=\"max-width: 100%; margin-bottom: 20px; margin-top: 20px;\"\n         src=\"https:\/\/shop38554-1.yourtechnicaldomain.com\/data\/include\/cms\/1-zdjecia-produktow\/DOKTORVOLT\/DV-4995-EV\/ikonka_zielona_z_literka_D_biala.png?v=1729773346118\"\n         border=\"0\" width=\"1900\" height=\"30\">\n<\/div>\n<p><!-- GPT: Pierwsza sekcja tre\u015bci. Wype\u0142nij tylko {{Podtytul1}} oraz {{Podopis1}}. Nie zmieniaj uk\u0142adu, nie modyfikuj obrazka. --><\/p>\n<div style=\"display: flex; width: 100%; justify-content: space-between; align-items: center; flex-wrap: wrap; gap: 20px; padding: 30px;\">\n    <!-- Sekcja tekstowa z opisem produktu --><\/p>\n<div style=\"flex: 3; max-width: 550px;\">\n<h2 style=\"font-size: 16pt; padding-bottom: 10px; color: #000 !important; border-bottom: 5px solid #7dd956;\">\n            <strong>Wytrzyma\u0142a i funkcjonalna<\/strong><br \/>\n        <\/h2>\n<p style=\"font-size: 14pt; text-align: justify;\">\n            Kastra budowlana wykonana z czarnego regranulatu PP\/PE. Charakteryzuje si\u0119 wysok\u0105 odporno\u015bci\u0105 na uszkodzenia mechaniczne. Przeznaczona do mieszania i transportu zapraw, zar\u00f3wno suchych, jak i mokrych.\n        <\/p>\n<\/p><\/div>\n<p>    <!-- Sekcja z obrazem produktu --><\/p>\n<div style=\"flex: 2; max-width: 472px;\">\n        <img decoding=\"async\" src=\"https:\/\/preis-zone.com\/hpeciai\/6d8a7e52173383b042ee214c2e5b745a\/20007_1.jpg?98300\"\n             width=\"472\" height=\"472\" style=\"max-width: 100%; border-radius: 8px;\">\n    <\/div>\n<\/div>\n<p><!-- Dekoracyjny przerywnik \u2014 nie modyfikuj --><\/p>\n<div>\n    <img decoding=\"async\" style=\"max-width: 100%; margin-bottom: 20px; margin-top: 20px;\"\n         src=\"https:\/\/shop38554-1.yourtechnicaldomain.com\/data\/include\/cms\/1-zdjecia-produktow\/DOKTORVOLT\/DV-4995-EV\/ikonka_zielona_z_literka_D_biala.png?v=1729773346118\"\n         border=\"0\" width=\"1900\" height=\"30\">\n<\/div>\n<p><!-- Sekcja video i specyfikacja techniczna --><\/p>\n<div style=\"display: flex; width: 100%; flex-wrap: wrap; justify-content: space-around;\">\n    <!-- Sekcja z video --><\/p>\n<div style=\"flex: 2; max-width: 472px;\">\n        <img decoding=\"async\" src=\"https:\/\/preis-zone.com\/hpeciai\/0ea47e5791ed75187a609e26b8be9fae\/20007_6.jpg?40969\"\n             width=\"472\" height=\"472\" style=\"max-width: 100%; border-radius: 8px;\">\n    <\/div>\n<p>    <!-- GPT: BLOK SPECYFIKACJI. Wype\u0142nij ten blok dynamiczn\u0105 list\u0105 parametr\u00f3w technicznych w formacie \n\n<p><strong>Nazwa:<\/strong> Warto\u015b\u0107<\/p>\n\n. Nie zmieniaj struktury nadrz\u0119dnego \n\n<div>, nie modyfikuj tytu\u0142u ani styl\u00f3w. Nie dodawaj nic poza \n\n<p>. --><\/p>\n<div style=\"display: flex; flex-direction: column; justify-content: center; align-items: left; padding-left: 50px; padding-right: 50px; padding-top: 30px; max-width: 500px; font-size: 14pt;\">\n<h2 style=\"font-size: 16pt; color: #000 !important; padding-bottom: 10px; border-bottom: 5px solid #7dd956;\">\n            <strong>Specyfikacja Techniczna<\/strong><br \/>\n        <\/h2>\n<p style=\"margin: 5px;\"><strong>SKU:<\/strong> DV-5619<\/p>\n<p style=\"margin: 5px;\"><strong>EAN:<\/strong> 5905191015619<\/p>\n<p style=\"margin: 5px;\"><strong>Materia\u0142:<\/strong> Regranulat polipropylenu (PP) \/ polietylenu (PE)<\/p>\n<p style=\"margin: 5px;\"><strong>Kolor:<\/strong> Czarny (z surowc\u00f3w wt\u00f3rnych)<\/p>\n<p style=\"margin: 5px;\"><strong>Pojemno\u015b\u0107:<\/strong> 60 litr\u00f3w<\/p>\n<p style=\"margin: 5px;\"><strong>Wymiary:<\/strong> 40 cm (Szeroko\u015b\u0107) x 29 cm (Wysoko\u015b\u0107) x 70 cm (D\u0142ugo\u015b\u0107)<\/p>\n<p style=\"margin: 5px;\"><strong>Odporno\u015b\u0107 mechaniczna:<\/strong> Wysoka (odporna na uderzenia i przetarcia)<\/p>\n<p style=\"margin: 5px;\"><strong>Przeznaczenie:<\/strong> Mieszanie i transport zapraw suchych i mokrych<\/p>\n<p style=\"margin: 5px;\"><strong>Typ mieszania:<\/strong> R\u0119czny i mechaniczny<\/p>\n<p style=\"margin: 5px;\"><strong>Konstrukcja dna:<\/strong> O\u017cebrowane dla zwi\u0119kszenia wytrzyma\u0142o\u015bci<\/p>\n<p style=\"margin: 5px;\"><strong>\u0179r\u00f3d\u0142o materia\u0142u:<\/strong> Surowce wt\u00f3rne (recykling)<\/p>\n<p style=\"margin: 5px;\"><strong>Zastosowanie:<\/strong> Prace budowlane<\/p>\n<\/p><\/div>\n<\/div>\n","protected":false},"excerpt":{"rendered":"<p>Czarna kastra 60l z PP\/PE z recyklingu \u2013 wyj\u0105tkowo odporna na uderzenia i \u015bcieranie. Doskona\u0142a do zapraw, betonu i klej\u00f3w. Niezast\u0105pione wyposa\u017cenie na ka\u017cdej budowie i przy pracach remontowych, r\u0119cznych i mechanicznych.<\/p>\n","protected":false},"featured_media":106317,"template":"","meta":[],"product_brand":[],"product_cat":[5101],"product_tag":[],"class_list":{"0":"post-110613","1":"product","2":"type-product","3":"status-publish","4":"has-post-thumbnail","6":"product_cat-buckets-and-mortar-tubs","7":"pa_pojemnosc-l-60l","9":"first","10":"instock","11":"shipping-taxable","12":"product-type-external"},"yoast_head":"<!-- This site is optimized with the Yoast SEO plugin v27.0 - https:\/\/yoast.com\/product\/yoast-seo-wordpress\/ -->\n<title>Kastra budowlana prostok\u0105tna 60L czarna z regranulatu PP\/PE pojemnik na zapraw\u0119 beton klej odporna wiadro pojemnik donica kalfas - DOKTORVOLT\u00ae<\/title>\n<meta name=\"robots\" content=\"index, follow, max-snippet:-1, max-image-preview:large, max-video-preview:-1\" \/>\n<link rel=\"canonical\" href=\"https:\/\/doktorvolt.pl\/en\/oferta-doktorvolt\/accessories\/construction-renovation-tools\/buckets-and-mortar-tubs\/kastra-budowlana-prostokatna-60l-czarna-z-regranulatu-pp-pe-pojemnik-na-zaprawe-beton-klej-odporna-wiadro-pojemnik-donica-kalfas\/\" \/>\n<meta property=\"og:locale\" content=\"en_US\" \/>\n<meta property=\"og:type\" content=\"article\" \/>\n<meta property=\"og:title\" content=\"Kastra budowlana prostok\u0105tna 60L czarna z regranulatu PP\/PE pojemnik na zapraw\u0119 beton klej odporna wiadro pojemnik donica kalfas - DOKTORVOLT\u00ae\" \/>\n<meta property=\"og:description\" content=\"Czarna kastra 60l z PP\/PE z recyklingu \u2013 wyj\u0105tkowo odporna na uderzenia i \u015bcieranie. Doskona\u0142a do zapraw, betonu i klej\u00f3w. Niezast\u0105pione wyposa\u017cenie na ka\u017cdej budowie i przy pracach remontowych, r\u0119cznych i mechanicznych.\" \/>\n<meta property=\"og:url\" content=\"https:\/\/doktorvolt.pl\/en\/oferta-doktorvolt\/accessories\/construction-renovation-tools\/buckets-and-mortar-tubs\/kastra-budowlana-prostokatna-60l-czarna-z-regranulatu-pp-pe-pojemnik-na-zaprawe-beton-klej-odporna-wiadro-pojemnik-donica-kalfas\/\" \/>\n<meta property=\"og:site_name\" content=\"DOKTORVOLT\u00ae\" \/>\n<meta property=\"og:image\" content=\"https:\/\/doktorvolt.pl\/wp-content\/uploads\/2026\/02\/pol_pl_20007-20007_1.jpg\" \/>\n\t<meta property=\"og:image:width\" content=\"1600\" \/>\n\t<meta property=\"og:image:height\" content=\"1600\" \/>\n\t<meta property=\"og:image:type\" content=\"image\/jpeg\" \/>\n<meta name=\"twitter:card\" content=\"summary_large_image\" \/>\n<meta name=\"twitter:label1\" content=\"Est. reading time\" \/>\n\t<meta name=\"twitter:data1\" content=\"1 minute\" \/>\n<script type=\"application\/ld+json\" class=\"yoast-schema-graph\">{\"@context\":\"https:\/\/schema.org\",\"@graph\":[{\"@type\":\"WebPage\",\"@id\":\"https:\/\/doktorvolt.pl\/en\/oferta-doktorvolt\/accessories\/construction-renovation-tools\/buckets-and-mortar-tubs\/kastra-budowlana-prostokatna-60l-czarna-z-regranulatu-pp-pe-pojemnik-na-zaprawe-beton-klej-odporna-wiadro-pojemnik-donica-kalfas\/\",\"url\":\"https:\/\/doktorvolt.pl\/en\/oferta-doktorvolt\/accessories\/construction-renovation-tools\/buckets-and-mortar-tubs\/kastra-budowlana-prostokatna-60l-czarna-z-regranulatu-pp-pe-pojemnik-na-zaprawe-beton-klej-odporna-wiadro-pojemnik-donica-kalfas\/\",\"name\":\"Kastra budowlana prostok\u0105tna 60L czarna z regranulatu PP\/PE pojemnik na zapraw\u0119 beton klej odporna wiadro pojemnik donica kalfas - DOKTORVOLT\u00ae\",\"isPartOf\":{\"@id\":\"https:\/\/doktorvolt.pl\/de\/#website\"},\"primaryImageOfPage\":{\"@id\":\"https:\/\/doktorvolt.pl\/en\/oferta-doktorvolt\/accessories\/construction-renovation-tools\/buckets-and-mortar-tubs\/kastra-budowlana-prostokatna-60l-czarna-z-regranulatu-pp-pe-pojemnik-na-zaprawe-beton-klej-odporna-wiadro-pojemnik-donica-kalfas\/#primaryimage\"},\"image\":{\"@id\":\"https:\/\/doktorvolt.pl\/en\/oferta-doktorvolt\/accessories\/construction-renovation-tools\/buckets-and-mortar-tubs\/kastra-budowlana-prostokatna-60l-czarna-z-regranulatu-pp-pe-pojemnik-na-zaprawe-beton-klej-odporna-wiadro-pojemnik-donica-kalfas\/#primaryimage\"},\"thumbnailUrl\":\"https:\/\/doktorvolt.pl\/wp-content\/uploads\/2026\/02\/pol_pl_20007-20007_1.jpg\",\"datePublished\":\"2026-02-23T14:14:38+00:00\",\"breadcrumb\":{\"@id\":\"https:\/\/doktorvolt.pl\/en\/oferta-doktorvolt\/accessories\/construction-renovation-tools\/buckets-and-mortar-tubs\/kastra-budowlana-prostokatna-60l-czarna-z-regranulatu-pp-pe-pojemnik-na-zaprawe-beton-klej-odporna-wiadro-pojemnik-donica-kalfas\/#breadcrumb\"},\"inLanguage\":\"en-US\",\"potentialAction\":[{\"@type\":\"ReadAction\",\"target\":[\"https:\/\/doktorvolt.pl\/en\/oferta-doktorvolt\/accessories\/construction-renovation-tools\/buckets-and-mortar-tubs\/kastra-budowlana-prostokatna-60l-czarna-z-regranulatu-pp-pe-pojemnik-na-zaprawe-beton-klej-odporna-wiadro-pojemnik-donica-kalfas\/\"]}]},{\"@type\":\"ImageObject\",\"inLanguage\":\"en-US\",\"@id\":\"https:\/\/doktorvolt.pl\/en\/oferta-doktorvolt\/accessories\/construction-renovation-tools\/buckets-and-mortar-tubs\/kastra-budowlana-prostokatna-60l-czarna-z-regranulatu-pp-pe-pojemnik-na-zaprawe-beton-klej-odporna-wiadro-pojemnik-donica-kalfas\/#primaryimage\",\"url\":\"https:\/\/doktorvolt.pl\/wp-content\/uploads\/2026\/02\/pol_pl_20007-20007_1.jpg\",\"contentUrl\":\"https:\/\/doktorvolt.pl\/wp-content\/uploads\/2026\/02\/pol_pl_20007-20007_1.jpg\",\"width\":1600,\"height\":1600},{\"@type\":\"BreadcrumbList\",\"@id\":\"https:\/\/doktorvolt.pl\/en\/oferta-doktorvolt\/accessories\/construction-renovation-tools\/buckets-and-mortar-tubs\/kastra-budowlana-prostokatna-60l-czarna-z-regranulatu-pp-pe-pojemnik-na-zaprawe-beton-klej-odporna-wiadro-pojemnik-donica-kalfas\/#breadcrumb\",\"itemListElement\":[{\"@type\":\"ListItem\",\"position\":1,\"name\":\"Strona g\u0142\u00f3wna\",\"item\":\"https:\/\/doktorvolt.pl\/en\/\"},{\"@type\":\"ListItem\",\"position\":2,\"name\":\"Offer Doktorvolt\",\"item\":\"https:\/\/doktorvolt.pl\/en\/offer-doktorvolt\/\"},{\"@type\":\"ListItem\",\"position\":3,\"name\":\"Kastra budowlana prostok\u0105tna 60L czarna z regranulatu PP\/PE pojemnik na zapraw\u0119 beton klej odporna wiadro pojemnik donica kalfas\"}]},{\"@type\":\"WebSite\",\"@id\":\"https:\/\/doktorvolt.pl\/de\/#website\",\"url\":\"https:\/\/doktorvolt.pl\/de\/\",\"name\":\"DOKTORVOLT\u00ae\",\"description\":\"Producent rozdzielnic budowlanych\",\"publisher\":{\"@id\":\"https:\/\/doktorvolt.pl\/de\/#organization\"},\"potentialAction\":[{\"@type\":\"SearchAction\",\"target\":{\"@type\":\"EntryPoint\",\"urlTemplate\":\"https:\/\/doktorvolt.pl\/de\/?s={search_term_string}\"},\"query-input\":{\"@type\":\"PropertyValueSpecification\",\"valueRequired\":true,\"valueName\":\"search_term_string\"}}],\"inLanguage\":\"en-US\"},{\"@type\":\"Organization\",\"@id\":\"https:\/\/doktorvolt.pl\/de\/#organization\",\"name\":\"DOKTORVOLT\u00ae\",\"url\":\"https:\/\/doktorvolt.pl\/de\/\",\"logo\":{\"@type\":\"ImageObject\",\"inLanguage\":\"en-US\",\"@id\":\"https:\/\/doktorvolt.pl\/de\/#\/schema\/logo\/image\/\",\"url\":\"https:\/\/doktorvolt.pl\/wp-content\/uploads\/2023\/10\/DoktorVOLT-black-png.png\",\"contentUrl\":\"https:\/\/doktorvolt.pl\/wp-content\/uploads\/2023\/10\/DoktorVOLT-black-png.png\",\"width\":729,\"height\":40,\"caption\":\"DOKTORVOLT\u00ae\"},\"image\":{\"@id\":\"https:\/\/doktorvolt.pl\/de\/#\/schema\/logo\/image\/\"}}]}<\/script>\n<!-- \/ Yoast SEO plugin. -->","yoast_head_json":{"title":"Kastra budowlana prostok\u0105tna 60L czarna z regranulatu PP\/PE pojemnik na zapraw\u0119 beton klej odporna wiadro pojemnik donica kalfas - DOKTORVOLT\u00ae","robots":{"index":"index","follow":"follow","max-snippet":"max-snippet:-1","max-image-preview":"max-image-preview:large","max-video-preview":"max-video-preview:-1"},"canonical":"https:\/\/doktorvolt.pl\/en\/oferta-doktorvolt\/accessories\/construction-renovation-tools\/buckets-and-mortar-tubs\/kastra-budowlana-prostokatna-60l-czarna-z-regranulatu-pp-pe-pojemnik-na-zaprawe-beton-klej-odporna-wiadro-pojemnik-donica-kalfas\/","og_locale":"en_US","og_type":"article","og_title":"Kastra budowlana prostok\u0105tna 60L czarna z regranulatu PP\/PE pojemnik na zapraw\u0119 beton klej odporna wiadro pojemnik donica kalfas - DOKTORVOLT\u00ae","og_description":"Czarna kastra 60l z PP\/PE z recyklingu \u2013 wyj\u0105tkowo odporna na uderzenia i \u015bcieranie. Doskona\u0142a do zapraw, betonu i klej\u00f3w. Niezast\u0105pione wyposa\u017cenie na ka\u017cdej budowie i przy pracach remontowych, r\u0119cznych i mechanicznych.","og_url":"https:\/\/doktorvolt.pl\/en\/oferta-doktorvolt\/accessories\/construction-renovation-tools\/buckets-and-mortar-tubs\/kastra-budowlana-prostokatna-60l-czarna-z-regranulatu-pp-pe-pojemnik-na-zaprawe-beton-klej-odporna-wiadro-pojemnik-donica-kalfas\/","og_site_name":"DOKTORVOLT\u00ae","og_image":[{"width":1600,"height":1600,"url":"https:\/\/doktorvolt.pl\/wp-content\/uploads\/2026\/02\/pol_pl_20007-20007_1.jpg","type":"image\/jpeg"}],"twitter_card":"summary_large_image","twitter_misc":{"Est. reading time":"1 minute"},"schema":{"@context":"https:\/\/schema.org","@graph":[{"@type":"WebPage","@id":"https:\/\/doktorvolt.pl\/en\/oferta-doktorvolt\/accessories\/construction-renovation-tools\/buckets-and-mortar-tubs\/kastra-budowlana-prostokatna-60l-czarna-z-regranulatu-pp-pe-pojemnik-na-zaprawe-beton-klej-odporna-wiadro-pojemnik-donica-kalfas\/","url":"https:\/\/doktorvolt.pl\/en\/oferta-doktorvolt\/accessories\/construction-renovation-tools\/buckets-and-mortar-tubs\/kastra-budowlana-prostokatna-60l-czarna-z-regranulatu-pp-pe-pojemnik-na-zaprawe-beton-klej-odporna-wiadro-pojemnik-donica-kalfas\/","name":"Kastra budowlana prostok\u0105tna 60L czarna z regranulatu PP\/PE pojemnik na zapraw\u0119 beton klej odporna wiadro pojemnik donica kalfas - DOKTORVOLT\u00ae","isPartOf":{"@id":"https:\/\/doktorvolt.pl\/de\/#website"},"primaryImageOfPage":{"@id":"https:\/\/doktorvolt.pl\/en\/oferta-doktorvolt\/accessories\/construction-renovation-tools\/buckets-and-mortar-tubs\/kastra-budowlana-prostokatna-60l-czarna-z-regranulatu-pp-pe-pojemnik-na-zaprawe-beton-klej-odporna-wiadro-pojemnik-donica-kalfas\/#primaryimage"},"image":{"@id":"https:\/\/doktorvolt.pl\/en\/oferta-doktorvolt\/accessories\/construction-renovation-tools\/buckets-and-mortar-tubs\/kastra-budowlana-prostokatna-60l-czarna-z-regranulatu-pp-pe-pojemnik-na-zaprawe-beton-klej-odporna-wiadro-pojemnik-donica-kalfas\/#primaryimage"},"thumbnailUrl":"https:\/\/doktorvolt.pl\/wp-content\/uploads\/2026\/02\/pol_pl_20007-20007_1.jpg","datePublished":"2026-02-23T14:14:38+00:00","breadcrumb":{"@id":"https:\/\/doktorvolt.pl\/en\/oferta-doktorvolt\/accessories\/construction-renovation-tools\/buckets-and-mortar-tubs\/kastra-budowlana-prostokatna-60l-czarna-z-regranulatu-pp-pe-pojemnik-na-zaprawe-beton-klej-odporna-wiadro-pojemnik-donica-kalfas\/#breadcrumb"},"inLanguage":"en-US","potentialAction":[{"@type":"ReadAction","target":["https:\/\/doktorvolt.pl\/en\/oferta-doktorvolt\/accessories\/construction-renovation-tools\/buckets-and-mortar-tubs\/kastra-budowlana-prostokatna-60l-czarna-z-regranulatu-pp-pe-pojemnik-na-zaprawe-beton-klej-odporna-wiadro-pojemnik-donica-kalfas\/"]}]},{"@type":"ImageObject","inLanguage":"en-US","@id":"https:\/\/doktorvolt.pl\/en\/oferta-doktorvolt\/accessories\/construction-renovation-tools\/buckets-and-mortar-tubs\/kastra-budowlana-prostokatna-60l-czarna-z-regranulatu-pp-pe-pojemnik-na-zaprawe-beton-klej-odporna-wiadro-pojemnik-donica-kalfas\/#primaryimage","url":"https:\/\/doktorvolt.pl\/wp-content\/uploads\/2026\/02\/pol_pl_20007-20007_1.jpg","contentUrl":"https:\/\/doktorvolt.pl\/wp-content\/uploads\/2026\/02\/pol_pl_20007-20007_1.jpg","width":1600,"height":1600},{"@type":"BreadcrumbList","@id":"https:\/\/doktorvolt.pl\/en\/oferta-doktorvolt\/accessories\/construction-renovation-tools\/buckets-and-mortar-tubs\/kastra-budowlana-prostokatna-60l-czarna-z-regranulatu-pp-pe-pojemnik-na-zaprawe-beton-klej-odporna-wiadro-pojemnik-donica-kalfas\/#breadcrumb","itemListElement":[{"@type":"ListItem","position":1,"name":"Strona g\u0142\u00f3wna","item":"https:\/\/doktorvolt.pl\/en\/"},{"@type":"ListItem","position":2,"name":"Offer Doktorvolt","item":"https:\/\/doktorvolt.pl\/en\/offer-doktorvolt\/"},{"@type":"ListItem","position":3,"name":"Kastra budowlana prostok\u0105tna 60L czarna z regranulatu PP\/PE pojemnik na zapraw\u0119 beton klej odporna wiadro pojemnik donica kalfas"}]},{"@type":"WebSite","@id":"https:\/\/doktorvolt.pl\/de\/#website","url":"https:\/\/doktorvolt.pl\/de\/","name":"DOKTORVOLT\u00ae","description":"Producent rozdzielnic budowlanych","publisher":{"@id":"https:\/\/doktorvolt.pl\/de\/#organization"},"potentialAction":[{"@type":"SearchAction","target":{"@type":"EntryPoint","urlTemplate":"https:\/\/doktorvolt.pl\/de\/?s={search_term_string}"},"query-input":{"@type":"PropertyValueSpecification","valueRequired":true,"valueName":"search_term_string"}}],"inLanguage":"en-US"},{"@type":"Organization","@id":"https:\/\/doktorvolt.pl\/de\/#organization","name":"DOKTORVOLT\u00ae","url":"https:\/\/doktorvolt.pl\/de\/","logo":{"@type":"ImageObject","inLanguage":"en-US","@id":"https:\/\/doktorvolt.pl\/de\/#\/schema\/logo\/image\/","url":"https:\/\/doktorvolt.pl\/wp-content\/uploads\/2023\/10\/DoktorVOLT-black-png.png","contentUrl":"https:\/\/doktorvolt.pl\/wp-content\/uploads\/2023\/10\/DoktorVOLT-black-png.png","width":729,"height":40,"caption":"DOKTORVOLT\u00ae"},"image":{"@id":"https:\/\/doktorvolt.pl\/de\/#\/schema\/logo\/image\/"}}]}},"_links":{"self":[{"href":"https:\/\/doktorvolt.pl\/en\/wp-json\/wp\/v2\/product\/110613","targetHints":{"allow":["GET"]}}],"collection":[{"href":"https:\/\/doktorvolt.pl\/en\/wp-json\/wp\/v2\/product"}],"about":[{"href":"https:\/\/doktorvolt.pl\/en\/wp-json\/wp\/v2\/types\/product"}],"wp:featuredmedia":[{"embeddable":true,"href":"https:\/\/doktorvolt.pl\/en\/wp-json\/wp\/v2\/media\/106317"}],"wp:attachment":[{"href":"https:\/\/doktorvolt.pl\/en\/wp-json\/wp\/v2\/media?parent=110613"}],"wp:term":[{"taxonomy":"product_brand","embeddable":true,"href":"https:\/\/doktorvolt.pl\/en\/wp-json\/wp\/v2\/product_brand?post=110613"},{"taxonomy":"product_cat","embeddable":true,"href":"https:\/\/doktorvolt.pl\/en\/wp-json\/wp\/v2\/product_cat?post=110613"},{"taxonomy":"product_tag","embeddable":true,"href":"https:\/\/doktorvolt.pl\/en\/wp-json\/wp\/v2\/product_tag?post=110613"}],"curies":[{"name":"wp","href":"https:\/\/api.w.org\/{rel}","templated":true}]}}