{"id":110624,"date":"2026-02-23T16:11:52","date_gmt":"2026-02-23T14:11:52","guid":{"rendered":"https:\/\/doktorvolt.pl\/sklep\/uncategorized\/wolnostojaca-stacja-ladowania-samochodow-elektrycznych-wallbox-warianty\/"},"modified":"2026-02-23T16:11:52","modified_gmt":"2026-02-23T14:11:52","slug":"wolnostojaca-stacja-ladowania-samochodow-elektrycznych-wallbox-warianty","status":"publish","type":"product","link":"https:\/\/doktorvolt.pl\/en\/oferta-doktorvolt\/automotive\/wolnostojaca-stacja-ladowania-samochodow-elektrycznych-wallbox-warianty\/","title":{"rendered":"Wolnostoj\u0105ca stacja \u0142adowania samochod\u00f3w elektrycznych Wallbox WARIANTY"},"content":{"rendered":"<h1 style=\"text-align: center;\"><span style=\"color: #000000;\">Wolnostoj\u0105ca stacja \u0142adowania samochod\u00f3w elektrycznych oraz hybrydowych Wallbox <br \/><\/span><\/h1>\n<h2 style=\"text-align: center;\"><span style=\"color: #000000;\">Aukcja zawiera dwa warianty wolnostoj\u0105cych \u0142adowarek pojazd\u00f3w elektrycznych <\/span><\/h2>\n<\/p>\n<p style=\"font-family: verdana, geneva; font-size: 12pt; text-align: center;\"><span style=\"color: #000000;\">&#x2b50;&#x2b50;&#x2b50;&#x2b50;&#x2b50;<\/span><\/p>\n<\/p>\n<p style=\"font-size: 13pt; text-align: center;\"><span style=\"color: #000000;\"><strong>1. WALLBOX stacja \u0142adowania 11 kW typ 2 + s\u0142upek<\/strong> <\/span><\/p>\n<p style=\"font-size: 13pt; text-align: center;\"><span style=\"color: #000000;\"><strong><img decoding=\"async\" src=\"\/data\/include\/cms\/description\/img\/cms\/Slupek_1_1_biale_tlo.jpg\" alt=\"\" width=\"393\" height=\"393\" \/><\/strong><\/span><\/p>\n<p style=\"font-size: 13pt; text-align: left;\"><span style=\"color: #000000;\">&#x27a1;&#xfe0f; <strong>\u0141adowarka Samochodowa umo\u017cliwiaj\u0105ca bezpieczne \u0142adowanie pojazdu elektrycznego lub hybrydowego w obr\u0119bie w\u0142asnej posesji. Nadzwyczaj kompaktowa i prosta w obs\u0142udze.<\/strong><\/span><\/p>\n<p style=\"font-size: 13pt; text-align: left;\"><span style=\"color: #000000;\">&#x2714;&#xfe0f; Zaprojektowana do \u0142adowania pr\u0105dem zmiennym o mocy: <strong>3,7 do 11 kW<\/strong>,<\/span><\/p>\n<p style=\"font-size: 13pt; text-align: left;\"><span style=\"color: #000000;\">&#x2714;&#xfe0f; wykonana z gniazdem w standardzie Typ 2 (IEC 62196-2),<br \/><\/span><\/p>\n<p style=\"font-size: 13pt; text-align: left;\"><span style=\"color: #000000;\">&#x2714;&#xfe0f; wyposa\u017cona w sterownik komunikacji z samochodem oraz przycisk START\/STOP z optyczn\u0105 sygnalizacj\u0105 statusu \u0142adowania LED,<\/span><\/p>\n<p style=\"font-size: 13pt; text-align: left;\"><span style=\"color: #000000;\"> &#x2714;&#xfe0f; wbudowane zabezpieczenie RCD typu A + modu\u0142 RCM.<\/span><\/p>\n<\/p>\n<p style=\"font-size: 13pt; text-align: left;\"><span style=\"color: #000000;\"><strong>&#x27a1;&#xfe0f;\u00a0 \u0141adowarka Samochodowa WALLBOX DOKTORVOLT\u00ae, wyposa\u017cona w:<\/strong><\/span><\/p>\n<p style=\"font-size: 13pt; text-align: left;\"><span style=\"color: #000000;\">&#x2714;&#xfe0f; Gniazdo do \u0142adowania samochod\u00f3w Typ 2 16A 5P bez blokady,<br \/><\/span><\/p>\n<p style=\"font-size: 13pt; text-align: left;\"><span style=\"color: #000000;\">&#x2714;&#xfe0f; kontroler \u0142adowania, <br \/><\/span><\/p>\n<p style=\"font-size: 13pt; text-align: left;\"><span style=\"color: #000000;\">&#x2714;&#xfe0f; przycisk START\/STOP z kontrolka sygnalizacyjn\u0105 LED,<br \/><\/span><\/p>\n<p style=\"font-size: 13pt; text-align: left;\"><span style=\"color: #000000;\">&#x2714;&#xfe0f; okno rewizyjne 12 modu\u0142\u00f3w.<\/span><\/p>\n<p style=\"font-size: 13pt; text-align: left;\"><span style=\"color: #000000;\"><span style=\"color: #000000;\"><span style=\"color: #000000;\">&#x2714;&#xfe0f; wyposa\u017cona w d\u0142awnic\u0119 PG16, do przy\u0142\u0105czenia kabla si\u0142owego.<\/span><\/span><\/span><\/p>\n<p style=\"font-size: 13pt; text-align: center;\"><span style=\"color: #000000;\"><strong> Karta katalogowa do pobrania w za\u0142\u0105czniku.<\/strong><\/span><\/p>\n<\/p>\n<p style=\"font-family: verdana, geneva; font-size: 12pt; text-align: center;\"><span style=\"color: #000000;\">&#x2b50;&#x2b50;&#x2b50;&#x2b50;&#x2b50;<\/span><\/p>\n<p style=\"font-size: 13pt; text-align: center;\"><span style=\"color: #000000;\"><strong>2. WALLBOX stacja \u0142adowania 22 kW typ 2\u00a0 + s\u0142upek<\/strong> <\/span><\/p>\n<p style=\"text-align: center;\"><img decoding=\"async\" src=\"\/data\/include\/cms\/description\/img\/cms\/DV-0102-EV (1).png\" alt=\"\" width=\"420\" height=\"420\" \/><\/p>\n<p style=\"font-size: 13pt; text-align: left;\"><span style=\"color: #000000;\">&#x27a1;&#xfe0f; <strong>\u0141adowarka Samochodowa umo\u017cliwiaj\u0105ca bezpieczne \u0142adowanie pojazdu elektrycznego lub hybrydowego w obr\u0119bie w\u0142asnej posesji. Nadzwyczaj kompaktowa i prosta w obs\u0142udze.<\/strong><\/span><\/p>\n<p style=\"font-size: 13pt; text-align: left;\"><span style=\"color: #000000;\">&#x2714;&#xfe0f; Zaprojektowana do \u0142adowania pr\u0105dem zmiennym o mocy: <strong>3,7 do 22 kW<\/strong>.<\/span><\/p>\n<p style=\"font-size: 13pt; text-align: left;\"><span style=\"color: #000000;\">&#x2714;&#xfe0f; Wykonana z gniazdem w standardzie Typ 2 (IEC 62196-2).<br \/><\/span><\/p>\n<p style=\"font-size: 13pt; text-align: left;\"><span style=\"color: #000000;\">&#x2714;&#xfe0f; Wyposa\u017cona w sterownik komunikacji z samochodem oraz przycisk START\/STOP z optyczn\u0105 sygnalizacj\u0105 statusu \u0142adowania LED.<\/span><\/p>\n<p style=\"font-size: 13pt; text-align: left;\"><span style=\"color: #000000;\"> &#x2714;&#xfe0f; Wbudowane zabezpieczenie RCD typu A oraz modu\u0142 RCM.<\/span><\/p>\n<p style=\"font-size: 13pt; text-align: left;\"><span style=\"color: #d0121a;\"> &#x2714;&#xfe0f; <strong>Zaleca si\u0119 monta\u017c stacji \u0142adowania w miejscu nienara\u017conym na du\u017ce nas\u0142onecznienie ze wzgl\u0119du na mo\u017cliwo\u015b\u0107 przegrzania urz\u0105dzenia. Temperatura otoczenia -5 \u00b0C ~ +40 \u00b0C.<\/strong><\/span><\/p>\n<\/p>\n<h2 style=\"font-size: 13pt; text-align: left;\"><span style=\"color: #000000;\"><strong>&#x27a1;&#xfe0f;\u00a0<strong>\u0141adowarka Samochodowa WALLBOX DOKTORVOLT\u00ae, wyposa\u017cona w:<\/strong><\/strong><\/span><\/h2>\n<p style=\"font-size: 13pt; text-align: left;\"><span style=\"color: #000000;\">&#x2714;&#xfe0f; Gniazdo do \u0142adowania samochod\u00f3w Typ 2 32A 5P,<br \/><\/span><\/p>\n<p style=\"font-size: 13pt; text-align: left;\"><span style=\"color: #000000;\">&#x2714;&#xfe0f; Kontroler \u0142adowania,<br \/><\/span><\/p>\n<p style=\"font-size: 13pt; text-align: left;\"><span style=\"color: #000000;\">&#x2714;&#xfe0f; Przycisk START\/STOP z kontrolka sygnalizacyjn\u0105 LED,<br \/><\/span><\/p>\n<p style=\"font-size: 13pt; text-align: left;\"><span style=\"color: #000000;\">&#x2714;&#xfe0f; D\u0142awnic\u0119 PG21.<\/span><\/p>\n<p style=\"font-size: 13pt; text-align: center;\"><span style=\"color: #000000;\"><strong> Karta katalogowa do pobrania w za\u0142\u0105czniku.<\/strong><\/span><\/p>\n<p style=\"font-family: verdana, geneva; font-size: 12pt; text-align: center;\"><span style=\"color: #000000;\">&#x2b50;&#x2b50;&#x2b50;&#x2b50;&#x2b50;<\/span><\/p>\n<p style=\"font-size: 13pt; text-align: left;\"><span style=\"color: #000000;\">&#x27a1;&#xfe0f; Dane techniczne s\u0142upka:<\/span><\/p>\n<p style=\"font-size: 13pt; text-align: left;\"><span style=\"color: #000000;\">&#x2714;&#xfe0f; wymiary bez blach mocuj\u0105cych i wallboxa: S\u0142upek 1000 x 100 x 40 mm; podstawka: 5 x 250 x 200 mm.<\/span><\/p>\n<p style=\"font-size: 13pt; text-align: left;\"><span style=\"color: #000000;\">&#x2714;&#xfe0f; materia\u0142 obudowy: Stal malowana proszkowo, odporna na warunki atmosferyczne.<\/span><\/p>\n<p style=\"font-size: 13pt; text-align: left;\"><span style=\"color: #000000;\">&#x2714;&#xfe0f; kolor obudowy: Antracyt. <\/span><\/p>\n","protected":false},"excerpt":{"rendered":"","protected":false},"featured_media":106129,"template":"","meta":[],"product_brand":[],"product_cat":[5086],"product_tag":[],"class_list":{"0":"post-110624","1":"product","2":"type-product","3":"status-publish","4":"has-post-thumbnail","6":"product_cat-automotive","7":"pa_dodatkowe-wyposazenie-type-2-socket-outlet","8":"pa_moc-22kw","10":"first","11":"instock","12":"shipping-taxable","13":"product-type-external"},"yoast_head":"<!-- This site is optimized with the Yoast SEO plugin v27.0 - https:\/\/yoast.com\/product\/yoast-seo-wordpress\/ -->\n<title>Wolnostoj\u0105ca stacja \u0142adowania samochod\u00f3w elektrycznych Wallbox WARIANTY - DOKTORVOLT\u00ae<\/title>\n<meta name=\"robots\" content=\"index, follow, max-snippet:-1, max-image-preview:large, max-video-preview:-1\" \/>\n<link rel=\"canonical\" href=\"https:\/\/doktorvolt.pl\/en\/oferta-doktorvolt\/automotive\/wolnostojaca-stacja-ladowania-samochodow-elektrycznych-wallbox-warianty\/\" \/>\n<meta property=\"og:locale\" content=\"en_US\" \/>\n<meta property=\"og:type\" content=\"article\" \/>\n<meta property=\"og:title\" content=\"Wolnostoj\u0105ca stacja \u0142adowania samochod\u00f3w elektrycznych Wallbox WARIANTY - DOKTORVOLT\u00ae\" \/>\n<meta property=\"og:url\" content=\"https:\/\/doktorvolt.pl\/en\/oferta-doktorvolt\/automotive\/wolnostojaca-stacja-ladowania-samochodow-elektrycznych-wallbox-warianty\/\" \/>\n<meta property=\"og:site_name\" content=\"DOKTORVOLT\u00ae\" \/>\n<meta property=\"og:image\" content=\"https:\/\/doktorvolt.pl\/wp-content\/uploads\/2026\/02\/pol_pl_16569-16569_1.jpg\" \/>\n\t<meta property=\"og:image:width\" content=\"1000\" \/>\n\t<meta property=\"og:image:height\" content=\"1000\" \/>\n\t<meta property=\"og:image:type\" content=\"image\/jpeg\" \/>\n<meta name=\"twitter:card\" content=\"summary_large_image\" \/>\n<meta name=\"twitter:label1\" content=\"Est. reading time\" \/>\n\t<meta name=\"twitter:data1\" content=\"2 minutes\" \/>\n<script type=\"application\/ld+json\" class=\"yoast-schema-graph\">{\"@context\":\"https:\/\/schema.org\",\"@graph\":[{\"@type\":\"WebPage\",\"@id\":\"https:\/\/doktorvolt.pl\/en\/oferta-doktorvolt\/automotive\/wolnostojaca-stacja-ladowania-samochodow-elektrycznych-wallbox-warianty\/\",\"url\":\"https:\/\/doktorvolt.pl\/en\/oferta-doktorvolt\/automotive\/wolnostojaca-stacja-ladowania-samochodow-elektrycznych-wallbox-warianty\/\",\"name\":\"Wolnostoj\u0105ca stacja \u0142adowania samochod\u00f3w elektrycznych Wallbox WARIANTY - DOKTORVOLT\u00ae\",\"isPartOf\":{\"@id\":\"https:\/\/doktorvolt.pl\/de\/#website\"},\"primaryImageOfPage\":{\"@id\":\"https:\/\/doktorvolt.pl\/en\/oferta-doktorvolt\/automotive\/wolnostojaca-stacja-ladowania-samochodow-elektrycznych-wallbox-warianty\/#primaryimage\"},\"image\":{\"@id\":\"https:\/\/doktorvolt.pl\/en\/oferta-doktorvolt\/automotive\/wolnostojaca-stacja-ladowania-samochodow-elektrycznych-wallbox-warianty\/#primaryimage\"},\"thumbnailUrl\":\"https:\/\/doktorvolt.pl\/wp-content\/uploads\/2026\/02\/pol_pl_16569-16569_1.jpg\",\"datePublished\":\"2026-02-23T14:11:52+00:00\",\"breadcrumb\":{\"@id\":\"https:\/\/doktorvolt.pl\/en\/oferta-doktorvolt\/automotive\/wolnostojaca-stacja-ladowania-samochodow-elektrycznych-wallbox-warianty\/#breadcrumb\"},\"inLanguage\":\"en-US\",\"potentialAction\":[{\"@type\":\"ReadAction\",\"target\":[\"https:\/\/doktorvolt.pl\/en\/oferta-doktorvolt\/automotive\/wolnostojaca-stacja-ladowania-samochodow-elektrycznych-wallbox-warianty\/\"]}]},{\"@type\":\"ImageObject\",\"inLanguage\":\"en-US\",\"@id\":\"https:\/\/doktorvolt.pl\/en\/oferta-doktorvolt\/automotive\/wolnostojaca-stacja-ladowania-samochodow-elektrycznych-wallbox-warianty\/#primaryimage\",\"url\":\"https:\/\/doktorvolt.pl\/wp-content\/uploads\/2026\/02\/pol_pl_16569-16569_1.jpg\",\"contentUrl\":\"https:\/\/doktorvolt.pl\/wp-content\/uploads\/2026\/02\/pol_pl_16569-16569_1.jpg\",\"width\":1000,\"height\":1000},{\"@type\":\"BreadcrumbList\",\"@id\":\"https:\/\/doktorvolt.pl\/en\/oferta-doktorvolt\/automotive\/wolnostojaca-stacja-ladowania-samochodow-elektrycznych-wallbox-warianty\/#breadcrumb\",\"itemListElement\":[{\"@type\":\"ListItem\",\"position\":1,\"name\":\"Strona g\u0142\u00f3wna\",\"item\":\"https:\/\/doktorvolt.pl\/en\/\"},{\"@type\":\"ListItem\",\"position\":2,\"name\":\"Offer Doktorvolt\",\"item\":\"https:\/\/doktorvolt.pl\/en\/offer-doktorvolt\/\"},{\"@type\":\"ListItem\",\"position\":3,\"name\":\"Wolnostoj\u0105ca stacja \u0142adowania samochod\u00f3w elektrycznych Wallbox WARIANTY\"}]},{\"@type\":\"WebSite\",\"@id\":\"https:\/\/doktorvolt.pl\/de\/#website\",\"url\":\"https:\/\/doktorvolt.pl\/de\/\",\"name\":\"DOKTORVOLT\u00ae\",\"description\":\"Producent rozdzielnic budowlanych\",\"publisher\":{\"@id\":\"https:\/\/doktorvolt.pl\/de\/#organization\"},\"potentialAction\":[{\"@type\":\"SearchAction\",\"target\":{\"@type\":\"EntryPoint\",\"urlTemplate\":\"https:\/\/doktorvolt.pl\/de\/?s={search_term_string}\"},\"query-input\":{\"@type\":\"PropertyValueSpecification\",\"valueRequired\":true,\"valueName\":\"search_term_string\"}}],\"inLanguage\":\"en-US\"},{\"@type\":\"Organization\",\"@id\":\"https:\/\/doktorvolt.pl\/de\/#organization\",\"name\":\"DOKTORVOLT\u00ae\",\"url\":\"https:\/\/doktorvolt.pl\/de\/\",\"logo\":{\"@type\":\"ImageObject\",\"inLanguage\":\"en-US\",\"@id\":\"https:\/\/doktorvolt.pl\/de\/#\/schema\/logo\/image\/\",\"url\":\"https:\/\/doktorvolt.pl\/wp-content\/uploads\/2023\/10\/DoktorVOLT-black-png.png\",\"contentUrl\":\"https:\/\/doktorvolt.pl\/wp-content\/uploads\/2023\/10\/DoktorVOLT-black-png.png\",\"width\":729,\"height\":40,\"caption\":\"DOKTORVOLT\u00ae\"},\"image\":{\"@id\":\"https:\/\/doktorvolt.pl\/de\/#\/schema\/logo\/image\/\"}}]}<\/script>\n<!-- \/ Yoast SEO plugin. -->","yoast_head_json":{"title":"Wolnostoj\u0105ca stacja \u0142adowania samochod\u00f3w elektrycznych Wallbox WARIANTY - DOKTORVOLT\u00ae","robots":{"index":"index","follow":"follow","max-snippet":"max-snippet:-1","max-image-preview":"max-image-preview:large","max-video-preview":"max-video-preview:-1"},"canonical":"https:\/\/doktorvolt.pl\/en\/oferta-doktorvolt\/automotive\/wolnostojaca-stacja-ladowania-samochodow-elektrycznych-wallbox-warianty\/","og_locale":"en_US","og_type":"article","og_title":"Wolnostoj\u0105ca stacja \u0142adowania samochod\u00f3w elektrycznych Wallbox WARIANTY - DOKTORVOLT\u00ae","og_url":"https:\/\/doktorvolt.pl\/en\/oferta-doktorvolt\/automotive\/wolnostojaca-stacja-ladowania-samochodow-elektrycznych-wallbox-warianty\/","og_site_name":"DOKTORVOLT\u00ae","og_image":[{"width":1000,"height":1000,"url":"https:\/\/doktorvolt.pl\/wp-content\/uploads\/2026\/02\/pol_pl_16569-16569_1.jpg","type":"image\/jpeg"}],"twitter_card":"summary_large_image","twitter_misc":{"Est. reading time":"2 minutes"},"schema":{"@context":"https:\/\/schema.org","@graph":[{"@type":"WebPage","@id":"https:\/\/doktorvolt.pl\/en\/oferta-doktorvolt\/automotive\/wolnostojaca-stacja-ladowania-samochodow-elektrycznych-wallbox-warianty\/","url":"https:\/\/doktorvolt.pl\/en\/oferta-doktorvolt\/automotive\/wolnostojaca-stacja-ladowania-samochodow-elektrycznych-wallbox-warianty\/","name":"Wolnostoj\u0105ca stacja \u0142adowania samochod\u00f3w elektrycznych Wallbox WARIANTY - DOKTORVOLT\u00ae","isPartOf":{"@id":"https:\/\/doktorvolt.pl\/de\/#website"},"primaryImageOfPage":{"@id":"https:\/\/doktorvolt.pl\/en\/oferta-doktorvolt\/automotive\/wolnostojaca-stacja-ladowania-samochodow-elektrycznych-wallbox-warianty\/#primaryimage"},"image":{"@id":"https:\/\/doktorvolt.pl\/en\/oferta-doktorvolt\/automotive\/wolnostojaca-stacja-ladowania-samochodow-elektrycznych-wallbox-warianty\/#primaryimage"},"thumbnailUrl":"https:\/\/doktorvolt.pl\/wp-content\/uploads\/2026\/02\/pol_pl_16569-16569_1.jpg","datePublished":"2026-02-23T14:11:52+00:00","breadcrumb":{"@id":"https:\/\/doktorvolt.pl\/en\/oferta-doktorvolt\/automotive\/wolnostojaca-stacja-ladowania-samochodow-elektrycznych-wallbox-warianty\/#breadcrumb"},"inLanguage":"en-US","potentialAction":[{"@type":"ReadAction","target":["https:\/\/doktorvolt.pl\/en\/oferta-doktorvolt\/automotive\/wolnostojaca-stacja-ladowania-samochodow-elektrycznych-wallbox-warianty\/"]}]},{"@type":"ImageObject","inLanguage":"en-US","@id":"https:\/\/doktorvolt.pl\/en\/oferta-doktorvolt\/automotive\/wolnostojaca-stacja-ladowania-samochodow-elektrycznych-wallbox-warianty\/#primaryimage","url":"https:\/\/doktorvolt.pl\/wp-content\/uploads\/2026\/02\/pol_pl_16569-16569_1.jpg","contentUrl":"https:\/\/doktorvolt.pl\/wp-content\/uploads\/2026\/02\/pol_pl_16569-16569_1.jpg","width":1000,"height":1000},{"@type":"BreadcrumbList","@id":"https:\/\/doktorvolt.pl\/en\/oferta-doktorvolt\/automotive\/wolnostojaca-stacja-ladowania-samochodow-elektrycznych-wallbox-warianty\/#breadcrumb","itemListElement":[{"@type":"ListItem","position":1,"name":"Strona g\u0142\u00f3wna","item":"https:\/\/doktorvolt.pl\/en\/"},{"@type":"ListItem","position":2,"name":"Offer Doktorvolt","item":"https:\/\/doktorvolt.pl\/en\/offer-doktorvolt\/"},{"@type":"ListItem","position":3,"name":"Wolnostoj\u0105ca stacja \u0142adowania samochod\u00f3w elektrycznych Wallbox WARIANTY"}]},{"@type":"WebSite","@id":"https:\/\/doktorvolt.pl\/de\/#website","url":"https:\/\/doktorvolt.pl\/de\/","name":"DOKTORVOLT\u00ae","description":"Producent rozdzielnic budowlanych","publisher":{"@id":"https:\/\/doktorvolt.pl\/de\/#organization"},"potentialAction":[{"@type":"SearchAction","target":{"@type":"EntryPoint","urlTemplate":"https:\/\/doktorvolt.pl\/de\/?s={search_term_string}"},"query-input":{"@type":"PropertyValueSpecification","valueRequired":true,"valueName":"search_term_string"}}],"inLanguage":"en-US"},{"@type":"Organization","@id":"https:\/\/doktorvolt.pl\/de\/#organization","name":"DOKTORVOLT\u00ae","url":"https:\/\/doktorvolt.pl\/de\/","logo":{"@type":"ImageObject","inLanguage":"en-US","@id":"https:\/\/doktorvolt.pl\/de\/#\/schema\/logo\/image\/","url":"https:\/\/doktorvolt.pl\/wp-content\/uploads\/2023\/10\/DoktorVOLT-black-png.png","contentUrl":"https:\/\/doktorvolt.pl\/wp-content\/uploads\/2023\/10\/DoktorVOLT-black-png.png","width":729,"height":40,"caption":"DOKTORVOLT\u00ae"},"image":{"@id":"https:\/\/doktorvolt.pl\/de\/#\/schema\/logo\/image\/"}}]}},"_links":{"self":[{"href":"https:\/\/doktorvolt.pl\/en\/wp-json\/wp\/v2\/product\/110624","targetHints":{"allow":["GET"]}}],"collection":[{"href":"https:\/\/doktorvolt.pl\/en\/wp-json\/wp\/v2\/product"}],"about":[{"href":"https:\/\/doktorvolt.pl\/en\/wp-json\/wp\/v2\/types\/product"}],"wp:featuredmedia":[{"embeddable":true,"href":"https:\/\/doktorvolt.pl\/en\/wp-json\/wp\/v2\/media\/106129"}],"wp:attachment":[{"href":"https:\/\/doktorvolt.pl\/en\/wp-json\/wp\/v2\/media?parent=110624"}],"wp:term":[{"taxonomy":"product_brand","embeddable":true,"href":"https:\/\/doktorvolt.pl\/en\/wp-json\/wp\/v2\/product_brand?post=110624"},{"taxonomy":"product_cat","embeddable":true,"href":"https:\/\/doktorvolt.pl\/en\/wp-json\/wp\/v2\/product_cat?post=110624"},{"taxonomy":"product_tag","embeddable":true,"href":"https:\/\/doktorvolt.pl\/en\/wp-json\/wp\/v2\/product_tag?post=110624"}],"curies":[{"name":"wp","href":"https:\/\/api.w.org\/{rel}","templated":true}]}}