{"id":110625,"date":"2026-02-23T16:11:39","date_gmt":"2026-02-23T14:11:39","guid":{"rendered":"https:\/\/doktorvolt.pl\/sklep\/uncategorized\/slupek-ogrodowy-z-kranikiem-dekoracyjny-tanker-kran-ogrodowy-na-dzialke-hydrant-antracyt-doktorvolt\/"},"modified":"2026-02-23T16:11:39","modified_gmt":"2026-02-23T14:11:39","slug":"slupek-ogrodowy-z-kranikiem-dekoracyjny-tanker-kran-ogrodowy-na-dzialke-hydrant-antracyt-doktorvolt","status":"publish","type":"product","link":"https:\/\/doktorvolt.pl\/en\/oferta-doktorvolt\/camping\/garden-posts\/slupek-ogrodowy-z-kranikiem-dekoracyjny-tanker-kran-ogrodowy-na-dzialke-hydrant-antracyt-doktorvolt\/","title":{"rendered":"S\u0142upek ogrodowy z kranikiem dekoracyjny tanker kran ogrodowy na dzia\u0142k\u0119 hydrant antracyt Doktorvolt"},"content":{"rendered":"<p><!-- Nag\u0142\u00f3wek g\u0142\u00f3wny strony --><\/p>\n<h1 style=\"font-size: 24pt; text-align: center\">\n    <!-- Tytu\u0142 strony --><br \/>\n    <span style=\"display: inline-block; width: 100%;\">S\u0142upek ogrodowy z kranikiem<\/span><br \/>\n<\/h1>\n<p><!-- Kr\u00f3tki opis produktu --><\/p>\n<h4 style=\"font-size: 14pt; text-align: center\">\n    <span>Tanker ogrodowy z kranikiem firmy Doktorvolt ozdoba i u\u017cyteczno\u015b\u0107 w jednym minimalistycznym produkcie. Nowoczesna forma s\u0142upka sprawia \u017ce staje on si\u0119 eleganckim dope\u0142nieniem ogrodu nie trac\u0105c swojej funkcjonalno\u015bci.<\/span><br \/>\n<\/h4>\n<p><!-- Separator graficzny --><\/p>\n<div>\n    <img decoding=\"async\" style=\"max-width: 100%; margin-bottom: 20px; margin-top: 20px;\"\n         src=\"https:\/\/shop38554-1.yourtechnicaldomain.com\/data\/include\/cms\/1-zdjecia-produktow\/DOKTORVOLT\/DV-4995-EV\/ikonka_zielona_z_literka_D_biala.png?v=1729773346118\"\n         border=\"0\" width=\"1900\" height=\"30\">\n<\/div>\n<p><!-- G\u0142\u00f3wna sekcja z opisem i obrazem produktu --><\/p>\n<div style=\"display: flex; width: 100%; justify-content: space-between; align-items: center; flex-wrap: wrap; gap: 20px; padding: 30px;\">\n    <!-- Sekcja tekstowa z opisem produktu --><\/p>\n<div style=\"flex: auto; max-width: 550px;\">\n<h2 style=\"font-size: 16pt; padding-bottom: 10px; color: #000 !important; border-bottom: 5px solid #7dd956;\">\n            <strong>Elegancja i u\u017cyteczno\u015b\u0107 w jednym<\/strong><br \/>\n        <\/h2>\n<p style=\"font-size: 14pt; text-align: justify;\">\n            Hydrant wykonany z wysokiej jako\u015bci materia\u0142\u00f3w sprawia \u017ce jest on <strong>odporny na r\u00f3\u017cne warunki atmosferyczne<\/strong>. S\u0142upek jest <strong>ocynkowany<\/strong> i<strong> malowany proszkowo<\/strong> w celu zabezpieczenia go przed wilgoci\u0105. Zamontowany kranik u\u0142atwia pobieranie wody do prac ogrodowych a mo\u017cliwo\u015b\u0107 pod\u0142\u0105czenia s\u0142upka do zbiornika na wod\u0119 opadow\u0105 <strong>zwi\u0119ksza jego u\u017cyteczno\u015b\u0107<\/strong> w przydomowych ogr\u00f3dkach. Ca\u0142o\u015b\u0107 armatury zosta\u0142a umieszczona wewn\u0105trz s\u0142upka <strong>zachowuj\u0105c przy tym jego schludny i czysty wygl\u0105d<\/strong>.\n        <\/p>\n<\/p><\/div>\n<p>    <!-- Sekcja z obrazem produktu --><\/p>\n<div style=\"flex: auto; max-width: 472px;\">\n        <img decoding=\"async\" src=\"https:\/\/preis-zone.com\/hpeciai\/1f55b717ac2fe6da65e2001da48be5d9\/19947_14.jpg?13693\"\n             width=\"472\" height=\"472\" style=\"max-width: 100%; border-radius: 8px;\">\n    <\/div>\n<\/div>\n<p><!-- Separator graficzny --><\/p>\n<div>\n    <img decoding=\"async\" style=\"max-width: 100%; margin-bottom: 20px; margin-top: 20px;\"\n         src=\"https:\/\/shop38554-1.yourtechnicaldomain.com\/data\/include\/cms\/1-zdjecia-produktow\/DOKTORVOLT\/DV-4995-EV\/ikonka_zielona_z_literka_D_biala.png?v=1729773346118\"\n         border=\"0\" width=\"1900\" height=\"30\">\n<\/div>\n<p><!-- Sekcja video i specyfikacja techniczna --><\/p>\n<div style=\"display: flex; width: 100%; flex-wrap: wrap; justify-content: space-around;\">\n    <!-- Sekcja z video --><\/p>\n<div style=\"flex: auto; max-width: 472px;\">\n<video style=\"max-width=100%; margin-top: 10px; padding-top: 10px;\" width=\"400\" height=\"300\" src=\"https:\/\/preis-zone.pl\/data\/include\/cms\/1-zdjecia-produktow\/DOKTORVOLT\/DV-5145\/DV-5145_vv.mp4?v=1744972085195\" type=\"video\/mp4\" controls autoplay muted loop controlsList=\"nodownload\"><\/video>\n<\/div>\n<p>    <!-- Specyfikacja techniczna produktu --><\/p>\n<div style=\"display: flex; flex-direction: column; justify-content: center; align-items: left; padding-left: 50px; padding-right: 50px; padding-top: 30px; max-width: 500px; font-size: 14pt;\">\n<h2 style=\"font-size: 16pt; color: #000 !important; padding-bottom: 10px; border-bottom: 5px solid #7dd956;\">\n            <strong>Specyfikacja Techniczna<\/strong><br \/>\n        <\/h2>\n<p style=\"margin: 5px;\"><strong>Wysoko\u015b\u0107:<\/strong> 595<\/p>\n<p style=\"margin: 5px;\"><strong>Szeroko\u015b\u0107:<\/strong> 180<\/p>\n<p style=\"margin: 5px;\"><strong>Kolor:<\/strong> Antracyt RAL 7016<\/p>\n<p style=\"margin: 5px;\"><strong>Materia\u0142 kranu:<\/strong> mosi\u0105dz niklowany<\/p>\n<p style=\"margin: 5px;\"><strong>Zabezpieczenie s\u0142upka przed wilgoci\u0105:<\/strong> cynkowany i malowany proszkowo <\/p>\n<p style=\"margin: 5px;\"><strong>\u015arednica gwintu ko\u0144cowego:<\/strong> 3\/4\u201d<\/p>\n<\/p><\/div>\n<\/div>\n","protected":false},"excerpt":{"rendered":"<p>Tanker ogrodowy z kranikiem. Nowoczesna bry\u0142a zapewnia dope\u0142nienie estetyczne ka\u017cdej przestrzeni ogrodu zachowuj\u0105c przy tym u\u017cyteczno\u015b\u0107. Kran ogrodowy to idealne rozwi\u0105zanie do ogrodu i na dzia\u0142k\u0119.<\/p>\n","protected":false},"featured_media":106112,"template":"","meta":[],"product_brand":[],"product_cat":[5119],"product_tag":[],"class_list":{"0":"post-110625","1":"product","2":"type-product","3":"status-publish","4":"has-post-thumbnail","6":"product_cat-garden-posts","7":"pa_dodatkowe-wyposazenie-water-tap","9":"first","10":"instock","11":"shipping-taxable","12":"product-type-external"},"yoast_head":"<!-- This site is optimized with the Yoast SEO plugin v27.0 - https:\/\/yoast.com\/product\/yoast-seo-wordpress\/ -->\n<title>S\u0142upek ogrodowy z kranikiem dekoracyjny tanker kran ogrodowy na dzia\u0142k\u0119 hydrant antracyt Doktorvolt - DOKTORVOLT\u00ae<\/title>\n<meta name=\"robots\" content=\"index, follow, max-snippet:-1, max-image-preview:large, max-video-preview:-1\" \/>\n<link rel=\"canonical\" href=\"https:\/\/doktorvolt.pl\/en\/oferta-doktorvolt\/camping\/garden-posts\/slupek-ogrodowy-z-kranikiem-dekoracyjny-tanker-kran-ogrodowy-na-dzialke-hydrant-antracyt-doktorvolt\/\" \/>\n<meta property=\"og:locale\" content=\"en_US\" \/>\n<meta property=\"og:type\" content=\"article\" \/>\n<meta property=\"og:title\" content=\"S\u0142upek ogrodowy z kranikiem dekoracyjny tanker kran ogrodowy na dzia\u0142k\u0119 hydrant antracyt Doktorvolt - DOKTORVOLT\u00ae\" \/>\n<meta property=\"og:description\" content=\"Tanker ogrodowy z kranikiem. Nowoczesna bry\u0142a zapewnia dope\u0142nienie estetyczne ka\u017cdej przestrzeni ogrodu zachowuj\u0105c przy tym u\u017cyteczno\u015b\u0107. Kran ogrodowy to idealne rozwi\u0105zanie do ogrodu i na dzia\u0142k\u0119.\" \/>\n<meta property=\"og:url\" content=\"https:\/\/doktorvolt.pl\/en\/oferta-doktorvolt\/camping\/garden-posts\/slupek-ogrodowy-z-kranikiem-dekoracyjny-tanker-kran-ogrodowy-na-dzialke-hydrant-antracyt-doktorvolt\/\" \/>\n<meta property=\"og:site_name\" content=\"DOKTORVOLT\u00ae\" \/>\n<meta property=\"og:image\" content=\"https:\/\/doktorvolt.pl\/wp-content\/uploads\/2026\/02\/pol_pl_Slupek-ogrodowy-z-kranikiem-dekoracyjny-tanker-kran-ogrodowy-na-dzialke-hydrant-antracyt-Doktorvolt-19947_1.jpg\" \/>\n\t<meta property=\"og:image:width\" content=\"1600\" \/>\n\t<meta property=\"og:image:height\" content=\"1600\" \/>\n\t<meta property=\"og:image:type\" content=\"image\/jpeg\" \/>\n<meta name=\"twitter:card\" content=\"summary_large_image\" \/>\n<meta name=\"twitter:label1\" content=\"Est. reading time\" \/>\n\t<meta name=\"twitter:data1\" content=\"1 minute\" \/>\n<script type=\"application\/ld+json\" class=\"yoast-schema-graph\">{\"@context\":\"https:\/\/schema.org\",\"@graph\":[{\"@type\":\"WebPage\",\"@id\":\"https:\/\/doktorvolt.pl\/en\/oferta-doktorvolt\/camping\/garden-posts\/slupek-ogrodowy-z-kranikiem-dekoracyjny-tanker-kran-ogrodowy-na-dzialke-hydrant-antracyt-doktorvolt\/\",\"url\":\"https:\/\/doktorvolt.pl\/en\/oferta-doktorvolt\/camping\/garden-posts\/slupek-ogrodowy-z-kranikiem-dekoracyjny-tanker-kran-ogrodowy-na-dzialke-hydrant-antracyt-doktorvolt\/\",\"name\":\"S\u0142upek ogrodowy z kranikiem dekoracyjny tanker kran ogrodowy na dzia\u0142k\u0119 hydrant antracyt Doktorvolt - DOKTORVOLT\u00ae\",\"isPartOf\":{\"@id\":\"https:\/\/doktorvolt.pl\/de\/#website\"},\"primaryImageOfPage\":{\"@id\":\"https:\/\/doktorvolt.pl\/en\/oferta-doktorvolt\/camping\/garden-posts\/slupek-ogrodowy-z-kranikiem-dekoracyjny-tanker-kran-ogrodowy-na-dzialke-hydrant-antracyt-doktorvolt\/#primaryimage\"},\"image\":{\"@id\":\"https:\/\/doktorvolt.pl\/en\/oferta-doktorvolt\/camping\/garden-posts\/slupek-ogrodowy-z-kranikiem-dekoracyjny-tanker-kran-ogrodowy-na-dzialke-hydrant-antracyt-doktorvolt\/#primaryimage\"},\"thumbnailUrl\":\"https:\/\/doktorvolt.pl\/wp-content\/uploads\/2026\/02\/pol_pl_Slupek-ogrodowy-z-kranikiem-dekoracyjny-tanker-kran-ogrodowy-na-dzialke-hydrant-antracyt-Doktorvolt-19947_1.jpg\",\"datePublished\":\"2026-02-23T14:11:39+00:00\",\"breadcrumb\":{\"@id\":\"https:\/\/doktorvolt.pl\/en\/oferta-doktorvolt\/camping\/garden-posts\/slupek-ogrodowy-z-kranikiem-dekoracyjny-tanker-kran-ogrodowy-na-dzialke-hydrant-antracyt-doktorvolt\/#breadcrumb\"},\"inLanguage\":\"en-US\",\"potentialAction\":[{\"@type\":\"ReadAction\",\"target\":[\"https:\/\/doktorvolt.pl\/en\/oferta-doktorvolt\/camping\/garden-posts\/slupek-ogrodowy-z-kranikiem-dekoracyjny-tanker-kran-ogrodowy-na-dzialke-hydrant-antracyt-doktorvolt\/\"]}]},{\"@type\":\"ImageObject\",\"inLanguage\":\"en-US\",\"@id\":\"https:\/\/doktorvolt.pl\/en\/oferta-doktorvolt\/camping\/garden-posts\/slupek-ogrodowy-z-kranikiem-dekoracyjny-tanker-kran-ogrodowy-na-dzialke-hydrant-antracyt-doktorvolt\/#primaryimage\",\"url\":\"https:\/\/doktorvolt.pl\/wp-content\/uploads\/2026\/02\/pol_pl_Slupek-ogrodowy-z-kranikiem-dekoracyjny-tanker-kran-ogrodowy-na-dzialke-hydrant-antracyt-Doktorvolt-19947_1.jpg\",\"contentUrl\":\"https:\/\/doktorvolt.pl\/wp-content\/uploads\/2026\/02\/pol_pl_Slupek-ogrodowy-z-kranikiem-dekoracyjny-tanker-kran-ogrodowy-na-dzialke-hydrant-antracyt-Doktorvolt-19947_1.jpg\",\"width\":1600,\"height\":1600},{\"@type\":\"BreadcrumbList\",\"@id\":\"https:\/\/doktorvolt.pl\/en\/oferta-doktorvolt\/camping\/garden-posts\/slupek-ogrodowy-z-kranikiem-dekoracyjny-tanker-kran-ogrodowy-na-dzialke-hydrant-antracyt-doktorvolt\/#breadcrumb\",\"itemListElement\":[{\"@type\":\"ListItem\",\"position\":1,\"name\":\"Strona g\u0142\u00f3wna\",\"item\":\"https:\/\/doktorvolt.pl\/en\/\"},{\"@type\":\"ListItem\",\"position\":2,\"name\":\"Offer Doktorvolt\",\"item\":\"https:\/\/doktorvolt.pl\/en\/offer-doktorvolt\/\"},{\"@type\":\"ListItem\",\"position\":3,\"name\":\"S\u0142upek ogrodowy z kranikiem dekoracyjny tanker kran ogrodowy na dzia\u0142k\u0119 hydrant antracyt Doktorvolt\"}]},{\"@type\":\"WebSite\",\"@id\":\"https:\/\/doktorvolt.pl\/de\/#website\",\"url\":\"https:\/\/doktorvolt.pl\/de\/\",\"name\":\"DOKTORVOLT\u00ae\",\"description\":\"Producent rozdzielnic budowlanych\",\"publisher\":{\"@id\":\"https:\/\/doktorvolt.pl\/de\/#organization\"},\"potentialAction\":[{\"@type\":\"SearchAction\",\"target\":{\"@type\":\"EntryPoint\",\"urlTemplate\":\"https:\/\/doktorvolt.pl\/de\/?s={search_term_string}\"},\"query-input\":{\"@type\":\"PropertyValueSpecification\",\"valueRequired\":true,\"valueName\":\"search_term_string\"}}],\"inLanguage\":\"en-US\"},{\"@type\":\"Organization\",\"@id\":\"https:\/\/doktorvolt.pl\/de\/#organization\",\"name\":\"DOKTORVOLT\u00ae\",\"url\":\"https:\/\/doktorvolt.pl\/de\/\",\"logo\":{\"@type\":\"ImageObject\",\"inLanguage\":\"en-US\",\"@id\":\"https:\/\/doktorvolt.pl\/de\/#\/schema\/logo\/image\/\",\"url\":\"https:\/\/doktorvolt.pl\/wp-content\/uploads\/2023\/10\/DoktorVOLT-black-png.png\",\"contentUrl\":\"https:\/\/doktorvolt.pl\/wp-content\/uploads\/2023\/10\/DoktorVOLT-black-png.png\",\"width\":729,\"height\":40,\"caption\":\"DOKTORVOLT\u00ae\"},\"image\":{\"@id\":\"https:\/\/doktorvolt.pl\/de\/#\/schema\/logo\/image\/\"}}]}<\/script>\n<!-- \/ Yoast SEO plugin. -->","yoast_head_json":{"title":"S\u0142upek ogrodowy z kranikiem dekoracyjny tanker kran ogrodowy na dzia\u0142k\u0119 hydrant antracyt Doktorvolt - DOKTORVOLT\u00ae","robots":{"index":"index","follow":"follow","max-snippet":"max-snippet:-1","max-image-preview":"max-image-preview:large","max-video-preview":"max-video-preview:-1"},"canonical":"https:\/\/doktorvolt.pl\/en\/oferta-doktorvolt\/camping\/garden-posts\/slupek-ogrodowy-z-kranikiem-dekoracyjny-tanker-kran-ogrodowy-na-dzialke-hydrant-antracyt-doktorvolt\/","og_locale":"en_US","og_type":"article","og_title":"S\u0142upek ogrodowy z kranikiem dekoracyjny tanker kran ogrodowy na dzia\u0142k\u0119 hydrant antracyt Doktorvolt - DOKTORVOLT\u00ae","og_description":"Tanker ogrodowy z kranikiem. Nowoczesna bry\u0142a zapewnia dope\u0142nienie estetyczne ka\u017cdej przestrzeni ogrodu zachowuj\u0105c przy tym u\u017cyteczno\u015b\u0107. Kran ogrodowy to idealne rozwi\u0105zanie do ogrodu i na dzia\u0142k\u0119.","og_url":"https:\/\/doktorvolt.pl\/en\/oferta-doktorvolt\/camping\/garden-posts\/slupek-ogrodowy-z-kranikiem-dekoracyjny-tanker-kran-ogrodowy-na-dzialke-hydrant-antracyt-doktorvolt\/","og_site_name":"DOKTORVOLT\u00ae","og_image":[{"width":1600,"height":1600,"url":"https:\/\/doktorvolt.pl\/wp-content\/uploads\/2026\/02\/pol_pl_Slupek-ogrodowy-z-kranikiem-dekoracyjny-tanker-kran-ogrodowy-na-dzialke-hydrant-antracyt-Doktorvolt-19947_1.jpg","type":"image\/jpeg"}],"twitter_card":"summary_large_image","twitter_misc":{"Est. reading time":"1 minute"},"schema":{"@context":"https:\/\/schema.org","@graph":[{"@type":"WebPage","@id":"https:\/\/doktorvolt.pl\/en\/oferta-doktorvolt\/camping\/garden-posts\/slupek-ogrodowy-z-kranikiem-dekoracyjny-tanker-kran-ogrodowy-na-dzialke-hydrant-antracyt-doktorvolt\/","url":"https:\/\/doktorvolt.pl\/en\/oferta-doktorvolt\/camping\/garden-posts\/slupek-ogrodowy-z-kranikiem-dekoracyjny-tanker-kran-ogrodowy-na-dzialke-hydrant-antracyt-doktorvolt\/","name":"S\u0142upek ogrodowy z kranikiem dekoracyjny tanker kran ogrodowy na dzia\u0142k\u0119 hydrant antracyt Doktorvolt - DOKTORVOLT\u00ae","isPartOf":{"@id":"https:\/\/doktorvolt.pl\/de\/#website"},"primaryImageOfPage":{"@id":"https:\/\/doktorvolt.pl\/en\/oferta-doktorvolt\/camping\/garden-posts\/slupek-ogrodowy-z-kranikiem-dekoracyjny-tanker-kran-ogrodowy-na-dzialke-hydrant-antracyt-doktorvolt\/#primaryimage"},"image":{"@id":"https:\/\/doktorvolt.pl\/en\/oferta-doktorvolt\/camping\/garden-posts\/slupek-ogrodowy-z-kranikiem-dekoracyjny-tanker-kran-ogrodowy-na-dzialke-hydrant-antracyt-doktorvolt\/#primaryimage"},"thumbnailUrl":"https:\/\/doktorvolt.pl\/wp-content\/uploads\/2026\/02\/pol_pl_Slupek-ogrodowy-z-kranikiem-dekoracyjny-tanker-kran-ogrodowy-na-dzialke-hydrant-antracyt-Doktorvolt-19947_1.jpg","datePublished":"2026-02-23T14:11:39+00:00","breadcrumb":{"@id":"https:\/\/doktorvolt.pl\/en\/oferta-doktorvolt\/camping\/garden-posts\/slupek-ogrodowy-z-kranikiem-dekoracyjny-tanker-kran-ogrodowy-na-dzialke-hydrant-antracyt-doktorvolt\/#breadcrumb"},"inLanguage":"en-US","potentialAction":[{"@type":"ReadAction","target":["https:\/\/doktorvolt.pl\/en\/oferta-doktorvolt\/camping\/garden-posts\/slupek-ogrodowy-z-kranikiem-dekoracyjny-tanker-kran-ogrodowy-na-dzialke-hydrant-antracyt-doktorvolt\/"]}]},{"@type":"ImageObject","inLanguage":"en-US","@id":"https:\/\/doktorvolt.pl\/en\/oferta-doktorvolt\/camping\/garden-posts\/slupek-ogrodowy-z-kranikiem-dekoracyjny-tanker-kran-ogrodowy-na-dzialke-hydrant-antracyt-doktorvolt\/#primaryimage","url":"https:\/\/doktorvolt.pl\/wp-content\/uploads\/2026\/02\/pol_pl_Slupek-ogrodowy-z-kranikiem-dekoracyjny-tanker-kran-ogrodowy-na-dzialke-hydrant-antracyt-Doktorvolt-19947_1.jpg","contentUrl":"https:\/\/doktorvolt.pl\/wp-content\/uploads\/2026\/02\/pol_pl_Slupek-ogrodowy-z-kranikiem-dekoracyjny-tanker-kran-ogrodowy-na-dzialke-hydrant-antracyt-Doktorvolt-19947_1.jpg","width":1600,"height":1600},{"@type":"BreadcrumbList","@id":"https:\/\/doktorvolt.pl\/en\/oferta-doktorvolt\/camping\/garden-posts\/slupek-ogrodowy-z-kranikiem-dekoracyjny-tanker-kran-ogrodowy-na-dzialke-hydrant-antracyt-doktorvolt\/#breadcrumb","itemListElement":[{"@type":"ListItem","position":1,"name":"Strona g\u0142\u00f3wna","item":"https:\/\/doktorvolt.pl\/en\/"},{"@type":"ListItem","position":2,"name":"Offer Doktorvolt","item":"https:\/\/doktorvolt.pl\/en\/offer-doktorvolt\/"},{"@type":"ListItem","position":3,"name":"S\u0142upek ogrodowy z kranikiem dekoracyjny tanker kran ogrodowy na dzia\u0142k\u0119 hydrant antracyt Doktorvolt"}]},{"@type":"WebSite","@id":"https:\/\/doktorvolt.pl\/de\/#website","url":"https:\/\/doktorvolt.pl\/de\/","name":"DOKTORVOLT\u00ae","description":"Producent rozdzielnic budowlanych","publisher":{"@id":"https:\/\/doktorvolt.pl\/de\/#organization"},"potentialAction":[{"@type":"SearchAction","target":{"@type":"EntryPoint","urlTemplate":"https:\/\/doktorvolt.pl\/de\/?s={search_term_string}"},"query-input":{"@type":"PropertyValueSpecification","valueRequired":true,"valueName":"search_term_string"}}],"inLanguage":"en-US"},{"@type":"Organization","@id":"https:\/\/doktorvolt.pl\/de\/#organization","name":"DOKTORVOLT\u00ae","url":"https:\/\/doktorvolt.pl\/de\/","logo":{"@type":"ImageObject","inLanguage":"en-US","@id":"https:\/\/doktorvolt.pl\/de\/#\/schema\/logo\/image\/","url":"https:\/\/doktorvolt.pl\/wp-content\/uploads\/2023\/10\/DoktorVOLT-black-png.png","contentUrl":"https:\/\/doktorvolt.pl\/wp-content\/uploads\/2023\/10\/DoktorVOLT-black-png.png","width":729,"height":40,"caption":"DOKTORVOLT\u00ae"},"image":{"@id":"https:\/\/doktorvolt.pl\/de\/#\/schema\/logo\/image\/"}}]}},"_links":{"self":[{"href":"https:\/\/doktorvolt.pl\/en\/wp-json\/wp\/v2\/product\/110625","targetHints":{"allow":["GET"]}}],"collection":[{"href":"https:\/\/doktorvolt.pl\/en\/wp-json\/wp\/v2\/product"}],"about":[{"href":"https:\/\/doktorvolt.pl\/en\/wp-json\/wp\/v2\/types\/product"}],"wp:featuredmedia":[{"embeddable":true,"href":"https:\/\/doktorvolt.pl\/en\/wp-json\/wp\/v2\/media\/106112"}],"wp:attachment":[{"href":"https:\/\/doktorvolt.pl\/en\/wp-json\/wp\/v2\/media?parent=110625"}],"wp:term":[{"taxonomy":"product_brand","embeddable":true,"href":"https:\/\/doktorvolt.pl\/en\/wp-json\/wp\/v2\/product_brand?post=110625"},{"taxonomy":"product_cat","embeddable":true,"href":"https:\/\/doktorvolt.pl\/en\/wp-json\/wp\/v2\/product_cat?post=110625"},{"taxonomy":"product_tag","embeddable":true,"href":"https:\/\/doktorvolt.pl\/en\/wp-json\/wp\/v2\/product_tag?post=110625"}],"curies":[{"name":"wp","href":"https:\/\/api.w.org\/{rel}","templated":true}]}}