{"id":110629,"date":"2026-02-23T16:10:44","date_gmt":"2026-02-23T14:10:44","guid":{"rendered":"https:\/\/doktorvolt.pl\/sklep\/uncategorized\/przedluzacz-elektryczny-4-krotny-15m-listwa-zasilajaca-4-gniazda-3x15mm2-czarny-doktorvolt-dv-4940-f\/"},"modified":"2026-02-23T16:10:44","modified_gmt":"2026-02-23T14:10:44","slug":"przedluzacz-elektryczny-4-krotny-15m-listwa-zasilajaca-4-gniazda-3x15mm2-czarny-doktorvolt-dv-4940-f","status":"publish","type":"product","link":"https:\/\/doktorvolt.pl\/en\/oferta-doktorvolt\/extension-cords\/multi-socket-extension-cords\/przedluzacz-elektryczny-4-krotny-15m-listwa-zasilajaca-4-gniazda-3x15mm2-czarny-doktorvolt-dv-4940-f\/","title":{"rendered":"Przed\u0142u\u017cacz elektryczny 4-krotny 15m listwa zasilaj\u0105ca 4 gniazda 3&#215;1,5mm2 czarny Doktorvolt DV-4940-F"},"content":{"rendered":"<p><!-- Nag\u0142\u00f3wek g\u0142\u00f3wny strony --><\/p>\n<h1 style=\"font-size: 24pt; text-align: center\">\n    <!-- Tytu\u0142 strony --><br \/>\n    <span style=\"display: inline-block; width: 100%;\">Przed\u0142u\u017cacz elektryczny 4-krotny 16A 15m listwa zasilaj\u0105ca 250V H07RN-F 3&#215;1,5mm2 czarny Doktorvolt DV-4940-F<\/span><br \/>\n<\/h1>\n<p><!-- Kr\u00f3tki opis produktu --><\/p>\n<h4 style=\"font-size: 14pt; text-align: center\">\n    <span>Solidny przew\u00f3d H07RN-F 3&#215;1,5 mm\u00b2 odporny na wilgo\u0107, oleje i uszkodzenia mechaniczne gwarantuje niezawodne dzia\u0142anie w trudnych warunkach. Idealny do intensywnego, profesjonalnego u\u017cytku. Listwa zasilaj\u0105ca posiada 4 gniazda (230 V), umo\u017cliwiaj\u0105c jednoczesne pod\u0142\u0105czenie kilku elektronarz\u0119dzi lub urz\u0105dze\u0144 domowych. To komfort i oszcz\u0119dno\u015b\u0107 czasu na miejscu pracy.<\/span><br \/>\n<\/h4>\n<p><!-- Separator graficzny --><\/p>\n<div>\n    <img decoding=\"async\" style=\"max-width: 100%; margin-bottom: 20px; margin-top: 20px;\"\n         src=\"https:\/\/shop38554-1.yourtechnicaldomain.com\/data\/include\/cms\/1-zdjecia-produktow\/DOKTORVOLT\/DV-4995-EV\/ikonka_zielona_z_literka_D_biala.png?v=1729773346118\"\n         border=\"0\" width=\"1900\" height=\"30\">\n<\/div>\n<p><!-- G\u0142\u00f3wna sekcja z opisem i obrazem produktu --><\/p>\n<div style=\"display: flex; width: 100%; justify-content: space-between; align-items: center; flex-wrap: wrap; gap: 20px; padding: 30px;\">\n    <!-- Sekcja tekstowa z opisem produktu --><\/p>\n<div style=\"flex: 3; max-width: 550px;\">\n<h2 style=\"font-size: 16pt; padding-bottom: 10px; color: #000 !important; border-bottom: 5px solid #7dd956;\">\n            <strong>Solidny i wytrzyma\u0142y przed\u0142u\u017cacz<\/strong><br \/>\n        <\/h2>\n<p style=\"font-size: 14pt; text-align: justify;\">\n            Przed\u0142u\u017cacz Doktorvolt DV-4940-F ma 15 metr\u00f3w d\u0142ugo\u015bci i jest wyposa\u017cony w cztery gniazda 2p+Z oraz wtyczk\u0119 uni-schuko 16A 230V IP44. Jest wykonany z czarnej gumy, co zapewnia jego trwa\u0142o\u015b\u0107. Dodatkowo, zestaw zawiera rzep do kabli, u\u0142atwiaj\u0105cy organizacj\u0119 i przechowywanie.\n        <\/p>\n<\/p><\/div>\n<p>    <!-- Sekcja z obrazem produktu --><\/p>\n<div style=\"flex: 2; max-width: 472px;\">\n        <img decoding=\"async\" src=\"https:\/\/preis-zone.com\/hpeciai\/08be41f8ff025e8ba7c000d8d853e9cc\/19927_8.jpg?55636\"\n             width=\"472\" height=\"472\" style=\"max-width: 100%; border-radius: 8px;\">\n    <\/div>\n<\/div>\n<p><!-- Separator graficzny --><\/p>\n<div>\n    <img decoding=\"async\" style=\"max-width: 100%; margin-bottom: 20px; margin-top: 20px;\"\n         src=\"https:\/\/shop38554-1.yourtechnicaldomain.com\/data\/include\/cms\/1-zdjecia-produktow\/DOKTORVOLT\/DV-4995-EV\/ikonka_zielona_z_literka_D_biala.png?v=1729773346118\"\n         border=\"0\" width=\"1900\" height=\"30\">\n<\/div>\n<p><!-- Sekcja video i specyfikacja techniczna --><\/p>\n<div style=\"display: flex; width: 100%; flex-wrap: wrap; justify-content: space-around;\">\n    <!-- Sekcja z video --><\/p>\n<div style=\"flex: 2; max-width: 472px;\">\n<video style=\"max-width=100%; margin-top: 10px; padding-top: 10px;\" width=\"400\" height=\"300\" src=\"https:\/\/preis-zone.com\/data\/include\/cms\/1-zdjecia-produktow\/DOKTORVOLT\/DV-4940-F\/DV-4940-F_v.mp4?v=1741769779037\" type=\"video\/mp4\" controls autoplay muted loop controlsList=\"nodownload\"><\/video>\n<\/div>\n<p>    <!-- Specyfikacja techniczna produktu --><\/p>\n<div style=\"display: flex; flex-direction: column; justify-content: center; align-items: left; padding-left: 50px; padding-right: 50px; padding-top: 30px; max-width: 500px; font-size: 14pt;\">\n<h2 style=\"font-size: 16pt; color: #000 !important; padding-bottom: 10px; border-bottom: 5px solid #7dd956;\">\n            <strong>Specyfikacja Techniczna<\/strong><br \/>\n        <\/h2>\n<p style=\"margin: 5px;\"><strong>D\u0142ugo\u015b\u0107:<\/strong> 15m<\/p>\n<p style=\"margin: 5px;\"><strong>Ilo\u015b\u0107 gniazd:<\/strong> 4x 2p+Z<\/p>\n<p style=\"margin: 5px;\"><strong>Kolor:<\/strong> czarny<\/p>\n<p style=\"margin: 5px;\"><strong>Materia\u0142 kabla:<\/strong> guma<\/p>\n<p style=\"margin: 5px;\"><strong>Gniazda:<\/strong> 4x 230V Typ E<\/p>\n<p style=\"margin: 5px;\"><strong>Wtyczka:<\/strong> uni-schuko 16A 230V IP44 Bals<\/p>\n<p style=\"margin: 5px;\"><strong>Akcesoria do\u0142\u0105czone:<\/strong> rzep do kabli 28cm<\/p>\n<\/p><\/div>\n<\/div>\n","protected":false},"excerpt":{"rendered":"<p>Przed\u0142u\u017cacz budowlany o d\u0142ugo\u015bci 15 metr\u00f3w pozwala na wygodne zasilanie urz\u0105dze\u0144 w ogrodzie, warsztacie czy na budowie. Idealny wsz\u0119dzie tam, gdzie liczy si\u0119 mobilno\u015b\u0107 i zasi\u0119g.<\/p>\n","protected":false},"featured_media":106044,"template":"","meta":[],"product_brand":[],"product_cat":[5121],"product_tag":[],"class_list":{"0":"post-110629","1":"product","2":"type-product","3":"status-publish","4":"has-post-thumbnail","6":"product_cat-multi-socket-extension-cords","7":"pa_dlugosc-kabla-15m","8":"pa_prad-znamionowy-16a","9":"pa_przekroj-kabla-3x1","10":"pa_przekroj-kabla-5mm2","12":"first","13":"instock","14":"shipping-taxable","15":"product-type-external"},"yoast_head":"<!-- This site is optimized with the Yoast SEO plugin v27.0 - https:\/\/yoast.com\/product\/yoast-seo-wordpress\/ -->\n<title>Przed\u0142u\u017cacz elektryczny 4-krotny 15m listwa zasilaj\u0105ca 4 gniazda 3x1,5mm2 czarny Doktorvolt DV-4940-F - DOKTORVOLT\u00ae<\/title>\n<meta name=\"robots\" content=\"index, follow, max-snippet:-1, max-image-preview:large, max-video-preview:-1\" \/>\n<link rel=\"canonical\" href=\"https:\/\/doktorvolt.pl\/en\/oferta-doktorvolt\/extension-cords\/multi-socket-extension-cords\/przedluzacz-elektryczny-4-krotny-15m-listwa-zasilajaca-4-gniazda-3x15mm2-czarny-doktorvolt-dv-4940-f\/\" \/>\n<meta property=\"og:locale\" content=\"en_US\" \/>\n<meta property=\"og:type\" content=\"article\" \/>\n<meta property=\"og:title\" content=\"Przed\u0142u\u017cacz elektryczny 4-krotny 15m listwa zasilaj\u0105ca 4 gniazda 3x1,5mm2 czarny Doktorvolt DV-4940-F - DOKTORVOLT\u00ae\" \/>\n<meta property=\"og:description\" content=\"Przed\u0142u\u017cacz budowlany o d\u0142ugo\u015bci 15 metr\u00f3w pozwala na wygodne zasilanie urz\u0105dze\u0144 w ogrodzie, warsztacie czy na budowie. Idealny wsz\u0119dzie tam, gdzie liczy si\u0119 mobilno\u015b\u0107 i zasi\u0119g.\" \/>\n<meta property=\"og:url\" content=\"https:\/\/doktorvolt.pl\/en\/oferta-doktorvolt\/extension-cords\/multi-socket-extension-cords\/przedluzacz-elektryczny-4-krotny-15m-listwa-zasilajaca-4-gniazda-3x15mm2-czarny-doktorvolt-dv-4940-f\/\" \/>\n<meta property=\"og:site_name\" content=\"DOKTORVOLT\u00ae\" \/>\n<meta property=\"og:image\" content=\"https:\/\/doktorvolt.pl\/wp-content\/uploads\/2026\/02\/pol_pl_19927-19927_1.jpg\" \/>\n\t<meta property=\"og:image:width\" content=\"1600\" \/>\n\t<meta property=\"og:image:height\" content=\"1600\" \/>\n\t<meta property=\"og:image:type\" content=\"image\/jpeg\" \/>\n<meta name=\"twitter:card\" content=\"summary_large_image\" \/>\n<meta name=\"twitter:label1\" content=\"Est. reading time\" \/>\n\t<meta name=\"twitter:data1\" content=\"1 minute\" \/>\n<script type=\"application\/ld+json\" class=\"yoast-schema-graph\">{\"@context\":\"https:\/\/schema.org\",\"@graph\":[{\"@type\":\"WebPage\",\"@id\":\"https:\/\/doktorvolt.pl\/en\/oferta-doktorvolt\/extension-cords\/multi-socket-extension-cords\/przedluzacz-elektryczny-4-krotny-15m-listwa-zasilajaca-4-gniazda-3x15mm2-czarny-doktorvolt-dv-4940-f\/\",\"url\":\"https:\/\/doktorvolt.pl\/en\/oferta-doktorvolt\/extension-cords\/multi-socket-extension-cords\/przedluzacz-elektryczny-4-krotny-15m-listwa-zasilajaca-4-gniazda-3x15mm2-czarny-doktorvolt-dv-4940-f\/\",\"name\":\"Przed\u0142u\u017cacz elektryczny 4-krotny 15m listwa zasilaj\u0105ca 4 gniazda 3x1,5mm2 czarny Doktorvolt DV-4940-F - DOKTORVOLT\u00ae\",\"isPartOf\":{\"@id\":\"https:\/\/doktorvolt.pl\/de\/#website\"},\"primaryImageOfPage\":{\"@id\":\"https:\/\/doktorvolt.pl\/en\/oferta-doktorvolt\/extension-cords\/multi-socket-extension-cords\/przedluzacz-elektryczny-4-krotny-15m-listwa-zasilajaca-4-gniazda-3x15mm2-czarny-doktorvolt-dv-4940-f\/#primaryimage\"},\"image\":{\"@id\":\"https:\/\/doktorvolt.pl\/en\/oferta-doktorvolt\/extension-cords\/multi-socket-extension-cords\/przedluzacz-elektryczny-4-krotny-15m-listwa-zasilajaca-4-gniazda-3x15mm2-czarny-doktorvolt-dv-4940-f\/#primaryimage\"},\"thumbnailUrl\":\"https:\/\/doktorvolt.pl\/wp-content\/uploads\/2026\/02\/pol_pl_19927-19927_1.jpg\",\"datePublished\":\"2026-02-23T14:10:44+00:00\",\"breadcrumb\":{\"@id\":\"https:\/\/doktorvolt.pl\/en\/oferta-doktorvolt\/extension-cords\/multi-socket-extension-cords\/przedluzacz-elektryczny-4-krotny-15m-listwa-zasilajaca-4-gniazda-3x15mm2-czarny-doktorvolt-dv-4940-f\/#breadcrumb\"},\"inLanguage\":\"en-US\",\"potentialAction\":[{\"@type\":\"ReadAction\",\"target\":[\"https:\/\/doktorvolt.pl\/en\/oferta-doktorvolt\/extension-cords\/multi-socket-extension-cords\/przedluzacz-elektryczny-4-krotny-15m-listwa-zasilajaca-4-gniazda-3x15mm2-czarny-doktorvolt-dv-4940-f\/\"]}]},{\"@type\":\"ImageObject\",\"inLanguage\":\"en-US\",\"@id\":\"https:\/\/doktorvolt.pl\/en\/oferta-doktorvolt\/extension-cords\/multi-socket-extension-cords\/przedluzacz-elektryczny-4-krotny-15m-listwa-zasilajaca-4-gniazda-3x15mm2-czarny-doktorvolt-dv-4940-f\/#primaryimage\",\"url\":\"https:\/\/doktorvolt.pl\/wp-content\/uploads\/2026\/02\/pol_pl_19927-19927_1.jpg\",\"contentUrl\":\"https:\/\/doktorvolt.pl\/wp-content\/uploads\/2026\/02\/pol_pl_19927-19927_1.jpg\",\"width\":1600,\"height\":1600},{\"@type\":\"BreadcrumbList\",\"@id\":\"https:\/\/doktorvolt.pl\/en\/oferta-doktorvolt\/extension-cords\/multi-socket-extension-cords\/przedluzacz-elektryczny-4-krotny-15m-listwa-zasilajaca-4-gniazda-3x15mm2-czarny-doktorvolt-dv-4940-f\/#breadcrumb\",\"itemListElement\":[{\"@type\":\"ListItem\",\"position\":1,\"name\":\"Strona g\u0142\u00f3wna\",\"item\":\"https:\/\/doktorvolt.pl\/en\/\"},{\"@type\":\"ListItem\",\"position\":2,\"name\":\"Offer Doktorvolt\",\"item\":\"https:\/\/doktorvolt.pl\/en\/offer-doktorvolt\/\"},{\"@type\":\"ListItem\",\"position\":3,\"name\":\"Przed\u0142u\u017cacz elektryczny 4-krotny 15m listwa zasilaj\u0105ca 4 gniazda 3&#215;1,5mm2 czarny Doktorvolt DV-4940-F\"}]},{\"@type\":\"WebSite\",\"@id\":\"https:\/\/doktorvolt.pl\/de\/#website\",\"url\":\"https:\/\/doktorvolt.pl\/de\/\",\"name\":\"DOKTORVOLT\u00ae\",\"description\":\"Producent rozdzielnic budowlanych\",\"publisher\":{\"@id\":\"https:\/\/doktorvolt.pl\/de\/#organization\"},\"potentialAction\":[{\"@type\":\"SearchAction\",\"target\":{\"@type\":\"EntryPoint\",\"urlTemplate\":\"https:\/\/doktorvolt.pl\/de\/?s={search_term_string}\"},\"query-input\":{\"@type\":\"PropertyValueSpecification\",\"valueRequired\":true,\"valueName\":\"search_term_string\"}}],\"inLanguage\":\"en-US\"},{\"@type\":\"Organization\",\"@id\":\"https:\/\/doktorvolt.pl\/de\/#organization\",\"name\":\"DOKTORVOLT\u00ae\",\"url\":\"https:\/\/doktorvolt.pl\/de\/\",\"logo\":{\"@type\":\"ImageObject\",\"inLanguage\":\"en-US\",\"@id\":\"https:\/\/doktorvolt.pl\/de\/#\/schema\/logo\/image\/\",\"url\":\"https:\/\/doktorvolt.pl\/wp-content\/uploads\/2023\/10\/DoktorVOLT-black-png.png\",\"contentUrl\":\"https:\/\/doktorvolt.pl\/wp-content\/uploads\/2023\/10\/DoktorVOLT-black-png.png\",\"width\":729,\"height\":40,\"caption\":\"DOKTORVOLT\u00ae\"},\"image\":{\"@id\":\"https:\/\/doktorvolt.pl\/de\/#\/schema\/logo\/image\/\"}}]}<\/script>\n<!-- \/ Yoast SEO plugin. -->","yoast_head_json":{"title":"Przed\u0142u\u017cacz elektryczny 4-krotny 15m listwa zasilaj\u0105ca 4 gniazda 3x1,5mm2 czarny Doktorvolt DV-4940-F - DOKTORVOLT\u00ae","robots":{"index":"index","follow":"follow","max-snippet":"max-snippet:-1","max-image-preview":"max-image-preview:large","max-video-preview":"max-video-preview:-1"},"canonical":"https:\/\/doktorvolt.pl\/en\/oferta-doktorvolt\/extension-cords\/multi-socket-extension-cords\/przedluzacz-elektryczny-4-krotny-15m-listwa-zasilajaca-4-gniazda-3x15mm2-czarny-doktorvolt-dv-4940-f\/","og_locale":"en_US","og_type":"article","og_title":"Przed\u0142u\u017cacz elektryczny 4-krotny 15m listwa zasilaj\u0105ca 4 gniazda 3x1,5mm2 czarny Doktorvolt DV-4940-F - DOKTORVOLT\u00ae","og_description":"Przed\u0142u\u017cacz budowlany o d\u0142ugo\u015bci 15 metr\u00f3w pozwala na wygodne zasilanie urz\u0105dze\u0144 w ogrodzie, warsztacie czy na budowie. Idealny wsz\u0119dzie tam, gdzie liczy si\u0119 mobilno\u015b\u0107 i zasi\u0119g.","og_url":"https:\/\/doktorvolt.pl\/en\/oferta-doktorvolt\/extension-cords\/multi-socket-extension-cords\/przedluzacz-elektryczny-4-krotny-15m-listwa-zasilajaca-4-gniazda-3x15mm2-czarny-doktorvolt-dv-4940-f\/","og_site_name":"DOKTORVOLT\u00ae","og_image":[{"width":1600,"height":1600,"url":"https:\/\/doktorvolt.pl\/wp-content\/uploads\/2026\/02\/pol_pl_19927-19927_1.jpg","type":"image\/jpeg"}],"twitter_card":"summary_large_image","twitter_misc":{"Est. reading time":"1 minute"},"schema":{"@context":"https:\/\/schema.org","@graph":[{"@type":"WebPage","@id":"https:\/\/doktorvolt.pl\/en\/oferta-doktorvolt\/extension-cords\/multi-socket-extension-cords\/przedluzacz-elektryczny-4-krotny-15m-listwa-zasilajaca-4-gniazda-3x15mm2-czarny-doktorvolt-dv-4940-f\/","url":"https:\/\/doktorvolt.pl\/en\/oferta-doktorvolt\/extension-cords\/multi-socket-extension-cords\/przedluzacz-elektryczny-4-krotny-15m-listwa-zasilajaca-4-gniazda-3x15mm2-czarny-doktorvolt-dv-4940-f\/","name":"Przed\u0142u\u017cacz elektryczny 4-krotny 15m listwa zasilaj\u0105ca 4 gniazda 3x1,5mm2 czarny Doktorvolt DV-4940-F - DOKTORVOLT\u00ae","isPartOf":{"@id":"https:\/\/doktorvolt.pl\/de\/#website"},"primaryImageOfPage":{"@id":"https:\/\/doktorvolt.pl\/en\/oferta-doktorvolt\/extension-cords\/multi-socket-extension-cords\/przedluzacz-elektryczny-4-krotny-15m-listwa-zasilajaca-4-gniazda-3x15mm2-czarny-doktorvolt-dv-4940-f\/#primaryimage"},"image":{"@id":"https:\/\/doktorvolt.pl\/en\/oferta-doktorvolt\/extension-cords\/multi-socket-extension-cords\/przedluzacz-elektryczny-4-krotny-15m-listwa-zasilajaca-4-gniazda-3x15mm2-czarny-doktorvolt-dv-4940-f\/#primaryimage"},"thumbnailUrl":"https:\/\/doktorvolt.pl\/wp-content\/uploads\/2026\/02\/pol_pl_19927-19927_1.jpg","datePublished":"2026-02-23T14:10:44+00:00","breadcrumb":{"@id":"https:\/\/doktorvolt.pl\/en\/oferta-doktorvolt\/extension-cords\/multi-socket-extension-cords\/przedluzacz-elektryczny-4-krotny-15m-listwa-zasilajaca-4-gniazda-3x15mm2-czarny-doktorvolt-dv-4940-f\/#breadcrumb"},"inLanguage":"en-US","potentialAction":[{"@type":"ReadAction","target":["https:\/\/doktorvolt.pl\/en\/oferta-doktorvolt\/extension-cords\/multi-socket-extension-cords\/przedluzacz-elektryczny-4-krotny-15m-listwa-zasilajaca-4-gniazda-3x15mm2-czarny-doktorvolt-dv-4940-f\/"]}]},{"@type":"ImageObject","inLanguage":"en-US","@id":"https:\/\/doktorvolt.pl\/en\/oferta-doktorvolt\/extension-cords\/multi-socket-extension-cords\/przedluzacz-elektryczny-4-krotny-15m-listwa-zasilajaca-4-gniazda-3x15mm2-czarny-doktorvolt-dv-4940-f\/#primaryimage","url":"https:\/\/doktorvolt.pl\/wp-content\/uploads\/2026\/02\/pol_pl_19927-19927_1.jpg","contentUrl":"https:\/\/doktorvolt.pl\/wp-content\/uploads\/2026\/02\/pol_pl_19927-19927_1.jpg","width":1600,"height":1600},{"@type":"BreadcrumbList","@id":"https:\/\/doktorvolt.pl\/en\/oferta-doktorvolt\/extension-cords\/multi-socket-extension-cords\/przedluzacz-elektryczny-4-krotny-15m-listwa-zasilajaca-4-gniazda-3x15mm2-czarny-doktorvolt-dv-4940-f\/#breadcrumb","itemListElement":[{"@type":"ListItem","position":1,"name":"Strona g\u0142\u00f3wna","item":"https:\/\/doktorvolt.pl\/en\/"},{"@type":"ListItem","position":2,"name":"Offer Doktorvolt","item":"https:\/\/doktorvolt.pl\/en\/offer-doktorvolt\/"},{"@type":"ListItem","position":3,"name":"Przed\u0142u\u017cacz elektryczny 4-krotny 15m listwa zasilaj\u0105ca 4 gniazda 3&#215;1,5mm2 czarny Doktorvolt DV-4940-F"}]},{"@type":"WebSite","@id":"https:\/\/doktorvolt.pl\/de\/#website","url":"https:\/\/doktorvolt.pl\/de\/","name":"DOKTORVOLT\u00ae","description":"Producent rozdzielnic budowlanych","publisher":{"@id":"https:\/\/doktorvolt.pl\/de\/#organization"},"potentialAction":[{"@type":"SearchAction","target":{"@type":"EntryPoint","urlTemplate":"https:\/\/doktorvolt.pl\/de\/?s={search_term_string}"},"query-input":{"@type":"PropertyValueSpecification","valueRequired":true,"valueName":"search_term_string"}}],"inLanguage":"en-US"},{"@type":"Organization","@id":"https:\/\/doktorvolt.pl\/de\/#organization","name":"DOKTORVOLT\u00ae","url":"https:\/\/doktorvolt.pl\/de\/","logo":{"@type":"ImageObject","inLanguage":"en-US","@id":"https:\/\/doktorvolt.pl\/de\/#\/schema\/logo\/image\/","url":"https:\/\/doktorvolt.pl\/wp-content\/uploads\/2023\/10\/DoktorVOLT-black-png.png","contentUrl":"https:\/\/doktorvolt.pl\/wp-content\/uploads\/2023\/10\/DoktorVOLT-black-png.png","width":729,"height":40,"caption":"DOKTORVOLT\u00ae"},"image":{"@id":"https:\/\/doktorvolt.pl\/de\/#\/schema\/logo\/image\/"}}]}},"_links":{"self":[{"href":"https:\/\/doktorvolt.pl\/en\/wp-json\/wp\/v2\/product\/110629","targetHints":{"allow":["GET"]}}],"collection":[{"href":"https:\/\/doktorvolt.pl\/en\/wp-json\/wp\/v2\/product"}],"about":[{"href":"https:\/\/doktorvolt.pl\/en\/wp-json\/wp\/v2\/types\/product"}],"wp:featuredmedia":[{"embeddable":true,"href":"https:\/\/doktorvolt.pl\/en\/wp-json\/wp\/v2\/media\/106044"}],"wp:attachment":[{"href":"https:\/\/doktorvolt.pl\/en\/wp-json\/wp\/v2\/media?parent=110629"}],"wp:term":[{"taxonomy":"product_brand","embeddable":true,"href":"https:\/\/doktorvolt.pl\/en\/wp-json\/wp\/v2\/product_brand?post=110629"},{"taxonomy":"product_cat","embeddable":true,"href":"https:\/\/doktorvolt.pl\/en\/wp-json\/wp\/v2\/product_cat?post=110629"},{"taxonomy":"product_tag","embeddable":true,"href":"https:\/\/doktorvolt.pl\/en\/wp-json\/wp\/v2\/product_tag?post=110629"}],"curies":[{"name":"wp","href":"https:\/\/api.w.org\/{rel}","templated":true}]}}