{"id":110637,"date":"2026-02-23T16:09:38","date_gmt":"2026-02-23T14:09:38","guid":{"rendered":"https:\/\/doktorvolt.pl\/sklep\/uncategorized\/wylacznik-nadpradowy-mcb-10ka-1p-16a-vde-b16a-doktorvolt-dv-3165\/"},"modified":"2026-02-23T16:09:38","modified_gmt":"2026-02-23T14:09:38","slug":"wylacznik-nadpradowy-mcb-10ka-1p-16a-vde-b16a-doktorvolt-dv-3165","status":"publish","type":"product","link":"https:\/\/doktorvolt.pl\/en\/oferta-doktorvolt\/modular-apparatus\/overcurrent-circuit-breakers\/miniature-circuit-breakers-10ka\/wylacznik-nadpradowy-mcb-10ka-1p-16a-vde-b16a-doktorvolt-dv-3165\/","title":{"rendered":"Wy\u0142\u0105cznik nadpr\u0105dowy MCB 10kA 1P 16A VDE B16A Doktorvolt DV-3165"},"content":{"rendered":"<p><!-- Nag\u0142\u00f3wek g\u0142\u00f3wny strony --><\/p>\n<h1 style=\"font-size: 24pt;\">\n    <!-- Tytu\u0142 strony --><br \/>\n    <span style=\"display: inline-block; width: 100%;\">Wy\u0142\u0105cznik nadpr\u0105dowy MCB 10kA 1P 16A VDE B16A Doktorvolt DV-3165<\/span><br \/>\n<\/h1>\n<p><!-- Kr\u00f3tki opis produktu --><\/p>\n<h4 style=\"font-size: 14pt;\">\n    <span>Wy\u0142\u0105cznik nadpr\u0105dowy zosta\u0142 wykonany z materia\u0142\u00f3w najwy\u017cszej jako\u015bci w celu zapewnienia bezpiecze\u0144stwa u\u017cytkownik\u00f3w. Jego zadaniem jest reagowanie na gwa\u0142towne skoki pr\u0105du typowe podczas powstania zwar\u0107 i automatyczne reagowanie. Posiada certyfikat VDE potwierdzaj\u0105cy zgodno\u015b\u0107 z mi\u0119dzynarodowymi normami bezpiecze\u0144stwa elektrycznego.<\/span><br \/>\n<\/h4>\n<p><!-- Separator graficzny --><\/p>\n<div>\n    <img decoding=\"async\" style=\"max-width: 100%; margin-bottom: 20px; margin-top: 20px;\"\n         src=\"https:\/\/shop38554-1.yourtechnicaldomain.com\/data\/include\/cms\/1-zdjecia-produktow\/DOKTORVOLT\/DV-4995-EV\/ikonka_zielona_z_literka_D_biala.png?v=1729773346118\"\n         border=\"0\" width=\"1900\" height=\"30\">\n<\/div>\n<p><!-- G\u0142\u00f3wna sekcja z opisem i obrazem produktu --><\/p>\n<div style=\"display: flex; width: 100%; justify-content: space-between; align-items: center; flex-wrap: wrap; gap: 20px; padding: 30px;\">\n    <!-- Sekcja tekstowa z opisem produktu --><\/p>\n<div style=\"flex: 3; max-width: 550px;\">\n<h2 style=\"font-size: 16pt; padding-bottom: 10px; color: #000 !important; border-bottom: 5px solid #7dd956;\">\n            <strong>Wysoka jako\u015b\u0107 wykonania<\/strong><br \/>\n        <\/h2>\n<p style=\"font-size: 14pt; text-align: justify;\">\n            Wy\u0142\u0105cznik nadpr\u0105dowy DV-3165 o pr\u0105dzie znamionowym <strong>16A<\/strong> i napi\u0119ciu<strong> 230V<\/strong> zapewnia skuteczn\u0105 ochron\u0119 instalacji elektrycznych w przemy\u015ble i budownictwie.<strong> Charakterystyka B<\/strong> oznacza, \u017ce jest bardziej czu\u0142y na niewielkie przeci\u0105\u017cenia, co czyni go odpowiednim do ochrony obwod\u00f3w o niskim stopniu indukcyjno\u015bci, takich jak w urz\u0105dzeniach elektronicznych. Wyposa\u017cony w opcj\u0119 oznaczenia etykiet\u0105, kt\u00f3r\u0105 mo\u017cna umie\u015bci\u0107 pod plastikow\u0105 klapk\u0105, u\u0142atwia identyfikacj\u0119. <strong>Certyfikat VDE<\/strong> potwierdza wysok\u0105 jako\u015b\u0107 i niezawodno\u015b\u0107. Dodatkowym atutem jest odporno\u015b\u0107 na pr\u0105d zwarciowy do <strong>10kA<\/strong>, co czyni go idealnym wyborem do zaawansowanych system\u00f3w elektrycznych wymagaj\u0105cych niezawodno\u015bci i bezpiecze\u0144stwa.<\/p>\n<\/p><\/div>\n<p>    <!-- Sekcja z obrazem produktu --><\/p>\n<div style=\"flex: 2; max-width: 472px;\">\n        <img decoding=\"async\" src=\"https:\/\/preis-zone.pl\/data\/include\/cms\/1-zdjecia-produktow\/DOKTORVOLT\/DV-3165\/DV-3165_10.jpg?v=1740133981693\"\n             width=\"472\" height=\"472\" style=\"max-width: 100%; border-radius: 8px;\">\n    <\/div>\n<\/div>\n<p><!-- Separator graficzny --><\/p>\n<div>\n    <img decoding=\"async\" style=\"max-width: 100%; margin-bottom: 20px; margin-top: 20px;\"\n         src=\"https:\/\/shop38554-1.yourtechnicaldomain.com\/data\/include\/cms\/1-zdjecia-produktow\/DOKTORVOLT\/DV-4995-EV\/ikonka_zielona_z_literka_D_biala.png?v=1729773346118\"\n         border=\"0\" width=\"1900\" height=\"30\">\n<\/div>\n<p><!-- Sekcja video i specyfikacja techniczna --><\/p>\n<div style=\"display: flex; width: 100%; flex-wrap: wrap; justify-content: space-around;\">\n    <!-- Sekcja z video --><\/p>\n<div style=\"flex: 2; max-width: 472px;\">\n<video style=\"max-width=100%; margin-top: 10px; padding-top: 10px;\" width=\"500\" height=\"400\" src=\"https:\/\/preis-zone.com\/data\/include\/cms\/1-zdjecia-produktow\/DOKTORVOLT\/1.Filmiki-grupowe\/1739978646DV_MCB_RCCB_Video_Draft_bez_dzwieku.mp4?v=1739971471933\" type=\"video\/mp4\" controls autoplay muted loop controlsList=\"nodownload\"><\/video>\n<\/div>\n<p>    <!-- Specyfikacja techniczna produktu --><\/p>\n<div style=\"display: flex; flex-direction: column; justify-content: center; align-items: left; padding-left: 50px; padding-right: 50px; padding-top: 30px; max-width: 500px; font-size: 14pt;\">\n<h2 style=\"font-size: 16pt; color: #000 !important; padding-bottom: 10px; border-bottom: 5px solid #7dd956;\">\n            <strong>Specyfikacja Techniczna<\/strong><br \/>\n        <\/h2>\n<p style=\"margin: 5px;\"><strong>Znamionowy warunkowy pr\u0105d zwarcia:<\/strong> 10kA<\/p>\n<p style=\"margin: 5px;\"><strong>Pr\u0105d znamionowy:<\/strong> 16A<\/p>\n<p style=\"margin: 5px;\"><strong>Liczba biegun\u00f3w:<\/strong> 1P<\/p>\n<p style=\"margin: 5px;\"><strong>Napi\u0119cie znamionowe:<\/strong> 230V<\/p>\n<p style=\"margin: 5px;\"><strong>Zakres temperatury pracy:<\/strong> -25 &#8211; +40 <\/p>\n<p style=\"margin: 5px;\"><strong>Stopie\u0144 ochrony:<\/strong> IP20 <\/p>\n<p style=\"margin: 5px;\"><strong>Instalacja:<\/strong> szyna DIN 35mm <\/p>\n<p style=\"margin: 5px;\"><strong>Charakterystyka:<\/strong> B <\/p>\n<p style=\"margin: 5px;\"><strong>Cz\u0119stotliwo\u015b\u0107:<\/strong> 50\/60 Hz <\/p>\n<\/p><\/div>\n<\/div>\n","protected":false},"excerpt":{"rendered":"<p>Wy\u0142\u0105cznik nadpr\u0105dowy z VDE zapewnia bezpiecze\u0144stwo i ochron\u0119 instalacji przed zwarciami i przeci\u0105\u017ceniami. Wykonany z wysokiej jako\u015bci materia\u0142\u00f3w, reaguje na skoki pr\u0105du, gwarantuj\u0105c niezawodno\u015b\u0107. Odporno\u015b\u0107 do 10kA sprawia, \u017ce sprawdzi si\u0119 domu i przemy\u015ble<\/p>\n","protected":false},"featured_media":105972,"template":"","meta":[],"product_brand":[],"product_cat":[5092],"product_tag":[],"class_list":{"0":"post-110637","1":"product","2":"type-product","3":"status-publish","4":"has-post-thumbnail","6":"product_cat-miniature-circuit-breakers-10ka","7":"pa_charakterystyka-b","8":"pa_liczba-biegunow-1p","9":"pa_prad-znamionowy-16a","11":"first","12":"instock","13":"shipping-taxable","14":"product-type-external"},"yoast_head":"<!-- This site is optimized with the Yoast SEO plugin v27.0 - https:\/\/yoast.com\/product\/yoast-seo-wordpress\/ -->\n<title>Wy\u0142\u0105cznik nadpr\u0105dowy MCB 10kA 1P 16A VDE B16A Doktorvolt DV-3165 - DOKTORVOLT\u00ae<\/title>\n<meta name=\"robots\" content=\"index, follow, max-snippet:-1, max-image-preview:large, max-video-preview:-1\" \/>\n<link rel=\"canonical\" href=\"https:\/\/doktorvolt.pl\/en\/oferta-doktorvolt\/modular-apparatus\/overcurrent-circuit-breakers\/miniature-circuit-breakers-10ka\/wylacznik-nadpradowy-mcb-10ka-1p-16a-vde-b16a-doktorvolt-dv-3165\/\" \/>\n<meta property=\"og:locale\" content=\"en_US\" \/>\n<meta property=\"og:type\" content=\"article\" \/>\n<meta property=\"og:title\" content=\"Wy\u0142\u0105cznik nadpr\u0105dowy MCB 10kA 1P 16A VDE B16A Doktorvolt DV-3165 - DOKTORVOLT\u00ae\" \/>\n<meta property=\"og:description\" content=\"Wy\u0142\u0105cznik nadpr\u0105dowy z VDE zapewnia bezpiecze\u0144stwo i ochron\u0119 instalacji przed zwarciami i przeci\u0105\u017ceniami. Wykonany z wysokiej jako\u015bci materia\u0142\u00f3w, reaguje na skoki pr\u0105du, gwarantuj\u0105c niezawodno\u015b\u0107. Odporno\u015b\u0107 do 10kA sprawia, \u017ce sprawdzi si\u0119 domu i przemy\u015ble\" \/>\n<meta property=\"og:url\" content=\"https:\/\/doktorvolt.pl\/en\/oferta-doktorvolt\/modular-apparatus\/overcurrent-circuit-breakers\/miniature-circuit-breakers-10ka\/wylacznik-nadpradowy-mcb-10ka-1p-16a-vde-b16a-doktorvolt-dv-3165\/\" \/>\n<meta property=\"og:site_name\" content=\"DOKTORVOLT\u00ae\" \/>\n<meta property=\"og:image\" content=\"https:\/\/doktorvolt.pl\/wp-content\/uploads\/2026\/02\/pol_pl_19913-19913_9.jpg\" \/>\n\t<meta property=\"og:image:width\" content=\"1600\" \/>\n\t<meta property=\"og:image:height\" content=\"1600\" \/>\n\t<meta property=\"og:image:type\" content=\"image\/jpeg\" \/>\n<meta name=\"twitter:card\" content=\"summary_large_image\" \/>\n<meta name=\"twitter:label1\" content=\"Est. reading time\" \/>\n\t<meta name=\"twitter:data1\" content=\"1 minute\" \/>\n<script type=\"application\/ld+json\" class=\"yoast-schema-graph\">{\"@context\":\"https:\/\/schema.org\",\"@graph\":[{\"@type\":\"WebPage\",\"@id\":\"https:\/\/doktorvolt.pl\/en\/oferta-doktorvolt\/modular-apparatus\/overcurrent-circuit-breakers\/miniature-circuit-breakers-10ka\/wylacznik-nadpradowy-mcb-10ka-1p-16a-vde-b16a-doktorvolt-dv-3165\/\",\"url\":\"https:\/\/doktorvolt.pl\/en\/oferta-doktorvolt\/modular-apparatus\/overcurrent-circuit-breakers\/miniature-circuit-breakers-10ka\/wylacznik-nadpradowy-mcb-10ka-1p-16a-vde-b16a-doktorvolt-dv-3165\/\",\"name\":\"Wy\u0142\u0105cznik nadpr\u0105dowy MCB 10kA 1P 16A VDE B16A Doktorvolt DV-3165 - DOKTORVOLT\u00ae\",\"isPartOf\":{\"@id\":\"https:\/\/doktorvolt.pl\/de\/#website\"},\"primaryImageOfPage\":{\"@id\":\"https:\/\/doktorvolt.pl\/en\/oferta-doktorvolt\/modular-apparatus\/overcurrent-circuit-breakers\/miniature-circuit-breakers-10ka\/wylacznik-nadpradowy-mcb-10ka-1p-16a-vde-b16a-doktorvolt-dv-3165\/#primaryimage\"},\"image\":{\"@id\":\"https:\/\/doktorvolt.pl\/en\/oferta-doktorvolt\/modular-apparatus\/overcurrent-circuit-breakers\/miniature-circuit-breakers-10ka\/wylacznik-nadpradowy-mcb-10ka-1p-16a-vde-b16a-doktorvolt-dv-3165\/#primaryimage\"},\"thumbnailUrl\":\"https:\/\/doktorvolt.pl\/wp-content\/uploads\/2026\/02\/pol_pl_19913-19913_9.jpg\",\"datePublished\":\"2026-02-23T14:09:38+00:00\",\"breadcrumb\":{\"@id\":\"https:\/\/doktorvolt.pl\/en\/oferta-doktorvolt\/modular-apparatus\/overcurrent-circuit-breakers\/miniature-circuit-breakers-10ka\/wylacznik-nadpradowy-mcb-10ka-1p-16a-vde-b16a-doktorvolt-dv-3165\/#breadcrumb\"},\"inLanguage\":\"en-US\",\"potentialAction\":[{\"@type\":\"ReadAction\",\"target\":[\"https:\/\/doktorvolt.pl\/en\/oferta-doktorvolt\/modular-apparatus\/overcurrent-circuit-breakers\/miniature-circuit-breakers-10ka\/wylacznik-nadpradowy-mcb-10ka-1p-16a-vde-b16a-doktorvolt-dv-3165\/\"]}]},{\"@type\":\"ImageObject\",\"inLanguage\":\"en-US\",\"@id\":\"https:\/\/doktorvolt.pl\/en\/oferta-doktorvolt\/modular-apparatus\/overcurrent-circuit-breakers\/miniature-circuit-breakers-10ka\/wylacznik-nadpradowy-mcb-10ka-1p-16a-vde-b16a-doktorvolt-dv-3165\/#primaryimage\",\"url\":\"https:\/\/doktorvolt.pl\/wp-content\/uploads\/2026\/02\/pol_pl_19913-19913_9.jpg\",\"contentUrl\":\"https:\/\/doktorvolt.pl\/wp-content\/uploads\/2026\/02\/pol_pl_19913-19913_9.jpg\",\"width\":1600,\"height\":1600},{\"@type\":\"BreadcrumbList\",\"@id\":\"https:\/\/doktorvolt.pl\/en\/oferta-doktorvolt\/modular-apparatus\/overcurrent-circuit-breakers\/miniature-circuit-breakers-10ka\/wylacznik-nadpradowy-mcb-10ka-1p-16a-vde-b16a-doktorvolt-dv-3165\/#breadcrumb\",\"itemListElement\":[{\"@type\":\"ListItem\",\"position\":1,\"name\":\"Strona g\u0142\u00f3wna\",\"item\":\"https:\/\/doktorvolt.pl\/en\/\"},{\"@type\":\"ListItem\",\"position\":2,\"name\":\"Offer Doktorvolt\",\"item\":\"https:\/\/doktorvolt.pl\/en\/offer-doktorvolt\/\"},{\"@type\":\"ListItem\",\"position\":3,\"name\":\"Wy\u0142\u0105cznik nadpr\u0105dowy MCB 10kA 1P 16A VDE B16A Doktorvolt DV-3165\"}]},{\"@type\":\"WebSite\",\"@id\":\"https:\/\/doktorvolt.pl\/de\/#website\",\"url\":\"https:\/\/doktorvolt.pl\/de\/\",\"name\":\"DOKTORVOLT\u00ae\",\"description\":\"Producent rozdzielnic budowlanych\",\"publisher\":{\"@id\":\"https:\/\/doktorvolt.pl\/de\/#organization\"},\"potentialAction\":[{\"@type\":\"SearchAction\",\"target\":{\"@type\":\"EntryPoint\",\"urlTemplate\":\"https:\/\/doktorvolt.pl\/de\/?s={search_term_string}\"},\"query-input\":{\"@type\":\"PropertyValueSpecification\",\"valueRequired\":true,\"valueName\":\"search_term_string\"}}],\"inLanguage\":\"en-US\"},{\"@type\":\"Organization\",\"@id\":\"https:\/\/doktorvolt.pl\/de\/#organization\",\"name\":\"DOKTORVOLT\u00ae\",\"url\":\"https:\/\/doktorvolt.pl\/de\/\",\"logo\":{\"@type\":\"ImageObject\",\"inLanguage\":\"en-US\",\"@id\":\"https:\/\/doktorvolt.pl\/de\/#\/schema\/logo\/image\/\",\"url\":\"https:\/\/doktorvolt.pl\/wp-content\/uploads\/2023\/10\/DoktorVOLT-black-png.png\",\"contentUrl\":\"https:\/\/doktorvolt.pl\/wp-content\/uploads\/2023\/10\/DoktorVOLT-black-png.png\",\"width\":729,\"height\":40,\"caption\":\"DOKTORVOLT\u00ae\"},\"image\":{\"@id\":\"https:\/\/doktorvolt.pl\/de\/#\/schema\/logo\/image\/\"}}]}<\/script>\n<!-- \/ Yoast SEO plugin. -->","yoast_head_json":{"title":"Wy\u0142\u0105cznik nadpr\u0105dowy MCB 10kA 1P 16A VDE B16A Doktorvolt DV-3165 - DOKTORVOLT\u00ae","robots":{"index":"index","follow":"follow","max-snippet":"max-snippet:-1","max-image-preview":"max-image-preview:large","max-video-preview":"max-video-preview:-1"},"canonical":"https:\/\/doktorvolt.pl\/en\/oferta-doktorvolt\/modular-apparatus\/overcurrent-circuit-breakers\/miniature-circuit-breakers-10ka\/wylacznik-nadpradowy-mcb-10ka-1p-16a-vde-b16a-doktorvolt-dv-3165\/","og_locale":"en_US","og_type":"article","og_title":"Wy\u0142\u0105cznik nadpr\u0105dowy MCB 10kA 1P 16A VDE B16A Doktorvolt DV-3165 - DOKTORVOLT\u00ae","og_description":"Wy\u0142\u0105cznik nadpr\u0105dowy z VDE zapewnia bezpiecze\u0144stwo i ochron\u0119 instalacji przed zwarciami i przeci\u0105\u017ceniami. Wykonany z wysokiej jako\u015bci materia\u0142\u00f3w, reaguje na skoki pr\u0105du, gwarantuj\u0105c niezawodno\u015b\u0107. Odporno\u015b\u0107 do 10kA sprawia, \u017ce sprawdzi si\u0119 domu i przemy\u015ble","og_url":"https:\/\/doktorvolt.pl\/en\/oferta-doktorvolt\/modular-apparatus\/overcurrent-circuit-breakers\/miniature-circuit-breakers-10ka\/wylacznik-nadpradowy-mcb-10ka-1p-16a-vde-b16a-doktorvolt-dv-3165\/","og_site_name":"DOKTORVOLT\u00ae","og_image":[{"width":1600,"height":1600,"url":"https:\/\/doktorvolt.pl\/wp-content\/uploads\/2026\/02\/pol_pl_19913-19913_9.jpg","type":"image\/jpeg"}],"twitter_card":"summary_large_image","twitter_misc":{"Est. reading time":"1 minute"},"schema":{"@context":"https:\/\/schema.org","@graph":[{"@type":"WebPage","@id":"https:\/\/doktorvolt.pl\/en\/oferta-doktorvolt\/modular-apparatus\/overcurrent-circuit-breakers\/miniature-circuit-breakers-10ka\/wylacznik-nadpradowy-mcb-10ka-1p-16a-vde-b16a-doktorvolt-dv-3165\/","url":"https:\/\/doktorvolt.pl\/en\/oferta-doktorvolt\/modular-apparatus\/overcurrent-circuit-breakers\/miniature-circuit-breakers-10ka\/wylacznik-nadpradowy-mcb-10ka-1p-16a-vde-b16a-doktorvolt-dv-3165\/","name":"Wy\u0142\u0105cznik nadpr\u0105dowy MCB 10kA 1P 16A VDE B16A Doktorvolt DV-3165 - DOKTORVOLT\u00ae","isPartOf":{"@id":"https:\/\/doktorvolt.pl\/de\/#website"},"primaryImageOfPage":{"@id":"https:\/\/doktorvolt.pl\/en\/oferta-doktorvolt\/modular-apparatus\/overcurrent-circuit-breakers\/miniature-circuit-breakers-10ka\/wylacznik-nadpradowy-mcb-10ka-1p-16a-vde-b16a-doktorvolt-dv-3165\/#primaryimage"},"image":{"@id":"https:\/\/doktorvolt.pl\/en\/oferta-doktorvolt\/modular-apparatus\/overcurrent-circuit-breakers\/miniature-circuit-breakers-10ka\/wylacznik-nadpradowy-mcb-10ka-1p-16a-vde-b16a-doktorvolt-dv-3165\/#primaryimage"},"thumbnailUrl":"https:\/\/doktorvolt.pl\/wp-content\/uploads\/2026\/02\/pol_pl_19913-19913_9.jpg","datePublished":"2026-02-23T14:09:38+00:00","breadcrumb":{"@id":"https:\/\/doktorvolt.pl\/en\/oferta-doktorvolt\/modular-apparatus\/overcurrent-circuit-breakers\/miniature-circuit-breakers-10ka\/wylacznik-nadpradowy-mcb-10ka-1p-16a-vde-b16a-doktorvolt-dv-3165\/#breadcrumb"},"inLanguage":"en-US","potentialAction":[{"@type":"ReadAction","target":["https:\/\/doktorvolt.pl\/en\/oferta-doktorvolt\/modular-apparatus\/overcurrent-circuit-breakers\/miniature-circuit-breakers-10ka\/wylacznik-nadpradowy-mcb-10ka-1p-16a-vde-b16a-doktorvolt-dv-3165\/"]}]},{"@type":"ImageObject","inLanguage":"en-US","@id":"https:\/\/doktorvolt.pl\/en\/oferta-doktorvolt\/modular-apparatus\/overcurrent-circuit-breakers\/miniature-circuit-breakers-10ka\/wylacznik-nadpradowy-mcb-10ka-1p-16a-vde-b16a-doktorvolt-dv-3165\/#primaryimage","url":"https:\/\/doktorvolt.pl\/wp-content\/uploads\/2026\/02\/pol_pl_19913-19913_9.jpg","contentUrl":"https:\/\/doktorvolt.pl\/wp-content\/uploads\/2026\/02\/pol_pl_19913-19913_9.jpg","width":1600,"height":1600},{"@type":"BreadcrumbList","@id":"https:\/\/doktorvolt.pl\/en\/oferta-doktorvolt\/modular-apparatus\/overcurrent-circuit-breakers\/miniature-circuit-breakers-10ka\/wylacznik-nadpradowy-mcb-10ka-1p-16a-vde-b16a-doktorvolt-dv-3165\/#breadcrumb","itemListElement":[{"@type":"ListItem","position":1,"name":"Strona g\u0142\u00f3wna","item":"https:\/\/doktorvolt.pl\/en\/"},{"@type":"ListItem","position":2,"name":"Offer Doktorvolt","item":"https:\/\/doktorvolt.pl\/en\/offer-doktorvolt\/"},{"@type":"ListItem","position":3,"name":"Wy\u0142\u0105cznik nadpr\u0105dowy MCB 10kA 1P 16A VDE B16A Doktorvolt DV-3165"}]},{"@type":"WebSite","@id":"https:\/\/doktorvolt.pl\/de\/#website","url":"https:\/\/doktorvolt.pl\/de\/","name":"DOKTORVOLT\u00ae","description":"Producent rozdzielnic budowlanych","publisher":{"@id":"https:\/\/doktorvolt.pl\/de\/#organization"},"potentialAction":[{"@type":"SearchAction","target":{"@type":"EntryPoint","urlTemplate":"https:\/\/doktorvolt.pl\/de\/?s={search_term_string}"},"query-input":{"@type":"PropertyValueSpecification","valueRequired":true,"valueName":"search_term_string"}}],"inLanguage":"en-US"},{"@type":"Organization","@id":"https:\/\/doktorvolt.pl\/de\/#organization","name":"DOKTORVOLT\u00ae","url":"https:\/\/doktorvolt.pl\/de\/","logo":{"@type":"ImageObject","inLanguage":"en-US","@id":"https:\/\/doktorvolt.pl\/de\/#\/schema\/logo\/image\/","url":"https:\/\/doktorvolt.pl\/wp-content\/uploads\/2023\/10\/DoktorVOLT-black-png.png","contentUrl":"https:\/\/doktorvolt.pl\/wp-content\/uploads\/2023\/10\/DoktorVOLT-black-png.png","width":729,"height":40,"caption":"DOKTORVOLT\u00ae"},"image":{"@id":"https:\/\/doktorvolt.pl\/de\/#\/schema\/logo\/image\/"}}]}},"_links":{"self":[{"href":"https:\/\/doktorvolt.pl\/en\/wp-json\/wp\/v2\/product\/110637","targetHints":{"allow":["GET"]}}],"collection":[{"href":"https:\/\/doktorvolt.pl\/en\/wp-json\/wp\/v2\/product"}],"about":[{"href":"https:\/\/doktorvolt.pl\/en\/wp-json\/wp\/v2\/types\/product"}],"wp:featuredmedia":[{"embeddable":true,"href":"https:\/\/doktorvolt.pl\/en\/wp-json\/wp\/v2\/media\/105972"}],"wp:attachment":[{"href":"https:\/\/doktorvolt.pl\/en\/wp-json\/wp\/v2\/media?parent=110637"}],"wp:term":[{"taxonomy":"product_brand","embeddable":true,"href":"https:\/\/doktorvolt.pl\/en\/wp-json\/wp\/v2\/product_brand?post=110637"},{"taxonomy":"product_cat","embeddable":true,"href":"https:\/\/doktorvolt.pl\/en\/wp-json\/wp\/v2\/product_cat?post=110637"},{"taxonomy":"product_tag","embeddable":true,"href":"https:\/\/doktorvolt.pl\/en\/wp-json\/wp\/v2\/product_tag?post=110637"}],"curies":[{"name":"wp","href":"https:\/\/api.w.org\/{rel}","templated":true}]}}