{"id":110672,"date":"2026-02-23T16:07:30","date_gmt":"2026-02-23T14:07:30","guid":{"rendered":"https:\/\/doktorvolt.pl\/sklep\/uncategorized\/rozdzielnica-budowlana-cee-16a-400v-2x230v-schuko-z-zabezpieczeniami-vde-siemens\/"},"modified":"2026-02-23T16:07:30","modified_gmt":"2026-02-23T14:07:30","slug":"rozdzielnica-budowlana-cee-16a-400v-2x230v-schuko-z-zabezpieczeniami-vde-siemens","status":"publish","type":"product","link":"https:\/\/doktorvolt.pl\/en\/oferta-doktorvolt\/distribution-boxes\/jun-series\/rozdzielnica-budowlana-cee-16a-400v-2x230v-schuko-z-zabezpieczeniami-vde-siemens\/","title":{"rendered":"Rozdzielnica budowlana CEE 16A 400V 2x230V Schuko z zabezpieczeniami VDE SIEMENS"},"content":{"rendered":"<h1 style=\"text-align: center; font-size: 24pt;\"><span>Rozdzielnica budowlana CEE 16A 400V 2x230V Schuko z zabezpieczeniami VDE SIEMENS<\/span><\/h1>\n<h4 style=\"font-size: 14pt; text-align: center;\"><span>Rozdzielnica budowlana DOKTORVOLT DV-5534-D (25A) z gniazdami Schuko i CEE, wyposa\u017cona w aparatur\u0119 Siemens oraz certyfikaty <strong>VDE<\/strong> i CE, odporna do -25\u00b0C.<\/span><\/h4>\n<div><img decoding=\"async\" style=\"max-width: 100%;\" src=\"https:\/\/shop38554-1.yourtechnicaldomain.com\/data\/include\/cms\/1-zdjecia-produktow\/DOKTORVOLT\/DV-4995-EV\/ikonka_zielona_z_literka_D_biala.png?v=1729773346118\" border=\"0\" width=\"1900\" height=\"30\"><\/div>\n<div style=\"display: flex; width: 100%; flex-wrap: wrap; justify-content: space-around;\">\n<div style=\"display: flex; flex-direction: column; justify-content: center; align-items: left; padding-left: 50px; padding-right: 50px; padding-top: 30px;\">\n<div style=\"max-width: 500px;\">\n<h2 style=\"font-size: 14pt; color: #000 !important;\"><strong>Bezpieczna i wydajna aparatura ochronna<\/strong><\/h2>\n<\/p><\/div>\n<div style=\"font-size: 12pt; min-width: 250px; max-width: 472px; text-align: justify;\">\n            <span>Rozdzielnica zosta\u0142a wyposa\u017cona w wysokiej jako\u015bci aparatur\u0119 zabezpieczeniow\u0105 marki SIEMENS, w tym wy\u0142\u0105czniki nadpr\u0105dowe B16 (1P i 3P, <strong>VDE<\/strong>) oraz r\u00f3\u017cnicowopr\u0105dowy 25A, 4P, 300mA AC. Dzi\u0119ki temu zapewnia niezawodn\u0105 ochron\u0119 instalacji elektrycznych, redukuj\u0105c ryzyko przeci\u0105\u017ce\u0144 i zwar\u0107.<br \/>\n            <\/span>\n        <\/div>\n<\/p><\/div>\n<div><img decoding=\"async\" src=\"https:\/\/preis-zone.com\/hpeciai\/c031e9b2d85f49451981d5350609bdec\/19901_14.jpg?50075\" width=\"472\" height=\"472\" style=\"max-width: 100%;\"><\/div>\n<\/div>\n<div><img decoding=\"async\" style=\"max-width: 100%;\" src=\"https:\/\/shop38554-1.yourtechnicaldomain.com\/data\/include\/cms\/1-zdjecia-produktow\/DOKTORVOLT\/DV-4995-EV\/ikonka_zielona_z_literka_D_biala.png?v=1729773346118\" border=\"0\" width=\"1900\" height=\"30\"><\/div>\n<div style=\"display: flex; width: 100%; flex-wrap: wrap; justify-content: space-around;\">\n<div>\n        <img decoding=\"async\" style=\"max-width=100%; margin-top: 50px; padding-top: 50px;\" width=\"400\" height=\"400\" src=\"https:\/\/preis-zone.com\/hpeciai\/cb90b3e2f96a673c8590563cd4909432\/19901_11.jpg?78668\">\n    <\/div>\n<div style=\"display: flex; flex-direction: column; justify-content: center; align-items: left; padding-left: 50px; padding-right: 50px; padding-top: 30px; max-width: 500px;\">\n<h2 style=\"font-size: 14pt; color: #000 !important;\"><strong>Wszechstronne mo\u017cliwo\u015bci pod\u0142\u0105czenia<\/strong><\/h2>\n<div style=\"font-size: 12pt; min-width: 250px; text-align: justify;\">\n            <span>Rozdzielnica oferuje szeroki zakres gniazd: dwa 1-fazowe Schuko 16A (230V) oraz jedno 3-fazowe CEE 16A\/5P (400V, IP44). To pozwala na jednoczesne pod\u0142\u0105czenie r\u00f3\u017cnych urz\u0105dze\u0144 budowlanych, zapewniaj\u0105c elastyczno\u015b\u0107 w pracy na placu budowy i minimalizuj\u0105c konieczno\u015b\u0107 stosowania dodatkowych przed\u0142u\u017caczy.<br \/>\n            <\/span>\n        <\/div>\n<\/p><\/div>\n<\/div>\n<p><!-- Specyfikacja Techniczna --><\/p>\n<div style=\"display: flex; justify-content: center; align-items: center; padding: 20px; background-color: #fff;\">\n<div style=\"font-family: Arial, sans-serif; padding: 20px; max-width: 900px; border-radius: 8px; box-shadow: 0 4px 8px rgba(0, 0, 0, 0.1); text-align: left; background-color: white;\">\n<h2 style=\"background-color: #7dd956; font-size: 14pt; color: #333; padding: 15px; border-radius: 8px 8px 0 0; text-align: center;\">Specyfikacja Techniczna<\/h2>\n<p>        <!-- Pierwsza cz\u0119\u015b\u0107 (Obudowa) - obraz po prawej --><\/p>\n<div style=\"display: flex; align-items: center; margin-bottom: 30px; flex-wrap: wrap;\">\n<div style=\"flex: auto; max-width: 450px; padding-right: 30px; text-align: justify; font-size: 12pt\">\n<h2 style=\"border-bottom: 5px solid #7dd956; font-size: 14pt; padding-bottom: 10px; color: #333;\">Obudowa rozdzielnicy<\/h2>\n<p><strong>Wymiary obudowy (bez gniazd):<\/strong> 310 x 223 x 110 mm<\/p>\n<p><strong>Materia\u0142 obudowy:<\/strong> Tworzywo sztuczne<\/p>\n<p><strong>Kolor przedniej p\u0142yty obudowy:<\/strong> Szary<\/p>\n<p><strong>Kolor tylnej p\u0142yty obudowy:<\/strong> Czarny<\/p>\n<p><strong>Stopie\u0144 ochrony rozdzielnicy:<\/strong> IP44<\/p>\n<p><strong>Akcesoria do\u0142\u0105czone w zestawie:<\/strong> 2x d\u0142awnica gumowa<\/p>\n<\/p><\/div>\n<div style=\"flex: auto; max-width: 400px; text-align: center;\">\n                <!-- Miejsce na obraz 1 --><br \/>\n                <img decoding=\"async\" src=\"https:\/\/preis-zone.com\/hpeciai\/4efc87464502d10fdc4ebe2046406dbb\/19901_12.jpg?18444\" alt=\"Obraz 1\" style=\"width: 100%; max-width: 400px; height: auto; border-radius: 8px;\">\n            <\/div>\n<\/p><\/div>\n<p>        <!-- Druga cz\u0119\u015b\u0107 (Gniazda i aparatura) - obraz po lewej --><\/p>\n<div style=\"display: flex; align-items: center; margin-bottom: 30px; flex-wrap: wrap; flex-direction: row-reverse;\">\n<div style=\"flex: auto; max-width: 450px; padding-left: 30px; text-align: justify; font-size: 12pt\">\n<h2 style=\"border-bottom: 5px solid #7dd956; font-size: 14pt; padding-bottom: 10px; color: #333;\">Gniazda i urz\u0105dzenia modu\u0142owe<\/h2>\n<p><strong>Napi\u0119cie znamionowe:<\/strong> 230 V \/ 400 V, 50 Hz<\/p>\n<p><strong>Pr\u0105d znamionowy:<\/strong> 25 A<\/p>\n<p><strong>Pr\u0105d znamionowy zwarciowy umowny (ICC):<\/strong> \u2264 6 kA<\/p>\n<p><strong>Gniazda 1-fazowe (Schuko):<\/strong> 2 x (1P + N + PE, 16 A, 230 V)<\/p>\n<p><strong>Gniazda 3-fazowe (CEE):<\/strong> 1 x (3P + N + PE, 16 A, 400 V, IP44 <strong>VDE<\/strong>)<\/p>\n<p><strong>Wy\u0142\u0105czniki nadpr\u0105dowe (SIEMENS):<\/strong><br \/>\n                    <br \/>1 x B16, 1P, 6 kA, <strong>VDE<\/strong><br \/>\n                    <br \/>1 x B16, 3P, 6 kA, <strong>VDE<\/strong>\n                <\/p>\n<p><strong>Wy\u0142\u0105cznik r\u00f3\u017cnicowopr\u0105dowy (SIEMENS):<\/strong> 25A, 4P, 300mA, AC, <strong>VDE<\/strong><\/p>\n<p><strong>RDF (rezystancja dyspozycyjna):<\/strong> 0,8<\/p>\n<\/p><\/div>\n<div style=\"flex: auto; max-width: 400px; text-align: center;\">\n                <!-- Miejsce na obraz 2 --><br \/>\n                <img decoding=\"async\" src=\"https:\/\/preis-zone.com\/hpeciai\/a3736caa69afa1259618b135b0ba892e\/19901_13.jpg?28927\" alt=\"Obraz 2\" style=\"width: 100%; max-width: 400px; height: auto; border-radius: 8px;\">\n            <\/div>\n<\/p><\/div>\n<p>        <!-- Trzecia cz\u0119\u015b\u0107 (Certyfikaty i normy) - obraz po prawej --><\/p>\n<div style=\"display: flex; align-items: center; margin-bottom: 30px; flex-wrap: wrap;\">\n<div style=\"flex: auto; max-width: 450px; padding-right: 30px; text-align: justify; font-size: 12pt\">\n<h2 style=\"border-bottom: 5px solid #7dd956; font-size: 14pt; padding-bottom: 10px; color: #333;\">Certyfikaty i normy<\/h2>\n<p><strong>Rozdzielnica: Certyfikaty i normy producenta:<\/strong> T\u00dcV S\u00dcD, ISO 9001:2015, CE, IEC 61439<\/p>\n<p><strong>Aparatura:<\/strong> Spe\u0142nia wymagania <strong>VDE<\/strong> (wg opisu producenta)<\/p>\n<\/p><\/div>\n<div style=\"flex: auto; max-width: 400px; text-align: center;\">\n                <!-- Miejsce na obraz 3 --><br \/>\n                <img decoding=\"async\" src=\"https:\/\/preis-zone.com\/hpeciai\/a9e79743e7622d343667d43f5dc80b48\/19901_5.jpg?60460\" alt=\"Obraz 3\" style=\"width: 100%; max-width: 400px; height: auto; border-radius: 8px;\">\n            <\/div>\n<\/p><\/div>\n<p>        <!-- Czwarta cz\u0119\u015b\u0107 (Informacje og\u00f3lne) - obraz po lewej --><\/p>\n<div style=\"display: flex; align-items: center; margin-bottom: 30px; flex-wrap: wrap; flex-direction: row-reverse;\">\n<div style=\"flex: auto; max-width: 450px; padding-left: 30px; text-align: justify; font-size: 12pt\">\n<h2 style=\"border-bottom: 5px solid #7dd956; font-size: 14pt; padding-bottom: 10px; color: #333;\">Informacje og\u00f3lne<\/h2>\n<p><strong>Model:<\/strong> DV-5534-D<\/p>\n<p><strong>EAN:<\/strong> 5905191015534<\/p>\n<p><strong>Oznaczenie serii produktu:<\/strong> JUN<\/p>\n<p><strong>Producent:<\/strong> DOKTORVOLT<\/p>\n<p><strong>Temperatura otoczenia:<\/strong> -25 \u00b0C ~ +50 \u00b0C<\/p>\n<p><strong>Odporno\u015b\u0107 na promieniowanie UV:<\/strong> Tak<\/p>\n<p><strong>Konstrukcja:<\/strong> Stacjonarna<\/p>\n<p><strong>Oprzewodowanie:<\/strong><br \/>\n                    <br \/>Przewody ochronne: H07V-K 2,5 mm\u00b2 \u017c\u00f3\u0142tozielona<br \/>\n                    <br \/>Przewody neutralne: H07V-K 2,5\/4 mm\u00b2 niebieska<br \/>\n                    <br \/>Przewody zasilaj\u0105ce: H07V-K 2,5 mm\u00b2 czarna\n                <\/p>\n<\/p><\/div>\n<div style=\"flex: auto; max-width: 400px; text-align: center;\">\n                <!-- Miejsce na obraz 4 --><br \/>\n                <img decoding=\"async\" src=\"https:\/\/preis-zone.com\/hpeciai\/5fb49c7b5386d90753dd1a878b1794d4\/19901_4.jpg?25767\" alt=\"Obraz 4\" style=\"width: 100%; max-width: 400px; height: auto; border-radius: 8px;\">\n            <\/div>\n<\/p><\/div>\n<\/p><\/div>\n<\/div>\n<div style=\"display: flex; width: 100%; flex-wrap: wrap; justify-content: space-around;\">\n<div style=\"display: flex; flex-direction: column; justify-content: center; align-items: left; padding-left: 50px; padding-right: 50px; padding-top: 30px;\">\n<div style=\"max-width: 500px;\">\n<h2 style=\"font-size: 14pt; color: #000 !important;\"><strong>Certyfikacja = wysoka jako\u015b\u0107:<\/strong><\/h2>\n<\/p><\/div>\n<div style=\"font-size: 12pt; min-width: 250px; max-width: 472px; text-align: justify;\">\n            <span>Produkty marki DOKTORVOLT s\u0105 rutynowo testowane, aby zapewni\u0107 najwy\u017csz\u0105 jako\u015b\u0107 produkt\u00f3w. Ka\u017cdy produkt po przej\u015bciu test\u00f3w otrzymuje indywidualny certyfikat potwierdzaj\u0105cy zgodno\u015b\u0107 z normami IEC. Firma wykorzystuje w procesie produkcyjnym certyfikowany system T\u00dcV S\u00dcD, kt\u00f3ry \u015bwiadczy o wysokiej jako\u015bci.<\/span>\n        <\/div>\n<\/p><\/div>\n<div><img decoding=\"async\" src=\"https:\/\/preis-zone.pl\/hpeciai\/b50f6f067f4babe8391b5bab852c8573\/pol_pl_Rozdzielnica-budowlana-TD-S-FI-32A-16A-4x230V-Schuko-Doktorvolt-bez-zabezpieczen-6442-16969_12.jpg\" width=\"472\" height=\"472\" style=\"max-width: 100%;\"><\/div>\n<\/div>\n<div><img decoding=\"async\" style=\"max-width: 100%;\" src=\"https:\/\/shop38554-1.yourtechnicaldomain.com\/data\/include\/cms\/1-zdjecia-produktow\/DOKTORVOLT\/DV-4995-EV\/ikonka_zielona_z_literka_D_biala.png?v=1729773346118\" border=\"0\" width=\"1900\" height=\"30\"><\/div>\n<div style=\"display: flex; width: 100%; flex-wrap: wrap; justify-content: space-around;\">\n<div><img decoding=\"async\" src=\"https:\/\/shop38554-1.yourtechnicaldomain.com\/data\/include\/cms\/1-zdjecia-produktow\/Logo-IP\/IP_44.png?v=1729852282241\" width=\"472\" height=\"472\" style=\"max-width: 100%;\"><\/div>\n<div style=\"display: flex; flex-direction: column; justify-content: center; align-items: left; padding-left: 50px; padding-right: 50px; padding-top: 30px; max-width: 500px;\">\n<h2 style=\"font-size: 14pt; color: #000 !important;\"><strong>Stopie\u0144 ochrony IP = wi\u0119ksze bezpiecze\u0144stwo:<\/strong><\/h2>\n<div style=\"font-size: 12pt; min-width: 250px; text-align: justify;\">\n            <span>Stopie\u0144 ochrony IP to mi\u0119dzynarodowy standard informuj\u0105cy u\u017cytkownika o odporno\u015bci przedmiotu na potencjalne zagro\u017cenia. Produkty z ochron\u0105 IP gwarantuj\u0105 bezawaryjn\u0105 prac\u0119 urz\u0105dzenia w mniej kontrolowanych warunkach oraz bezpiecze\u0144stwo u\u017cytkownika. Stopie\u0144 ochrony IP44 w naszym rozdzielaczu oznacza:<br \/>\n            Ochrona przed wnikaniem cia\u0142 sta\u0142ych o \u015brednicy wi\u0119kszej ni\u017c 1 mm<br \/>\n            Ochrona przed bryzgami wody z dowolnego kierunku<\/span>\n        <\/div>\n<\/p><\/div>\n<\/div>\n<div><img decoding=\"async\" style=\"max-width: 100%;\" src=\"https:\/\/shop38554-1.yourtechnicaldomain.com\/data\/include\/cms\/1-zdjecia-produktow\/DOKTORVOLT\/DV-4995-EV\/ikonka_zielona_z_literka_D_biala.png?v=1729773346118\" border=\"0\" width=\"1900\" height=\"30\"><\/div>\n<div style=\"display: flex; flex-direction: column; align-items: center; justify-content: center; text-align: center; width: 100%;\">\n<h2 style=\"font-size: 18pt; color: #000; color: #000 !important;\">Zaufany producent:<\/h2>\n<p style=\"font-size: 16pt; line-height: 1.5; color: #000; max-width: 800px; text-align: justify;\">\n        Doktorvolt\u00ae to firma za\u0142o\u017cona w 2013 roku. Dynamicznie rozwijaj\u0105ca si\u0119 firma podbi\u0142a rynek polski i zagraniczny. Siedziba firmy znajduje si\u0119 w Malichowie w wojew\u00f3dztwie opolskim, gdzie mie\u015bci si\u0119 r\u00f3wnie\u017c nowoczesna hala produkcyjna i magazyn. Firma specjalizuje si\u0119 w produkcji rozdzielnic budowlanych i wyr\u00f3\u017cnia si\u0119 jako\u015bci\u0105 oraz solidnym wykonaniem. Ka\u017cda rozdzielnica sk\u0142ada si\u0119 z wysokiej jako\u015bci komponent\u00f3w. Produkty firmy Doktorvolt\u00ae spe\u0142niaj\u0105 europejskie normy i standardy bezpiecze\u0144stwa.\n    <\/p>\n<p>    <img decoding=\"async\" src=\"https:\/\/shop38554-1.yourtechnicaldomain.com\/data\/include\/cms\/1-zdjecia-produktow\/doktorvolt-logo\/nowe.jpg?v=1729077634670\" alt=\"Doktorvolt logo\" width=\"566\" height=\"155\" style=\"margin-top: 20px;\">\n<\/div>\n","protected":false},"excerpt":{"rendered":"<p>Profesjonalna rozdzielnica budowlana DV-5534-D o mocy 25A, wyposa\u017cona w gniazda Schuko i CEE oraz markow\u0105 aparatur\u0119 Siemens. Odporna na warunki atmosferyczne do -25\u00b0C, idealna na budow\u0119, do warsztatu i przemys\u0142u.<\/p>\n","protected":false},"featured_media":105818,"template":"","meta":[],"product_brand":[],"product_cat":[5081],"product_tag":[],"class_list":{"0":"post-110672","1":"product","2":"type-product","3":"status-publish","4":"has-post-thumbnail","6":"product_cat-jun-series","7":"pa_material-obudowy-plastic","8":"pa_napiecie-cee-400v","9":"pa_natezenie-pradu-cee-16a","10":"pa_typ-gniazd-typ-f-schuko","11":"pa_zabezpieczenie-wylacznik-nadpradowy-wylacznik-roznicowopradowy","13":"first","14":"instock","15":"shipping-taxable","16":"product-type-external"},"yoast_head":"<!-- This site is optimized with the Yoast SEO plugin v27.0 - https:\/\/yoast.com\/product\/yoast-seo-wordpress\/ -->\n<title>Rozdzielnica budowlana CEE 16A 400V 2x230V Schuko z zabezpieczeniami VDE SIEMENS - DOKTORVOLT\u00ae<\/title>\n<meta name=\"robots\" content=\"index, follow, max-snippet:-1, max-image-preview:large, max-video-preview:-1\" \/>\n<link rel=\"canonical\" href=\"https:\/\/doktorvolt.pl\/en\/oferta-doktorvolt\/distribution-boxes\/jun-series\/rozdzielnica-budowlana-cee-16a-400v-2x230v-schuko-z-zabezpieczeniami-vde-siemens\/\" \/>\n<meta property=\"og:locale\" content=\"en_US\" \/>\n<meta property=\"og:type\" content=\"article\" \/>\n<meta property=\"og:title\" content=\"Rozdzielnica budowlana CEE 16A 400V 2x230V Schuko z zabezpieczeniami VDE SIEMENS - DOKTORVOLT\u00ae\" \/>\n<meta property=\"og:description\" content=\"Profesjonalna rozdzielnica budowlana DV-5534-D o mocy 25A, wyposa\u017cona w gniazda Schuko i CEE oraz markow\u0105 aparatur\u0119 Siemens. Odporna na warunki atmosferyczne do -25\u00b0C, idealna na budow\u0119, do warsztatu i przemys\u0142u.\" \/>\n<meta property=\"og:url\" content=\"https:\/\/doktorvolt.pl\/en\/oferta-doktorvolt\/distribution-boxes\/jun-series\/rozdzielnica-budowlana-cee-16a-400v-2x230v-schuko-z-zabezpieczeniami-vde-siemens\/\" \/>\n<meta property=\"og:site_name\" content=\"DOKTORVOLT\u00ae\" \/>\n<meta property=\"og:image\" content=\"https:\/\/doktorvolt.pl\/wp-content\/uploads\/2026\/02\/pol_pl_Rozdzielnica-budowlana-CEE-16A-400V-2x230V-Schuko-z-zabezpieczeniami-VDE-SIEMENS-19901_14.jpg\" \/>\n\t<meta property=\"og:image:width\" content=\"1600\" \/>\n\t<meta property=\"og:image:height\" content=\"1600\" \/>\n\t<meta property=\"og:image:type\" content=\"image\/jpeg\" \/>\n<meta name=\"twitter:card\" content=\"summary_large_image\" \/>\n<meta name=\"twitter:label1\" content=\"Est. reading time\" \/>\n\t<meta name=\"twitter:data1\" content=\"3 minutes\" \/>\n<script type=\"application\/ld+json\" class=\"yoast-schema-graph\">{\"@context\":\"https:\/\/schema.org\",\"@graph\":[{\"@type\":\"WebPage\",\"@id\":\"https:\/\/doktorvolt.pl\/en\/oferta-doktorvolt\/distribution-boxes\/jun-series\/rozdzielnica-budowlana-cee-16a-400v-2x230v-schuko-z-zabezpieczeniami-vde-siemens\/\",\"url\":\"https:\/\/doktorvolt.pl\/en\/oferta-doktorvolt\/distribution-boxes\/jun-series\/rozdzielnica-budowlana-cee-16a-400v-2x230v-schuko-z-zabezpieczeniami-vde-siemens\/\",\"name\":\"Rozdzielnica budowlana CEE 16A 400V 2x230V Schuko z zabezpieczeniami VDE SIEMENS - DOKTORVOLT\u00ae\",\"isPartOf\":{\"@id\":\"https:\/\/doktorvolt.pl\/de\/#website\"},\"primaryImageOfPage\":{\"@id\":\"https:\/\/doktorvolt.pl\/en\/oferta-doktorvolt\/distribution-boxes\/jun-series\/rozdzielnica-budowlana-cee-16a-400v-2x230v-schuko-z-zabezpieczeniami-vde-siemens\/#primaryimage\"},\"image\":{\"@id\":\"https:\/\/doktorvolt.pl\/en\/oferta-doktorvolt\/distribution-boxes\/jun-series\/rozdzielnica-budowlana-cee-16a-400v-2x230v-schuko-z-zabezpieczeniami-vde-siemens\/#primaryimage\"},\"thumbnailUrl\":\"https:\/\/doktorvolt.pl\/wp-content\/uploads\/2026\/02\/pol_pl_Rozdzielnica-budowlana-CEE-16A-400V-2x230V-Schuko-z-zabezpieczeniami-VDE-SIEMENS-19901_14.jpg\",\"datePublished\":\"2026-02-23T14:07:30+00:00\",\"breadcrumb\":{\"@id\":\"https:\/\/doktorvolt.pl\/en\/oferta-doktorvolt\/distribution-boxes\/jun-series\/rozdzielnica-budowlana-cee-16a-400v-2x230v-schuko-z-zabezpieczeniami-vde-siemens\/#breadcrumb\"},\"inLanguage\":\"en-US\",\"potentialAction\":[{\"@type\":\"ReadAction\",\"target\":[\"https:\/\/doktorvolt.pl\/en\/oferta-doktorvolt\/distribution-boxes\/jun-series\/rozdzielnica-budowlana-cee-16a-400v-2x230v-schuko-z-zabezpieczeniami-vde-siemens\/\"]}]},{\"@type\":\"ImageObject\",\"inLanguage\":\"en-US\",\"@id\":\"https:\/\/doktorvolt.pl\/en\/oferta-doktorvolt\/distribution-boxes\/jun-series\/rozdzielnica-budowlana-cee-16a-400v-2x230v-schuko-z-zabezpieczeniami-vde-siemens\/#primaryimage\",\"url\":\"https:\/\/doktorvolt.pl\/wp-content\/uploads\/2026\/02\/pol_pl_Rozdzielnica-budowlana-CEE-16A-400V-2x230V-Schuko-z-zabezpieczeniami-VDE-SIEMENS-19901_14.jpg\",\"contentUrl\":\"https:\/\/doktorvolt.pl\/wp-content\/uploads\/2026\/02\/pol_pl_Rozdzielnica-budowlana-CEE-16A-400V-2x230V-Schuko-z-zabezpieczeniami-VDE-SIEMENS-19901_14.jpg\",\"width\":1600,\"height\":1600},{\"@type\":\"BreadcrumbList\",\"@id\":\"https:\/\/doktorvolt.pl\/en\/oferta-doktorvolt\/distribution-boxes\/jun-series\/rozdzielnica-budowlana-cee-16a-400v-2x230v-schuko-z-zabezpieczeniami-vde-siemens\/#breadcrumb\",\"itemListElement\":[{\"@type\":\"ListItem\",\"position\":1,\"name\":\"Strona g\u0142\u00f3wna\",\"item\":\"https:\/\/doktorvolt.pl\/en\/\"},{\"@type\":\"ListItem\",\"position\":2,\"name\":\"Offer Doktorvolt\",\"item\":\"https:\/\/doktorvolt.pl\/en\/offer-doktorvolt\/\"},{\"@type\":\"ListItem\",\"position\":3,\"name\":\"Rozdzielnica budowlana CEE 16A 400V 2x230V Schuko z zabezpieczeniami VDE SIEMENS\"}]},{\"@type\":\"WebSite\",\"@id\":\"https:\/\/doktorvolt.pl\/de\/#website\",\"url\":\"https:\/\/doktorvolt.pl\/de\/\",\"name\":\"DOKTORVOLT\u00ae\",\"description\":\"Producent rozdzielnic budowlanych\",\"publisher\":{\"@id\":\"https:\/\/doktorvolt.pl\/de\/#organization\"},\"potentialAction\":[{\"@type\":\"SearchAction\",\"target\":{\"@type\":\"EntryPoint\",\"urlTemplate\":\"https:\/\/doktorvolt.pl\/de\/?s={search_term_string}\"},\"query-input\":{\"@type\":\"PropertyValueSpecification\",\"valueRequired\":true,\"valueName\":\"search_term_string\"}}],\"inLanguage\":\"en-US\"},{\"@type\":\"Organization\",\"@id\":\"https:\/\/doktorvolt.pl\/de\/#organization\",\"name\":\"DOKTORVOLT\u00ae\",\"url\":\"https:\/\/doktorvolt.pl\/de\/\",\"logo\":{\"@type\":\"ImageObject\",\"inLanguage\":\"en-US\",\"@id\":\"https:\/\/doktorvolt.pl\/de\/#\/schema\/logo\/image\/\",\"url\":\"https:\/\/doktorvolt.pl\/wp-content\/uploads\/2023\/10\/DoktorVOLT-black-png.png\",\"contentUrl\":\"https:\/\/doktorvolt.pl\/wp-content\/uploads\/2023\/10\/DoktorVOLT-black-png.png\",\"width\":729,\"height\":40,\"caption\":\"DOKTORVOLT\u00ae\"},\"image\":{\"@id\":\"https:\/\/doktorvolt.pl\/de\/#\/schema\/logo\/image\/\"}}]}<\/script>\n<!-- \/ Yoast SEO plugin. -->","yoast_head_json":{"title":"Rozdzielnica budowlana CEE 16A 400V 2x230V Schuko z zabezpieczeniami VDE SIEMENS - DOKTORVOLT\u00ae","robots":{"index":"index","follow":"follow","max-snippet":"max-snippet:-1","max-image-preview":"max-image-preview:large","max-video-preview":"max-video-preview:-1"},"canonical":"https:\/\/doktorvolt.pl\/en\/oferta-doktorvolt\/distribution-boxes\/jun-series\/rozdzielnica-budowlana-cee-16a-400v-2x230v-schuko-z-zabezpieczeniami-vde-siemens\/","og_locale":"en_US","og_type":"article","og_title":"Rozdzielnica budowlana CEE 16A 400V 2x230V Schuko z zabezpieczeniami VDE SIEMENS - DOKTORVOLT\u00ae","og_description":"Profesjonalna rozdzielnica budowlana DV-5534-D o mocy 25A, wyposa\u017cona w gniazda Schuko i CEE oraz markow\u0105 aparatur\u0119 Siemens. Odporna na warunki atmosferyczne do -25\u00b0C, idealna na budow\u0119, do warsztatu i przemys\u0142u.","og_url":"https:\/\/doktorvolt.pl\/en\/oferta-doktorvolt\/distribution-boxes\/jun-series\/rozdzielnica-budowlana-cee-16a-400v-2x230v-schuko-z-zabezpieczeniami-vde-siemens\/","og_site_name":"DOKTORVOLT\u00ae","og_image":[{"width":1600,"height":1600,"url":"https:\/\/doktorvolt.pl\/wp-content\/uploads\/2026\/02\/pol_pl_Rozdzielnica-budowlana-CEE-16A-400V-2x230V-Schuko-z-zabezpieczeniami-VDE-SIEMENS-19901_14.jpg","type":"image\/jpeg"}],"twitter_card":"summary_large_image","twitter_misc":{"Est. reading time":"3 minutes"},"schema":{"@context":"https:\/\/schema.org","@graph":[{"@type":"WebPage","@id":"https:\/\/doktorvolt.pl\/en\/oferta-doktorvolt\/distribution-boxes\/jun-series\/rozdzielnica-budowlana-cee-16a-400v-2x230v-schuko-z-zabezpieczeniami-vde-siemens\/","url":"https:\/\/doktorvolt.pl\/en\/oferta-doktorvolt\/distribution-boxes\/jun-series\/rozdzielnica-budowlana-cee-16a-400v-2x230v-schuko-z-zabezpieczeniami-vde-siemens\/","name":"Rozdzielnica budowlana CEE 16A 400V 2x230V Schuko z zabezpieczeniami VDE SIEMENS - DOKTORVOLT\u00ae","isPartOf":{"@id":"https:\/\/doktorvolt.pl\/de\/#website"},"primaryImageOfPage":{"@id":"https:\/\/doktorvolt.pl\/en\/oferta-doktorvolt\/distribution-boxes\/jun-series\/rozdzielnica-budowlana-cee-16a-400v-2x230v-schuko-z-zabezpieczeniami-vde-siemens\/#primaryimage"},"image":{"@id":"https:\/\/doktorvolt.pl\/en\/oferta-doktorvolt\/distribution-boxes\/jun-series\/rozdzielnica-budowlana-cee-16a-400v-2x230v-schuko-z-zabezpieczeniami-vde-siemens\/#primaryimage"},"thumbnailUrl":"https:\/\/doktorvolt.pl\/wp-content\/uploads\/2026\/02\/pol_pl_Rozdzielnica-budowlana-CEE-16A-400V-2x230V-Schuko-z-zabezpieczeniami-VDE-SIEMENS-19901_14.jpg","datePublished":"2026-02-23T14:07:30+00:00","breadcrumb":{"@id":"https:\/\/doktorvolt.pl\/en\/oferta-doktorvolt\/distribution-boxes\/jun-series\/rozdzielnica-budowlana-cee-16a-400v-2x230v-schuko-z-zabezpieczeniami-vde-siemens\/#breadcrumb"},"inLanguage":"en-US","potentialAction":[{"@type":"ReadAction","target":["https:\/\/doktorvolt.pl\/en\/oferta-doktorvolt\/distribution-boxes\/jun-series\/rozdzielnica-budowlana-cee-16a-400v-2x230v-schuko-z-zabezpieczeniami-vde-siemens\/"]}]},{"@type":"ImageObject","inLanguage":"en-US","@id":"https:\/\/doktorvolt.pl\/en\/oferta-doktorvolt\/distribution-boxes\/jun-series\/rozdzielnica-budowlana-cee-16a-400v-2x230v-schuko-z-zabezpieczeniami-vde-siemens\/#primaryimage","url":"https:\/\/doktorvolt.pl\/wp-content\/uploads\/2026\/02\/pol_pl_Rozdzielnica-budowlana-CEE-16A-400V-2x230V-Schuko-z-zabezpieczeniami-VDE-SIEMENS-19901_14.jpg","contentUrl":"https:\/\/doktorvolt.pl\/wp-content\/uploads\/2026\/02\/pol_pl_Rozdzielnica-budowlana-CEE-16A-400V-2x230V-Schuko-z-zabezpieczeniami-VDE-SIEMENS-19901_14.jpg","width":1600,"height":1600},{"@type":"BreadcrumbList","@id":"https:\/\/doktorvolt.pl\/en\/oferta-doktorvolt\/distribution-boxes\/jun-series\/rozdzielnica-budowlana-cee-16a-400v-2x230v-schuko-z-zabezpieczeniami-vde-siemens\/#breadcrumb","itemListElement":[{"@type":"ListItem","position":1,"name":"Strona g\u0142\u00f3wna","item":"https:\/\/doktorvolt.pl\/en\/"},{"@type":"ListItem","position":2,"name":"Offer Doktorvolt","item":"https:\/\/doktorvolt.pl\/en\/offer-doktorvolt\/"},{"@type":"ListItem","position":3,"name":"Rozdzielnica budowlana CEE 16A 400V 2x230V Schuko z zabezpieczeniami VDE SIEMENS"}]},{"@type":"WebSite","@id":"https:\/\/doktorvolt.pl\/de\/#website","url":"https:\/\/doktorvolt.pl\/de\/","name":"DOKTORVOLT\u00ae","description":"Producent rozdzielnic budowlanych","publisher":{"@id":"https:\/\/doktorvolt.pl\/de\/#organization"},"potentialAction":[{"@type":"SearchAction","target":{"@type":"EntryPoint","urlTemplate":"https:\/\/doktorvolt.pl\/de\/?s={search_term_string}"},"query-input":{"@type":"PropertyValueSpecification","valueRequired":true,"valueName":"search_term_string"}}],"inLanguage":"en-US"},{"@type":"Organization","@id":"https:\/\/doktorvolt.pl\/de\/#organization","name":"DOKTORVOLT\u00ae","url":"https:\/\/doktorvolt.pl\/de\/","logo":{"@type":"ImageObject","inLanguage":"en-US","@id":"https:\/\/doktorvolt.pl\/de\/#\/schema\/logo\/image\/","url":"https:\/\/doktorvolt.pl\/wp-content\/uploads\/2023\/10\/DoktorVOLT-black-png.png","contentUrl":"https:\/\/doktorvolt.pl\/wp-content\/uploads\/2023\/10\/DoktorVOLT-black-png.png","width":729,"height":40,"caption":"DOKTORVOLT\u00ae"},"image":{"@id":"https:\/\/doktorvolt.pl\/de\/#\/schema\/logo\/image\/"}}]}},"_links":{"self":[{"href":"https:\/\/doktorvolt.pl\/en\/wp-json\/wp\/v2\/product\/110672","targetHints":{"allow":["GET"]}}],"collection":[{"href":"https:\/\/doktorvolt.pl\/en\/wp-json\/wp\/v2\/product"}],"about":[{"href":"https:\/\/doktorvolt.pl\/en\/wp-json\/wp\/v2\/types\/product"}],"wp:featuredmedia":[{"embeddable":true,"href":"https:\/\/doktorvolt.pl\/en\/wp-json\/wp\/v2\/media\/105818"}],"wp:attachment":[{"href":"https:\/\/doktorvolt.pl\/en\/wp-json\/wp\/v2\/media?parent=110672"}],"wp:term":[{"taxonomy":"product_brand","embeddable":true,"href":"https:\/\/doktorvolt.pl\/en\/wp-json\/wp\/v2\/product_brand?post=110672"},{"taxonomy":"product_cat","embeddable":true,"href":"https:\/\/doktorvolt.pl\/en\/wp-json\/wp\/v2\/product_cat?post=110672"},{"taxonomy":"product_tag","embeddable":true,"href":"https:\/\/doktorvolt.pl\/en\/wp-json\/wp\/v2\/product_tag?post=110672"}],"curies":[{"name":"wp","href":"https:\/\/api.w.org\/{rel}","templated":true}]}}