{"id":110674,"date":"2026-02-23T16:07:01","date_gmt":"2026-02-23T14:07:01","guid":{"rendered":"https:\/\/doktorvolt.pl\/sklep\/uncategorized\/rozdzielnica-budowlana-cas-3x230v-32a16a-doktorvolt-dv-8133-f\/"},"modified":"2026-02-23T16:07:01","modified_gmt":"2026-02-23T14:07:01","slug":"rozdzielnica-budowlana-cas-3x230v-32a16a-doktorvolt-dv-8133-f","status":"publish","type":"product","link":"https:\/\/doktorvolt.pl\/en\/oferta-doktorvolt\/distribution-boxes\/cas-series\/rozdzielnica-budowlana-cas-3x230v-32a16a-doktorvolt-dv-8133-f\/","title":{"rendered":"Rozdzielnica budowlana CAS 3x230V 32A16A Doktorvolt DV-8133-F"},"content":{"rendered":"<h1 style=\"text-align: center; font-size: 24pt;\"><span>Rozdzielnica CAS DV-8133-F z zabezpieczeniami marki Doktorvolt<\/span><\/h1>\n<h4 style=\"font-size: 14pt; text-align: center;\"><span>Rozdzielnica budowlana z serii CAS wykonana z najwy\u017cszej jako\u015bci materia\u0142\u00f3w. Wyposa\u017cona w zabezpieczenia marki Doktorvolt. Posiada 3 gniazda 230V 16A z bolcem ochronnym, 1 gniazdo 32A CEE 400V oraz  1 gniazdo 16A CEE 400V. Dodatkowym elementem jest zastosowanie jedno metrowego przewodu z wtyczk\u0105 32 A CEE 400V. Ca\u0142o\u015b\u0107 wykonana z dba\u0142o\u015bci\u0105 o najmniejsze szczeg\u00f3\u0142y.<\/span><\/h4>\n<div><img decoding=\"async\" style=\"max-width: 100%;\" src=\"https:\/\/shop38554-1.yourtechnicaldomain.com\/data\/include\/cms\/1-zdjecia-produktow\/DOKTORVOLT\/DV-4995-EV\/ikonka_zielona_z_literka_D_biala.png?v=1729773346118\" border=\"0\" width=\"1900\" height=\"30\"><\/div>\n<div style=\"display: flex; width: 100%; flex-wrap: wrap; justify-content: space-around;\">\n<div style=\"display: flex; flex-direction: column; justify-content: center; align-items: left; padding-left: 50px; padding-right: 50px; padding-top: 30px;\">\n<div style=\"max-width: 500px;\">\n<h2 style=\"font-size: 14pt; color: #000 !important;\"><strong>Gwarancja wysokiej jako\u015bci<\/strong><\/h2>\n<\/p><\/div>\n<div style=\"font-size: 12pt; min-width: 250px; max-width: 472px; text-align: justify;\"><span>Rozdzielnica budowlana  DV-8133-F z serii CAS z zabezpieczeniami marki Doktorvolt. Wyposa\u017cona w trzy gniazda 1 fazowe z bolcem ochronnym 230V oraz jedno gniazdo 3 fazowe CEE 16A i 32A. Wykonana z wysokiej jako\u015bci tworzywa sztucznego z klas\u0105 szczelno\u015bci IP44 sprawdza si\u0119 w bardziej wymagaj\u0105cych warunkach \u015brodowiskowych. Do rozdzielnicy do\u0142\u0105czony jest przew\u00f3d 1m z wtyczk\u0105 32 A CEE 400V.<\/span><\/div>\n<\/p><\/div>\n<div><img decoding=\"async\" src=\"https:\/\/preis-zone.pl\/data\/include\/cms\/1-zdjecia-produktow\/DOKTORVOLT\/DV-8133-F\/DV-8133-F_15.jpg?v=1738328532627\" width=\"472\" height=\"472\" style=\"max-width: 100%;\"><\/div>\n<\/div>\n<div><img decoding=\"async\" style=\"max-width: 100%;\" src=\"https:\/\/shop38554-1.yourtechnicaldomain.com\/data\/include\/cms\/1-zdjecia-produktow\/DOKTORVOLT\/DV-4995-EV\/ikonka_zielona_z_literka_D_biala.png?v=1729773346118\" border=\"0\" width=\"1900\" height=\"30\"><\/div>\n<div style=\"display: flex; width: 100%; flex-wrap: wrap; justify-content: space-around;\">\n<div>\n<video style=\"max-width=100%; margin-top: 50px; padding-top: 50px;\" width=\"400\" height=\"300\" src=\"https:\/\/preis-zone.pl\/data\/include\/cms\/1-zdjecia-produktow\/DOKTORVOLT\/DV-8133-F\/DV-8133-F_v.mp4?v=1738330766011\" type=\"video\/mp4\" controls autoplay muted loop controlsList=\"nodownload\"><\/video>\n<\/div>\n<div style=\"display: flex; flex-direction: column; justify-content: center; align-items: left; padding-left: 50px; padding-right: 50px; padding-top: 30px; max-width: 500px;\">\n<h2 style=\"font-size: 14pt; color: #000 !important;\"><strong>Wi\u0119ksze bezpiecze\u0144stwo korzystania<\/strong><\/h2>\n<div style=\"font-size: 12pt; min-width: 250px; text-align: justify;\"><span>Erbetka wyposa\u017cona jest w 3 zabezpieczenia nadpr\u0105dowe oraz 1 zabezpieczenie r\u00f3\u017cnicowopr\u0105dowe. Zastosowano dwa wy\u0142\u0105czniki nadpr\u0105dowe C16 i jeden C32 marki Doktorvolt. Wy\u0142\u0105cznik r\u00f3\u017cnicowopr\u0105dowy  40A 30 mA typ A r\u00f3wnie\u017c marki Doktorvolt. Na przodzie rozdzielnicy znajduje si\u0119 okno rewizyjne na 11 modu\u0142\u00f3w. <\/span><\/div>\n<\/p><\/div>\n<\/div>\n<p><!-- Specyfikacja Techniczna --><\/p>\n<div style=\"display: flex; justify-content: center; align-items: center; padding: 20px; background-color: #fff;\">\n<div style=\"font-family: Arial, sans-serif; padding: 20px; max-width: 900px; border-radius: 8px; box-shadow: 0 4px 8px rgba(0, 0, 0, 0.1); text-align: left; background-color: white;\">\n<h2 style=\"background-color: #7dd956; font-size: 14pt; color: #333; padding: 15px; border-radius: 8px 8px 0 0; text-align: center;\">Specyfikacja Techniczna<\/h2>\n<p>    \t<!-- Pierwsza cz\u0119\u015b\u0107 z obrazem po prawej --><\/p>\n<div style=\"display: flex; align-items: center; margin-bottom: 30px; flex-wrap: wrap;\">\n<div style=\"flex: auto; max-width: 450px; padding-right: 30px; text-align: justify; font-size: 12pt\">\n<h2 style=\"border-bottom: 5px solid #7dd956; font-size: 14pt; padding-bottom: 10px; color: #333;\">Obudowa rozdzielnicy<\/h2>\n<p><strong>Model:<\/strong> DV-8133-F<\/p>\n<p><strong>EAN:<\/strong> 5907589338133<\/p>\n<p><strong>Oznaczenie serii produktu:<\/strong> CAS<\/p>\n<p><strong>Producent:<\/strong> DOKTORVOLT<\/p>\n<p><strong>Wymiary obudowy (bez gniazd):<\/strong> 223 x 310 x 112 mm<\/p>\n<p><strong>Materia\u0142 obudowy:<\/strong> Tworzywo sztuczne<\/p>\n<p><strong>Kolor przedniej\/tylnej p\u0142yty obudowy:<\/strong> Szary\/czarny<\/p>\n<p><strong>Napi\u0119cie znamionowe:<\/strong> 230 V \/400 V<\/p>\n<p><strong>Cz\u0119stotliwo\u015b\u0107 znamionowa:<\/strong> 50 Hz<\/p>\n<p><strong>Pr\u0105d znamionowy:<\/strong> 32 A<\/p>\n<p><strong>Pr\u0105d znamionowy zwarciowy umowny:<\/strong> \u2264 6 kA<\/p>\n<p><strong>RDF:<\/strong> 1<\/p>\n<\/p><\/div>\n<div style=\"flex: auto; max-width: 400px; text-align: center;\">\n            \t<img decoding=\"async\" src=\"https:\/\/preis-zone.pl\/data\/include\/cms\/1-zdjecia-produktow\/DOKTORVOLT\/DV-8133-F\/DV-8133-F_14.jpg?v=1738328532627\" alt=\"Obraz 1\" style=\"width: 100%; max-width: 400px; height: auto; border-radius: 8px;\">\n        \t<\/div>\n<\/p><\/div>\n<p>    \t<!-- Druga cz\u0119\u015b\u0107 z obrazem po lewej --><\/p>\n<div style=\"display: flex; align-items: center; margin-bottom: 30px; flex-wrap: wrap; flex-direction: row-reverse;\">\n<div style=\"flex: auto; max-width: 450px; padding-left: 30px; text-align: justify; font-size: 12pt\">\n<h2 style=\"border-bottom: 5px solid #7dd956; font-size: 14pt; padding-bottom: 10px; color: #333;\">Gniazda i urz\u0105dzenia modu\u0142owe<\/h2>\n<p><strong>3 x 1 fazowe (z bolcem ochronnym):<\/strong>  1P + N + PE, 16 A, 230 V<\/p>\n<p><strong>1 x 3 fazowe CEE:<\/strong> 3P + N + PE, 16 A, 400 V VDE<\/p>\n<p><strong>1 x 3 fazowe CEE:<\/strong> 3P + N + PE, 32 A, 400 V VDE<\/p>\n<p><strong>Wtyczka 1 x 3 fazowa CEE:<\/strong> 3P + N + PE, 32 A, 400V<\/p>\n<p><strong>1x Wy\u0142\u0105cznik r\u00f3\u017cnicowopr\u0105dowy:<\/strong> 40A 30 mA typ A<\/p>\n<p><strong>1 x Wy\u0142\u0105cznik nadpr\u0105dowy:<\/strong> B16, 1P, 6 kA<\/p>\n<p><strong>1x Wy\u0142\u0105cznik nadpr\u0105dowy :<\/strong> C16, 3P, 6 kA<\/p>\n<p><strong>1x Wy\u0142\u0105cznik nadpr\u0105dowy :<\/strong> C32, 3P, 6 kA<\/p>\n<\/p><\/div>\n<div style=\"flex: auto; max-width: 400px; text-align: center;\">\n            \t<img decoding=\"async\" src=\"https:\/\/preis-zone.pl\/data\/include\/cms\/1-zdjecia-produktow\/DOKTORVOLT\/DV-8133-F\/DV-8133-F_13.jpg?v=1738328532627\" alt=\"Obraz 2\" style=\"width: 100%; max-width: 400px; height: auto; border-radius: 8px;\">\n        \t<\/div>\n<\/p><\/div>\n<p>    \t<!-- Trzecia cz\u0119\u015b\u0107 z obrazem po prawej --><\/p>\n<div style=\"display: flex; align-items: center; margin-bottom: 30px; flex-wrap: wrap;\">\n<div style=\"flex: auto; max-width: 450px; padding-right: 30px; text-align: justify; font-size: 12pt\">\n<h2 style=\"border-bottom: 5px solid #7dd956; font-size: 14pt; padding-bottom: 10px; color: #333;\">Certyfikaty i normy<\/h2>\n<p><strong>T\u00dcV S\u00dcD ISO 9001:2015 Certified Quality Management System Doktorvolt:<\/strong> Tak<\/p>\n<p><strong>CE:<\/strong> Tak<\/p>\n<p><strong> IEC 61439:<\/strong> Tak<\/p>\n<\/p><\/div>\n<div style=\"flex: auto; max-width: 400px; text-align: center;\">\n            \t<img decoding=\"async\" src=\"https:\/\/preis-zone.pl\/data\/include\/cms\/1-zdjecia-produktow\/DOKTORVOLT\/DV-8133-F\/DV-8133-F_19.jpg?v=1738328532627\" alt=\"Obraz 3\" style=\"width: 100%; max-width: 400px; height: auto; border-radius: 8px;\">\n        \t<\/div>\n<\/p><\/div>\n<p>    \t<!-- Czwarta cz\u0119\u015b\u0107 z obrazem po lewej --><\/p>\n<div style=\"display: flex; align-items: center; margin-bottom: 30px; flex-wrap: wrap; flex-direction: row-reverse;\">\n<div style=\"flex: auto; max-width: 450px; padding-left: 30px; text-align: justify; font-size: 12pt\">\n<h2 style=\"border-bottom: 5px solid #7dd956; font-size: 14pt; padding-bottom: 10px; color: #333;\">Informacje og\u00f3lne<\/h2>\n<p><strong>Przewody ochronne:<\/strong> Linka ster. H07V-K 2,5\/4 mm2 \u017c\u00f3\u0142tozielona<\/p>\n<p><strong>Przewody neutralne:<\/strong>  Linka ster. H07V-K 2,5\/4 mm2 niebieska<\/p>\n<p><strong>Przewody zasilaj\u0105ce:<\/strong>  Linka ster. H07V-K 2,5\/4 mm2 czarna<\/p>\n<p><strong>Przew\u00f3d (do wyczki) 1m:<\/strong> H07RN-F (OnPD) 5&#215;4 mm2 czarny<\/p>\n<p><strong>Temperatura otoczenia:<\/strong> -25 \u00b0C ~ +50 \u00b0C<\/p>\n<p><strong>Ochrona przed wnikaniem obcych cia\u0142<br \/>\nsta\u0142ych i przed<br \/>\nwnikaniem wody:<\/strong> IP44<\/p>\n<p><strong>Odporno\u015b\u0107 na promieniowanie UV:<\/strong> Tak<\/p>\n<p><strong>Konstrukcja stacjonarna\/ruchoma:<\/strong> Stacjonarna<\/p>\n<\/p><\/div>\n<div style=\"flex: auto; max-width: 400px; text-align: center;\">\n            \t<img decoding=\"async\" src=\"https:\/\/preis-zone.pl\/data\/include\/cms\/1-zdjecia-produktow\/DOKTORVOLT\/DV-8133-F\/DV-8133-F_18.jpg?v=1738328532627\" alt=\"Obraz 4\" style=\"width: 100%; max-width: 400px; height: auto; border-radius: 8px;\">\n        \t<\/div>\n<\/p><\/div>\n<\/p><\/div>\n<\/div>\n<div style=\"display: flex; width: 100%; flex-wrap: wrap; justify-content: space-around;\">\n<div style=\"display: flex; flex-direction: column; justify-content: center; align-items: left; padding-left: 50px; padding-right: 50px; padding-top: 30px;\">\n<div style=\"max-width: 500px;\">\n<h2 style=\"font-size: 14pt; color: #000 !important;\"><strong>Certyfikacja = wysoka jako\u015b\u0107:<\/strong><\/h2>\n<\/p><\/div>\n<div style=\"font-size: 12pt; min-width: 250px; max-width: 472px; text-align: justify;\"><span>Produkty marki DOKTORVOLT s\u0105 rutynowo testowane, aby zapewni\u0107 najwy\u017csz\u0105 jako\u015b\u0107 produkt\u00f3w. Ka\u017cdy produkt po przej\u015bciu test\u00f3w otrzymuje indywidualny certyfikat potwierdzaj\u0105cy zgodno\u015b\u0107 z normami IEC. Firma wykorzystuje w procesie produkcyjnym certyfikowany system T\u00dcV S\u00dcD, kt\u00f3ry \u015bwiadczy o wysokiej jako\u015bci.<\/span><\/div>\n<\/p><\/div>\n<div><img decoding=\"async\" src=\"https:\/\/preis-zone.pl\/data\/include\/cms\/1-zdjecia-produktow\/Certyfikaty\/eco_certyfikat_front.png?v=1738742780335\" width=\"472\" height=\"472\" style=\"max-width: 100%;\"><\/div>\n<\/div>\n<div><img decoding=\"async\" style=\"max-width: 100%;\" src=\"https:\/\/shop38554-1.yourtechnicaldomain.com\/data\/include\/cms\/1-zdjecia-produktow\/DOKTORVOLT\/DV-4995-EV\/ikonka_zielona_z_literka_D_biala.png?v=1729773346118\" border=\"0\" width=\"1900\" height=\"30\"><\/div>\n<div style=\"display: flex; width: 100%; flex-wrap: wrap; justify-content: space-around;\">\n<div><img decoding=\"async\" src=\"https:\/\/shop38554-1.yourtechnicaldomain.com\/data\/include\/cms\/1-zdjecia-produktow\/Logo-IP\/IP_44.png?v=1729852282241\" width=\"472\" height=\"472\" style=\"max-width: 100%;\"><\/div>\n<div style=\"display: flex; flex-direction: column; justify-content: center; align-items: left; padding-left: 50px; padding-right: 50px; padding-top: 30px; max-width: 500px;\">\n<h2 style=\"font-size: 14pt; color: #000 !important;\"><strong>Stopie\u0144 ochrony IP = wi\u0119ksze bezpiecze\u0144stwo:<\/strong><\/h2>\n<div style=\"font-size: 12pt; min-width: 250px; text-align: justify;\"><span>Stopie\u0144 ochrony IP to mi\u0119dzynarodowy standard informuj\u0105cy u\u017cytkownika o odporno\u015bci przedmiotu na potencjalne zagro\u017cenia. Produkty z ochron\u0105 IP gwarantuj\u0105 bezawaryjn\u0105 prac\u0119 urz\u0105dzenia w mniej kontrolowanych warunkach oraz bezpiecze\u0144stwo u\u017cytkownika. Stopie\u0144 ochrony IP44 w naszym rozdzielaczu oznacza:<br \/>\n    \tOchrona przed wnikaniem cia\u0142 sta\u0142ych o \u015brednicy wi\u0119kszej ni\u017c 1 mm<br \/>\n    \tOchrona przed bryzgami wody z dowolnego kierunku<\/span><\/div>\n<\/p><\/div>\n<\/div>\n<div><img decoding=\"async\" style=\"max-width: 100%;\" src=\"https:\/\/shop38554-1.yourtechnicaldomain.com\/data\/include\/cms\/1-zdjecia-produktow\/DOKTORVOLT\/DV-4995-EV\/ikonka_zielona_z_literka_D_biala.png?v=1729773346118\" border=\"0\" width=\"1900\" height=\"30\"><\/div>\n<div style=\"display: flex; flex-direction: column; align-items: center; justify-content: center; text-align: center; width: 100%;\">\n<h2 style=\"font-size: 18pt; color: #000; color: #000 !important;\">Zaufany producent:<\/h2>\n<p style=\"font-size: 16pt; line-height: 1.5; color: #000; max-width: 800px; text-align: justify;\">\n    \tDoktorvolt\u00ae to firma za\u0142o\u017cona w 2013 roku. Dynamicznie rozwijaj\u0105ca si\u0119 firma podbi\u0142a rynek polski i zagraniczny. Siedziba firmy znajduje si\u0119 w Malichowie w wojew\u00f3dztwie opolskim, gdzie mie\u015bci si\u0119 r\u00f3wnie\u017c nowoczesna hala produkcyjna i magazyn. Firma specjalizuje si\u0119 w produkcji rozdzielnic budowlanych i wyr\u00f3\u017cnia si\u0119 jako\u015bci\u0105 oraz solidnym wykonaniem. Ka\u017cda rozdzielnica sk\u0142ada si\u0119 z wysokiej jako\u015bci komponent\u00f3w. Produkty firmy Doktorvolt\u00ae spe\u0142niaj\u0105 europejskie normy i standardy bezpiecze\u0144stwa.\n\t<\/p>\n<p>\t<img decoding=\"async\" src=\"https:\/\/shop38554-1.yourtechnicaldomain.com\/data\/include\/cms\/1-zdjecia-produktow\/doktorvolt-logo\/nowe.jpg?v=1729077634670\" alt=\"Doktorvolt logo\" width=\"566\" height=\"155\" style=\"margin-top: 20px;\">\n<\/div>\n","protected":false},"excerpt":{"rendered":"<p>Rozdzielnica budowlana marki Doktorvolt. Wyposa\u017cona w 3 gniazda 230V oraz 2 gniazda CEE. Zastosowane zabezpieczenia marki Doktorvolt. Dodatkowym wyposa\u017ceniem jest przew\u00f3d z wtyczk\u0105 CEE.<\/p>\n","protected":false},"featured_media":105784,"template":"","meta":[],"product_brand":[],"product_cat":[5078],"product_tag":[],"class_list":{"0":"post-110674","1":"product","2":"type-product","3":"status-publish","4":"has-post-thumbnail","6":"product_cat-cas-series","7":"pa_dodatkowe-wyposazenie-handle","8":"pa_material-obudowy-plastic","9":"pa_napiecie-cee-400v","10":"pa_natezenie-pradu-cee-32a","11":"pa_typ-gniazd-typ-f-schuko","12":"pa_zabezpieczenie-bez-zabezpieczen","14":"first","15":"instock","16":"shipping-taxable","17":"product-type-external"},"yoast_head":"<!-- This site is optimized with the Yoast SEO plugin v27.0 - https:\/\/yoast.com\/product\/yoast-seo-wordpress\/ -->\n<title>Rozdzielnica budowlana CAS 3x230V 32A16A Doktorvolt DV-8133-F - DOKTORVOLT\u00ae<\/title>\n<meta name=\"robots\" content=\"index, follow, max-snippet:-1, max-image-preview:large, max-video-preview:-1\" \/>\n<link rel=\"canonical\" href=\"https:\/\/doktorvolt.pl\/en\/oferta-doktorvolt\/distribution-boxes\/cas-series\/rozdzielnica-budowlana-cas-3x230v-32a16a-doktorvolt-dv-8133-f\/\" \/>\n<meta property=\"og:locale\" content=\"en_US\" \/>\n<meta property=\"og:type\" content=\"article\" \/>\n<meta property=\"og:title\" content=\"Rozdzielnica budowlana CAS 3x230V 32A16A Doktorvolt DV-8133-F - DOKTORVOLT\u00ae\" \/>\n<meta property=\"og:description\" content=\"Rozdzielnica budowlana marki Doktorvolt. Wyposa\u017cona w 3 gniazda 230V oraz 2 gniazda CEE. Zastosowane zabezpieczenia marki Doktorvolt. Dodatkowym wyposa\u017ceniem jest przew\u00f3d z wtyczk\u0105 CEE.\" \/>\n<meta property=\"og:url\" content=\"https:\/\/doktorvolt.pl\/en\/oferta-doktorvolt\/distribution-boxes\/cas-series\/rozdzielnica-budowlana-cas-3x230v-32a16a-doktorvolt-dv-8133-f\/\" \/>\n<meta property=\"og:site_name\" content=\"DOKTORVOLT\u00ae\" \/>\n<meta property=\"og:image\" content=\"https:\/\/doktorvolt.pl\/wp-content\/uploads\/2026\/02\/pol_pl_Rozdzielnica-budowlana-CAS-3x230V-32A16A-Doktorvolt-DV-8133-F-19891_14.jpg\" \/>\n\t<meta property=\"og:image:width\" content=\"1600\" \/>\n\t<meta property=\"og:image:height\" content=\"1600\" \/>\n\t<meta property=\"og:image:type\" content=\"image\/jpeg\" \/>\n<meta name=\"twitter:card\" content=\"summary_large_image\" \/>\n<meta name=\"twitter:label1\" content=\"Est. reading time\" \/>\n\t<meta name=\"twitter:data1\" content=\"3 minutes\" \/>\n<script type=\"application\/ld+json\" class=\"yoast-schema-graph\">{\"@context\":\"https:\/\/schema.org\",\"@graph\":[{\"@type\":\"WebPage\",\"@id\":\"https:\/\/doktorvolt.pl\/en\/oferta-doktorvolt\/distribution-boxes\/cas-series\/rozdzielnica-budowlana-cas-3x230v-32a16a-doktorvolt-dv-8133-f\/\",\"url\":\"https:\/\/doktorvolt.pl\/en\/oferta-doktorvolt\/distribution-boxes\/cas-series\/rozdzielnica-budowlana-cas-3x230v-32a16a-doktorvolt-dv-8133-f\/\",\"name\":\"Rozdzielnica budowlana CAS 3x230V 32A16A Doktorvolt DV-8133-F - DOKTORVOLT\u00ae\",\"isPartOf\":{\"@id\":\"https:\/\/doktorvolt.pl\/de\/#website\"},\"primaryImageOfPage\":{\"@id\":\"https:\/\/doktorvolt.pl\/en\/oferta-doktorvolt\/distribution-boxes\/cas-series\/rozdzielnica-budowlana-cas-3x230v-32a16a-doktorvolt-dv-8133-f\/#primaryimage\"},\"image\":{\"@id\":\"https:\/\/doktorvolt.pl\/en\/oferta-doktorvolt\/distribution-boxes\/cas-series\/rozdzielnica-budowlana-cas-3x230v-32a16a-doktorvolt-dv-8133-f\/#primaryimage\"},\"thumbnailUrl\":\"https:\/\/doktorvolt.pl\/wp-content\/uploads\/2026\/02\/pol_pl_Rozdzielnica-budowlana-CAS-3x230V-32A16A-Doktorvolt-DV-8133-F-19891_14.jpg\",\"datePublished\":\"2026-02-23T14:07:01+00:00\",\"breadcrumb\":{\"@id\":\"https:\/\/doktorvolt.pl\/en\/oferta-doktorvolt\/distribution-boxes\/cas-series\/rozdzielnica-budowlana-cas-3x230v-32a16a-doktorvolt-dv-8133-f\/#breadcrumb\"},\"inLanguage\":\"en-US\",\"potentialAction\":[{\"@type\":\"ReadAction\",\"target\":[\"https:\/\/doktorvolt.pl\/en\/oferta-doktorvolt\/distribution-boxes\/cas-series\/rozdzielnica-budowlana-cas-3x230v-32a16a-doktorvolt-dv-8133-f\/\"]}]},{\"@type\":\"ImageObject\",\"inLanguage\":\"en-US\",\"@id\":\"https:\/\/doktorvolt.pl\/en\/oferta-doktorvolt\/distribution-boxes\/cas-series\/rozdzielnica-budowlana-cas-3x230v-32a16a-doktorvolt-dv-8133-f\/#primaryimage\",\"url\":\"https:\/\/doktorvolt.pl\/wp-content\/uploads\/2026\/02\/pol_pl_Rozdzielnica-budowlana-CAS-3x230V-32A16A-Doktorvolt-DV-8133-F-19891_14.jpg\",\"contentUrl\":\"https:\/\/doktorvolt.pl\/wp-content\/uploads\/2026\/02\/pol_pl_Rozdzielnica-budowlana-CAS-3x230V-32A16A-Doktorvolt-DV-8133-F-19891_14.jpg\",\"width\":1600,\"height\":1600},{\"@type\":\"BreadcrumbList\",\"@id\":\"https:\/\/doktorvolt.pl\/en\/oferta-doktorvolt\/distribution-boxes\/cas-series\/rozdzielnica-budowlana-cas-3x230v-32a16a-doktorvolt-dv-8133-f\/#breadcrumb\",\"itemListElement\":[{\"@type\":\"ListItem\",\"position\":1,\"name\":\"Strona g\u0142\u00f3wna\",\"item\":\"https:\/\/doktorvolt.pl\/en\/\"},{\"@type\":\"ListItem\",\"position\":2,\"name\":\"Offer Doktorvolt\",\"item\":\"https:\/\/doktorvolt.pl\/en\/offer-doktorvolt\/\"},{\"@type\":\"ListItem\",\"position\":3,\"name\":\"Rozdzielnica budowlana CAS 3x230V 32A16A Doktorvolt DV-8133-F\"}]},{\"@type\":\"WebSite\",\"@id\":\"https:\/\/doktorvolt.pl\/de\/#website\",\"url\":\"https:\/\/doktorvolt.pl\/de\/\",\"name\":\"DOKTORVOLT\u00ae\",\"description\":\"Producent rozdzielnic budowlanych\",\"publisher\":{\"@id\":\"https:\/\/doktorvolt.pl\/de\/#organization\"},\"potentialAction\":[{\"@type\":\"SearchAction\",\"target\":{\"@type\":\"EntryPoint\",\"urlTemplate\":\"https:\/\/doktorvolt.pl\/de\/?s={search_term_string}\"},\"query-input\":{\"@type\":\"PropertyValueSpecification\",\"valueRequired\":true,\"valueName\":\"search_term_string\"}}],\"inLanguage\":\"en-US\"},{\"@type\":\"Organization\",\"@id\":\"https:\/\/doktorvolt.pl\/de\/#organization\",\"name\":\"DOKTORVOLT\u00ae\",\"url\":\"https:\/\/doktorvolt.pl\/de\/\",\"logo\":{\"@type\":\"ImageObject\",\"inLanguage\":\"en-US\",\"@id\":\"https:\/\/doktorvolt.pl\/de\/#\/schema\/logo\/image\/\",\"url\":\"https:\/\/doktorvolt.pl\/wp-content\/uploads\/2023\/10\/DoktorVOLT-black-png.png\",\"contentUrl\":\"https:\/\/doktorvolt.pl\/wp-content\/uploads\/2023\/10\/DoktorVOLT-black-png.png\",\"width\":729,\"height\":40,\"caption\":\"DOKTORVOLT\u00ae\"},\"image\":{\"@id\":\"https:\/\/doktorvolt.pl\/de\/#\/schema\/logo\/image\/\"}}]}<\/script>\n<!-- \/ Yoast SEO plugin. -->","yoast_head_json":{"title":"Rozdzielnica budowlana CAS 3x230V 32A16A Doktorvolt DV-8133-F - DOKTORVOLT\u00ae","robots":{"index":"index","follow":"follow","max-snippet":"max-snippet:-1","max-image-preview":"max-image-preview:large","max-video-preview":"max-video-preview:-1"},"canonical":"https:\/\/doktorvolt.pl\/en\/oferta-doktorvolt\/distribution-boxes\/cas-series\/rozdzielnica-budowlana-cas-3x230v-32a16a-doktorvolt-dv-8133-f\/","og_locale":"en_US","og_type":"article","og_title":"Rozdzielnica budowlana CAS 3x230V 32A16A Doktorvolt DV-8133-F - DOKTORVOLT\u00ae","og_description":"Rozdzielnica budowlana marki Doktorvolt. Wyposa\u017cona w 3 gniazda 230V oraz 2 gniazda CEE. Zastosowane zabezpieczenia marki Doktorvolt. Dodatkowym wyposa\u017ceniem jest przew\u00f3d z wtyczk\u0105 CEE.","og_url":"https:\/\/doktorvolt.pl\/en\/oferta-doktorvolt\/distribution-boxes\/cas-series\/rozdzielnica-budowlana-cas-3x230v-32a16a-doktorvolt-dv-8133-f\/","og_site_name":"DOKTORVOLT\u00ae","og_image":[{"width":1600,"height":1600,"url":"https:\/\/doktorvolt.pl\/wp-content\/uploads\/2026\/02\/pol_pl_Rozdzielnica-budowlana-CAS-3x230V-32A16A-Doktorvolt-DV-8133-F-19891_14.jpg","type":"image\/jpeg"}],"twitter_card":"summary_large_image","twitter_misc":{"Est. reading time":"3 minutes"},"schema":{"@context":"https:\/\/schema.org","@graph":[{"@type":"WebPage","@id":"https:\/\/doktorvolt.pl\/en\/oferta-doktorvolt\/distribution-boxes\/cas-series\/rozdzielnica-budowlana-cas-3x230v-32a16a-doktorvolt-dv-8133-f\/","url":"https:\/\/doktorvolt.pl\/en\/oferta-doktorvolt\/distribution-boxes\/cas-series\/rozdzielnica-budowlana-cas-3x230v-32a16a-doktorvolt-dv-8133-f\/","name":"Rozdzielnica budowlana CAS 3x230V 32A16A Doktorvolt DV-8133-F - DOKTORVOLT\u00ae","isPartOf":{"@id":"https:\/\/doktorvolt.pl\/de\/#website"},"primaryImageOfPage":{"@id":"https:\/\/doktorvolt.pl\/en\/oferta-doktorvolt\/distribution-boxes\/cas-series\/rozdzielnica-budowlana-cas-3x230v-32a16a-doktorvolt-dv-8133-f\/#primaryimage"},"image":{"@id":"https:\/\/doktorvolt.pl\/en\/oferta-doktorvolt\/distribution-boxes\/cas-series\/rozdzielnica-budowlana-cas-3x230v-32a16a-doktorvolt-dv-8133-f\/#primaryimage"},"thumbnailUrl":"https:\/\/doktorvolt.pl\/wp-content\/uploads\/2026\/02\/pol_pl_Rozdzielnica-budowlana-CAS-3x230V-32A16A-Doktorvolt-DV-8133-F-19891_14.jpg","datePublished":"2026-02-23T14:07:01+00:00","breadcrumb":{"@id":"https:\/\/doktorvolt.pl\/en\/oferta-doktorvolt\/distribution-boxes\/cas-series\/rozdzielnica-budowlana-cas-3x230v-32a16a-doktorvolt-dv-8133-f\/#breadcrumb"},"inLanguage":"en-US","potentialAction":[{"@type":"ReadAction","target":["https:\/\/doktorvolt.pl\/en\/oferta-doktorvolt\/distribution-boxes\/cas-series\/rozdzielnica-budowlana-cas-3x230v-32a16a-doktorvolt-dv-8133-f\/"]}]},{"@type":"ImageObject","inLanguage":"en-US","@id":"https:\/\/doktorvolt.pl\/en\/oferta-doktorvolt\/distribution-boxes\/cas-series\/rozdzielnica-budowlana-cas-3x230v-32a16a-doktorvolt-dv-8133-f\/#primaryimage","url":"https:\/\/doktorvolt.pl\/wp-content\/uploads\/2026\/02\/pol_pl_Rozdzielnica-budowlana-CAS-3x230V-32A16A-Doktorvolt-DV-8133-F-19891_14.jpg","contentUrl":"https:\/\/doktorvolt.pl\/wp-content\/uploads\/2026\/02\/pol_pl_Rozdzielnica-budowlana-CAS-3x230V-32A16A-Doktorvolt-DV-8133-F-19891_14.jpg","width":1600,"height":1600},{"@type":"BreadcrumbList","@id":"https:\/\/doktorvolt.pl\/en\/oferta-doktorvolt\/distribution-boxes\/cas-series\/rozdzielnica-budowlana-cas-3x230v-32a16a-doktorvolt-dv-8133-f\/#breadcrumb","itemListElement":[{"@type":"ListItem","position":1,"name":"Strona g\u0142\u00f3wna","item":"https:\/\/doktorvolt.pl\/en\/"},{"@type":"ListItem","position":2,"name":"Offer Doktorvolt","item":"https:\/\/doktorvolt.pl\/en\/offer-doktorvolt\/"},{"@type":"ListItem","position":3,"name":"Rozdzielnica budowlana CAS 3x230V 32A16A Doktorvolt DV-8133-F"}]},{"@type":"WebSite","@id":"https:\/\/doktorvolt.pl\/de\/#website","url":"https:\/\/doktorvolt.pl\/de\/","name":"DOKTORVOLT\u00ae","description":"Producent rozdzielnic budowlanych","publisher":{"@id":"https:\/\/doktorvolt.pl\/de\/#organization"},"potentialAction":[{"@type":"SearchAction","target":{"@type":"EntryPoint","urlTemplate":"https:\/\/doktorvolt.pl\/de\/?s={search_term_string}"},"query-input":{"@type":"PropertyValueSpecification","valueRequired":true,"valueName":"search_term_string"}}],"inLanguage":"en-US"},{"@type":"Organization","@id":"https:\/\/doktorvolt.pl\/de\/#organization","name":"DOKTORVOLT\u00ae","url":"https:\/\/doktorvolt.pl\/de\/","logo":{"@type":"ImageObject","inLanguage":"en-US","@id":"https:\/\/doktorvolt.pl\/de\/#\/schema\/logo\/image\/","url":"https:\/\/doktorvolt.pl\/wp-content\/uploads\/2023\/10\/DoktorVOLT-black-png.png","contentUrl":"https:\/\/doktorvolt.pl\/wp-content\/uploads\/2023\/10\/DoktorVOLT-black-png.png","width":729,"height":40,"caption":"DOKTORVOLT\u00ae"},"image":{"@id":"https:\/\/doktorvolt.pl\/de\/#\/schema\/logo\/image\/"}}]}},"_links":{"self":[{"href":"https:\/\/doktorvolt.pl\/en\/wp-json\/wp\/v2\/product\/110674","targetHints":{"allow":["GET"]}}],"collection":[{"href":"https:\/\/doktorvolt.pl\/en\/wp-json\/wp\/v2\/product"}],"about":[{"href":"https:\/\/doktorvolt.pl\/en\/wp-json\/wp\/v2\/types\/product"}],"wp:featuredmedia":[{"embeddable":true,"href":"https:\/\/doktorvolt.pl\/en\/wp-json\/wp\/v2\/media\/105784"}],"wp:attachment":[{"href":"https:\/\/doktorvolt.pl\/en\/wp-json\/wp\/v2\/media?parent=110674"}],"wp:term":[{"taxonomy":"product_brand","embeddable":true,"href":"https:\/\/doktorvolt.pl\/en\/wp-json\/wp\/v2\/product_brand?post=110674"},{"taxonomy":"product_cat","embeddable":true,"href":"https:\/\/doktorvolt.pl\/en\/wp-json\/wp\/v2\/product_cat?post=110674"},{"taxonomy":"product_tag","embeddable":true,"href":"https:\/\/doktorvolt.pl\/en\/wp-json\/wp\/v2\/product_tag?post=110674"}],"curies":[{"name":"wp","href":"https:\/\/api.w.org\/{rel}","templated":true}]}}