{"id":110688,"date":"2026-02-23T16:03:57","date_gmt":"2026-02-23T14:03:57","guid":{"rendered":"https:\/\/doktorvolt.pl\/sklep\/uncategorized\/rozdzielnica-budowlana-16a-32a-cee-2x230v-erbetka-z-uchwytem-doktorvolt-cas-dv-8102-f\/"},"modified":"2026-02-23T16:03:57","modified_gmt":"2026-02-23T14:03:57","slug":"rozdzielnica-budowlana-16a-32a-cee-2x230v-erbetka-z-uchwytem-doktorvolt-cas-dv-8102-f","status":"publish","type":"product","link":"https:\/\/doktorvolt.pl\/en\/oferta-doktorvolt\/distribution-boxes\/cas-series\/rozdzielnica-budowlana-16a-32a-cee-2x230v-erbetka-z-uchwytem-doktorvolt-cas-dv-8102-f\/","title":{"rendered":"Rozdzielnica budowlana 16A 32A CEE 2x230V erbetka z uchwytem Doktorvolt CAS DV-8102-F"},"content":{"rendered":"<h1 style=\"text-align: center; font-size: 24pt;\"><span>Rozdzielnica budowlana CAS DV-8102-F 3x230V bez zabezpiecze\u0144 IP44 Doktorvolt<\/span><\/h1>\n<h4 style=\"font-size: 14pt; text-align: center;\"><span>Rozdzielnica DV-8102-F od Doktorvolt to solidne rozwi\u0105zanie do instalacji elektrycznych, wyposa\u017cone w trwa\u0142\u0105 obudow\u0119 z tworzywa sztucznego o kompaktowych wymiarach. Posiada gniazda jednofazowe i tr\u00f3jfazowe CEE, a tak\u017ce okno rewizyjne na 11 modu\u0142\u00f3w, co zapewnia wygod\u0119 pod\u0142\u0105czenia oraz \u0142atwy dost\u0119p do instalacji. Produkt spe\u0142nia mi\u0119dzynarodowe normy bezpiecze\u0144stwa, takie jak T\u00dcV S\u00dcD, CE, ISO 9001:2015 i IEC 61439, co potwierdza jego niezawodno\u015b\u0107 i wysok\u0105 jako\u015b\u0107.<\/span><\/h4>\n<div><img decoding=\"async\" style=\"max-width: 100%;\" src=\"https:\/\/shop38554-1.yourtechnicaldomain.com\/data\/include\/cms\/1-zdjecia-produktow\/DOKTORVOLT\/DV-4995-EV\/ikonka_zielona_z_literka_D_biala.png?v=1729774133258\" border=\"0\" width=\"1900\" height=\"30\" \/><\/div>\n<div style=\"display: flex; width: 100%; flex-wrap: wrap; justify-content: space-around;\">\n<div style=\"display: flex; flex-direction: column; justify-content: center; align-items: left; padding-left: 50px; padding-right: 50px; padding-top: 30px;\">\n<div style=\"max-width: 500px;\">\n<h2 style=\"font-size: 14pt;\"><strong>Gniazda jednofazowe i tr\u00f3jfazowe CEE<\/strong><\/h2>\n<\/p><\/div>\n<div style=\"font-size: 12pt; min-width: 250px; max-width: 472px; text-align: justify;\"><span>Rozdzielnica DV-8102-F oferuje wszechstronno\u015b\u0107 dzi\u0119ki wyposa\u017ceniu w gniazda jednofazowe z bolcem ochronnym oraz tr\u00f3jfazowe CEE. Umo\u017cliwia to bezpieczne i wygodne pod\u0142\u0105czenie r\u00f3\u017cnorodnych urz\u0105dze\u0144 elektrycznych o napi\u0119ciu 230\/400 V i pr\u0105dzie znamionowym 64 A. Taka konfiguracja sprawia, \u017ce produkt jest uniwersalnym rozwi\u0105zaniem dla r\u00f3\u017cnych instalacji.<\/span><\/div>\n<\/p><\/div>\n<div><img decoding=\"async\" src=\"https:\/\/preis-zone.pl\/data\/include\/cms\/1-zdjecia-produktow\/DOKTORVOLT\/DV-8102-F\/DV-8102-F_1.jpg?v=1729773833209\" width=\"472\" height=\"472\" style=\"max-width: 100%;\" \/><\/div>\n<\/div>\n<div><img decoding=\"async\" style=\"max-width: 100%;\" src=\"https:\/\/shop38554-1.yourtechnicaldomain.com\/data\/include\/cms\/1-zdjecia-produktow\/DOKTORVOLT\/DV-4995-EV\/ikonka_zielona_z_literka_D_biala.png?v=1729773346118\" border=\"0\" width=\"1900\" height=\"30\" \/><\/div>\n<div style=\"display: flex; width: 100%; flex-wrap: wrap; justify-content: space-around;\">\n<div>\n<video style=\"max-width=100%; margin-top: 50px; padding-top: 50px;\" width=\"400\" height=\"300\" src=\"https:\/\/preis-zone.pl\/data\/include\/cms\/1-zdjecia-produktow\/DOKTORVOLT\/DV-8102-F\/DV-8102-F_20.mp4?v=1729773833209\" type=\"video\/mp4\" controls autoplay muted loop controlsList=\"nodownload\"><\/video>\n<\/div>\n<div style=\"display: flex; flex-direction: column; justify-content: center; align-items: left; padding-left: 50px; padding-right: 50px; padding-top: 30px; max-width: 500px;\">\n<h2 style=\"font-size: 14pt;\"><strong>Solidna obudowa z tworzywa sztucznego o eleganckim designie<\/strong><\/h2>\n<div style=\"font-size: 12pt; min-width: 250px; text-align: justify;\"><span>Obudowa rozdzielnicy DV-8102-F wykonana jest z trwa\u0142ego tworzywa sztucznego, kt\u00f3re skutecznie chroni przed uszkodzeniami mechanicznymi. Szaro-czarna kolorystyka nadaje jej nowoczesny wygl\u0105d, dzi\u0119ki czemu doskonale komponuje si\u0119 w r\u00f3\u017cnych \u015brodowiskach instalacyjnych. Kompaktowe wymiary 223 x 310 x 112 mm pozwalaj\u0105 na monta\u017c w ciasnych przestrzeniach.<\/span><\/div>\n<\/p><\/div>\n<\/div>\n<p><!-- Specyfikacja Techniczna --><\/p>\n<div style=\"display: flex; justify-content: center; align-items: center; min-height: 100vh;\">\n<div style=\"font-family: Arial, sans-serif; padding: 20px; max-width: 900px; border-radius: 8px; box-shadow: 0 4px 8px rgba(0, 0, 0, 0.1); text-align: left; background-color: white; margin-bottom: 50px; margin-top: 50px;\">\n<h2 style=\"background-color: #7dd956; color: #333; padding: 15px; border-radius: 8px 8px 0 0; text-align: center;\">Specyfikacja Techniczna<\/h2>\n<p>        <!-- Pierwsza cz\u0119\u015b\u0107 z obrazem po prawej --><\/p>\n<div style=\"display: flex; align-items: center; margin-bottom: 30px; flex-wrap: wrap;\">\n<div style=\"flex: auto; max-width: 450px; padding-right: 30px; text-align: justify;\">\n<h3 style=\"border-bottom: 5px solid #7dd956; padding-bottom: 10px; color: #333;\">Obudowa Rozdzielnicy<\/h3>\n<p><strong>Wymiary obudowy (bez gniazd):<\/strong> 223 x 310 x 112 mm<\/p>\n<p><strong>Materia\u0142 obudowy:<\/strong> Tworzywo sztuczne<\/p>\n<p><strong>Kolor przedniej\/tylnej p\u0142yty obudowy:<\/strong> Szary\/czarny<\/p>\n<p><strong>Membrany do\u0142\u0105czone w zestawie:<\/strong> 1x PG21 1x PG29<\/p>\n<p><strong>Stopie\u0144 ochrony:<\/strong> IP 44<\/p>\n<\/p><\/div>\n<div style=\"flex: auto; max-width: 400px; text-align: center;\">\n                <img decoding=\"async\" src=\"https:\/\/preis-zone.pl\/data\/include\/cms\/1-zdjecia-produktow\/DOKTORVOLT\/DV-8102-F\/cas_poprawna_infografika.jpg?v=1731401418260\" alt=\"Obraz 1\" style=\"width: 100%; max-width: 400px; height: auto; border-radius: 8px;\">\n            <\/div>\n<\/p><\/div>\n<p>        <!-- Druga cz\u0119\u015b\u0107 z obrazem po lewej --><\/p>\n<div style=\"display: flex; align-items: center; margin-bottom: 30px; flex-wrap: wrap; flex-direction: row-reverse;\">\n<div style=\"flex: auto; max-width: 450px; padding-left: 30px; text-align: justify;\">\n<h3 style=\"border-bottom: 5px solid #7dd956; padding-bottom: 10px; color: #333;\">Gniazda i aparatura modu\u0142owa<\/h3>\n<p><strong>Pr\u0105d znamionowy:<\/strong> 64 A<\/p>\n<p><strong>Napi\u0119cie znamionowe:<\/strong> 230 \/ 400 V<\/p>\n<p><strong>Cz\u0119stotliwo\u015b\u0107 znamionowa:<\/strong> 50 Hz<\/p>\n<p><strong>RDF:<\/strong> 1<\/p>\n<p><strong>Rodzaj gniazd:<\/strong><br \/> 1 fazowe z bolcem ochronnym<br \/> 3 fazowe CEE<\/p>\n<p><strong>Wyposa\u017cenie:<\/strong><br \/> okno rewizyjne na 11 modu\u0142\u00f3w<br \/> gotowe okablowanie przygotowane pod instalacj\u0119<\/p>\n<\/p><\/div>\n<div style=\"flex: auto; max-width: 400px; text-align: center;\">\n                <img decoding=\"async\" src=\"https:\/\/preis-zone.pl\/data\/include\/cms\/1-zdjecia-produktow\/DOKTORVOLT\/DV-8102-F\/DV-8102-F_7.jpg?v=1729773833209\" alt=\"Obraz 2\" style=\"width: 100%; max-width: 400px; height: auto; border-radius: 8px;\">\n            <\/div>\n<\/p><\/div>\n<p>        <!-- Trzecia cz\u0119\u015b\u0107 z obrazem po prawej --><\/p>\n<div style=\"display: flex; align-items: center; margin-bottom: 30px; flex-wrap: wrap;\">\n<div style=\"flex: auto; max-width: 450px; padding-right: 30px; text-align: justify;\">\n<h3 style=\"border-bottom: 5px solid #7dd956; padding-bottom: 10px; color: #333;\">Certyfikaty i normy<\/h3>\n<p><strong>T\u00dcV S\u00dcD:<\/strong> Tak<\/p>\n<p><strong>ISO 9001:2015:<\/strong> Tak<\/p>\n<p><strong>CE:<\/strong> Tak<\/p>\n<p><strong>IEC 61439:<\/strong> Tak<\/p>\n<\/p><\/div>\n<div style=\"flex: auto; max-width: 400px; text-align: center;\">\n                <img decoding=\"async\" src=\"https:\/\/preis-zone.pl\/data\/include\/cms\/1-zdjecia-produktow\/DOKTORVOLT\/DV-8102-F\/DV-8102-F_13.jpg?v=1729774223034\" alt=\"Obraz 3\" style=\"width: 100%; max-width: 400px; height: auto; border-radius: 8px;\">\n            <\/div>\n<\/p><\/div>\n<p>        <!-- Czwarta cz\u0119\u015b\u0107 z obrazem po lewej --><\/p>\n<div style=\"display: flex; align-items: center; margin-bottom: 30px; flex-wrap: wrap; flex-direction: row-reverse;\">\n<div style=\"flex: auto; max-width: 450px; padding-left: 30px; text-align: justify;\">\n<h3 style=\"border-bottom: 5px solid #7dd956; padding-bottom: 10px; color: #333;\">Informacje og\u00f3lne<\/h3>\n<p><strong>Producent:<\/strong> Doktorvolt<\/p>\n<p><strong>Certyfikaty i normy producenta:<\/strong> <br \/>T\u00dcV S\u00dcD <br \/> ISO 9001:2015 <br \/> CE <br \/> IEC 61439<\/p>\n<p><strong>Model:<\/strong> DV-8102-F<\/p>\n<p><strong>Oznaczenie serii produktu:<\/strong> CAS<\/p>\n<p><strong>EAN:<\/strong> 5907589338102<\/p>\n<\/p><\/div>\n<div style=\"flex: auto; max-width: 400px; text-align: center;\">\n                <img decoding=\"async\" src=\"https:\/\/preis-zone.pl\/data\/include\/cms\/1-zdjecia-produktow\/DOKTORVOLT\/DV-8102-F\/DV-8102-F_11.jpg?v=1729774223034\" alt=\"Obraz 4\" style=\"width: 100%; max-width: 400px; height: auto; border-radius: 8px;\">\n            <\/div>\n<\/p><\/div>\n<\/p><\/div>\n<\/div>\n<div style=\"display: flex; width: 100%; flex-wrap: wrap; justify-content: space-around;\">\n<div style=\"display: flex; flex-direction: column; justify-content: center; align-items: left; padding-left: 50px; padding-right: 50px; padding-top: 30px;\">\n<div style=\"max-width: 500px;\">\n<h2 style=\"font-size: 14pt;\"><strong>Certyfikacja = wysoka jako\u015b\u0107:<\/strong><\/h2>\n<\/p><\/div>\n<div style=\"font-size: 12pt; min-width: 250px; max-width: 472px; text-align: justify;\"><span>Produkty marki DOKTORVOLT poddawane s\u0105 rutynowym testom w celu zapewniania najwi\u0119kszej jako\u015bci produktu. Ka\u017cdy produkt po przej\u015bciu szczeg\u00f3\u0142owych test\u00f3w otrzymuje indywidualny certyfikat potwierdzaj\u0105cy zgodno\u015b\u0107 z normami IEC. Firma w procesie produkcji wykorzystuje certyfikowany system T\u00dcV S\u00dcD \u015bwiadcz\u0105cy o wysokiej jako\u015bci.<\/span><\/div>\n<\/p><\/div>\n<div><img decoding=\"async\" src=\"https:\/\/preis-zone.pl\/data\/include\/cms\/1-zdjecia-produktow\/DOKTORVOLT\/DV-8102-F\/eco_certyfikat_front.jpg?v=1729835819514\" width=\"472\" height=\"472\" style=\"max-width: 100%;\" \/><\/div>\n<\/div>\n<div><img decoding=\"async\" style=\"max-width: 100%;\" src=\"https:\/\/shop38554-1.yourtechnicaldomain.com\/data\/include\/cms\/1-zdjecia-produktow\/DOKTORVOLT\/DV-4995-EV\/ikonka_zielona_z_literka_D_biala.png?v=1729773346118\" border=\"0\" width=\"1900\" height=\"30\" \/><\/div>\n<div style=\"display: flex; width: 100%; flex-wrap: wrap; justify-content: space-around;\">\n<div><img decoding=\"async\" src=\"https:\/\/shop38554-1.yourtechnicaldomain.com\/data\/include\/cms\/1-zdjecia-produktow\/Logo-IP\/IP_44.png?v=1729836923217\" width=\"472\" height=\"472\" style=\"max-width: 100%;\" \/><\/div>\n<div style=\"display: flex; flex-direction: column; justify-content: center; align-items: left; padding-left: 50px; padding-right: 50px; padding-top: 30px; max-width: 500px;\">\n<h2 style=\"font-size: 14pt;\"><strong>Klasa szczelno\u015bci IP = wi\u0119ksze bezpiecze\u0144stwo:<\/strong><\/h2>\n<div style=\"font-size: 12pt; min-width: 250px; text-align: justify;\"><span>Oznaczenie stopnia ochrony IP jest mi\u0119dzynarodowym standardem ochrony, kt\u00f3ry informuje u\u017cytkownika o odporno\u015bci przedmiotu na potencjalne czynniki ryzyka. Produkty z zastosowanym stopniem IP gwarantuj\u0105 bezproblemow\u0105 prac\u0119 urz\u0105dzenia w mniej kontrolowanych warunkach oraz bezpiecze\u0144stwo dla u\u017cytkownika. Zastosowana w naszej rozdzielnicy klasa szczelno\u015bci IP44 informuje nas o:<br \/>\n    \tochronie przedmiotu przed przedostaniem si\u0119 cia\u0142 sta\u0142ych o \u015brednicy powy\u017cej 1 mm<br \/>\n    \tochronie przed zachlapaniem wod\u0105 z ka\u017cdego kierunku<\/span><\/div>\n<\/p><\/div>\n<\/div>\n<div><img decoding=\"async\" style=\"max-width: 100%;\" src=\"https:\/\/shop38554-1.yourtechnicaldomain.com\/data\/include\/cms\/1-zdjecia-produktow\/DOKTORVOLT\/DV-4995-EV\/ikonka_zielona_z_literka_D_biala.png?v=1729773346118\" border=\"0\" width=\"1900\" height=\"30\" \/><\/div>\n<div style=\"display: flex; flex-direction: column; align-items: center; justify-content: center; text-align: center; width: 100%;\">\n<h3 style=\"font-size: 18pt; color: #000;\">Zaufany Producent:<\/h3>\n<p style=\"font-size: 16pt; line-height: 1.5; color: #000; max-width: 800px; text-align: justify;\">\n    \tDoktorvolt\u00ae jest firm\u0105, powsta\u0142\u0105 w 2013 roku. Pr\u0119\u017cnie rozwijaj\u0105ca si\u0119 firma podbi\u0142a rynek Polski i zagraniczny. Siedziba znajduje si\u0119 w Malichowie w wojew\u00f3dztwie opolskim, gdzie mie\u015bci si\u0119 nowoczesna hala produkcyjna oraz magazyny. Firma specjalizuje si\u0119 w produkcji rozdzielnic budowlanych, firm\u0119 wyr\u00f3\u017cnia jako\u015b\u0107 i solidno\u015b\u0107 pracy. Ka\u017cda rozdzielnia sk\u0142ada si\u0119 z wysokiej jako\u015bci komponent\u00f3w. Produkty firmy Doktorvolt\u00ae spe\u0142niaj\u0105 europejskie standardy i normy bezpiecze\u0144stwa.\n\t<\/p>\n<p>\t<img decoding=\"async\" src=\"https:\/\/shop38554-1.yourtechnicaldomain.com\/data\/include\/cms\/1-zdjecia-produktow\/doktorvolt-logo\/nowe.jpg?v=1729077634670\" alt=\"Doktorvolt logo\" width=\"566\" height=\"155\" style=\"margin-top: 20px;\" \/>\n<\/div>\n","protected":false},"excerpt":{"rendered":"<p>Rozdzielnica DV-8102-F od Doktorvolt to solidne rozwi\u0105zanie do instalacji elektrycznych, wyposa\u017cone w trwa\u0142\u0105 obudow\u0119 z tworzywa sztucznego o kompaktowych wymiarach. Posiada gniazda jednofazowe i tr\u00f3jfazowe CEE.<\/p>\n","protected":false},"featured_media":105546,"template":"","meta":[],"product_brand":[],"product_cat":[5078],"product_tag":[],"class_list":{"0":"post-110688","1":"product","2":"type-product","3":"status-publish","4":"has-post-thumbnail","6":"product_cat-cas-series","7":"pa_dodatkowe-wyposazenie-handle","8":"pa_material-obudowy-plastic","9":"pa_napiecie-cee-400v","10":"pa_natezenie-pradu-cee-16a","11":"pa_typ-gniazd-typ-e-z-bolcem-uziemiajacym","12":"pa_zabezpieczenie-bez-zabezpieczen","14":"first","15":"instock","16":"shipping-taxable","17":"product-type-external"},"yoast_head":"<!-- This site is optimized with the Yoast SEO plugin v27.0 - https:\/\/yoast.com\/product\/yoast-seo-wordpress\/ -->\n<title>Rozdzielnica budowlana 16A 32A CEE 2x230V erbetka z uchwytem Doktorvolt CAS DV-8102-F - DOKTORVOLT\u00ae<\/title>\n<meta name=\"robots\" content=\"index, follow, max-snippet:-1, max-image-preview:large, max-video-preview:-1\" \/>\n<link rel=\"canonical\" href=\"https:\/\/doktorvolt.pl\/en\/oferta-doktorvolt\/distribution-boxes\/cas-series\/rozdzielnica-budowlana-16a-32a-cee-2x230v-erbetka-z-uchwytem-doktorvolt-cas-dv-8102-f\/\" \/>\n<meta property=\"og:locale\" content=\"en_US\" \/>\n<meta property=\"og:type\" content=\"article\" \/>\n<meta property=\"og:title\" content=\"Rozdzielnica budowlana 16A 32A CEE 2x230V erbetka z uchwytem Doktorvolt CAS DV-8102-F - DOKTORVOLT\u00ae\" \/>\n<meta property=\"og:description\" content=\"Rozdzielnica DV-8102-F od Doktorvolt to solidne rozwi\u0105zanie do instalacji elektrycznych, wyposa\u017cone w trwa\u0142\u0105 obudow\u0119 z tworzywa sztucznego o kompaktowych wymiarach. Posiada gniazda jednofazowe i tr\u00f3jfazowe CEE.\" \/>\n<meta property=\"og:url\" content=\"https:\/\/doktorvolt.pl\/en\/oferta-doktorvolt\/distribution-boxes\/cas-series\/rozdzielnica-budowlana-16a-32a-cee-2x230v-erbetka-z-uchwytem-doktorvolt-cas-dv-8102-f\/\" \/>\n<meta property=\"og:site_name\" content=\"DOKTORVOLT\u00ae\" \/>\n<meta property=\"og:image\" content=\"https:\/\/doktorvolt.pl\/wp-content\/uploads\/2026\/02\/pol_pl_Rozdzielnica-budowlana-16A-32A-CEE-2x230V-erbetka-z-uchwytem-Doktorvolt-CAS-DV-8102-F-19804_8.jpg\" \/>\n\t<meta property=\"og:image:width\" content=\"1600\" \/>\n\t<meta property=\"og:image:height\" content=\"1600\" \/>\n\t<meta property=\"og:image:type\" content=\"image\/jpeg\" \/>\n<meta name=\"twitter:card\" content=\"summary_large_image\" \/>\n<meta name=\"twitter:label1\" content=\"Est. reading time\" \/>\n\t<meta name=\"twitter:data1\" content=\"3 minutes\" \/>\n<script type=\"application\/ld+json\" class=\"yoast-schema-graph\">{\"@context\":\"https:\/\/schema.org\",\"@graph\":[{\"@type\":\"WebPage\",\"@id\":\"https:\/\/doktorvolt.pl\/en\/oferta-doktorvolt\/distribution-boxes\/cas-series\/rozdzielnica-budowlana-16a-32a-cee-2x230v-erbetka-z-uchwytem-doktorvolt-cas-dv-8102-f\/\",\"url\":\"https:\/\/doktorvolt.pl\/en\/oferta-doktorvolt\/distribution-boxes\/cas-series\/rozdzielnica-budowlana-16a-32a-cee-2x230v-erbetka-z-uchwytem-doktorvolt-cas-dv-8102-f\/\",\"name\":\"Rozdzielnica budowlana 16A 32A CEE 2x230V erbetka z uchwytem Doktorvolt CAS DV-8102-F - DOKTORVOLT\u00ae\",\"isPartOf\":{\"@id\":\"https:\/\/doktorvolt.pl\/de\/#website\"},\"primaryImageOfPage\":{\"@id\":\"https:\/\/doktorvolt.pl\/en\/oferta-doktorvolt\/distribution-boxes\/cas-series\/rozdzielnica-budowlana-16a-32a-cee-2x230v-erbetka-z-uchwytem-doktorvolt-cas-dv-8102-f\/#primaryimage\"},\"image\":{\"@id\":\"https:\/\/doktorvolt.pl\/en\/oferta-doktorvolt\/distribution-boxes\/cas-series\/rozdzielnica-budowlana-16a-32a-cee-2x230v-erbetka-z-uchwytem-doktorvolt-cas-dv-8102-f\/#primaryimage\"},\"thumbnailUrl\":\"https:\/\/doktorvolt.pl\/wp-content\/uploads\/2026\/02\/pol_pl_Rozdzielnica-budowlana-16A-32A-CEE-2x230V-erbetka-z-uchwytem-Doktorvolt-CAS-DV-8102-F-19804_8.jpg\",\"datePublished\":\"2026-02-23T14:03:57+00:00\",\"breadcrumb\":{\"@id\":\"https:\/\/doktorvolt.pl\/en\/oferta-doktorvolt\/distribution-boxes\/cas-series\/rozdzielnica-budowlana-16a-32a-cee-2x230v-erbetka-z-uchwytem-doktorvolt-cas-dv-8102-f\/#breadcrumb\"},\"inLanguage\":\"en-US\",\"potentialAction\":[{\"@type\":\"ReadAction\",\"target\":[\"https:\/\/doktorvolt.pl\/en\/oferta-doktorvolt\/distribution-boxes\/cas-series\/rozdzielnica-budowlana-16a-32a-cee-2x230v-erbetka-z-uchwytem-doktorvolt-cas-dv-8102-f\/\"]}]},{\"@type\":\"ImageObject\",\"inLanguage\":\"en-US\",\"@id\":\"https:\/\/doktorvolt.pl\/en\/oferta-doktorvolt\/distribution-boxes\/cas-series\/rozdzielnica-budowlana-16a-32a-cee-2x230v-erbetka-z-uchwytem-doktorvolt-cas-dv-8102-f\/#primaryimage\",\"url\":\"https:\/\/doktorvolt.pl\/wp-content\/uploads\/2026\/02\/pol_pl_Rozdzielnica-budowlana-16A-32A-CEE-2x230V-erbetka-z-uchwytem-Doktorvolt-CAS-DV-8102-F-19804_8.jpg\",\"contentUrl\":\"https:\/\/doktorvolt.pl\/wp-content\/uploads\/2026\/02\/pol_pl_Rozdzielnica-budowlana-16A-32A-CEE-2x230V-erbetka-z-uchwytem-Doktorvolt-CAS-DV-8102-F-19804_8.jpg\",\"width\":1600,\"height\":1600},{\"@type\":\"BreadcrumbList\",\"@id\":\"https:\/\/doktorvolt.pl\/en\/oferta-doktorvolt\/distribution-boxes\/cas-series\/rozdzielnica-budowlana-16a-32a-cee-2x230v-erbetka-z-uchwytem-doktorvolt-cas-dv-8102-f\/#breadcrumb\",\"itemListElement\":[{\"@type\":\"ListItem\",\"position\":1,\"name\":\"Strona g\u0142\u00f3wna\",\"item\":\"https:\/\/doktorvolt.pl\/en\/\"},{\"@type\":\"ListItem\",\"position\":2,\"name\":\"Offer Doktorvolt\",\"item\":\"https:\/\/doktorvolt.pl\/en\/offer-doktorvolt\/\"},{\"@type\":\"ListItem\",\"position\":3,\"name\":\"Rozdzielnica budowlana 16A 32A CEE 2x230V erbetka z uchwytem Doktorvolt CAS DV-8102-F\"}]},{\"@type\":\"WebSite\",\"@id\":\"https:\/\/doktorvolt.pl\/de\/#website\",\"url\":\"https:\/\/doktorvolt.pl\/de\/\",\"name\":\"DOKTORVOLT\u00ae\",\"description\":\"Producent rozdzielnic budowlanych\",\"publisher\":{\"@id\":\"https:\/\/doktorvolt.pl\/de\/#organization\"},\"potentialAction\":[{\"@type\":\"SearchAction\",\"target\":{\"@type\":\"EntryPoint\",\"urlTemplate\":\"https:\/\/doktorvolt.pl\/de\/?s={search_term_string}\"},\"query-input\":{\"@type\":\"PropertyValueSpecification\",\"valueRequired\":true,\"valueName\":\"search_term_string\"}}],\"inLanguage\":\"en-US\"},{\"@type\":\"Organization\",\"@id\":\"https:\/\/doktorvolt.pl\/de\/#organization\",\"name\":\"DOKTORVOLT\u00ae\",\"url\":\"https:\/\/doktorvolt.pl\/de\/\",\"logo\":{\"@type\":\"ImageObject\",\"inLanguage\":\"en-US\",\"@id\":\"https:\/\/doktorvolt.pl\/de\/#\/schema\/logo\/image\/\",\"url\":\"https:\/\/doktorvolt.pl\/wp-content\/uploads\/2023\/10\/DoktorVOLT-black-png.png\",\"contentUrl\":\"https:\/\/doktorvolt.pl\/wp-content\/uploads\/2023\/10\/DoktorVOLT-black-png.png\",\"width\":729,\"height\":40,\"caption\":\"DOKTORVOLT\u00ae\"},\"image\":{\"@id\":\"https:\/\/doktorvolt.pl\/de\/#\/schema\/logo\/image\/\"}}]}<\/script>\n<!-- \/ Yoast SEO plugin. -->","yoast_head_json":{"title":"Rozdzielnica budowlana 16A 32A CEE 2x230V erbetka z uchwytem Doktorvolt CAS DV-8102-F - DOKTORVOLT\u00ae","robots":{"index":"index","follow":"follow","max-snippet":"max-snippet:-1","max-image-preview":"max-image-preview:large","max-video-preview":"max-video-preview:-1"},"canonical":"https:\/\/doktorvolt.pl\/en\/oferta-doktorvolt\/distribution-boxes\/cas-series\/rozdzielnica-budowlana-16a-32a-cee-2x230v-erbetka-z-uchwytem-doktorvolt-cas-dv-8102-f\/","og_locale":"en_US","og_type":"article","og_title":"Rozdzielnica budowlana 16A 32A CEE 2x230V erbetka z uchwytem Doktorvolt CAS DV-8102-F - DOKTORVOLT\u00ae","og_description":"Rozdzielnica DV-8102-F od Doktorvolt to solidne rozwi\u0105zanie do instalacji elektrycznych, wyposa\u017cone w trwa\u0142\u0105 obudow\u0119 z tworzywa sztucznego o kompaktowych wymiarach. Posiada gniazda jednofazowe i tr\u00f3jfazowe CEE.","og_url":"https:\/\/doktorvolt.pl\/en\/oferta-doktorvolt\/distribution-boxes\/cas-series\/rozdzielnica-budowlana-16a-32a-cee-2x230v-erbetka-z-uchwytem-doktorvolt-cas-dv-8102-f\/","og_site_name":"DOKTORVOLT\u00ae","og_image":[{"width":1600,"height":1600,"url":"https:\/\/doktorvolt.pl\/wp-content\/uploads\/2026\/02\/pol_pl_Rozdzielnica-budowlana-16A-32A-CEE-2x230V-erbetka-z-uchwytem-Doktorvolt-CAS-DV-8102-F-19804_8.jpg","type":"image\/jpeg"}],"twitter_card":"summary_large_image","twitter_misc":{"Est. reading time":"3 minutes"},"schema":{"@context":"https:\/\/schema.org","@graph":[{"@type":"WebPage","@id":"https:\/\/doktorvolt.pl\/en\/oferta-doktorvolt\/distribution-boxes\/cas-series\/rozdzielnica-budowlana-16a-32a-cee-2x230v-erbetka-z-uchwytem-doktorvolt-cas-dv-8102-f\/","url":"https:\/\/doktorvolt.pl\/en\/oferta-doktorvolt\/distribution-boxes\/cas-series\/rozdzielnica-budowlana-16a-32a-cee-2x230v-erbetka-z-uchwytem-doktorvolt-cas-dv-8102-f\/","name":"Rozdzielnica budowlana 16A 32A CEE 2x230V erbetka z uchwytem Doktorvolt CAS DV-8102-F - DOKTORVOLT\u00ae","isPartOf":{"@id":"https:\/\/doktorvolt.pl\/de\/#website"},"primaryImageOfPage":{"@id":"https:\/\/doktorvolt.pl\/en\/oferta-doktorvolt\/distribution-boxes\/cas-series\/rozdzielnica-budowlana-16a-32a-cee-2x230v-erbetka-z-uchwytem-doktorvolt-cas-dv-8102-f\/#primaryimage"},"image":{"@id":"https:\/\/doktorvolt.pl\/en\/oferta-doktorvolt\/distribution-boxes\/cas-series\/rozdzielnica-budowlana-16a-32a-cee-2x230v-erbetka-z-uchwytem-doktorvolt-cas-dv-8102-f\/#primaryimage"},"thumbnailUrl":"https:\/\/doktorvolt.pl\/wp-content\/uploads\/2026\/02\/pol_pl_Rozdzielnica-budowlana-16A-32A-CEE-2x230V-erbetka-z-uchwytem-Doktorvolt-CAS-DV-8102-F-19804_8.jpg","datePublished":"2026-02-23T14:03:57+00:00","breadcrumb":{"@id":"https:\/\/doktorvolt.pl\/en\/oferta-doktorvolt\/distribution-boxes\/cas-series\/rozdzielnica-budowlana-16a-32a-cee-2x230v-erbetka-z-uchwytem-doktorvolt-cas-dv-8102-f\/#breadcrumb"},"inLanguage":"en-US","potentialAction":[{"@type":"ReadAction","target":["https:\/\/doktorvolt.pl\/en\/oferta-doktorvolt\/distribution-boxes\/cas-series\/rozdzielnica-budowlana-16a-32a-cee-2x230v-erbetka-z-uchwytem-doktorvolt-cas-dv-8102-f\/"]}]},{"@type":"ImageObject","inLanguage":"en-US","@id":"https:\/\/doktorvolt.pl\/en\/oferta-doktorvolt\/distribution-boxes\/cas-series\/rozdzielnica-budowlana-16a-32a-cee-2x230v-erbetka-z-uchwytem-doktorvolt-cas-dv-8102-f\/#primaryimage","url":"https:\/\/doktorvolt.pl\/wp-content\/uploads\/2026\/02\/pol_pl_Rozdzielnica-budowlana-16A-32A-CEE-2x230V-erbetka-z-uchwytem-Doktorvolt-CAS-DV-8102-F-19804_8.jpg","contentUrl":"https:\/\/doktorvolt.pl\/wp-content\/uploads\/2026\/02\/pol_pl_Rozdzielnica-budowlana-16A-32A-CEE-2x230V-erbetka-z-uchwytem-Doktorvolt-CAS-DV-8102-F-19804_8.jpg","width":1600,"height":1600},{"@type":"BreadcrumbList","@id":"https:\/\/doktorvolt.pl\/en\/oferta-doktorvolt\/distribution-boxes\/cas-series\/rozdzielnica-budowlana-16a-32a-cee-2x230v-erbetka-z-uchwytem-doktorvolt-cas-dv-8102-f\/#breadcrumb","itemListElement":[{"@type":"ListItem","position":1,"name":"Strona g\u0142\u00f3wna","item":"https:\/\/doktorvolt.pl\/en\/"},{"@type":"ListItem","position":2,"name":"Offer Doktorvolt","item":"https:\/\/doktorvolt.pl\/en\/offer-doktorvolt\/"},{"@type":"ListItem","position":3,"name":"Rozdzielnica budowlana 16A 32A CEE 2x230V erbetka z uchwytem Doktorvolt CAS DV-8102-F"}]},{"@type":"WebSite","@id":"https:\/\/doktorvolt.pl\/de\/#website","url":"https:\/\/doktorvolt.pl\/de\/","name":"DOKTORVOLT\u00ae","description":"Producent rozdzielnic budowlanych","publisher":{"@id":"https:\/\/doktorvolt.pl\/de\/#organization"},"potentialAction":[{"@type":"SearchAction","target":{"@type":"EntryPoint","urlTemplate":"https:\/\/doktorvolt.pl\/de\/?s={search_term_string}"},"query-input":{"@type":"PropertyValueSpecification","valueRequired":true,"valueName":"search_term_string"}}],"inLanguage":"en-US"},{"@type":"Organization","@id":"https:\/\/doktorvolt.pl\/de\/#organization","name":"DOKTORVOLT\u00ae","url":"https:\/\/doktorvolt.pl\/de\/","logo":{"@type":"ImageObject","inLanguage":"en-US","@id":"https:\/\/doktorvolt.pl\/de\/#\/schema\/logo\/image\/","url":"https:\/\/doktorvolt.pl\/wp-content\/uploads\/2023\/10\/DoktorVOLT-black-png.png","contentUrl":"https:\/\/doktorvolt.pl\/wp-content\/uploads\/2023\/10\/DoktorVOLT-black-png.png","width":729,"height":40,"caption":"DOKTORVOLT\u00ae"},"image":{"@id":"https:\/\/doktorvolt.pl\/de\/#\/schema\/logo\/image\/"}}]}},"_links":{"self":[{"href":"https:\/\/doktorvolt.pl\/en\/wp-json\/wp\/v2\/product\/110688","targetHints":{"allow":["GET"]}}],"collection":[{"href":"https:\/\/doktorvolt.pl\/en\/wp-json\/wp\/v2\/product"}],"about":[{"href":"https:\/\/doktorvolt.pl\/en\/wp-json\/wp\/v2\/types\/product"}],"wp:featuredmedia":[{"embeddable":true,"href":"https:\/\/doktorvolt.pl\/en\/wp-json\/wp\/v2\/media\/105546"}],"wp:attachment":[{"href":"https:\/\/doktorvolt.pl\/en\/wp-json\/wp\/v2\/media?parent=110688"}],"wp:term":[{"taxonomy":"product_brand","embeddable":true,"href":"https:\/\/doktorvolt.pl\/en\/wp-json\/wp\/v2\/product_brand?post=110688"},{"taxonomy":"product_cat","embeddable":true,"href":"https:\/\/doktorvolt.pl\/en\/wp-json\/wp\/v2\/product_cat?post=110688"},{"taxonomy":"product_tag","embeddable":true,"href":"https:\/\/doktorvolt.pl\/en\/wp-json\/wp\/v2\/product_tag?post=110688"}],"curies":[{"name":"wp","href":"https:\/\/api.w.org\/{rel}","templated":true}]}}