{"id":110692,"date":"2026-02-23T16:03:01","date_gmt":"2026-02-23T14:03:01","guid":{"rendered":"https:\/\/doktorvolt.pl\/sklep\/uncategorized\/przedluzacz-10m-silowy-63a-5p-ip67-cee-400v-5x16-mm2-doktorvolt-4759\/"},"modified":"2026-02-23T16:03:01","modified_gmt":"2026-02-23T14:03:01","slug":"przedluzacz-10m-silowy-63a-5p-ip67-cee-400v-5x16-mm2-doktorvolt-4759","status":"publish","type":"product","link":"https:\/\/doktorvolt.pl\/en\/oferta-doktorvolt\/extension-cords\/cee-extension-cords\/przedluzacz-10m-silowy-63a-5p-ip67-cee-400v-5x16-mm2-doktorvolt-4759\/","title":{"rendered":"Przed\u0142u\u017cacz 10m si\u0142owy 63A\/5P IP67 CEE 400V 5&#215;16 mm2 Doktorvolt\u00ae 4759"},"content":{"rendered":"<h1 style=\"text-align: center;\">Przed\u0142u\u017cacz si\u0142owy 10m 63A IP67 wodoodporny<\/h1>\n<h4 style=\"text-align: center;\">Przed\u0142u\u017cacz gumowy, do zastosowania w wymagaj\u0105cych warunkach np. warsztaty samochodowe, plac budowy, urz\u0105dzenia rolnicze i kopalniane, urz\u0105dzenia przemys\u0142owe. Idealny do zasilania urz\u0105dze\u0144 przeno\u015bnych. Kabel odporny na dzia\u0142anie olej\u00f3w. Do monta\u017cu w suchych i wilgotnych pomieszczeniach, jak te\u017c na zewn\u0105trz i w wodzie u\u017cytkowej.<\/h4>\n<div style=\"display: flex; width: 100%; flex-wrap: wrap; justify-content: space-around;\">\n<div style=\"display: flex; justify-content: center; align-items: center; padding-left: 50px; padding-right: 50px; padding-top: 30px;\">\n<div style=\"min-width: 250px; max-width: 500px;\">\n<h2 style=\"text-align: justify;\"><strong><span>Specyfikacja techniczna:<\/span><\/strong><\/h2>\n<ul>\n<li>D\u0142ugo\u015b\u0107: 10m<\/li>\n<li>max. pr\u0105d: 63A<\/li>\n<li>napi\u0119cie znamionowe: 400V<\/li>\n<li>klasa szczelno\u015bci: IP67<\/li>\n<li>przekr\u00f3j kabla: 5x16mm\u00b2<\/li>\n<li>izolacja kabla: neopren &#8211; kauczuk, olejoodporny<\/li>\n<li><span>producent: Doktorvolt<\/span><\/li>\n<li>symbol producenta: DV-4759-CEE-63<\/li>\n<li><span>EAN:\u00a0<\/span>5905191014759<\/li>\n<\/ul>\n<\/div>\n<\/div>\n<div style=\"display: flex;\"><img decoding=\"async\" src=\"https:\/\/preis-zone.com\/hpeciai\/70e618190efdce74e88151d207d99bc8\/17846_1.jpg?34129\" alt=\"\" width=\"472\" height=\"472\" \/><\/div>\n<\/div>\n<div style=\"display: flex; width: 100%; flex-wrap: wrap; justify-content: space-around;\">\n<div><img decoding=\"async\" src=\"https:\/\/preis-zone.com\/hpeciai\/9ac9f8a8aba2248ad40d389bbc2e3e06\/17846_5.jpg?72299\" width=\"472\" height=\"472\" style=\"max-width: 100%;\" \/><\/div>\n<div style=\"display: flex; flex-direction: column; justify-content: center; align-items: left; padding-left: 50px; padding-right: 50px; padding-top: 30px; max-width: 500px;\">\n<h2><strong>Typ kabla:<\/strong><\/h2>\n<div style=\"min-width: 250px; text-align: justify;\">H07RN-F &#8211; przew\u00f3d harmonizowany (H), na napi\u0119cie znamionowe 450\/750V (07), o izolacji z kauczuku naturalnego lub syntetycznego (R) i oponie z kauczuku chloroprenowego (N), z \u017cy\u0142ami miedzianymi z cienkiego drutu (F)<\/div>\n<\/div>\n<\/div>\n<div style=\"display: flex; width: 100%; flex-wrap: wrap; justify-content: space-around;\">\n<div style=\"display: flex; flex-direction: column; justify-content: center; align-items: left; padding-left: 50px; padding-right: 50px; padding-top: 30px;\">\n<div style=\"max-width: 500px;\">\n<h2><strong>Wyposa\u017cenie:<\/strong><\/h2>\n<\/div>\n<div style=\"min-width: 250px; max-width: 472px;\">\n<div style=\"min-width: 250px; max-width: 472px; text-align: justify;\">&#8211; CEE Wtyczka si\u0142owa prosta przeno\u015bna wodoszczelna IP67 63A\/5p 3P+Z+N 6h 230\/400V~ kod:406118\/035 PCE<\/div>\n<div style=\"min-width: 250px; max-width: 472px; text-align: justify;\"><\/div>\n<div style=\"min-width: 250px; max-width: 472px; text-align: justify;\">&#8211; Gniazdo si\u0142owe proste wodoszczelne IP67 63A\/5P 3P+Z+N 6h 230\/400V~\u00a0<\/div>\n<\/div>\n<\/div>\n<div><img decoding=\"async\" src=\"https:\/\/preis-zone.com\/hpeciai\/f9315046839498f808972b89ac1f2c40\/17846_6.jpg?58623\" width=\"472\" height=\"472\" style=\"max-width: 100%;\" \/><\/div>\n<\/div>\n","protected":false},"excerpt":{"rendered":"<p>Przed\u0142u\u017cacz 10m 63A\/5P kabel przed\u0142u\u017caj\u0105cy si\u0142owy IP67 CEE 400V\/63A H07RN-F 5&#215;16 mm2 gniazda PCE wodoodporny<\/p>\n","protected":false},"featured_media":105478,"template":"","meta":[],"product_brand":[],"product_cat":[5140],"product_tag":[],"class_list":{"0":"post-110692","1":"product","2":"type-product","3":"status-publish","4":"has-post-thumbnail","6":"product_cat-cee-extension-cords","7":"pa_dlugosc-kabla-10m","8":"pa_prad-znamionowy-63a","9":"pa_przekroj-kabla-5x16mm2","11":"first","12":"instock","13":"shipping-taxable","14":"product-type-external"},"yoast_head":"<!-- This site is optimized with the Yoast SEO plugin v27.0 - https:\/\/yoast.com\/product\/yoast-seo-wordpress\/ -->\n<title>Przed\u0142u\u017cacz 10m si\u0142owy 63A\/5P IP67 CEE 400V 5x16 mm2 Doktorvolt\u00ae 4759 - DOKTORVOLT\u00ae<\/title>\n<meta name=\"robots\" content=\"index, follow, max-snippet:-1, max-image-preview:large, max-video-preview:-1\" \/>\n<link rel=\"canonical\" href=\"https:\/\/doktorvolt.pl\/oferta-doktorvolt\/przedluzacze\/przedluzacze-silowe\/przedluzacz-10m-silowy-63a-5p-ip67-cee-400v-5x16-mm2-doktorvolt-4759\/\" \/>\n<meta property=\"og:locale\" content=\"en_US\" \/>\n<meta property=\"og:type\" content=\"article\" \/>\n<meta property=\"og:title\" content=\"Przed\u0142u\u017cacz 10m si\u0142owy 63A\/5P IP67 CEE 400V 5x16 mm2 Doktorvolt\u00ae 4759 - DOKTORVOLT\u00ae\" \/>\n<meta property=\"og:description\" content=\"Przed\u0142u\u017cacz 10m 63A\/5P kabel przed\u0142u\u017caj\u0105cy si\u0142owy IP67 CEE 400V\/63A H07RN-F 5x16 mm2 gniazda PCE wodoodporny\" \/>\n<meta property=\"og:url\" content=\"https:\/\/doktorvolt.pl\/oferta-doktorvolt\/przedluzacze\/przedluzacze-silowe\/przedluzacz-10m-silowy-63a-5p-ip67-cee-400v-5x16-mm2-doktorvolt-4759\/\" \/>\n<meta property=\"og:site_name\" content=\"DOKTORVOLT\u00ae\" \/>\n<meta property=\"og:image\" content=\"https:\/\/doktorvolt.pl\/wp-content\/uploads\/2026\/02\/pol_pl_17846-17846_1.jpg\" \/>\n\t<meta property=\"og:image:width\" content=\"1000\" \/>\n\t<meta property=\"og:image:height\" content=\"1000\" \/>\n\t<meta property=\"og:image:type\" content=\"image\/jpeg\" \/>\n<meta name=\"twitter:card\" content=\"summary_large_image\" \/>\n<meta name=\"twitter:label1\" content=\"Est. reading time\" \/>\n\t<meta name=\"twitter:data1\" content=\"1 minute\" \/>\n<script type=\"application\/ld+json\" class=\"yoast-schema-graph\">{\"@context\":\"https:\/\/schema.org\",\"@graph\":[{\"@type\":\"WebPage\",\"@id\":\"https:\/\/doktorvolt.pl\/oferta-doktorvolt\/przedluzacze\/przedluzacze-silowe\/przedluzacz-10m-silowy-63a-5p-ip67-cee-400v-5x16-mm2-doktorvolt-4759\/\",\"url\":\"https:\/\/doktorvolt.pl\/oferta-doktorvolt\/przedluzacze\/przedluzacze-silowe\/przedluzacz-10m-silowy-63a-5p-ip67-cee-400v-5x16-mm2-doktorvolt-4759\/\",\"name\":\"Przed\u0142u\u017cacz 10m si\u0142owy 63A\/5P IP67 CEE 400V 5x16 mm2 Doktorvolt\u00ae 4759 - DOKTORVOLT\u00ae\",\"isPartOf\":{\"@id\":\"https:\/\/doktorvolt.pl\/de\/#website\"},\"primaryImageOfPage\":{\"@id\":\"https:\/\/doktorvolt.pl\/oferta-doktorvolt\/przedluzacze\/przedluzacze-silowe\/przedluzacz-10m-silowy-63a-5p-ip67-cee-400v-5x16-mm2-doktorvolt-4759\/#primaryimage\"},\"image\":{\"@id\":\"https:\/\/doktorvolt.pl\/oferta-doktorvolt\/przedluzacze\/przedluzacze-silowe\/przedluzacz-10m-silowy-63a-5p-ip67-cee-400v-5x16-mm2-doktorvolt-4759\/#primaryimage\"},\"thumbnailUrl\":\"https:\/\/doktorvolt.pl\/wp-content\/uploads\/2026\/02\/pol_pl_17846-17846_1.jpg\",\"datePublished\":\"2026-02-23T14:03:01+00:00\",\"breadcrumb\":{\"@id\":\"https:\/\/doktorvolt.pl\/oferta-doktorvolt\/przedluzacze\/przedluzacze-silowe\/przedluzacz-10m-silowy-63a-5p-ip67-cee-400v-5x16-mm2-doktorvolt-4759\/#breadcrumb\"},\"inLanguage\":\"en-US\",\"potentialAction\":[{\"@type\":\"ReadAction\",\"target\":[\"https:\/\/doktorvolt.pl\/oferta-doktorvolt\/przedluzacze\/przedluzacze-silowe\/przedluzacz-10m-silowy-63a-5p-ip67-cee-400v-5x16-mm2-doktorvolt-4759\/\"]}]},{\"@type\":\"ImageObject\",\"inLanguage\":\"en-US\",\"@id\":\"https:\/\/doktorvolt.pl\/oferta-doktorvolt\/przedluzacze\/przedluzacze-silowe\/przedluzacz-10m-silowy-63a-5p-ip67-cee-400v-5x16-mm2-doktorvolt-4759\/#primaryimage\",\"url\":\"https:\/\/doktorvolt.pl\/wp-content\/uploads\/2026\/02\/pol_pl_17846-17846_1.jpg\",\"contentUrl\":\"https:\/\/doktorvolt.pl\/wp-content\/uploads\/2026\/02\/pol_pl_17846-17846_1.jpg\",\"width\":1000,\"height\":1000},{\"@type\":\"BreadcrumbList\",\"@id\":\"https:\/\/doktorvolt.pl\/oferta-doktorvolt\/przedluzacze\/przedluzacze-silowe\/przedluzacz-10m-silowy-63a-5p-ip67-cee-400v-5x16-mm2-doktorvolt-4759\/#breadcrumb\",\"itemListElement\":[{\"@type\":\"ListItem\",\"position\":1,\"name\":\"Strona g\u0142\u00f3wna\",\"item\":\"https:\/\/doktorvolt.pl\/en\/\"},{\"@type\":\"ListItem\",\"position\":2,\"name\":\"Offer Doktorvolt\",\"item\":\"https:\/\/doktorvolt.pl\/en\/offer-doktorvolt\/\"},{\"@type\":\"ListItem\",\"position\":3,\"name\":\"Przed\u0142u\u017cacz 10m si\u0142owy 63A\/5P IP67 CEE 400V 5&#215;16 mm2 Doktorvolt\u00ae 4759\"}]},{\"@type\":\"WebSite\",\"@id\":\"https:\/\/doktorvolt.pl\/de\/#website\",\"url\":\"https:\/\/doktorvolt.pl\/de\/\",\"name\":\"DOKTORVOLT\u00ae\",\"description\":\"Producent rozdzielnic budowlanych\",\"publisher\":{\"@id\":\"https:\/\/doktorvolt.pl\/de\/#organization\"},\"potentialAction\":[{\"@type\":\"SearchAction\",\"target\":{\"@type\":\"EntryPoint\",\"urlTemplate\":\"https:\/\/doktorvolt.pl\/de\/?s={search_term_string}\"},\"query-input\":{\"@type\":\"PropertyValueSpecification\",\"valueRequired\":true,\"valueName\":\"search_term_string\"}}],\"inLanguage\":\"en-US\"},{\"@type\":\"Organization\",\"@id\":\"https:\/\/doktorvolt.pl\/de\/#organization\",\"name\":\"DOKTORVOLT\u00ae\",\"url\":\"https:\/\/doktorvolt.pl\/de\/\",\"logo\":{\"@type\":\"ImageObject\",\"inLanguage\":\"en-US\",\"@id\":\"https:\/\/doktorvolt.pl\/de\/#\/schema\/logo\/image\/\",\"url\":\"https:\/\/doktorvolt.pl\/wp-content\/uploads\/2023\/10\/DoktorVOLT-black-png.png\",\"contentUrl\":\"https:\/\/doktorvolt.pl\/wp-content\/uploads\/2023\/10\/DoktorVOLT-black-png.png\",\"width\":729,\"height\":40,\"caption\":\"DOKTORVOLT\u00ae\"},\"image\":{\"@id\":\"https:\/\/doktorvolt.pl\/de\/#\/schema\/logo\/image\/\"}}]}<\/script>\n<!-- \/ Yoast SEO plugin. -->","yoast_head_json":{"title":"Przed\u0142u\u017cacz 10m si\u0142owy 63A\/5P IP67 CEE 400V 5x16 mm2 Doktorvolt\u00ae 4759 - DOKTORVOLT\u00ae","robots":{"index":"index","follow":"follow","max-snippet":"max-snippet:-1","max-image-preview":"max-image-preview:large","max-video-preview":"max-video-preview:-1"},"canonical":"https:\/\/doktorvolt.pl\/oferta-doktorvolt\/przedluzacze\/przedluzacze-silowe\/przedluzacz-10m-silowy-63a-5p-ip67-cee-400v-5x16-mm2-doktorvolt-4759\/","og_locale":"en_US","og_type":"article","og_title":"Przed\u0142u\u017cacz 10m si\u0142owy 63A\/5P IP67 CEE 400V 5x16 mm2 Doktorvolt\u00ae 4759 - DOKTORVOLT\u00ae","og_description":"Przed\u0142u\u017cacz 10m 63A\/5P kabel przed\u0142u\u017caj\u0105cy si\u0142owy IP67 CEE 400V\/63A H07RN-F 5x16 mm2 gniazda PCE wodoodporny","og_url":"https:\/\/doktorvolt.pl\/oferta-doktorvolt\/przedluzacze\/przedluzacze-silowe\/przedluzacz-10m-silowy-63a-5p-ip67-cee-400v-5x16-mm2-doktorvolt-4759\/","og_site_name":"DOKTORVOLT\u00ae","og_image":[{"width":1000,"height":1000,"url":"https:\/\/doktorvolt.pl\/wp-content\/uploads\/2026\/02\/pol_pl_17846-17846_1.jpg","type":"image\/jpeg"}],"twitter_card":"summary_large_image","twitter_misc":{"Est. reading time":"1 minute"},"schema":{"@context":"https:\/\/schema.org","@graph":[{"@type":"WebPage","@id":"https:\/\/doktorvolt.pl\/oferta-doktorvolt\/przedluzacze\/przedluzacze-silowe\/przedluzacz-10m-silowy-63a-5p-ip67-cee-400v-5x16-mm2-doktorvolt-4759\/","url":"https:\/\/doktorvolt.pl\/oferta-doktorvolt\/przedluzacze\/przedluzacze-silowe\/przedluzacz-10m-silowy-63a-5p-ip67-cee-400v-5x16-mm2-doktorvolt-4759\/","name":"Przed\u0142u\u017cacz 10m si\u0142owy 63A\/5P IP67 CEE 400V 5x16 mm2 Doktorvolt\u00ae 4759 - DOKTORVOLT\u00ae","isPartOf":{"@id":"https:\/\/doktorvolt.pl\/de\/#website"},"primaryImageOfPage":{"@id":"https:\/\/doktorvolt.pl\/oferta-doktorvolt\/przedluzacze\/przedluzacze-silowe\/przedluzacz-10m-silowy-63a-5p-ip67-cee-400v-5x16-mm2-doktorvolt-4759\/#primaryimage"},"image":{"@id":"https:\/\/doktorvolt.pl\/oferta-doktorvolt\/przedluzacze\/przedluzacze-silowe\/przedluzacz-10m-silowy-63a-5p-ip67-cee-400v-5x16-mm2-doktorvolt-4759\/#primaryimage"},"thumbnailUrl":"https:\/\/doktorvolt.pl\/wp-content\/uploads\/2026\/02\/pol_pl_17846-17846_1.jpg","datePublished":"2026-02-23T14:03:01+00:00","breadcrumb":{"@id":"https:\/\/doktorvolt.pl\/oferta-doktorvolt\/przedluzacze\/przedluzacze-silowe\/przedluzacz-10m-silowy-63a-5p-ip67-cee-400v-5x16-mm2-doktorvolt-4759\/#breadcrumb"},"inLanguage":"en-US","potentialAction":[{"@type":"ReadAction","target":["https:\/\/doktorvolt.pl\/oferta-doktorvolt\/przedluzacze\/przedluzacze-silowe\/przedluzacz-10m-silowy-63a-5p-ip67-cee-400v-5x16-mm2-doktorvolt-4759\/"]}]},{"@type":"ImageObject","inLanguage":"en-US","@id":"https:\/\/doktorvolt.pl\/oferta-doktorvolt\/przedluzacze\/przedluzacze-silowe\/przedluzacz-10m-silowy-63a-5p-ip67-cee-400v-5x16-mm2-doktorvolt-4759\/#primaryimage","url":"https:\/\/doktorvolt.pl\/wp-content\/uploads\/2026\/02\/pol_pl_17846-17846_1.jpg","contentUrl":"https:\/\/doktorvolt.pl\/wp-content\/uploads\/2026\/02\/pol_pl_17846-17846_1.jpg","width":1000,"height":1000},{"@type":"BreadcrumbList","@id":"https:\/\/doktorvolt.pl\/oferta-doktorvolt\/przedluzacze\/przedluzacze-silowe\/przedluzacz-10m-silowy-63a-5p-ip67-cee-400v-5x16-mm2-doktorvolt-4759\/#breadcrumb","itemListElement":[{"@type":"ListItem","position":1,"name":"Strona g\u0142\u00f3wna","item":"https:\/\/doktorvolt.pl\/en\/"},{"@type":"ListItem","position":2,"name":"Offer Doktorvolt","item":"https:\/\/doktorvolt.pl\/en\/offer-doktorvolt\/"},{"@type":"ListItem","position":3,"name":"Przed\u0142u\u017cacz 10m si\u0142owy 63A\/5P IP67 CEE 400V 5&#215;16 mm2 Doktorvolt\u00ae 4759"}]},{"@type":"WebSite","@id":"https:\/\/doktorvolt.pl\/de\/#website","url":"https:\/\/doktorvolt.pl\/de\/","name":"DOKTORVOLT\u00ae","description":"Producent rozdzielnic budowlanych","publisher":{"@id":"https:\/\/doktorvolt.pl\/de\/#organization"},"potentialAction":[{"@type":"SearchAction","target":{"@type":"EntryPoint","urlTemplate":"https:\/\/doktorvolt.pl\/de\/?s={search_term_string}"},"query-input":{"@type":"PropertyValueSpecification","valueRequired":true,"valueName":"search_term_string"}}],"inLanguage":"en-US"},{"@type":"Organization","@id":"https:\/\/doktorvolt.pl\/de\/#organization","name":"DOKTORVOLT\u00ae","url":"https:\/\/doktorvolt.pl\/de\/","logo":{"@type":"ImageObject","inLanguage":"en-US","@id":"https:\/\/doktorvolt.pl\/de\/#\/schema\/logo\/image\/","url":"https:\/\/doktorvolt.pl\/wp-content\/uploads\/2023\/10\/DoktorVOLT-black-png.png","contentUrl":"https:\/\/doktorvolt.pl\/wp-content\/uploads\/2023\/10\/DoktorVOLT-black-png.png","width":729,"height":40,"caption":"DOKTORVOLT\u00ae"},"image":{"@id":"https:\/\/doktorvolt.pl\/de\/#\/schema\/logo\/image\/"}}]}},"_links":{"self":[{"href":"https:\/\/doktorvolt.pl\/en\/wp-json\/wp\/v2\/product\/110692","targetHints":{"allow":["GET"]}}],"collection":[{"href":"https:\/\/doktorvolt.pl\/en\/wp-json\/wp\/v2\/product"}],"about":[{"href":"https:\/\/doktorvolt.pl\/en\/wp-json\/wp\/v2\/types\/product"}],"wp:featuredmedia":[{"embeddable":true,"href":"https:\/\/doktorvolt.pl\/en\/wp-json\/wp\/v2\/media\/105478"}],"wp:attachment":[{"href":"https:\/\/doktorvolt.pl\/en\/wp-json\/wp\/v2\/media?parent=110692"}],"wp:term":[{"taxonomy":"product_brand","embeddable":true,"href":"https:\/\/doktorvolt.pl\/en\/wp-json\/wp\/v2\/product_brand?post=110692"},{"taxonomy":"product_cat","embeddable":true,"href":"https:\/\/doktorvolt.pl\/en\/wp-json\/wp\/v2\/product_cat?post=110692"},{"taxonomy":"product_tag","embeddable":true,"href":"https:\/\/doktorvolt.pl\/en\/wp-json\/wp\/v2\/product_tag?post=110692"}],"curies":[{"name":"wp","href":"https:\/\/api.w.org\/{rel}","templated":true}]}}