{"id":110695,"date":"2026-02-23T16:02:24","date_gmt":"2026-02-23T14:02:24","guid":{"rendered":"https:\/\/doktorvolt.pl\/sklep\/uncategorized\/rozdzielnica-budowlana-12-modulowa-z-uchwytem-ip44-4x230v-schuko-2x16a-32a-doktorvolt-bez-zabezpieczen\/"},"modified":"2026-02-23T16:02:24","modified_gmt":"2026-02-23T14:02:24","slug":"rozdzielnica-budowlana-12-modulowa-z-uchwytem-ip44-4x230v-schuko-2x16a-32a-doktorvolt-bez-zabezpieczen","status":"publish","type":"product","link":"https:\/\/doktorvolt.pl\/en\/oferta-doktorvolt\/distribution-boxes\/tr-series\/rozdzielnica-budowlana-12-modulowa-z-uchwytem-ip44-4x230v-schuko-2x16a-32a-doktorvolt-bez-zabezpieczen\/","title":{"rendered":"Rozdzielnica budowlana 12 modu\u0142owa z uchwytem IP44 4x230V SCHUKO 2x16A 32A Doktorvolt bez zabezpiecze\u0144"},"content":{"rendered":"<h1 style=\"text-align: center;\"><strong>Wysokiej jako\u015bci obudowa natynkowa<\/strong><\/h1>\n<p style=\"font-size: 13pt; line-height: 1.5; color: #000000; text-align: center;\">Obudowa natynkowa zosta\u0142a zaprojektowana z my\u015bl\u0105 o wymagaj\u0105cych u\u017cytkownikach. Wykonana z wytrzyma\u0142ego technopolimeru oraz wyposa\u017cona w poliweglanowe okno, gwarantuje ochron\u0119 na poziomie IP44. Dzi\u0119ki wymiarom 280 x 260 x 111 mm, produkt jest kompaktowy i idealnie sprawdzi si\u0119 w r\u00f3\u017cnorodnych zastosowaniach.<\/p>\n<div style=\"display: flex; width: 100%; flex-wrap: wrap; justify-content: space-around;\">\n<div style=\"display: flex; justify-content: center; align-items: center; padding-left: 50px; padding-right: 50px; padding-top: 30px;\">\n<div style=\"min-width: 250px; max-width: 500px;\">\n<h2 style=\"text-align: justify;\"><strong><span>Specyfikacja techniczna:<\/span><\/strong><\/h2>\n<p style=\"font-size: 13pt; line-height: 1.5; color: #000000; text-align: left;\">Ilo\u015b\u0107 modu\u0142\u00f3w: <strong>12<\/strong><br \/>Ilo\u015b\u0107 rz\u0119d\u00f3w: <strong>1<\/strong><br \/>Uchwyt: <strong>TAK<\/strong><br \/>Monta\u017c: <strong>natynkowy<\/strong><br \/>Stopie\u0144 ochrony: <strong>IP44<\/strong><br \/>Wymiary obudowy: <strong>280 x 260 x 111 mm<\/strong><br \/>Materia\u0142 obudowy: <strong>technopolimer<\/strong><br \/>Materia\u0142 okna: <strong>poliw\u0119glan<\/strong><br \/>Kolor przedniej p\u0142yty obudowy: <strong>szary RAL 7035<\/strong><br \/>Kolor tylnej p\u0142yty obudowy: <strong>czarny<\/strong><br \/>Materia\u0142 \u015brub: <strong>stal nierdzewna<\/strong><br \/>D\u0142awnica PG do\u0142\u0105czona w zestawie: <strong>1x PG-16 <\/strong><br \/>Pr\u0105d znamionowy: <strong>112 A<\/strong><br \/>Napi\u0119cie znamionowe: <strong>230 \/ 400 V<\/strong><br \/>RDF: <strong>1<\/p>\n<p><\/strong><\/p>\n<\/div>\n<\/div>\n<div style=\"display: flex;\"><img decoding=\"async\" style=\"max-width: 100%;\" src=\"https:\/\/preis-zone.pl\/hpeciai\/8447d8738fc908625cbd5aa6f739d0e8\/17853_5.jpg?85147\" border=\"0\" alt=\"Rozdzielnica natynkowa 12 modu\u0142owa z uchwytema IP44 - Doktorvolt\" width=\"400\" height=\"400\" \/><\/div>\n<\/div>\n<div style=\"display: flex; width: 100%; flex-wrap: wrap; justify-content: space-around;\">\n<div><img decoding=\"async\" style=\"max-width: 100%;\" src=\"https:\/\/preis-zone.pl\/hpeciai\/933583b1d3d88930ae18fee51ec7953c\/17853_3.jpg?89000\" border=\"0\" alt=\"Rozdzielnica natynkowa 12 modu\u0142owa z uchwytema IP44 - Doktorvolt\" width=\"400\" height=\"400\" \/><\/div>\n<div style=\"display: flex; flex-direction: column; justify-content: center; align-items: left; padding-left: 50px; padding-right: 50px; padding-top: 30px; max-width: 500px;\">\n<h2><strong>Gniazda i aparatura modu\u0142owa:<\/strong><\/h2>\n<div style=\"font-size: 13pt; line-height: 1.5; color: #000000; text-align: left; min-width: 250px;\">G<span>niazda si\u0142owe: <br \/><\/span><span><strong>16A 5P 400V IP54 czerwone Typ 1320011 Bals<\/strong><br \/><strong>32A 5p 400V IP54 czerwone Typ 1320021 Bals<\/strong><br \/><\/span>G<span>niazda 230V: <br \/><strong>4 x 230V 16A Bals 71094 IP54 2P+E<\/strong><br \/><\/span><span>Niemiecki <strong>system Schuko<\/strong><br \/><\/span>P<span>ozosta\u0142e sk\u0142adniki: <strong>d\u0142awnica PG-21, zestaw ko\u0142k\u00f3w monta\u017cowych<\/strong><br \/>\u00a0\u00a0 <\/span><\/div>\n<\/div>\n<\/div>\n<div style=\"display: flex; width: 100%; flex-wrap: wrap; justify-content: space-around;\">\n<div style=\"font-size: 13pt; line-height: 1.5; color: #000000; text-align: left; min-width: 250px;\"><span><br \/>Rodzaj okablowania: <br \/><\/span><span><strong>Linka ster. H07V-K 2,5, 4 mm2 \u017c\u00f3\u0142toziel.<\/strong><br \/><\/span><span><strong>Linka ster. H07V-K 2,5, 4 mm2 czarna<\/strong><br \/><\/span><span><strong>Linka ster. H07V-K 2,5, 4, 6 mm2 niebieska<\/strong><\/p>\n<p>Informacje producenta:<br \/><\/span>P<span>roducent: <strong>Doktorvolt<\/strong><br \/><\/span>C<span>ertyfikaty i normy producenta: <br \/><strong>T\u00dcV S\u00dcD<\/strong><br \/><strong>ISO 9001:2015<\/strong><br \/><strong>CEE<\/strong><br \/><strong>IEC 61439<\/strong><br \/><\/span>O<span>znaczenie producenta: <strong>DV-4919-D<\/strong><br \/><\/span><span>EAN:<strong> 5905191014919<\/p>\n<p><\/strong><\/span><\/div>\n<div><img decoding=\"async\" style=\"max-width: 100%;\" src=\"https:\/\/preis-zone.pl\/hpeciai\/70c8cee1d0c4ef648929adf52587882b\/17853_10.jpg?42182\" border=\"0\" alt=\"Rozdzielnica natynkowa 12 modu\u0142owa z uchwytema IP44 - Doktorvolt\" width=\"400\" height=\"400\" \/><\/div>\n<\/div>\n<div style=\"display: flex; width: 100%; flex-wrap: wrap; justify-content: space-around;\">\n<div><img decoding=\"async\" style=\"max-width: 100%;\" src=\"https:\/\/preis-zone.pl\/hpeciai\/df9e50b7d80e097a6b33ca3c837292cc\/17853_9.jpg?73097\" border=\"0\" alt=\"Rozdzielnica natynkowa 12 modu\u0142owa z uchwytema IP44 - Doktorvolt\" width=\"400\" height=\"400\" \/><\/div>\n<div style=\"font-size: 13pt; line-height: 1.5; color: #000000; min-width: 250px; max-width: 500px; text-align: justify;\">\n<h2>Wydajno\u015b\u0107 i niezawodno\u015b\u0107:<\/h2>\n<p><span><br \/>Rozdzielnica budowlana oferuje miejsce na 12 modu\u0142\u00f3w w jednym rz\u0119dzie, co czyni j\u0105 praktycznym wyborem do r\u00f3\u017cnych instalacji. Wyposa\u017cona jest w uchwyt oraz d\u0142awnic\u0119 PG-16, a jej monta\u017c jest niezwykle prosty. Wysoki stopie\u0144 ochrony i jako\u015b\u0107 materia\u0142\u00f3w, takich jak stal nierdzewna, zapewniaj\u0105 d\u0142ug\u0105 \u017cywotno\u015b\u0107 i niezawodno\u015b\u0107 dzia\u0142ania. <\/span>Obudowa jest dodatkowo zabezpieczona przed py\u0142em i rozpryskami wody dzi\u0119ki klasie ochrony IP44, co sprawia, \u017ce doskonale sprawdzi si\u0119 nawet w trudnych warunkach \u015brodowiskowych.<\/div>\n<\/div>\n<p><img decoding=\"async\" style=\"max-width: 100%; display: block; margin-left: auto; margin-right: auto;\" src=\"https:\/\/preis-zone.pl\/hpeciai\/1ab08be88dff8bdea71579ba37030e87\/17853_6.jpg?21753\" border=\"0\" alt=\"Rozdzielnica natynkowa 12 modu\u0142owa z uchwytema IP44 - Doktorvolt\" width=\"400\" height=\"400\" \/><\/p>\n<h3 style=\"font-size: 18pt; color: #000000; text-align: center;\">Zaufany Producent:<\/h3>\n<p style=\"text-align: center; font-size: 16pt; line-height: 1.5; color: #000;\">Doktorvolt\u00ae jest firm\u0105, powsta\u0142\u0105 w 2013 roku. Pr\u0119\u017cnie rozwijaj\u0105ca si\u0119 firma podbi\u0142a rynek Polski i zagraniczny. Siedziba znajduje si\u0119 w Malichowie w wojew\u00f3dztwie opolskim, gdzie mie\u015bci si\u0119 nowoczesna hala produkcyjna oraz magazyny. Firma specjalizuje si\u0119 w produkcji rozdzielnic budowlanych, firm\u0119 wyr\u00f3\u017cnia jako\u015b\u0107 i solidno\u015b\u0107 pracy. Ka\u017cda rozdzielnia sk\u0142ada si\u0119 z wysokiej jako\u015bci komponent\u00f3w. Produkty firmy Doktorvolt\u00ae spe\u0142niaj\u0105 europejskie standardy i normy bezpiecze\u0144stwa<\/p>\n<p><img decoding=\"async\" style=\"display: block; margin-left: auto; margin-right: auto;\" src=\"https:\/\/preis-zone.pl\/data\/include\/cms\/1-zdjecia-produktow\/DOKTORVOLT\/LOGO-DV\/doktorvoltxtuv.jpg\" border=\"0\" alt=\"Doktorvolt logo\" width=\"566\" height=\"155\" \/><\/p>\n","protected":false},"excerpt":{"rendered":"<p>Obudowa natynkowa oferuje miejsce na 12 modu\u0142\u00f3w w jednym rz\u0119dzie, co czyni j\u0105 praktycznym wyborem do r\u00f3\u017cnych instalacji.<\/p>\n","protected":false},"featured_media":105427,"template":"","meta":[],"product_brand":[],"product_cat":[5098],"product_tag":[],"class_list":{"0":"post-110695","1":"product","2":"type-product","3":"status-publish","4":"has-post-thumbnail","6":"product_cat-tr-series","7":"pa_dodatkowe-wyposazenie-handle","8":"pa_material-obudowy-plastic","9":"pa_napiecie-cee-400v","10":"pa_natezenie-pradu-cee-32a","11":"pa_typ-gniazd-typ-f-schuko","12":"pa_zabezpieczenie-bez-zabezpieczen","14":"first","15":"instock","16":"shipping-taxable","17":"product-type-external"},"yoast_head":"<!-- This site is optimized with the Yoast SEO plugin v27.0 - https:\/\/yoast.com\/product\/yoast-seo-wordpress\/ -->\n<title>Rozdzielnica budowlana 12 modu\u0142owa z uchwytem IP44 4x230V SCHUKO 2x16A 32A Doktorvolt bez zabezpiecze\u0144 - DOKTORVOLT\u00ae<\/title>\n<meta name=\"robots\" content=\"index, follow, max-snippet:-1, max-image-preview:large, max-video-preview:-1\" \/>\n<link rel=\"canonical\" href=\"https:\/\/doktorvolt.pl\/en\/oferta-doktorvolt\/distribution-boxes\/tr-series\/rozdzielnica-budowlana-12-modulowa-z-uchwytem-ip44-4x230v-schuko-2x16a-32a-doktorvolt-bez-zabezpieczen\/\" \/>\n<meta property=\"og:locale\" content=\"en_US\" \/>\n<meta property=\"og:type\" content=\"article\" \/>\n<meta property=\"og:title\" content=\"Rozdzielnica budowlana 12 modu\u0142owa z uchwytem IP44 4x230V SCHUKO 2x16A 32A Doktorvolt bez zabezpiecze\u0144 - DOKTORVOLT\u00ae\" \/>\n<meta property=\"og:description\" content=\"Obudowa natynkowa oferuje miejsce na 12 modu\u0142\u00f3w w jednym rz\u0119dzie, co czyni j\u0105 praktycznym wyborem do r\u00f3\u017cnych instalacji.\" \/>\n<meta property=\"og:url\" content=\"https:\/\/doktorvolt.pl\/en\/oferta-doktorvolt\/distribution-boxes\/tr-series\/rozdzielnica-budowlana-12-modulowa-z-uchwytem-ip44-4x230v-schuko-2x16a-32a-doktorvolt-bez-zabezpieczen\/\" \/>\n<meta property=\"og:site_name\" content=\"DOKTORVOLT\u00ae\" \/>\n<meta property=\"og:image\" content=\"https:\/\/doktorvolt.pl\/wp-content\/uploads\/2026\/02\/pol_pl_17853-17853_5.jpg\" \/>\n\t<meta property=\"og:image:width\" content=\"1000\" \/>\n\t<meta property=\"og:image:height\" content=\"1000\" \/>\n\t<meta property=\"og:image:type\" content=\"image\/jpeg\" \/>\n<meta name=\"twitter:card\" content=\"summary_large_image\" \/>\n<meta name=\"twitter:label1\" content=\"Est. reading time\" \/>\n\t<meta name=\"twitter:data1\" content=\"2 minutes\" \/>\n<script type=\"application\/ld+json\" class=\"yoast-schema-graph\">{\"@context\":\"https:\/\/schema.org\",\"@graph\":[{\"@type\":\"WebPage\",\"@id\":\"https:\/\/doktorvolt.pl\/en\/oferta-doktorvolt\/distribution-boxes\/tr-series\/rozdzielnica-budowlana-12-modulowa-z-uchwytem-ip44-4x230v-schuko-2x16a-32a-doktorvolt-bez-zabezpieczen\/\",\"url\":\"https:\/\/doktorvolt.pl\/en\/oferta-doktorvolt\/distribution-boxes\/tr-series\/rozdzielnica-budowlana-12-modulowa-z-uchwytem-ip44-4x230v-schuko-2x16a-32a-doktorvolt-bez-zabezpieczen\/\",\"name\":\"Rozdzielnica budowlana 12 modu\u0142owa z uchwytem IP44 4x230V SCHUKO 2x16A 32A Doktorvolt bez zabezpiecze\u0144 - DOKTORVOLT\u00ae\",\"isPartOf\":{\"@id\":\"https:\/\/doktorvolt.pl\/de\/#website\"},\"primaryImageOfPage\":{\"@id\":\"https:\/\/doktorvolt.pl\/en\/oferta-doktorvolt\/distribution-boxes\/tr-series\/rozdzielnica-budowlana-12-modulowa-z-uchwytem-ip44-4x230v-schuko-2x16a-32a-doktorvolt-bez-zabezpieczen\/#primaryimage\"},\"image\":{\"@id\":\"https:\/\/doktorvolt.pl\/en\/oferta-doktorvolt\/distribution-boxes\/tr-series\/rozdzielnica-budowlana-12-modulowa-z-uchwytem-ip44-4x230v-schuko-2x16a-32a-doktorvolt-bez-zabezpieczen\/#primaryimage\"},\"thumbnailUrl\":\"https:\/\/doktorvolt.pl\/wp-content\/uploads\/2026\/02\/pol_pl_17853-17853_5.jpg\",\"datePublished\":\"2026-02-23T14:02:24+00:00\",\"breadcrumb\":{\"@id\":\"https:\/\/doktorvolt.pl\/en\/oferta-doktorvolt\/distribution-boxes\/tr-series\/rozdzielnica-budowlana-12-modulowa-z-uchwytem-ip44-4x230v-schuko-2x16a-32a-doktorvolt-bez-zabezpieczen\/#breadcrumb\"},\"inLanguage\":\"en-US\",\"potentialAction\":[{\"@type\":\"ReadAction\",\"target\":[\"https:\/\/doktorvolt.pl\/en\/oferta-doktorvolt\/distribution-boxes\/tr-series\/rozdzielnica-budowlana-12-modulowa-z-uchwytem-ip44-4x230v-schuko-2x16a-32a-doktorvolt-bez-zabezpieczen\/\"]}]},{\"@type\":\"ImageObject\",\"inLanguage\":\"en-US\",\"@id\":\"https:\/\/doktorvolt.pl\/en\/oferta-doktorvolt\/distribution-boxes\/tr-series\/rozdzielnica-budowlana-12-modulowa-z-uchwytem-ip44-4x230v-schuko-2x16a-32a-doktorvolt-bez-zabezpieczen\/#primaryimage\",\"url\":\"https:\/\/doktorvolt.pl\/wp-content\/uploads\/2026\/02\/pol_pl_17853-17853_5.jpg\",\"contentUrl\":\"https:\/\/doktorvolt.pl\/wp-content\/uploads\/2026\/02\/pol_pl_17853-17853_5.jpg\",\"width\":1000,\"height\":1000},{\"@type\":\"BreadcrumbList\",\"@id\":\"https:\/\/doktorvolt.pl\/en\/oferta-doktorvolt\/distribution-boxes\/tr-series\/rozdzielnica-budowlana-12-modulowa-z-uchwytem-ip44-4x230v-schuko-2x16a-32a-doktorvolt-bez-zabezpieczen\/#breadcrumb\",\"itemListElement\":[{\"@type\":\"ListItem\",\"position\":1,\"name\":\"Strona g\u0142\u00f3wna\",\"item\":\"https:\/\/doktorvolt.pl\/en\/\"},{\"@type\":\"ListItem\",\"position\":2,\"name\":\"Offer Doktorvolt\",\"item\":\"https:\/\/doktorvolt.pl\/en\/offer-doktorvolt\/\"},{\"@type\":\"ListItem\",\"position\":3,\"name\":\"Rozdzielnica budowlana 12 modu\u0142owa z uchwytem IP44 4x230V SCHUKO 2x16A 32A Doktorvolt bez zabezpiecze\u0144\"}]},{\"@type\":\"WebSite\",\"@id\":\"https:\/\/doktorvolt.pl\/de\/#website\",\"url\":\"https:\/\/doktorvolt.pl\/de\/\",\"name\":\"DOKTORVOLT\u00ae\",\"description\":\"Producent rozdzielnic budowlanych\",\"publisher\":{\"@id\":\"https:\/\/doktorvolt.pl\/de\/#organization\"},\"potentialAction\":[{\"@type\":\"SearchAction\",\"target\":{\"@type\":\"EntryPoint\",\"urlTemplate\":\"https:\/\/doktorvolt.pl\/de\/?s={search_term_string}\"},\"query-input\":{\"@type\":\"PropertyValueSpecification\",\"valueRequired\":true,\"valueName\":\"search_term_string\"}}],\"inLanguage\":\"en-US\"},{\"@type\":\"Organization\",\"@id\":\"https:\/\/doktorvolt.pl\/de\/#organization\",\"name\":\"DOKTORVOLT\u00ae\",\"url\":\"https:\/\/doktorvolt.pl\/de\/\",\"logo\":{\"@type\":\"ImageObject\",\"inLanguage\":\"en-US\",\"@id\":\"https:\/\/doktorvolt.pl\/de\/#\/schema\/logo\/image\/\",\"url\":\"https:\/\/doktorvolt.pl\/wp-content\/uploads\/2023\/10\/DoktorVOLT-black-png.png\",\"contentUrl\":\"https:\/\/doktorvolt.pl\/wp-content\/uploads\/2023\/10\/DoktorVOLT-black-png.png\",\"width\":729,\"height\":40,\"caption\":\"DOKTORVOLT\u00ae\"},\"image\":{\"@id\":\"https:\/\/doktorvolt.pl\/de\/#\/schema\/logo\/image\/\"}}]}<\/script>\n<!-- \/ Yoast SEO plugin. -->","yoast_head_json":{"title":"Rozdzielnica budowlana 12 modu\u0142owa z uchwytem IP44 4x230V SCHUKO 2x16A 32A Doktorvolt bez zabezpiecze\u0144 - DOKTORVOLT\u00ae","robots":{"index":"index","follow":"follow","max-snippet":"max-snippet:-1","max-image-preview":"max-image-preview:large","max-video-preview":"max-video-preview:-1"},"canonical":"https:\/\/doktorvolt.pl\/en\/oferta-doktorvolt\/distribution-boxes\/tr-series\/rozdzielnica-budowlana-12-modulowa-z-uchwytem-ip44-4x230v-schuko-2x16a-32a-doktorvolt-bez-zabezpieczen\/","og_locale":"en_US","og_type":"article","og_title":"Rozdzielnica budowlana 12 modu\u0142owa z uchwytem IP44 4x230V SCHUKO 2x16A 32A Doktorvolt bez zabezpiecze\u0144 - DOKTORVOLT\u00ae","og_description":"Obudowa natynkowa oferuje miejsce na 12 modu\u0142\u00f3w w jednym rz\u0119dzie, co czyni j\u0105 praktycznym wyborem do r\u00f3\u017cnych instalacji.","og_url":"https:\/\/doktorvolt.pl\/en\/oferta-doktorvolt\/distribution-boxes\/tr-series\/rozdzielnica-budowlana-12-modulowa-z-uchwytem-ip44-4x230v-schuko-2x16a-32a-doktorvolt-bez-zabezpieczen\/","og_site_name":"DOKTORVOLT\u00ae","og_image":[{"width":1000,"height":1000,"url":"https:\/\/doktorvolt.pl\/wp-content\/uploads\/2026\/02\/pol_pl_17853-17853_5.jpg","type":"image\/jpeg"}],"twitter_card":"summary_large_image","twitter_misc":{"Est. reading time":"2 minutes"},"schema":{"@context":"https:\/\/schema.org","@graph":[{"@type":"WebPage","@id":"https:\/\/doktorvolt.pl\/en\/oferta-doktorvolt\/distribution-boxes\/tr-series\/rozdzielnica-budowlana-12-modulowa-z-uchwytem-ip44-4x230v-schuko-2x16a-32a-doktorvolt-bez-zabezpieczen\/","url":"https:\/\/doktorvolt.pl\/en\/oferta-doktorvolt\/distribution-boxes\/tr-series\/rozdzielnica-budowlana-12-modulowa-z-uchwytem-ip44-4x230v-schuko-2x16a-32a-doktorvolt-bez-zabezpieczen\/","name":"Rozdzielnica budowlana 12 modu\u0142owa z uchwytem IP44 4x230V SCHUKO 2x16A 32A Doktorvolt bez zabezpiecze\u0144 - DOKTORVOLT\u00ae","isPartOf":{"@id":"https:\/\/doktorvolt.pl\/de\/#website"},"primaryImageOfPage":{"@id":"https:\/\/doktorvolt.pl\/en\/oferta-doktorvolt\/distribution-boxes\/tr-series\/rozdzielnica-budowlana-12-modulowa-z-uchwytem-ip44-4x230v-schuko-2x16a-32a-doktorvolt-bez-zabezpieczen\/#primaryimage"},"image":{"@id":"https:\/\/doktorvolt.pl\/en\/oferta-doktorvolt\/distribution-boxes\/tr-series\/rozdzielnica-budowlana-12-modulowa-z-uchwytem-ip44-4x230v-schuko-2x16a-32a-doktorvolt-bez-zabezpieczen\/#primaryimage"},"thumbnailUrl":"https:\/\/doktorvolt.pl\/wp-content\/uploads\/2026\/02\/pol_pl_17853-17853_5.jpg","datePublished":"2026-02-23T14:02:24+00:00","breadcrumb":{"@id":"https:\/\/doktorvolt.pl\/en\/oferta-doktorvolt\/distribution-boxes\/tr-series\/rozdzielnica-budowlana-12-modulowa-z-uchwytem-ip44-4x230v-schuko-2x16a-32a-doktorvolt-bez-zabezpieczen\/#breadcrumb"},"inLanguage":"en-US","potentialAction":[{"@type":"ReadAction","target":["https:\/\/doktorvolt.pl\/en\/oferta-doktorvolt\/distribution-boxes\/tr-series\/rozdzielnica-budowlana-12-modulowa-z-uchwytem-ip44-4x230v-schuko-2x16a-32a-doktorvolt-bez-zabezpieczen\/"]}]},{"@type":"ImageObject","inLanguage":"en-US","@id":"https:\/\/doktorvolt.pl\/en\/oferta-doktorvolt\/distribution-boxes\/tr-series\/rozdzielnica-budowlana-12-modulowa-z-uchwytem-ip44-4x230v-schuko-2x16a-32a-doktorvolt-bez-zabezpieczen\/#primaryimage","url":"https:\/\/doktorvolt.pl\/wp-content\/uploads\/2026\/02\/pol_pl_17853-17853_5.jpg","contentUrl":"https:\/\/doktorvolt.pl\/wp-content\/uploads\/2026\/02\/pol_pl_17853-17853_5.jpg","width":1000,"height":1000},{"@type":"BreadcrumbList","@id":"https:\/\/doktorvolt.pl\/en\/oferta-doktorvolt\/distribution-boxes\/tr-series\/rozdzielnica-budowlana-12-modulowa-z-uchwytem-ip44-4x230v-schuko-2x16a-32a-doktorvolt-bez-zabezpieczen\/#breadcrumb","itemListElement":[{"@type":"ListItem","position":1,"name":"Strona g\u0142\u00f3wna","item":"https:\/\/doktorvolt.pl\/en\/"},{"@type":"ListItem","position":2,"name":"Offer Doktorvolt","item":"https:\/\/doktorvolt.pl\/en\/offer-doktorvolt\/"},{"@type":"ListItem","position":3,"name":"Rozdzielnica budowlana 12 modu\u0142owa z uchwytem IP44 4x230V SCHUKO 2x16A 32A Doktorvolt bez zabezpiecze\u0144"}]},{"@type":"WebSite","@id":"https:\/\/doktorvolt.pl\/de\/#website","url":"https:\/\/doktorvolt.pl\/de\/","name":"DOKTORVOLT\u00ae","description":"Producent rozdzielnic budowlanych","publisher":{"@id":"https:\/\/doktorvolt.pl\/de\/#organization"},"potentialAction":[{"@type":"SearchAction","target":{"@type":"EntryPoint","urlTemplate":"https:\/\/doktorvolt.pl\/de\/?s={search_term_string}"},"query-input":{"@type":"PropertyValueSpecification","valueRequired":true,"valueName":"search_term_string"}}],"inLanguage":"en-US"},{"@type":"Organization","@id":"https:\/\/doktorvolt.pl\/de\/#organization","name":"DOKTORVOLT\u00ae","url":"https:\/\/doktorvolt.pl\/de\/","logo":{"@type":"ImageObject","inLanguage":"en-US","@id":"https:\/\/doktorvolt.pl\/de\/#\/schema\/logo\/image\/","url":"https:\/\/doktorvolt.pl\/wp-content\/uploads\/2023\/10\/DoktorVOLT-black-png.png","contentUrl":"https:\/\/doktorvolt.pl\/wp-content\/uploads\/2023\/10\/DoktorVOLT-black-png.png","width":729,"height":40,"caption":"DOKTORVOLT\u00ae"},"image":{"@id":"https:\/\/doktorvolt.pl\/de\/#\/schema\/logo\/image\/"}}]}},"_links":{"self":[{"href":"https:\/\/doktorvolt.pl\/en\/wp-json\/wp\/v2\/product\/110695","targetHints":{"allow":["GET"]}}],"collection":[{"href":"https:\/\/doktorvolt.pl\/en\/wp-json\/wp\/v2\/product"}],"about":[{"href":"https:\/\/doktorvolt.pl\/en\/wp-json\/wp\/v2\/types\/product"}],"wp:featuredmedia":[{"embeddable":true,"href":"https:\/\/doktorvolt.pl\/en\/wp-json\/wp\/v2\/media\/105427"}],"wp:attachment":[{"href":"https:\/\/doktorvolt.pl\/en\/wp-json\/wp\/v2\/media?parent=110695"}],"wp:term":[{"taxonomy":"product_brand","embeddable":true,"href":"https:\/\/doktorvolt.pl\/en\/wp-json\/wp\/v2\/product_brand?post=110695"},{"taxonomy":"product_cat","embeddable":true,"href":"https:\/\/doktorvolt.pl\/en\/wp-json\/wp\/v2\/product_cat?post=110695"},{"taxonomy":"product_tag","embeddable":true,"href":"https:\/\/doktorvolt.pl\/en\/wp-json\/wp\/v2\/product_tag?post=110695"}],"curies":[{"name":"wp","href":"https:\/\/api.w.org\/{rel}","templated":true}]}}