{"id":110696,"date":"2026-02-23T16:01:48","date_gmt":"2026-02-23T14:01:48","guid":{"rendered":"https:\/\/doktorvolt.pl\/sklep\/uncategorized\/adapter-przejsciowy-zabezpieczajacy-32a-5-na-16a-5p-1m-c16a-dv-2106-az-32-16a\/"},"modified":"2026-02-23T16:01:48","modified_gmt":"2026-02-23T14:01:48","slug":"adapter-przejsciowy-zabezpieczajacy-32a-5-na-16a-5p-1m-c16a-dv-2106-az-32-16a","status":"publish","type":"product","link":"https:\/\/doktorvolt.pl\/en\/oferta-doktorvolt\/extension-cords\/adapters\/adapter-przejsciowy-zabezpieczajacy-32a-5-na-16a-5p-1m-c16a-dv-2106-az-32-16a\/","title":{"rendered":"Adapter przej\u015bciowy zabezpieczaj\u0105cy 32A\/5 na 16A\/5P 1m C16A DV-2106-AZ-32\/16A"},"content":{"rendered":"<div style=\"max-width: 800px; margin: 0 auto; text-align: center;\">\n<h1 style=\"font-size: 23pt; color: #000;\"><strong>Adapter przej\u015bciowy zabezpieczaj\u0105cy 32A\/5 na 16A\/5P 1m C16A<\/strong><\/h1>\n<h1 style=\"font-size: 23pt; color: #000;\">\u00a0<\/h1>\n<p style=\"font-size: 16pt; line-height: 1.5; color: #000;\">\u00a0<\/p>\n<p><img decoding=\"async\" style=\"width: 70%; height: auto; display: block; margin: 20px auto 20px auto;\" src=\"https:\/\/preis-zone.pl\/hpeciai\/72d44d4a636d6e8f8880d7cf347b678b\/17811_2.png?71927\" border=\"0\" alt=\"Adapter przej\u015bciowy zabezpieczaj\u0105cy 32A 2x wtyczka 230V google\" width=\"1000\" height=\"1000\" \/><\/p>\n<h3 style=\"font-size: 18pt; color: #000;\"><strong>Wysokiej jako\u015bci materia\u0142y<\/strong><\/h3>\n<p style=\"font-size: 16pt; line-height: 1.5; color: #000;\">Dzi\u0119ki wysokiej jako\u015bci materia\u0142om adapter<span class=\"keyword\" data-scontainer=\"keyword-name\"> podr\u00f3\u017cny<\/span> jest odporny na uszkodzenia mechaniczne i dzia\u0142anie czynnik\u00f3w zewn\u0119trznych, co zapewnia jego d\u0142ug\u0105 \u017cywotno\u015b\u0107. Solidna konstrukcja gwarantuje niezawodne dzia\u0142anie w trudnych warunkach pracy, chroni\u0105c przed awariami.<\/p>\n<p><img decoding=\"async\" style=\"width: 70%; height: auto; display: block; margin: 20px auto 20px auto;\" src=\"https:\/\/preis-zone.pl\/hpeciai\/7243716af8e604e20eca0cca02c1922f\/17811_7.png?93664\" border=\"0\" alt=\"Adapter przej\u015bciowy zabezpieczaj\u0105cy 32A 2x wtyczka 230V google\" width=\"250\" height=\"250\" \/><\/p>\n<h3 style=\"font-size: 18pt; color: #000;\"><strong>Mobilno\u015b\u0107 i wszechstronno\u015b\u0107<\/strong><\/h3>\n<p style=\"font-size: 16pt; line-height: 1.5; color: #000;\">Przeno\u015bny adapter podr\u00f3\u017cny umo\u017cliwia wykorzystanie go w r\u00f3\u017cnych \u015brodowiskach pracy. Dzi\u0119ki swojej mobilno\u015bci jest \u0142atwy w transporcie i mo\u017ce by\u0107 u\u017cywany w r\u00f3\u017cnych lokalizacjach, od plac\u00f3w budowy po zak\u0142ady przemys\u0142owe. Kompaktowy i lekki design sprawia, \u017ce jest wygodny w u\u017cyciu nawet w trudno dost\u0119pnych miejscach.<\/p>\n<p><img decoding=\"async\" style=\"width: 70%; height: auto; display: block; margin: 20px auto 20px auto;\" src=\"https:\/\/preis-zone.pl\/hpeciai\/de4bffa08cdc97d85c1f4b2bb924e4a1\/17811_8.png?68319\" border=\"0\" alt=\"Adapter przej\u015bciowy zabezpieczaj\u0105cy 32A 2x wtyczka 230V google\" width=\"560\" height=\"560\" \/><\/p>\n<h3 style=\"font-size: 18pt; color: #000;\"><strong>Hermetyczna i wytrzyma\u0142a obudowa<\/strong><\/h3>\n<p style=\"font-size: 16pt; line-height: 1.5; color: #000;\">Klasa szczelno\u015bci numer IP65 oznacza, \u017ce adapter jest ca\u0142kowicie chroniony przed kurzem i mo\u017ce wytrzyma\u0107 strumienie wody z dowolnego kierunku. Hermetyczna obudowa sprawia, \u017ce <span id=\"related-wrapper-text\"><span class=\"keyword\">adapter podr\u00f3\u017cny<\/span><\/span> jest jeszcze bardziej wytrzyma\u0142y.<\/p>\n<p><img decoding=\"async\" style=\"width: 70%; height: auto; display: block; margin: 20px auto 20px auto;\" src=\"https:\/\/preis-zone.pl\/hpeciai\/f428b8bf9e906bf86628e721fdd65f6d\/17811_3.png?36520\" border=\"0\" alt=\"Adapter przej\u015bciowy zabezpieczaj\u0105cy 32A 2x wtyczka 230V google\" width=\"250\" height=\"250\" \/><\/p>\n<h3 style=\"font-size: 18pt; color: #000;\"><strong>Komponenty marki Mennekes<\/strong><\/h3>\n<p style=\"font-size: 16pt; line-height: 1.5; color: #000;\">Adapter jest wyposa\u017cony we wtyczki oraz gniazdo tr\u00f3jno\u017cne Mennekes. Zastosowanie komponent\u00f3w renomowanej marki Mennekes zapewnia pewno\u015b\u0107 po\u0142\u0105cze\u0144 elektrycznych urz\u0105dzenia.<\/p>\n<p><img decoding=\"async\" style=\"width: 70%; height: auto; display: block; margin: 20px auto 20px auto;\" src=\"https:\/\/preis-zone.pl\/hpeciai\/20b281f0f262205571fa9470439deb88\/17811_4.png?61762\" border=\"0\" alt=\"Adapter przej\u015bciowy zabezpieczaj\u0105cy 32A 2x wtyczka 230V google\" width=\"560\" height=\"560\" \/><\/p>\n<h3 style=\"font-size: 18pt; color: #000;\">Specyfikacja techniczna:<\/h3>\n<p style=\"font-size: 16pt; line-height: 1.5; color: #000000; text-align: left;\"><strong>Informacje og\u00f3lne:<\/strong><br \/>&#x2714; Model &#8211; DV-2106-AZ-32\/16A<br \/>&#x2714; Numer EAN &#8211; 5905191012106<br \/>&#x2714; Oznaczenie serii urz\u0105dzenia &#8211; Kable \/ adaptery<br \/>&#x2714; Producent &#8211; DOKTORVOLT<\/p>\n<p><strong>Dane techniczne:<\/strong><br \/>&#x2714; D\u0142ugo\u015b\u0107 przewodu wtyczki &#8211; 0,5m + 0,5m<br \/>&#x2714; Rodzaj kabla wtyczki &#8211; H07RN-F, gumowy<br \/>&#x2714; Przekr\u00f3j przewod\u00f3w wtyczki &#8211; 5&#215;2,5mm2<br \/>&#x2714; Kolor wtyczki\/gniazda\/kabla &#8211; Czerwony\/Czerwony\/Czarny<br \/>&#x2714; Obudowa &#8211; Hermetyczna IP65 4 modu\u0142owa<br \/>&#x2714; Obudowa &#8211; wymiary -142 x 210 x 100 mm<\/p>\n<p><strong>Dane elektryczne:<\/strong><br \/>&#x2714; Napi\u0119cie znamionowe &#8211; 400 V<br \/>&#x2714; Cz\u0119stotliwo\u015b\u0107 znamionowa &#8211; 50 Hz<br \/>&#x2714; Pr\u0105d znamionowy &#8211; 16 A<\/p>\n<p><strong>Zabezpieczenia Gewiss:<\/strong><br \/>&#x2714; Wy\u0142\u0105cznik nadpr\u0105dowy &#8211; C16 3P 10kA<\/p>\n<p><strong>Gniazdo tr\u00f3jno\u017cne Mennekes:<\/strong><br \/>&#x2714; 1&#215;3-fazowe CEE &#8211; 3P + N + PE, 16 A, 400 V<\/p>\n<p><strong>Wtyczka Mennekes:<\/strong><br \/>&#x2714; 1&#215;3-fazowe CEE &#8211; 3P + N + PE, 32 A, 400 V<\/p>\n<p><strong>Warunki instalacyjne:<\/strong><br \/>&#x2714; Ochrona przed wnikaniem obcych cia\u0142 sta\u0142ych i przed wnikaniem wody &#8211; &#x2714; IP44 przy pod\u0142\u0105czeniu<br \/>&#x2714; Odporno\u015b\u0107 na promieniowanie UV \u2014 Tak<\/p>\n<p><strong>Normy i Certyfikaty:<\/strong><br \/>&#x2714; Certyfikaty i normy producenta \u2014 T\u00dcV<strong> S\u00dcD, ISO 9001:2015, CE<\/strong><\/p>\n<p><img decoding=\"async\" style=\"width: 70%; height: auto; display: block; margin: 20px auto 20px auto;\" src=\"https:\/\/preis-zone.pl\/hpeciai\/5a318ded01da0b6d403e46d0fcb472cb\/17811_6.png?3020\" border=\"0\" alt=\"Adapter przej\u015bciowy zabezpieczaj\u0105cy 32A 2x wtyczka 230V google\" width=\"560\" height=\"560\" \/><\/p>\n<h3 style=\"font-size: 18pt; color: #000;\">Zaufany Producent:<\/h3>\n<p style=\"font-size: 16pt; line-height: 1.5; color: #000;\">Doktorvolt\u00ae jest firm\u0105, powsta\u0142\u0105 w 2013 roku. Pr\u0119\u017cnie rozwijaj\u0105ca si\u0119 firma podbi\u0142a rynek Polski i zagraniczny. Siedziba znajduje si\u0119 w Malichowie w wojew\u00f3dztwie opolskim, gdzie mie\u015bci si\u0119 nowoczesna hala produkcyjna oraz magazyny. Firma specjalizuje si\u0119 w produkcji rozdzielnic budowlanych, firm\u0119 wyr\u00f3\u017cnia jako\u015b\u0107 i solidno\u015b\u0107 pracy. Ka\u017cda rozdzielnia sk\u0142ada si\u0119 z wysokiej jako\u015bci komponent\u00f3w. Produkty firmy Doktorvolt\u00ae spe\u0142niaj\u0105 europejskie standardy i normy bezpiecze\u0144stwa<\/p>\n<p><img decoding=\"async\" style=\"display: block; margin-left: auto; margin-right: auto;\" src=\"https:\/\/preis-zone.pl\/data\/include\/cms\/1-zdjecia-produktow\/doktorvolt-logo\/logo_jpg.jpg?v=1728636905668\" border=\"0\" alt=\"Doktorvolt logo uniwersal\" width=\"566\" height=\"155\" \/><\/div>\n","protected":false},"excerpt":{"rendered":"<p>Adapter przej\u015bciowy s\u0142u\u017c\u0105cy do u\u017cytku na budowie oraz ci\u0105g\u0142ego stosowania na zewn\u0105trz w trudnych warunkach atmosferycznych.<\/p>\n","protected":false},"featured_media":105410,"template":"","meta":[],"product_brand":[],"product_cat":[5145],"product_tag":[],"class_list":{"0":"post-110696","1":"product","2":"type-product","3":"status-publish","4":"has-post-thumbnail","6":"product_cat-adapters","8":"first","9":"instock","10":"shipping-taxable","11":"product-type-external"},"yoast_head":"<!-- This site is optimized with the Yoast SEO plugin v27.0 - https:\/\/yoast.com\/product\/yoast-seo-wordpress\/ -->\n<title>Adapter przej\u015bciowy zabezpieczaj\u0105cy 32A\/5 na 16A\/5P 1m C16A DV-2106-AZ-32\/16A - DOKTORVOLT\u00ae<\/title>\n<meta name=\"robots\" content=\"index, follow, max-snippet:-1, max-image-preview:large, max-video-preview:-1\" \/>\n<link rel=\"canonical\" href=\"https:\/\/doktorvolt.pl\/en\/oferta-doktorvolt\/extension-cords\/adapters\/adapter-przejsciowy-zabezpieczajacy-32a-5-na-16a-5p-1m-c16a-dv-2106-az-32-16a\/\" \/>\n<meta property=\"og:locale\" content=\"en_US\" \/>\n<meta property=\"og:type\" content=\"article\" \/>\n<meta property=\"og:title\" content=\"Adapter przej\u015bciowy zabezpieczaj\u0105cy 32A\/5 na 16A\/5P 1m C16A DV-2106-AZ-32\/16A - DOKTORVOLT\u00ae\" \/>\n<meta property=\"og:description\" content=\"Adapter przej\u015bciowy s\u0142u\u017c\u0105cy do u\u017cytku na budowie oraz ci\u0105g\u0142ego stosowania na zewn\u0105trz w trudnych warunkach atmosferycznych.\" \/>\n<meta property=\"og:url\" content=\"https:\/\/doktorvolt.pl\/en\/oferta-doktorvolt\/extension-cords\/adapters\/adapter-przejsciowy-zabezpieczajacy-32a-5-na-16a-5p-1m-c16a-dv-2106-az-32-16a\/\" \/>\n<meta property=\"og:site_name\" content=\"DOKTORVOLT\u00ae\" \/>\n<meta property=\"og:image\" content=\"https:\/\/doktorvolt.pl\/wp-content\/uploads\/2026\/02\/pol_pl_Adapter-przejsciowy-zabezpieczajacy-32A-5-na-16A-5P-1m-C16A-DV-2106-AZ-32-16A-17811_1.png\" \/>\n\t<meta property=\"og:image:width\" content=\"1000\" \/>\n\t<meta property=\"og:image:height\" content=\"1000\" \/>\n\t<meta property=\"og:image:type\" content=\"image\/png\" \/>\n<meta name=\"twitter:card\" content=\"summary_large_image\" \/>\n<meta name=\"twitter:label1\" content=\"Est. reading time\" \/>\n\t<meta name=\"twitter:data1\" content=\"2 minutes\" \/>\n<script type=\"application\/ld+json\" class=\"yoast-schema-graph\">{\"@context\":\"https:\/\/schema.org\",\"@graph\":[{\"@type\":\"WebPage\",\"@id\":\"https:\/\/doktorvolt.pl\/en\/oferta-doktorvolt\/extension-cords\/adapters\/adapter-przejsciowy-zabezpieczajacy-32a-5-na-16a-5p-1m-c16a-dv-2106-az-32-16a\/\",\"url\":\"https:\/\/doktorvolt.pl\/en\/oferta-doktorvolt\/extension-cords\/adapters\/adapter-przejsciowy-zabezpieczajacy-32a-5-na-16a-5p-1m-c16a-dv-2106-az-32-16a\/\",\"name\":\"Adapter przej\u015bciowy zabezpieczaj\u0105cy 32A\/5 na 16A\/5P 1m C16A DV-2106-AZ-32\/16A - DOKTORVOLT\u00ae\",\"isPartOf\":{\"@id\":\"https:\/\/doktorvolt.pl\/de\/#website\"},\"primaryImageOfPage\":{\"@id\":\"https:\/\/doktorvolt.pl\/en\/oferta-doktorvolt\/extension-cords\/adapters\/adapter-przejsciowy-zabezpieczajacy-32a-5-na-16a-5p-1m-c16a-dv-2106-az-32-16a\/#primaryimage\"},\"image\":{\"@id\":\"https:\/\/doktorvolt.pl\/en\/oferta-doktorvolt\/extension-cords\/adapters\/adapter-przejsciowy-zabezpieczajacy-32a-5-na-16a-5p-1m-c16a-dv-2106-az-32-16a\/#primaryimage\"},\"thumbnailUrl\":\"https:\/\/doktorvolt.pl\/wp-content\/uploads\/2026\/02\/pol_pl_Adapter-przejsciowy-zabezpieczajacy-32A-5-na-16A-5P-1m-C16A-DV-2106-AZ-32-16A-17811_1.png\",\"datePublished\":\"2026-02-23T14:01:48+00:00\",\"breadcrumb\":{\"@id\":\"https:\/\/doktorvolt.pl\/en\/oferta-doktorvolt\/extension-cords\/adapters\/adapter-przejsciowy-zabezpieczajacy-32a-5-na-16a-5p-1m-c16a-dv-2106-az-32-16a\/#breadcrumb\"},\"inLanguage\":\"en-US\",\"potentialAction\":[{\"@type\":\"ReadAction\",\"target\":[\"https:\/\/doktorvolt.pl\/en\/oferta-doktorvolt\/extension-cords\/adapters\/adapter-przejsciowy-zabezpieczajacy-32a-5-na-16a-5p-1m-c16a-dv-2106-az-32-16a\/\"]}]},{\"@type\":\"ImageObject\",\"inLanguage\":\"en-US\",\"@id\":\"https:\/\/doktorvolt.pl\/en\/oferta-doktorvolt\/extension-cords\/adapters\/adapter-przejsciowy-zabezpieczajacy-32a-5-na-16a-5p-1m-c16a-dv-2106-az-32-16a\/#primaryimage\",\"url\":\"https:\/\/doktorvolt.pl\/wp-content\/uploads\/2026\/02\/pol_pl_Adapter-przejsciowy-zabezpieczajacy-32A-5-na-16A-5P-1m-C16A-DV-2106-AZ-32-16A-17811_1.png\",\"contentUrl\":\"https:\/\/doktorvolt.pl\/wp-content\/uploads\/2026\/02\/pol_pl_Adapter-przejsciowy-zabezpieczajacy-32A-5-na-16A-5P-1m-C16A-DV-2106-AZ-32-16A-17811_1.png\",\"width\":1000,\"height\":1000},{\"@type\":\"BreadcrumbList\",\"@id\":\"https:\/\/doktorvolt.pl\/en\/oferta-doktorvolt\/extension-cords\/adapters\/adapter-przejsciowy-zabezpieczajacy-32a-5-na-16a-5p-1m-c16a-dv-2106-az-32-16a\/#breadcrumb\",\"itemListElement\":[{\"@type\":\"ListItem\",\"position\":1,\"name\":\"Strona g\u0142\u00f3wna\",\"item\":\"https:\/\/doktorvolt.pl\/en\/\"},{\"@type\":\"ListItem\",\"position\":2,\"name\":\"Offer Doktorvolt\",\"item\":\"https:\/\/doktorvolt.pl\/en\/offer-doktorvolt\/\"},{\"@type\":\"ListItem\",\"position\":3,\"name\":\"Adapter przej\u015bciowy zabezpieczaj\u0105cy 32A\/5 na 16A\/5P 1m C16A DV-2106-AZ-32\/16A\"}]},{\"@type\":\"WebSite\",\"@id\":\"https:\/\/doktorvolt.pl\/de\/#website\",\"url\":\"https:\/\/doktorvolt.pl\/de\/\",\"name\":\"DOKTORVOLT\u00ae\",\"description\":\"Producent rozdzielnic budowlanych\",\"publisher\":{\"@id\":\"https:\/\/doktorvolt.pl\/de\/#organization\"},\"potentialAction\":[{\"@type\":\"SearchAction\",\"target\":{\"@type\":\"EntryPoint\",\"urlTemplate\":\"https:\/\/doktorvolt.pl\/de\/?s={search_term_string}\"},\"query-input\":{\"@type\":\"PropertyValueSpecification\",\"valueRequired\":true,\"valueName\":\"search_term_string\"}}],\"inLanguage\":\"en-US\"},{\"@type\":\"Organization\",\"@id\":\"https:\/\/doktorvolt.pl\/de\/#organization\",\"name\":\"DOKTORVOLT\u00ae\",\"url\":\"https:\/\/doktorvolt.pl\/de\/\",\"logo\":{\"@type\":\"ImageObject\",\"inLanguage\":\"en-US\",\"@id\":\"https:\/\/doktorvolt.pl\/de\/#\/schema\/logo\/image\/\",\"url\":\"https:\/\/doktorvolt.pl\/wp-content\/uploads\/2023\/10\/DoktorVOLT-black-png.png\",\"contentUrl\":\"https:\/\/doktorvolt.pl\/wp-content\/uploads\/2023\/10\/DoktorVOLT-black-png.png\",\"width\":729,\"height\":40,\"caption\":\"DOKTORVOLT\u00ae\"},\"image\":{\"@id\":\"https:\/\/doktorvolt.pl\/de\/#\/schema\/logo\/image\/\"}}]}<\/script>\n<!-- \/ Yoast SEO plugin. -->","yoast_head_json":{"title":"Adapter przej\u015bciowy zabezpieczaj\u0105cy 32A\/5 na 16A\/5P 1m C16A DV-2106-AZ-32\/16A - DOKTORVOLT\u00ae","robots":{"index":"index","follow":"follow","max-snippet":"max-snippet:-1","max-image-preview":"max-image-preview:large","max-video-preview":"max-video-preview:-1"},"canonical":"https:\/\/doktorvolt.pl\/en\/oferta-doktorvolt\/extension-cords\/adapters\/adapter-przejsciowy-zabezpieczajacy-32a-5-na-16a-5p-1m-c16a-dv-2106-az-32-16a\/","og_locale":"en_US","og_type":"article","og_title":"Adapter przej\u015bciowy zabezpieczaj\u0105cy 32A\/5 na 16A\/5P 1m C16A DV-2106-AZ-32\/16A - DOKTORVOLT\u00ae","og_description":"Adapter przej\u015bciowy s\u0142u\u017c\u0105cy do u\u017cytku na budowie oraz ci\u0105g\u0142ego stosowania na zewn\u0105trz w trudnych warunkach atmosferycznych.","og_url":"https:\/\/doktorvolt.pl\/en\/oferta-doktorvolt\/extension-cords\/adapters\/adapter-przejsciowy-zabezpieczajacy-32a-5-na-16a-5p-1m-c16a-dv-2106-az-32-16a\/","og_site_name":"DOKTORVOLT\u00ae","og_image":[{"width":1000,"height":1000,"url":"https:\/\/doktorvolt.pl\/wp-content\/uploads\/2026\/02\/pol_pl_Adapter-przejsciowy-zabezpieczajacy-32A-5-na-16A-5P-1m-C16A-DV-2106-AZ-32-16A-17811_1.png","type":"image\/png"}],"twitter_card":"summary_large_image","twitter_misc":{"Est. reading time":"2 minutes"},"schema":{"@context":"https:\/\/schema.org","@graph":[{"@type":"WebPage","@id":"https:\/\/doktorvolt.pl\/en\/oferta-doktorvolt\/extension-cords\/adapters\/adapter-przejsciowy-zabezpieczajacy-32a-5-na-16a-5p-1m-c16a-dv-2106-az-32-16a\/","url":"https:\/\/doktorvolt.pl\/en\/oferta-doktorvolt\/extension-cords\/adapters\/adapter-przejsciowy-zabezpieczajacy-32a-5-na-16a-5p-1m-c16a-dv-2106-az-32-16a\/","name":"Adapter przej\u015bciowy zabezpieczaj\u0105cy 32A\/5 na 16A\/5P 1m C16A DV-2106-AZ-32\/16A - DOKTORVOLT\u00ae","isPartOf":{"@id":"https:\/\/doktorvolt.pl\/de\/#website"},"primaryImageOfPage":{"@id":"https:\/\/doktorvolt.pl\/en\/oferta-doktorvolt\/extension-cords\/adapters\/adapter-przejsciowy-zabezpieczajacy-32a-5-na-16a-5p-1m-c16a-dv-2106-az-32-16a\/#primaryimage"},"image":{"@id":"https:\/\/doktorvolt.pl\/en\/oferta-doktorvolt\/extension-cords\/adapters\/adapter-przejsciowy-zabezpieczajacy-32a-5-na-16a-5p-1m-c16a-dv-2106-az-32-16a\/#primaryimage"},"thumbnailUrl":"https:\/\/doktorvolt.pl\/wp-content\/uploads\/2026\/02\/pol_pl_Adapter-przejsciowy-zabezpieczajacy-32A-5-na-16A-5P-1m-C16A-DV-2106-AZ-32-16A-17811_1.png","datePublished":"2026-02-23T14:01:48+00:00","breadcrumb":{"@id":"https:\/\/doktorvolt.pl\/en\/oferta-doktorvolt\/extension-cords\/adapters\/adapter-przejsciowy-zabezpieczajacy-32a-5-na-16a-5p-1m-c16a-dv-2106-az-32-16a\/#breadcrumb"},"inLanguage":"en-US","potentialAction":[{"@type":"ReadAction","target":["https:\/\/doktorvolt.pl\/en\/oferta-doktorvolt\/extension-cords\/adapters\/adapter-przejsciowy-zabezpieczajacy-32a-5-na-16a-5p-1m-c16a-dv-2106-az-32-16a\/"]}]},{"@type":"ImageObject","inLanguage":"en-US","@id":"https:\/\/doktorvolt.pl\/en\/oferta-doktorvolt\/extension-cords\/adapters\/adapter-przejsciowy-zabezpieczajacy-32a-5-na-16a-5p-1m-c16a-dv-2106-az-32-16a\/#primaryimage","url":"https:\/\/doktorvolt.pl\/wp-content\/uploads\/2026\/02\/pol_pl_Adapter-przejsciowy-zabezpieczajacy-32A-5-na-16A-5P-1m-C16A-DV-2106-AZ-32-16A-17811_1.png","contentUrl":"https:\/\/doktorvolt.pl\/wp-content\/uploads\/2026\/02\/pol_pl_Adapter-przejsciowy-zabezpieczajacy-32A-5-na-16A-5P-1m-C16A-DV-2106-AZ-32-16A-17811_1.png","width":1000,"height":1000},{"@type":"BreadcrumbList","@id":"https:\/\/doktorvolt.pl\/en\/oferta-doktorvolt\/extension-cords\/adapters\/adapter-przejsciowy-zabezpieczajacy-32a-5-na-16a-5p-1m-c16a-dv-2106-az-32-16a\/#breadcrumb","itemListElement":[{"@type":"ListItem","position":1,"name":"Strona g\u0142\u00f3wna","item":"https:\/\/doktorvolt.pl\/en\/"},{"@type":"ListItem","position":2,"name":"Offer Doktorvolt","item":"https:\/\/doktorvolt.pl\/en\/offer-doktorvolt\/"},{"@type":"ListItem","position":3,"name":"Adapter przej\u015bciowy zabezpieczaj\u0105cy 32A\/5 na 16A\/5P 1m C16A DV-2106-AZ-32\/16A"}]},{"@type":"WebSite","@id":"https:\/\/doktorvolt.pl\/de\/#website","url":"https:\/\/doktorvolt.pl\/de\/","name":"DOKTORVOLT\u00ae","description":"Producent rozdzielnic budowlanych","publisher":{"@id":"https:\/\/doktorvolt.pl\/de\/#organization"},"potentialAction":[{"@type":"SearchAction","target":{"@type":"EntryPoint","urlTemplate":"https:\/\/doktorvolt.pl\/de\/?s={search_term_string}"},"query-input":{"@type":"PropertyValueSpecification","valueRequired":true,"valueName":"search_term_string"}}],"inLanguage":"en-US"},{"@type":"Organization","@id":"https:\/\/doktorvolt.pl\/de\/#organization","name":"DOKTORVOLT\u00ae","url":"https:\/\/doktorvolt.pl\/de\/","logo":{"@type":"ImageObject","inLanguage":"en-US","@id":"https:\/\/doktorvolt.pl\/de\/#\/schema\/logo\/image\/","url":"https:\/\/doktorvolt.pl\/wp-content\/uploads\/2023\/10\/DoktorVOLT-black-png.png","contentUrl":"https:\/\/doktorvolt.pl\/wp-content\/uploads\/2023\/10\/DoktorVOLT-black-png.png","width":729,"height":40,"caption":"DOKTORVOLT\u00ae"},"image":{"@id":"https:\/\/doktorvolt.pl\/de\/#\/schema\/logo\/image\/"}}]}},"_links":{"self":[{"href":"https:\/\/doktorvolt.pl\/en\/wp-json\/wp\/v2\/product\/110696","targetHints":{"allow":["GET"]}}],"collection":[{"href":"https:\/\/doktorvolt.pl\/en\/wp-json\/wp\/v2\/product"}],"about":[{"href":"https:\/\/doktorvolt.pl\/en\/wp-json\/wp\/v2\/types\/product"}],"wp:featuredmedia":[{"embeddable":true,"href":"https:\/\/doktorvolt.pl\/en\/wp-json\/wp\/v2\/media\/105410"}],"wp:attachment":[{"href":"https:\/\/doktorvolt.pl\/en\/wp-json\/wp\/v2\/media?parent=110696"}],"wp:term":[{"taxonomy":"product_brand","embeddable":true,"href":"https:\/\/doktorvolt.pl\/en\/wp-json\/wp\/v2\/product_brand?post=110696"},{"taxonomy":"product_cat","embeddable":true,"href":"https:\/\/doktorvolt.pl\/en\/wp-json\/wp\/v2\/product_cat?post=110696"},{"taxonomy":"product_tag","embeddable":true,"href":"https:\/\/doktorvolt.pl\/en\/wp-json\/wp\/v2\/product_tag?post=110696"}],"curies":[{"name":"wp","href":"https:\/\/api.w.org\/{rel}","templated":true}]}}