{"id":110697,"date":"2026-02-23T16:01:17","date_gmt":"2026-02-23T14:01:17","guid":{"rendered":"https:\/\/doktorvolt.pl\/sklep\/uncategorized\/rozdzielnica-na-stojaku-td-camp-fi-ls-2x16a-3p-2x230v-1703\/"},"modified":"2026-02-23T16:01:17","modified_gmt":"2026-02-23T14:01:17","slug":"rozdzielnica-na-stojaku-td-camp-fi-ls-2x16a-3p-2x230v-1703","status":"publish","type":"product","link":"https:\/\/doktorvolt.pl\/en\/oferta-doktorvolt\/camping\/camping-distribution-boards\/rozdzielnica-na-stojaku-td-camp-fi-ls-2x16a-3p-2x230v-1703\/","title":{"rendered":"Rozdzielnica na stojaku TD-CAMP FI\/LS 2x16A\/3P 2x230V 1703"},"content":{"rendered":"<h1 style=\"text-align: center;\"><span style=\"color: #000000;\">Rozdzielnica na stojaku TD-CAMP FI\/LS 2x16A\/3P 2x230V<br \/>\u00a0DOKTORVOLT\u00ae<\/span><\/h1>\n<p><strong style=\"font-size: 17.3333px; text-align: center;\"><span style=\"color: #000000;\">Rozdzielnica, przeznaczona jest do dystrybucji energii elektrycznej. Rozdzielnica charakteryzuje si\u0119 wysok\u0105 klas\u0105 szczelno\u015bci IP54, dzi\u0119ki temu jest odporna na warunki atmosferyczne.\u00a0<\/span><\/strong><\/p>\n<p><span style=\"font-size: 17.3333px; text-align: center;\"><span style=\"color: #000000;\">Rozdzielnice kempingowe polecane\u00a0s\u0105 w\u0142a\u015bcicielom p\u00f3l namiotowych, kempingowych oraz innych obiekt\u00f3w, gdzie wypoczywaj\u0105 tury\u015bci. Dzi\u0119ki temu urz\u0105dzeniu, mo\u017cna zapewni\u0107 wszystkim przebywaj\u0105cym sta\u0142y dost\u0119p do pr\u0105du podczas wypoczynku. Dzi\u0119ki rozdzielnicy mo\u017cna bez problemu uruchomi\u0107 urz\u0105dzenia codziennego u\u017cytku, tj. czajnik, lod\u00f3wka czy kuchenka mikrofalowa. W prosty spos\u00f3b mo\u017cemy r\u00f3wnie\u017c na\u0142adowa\u0107 bateri\u0119 w telefonie, laptopie, a nawet uruchomi\u0107 telewizor.<\/span><span style=\"font-size: 17.3333px; text-align: center;\"><\/span><\/span><\/p>\n<p style=\"font-size: 13pt; text-align: justify;\"><span style=\"color: #000000;\"><strong>Wszystkie rozdzielnice DOKTORVOLT finalnie przechodz\u0105 testy pomiarowe, gdzie nast\u0119puje ich ostateczne sprawdzenie. Ka\u017cda rozdzielnica opatrzona jest certyfikatem oznaczaj\u0105cym, \u017ce produkt zosta\u0142 przetestowany i sprawdzony oraz jest zgodny z norm\u0105 IEC 61439. S\u0142upek posiada tak\u017ce inne certyfikaty tj. T\u00dcV S\u00dcD, ISO 9001:2015, CE.<\/strong><\/span><\/p>\n<p style=\"font-size: 13pt; text-align: justify;\"><span style=\"color: #000000;\">Firma DOKTORVOLT oferuje r\u00f3wnie\u017c s\u0142upki dystrybucyjne dostosowane do indywidualnych potrzeb. Istnieje mo\u017cliwo\u015b\u0107 zam\u00f3wienia urz\u0105dzenia z inn\u0105, ni\u017c w standardzie liczb\u0105 gniazd, b\u0105d\u017a z podstaw\u0105\/fundamentem do betonu. <\/span><span style=\"color: #000000;\"><\/span><\/p>\n<p style=\"font-size: 13pt; text-align: justify;\"><span style=\"color: #000000;\"><strong>Zalety \/ w\u0142a\u015bciwo\u015bci rozdzielnicy kempingowej:<\/strong><\/span><\/p>\n<ul>\n<li style=\"font-size: 13pt; text-align: justify;\"><span style=\"color: #000000;\">2 gniazda 230V Schuko,<\/span><\/li>\n<li style=\"font-size: 13pt; text-align: justify;\"><span style=\"color: #000000;\">2 gniazda 230V CEE kempingowe,<\/span><\/li>\n<li style=\"font-size: 13pt; text-align: justify;\"><span style=\"color: #000000;\">okno rewizyjne 12 modu\u0142\u00f3w,<\/span><\/li>\n<li style=\"font-size: 13pt; text-align: justify;\"><span style=\"color: #000000;\">2 x wy\u0142\u0105cznik RCBO Doktorvolt,<\/span><\/li>\n<li style=\"font-size: 13pt; text-align: justify;\"><span>gotowe okablowanie przygotowane pod instalacj\u0119,<\/span><\/li>\n<li style=\"font-size: 13pt; text-align: justify;\"><span style=\"color: #000000;\">na pola namiotowe i kempingowe.<br \/><\/span><\/li>\n<\/ul>\n<ul>\n<li style=\"font-size: 13pt; text-align: justify;\"><span><strong>Informacje og\u00f3lne<\/strong><\/span><\/li>\n<li style=\"font-size: 13pt; text-align: justify;\"><span>Model <strong>DV-1703-D<\/strong><\/span><\/li>\n<li style=\"font-size: 13pt; text-align: justify;\"><span>EAN <strong>5905191011703<\/strong><\/span><\/li>\n<li style=\"font-size: 13pt; text-align: justify;\"><span>Oznaczenie serii produktu <strong>DV<\/strong><\/span><\/li>\n<li style=\"font-size: 13pt; text-align: justify;\"><span>Producent <strong>DOKTORVOLT<\/strong><\/span><\/li>\n<\/ul>\n<p><span><\/span><\/p>\n<ul>\n<li style=\"font-size: 13pt; text-align: justify;\"><span><strong>Dane techniczne obudowy<\/strong><\/span><\/li>\n<li style=\"font-size: 13pt; text-align: justify;\"><span>Wymiary obudowy <strong>365 x 260 x 125 mm<\/strong><\/span><\/li>\n<li style=\"font-size: 13pt; text-align: justify;\"><span>Materia\u0142 obudowy <strong>Tworzywo sztuczne<\/strong><\/span><\/li>\n<li style=\"font-size: 13pt; text-align: justify;\"><span>Kolor przedniej p\u0142yty obudowy <strong>Szary\/czarny<\/strong><\/span><\/li>\n<\/ul>\n<p><span><\/span><\/p>\n<ul>\n<li style=\"font-size: 13pt; text-align: justify;\"><span><strong>Dane elektryczne<\/strong><\/span><\/li>\n<li style=\"font-size: 13pt; text-align: justify;\"><span>Napi\u0119cie znamionowe <strong>230\/250 V<\/strong><\/span><\/li>\n<li style=\"font-size: 13pt; text-align: justify;\"><span>Cz\u0119stotliwo\u015b\u0107 znamionowa <strong>50 Hz<\/strong><\/span><\/li>\n<li style=\"font-size: 13pt; text-align: justify;\"><span>Pr\u0105d znamionowy <strong>16 A<\/strong><\/span><span>\u00a0<\/span><\/li>\n<li style=\"font-size: 13pt; text-align: justify;\"><span>RDF <strong>0,8<\/strong><\/span><\/li>\n<\/ul>\n<p><span><\/span><\/p>\n<ul>\n<li style=\"font-size: 13pt; text-align: justify;\"><span><strong>Gniazda\u00a0<\/strong><\/span> <strong>DOKTORVOLT<\/strong><\/li>\n<li style=\"font-size: 13pt; text-align: justify;\"><span>2 x 1 fazowe 1P + N + PE, <strong>16 A, 230 V <\/strong><\/span><\/li>\n<li style=\"font-size: 13pt; text-align: justify;\">2 x 1 fazowe CEE kempingowe 1P + N + PE, <strong>16 A, 230 V<\/strong><\/li>\n<\/ul>\n<ul>\n<li style=\"font-size: 13pt; text-align: justify;\"><span><strong>Aparatura zabezpieczeniowa\u00a0<\/strong><\/span><strong>DOKTORVOLT<\/strong><\/li>\n<li style=\"font-size: 13pt; text-align: justify;\"><span>Wy\u0142\u0105cznik r\u00f3\u017cnicowopr\u0105dowy z cz\u0142onem nadpr\u0105dowym <strong>B16 30mA TYPA 2P RCBO<\/strong><\/span><\/li>\n<\/ul>\n<p><span><\/span><\/p>\n<ul>\n<li style=\"font-size: 13pt; text-align: justify;\"><span><strong>Warunki instalacyjne<\/strong><\/span><\/li>\n<li style=\"font-size: 13pt; text-align: justify;\"><span>Temperatura otoczenia <strong>-25 \u00b0C ~ +50 \u00b0C<\/strong><\/span><\/li>\n<li style=\"font-size: 13pt; text-align: justify;\"><span>Stopie\u0144 ochrony rozdzielnicy <strong>IP54<\/strong>\u00a0<\/span><\/li>\n<li style=\"font-size: 13pt; text-align: justify;\"><span>Odporno\u015b\u0107 na promieniowanie UV <strong>Tak<\/strong><\/span><\/li>\n<li style=\"font-size: 13pt; text-align: justify;\"><span>Konstrukcja stacjonarna\/ruchoma <strong>Stacjonarna\u00a0<\/strong><\/span><\/li>\n<\/ul>\n<p><span><\/span><\/p>\n<ul>\n<li style=\"font-size: 13pt; text-align: justify;\"><strong>Oprzewodowanie Bitner<\/strong><\/li>\n<li style=\"font-size: 13pt; text-align: justify;\"><span>Przewody ochronne Linka ster. <strong>H07V-K 2,5\/4 mm2<\/strong> \u017c\u00f3\u0142tozielona<\/span><\/li>\n<li style=\"font-size: 13pt; text-align: justify;\">Przewody neutralne Linka ster. <strong>H07V-K 2,5\/4\/6 mm2<\/strong> niebieska<\/li>\n<li style=\"font-size: 13pt; text-align: justify;\">Przewody zasilaj\u0105ce Linka ster. <strong>H07V-K 2,5\/4 mm2<\/strong> czarna<\/li>\n<\/ul>\n<ul>\n<li style=\"font-size: 13pt; text-align: justify;\"><strong>Wyposa\u017cenie dodatkowe<\/strong><\/li>\n<li style=\"font-size: 13pt; text-align: justify;\"><span>Kotwy monta\u017cowe 4 szt.<\/span><\/li>\n<\/ul>\n<p><span><\/span><\/p>\n<ul>\n<li style=\"font-size: 13pt; text-align: justify;\"><span><strong>Normy i Certyfikaty\u00a0<\/strong><\/span><\/li>\n<li style=\"font-size: 13pt; text-align: justify;\"><strong>Certyfikaty i normy producenta T\u00dcV S\u00dcD, ISO 9001:2015, CE, IEC 61439<\/strong><\/li>\n<\/ul>\n<p><span><\/span><\/p>\n<ul>\n<li style=\"font-size: 13pt; text-align: justify;\"><strong>Dane techniczne s\u0142upka<\/strong><\/li>\n<li style=\"font-size: 13pt; text-align: justify;\">wymiary bez blach mocuj\u0105cych i rozdzielnicy <strong>S\u0142upek 1000 x 100 x 40 mm; podstawka: 5 x 250 x 200 mm<\/strong><\/li>\n<li style=\"font-size: 13pt; text-align: justify;\">materia\u0142 obudowy <strong>Stal malowana proszkowo, odporna na warunki atmosferyczne<\/strong><\/li>\n<li style=\"font-size: 13pt; text-align: justify;\">kolor obudowy <strong>Antracyt<\/strong><\/li>\n<\/ul>\n","protected":false},"excerpt":{"rendered":"<p>Rozdzielnica, przeznaczona jest do dystrybucji energii elektrycznej, wysoka klasa szczelno\u015bci IP54 dzi\u0119ki temu jest odporna na warunki atmosferyczne.<\/p>\n","protected":false},"featured_media":105393,"template":"","meta":[],"product_brand":[],"product_cat":[5146],"product_tag":[],"class_list":{"0":"post-110697","1":"product","2":"type-product","3":"status-publish","4":"has-post-thumbnail","6":"product_cat-camping-distribution-boards","7":"pa_cee-liczba-biegunow-modulow-3p","8":"pa_material-obudowy-plastic","9":"pa_napiecie-cee-230v","10":"pa_natezenie-pradu-cee-16a","11":"pa_typ-gniazd-typ-f-schuko","12":"pa_zabezpieczenie-wylacznik-roznicowopradowy-wylacznik-nadpradowy","14":"first","15":"instock","16":"shipping-taxable","17":"product-type-external"},"yoast_head":"<!-- This site is optimized with the Yoast SEO plugin v27.0 - https:\/\/yoast.com\/product\/yoast-seo-wordpress\/ -->\n<title>Rozdzielnica na stojaku TD-CAMP FI\/LS 2x16A\/3P 2x230V 1703 - DOKTORVOLT\u00ae<\/title>\n<meta name=\"robots\" content=\"index, follow, max-snippet:-1, max-image-preview:large, max-video-preview:-1\" \/>\n<link rel=\"canonical\" href=\"https:\/\/doktorvolt.pl\/en\/oferta-doktorvolt\/camping\/camping-distribution-boards\/rozdzielnica-na-stojaku-td-camp-fi-ls-2x16a-3p-2x230v-1703\/\" \/>\n<meta property=\"og:locale\" content=\"en_US\" \/>\n<meta property=\"og:type\" content=\"article\" \/>\n<meta property=\"og:title\" content=\"Rozdzielnica na stojaku TD-CAMP FI\/LS 2x16A\/3P 2x230V 1703 - DOKTORVOLT\u00ae\" \/>\n<meta property=\"og:description\" content=\"Rozdzielnica, przeznaczona jest do dystrybucji energii elektrycznej, wysoka klasa szczelno\u015bci IP54 dzi\u0119ki temu jest odporna na warunki atmosferyczne.\" \/>\n<meta property=\"og:url\" content=\"https:\/\/doktorvolt.pl\/en\/oferta-doktorvolt\/camping\/camping-distribution-boards\/rozdzielnica-na-stojaku-td-camp-fi-ls-2x16a-3p-2x230v-1703\/\" \/>\n<meta property=\"og:site_name\" content=\"DOKTORVOLT\u00ae\" \/>\n<meta property=\"og:image\" content=\"https:\/\/doktorvolt.pl\/wp-content\/uploads\/2026\/02\/pol_pl_Rozdzielnica-na-stojaku-TD-CAMP-FI-LS-2x16A-3P-2x230V-1703-16888_1.jpg\" \/>\n\t<meta property=\"og:image:width\" content=\"1000\" \/>\n\t<meta property=\"og:image:height\" content=\"1000\" \/>\n\t<meta property=\"og:image:type\" content=\"image\/jpeg\" \/>\n<meta name=\"twitter:card\" content=\"summary_large_image\" \/>\n<meta name=\"twitter:label1\" content=\"Est. reading time\" \/>\n\t<meta name=\"twitter:data1\" content=\"2 minutes\" \/>\n<script type=\"application\/ld+json\" class=\"yoast-schema-graph\">{\"@context\":\"https:\/\/schema.org\",\"@graph\":[{\"@type\":\"WebPage\",\"@id\":\"https:\/\/doktorvolt.pl\/en\/oferta-doktorvolt\/camping\/camping-distribution-boards\/rozdzielnica-na-stojaku-td-camp-fi-ls-2x16a-3p-2x230v-1703\/\",\"url\":\"https:\/\/doktorvolt.pl\/en\/oferta-doktorvolt\/camping\/camping-distribution-boards\/rozdzielnica-na-stojaku-td-camp-fi-ls-2x16a-3p-2x230v-1703\/\",\"name\":\"Rozdzielnica na stojaku TD-CAMP FI\/LS 2x16A\/3P 2x230V 1703 - DOKTORVOLT\u00ae\",\"isPartOf\":{\"@id\":\"https:\/\/doktorvolt.pl\/de\/#website\"},\"primaryImageOfPage\":{\"@id\":\"https:\/\/doktorvolt.pl\/en\/oferta-doktorvolt\/camping\/camping-distribution-boards\/rozdzielnica-na-stojaku-td-camp-fi-ls-2x16a-3p-2x230v-1703\/#primaryimage\"},\"image\":{\"@id\":\"https:\/\/doktorvolt.pl\/en\/oferta-doktorvolt\/camping\/camping-distribution-boards\/rozdzielnica-na-stojaku-td-camp-fi-ls-2x16a-3p-2x230v-1703\/#primaryimage\"},\"thumbnailUrl\":\"https:\/\/doktorvolt.pl\/wp-content\/uploads\/2026\/02\/pol_pl_Rozdzielnica-na-stojaku-TD-CAMP-FI-LS-2x16A-3P-2x230V-1703-16888_1.jpg\",\"datePublished\":\"2026-02-23T14:01:17+00:00\",\"breadcrumb\":{\"@id\":\"https:\/\/doktorvolt.pl\/en\/oferta-doktorvolt\/camping\/camping-distribution-boards\/rozdzielnica-na-stojaku-td-camp-fi-ls-2x16a-3p-2x230v-1703\/#breadcrumb\"},\"inLanguage\":\"en-US\",\"potentialAction\":[{\"@type\":\"ReadAction\",\"target\":[\"https:\/\/doktorvolt.pl\/en\/oferta-doktorvolt\/camping\/camping-distribution-boards\/rozdzielnica-na-stojaku-td-camp-fi-ls-2x16a-3p-2x230v-1703\/\"]}]},{\"@type\":\"ImageObject\",\"inLanguage\":\"en-US\",\"@id\":\"https:\/\/doktorvolt.pl\/en\/oferta-doktorvolt\/camping\/camping-distribution-boards\/rozdzielnica-na-stojaku-td-camp-fi-ls-2x16a-3p-2x230v-1703\/#primaryimage\",\"url\":\"https:\/\/doktorvolt.pl\/wp-content\/uploads\/2026\/02\/pol_pl_Rozdzielnica-na-stojaku-TD-CAMP-FI-LS-2x16A-3P-2x230V-1703-16888_1.jpg\",\"contentUrl\":\"https:\/\/doktorvolt.pl\/wp-content\/uploads\/2026\/02\/pol_pl_Rozdzielnica-na-stojaku-TD-CAMP-FI-LS-2x16A-3P-2x230V-1703-16888_1.jpg\",\"width\":1000,\"height\":1000},{\"@type\":\"BreadcrumbList\",\"@id\":\"https:\/\/doktorvolt.pl\/en\/oferta-doktorvolt\/camping\/camping-distribution-boards\/rozdzielnica-na-stojaku-td-camp-fi-ls-2x16a-3p-2x230v-1703\/#breadcrumb\",\"itemListElement\":[{\"@type\":\"ListItem\",\"position\":1,\"name\":\"Strona g\u0142\u00f3wna\",\"item\":\"https:\/\/doktorvolt.pl\/en\/\"},{\"@type\":\"ListItem\",\"position\":2,\"name\":\"Offer Doktorvolt\",\"item\":\"https:\/\/doktorvolt.pl\/en\/offer-doktorvolt\/\"},{\"@type\":\"ListItem\",\"position\":3,\"name\":\"Rozdzielnica na stojaku TD-CAMP FI\/LS 2x16A\/3P 2x230V 1703\"}]},{\"@type\":\"WebSite\",\"@id\":\"https:\/\/doktorvolt.pl\/de\/#website\",\"url\":\"https:\/\/doktorvolt.pl\/de\/\",\"name\":\"DOKTORVOLT\u00ae\",\"description\":\"Producent rozdzielnic budowlanych\",\"publisher\":{\"@id\":\"https:\/\/doktorvolt.pl\/de\/#organization\"},\"potentialAction\":[{\"@type\":\"SearchAction\",\"target\":{\"@type\":\"EntryPoint\",\"urlTemplate\":\"https:\/\/doktorvolt.pl\/de\/?s={search_term_string}\"},\"query-input\":{\"@type\":\"PropertyValueSpecification\",\"valueRequired\":true,\"valueName\":\"search_term_string\"}}],\"inLanguage\":\"en-US\"},{\"@type\":\"Organization\",\"@id\":\"https:\/\/doktorvolt.pl\/de\/#organization\",\"name\":\"DOKTORVOLT\u00ae\",\"url\":\"https:\/\/doktorvolt.pl\/de\/\",\"logo\":{\"@type\":\"ImageObject\",\"inLanguage\":\"en-US\",\"@id\":\"https:\/\/doktorvolt.pl\/de\/#\/schema\/logo\/image\/\",\"url\":\"https:\/\/doktorvolt.pl\/wp-content\/uploads\/2023\/10\/DoktorVOLT-black-png.png\",\"contentUrl\":\"https:\/\/doktorvolt.pl\/wp-content\/uploads\/2023\/10\/DoktorVOLT-black-png.png\",\"width\":729,\"height\":40,\"caption\":\"DOKTORVOLT\u00ae\"},\"image\":{\"@id\":\"https:\/\/doktorvolt.pl\/de\/#\/schema\/logo\/image\/\"}}]}<\/script>\n<!-- \/ Yoast SEO plugin. -->","yoast_head_json":{"title":"Rozdzielnica na stojaku TD-CAMP FI\/LS 2x16A\/3P 2x230V 1703 - DOKTORVOLT\u00ae","robots":{"index":"index","follow":"follow","max-snippet":"max-snippet:-1","max-image-preview":"max-image-preview:large","max-video-preview":"max-video-preview:-1"},"canonical":"https:\/\/doktorvolt.pl\/en\/oferta-doktorvolt\/camping\/camping-distribution-boards\/rozdzielnica-na-stojaku-td-camp-fi-ls-2x16a-3p-2x230v-1703\/","og_locale":"en_US","og_type":"article","og_title":"Rozdzielnica na stojaku TD-CAMP FI\/LS 2x16A\/3P 2x230V 1703 - DOKTORVOLT\u00ae","og_description":"Rozdzielnica, przeznaczona jest do dystrybucji energii elektrycznej, wysoka klasa szczelno\u015bci IP54 dzi\u0119ki temu jest odporna na warunki atmosferyczne.","og_url":"https:\/\/doktorvolt.pl\/en\/oferta-doktorvolt\/camping\/camping-distribution-boards\/rozdzielnica-na-stojaku-td-camp-fi-ls-2x16a-3p-2x230v-1703\/","og_site_name":"DOKTORVOLT\u00ae","og_image":[{"width":1000,"height":1000,"url":"https:\/\/doktorvolt.pl\/wp-content\/uploads\/2026\/02\/pol_pl_Rozdzielnica-na-stojaku-TD-CAMP-FI-LS-2x16A-3P-2x230V-1703-16888_1.jpg","type":"image\/jpeg"}],"twitter_card":"summary_large_image","twitter_misc":{"Est. reading time":"2 minutes"},"schema":{"@context":"https:\/\/schema.org","@graph":[{"@type":"WebPage","@id":"https:\/\/doktorvolt.pl\/en\/oferta-doktorvolt\/camping\/camping-distribution-boards\/rozdzielnica-na-stojaku-td-camp-fi-ls-2x16a-3p-2x230v-1703\/","url":"https:\/\/doktorvolt.pl\/en\/oferta-doktorvolt\/camping\/camping-distribution-boards\/rozdzielnica-na-stojaku-td-camp-fi-ls-2x16a-3p-2x230v-1703\/","name":"Rozdzielnica na stojaku TD-CAMP FI\/LS 2x16A\/3P 2x230V 1703 - DOKTORVOLT\u00ae","isPartOf":{"@id":"https:\/\/doktorvolt.pl\/de\/#website"},"primaryImageOfPage":{"@id":"https:\/\/doktorvolt.pl\/en\/oferta-doktorvolt\/camping\/camping-distribution-boards\/rozdzielnica-na-stojaku-td-camp-fi-ls-2x16a-3p-2x230v-1703\/#primaryimage"},"image":{"@id":"https:\/\/doktorvolt.pl\/en\/oferta-doktorvolt\/camping\/camping-distribution-boards\/rozdzielnica-na-stojaku-td-camp-fi-ls-2x16a-3p-2x230v-1703\/#primaryimage"},"thumbnailUrl":"https:\/\/doktorvolt.pl\/wp-content\/uploads\/2026\/02\/pol_pl_Rozdzielnica-na-stojaku-TD-CAMP-FI-LS-2x16A-3P-2x230V-1703-16888_1.jpg","datePublished":"2026-02-23T14:01:17+00:00","breadcrumb":{"@id":"https:\/\/doktorvolt.pl\/en\/oferta-doktorvolt\/camping\/camping-distribution-boards\/rozdzielnica-na-stojaku-td-camp-fi-ls-2x16a-3p-2x230v-1703\/#breadcrumb"},"inLanguage":"en-US","potentialAction":[{"@type":"ReadAction","target":["https:\/\/doktorvolt.pl\/en\/oferta-doktorvolt\/camping\/camping-distribution-boards\/rozdzielnica-na-stojaku-td-camp-fi-ls-2x16a-3p-2x230v-1703\/"]}]},{"@type":"ImageObject","inLanguage":"en-US","@id":"https:\/\/doktorvolt.pl\/en\/oferta-doktorvolt\/camping\/camping-distribution-boards\/rozdzielnica-na-stojaku-td-camp-fi-ls-2x16a-3p-2x230v-1703\/#primaryimage","url":"https:\/\/doktorvolt.pl\/wp-content\/uploads\/2026\/02\/pol_pl_Rozdzielnica-na-stojaku-TD-CAMP-FI-LS-2x16A-3P-2x230V-1703-16888_1.jpg","contentUrl":"https:\/\/doktorvolt.pl\/wp-content\/uploads\/2026\/02\/pol_pl_Rozdzielnica-na-stojaku-TD-CAMP-FI-LS-2x16A-3P-2x230V-1703-16888_1.jpg","width":1000,"height":1000},{"@type":"BreadcrumbList","@id":"https:\/\/doktorvolt.pl\/en\/oferta-doktorvolt\/camping\/camping-distribution-boards\/rozdzielnica-na-stojaku-td-camp-fi-ls-2x16a-3p-2x230v-1703\/#breadcrumb","itemListElement":[{"@type":"ListItem","position":1,"name":"Strona g\u0142\u00f3wna","item":"https:\/\/doktorvolt.pl\/en\/"},{"@type":"ListItem","position":2,"name":"Offer Doktorvolt","item":"https:\/\/doktorvolt.pl\/en\/offer-doktorvolt\/"},{"@type":"ListItem","position":3,"name":"Rozdzielnica na stojaku TD-CAMP FI\/LS 2x16A\/3P 2x230V 1703"}]},{"@type":"WebSite","@id":"https:\/\/doktorvolt.pl\/de\/#website","url":"https:\/\/doktorvolt.pl\/de\/","name":"DOKTORVOLT\u00ae","description":"Producent rozdzielnic budowlanych","publisher":{"@id":"https:\/\/doktorvolt.pl\/de\/#organization"},"potentialAction":[{"@type":"SearchAction","target":{"@type":"EntryPoint","urlTemplate":"https:\/\/doktorvolt.pl\/de\/?s={search_term_string}"},"query-input":{"@type":"PropertyValueSpecification","valueRequired":true,"valueName":"search_term_string"}}],"inLanguage":"en-US"},{"@type":"Organization","@id":"https:\/\/doktorvolt.pl\/de\/#organization","name":"DOKTORVOLT\u00ae","url":"https:\/\/doktorvolt.pl\/de\/","logo":{"@type":"ImageObject","inLanguage":"en-US","@id":"https:\/\/doktorvolt.pl\/de\/#\/schema\/logo\/image\/","url":"https:\/\/doktorvolt.pl\/wp-content\/uploads\/2023\/10\/DoktorVOLT-black-png.png","contentUrl":"https:\/\/doktorvolt.pl\/wp-content\/uploads\/2023\/10\/DoktorVOLT-black-png.png","width":729,"height":40,"caption":"DOKTORVOLT\u00ae"},"image":{"@id":"https:\/\/doktorvolt.pl\/de\/#\/schema\/logo\/image\/"}}]}},"_links":{"self":[{"href":"https:\/\/doktorvolt.pl\/en\/wp-json\/wp\/v2\/product\/110697","targetHints":{"allow":["GET"]}}],"collection":[{"href":"https:\/\/doktorvolt.pl\/en\/wp-json\/wp\/v2\/product"}],"about":[{"href":"https:\/\/doktorvolt.pl\/en\/wp-json\/wp\/v2\/types\/product"}],"wp:featuredmedia":[{"embeddable":true,"href":"https:\/\/doktorvolt.pl\/en\/wp-json\/wp\/v2\/media\/105393"}],"wp:attachment":[{"href":"https:\/\/doktorvolt.pl\/en\/wp-json\/wp\/v2\/media?parent=110697"}],"wp:term":[{"taxonomy":"product_brand","embeddable":true,"href":"https:\/\/doktorvolt.pl\/en\/wp-json\/wp\/v2\/product_brand?post=110697"},{"taxonomy":"product_cat","embeddable":true,"href":"https:\/\/doktorvolt.pl\/en\/wp-json\/wp\/v2\/product_cat?post=110697"},{"taxonomy":"product_tag","embeddable":true,"href":"https:\/\/doktorvolt.pl\/en\/wp-json\/wp\/v2\/product_tag?post=110697"}],"curies":[{"name":"wp","href":"https:\/\/api.w.org\/{rel}","templated":true}]}}