{"id":110698,"date":"2026-02-23T16:00:43","date_gmt":"2026-02-23T14:00:43","guid":{"rendered":"https:\/\/doktorvolt.pl\/sklep\/uncategorized\/marina-slupek-dystrybucyjny-cv-camp-4x230v-2p-e-2xcamp-3p-przylacze-wodne-dv-1451-f\/"},"modified":"2026-02-23T16:00:43","modified_gmt":"2026-02-23T14:00:43","slug":"marina-slupek-dystrybucyjny-cv-camp-4x230v-2p-e-2xcamp-3p-przylacze-wodne-dv-1451-f","status":"publish","type":"product","link":"https:\/\/doktorvolt.pl\/en\/oferta-doktorvolt\/camping\/camping-power-posts\/marina-slupek-dystrybucyjny-cv-camp-4x230v-2p-e-2xcamp-3p-przylacze-wodne-dv-1451-f\/","title":{"rendered":"Marina S\u0142upek dystrybucyjny CV-CAMP 4x230V\/2P E 2xCamp\/3P przy\u0142\u0105cze wodne DV-1451-F"},"content":{"rendered":"<div style=\"max-width: 800px; margin: 0 auto; text-align: center;\">\n<h1 style=\"font-size: 23pt; color: #000;\">S\u0142upek dystrybucyjny CV-CAMP 4x230V\/2P E 2xCamp\/3P przy\u0142\u0105cze wodne DV 1451<\/p>\n<p><\/h1>\n<h2 style=\"font-size: 20pt; color: #000;\">Opis produktu:<\/h2>\n<p style=\"font-size: 16pt; line-height: 1.5; color: #000;\">S\u0142upek dystrybucyjny z przy\u0142\u0105czem wodnym, przeznaczony jest do <strong>dystrybucji energii elektrycznej oraz wody<\/strong>. Rozdzielnica charakteryzuje si\u0119 wysok\u0105 klas\u0105 szczelno\u015bci <strong>IP54<\/strong>, dzi\u0119ki temu jest <strong>odporna na warunki atmosferyczne<\/strong>. S\u0142upek dystrybucyjny wyposa\u017cony jest w klamk\u0119 zamykan\u0105 na klucz, dzi\u0119ki czemu dzieci oraz niepo\u017c\u0105dane osoby, maj\u0105 ograniczony dost\u0119p do element\u00f3w znajduj\u0105cych si\u0119 pod napi\u0119ciem.<\/p>\n<p><img decoding=\"async\" style=\"width: 70%; height: auto; display: block; margin: 20px auto;\" src=\"https:\/\/preis-zone.pl\/hpeciai\/96df0d5351e4eda26dcf5c85900a53d5\/pol_pl_Marina-Slupek-dystrybucyjny-CV-CAMP-4x230V-2P-E-2xCamp-3P-przylacze-wodne-DV-1451-16887_2.png\" border=\"0\" alt=\"S\u0142upek dystrybucyjny CV-CAMP 4x230V\/2P+E 2xCamp\/3P przy\u0142\u0105cze wodne DV 1451\" width=\"1000\" height=\"1000\" \/><\/p>\n<h3 style=\"font-size: 18pt; color: #000;\">Przeznaczenie:<\/h3>\n<p style=\"font-size: 16pt; line-height: 1.5; color: #000;\">S\u0142upki dystrybucyjne dedykowane s\u0105 w\u0142a\u015bcicielom p\u00f3l namiotowych, kempingowych oraz innych obiekt\u00f3w, gdzie wypoczywaj\u0105 tury\u015bci. Dzi\u0119ki temu urz\u0105dzeniu, mo\u017cna zapewni\u0107 wszystkim przebywaj\u0105cym <strong>sta\u0142y dost\u0119p do pr\u0105du i wody<\/strong> podczas wypoczynku. Dzi\u0119ki rozdzielnicy mo\u017cna bez problemu uruchomi\u0107 urz\u0105dzenia codziennego u\u017cytku, tj. czajnik, lod\u00f3wka czy kuchenka mikrofalowa. W prosty spos\u00f3b mo\u017cemy r\u00f3wnie\u017c na\u0142adowa\u0107 bateri\u0119 w telefonie, laptopie, a nawet uruchomi\u0107 telewizor.<\/p>\n<p><img decoding=\"async\" style=\"width: 70%; height: auto; display: block; margin: 20px auto;\" src=\"https:\/\/preis-zone.pl\/hpeciai\/3f3fd0c54bd96f8df02ef4702a902bf4\/pol_pl_Marina-Slupek-dystrybucyjny-CV-CAMP-4x230V-2P-E-2xCamp-3P-przylacze-wodne-DV-1451-16887_1.png\" border=\"0\" alt=\"S\u0142upek dystrybucyjny CV-CAMP 4x230V\/2P+E 2xCamp\/3P przy\u0142\u0105cze wodne DV 1451\" \/><\/p>\n<h3 style=\"font-size: 18pt; color: #000;\">Certyfikaty:<\/h3>\n<p style=\"font-size: 16pt; line-height: 1.5; color: #000;\">Wszystkie rozdzielnice <strong>Doktorvolt\u00ae<\/strong> finalnie przechodz\u0105 testy pomiarowe, gdzie nast\u0119puje ich ostateczne sprawdzenie. Ka\u017cda rozdzielnica opatrzona jest certyfikatem oznaczaj\u0105cym, \u017ce produkt zosta\u0142 przetestowany i sprawdzony oraz jest zgodny z norm\u0105 <strong>IEC 61439<\/strong>.<\/p>\n<p><img decoding=\"async\" style=\"width: 50%; height: auto; display: block; margin: 20px auto;\" src=\"https:\/\/preis-zone.pl\/hpeciai\/5f949d4645e2d212a565470b87517553\/pol_pl_Marina-Slupek-dystrybucyjny-CV-CAMP-4x230V-2P-E-2xCamp-3P-przylacze-wodne-DV-1451-16887_7.jpg\" border=\"0\" alt=\"S\u0142upek dystrybucyjny CV-CAMP 4x230V\/2P+E 2xCamp\/3P przy\u0142\u0105cze wodne DV 1451\" width=\"1229\" height=\"1713\" \/><\/p>\n<h3 style=\"font-size: 18pt; color: #000;\">Produkt dostosowany dla Twoich potrzeb:<\/h3>\n<p style=\"font-size: 16pt; line-height: 1.5; color: #000;\">Firma <strong>Doktorvolt\u00ae<\/strong> oferuje r\u00f3wnie\u017c s\u0142upki dystrybucyjne <strong>dostosowane do indywidualnych potrzeb<\/strong>. Istnieje mo\u017cliwo\u015b\u0107 zam\u00f3wienia urz\u0105dzenia z inn\u0105, ni\u017c w standardzie liczb\u0105 gniazd, b\u0105d\u017a z podstaw\u0105\/fundamentem do betonu.<\/p>\n<p><img decoding=\"async\" style=\"width: 70%; height: auto; display: block; margin: 20px auto;\" src=\"https:\/\/preis-zone.pl\/hpeciai\/ecc714fe146f592b45c8d1b89ecb046e\/pol_pl_Marina-Slupek-dystrybucyjny-CV-CAMP-4x230V-2P-E-2xCamp-3P-przylacze-wodne-DV-1451-16887_3.jpg\" border=\"0\" alt=\"S\u0142upek dystrybucyjny CV-CAMP 4x230V\/2P+E 2xCamp\/3P przy\u0142\u0105cze wodne DV 1451\" \/><\/p>\n<h2 style=\"font-size: 20pt; color: #000;\">Zalety \/ w\u0142a\u015bciwo\u015bci rozdzielnicy kempingowej:<\/h2>\n<p style=\"font-size: 16pt; line-height: 1.5; color: #000000; text-align: left;\">&#x2714; 1 wy\u0142\u0105cznik r\u00f3\u017cnicowopr\u0105dowy z cz\u0142onem nadpr\u0105dowym, oraz 6x wy\u0142\u0105czniki nadpr\u0105dowe<br \/>&#x2714; 2 gniazda kempingowe 3P 230V (CEE) oraz 4 gniazda 230V + E<br \/>&#x2714; Instalacja pod dystrybucje wody, symetrycznie po obu stronach<br \/>&#x2714; Gotowe okablowanie przygotowane pod instalacj\u0119<br \/>&#x2714; Solidna podstawa do osadzenia na pod\u0142o\u017cu sta\u0142ym lub wkopania w ziemi\u0119<\/p>\n<h2 style=\"font-size: 20pt; color: #000;\">Informacje og\u00f3lne:<\/h2>\n<p style=\"font-size: 16pt; line-height: 1.5; color: #000000; text-align: left;\">&#x2714; Model: <strong>DV-1451-F<\/strong><br \/>&#x2714; EAN: <strong>5905191011451<\/strong><br \/>&#x2714; Oznaczenie serii produktu: <strong>CAMP<\/strong><br \/>&#x2714; Producent: <strong>DOKTORVOLT<\/p>\n<p><\/strong><\/p>\n<h2 style=\"font-size: 20pt; color: #000;\">Dane techniczne obudowy:<\/h2>\n<p style=\"font-size: 16pt; line-height: 1.5; color: #000000; text-align: left;\">&#x2714; Wymiary obudowy: <strong>134 x 26 x 24 cm<\/strong><br \/>&#x2714; Materia\u0142 obudowy: <strong>SMC (poliester + w\u0142\u00f3kno szklane) trudnopalny i samogasn\u0105cy kompozyt<\/strong> <br \/>&#x2714; Kolor obudowy: <strong>grafit RAL7015<\/strong><br \/>&#x2714; Stopnie ochrony: <strong>IP54<\/strong><br \/>&#x2714; Odporno\u015b\u0107 na uderzenia: <strong>IK10<\/strong><br \/>&#x2714; Akcesoria do\u0142\u0105czone w zestawie: <strong>d\u0142awnica 2x PG-29, 1xPG-11, p\u0142yta monta\u017cowa<\/strong><br \/>&#x2714; Napi\u0119cie izolacji: <strong>690 V<\/strong><br \/>&#x2714; Temperatura eksploatacji: <strong>-50 ~ +85C<\/strong><\/p>\n<p><img decoding=\"async\" style=\"width: 60%; height: auto; display: block; margin: 20px auto;\" src=\"https:\/\/preis-zone.pl\/hpeciai\/279b51970743e47f05507eecaf0a78fc\/pol_pl_Marina-Slupek-dystrybucyjny-CV-CAMP-4x230V-2P-E-2xCamp-3P-przylacze-wodne-DV-1451-16887_5.png\" border=\"0\" alt=\"S\u0142upek dystrybucyjny CV-CAMP 4x230V\/2P+E 2xCamp\/3P przy\u0142\u0105cze wodne DV 1451\" \/><\/p>\n<h2 style=\"font-size: 20pt; color: #000;\">Dane elektryczne:<\/h2>\n<p style=\"font-size: 16pt; line-height: 1.5; color: #000000; text-align: left;\">&#x2714; Napi\u0119cie znamionowe: <strong>230\/400 V<\/strong><br \/>&#x2714; Cz\u0119stotliwo\u015b\u0107 znamionowa: <strong>50 Hz<\/strong><br \/>&#x2714; Pr\u0105d znamionowy: <strong>16 A<\/strong><br \/>&#x2714; Pr\u0105d znamionowy zwarciowy umowny: <strong>\u2264 10 kA<\/strong><br \/>&#x2714; RDF: <strong>0,7<\/p>\n<p><\/strong><\/p>\n<h2 style=\"font-size: 20pt; color: #000;\">Elementy tablicowe:<\/h2>\n<p style=\"font-size: 16pt; line-height: 1.5; color: #000000; text-align: left;\">&#x2714; 2 x 1 fazowe (CAMP) sko\u015bne Doktorvolt: 1P + N + PE, 16 A, 230 V IP67<br \/>&#x2714; 4 x 1 fazowe z bolcem BALS: 1P + N + PE, 16 A, 230 V IP68<\/p>\n<h3 style=\"font-size: 18pt; color: #000;\">Aparatura zabezpieczeniowa:<\/h3>\n<p style=\"font-size: 16pt; line-height: 1.5; color: #000000; text-align: left;\">&#x2714; Wy\u0142\u0105cznik r\u00f3\u017cnicowopr\u0105dowy: 40A, 30mA, 4P 10kA<br \/>&#x2714; Wy\u0142\u0105cznik nadpr\u0105dowy: B16A, 10kA 1P<\/p>\n<h3 style=\"font-size: 18pt; color: #000;\">Instalacja pod dystrybucj\u0119 wody:<\/h3>\n<p style=\"font-size: 16pt; line-height: 1.5; color: #000000; text-align: left;\">&#x2714; Kran kulowy 2 krany kulowe mosi\u0119\u017cne1\/2&#8243; GW 3\/4&#8243; z przy\u0142\u0105czem na w\u0105\u017c 1\/2&#8243;<\/p>\n<h3 style=\"font-size: 18pt; color: #000;\">Warunki instalacyjne:<\/h3>\n<p style=\"font-size: 16pt; line-height: 1.5; color: #000000; text-align: left;\">&#x2714; Temperatura otoczenia: <strong>-20\u00b0C ~ +45\u00b0C<\/strong><br \/>&#x2714; Stopie\u0144 ochrony: <strong>IP 54<\/strong><br \/>&#x2714; Odporno\u015b\u0107 na promieniowanie UV: <strong>Tak<\/strong><\/p>\n<p><img decoding=\"async\" style=\"width: 70%; height: auto; display: block; margin: 20px auto;\" src=\"https:\/\/preis-zone.pl\/hpeciai\/e06d2e55487afb108980556981e85857\/pol_pl_Marina-Slupek-dystrybucyjny-CV-CAMP-4x230V-2P-E-2xCamp-3P-przylacze-wodne-DV-1451-16887_6.jpg\" border=\"0\" alt=\"S\u0142upek dystrybucyjny CV-CAMP 4x230V\/2P+E 2xCamp\/3P przy\u0142\u0105cze wodne DV 1451\" \/><\/p>\n<h3 style=\"font-size: 18pt; color: #000;\">Spos\u00f3b instalowania:<\/h3>\n<p style=\"font-size: 16pt; line-height: 1.5; color: #000000; text-align: left;\">&#x2714; Monta\u017c: <strong>Obudowa z fundamentem do osadzenia na pod\u0142o\u017cu sta\u0142ym lub wkopana w ziemi\u0119<\/strong><br \/>&#x2714; Konstrukcja stacjonarna\/ruchoma: <strong>Stacjonarna<\/strong><br \/>&#x2714; Materia\u0142 przewod\u00f3w zewn\u0119trznych: <strong>Mied\u017a<\/strong> <br \/>&#x2714; Przekr\u00f3j \u017cy\u0142y przewodu: <strong>2,5 &#8211; 35 mm2<\/strong><\/p>\n<p><img decoding=\"async\" style=\"width: 70%; height: auto; display: block; margin: 20px auto;\" src=\"https:\/\/preis-zone.pl\/hpeciai\/9297a6b6b1015e8ad774eea8ce17743d\/pol_pl_Marina-Slupek-dystrybucyjny-CV-CAMP-4x230V-2P-E-2xCamp-3P-przylacze-wodne-DV-1451-16887_4.jpg\" border=\"0\" alt=\"S\u0142upek dystrybucyjny CV-CAMP 4x230V\/2P+E 2xCamp\/3P przy\u0142\u0105cze wodne DV 1451\" \/><\/p>\n<h3 style=\"font-size: 18pt; color: #000;\">Oprzewodowanie:<\/h3>\n<p style=\"font-size: 16pt; line-height: 1.5; color: #000000; text-align: left;\">&#x2714; Producent Przewod\u00f3w: <strong>Bitner<\/strong><br \/>&#x2714; Przewody ochronne: <strong>Linka ster. H07V-K 2,5 mm2 \u017c\u00f3\u0142tozielona<\/strong><br \/>&#x2714; Przewody neutralne: <strong>Linka ster. H07V-K 2,5 mm2 niebieska<\/strong><br \/>&#x2714; Przewody zasilaj\u0105ce: <strong>Linka ster. H07V-K 2,5 mm2 czarna<\/strong><\/p>\n<p><img decoding=\"async\" style=\"width: 70%; height: auto; display: block; margin: 20px auto;\" src=\"https:\/\/preis-zone.com\/data\/include\/cms\/description\/img\/cms\/Zdje%CC%A8cia%20produkto%CC%81w%202024\/DV-1451-F\/2.png?v=1761739182816\" border=\"0\" alt=\"S\u0142upek dystrybucyjny CV-CAMP 4x230V\/2P E 2xCamp\/3P przy\u0142\u0105cze wodne DV 1451\" width=\"1000\" height=\"1000\" \/><\/p>\n<h3 style=\"font-size: 18pt; color: #000;\">Normy i Certyfikaty<\/h3>\n<p style=\"font-size: 16pt; line-height: 1.5; color: #000000; text-align: left;\">&#x2714; Rozdzielnica: <strong>Certyfikaty i normy producenta T\u00dcV S\u00dcD, ISO 9001:2015, CE, IEC 61439<\/strong><br \/>&#x2714; Obudowa: <strong>Certyfikaty i normy producenta PN-EN 61439-1:2011, PN-EN 61439-5:2015-02 PN-EN 60529:2003, PN-EN 62208:2003<\/strong><br \/>&#x2714; Przewody: <strong>Certyfikaty i normy producenta CPR, RoHS, CE<\/strong><br \/>&#x2714; Zabezpieczenia: <strong>Certyfikaty i normy producenta CE, VDE<\/strong><\/p>\n<p><img decoding=\"async\" style=\"width: 50%; height: auto; display: block; margin: 20px auto;\" src=\"https:\/\/preis-zone.com\/data\/include\/cms\/description\/img\/cms\/Zdje%CC%A8cia%20produkto%CC%81w%202024\/DV-1451-F\/TUV.png?v=1761739182814\" border=\"0\" alt=\"S\u0142upek dystrybucyjny CV-CAMP 4x230V\/2P+E 2xCamp\/3P przy\u0142\u0105cze wodne DV 1451\" \/><\/p>\n<h3 style=\"font-size: 18pt; color: #000;\">Zaufany Producent:<\/h3>\n<p style=\"font-size: 16pt; line-height: 1.5; color: #000;\">Doktorvolt\u00ae jest firm\u0105, powsta\u0142\u0105 w 2013 roku. Pr\u0119\u017cnie rozwijaj\u0105ca si\u0119 firma podbi\u0142a rynek Polski i zagraniczny. Siedziba znajduje si\u0119 w Malichowie w wojew\u00f3dztwie Opolskim, gdzie mie\u015bci sie nowoczesna hala produkcyjna oraz magazyny. Firma specjalizuje si\u0119 w produkcji rodzielnic budowlanych, firm\u0119 wyr\u00f3\u017cnia jako\u015b\u0107 i solidno\u015b\u0107 pracy. Ka\u017cda rozdzielnia sk\u0142ada si\u0119 z wysokiej jako\u015bci komponent\u00f3w. Produkty firmy Doktorvolt\u00ae spe\u0142niaj\u0105 europejskie standardy i normy bezpiecze\u0144stwa<\/p>\n<p><img decoding=\"async\" src=\"https:\/\/preis-zone.com\/data\/include\/cms\/1-zdjecia-produktow\/doktorvolt-logo\/logo_jpg.jpg\" border=\"0\" alt=\"\" width=\"566\" height=\"155\" \/><\/div>\n","protected":false},"excerpt":{"rendered":"<p>S\u0142upek dystrybucyjny z przy\u0142\u0105czem wodnym, przeznaczony jest do dystrybucji energii elektrycznej oraz wody.<\/p>\n","protected":false},"featured_media":105375,"template":"","meta":[],"product_brand":[],"product_cat":[5072],"product_tag":[],"class_list":{"0":"post-110698","1":"product","2":"type-product","3":"status-publish","4":"has-post-thumbnail","6":"product_cat-camping-power-posts","7":"pa_cee-liczba-biegunow-modulow-3p","8":"pa_dodatkowe-wyposazenie-water-tap","9":"pa_material-obudowy-smc","10":"pa_napiecie-cee-230v","11":"pa_natezenie-pradu-cee-16a","12":"pa_typ-gniazd-typ-f-schuko","13":"pa_zabezpieczenie-wylacznik-nadpradowy-wylacznik-roznicowopradowy","15":"first","16":"instock","17":"shipping-taxable","18":"product-type-external"},"yoast_head":"<!-- This site is optimized with the Yoast SEO plugin v27.0 - https:\/\/yoast.com\/product\/yoast-seo-wordpress\/ -->\n<title>Marina S\u0142upek dystrybucyjny CV-CAMP 4x230V\/2P E 2xCamp\/3P przy\u0142\u0105cze wodne DV-1451-F - DOKTORVOLT\u00ae<\/title>\n<meta name=\"robots\" content=\"index, follow, max-snippet:-1, max-image-preview:large, max-video-preview:-1\" \/>\n<link rel=\"canonical\" href=\"https:\/\/doktorvolt.pl\/en\/oferta-doktorvolt\/camping\/camping-power-posts\/marina-slupek-dystrybucyjny-cv-camp-4x230v-2p-e-2xcamp-3p-przylacze-wodne-dv-1451-f\/\" \/>\n<meta property=\"og:locale\" content=\"en_US\" \/>\n<meta property=\"og:type\" content=\"article\" \/>\n<meta property=\"og:title\" content=\"Marina S\u0142upek dystrybucyjny CV-CAMP 4x230V\/2P E 2xCamp\/3P przy\u0142\u0105cze wodne DV-1451-F - DOKTORVOLT\u00ae\" \/>\n<meta property=\"og:description\" content=\"S\u0142upek dystrybucyjny z przy\u0142\u0105czem wodnym, przeznaczony jest do dystrybucji energii elektrycznej oraz wody.\" \/>\n<meta property=\"og:url\" content=\"https:\/\/doktorvolt.pl\/en\/oferta-doktorvolt\/camping\/camping-power-posts\/marina-slupek-dystrybucyjny-cv-camp-4x230v-2p-e-2xcamp-3p-przylacze-wodne-dv-1451-f\/\" \/>\n<meta property=\"og:site_name\" content=\"DOKTORVOLT\u00ae\" \/>\n<meta property=\"og:image\" content=\"https:\/\/doktorvolt.pl\/wp-content\/uploads\/2026\/02\/pol_pl_Marina-Slupek-dystrybucyjny-CV-CAMP-4x230V-2P-E-2xCamp-3P-przylacze-wodne-DV-1451-F-16887_2.png\" \/>\n\t<meta property=\"og:image:width\" content=\"1000\" \/>\n\t<meta property=\"og:image:height\" content=\"1000\" \/>\n\t<meta property=\"og:image:type\" content=\"image\/png\" \/>\n<meta name=\"twitter:card\" content=\"summary_large_image\" \/>\n<meta name=\"twitter:label1\" content=\"Est. reading time\" \/>\n\t<meta name=\"twitter:data1\" content=\"3 minutes\" \/>\n<script type=\"application\/ld+json\" class=\"yoast-schema-graph\">{\"@context\":\"https:\/\/schema.org\",\"@graph\":[{\"@type\":\"WebPage\",\"@id\":\"https:\/\/doktorvolt.pl\/en\/oferta-doktorvolt\/camping\/camping-power-posts\/marina-slupek-dystrybucyjny-cv-camp-4x230v-2p-e-2xcamp-3p-przylacze-wodne-dv-1451-f\/\",\"url\":\"https:\/\/doktorvolt.pl\/en\/oferta-doktorvolt\/camping\/camping-power-posts\/marina-slupek-dystrybucyjny-cv-camp-4x230v-2p-e-2xcamp-3p-przylacze-wodne-dv-1451-f\/\",\"name\":\"Marina S\u0142upek dystrybucyjny CV-CAMP 4x230V\/2P E 2xCamp\/3P przy\u0142\u0105cze wodne DV-1451-F - DOKTORVOLT\u00ae\",\"isPartOf\":{\"@id\":\"https:\/\/doktorvolt.pl\/de\/#website\"},\"primaryImageOfPage\":{\"@id\":\"https:\/\/doktorvolt.pl\/en\/oferta-doktorvolt\/camping\/camping-power-posts\/marina-slupek-dystrybucyjny-cv-camp-4x230v-2p-e-2xcamp-3p-przylacze-wodne-dv-1451-f\/#primaryimage\"},\"image\":{\"@id\":\"https:\/\/doktorvolt.pl\/en\/oferta-doktorvolt\/camping\/camping-power-posts\/marina-slupek-dystrybucyjny-cv-camp-4x230v-2p-e-2xcamp-3p-przylacze-wodne-dv-1451-f\/#primaryimage\"},\"thumbnailUrl\":\"https:\/\/doktorvolt.pl\/wp-content\/uploads\/2026\/02\/pol_pl_Marina-Slupek-dystrybucyjny-CV-CAMP-4x230V-2P-E-2xCamp-3P-przylacze-wodne-DV-1451-F-16887_2.png\",\"datePublished\":\"2026-02-23T14:00:43+00:00\",\"breadcrumb\":{\"@id\":\"https:\/\/doktorvolt.pl\/en\/oferta-doktorvolt\/camping\/camping-power-posts\/marina-slupek-dystrybucyjny-cv-camp-4x230v-2p-e-2xcamp-3p-przylacze-wodne-dv-1451-f\/#breadcrumb\"},\"inLanguage\":\"en-US\",\"potentialAction\":[{\"@type\":\"ReadAction\",\"target\":[\"https:\/\/doktorvolt.pl\/en\/oferta-doktorvolt\/camping\/camping-power-posts\/marina-slupek-dystrybucyjny-cv-camp-4x230v-2p-e-2xcamp-3p-przylacze-wodne-dv-1451-f\/\"]}]},{\"@type\":\"ImageObject\",\"inLanguage\":\"en-US\",\"@id\":\"https:\/\/doktorvolt.pl\/en\/oferta-doktorvolt\/camping\/camping-power-posts\/marina-slupek-dystrybucyjny-cv-camp-4x230v-2p-e-2xcamp-3p-przylacze-wodne-dv-1451-f\/#primaryimage\",\"url\":\"https:\/\/doktorvolt.pl\/wp-content\/uploads\/2026\/02\/pol_pl_Marina-Slupek-dystrybucyjny-CV-CAMP-4x230V-2P-E-2xCamp-3P-przylacze-wodne-DV-1451-F-16887_2.png\",\"contentUrl\":\"https:\/\/doktorvolt.pl\/wp-content\/uploads\/2026\/02\/pol_pl_Marina-Slupek-dystrybucyjny-CV-CAMP-4x230V-2P-E-2xCamp-3P-przylacze-wodne-DV-1451-F-16887_2.png\",\"width\":1000,\"height\":1000},{\"@type\":\"BreadcrumbList\",\"@id\":\"https:\/\/doktorvolt.pl\/en\/oferta-doktorvolt\/camping\/camping-power-posts\/marina-slupek-dystrybucyjny-cv-camp-4x230v-2p-e-2xcamp-3p-przylacze-wodne-dv-1451-f\/#breadcrumb\",\"itemListElement\":[{\"@type\":\"ListItem\",\"position\":1,\"name\":\"Strona g\u0142\u00f3wna\",\"item\":\"https:\/\/doktorvolt.pl\/en\/\"},{\"@type\":\"ListItem\",\"position\":2,\"name\":\"Offer Doktorvolt\",\"item\":\"https:\/\/doktorvolt.pl\/en\/offer-doktorvolt\/\"},{\"@type\":\"ListItem\",\"position\":3,\"name\":\"Marina S\u0142upek dystrybucyjny CV-CAMP 4x230V\/2P E 2xCamp\/3P przy\u0142\u0105cze wodne DV-1451-F\"}]},{\"@type\":\"WebSite\",\"@id\":\"https:\/\/doktorvolt.pl\/de\/#website\",\"url\":\"https:\/\/doktorvolt.pl\/de\/\",\"name\":\"DOKTORVOLT\u00ae\",\"description\":\"Producent rozdzielnic budowlanych\",\"publisher\":{\"@id\":\"https:\/\/doktorvolt.pl\/de\/#organization\"},\"potentialAction\":[{\"@type\":\"SearchAction\",\"target\":{\"@type\":\"EntryPoint\",\"urlTemplate\":\"https:\/\/doktorvolt.pl\/de\/?s={search_term_string}\"},\"query-input\":{\"@type\":\"PropertyValueSpecification\",\"valueRequired\":true,\"valueName\":\"search_term_string\"}}],\"inLanguage\":\"en-US\"},{\"@type\":\"Organization\",\"@id\":\"https:\/\/doktorvolt.pl\/de\/#organization\",\"name\":\"DOKTORVOLT\u00ae\",\"url\":\"https:\/\/doktorvolt.pl\/de\/\",\"logo\":{\"@type\":\"ImageObject\",\"inLanguage\":\"en-US\",\"@id\":\"https:\/\/doktorvolt.pl\/de\/#\/schema\/logo\/image\/\",\"url\":\"https:\/\/doktorvolt.pl\/wp-content\/uploads\/2023\/10\/DoktorVOLT-black-png.png\",\"contentUrl\":\"https:\/\/doktorvolt.pl\/wp-content\/uploads\/2023\/10\/DoktorVOLT-black-png.png\",\"width\":729,\"height\":40,\"caption\":\"DOKTORVOLT\u00ae\"},\"image\":{\"@id\":\"https:\/\/doktorvolt.pl\/de\/#\/schema\/logo\/image\/\"}}]}<\/script>\n<!-- \/ Yoast SEO plugin. -->","yoast_head_json":{"title":"Marina S\u0142upek dystrybucyjny CV-CAMP 4x230V\/2P E 2xCamp\/3P przy\u0142\u0105cze wodne DV-1451-F - DOKTORVOLT\u00ae","robots":{"index":"index","follow":"follow","max-snippet":"max-snippet:-1","max-image-preview":"max-image-preview:large","max-video-preview":"max-video-preview:-1"},"canonical":"https:\/\/doktorvolt.pl\/en\/oferta-doktorvolt\/camping\/camping-power-posts\/marina-slupek-dystrybucyjny-cv-camp-4x230v-2p-e-2xcamp-3p-przylacze-wodne-dv-1451-f\/","og_locale":"en_US","og_type":"article","og_title":"Marina S\u0142upek dystrybucyjny CV-CAMP 4x230V\/2P E 2xCamp\/3P przy\u0142\u0105cze wodne DV-1451-F - DOKTORVOLT\u00ae","og_description":"S\u0142upek dystrybucyjny z przy\u0142\u0105czem wodnym, przeznaczony jest do dystrybucji energii elektrycznej oraz wody.","og_url":"https:\/\/doktorvolt.pl\/en\/oferta-doktorvolt\/camping\/camping-power-posts\/marina-slupek-dystrybucyjny-cv-camp-4x230v-2p-e-2xcamp-3p-przylacze-wodne-dv-1451-f\/","og_site_name":"DOKTORVOLT\u00ae","og_image":[{"width":1000,"height":1000,"url":"https:\/\/doktorvolt.pl\/wp-content\/uploads\/2026\/02\/pol_pl_Marina-Slupek-dystrybucyjny-CV-CAMP-4x230V-2P-E-2xCamp-3P-przylacze-wodne-DV-1451-F-16887_2.png","type":"image\/png"}],"twitter_card":"summary_large_image","twitter_misc":{"Est. reading time":"3 minutes"},"schema":{"@context":"https:\/\/schema.org","@graph":[{"@type":"WebPage","@id":"https:\/\/doktorvolt.pl\/en\/oferta-doktorvolt\/camping\/camping-power-posts\/marina-slupek-dystrybucyjny-cv-camp-4x230v-2p-e-2xcamp-3p-przylacze-wodne-dv-1451-f\/","url":"https:\/\/doktorvolt.pl\/en\/oferta-doktorvolt\/camping\/camping-power-posts\/marina-slupek-dystrybucyjny-cv-camp-4x230v-2p-e-2xcamp-3p-przylacze-wodne-dv-1451-f\/","name":"Marina S\u0142upek dystrybucyjny CV-CAMP 4x230V\/2P E 2xCamp\/3P przy\u0142\u0105cze wodne DV-1451-F - DOKTORVOLT\u00ae","isPartOf":{"@id":"https:\/\/doktorvolt.pl\/de\/#website"},"primaryImageOfPage":{"@id":"https:\/\/doktorvolt.pl\/en\/oferta-doktorvolt\/camping\/camping-power-posts\/marina-slupek-dystrybucyjny-cv-camp-4x230v-2p-e-2xcamp-3p-przylacze-wodne-dv-1451-f\/#primaryimage"},"image":{"@id":"https:\/\/doktorvolt.pl\/en\/oferta-doktorvolt\/camping\/camping-power-posts\/marina-slupek-dystrybucyjny-cv-camp-4x230v-2p-e-2xcamp-3p-przylacze-wodne-dv-1451-f\/#primaryimage"},"thumbnailUrl":"https:\/\/doktorvolt.pl\/wp-content\/uploads\/2026\/02\/pol_pl_Marina-Slupek-dystrybucyjny-CV-CAMP-4x230V-2P-E-2xCamp-3P-przylacze-wodne-DV-1451-F-16887_2.png","datePublished":"2026-02-23T14:00:43+00:00","breadcrumb":{"@id":"https:\/\/doktorvolt.pl\/en\/oferta-doktorvolt\/camping\/camping-power-posts\/marina-slupek-dystrybucyjny-cv-camp-4x230v-2p-e-2xcamp-3p-przylacze-wodne-dv-1451-f\/#breadcrumb"},"inLanguage":"en-US","potentialAction":[{"@type":"ReadAction","target":["https:\/\/doktorvolt.pl\/en\/oferta-doktorvolt\/camping\/camping-power-posts\/marina-slupek-dystrybucyjny-cv-camp-4x230v-2p-e-2xcamp-3p-przylacze-wodne-dv-1451-f\/"]}]},{"@type":"ImageObject","inLanguage":"en-US","@id":"https:\/\/doktorvolt.pl\/en\/oferta-doktorvolt\/camping\/camping-power-posts\/marina-slupek-dystrybucyjny-cv-camp-4x230v-2p-e-2xcamp-3p-przylacze-wodne-dv-1451-f\/#primaryimage","url":"https:\/\/doktorvolt.pl\/wp-content\/uploads\/2026\/02\/pol_pl_Marina-Slupek-dystrybucyjny-CV-CAMP-4x230V-2P-E-2xCamp-3P-przylacze-wodne-DV-1451-F-16887_2.png","contentUrl":"https:\/\/doktorvolt.pl\/wp-content\/uploads\/2026\/02\/pol_pl_Marina-Slupek-dystrybucyjny-CV-CAMP-4x230V-2P-E-2xCamp-3P-przylacze-wodne-DV-1451-F-16887_2.png","width":1000,"height":1000},{"@type":"BreadcrumbList","@id":"https:\/\/doktorvolt.pl\/en\/oferta-doktorvolt\/camping\/camping-power-posts\/marina-slupek-dystrybucyjny-cv-camp-4x230v-2p-e-2xcamp-3p-przylacze-wodne-dv-1451-f\/#breadcrumb","itemListElement":[{"@type":"ListItem","position":1,"name":"Strona g\u0142\u00f3wna","item":"https:\/\/doktorvolt.pl\/en\/"},{"@type":"ListItem","position":2,"name":"Offer Doktorvolt","item":"https:\/\/doktorvolt.pl\/en\/offer-doktorvolt\/"},{"@type":"ListItem","position":3,"name":"Marina S\u0142upek dystrybucyjny CV-CAMP 4x230V\/2P E 2xCamp\/3P przy\u0142\u0105cze wodne DV-1451-F"}]},{"@type":"WebSite","@id":"https:\/\/doktorvolt.pl\/de\/#website","url":"https:\/\/doktorvolt.pl\/de\/","name":"DOKTORVOLT\u00ae","description":"Producent rozdzielnic budowlanych","publisher":{"@id":"https:\/\/doktorvolt.pl\/de\/#organization"},"potentialAction":[{"@type":"SearchAction","target":{"@type":"EntryPoint","urlTemplate":"https:\/\/doktorvolt.pl\/de\/?s={search_term_string}"},"query-input":{"@type":"PropertyValueSpecification","valueRequired":true,"valueName":"search_term_string"}}],"inLanguage":"en-US"},{"@type":"Organization","@id":"https:\/\/doktorvolt.pl\/de\/#organization","name":"DOKTORVOLT\u00ae","url":"https:\/\/doktorvolt.pl\/de\/","logo":{"@type":"ImageObject","inLanguage":"en-US","@id":"https:\/\/doktorvolt.pl\/de\/#\/schema\/logo\/image\/","url":"https:\/\/doktorvolt.pl\/wp-content\/uploads\/2023\/10\/DoktorVOLT-black-png.png","contentUrl":"https:\/\/doktorvolt.pl\/wp-content\/uploads\/2023\/10\/DoktorVOLT-black-png.png","width":729,"height":40,"caption":"DOKTORVOLT\u00ae"},"image":{"@id":"https:\/\/doktorvolt.pl\/de\/#\/schema\/logo\/image\/"}}]}},"_links":{"self":[{"href":"https:\/\/doktorvolt.pl\/en\/wp-json\/wp\/v2\/product\/110698","targetHints":{"allow":["GET"]}}],"collection":[{"href":"https:\/\/doktorvolt.pl\/en\/wp-json\/wp\/v2\/product"}],"about":[{"href":"https:\/\/doktorvolt.pl\/en\/wp-json\/wp\/v2\/types\/product"}],"wp:featuredmedia":[{"embeddable":true,"href":"https:\/\/doktorvolt.pl\/en\/wp-json\/wp\/v2\/media\/105375"}],"wp:attachment":[{"href":"https:\/\/doktorvolt.pl\/en\/wp-json\/wp\/v2\/media?parent=110698"}],"wp:term":[{"taxonomy":"product_brand","embeddable":true,"href":"https:\/\/doktorvolt.pl\/en\/wp-json\/wp\/v2\/product_brand?post=110698"},{"taxonomy":"product_cat","embeddable":true,"href":"https:\/\/doktorvolt.pl\/en\/wp-json\/wp\/v2\/product_cat?post=110698"},{"taxonomy":"product_tag","embeddable":true,"href":"https:\/\/doktorvolt.pl\/en\/wp-json\/wp\/v2\/product_tag?post=110698"}],"curies":[{"name":"wp","href":"https:\/\/api.w.org\/{rel}","templated":true}]}}