{"id":110699,"date":"2026-02-23T16:00:27","date_gmt":"2026-02-23T14:00:27","guid":{"rendered":"https:\/\/doktorvolt.pl\/sklep\/uncategorized\/przekaznik-napieciowy-1-modulowy-hrn-33-doktorvolt-ip40-na-szyne-din-5636\/"},"modified":"2026-02-23T16:00:27","modified_gmt":"2026-02-23T14:00:27","slug":"przekaznik-napieciowy-1-modulowy-hrn-33-doktorvolt-ip40-na-szyne-din-5636","status":"publish","type":"product","link":"https:\/\/doktorvolt.pl\/en\/oferta-doktorvolt\/modular-apparatus\/modular-accessories\/przekaznik-napieciowy-1-modulowy-hrn-33-doktorvolt-ip40-na-szyne-din-5636\/","title":{"rendered":"Przeka\u017anik napi\u0119ciowy 1 modu\u0142owy HRN-33 Doktorvolt IP40 na szyn\u0119 DIN 5636"},"content":{"rendered":"<h1 style=\"text-align: center;\"><span style=\"color: #000000; font-size: 13pt;\">Przeka\u017anik napi\u0119ciowy HRN-33 Doktorvolt<\/span><\/h1>\n<p style=\"font-size: 13pt; text-align: justify;\"><span style=\"color: #000000;\">Przeka\u017anik napi\u0119cia s\u0142u\u017cy <strong>do kontroli napi\u0119cia sieci<\/strong>, chroni tym samym odbiorniki przed skutkami wzrost\u00f3w lub spadk\u00f3w napi\u0119cia poza warto\u015bci okre\u015blone.<\/span><\/p>\n<p style=\"font-size: 13pt; text-align: justify;\"><span style=\"color: #000000;\"><strong>Dzia\u0142anie:<\/strong> po ustaleniu dolnego i g\u00f3rnego progu napi\u0119cia powstaje okno napi\u0119ciowe. Zmiany napi\u0119cia kt\u00f3re nie wywo\u0142uj\u0105 pracy przeka\u017anika zawarte s\u0105 w tzw. oknie napi\u0119ciowym. Spadki lub wzrosty napi\u0119cia poza okre\u015blone warto\u015bci skutkuj\u0105 uruchomieniem przeka\u017anika. Warto\u015bci poza normami informowane s\u0105 poprzez diody.<\/span><\/p>\n<p style=\"font-size: 13pt; text-align: justify;\"><span style=\"color: #000000;\">Przeka\u017anik HRN-33 Doktorvolt zapewnia <strong>niezawodn\u0105 ochron\u0119<\/strong> dla r\u00f3\u017cnorodnych urz\u0105dze\u0144 elektrycznych. Jest <strong>idealny do zastosowa\u0144 w domach, biurach i przemy\u015ble,<\/strong> gdzie stabilno\u015b\u0107 napi\u0119cia jest kluczowa dla bezpiecznego dzia\u0142ania sprz\u0119tu.<\/span><\/p>\n<p style=\"font-size: 13pt; text-align: justify;\"><span style=\"color: #000000;\">Dzi\u0119ki \u0142atwemu monta\u017cowi na szynie DIN oraz kompaktowej konstrukcji, przeka\u017anik ten jest <strong>\u0142atwy do zainstalowania<\/strong> w r\u00f3\u017cnych typach rozdzielnic. Intuicyjny interfejs u\u017cytkownika pozwala na szybkie ustawienie i dostosowanie parametr\u00f3w.<\/span><\/p>\n<p style=\"font-size: 13pt; text-align: justify;\"><span style=\"color: #000000;\">Przeka\u017anik HRN-33 oferuje <strong>wysok\u0105 precyzj\u0119 i dok\u0142adno\u015b\u0107<\/strong> w monitorowaniu napi\u0119cia, dzi\u0119ki czemu jest idealnym rozwi\u0105zaniem do zabezpieczania wra\u017cliwych urz\u0105dze\u0144 elektrycznych. Diody LED informuj\u0105ce o stanie pracy zapewniaj\u0105 <strong>szybk\u0105 identyfikacj\u0119<\/strong> aktualnych warunk\u00f3w sieci.<\/span><\/p>\n<p style=\"font-size: 13pt; text-align: justify;\"><span style=\"color: #000000;\">Produkt ten jest <strong>certyfikowany zgodnie z mi\u0119dzynarodowymi normami<\/strong>, co gwarantuje jego <strong>niezawodno\u015b\u0107 i bezpiecze\u0144stwo.<\/strong> Przeka\u017anik HRN-33 Doktorvolt to doskona\u0142y wyb\u00f3r dla ka\u017cdego, kto potrzebuje skutecznej ochrony swoich urz\u0105dze\u0144 przed niepo\u017c\u0105danymi zmianami napi\u0119cia.<\/span><\/p>\n<p style=\"font-size: 13pt;\"><span style=\"color: #000000;\"><img decoding=\"async\" src=\"\/data\/include\/cms\/description\/img\/p\/3\/6\/9\/3\/2\/36932.jpg\" alt=\"\" width=\"500\" height=\"500\" style=\"float: right;\" \/><\/span><\/p>\n<p style=\"font-size: 13pt; text-align: justify;\"><strong><span style=\"color: #000000;\">Specyfikacja techniczna:<\/span><\/strong><\/p>\n<ul>\n<li style=\"font-size: 13pt; text-align: left;\"><span style=\"color: #000000;\">napi\u0119cia zasilania i nadzor &#8211; <strong>AC 48-276 V<\/strong><\/span><\/li>\n<li style=\"font-size: 13pt; text-align: left;\"><span style=\"color: #000000;\">g\u00f3rny pr\u00f3g (Umaks) &#8211; <strong>AC 160-276<\/strong><\/span><\/li>\n<li style=\"font-size: 13pt; text-align: left;\"><span style=\"color: #000000;\">ilo\u015b\u0107 styk\u00f3w &#8211; <strong>1x prze\u0142\u0105czny<\/strong><\/span><\/li>\n<li style=\"font-size: 13pt; text-align: left;\"><span style=\"color: #000000;\">wykonanie &#8211; <strong>1-modu\u0142owe<\/strong><\/span><\/li>\n<li style=\"font-size: 13pt; text-align: left;\"><span style=\"color: #000000;\">monta\u017c &#8211; <strong>szyna DIN<\/strong><\/span><\/li>\n<li style=\"font-size: 13pt; text-align: left;\"><span style=\"color: #000000;\">stopie\u0144 ochrony obudowy &#8211; <strong>IP40<\/strong><\/span><\/li>\n<\/ul>\n","protected":false},"excerpt":{"rendered":"<p>Przeka\u017anik napi\u0119cia s\u0142u\u017cy do kontroli napi\u0119cia sieci, chroni tym samym odbiorniki przed skutkami wzrost\u00f3w lub spadk\u00f3w napi\u0119cia poza warto\u015bci okre\u015blone.<\/p>\n","protected":false},"featured_media":105358,"template":"","meta":[],"product_brand":[],"product_cat":[5083],"product_tag":[],"class_list":{"0":"post-110699","1":"product","2":"type-product","3":"status-publish","4":"has-post-thumbnail","6":"product_cat-modular-accessories","8":"first","9":"instock","10":"shipping-taxable","11":"product-type-external"},"yoast_head":"<!-- This site is optimized with the Yoast SEO plugin v27.0 - https:\/\/yoast.com\/product\/yoast-seo-wordpress\/ -->\n<title>Przeka\u017anik napi\u0119ciowy 1 modu\u0142owy HRN-33 Doktorvolt IP40 na szyn\u0119 DIN 5636 - DOKTORVOLT\u00ae<\/title>\n<meta name=\"robots\" content=\"index, follow, max-snippet:-1, max-image-preview:large, max-video-preview:-1\" \/>\n<link rel=\"canonical\" href=\"https:\/\/doktorvolt.pl\/en\/oferta-doktorvolt\/modular-apparatus\/modular-accessories\/przekaznik-napieciowy-1-modulowy-hrn-33-doktorvolt-ip40-na-szyne-din-5636\/\" \/>\n<meta property=\"og:locale\" content=\"en_US\" \/>\n<meta property=\"og:type\" content=\"article\" \/>\n<meta property=\"og:title\" content=\"Przeka\u017anik napi\u0119ciowy 1 modu\u0142owy HRN-33 Doktorvolt IP40 na szyn\u0119 DIN 5636 - DOKTORVOLT\u00ae\" \/>\n<meta property=\"og:description\" content=\"Przeka\u017anik napi\u0119cia s\u0142u\u017cy do kontroli napi\u0119cia sieci, chroni tym samym odbiorniki przed skutkami wzrost\u00f3w lub spadk\u00f3w napi\u0119cia poza warto\u015bci okre\u015blone.\" \/>\n<meta property=\"og:url\" content=\"https:\/\/doktorvolt.pl\/en\/oferta-doktorvolt\/modular-apparatus\/modular-accessories\/przekaznik-napieciowy-1-modulowy-hrn-33-doktorvolt-ip40-na-szyne-din-5636\/\" \/>\n<meta property=\"og:site_name\" content=\"DOKTORVOLT\u00ae\" \/>\n<meta property=\"og:image\" content=\"https:\/\/doktorvolt.pl\/wp-content\/uploads\/2026\/02\/pol_pl_17744-17744_1.png\" \/>\n\t<meta property=\"og:image:width\" content=\"1000\" \/>\n\t<meta property=\"og:image:height\" content=\"1000\" \/>\n\t<meta property=\"og:image:type\" content=\"image\/png\" \/>\n<meta name=\"twitter:card\" content=\"summary_large_image\" \/>\n<meta name=\"twitter:label1\" content=\"Est. reading time\" \/>\n\t<meta name=\"twitter:data1\" content=\"1 minute\" \/>\n<script type=\"application\/ld+json\" class=\"yoast-schema-graph\">{\"@context\":\"https:\/\/schema.org\",\"@graph\":[{\"@type\":\"WebPage\",\"@id\":\"https:\/\/doktorvolt.pl\/en\/oferta-doktorvolt\/modular-apparatus\/modular-accessories\/przekaznik-napieciowy-1-modulowy-hrn-33-doktorvolt-ip40-na-szyne-din-5636\/\",\"url\":\"https:\/\/doktorvolt.pl\/en\/oferta-doktorvolt\/modular-apparatus\/modular-accessories\/przekaznik-napieciowy-1-modulowy-hrn-33-doktorvolt-ip40-na-szyne-din-5636\/\",\"name\":\"Przeka\u017anik napi\u0119ciowy 1 modu\u0142owy HRN-33 Doktorvolt IP40 na szyn\u0119 DIN 5636 - DOKTORVOLT\u00ae\",\"isPartOf\":{\"@id\":\"https:\/\/doktorvolt.pl\/de\/#website\"},\"primaryImageOfPage\":{\"@id\":\"https:\/\/doktorvolt.pl\/en\/oferta-doktorvolt\/modular-apparatus\/modular-accessories\/przekaznik-napieciowy-1-modulowy-hrn-33-doktorvolt-ip40-na-szyne-din-5636\/#primaryimage\"},\"image\":{\"@id\":\"https:\/\/doktorvolt.pl\/en\/oferta-doktorvolt\/modular-apparatus\/modular-accessories\/przekaznik-napieciowy-1-modulowy-hrn-33-doktorvolt-ip40-na-szyne-din-5636\/#primaryimage\"},\"thumbnailUrl\":\"https:\/\/doktorvolt.pl\/wp-content\/uploads\/2026\/02\/pol_pl_17744-17744_1.png\",\"datePublished\":\"2026-02-23T14:00:27+00:00\",\"breadcrumb\":{\"@id\":\"https:\/\/doktorvolt.pl\/en\/oferta-doktorvolt\/modular-apparatus\/modular-accessories\/przekaznik-napieciowy-1-modulowy-hrn-33-doktorvolt-ip40-na-szyne-din-5636\/#breadcrumb\"},\"inLanguage\":\"en-US\",\"potentialAction\":[{\"@type\":\"ReadAction\",\"target\":[\"https:\/\/doktorvolt.pl\/en\/oferta-doktorvolt\/modular-apparatus\/modular-accessories\/przekaznik-napieciowy-1-modulowy-hrn-33-doktorvolt-ip40-na-szyne-din-5636\/\"]}]},{\"@type\":\"ImageObject\",\"inLanguage\":\"en-US\",\"@id\":\"https:\/\/doktorvolt.pl\/en\/oferta-doktorvolt\/modular-apparatus\/modular-accessories\/przekaznik-napieciowy-1-modulowy-hrn-33-doktorvolt-ip40-na-szyne-din-5636\/#primaryimage\",\"url\":\"https:\/\/doktorvolt.pl\/wp-content\/uploads\/2026\/02\/pol_pl_17744-17744_1.png\",\"contentUrl\":\"https:\/\/doktorvolt.pl\/wp-content\/uploads\/2026\/02\/pol_pl_17744-17744_1.png\",\"width\":1000,\"height\":1000},{\"@type\":\"BreadcrumbList\",\"@id\":\"https:\/\/doktorvolt.pl\/en\/oferta-doktorvolt\/modular-apparatus\/modular-accessories\/przekaznik-napieciowy-1-modulowy-hrn-33-doktorvolt-ip40-na-szyne-din-5636\/#breadcrumb\",\"itemListElement\":[{\"@type\":\"ListItem\",\"position\":1,\"name\":\"Strona g\u0142\u00f3wna\",\"item\":\"https:\/\/doktorvolt.pl\/en\/\"},{\"@type\":\"ListItem\",\"position\":2,\"name\":\"Offer Doktorvolt\",\"item\":\"https:\/\/doktorvolt.pl\/en\/offer-doktorvolt\/\"},{\"@type\":\"ListItem\",\"position\":3,\"name\":\"Przeka\u017anik napi\u0119ciowy 1 modu\u0142owy HRN-33 Doktorvolt IP40 na szyn\u0119 DIN 5636\"}]},{\"@type\":\"WebSite\",\"@id\":\"https:\/\/doktorvolt.pl\/de\/#website\",\"url\":\"https:\/\/doktorvolt.pl\/de\/\",\"name\":\"DOKTORVOLT\u00ae\",\"description\":\"Producent rozdzielnic budowlanych\",\"publisher\":{\"@id\":\"https:\/\/doktorvolt.pl\/de\/#organization\"},\"potentialAction\":[{\"@type\":\"SearchAction\",\"target\":{\"@type\":\"EntryPoint\",\"urlTemplate\":\"https:\/\/doktorvolt.pl\/de\/?s={search_term_string}\"},\"query-input\":{\"@type\":\"PropertyValueSpecification\",\"valueRequired\":true,\"valueName\":\"search_term_string\"}}],\"inLanguage\":\"en-US\"},{\"@type\":\"Organization\",\"@id\":\"https:\/\/doktorvolt.pl\/de\/#organization\",\"name\":\"DOKTORVOLT\u00ae\",\"url\":\"https:\/\/doktorvolt.pl\/de\/\",\"logo\":{\"@type\":\"ImageObject\",\"inLanguage\":\"en-US\",\"@id\":\"https:\/\/doktorvolt.pl\/de\/#\/schema\/logo\/image\/\",\"url\":\"https:\/\/doktorvolt.pl\/wp-content\/uploads\/2023\/10\/DoktorVOLT-black-png.png\",\"contentUrl\":\"https:\/\/doktorvolt.pl\/wp-content\/uploads\/2023\/10\/DoktorVOLT-black-png.png\",\"width\":729,\"height\":40,\"caption\":\"DOKTORVOLT\u00ae\"},\"image\":{\"@id\":\"https:\/\/doktorvolt.pl\/de\/#\/schema\/logo\/image\/\"}}]}<\/script>\n<!-- \/ Yoast SEO plugin. -->","yoast_head_json":{"title":"Przeka\u017anik napi\u0119ciowy 1 modu\u0142owy HRN-33 Doktorvolt IP40 na szyn\u0119 DIN 5636 - DOKTORVOLT\u00ae","robots":{"index":"index","follow":"follow","max-snippet":"max-snippet:-1","max-image-preview":"max-image-preview:large","max-video-preview":"max-video-preview:-1"},"canonical":"https:\/\/doktorvolt.pl\/en\/oferta-doktorvolt\/modular-apparatus\/modular-accessories\/przekaznik-napieciowy-1-modulowy-hrn-33-doktorvolt-ip40-na-szyne-din-5636\/","og_locale":"en_US","og_type":"article","og_title":"Przeka\u017anik napi\u0119ciowy 1 modu\u0142owy HRN-33 Doktorvolt IP40 na szyn\u0119 DIN 5636 - DOKTORVOLT\u00ae","og_description":"Przeka\u017anik napi\u0119cia s\u0142u\u017cy do kontroli napi\u0119cia sieci, chroni tym samym odbiorniki przed skutkami wzrost\u00f3w lub spadk\u00f3w napi\u0119cia poza warto\u015bci okre\u015blone.","og_url":"https:\/\/doktorvolt.pl\/en\/oferta-doktorvolt\/modular-apparatus\/modular-accessories\/przekaznik-napieciowy-1-modulowy-hrn-33-doktorvolt-ip40-na-szyne-din-5636\/","og_site_name":"DOKTORVOLT\u00ae","og_image":[{"width":1000,"height":1000,"url":"https:\/\/doktorvolt.pl\/wp-content\/uploads\/2026\/02\/pol_pl_17744-17744_1.png","type":"image\/png"}],"twitter_card":"summary_large_image","twitter_misc":{"Est. reading time":"1 minute"},"schema":{"@context":"https:\/\/schema.org","@graph":[{"@type":"WebPage","@id":"https:\/\/doktorvolt.pl\/en\/oferta-doktorvolt\/modular-apparatus\/modular-accessories\/przekaznik-napieciowy-1-modulowy-hrn-33-doktorvolt-ip40-na-szyne-din-5636\/","url":"https:\/\/doktorvolt.pl\/en\/oferta-doktorvolt\/modular-apparatus\/modular-accessories\/przekaznik-napieciowy-1-modulowy-hrn-33-doktorvolt-ip40-na-szyne-din-5636\/","name":"Przeka\u017anik napi\u0119ciowy 1 modu\u0142owy HRN-33 Doktorvolt IP40 na szyn\u0119 DIN 5636 - DOKTORVOLT\u00ae","isPartOf":{"@id":"https:\/\/doktorvolt.pl\/de\/#website"},"primaryImageOfPage":{"@id":"https:\/\/doktorvolt.pl\/en\/oferta-doktorvolt\/modular-apparatus\/modular-accessories\/przekaznik-napieciowy-1-modulowy-hrn-33-doktorvolt-ip40-na-szyne-din-5636\/#primaryimage"},"image":{"@id":"https:\/\/doktorvolt.pl\/en\/oferta-doktorvolt\/modular-apparatus\/modular-accessories\/przekaznik-napieciowy-1-modulowy-hrn-33-doktorvolt-ip40-na-szyne-din-5636\/#primaryimage"},"thumbnailUrl":"https:\/\/doktorvolt.pl\/wp-content\/uploads\/2026\/02\/pol_pl_17744-17744_1.png","datePublished":"2026-02-23T14:00:27+00:00","breadcrumb":{"@id":"https:\/\/doktorvolt.pl\/en\/oferta-doktorvolt\/modular-apparatus\/modular-accessories\/przekaznik-napieciowy-1-modulowy-hrn-33-doktorvolt-ip40-na-szyne-din-5636\/#breadcrumb"},"inLanguage":"en-US","potentialAction":[{"@type":"ReadAction","target":["https:\/\/doktorvolt.pl\/en\/oferta-doktorvolt\/modular-apparatus\/modular-accessories\/przekaznik-napieciowy-1-modulowy-hrn-33-doktorvolt-ip40-na-szyne-din-5636\/"]}]},{"@type":"ImageObject","inLanguage":"en-US","@id":"https:\/\/doktorvolt.pl\/en\/oferta-doktorvolt\/modular-apparatus\/modular-accessories\/przekaznik-napieciowy-1-modulowy-hrn-33-doktorvolt-ip40-na-szyne-din-5636\/#primaryimage","url":"https:\/\/doktorvolt.pl\/wp-content\/uploads\/2026\/02\/pol_pl_17744-17744_1.png","contentUrl":"https:\/\/doktorvolt.pl\/wp-content\/uploads\/2026\/02\/pol_pl_17744-17744_1.png","width":1000,"height":1000},{"@type":"BreadcrumbList","@id":"https:\/\/doktorvolt.pl\/en\/oferta-doktorvolt\/modular-apparatus\/modular-accessories\/przekaznik-napieciowy-1-modulowy-hrn-33-doktorvolt-ip40-na-szyne-din-5636\/#breadcrumb","itemListElement":[{"@type":"ListItem","position":1,"name":"Strona g\u0142\u00f3wna","item":"https:\/\/doktorvolt.pl\/en\/"},{"@type":"ListItem","position":2,"name":"Offer Doktorvolt","item":"https:\/\/doktorvolt.pl\/en\/offer-doktorvolt\/"},{"@type":"ListItem","position":3,"name":"Przeka\u017anik napi\u0119ciowy 1 modu\u0142owy HRN-33 Doktorvolt IP40 na szyn\u0119 DIN 5636"}]},{"@type":"WebSite","@id":"https:\/\/doktorvolt.pl\/de\/#website","url":"https:\/\/doktorvolt.pl\/de\/","name":"DOKTORVOLT\u00ae","description":"Producent rozdzielnic budowlanych","publisher":{"@id":"https:\/\/doktorvolt.pl\/de\/#organization"},"potentialAction":[{"@type":"SearchAction","target":{"@type":"EntryPoint","urlTemplate":"https:\/\/doktorvolt.pl\/de\/?s={search_term_string}"},"query-input":{"@type":"PropertyValueSpecification","valueRequired":true,"valueName":"search_term_string"}}],"inLanguage":"en-US"},{"@type":"Organization","@id":"https:\/\/doktorvolt.pl\/de\/#organization","name":"DOKTORVOLT\u00ae","url":"https:\/\/doktorvolt.pl\/de\/","logo":{"@type":"ImageObject","inLanguage":"en-US","@id":"https:\/\/doktorvolt.pl\/de\/#\/schema\/logo\/image\/","url":"https:\/\/doktorvolt.pl\/wp-content\/uploads\/2023\/10\/DoktorVOLT-black-png.png","contentUrl":"https:\/\/doktorvolt.pl\/wp-content\/uploads\/2023\/10\/DoktorVOLT-black-png.png","width":729,"height":40,"caption":"DOKTORVOLT\u00ae"},"image":{"@id":"https:\/\/doktorvolt.pl\/de\/#\/schema\/logo\/image\/"}}]}},"_links":{"self":[{"href":"https:\/\/doktorvolt.pl\/en\/wp-json\/wp\/v2\/product\/110699","targetHints":{"allow":["GET"]}}],"collection":[{"href":"https:\/\/doktorvolt.pl\/en\/wp-json\/wp\/v2\/product"}],"about":[{"href":"https:\/\/doktorvolt.pl\/en\/wp-json\/wp\/v2\/types\/product"}],"wp:featuredmedia":[{"embeddable":true,"href":"https:\/\/doktorvolt.pl\/en\/wp-json\/wp\/v2\/media\/105358"}],"wp:attachment":[{"href":"https:\/\/doktorvolt.pl\/en\/wp-json\/wp\/v2\/media?parent=110699"}],"wp:term":[{"taxonomy":"product_brand","embeddable":true,"href":"https:\/\/doktorvolt.pl\/en\/wp-json\/wp\/v2\/product_brand?post=110699"},{"taxonomy":"product_cat","embeddable":true,"href":"https:\/\/doktorvolt.pl\/en\/wp-json\/wp\/v2\/product_cat?post=110699"},{"taxonomy":"product_tag","embeddable":true,"href":"https:\/\/doktorvolt.pl\/en\/wp-json\/wp\/v2\/product_tag?post=110699"}],"curies":[{"name":"wp","href":"https:\/\/api.w.org\/{rel}","templated":true}]}}