{"id":110701,"date":"2026-02-23T16:00:14","date_gmt":"2026-02-23T14:00:14","guid":{"rendered":"https:\/\/doktorvolt.pl\/sklep\/uncategorized\/lacznik-krzywkowy-l-0-p-s40-przelacznik-zasilania-dv-0263\/"},"modified":"2026-02-23T16:00:14","modified_gmt":"2026-02-23T14:00:14","slug":"lacznik-krzywkowy-l-0-p-s40-przelacznik-zasilania-dv-0263","status":"publish","type":"product","link":"https:\/\/doktorvolt.pl\/en\/oferta-doktorvolt\/accessories\/sockets-and-switches\/lacznik-krzywkowy-l-0-p-s40-przelacznik-zasilania-dv-0263\/","title":{"rendered":"\u0141\u0105cznik krzywkowy L-0-P S40 prze\u0142\u0105cznik zasilania DV-0263"},"content":{"rendered":"<div style=\"max-width: 800px; margin: 0 auto; text-align: center;\">\n<h1 style=\"font-size: 23pt; color: #000;\">\u0141\u0105cznik krzywkowy L-O-P z d\u017awigni\u0105 oraz szyldem<\/p>\n<p><\/h1>\n<h2 style=\"font-size: 20pt; color: #000;\">Opis produktu:<\/h2>\n<p style=\"font-size: 16pt; line-height: 1.5; color: #000;\">\u0141\u0105cznik krzywkowy L-O-P z d\u017awigni\u0105 renomowanego producenta <strong>Doktorvolt<\/strong>, kt\u00f3ry jest doskona\u0142ym rozwi\u0105zaniem dla wszystkich kt\u00f3rzy ceni\u0105 sobie wysok\u0105 jako\u015b\u0107 i bezpiecze\u0144stwo produktu.<\/p>\n<p><img decoding=\"async\" src=\"\/data\/include\/cms\/description\/img\/cms\/Zdj\u0119cia produkt\u00f3w 2024\/DV-0263\/0263-  (1).png\" alt=\"\u0141\u0105cznik krzywkowy L-0-P S40 prze\u0142\u0105cznik zasilania DV-0263\" width=\"300\" height=\"300\" style=\"margin: 20px auto; display: block;\" \/><\/p>\n<h3 style=\"font-size: 18pt; color: #000;\">\u0141atwo\u015b\u0107 instalacji<\/h3>\n<p style=\"font-size: 16pt; line-height: 1.5; color: #000;\">\u0141\u0105cznik krzywkowy L-O-P z d\u017awigni\u0105 oraz szyldem to typ prze\u0142\u0105cznika u\u017cywany g\u0142\u00f3wnie w przemy\u015ble do sterowania maszynami i urz\u0105dzeniami. <strong>\u0141atwe i szybkie zastosowanie \u0142\u0105cznika<\/strong> w ka\u017cdym systemie elektrycznym umo\u017cliwia monta\u017c tablicowy oraz zastosowanie d\u017awigni. Zastosowany szyld ma wymiary 65&#215;65 mm, natomiast wymiary z d\u017awigni\u0105 wynosz\u0105 105mm. Zastosowanie takich wymiar\u00f3w zapewnia kompaktowo\u015b\u0107 \u0142\u0105cznika oraz jego estetyczny wygl\u0105d monta\u017cu.<\/p>\n<p><img decoding=\"async\" src=\"\/data\/include\/cms\/description\/img\/cms\/Zdj\u0119cia produkt\u00f3w 2024\/DV-0263\/0263-  (2).png\" alt=\"\u0141\u0105cznik krzywkowy L-0-P S40 prze\u0142\u0105cznik zasilania DV-0263\" width=\"300\" height=\"300\" style=\"margin: 20px auto; display: block;\" \/><\/p>\n<h3 style=\"font-size: 18pt; color: #000;\">\u0141atwo\u015b\u0107 sterowania<\/h3>\n<p style=\"font-size: 16pt; line-height: 1.5; color: #000;\">Pozwala na zmian\u0119 stanu urz\u0105dzenia mi\u0119dzy trzema pozycjami <strong>L-O-P<\/strong>,\u00a0co jest realizowane przez manualne przesuni\u0119cie d\u017awigni. \u0141\u0105cznik taki znajduje zastosowanie w panelach sterowniczych, szafach elektrycznych oraz innych miejscach, gdzie konieczna jest r\u0119czna kontrola nad dzia\u0142aniem urz\u0105dze\u0144.<\/p>\n<p><img decoding=\"async\" src=\"\/data\/include\/cms\/description\/img\/cms\/Zdj\u0119cia produkt\u00f3w 2024\/DV-0263\/0263-  (4).png\" alt=\"\u0141\u0105cznik krzywkowy L-0-P S40 prze\u0142\u0105cznik zasilania DV-0263\" width=\"300\" height=\"300\" style=\"margin: 20px auto; display: block;\" \/><\/p>\n<h2 style=\"font-size: 20pt; color: #000;\">Specyfikacja techniczna:<\/h2>\n<ul style=\"font-size: 16pt; line-height: 1.5; color: #000; list-style: none; padding: 0;\">\n<ul style=\"font-size: 16pt; line-height: 1.5; color: #000; list-style: none; padding: 0;\">\n<li style=\"margin: 10px 0px; text-align: left;\">&#x2714; pr\u0105d znamionowy <strong>40A<br \/><\/strong>&#x2714; Ilo\u015b\u0107 p\u00f3l <strong>3<br \/><\/strong>&#x2714; napi\u0119cie znamionowe izolacji <strong>660V<br \/><\/strong>&#x2714; AC-2 <strong>15KW<br \/><\/strong>&#x2714; AC-3 <strong>11KW<br \/><\/strong>&#x2714; AC-4 <strong>5.5KW<br \/><\/strong>&#x2714; AC-15 <strong>6A (380V-440V) 10A (220V-240V)<br \/><\/strong>&#x2714; DC-13 <strong>2A<br \/><\/strong>&#x2714; prze\u0142\u0105cznik <strong>L-O-P<br \/><\/strong>&#x2714; monta\u017c <strong>tablicowy<br \/><\/strong>&#x2714; wymiary szyldu <strong>65x65mm<br \/><\/strong>&#x2714; wysoko\u015b\u0107 z d\u017awigni\u0105 <strong>105mm<\/strong><br \/>&#x2714; producent <strong>Doktorvolt<\/strong><\/li>\n<\/ul>\n<\/ul>\n<p><\/p>\n<h3 style=\"font-size: 18pt; color: #000;\">Zaufany Producent:<\/h3>\n<p style=\"font-size: 16pt; line-height: 1.5; color: #000;\">Doktorvolt\u00ae jest firm\u0105, powsta\u0142\u0105 w 2013 roku. Pr\u0119\u017cnie rozwijaj\u0105ca si\u0119 firma podbi\u0142a rynek Polski i zagraniczny. Siedziba znajduje si\u0119 w Malichowie w wojew\u00f3dztwie Opolskim, gdzie mie\u015bci si\u0119 nowoczesna hala produkcyjna oraz magazyny. Firma specjalizuje si\u0119 w produkcji rozdzielnic budowlanych, firm\u0119 wyr\u00f3\u017cnia jako\u015b\u0107 i solidno\u015b\u0107 pracy. Ka\u017cda rozdzielnia sk\u0142ada si\u0119 z wysokiej jako\u015bci komponent\u00f3w. Produkty firmy Doktorvolt\u00ae spe\u0142niaj\u0105 europejskie standardy i normy bezpiecze\u0144stwa<\/p>\n<p><img decoding=\"async\" src=\"\/data\/include\/cms\/description\/img\/cms\/zdj\u0119cia sklep\/logo jpg.jpg\" alt=\"Doktorvolt logo\" width=\"566\" height=\"155\" style=\"display: block; margin-left: auto; margin-right: auto;\" \/><\/div>\n","protected":false},"excerpt":{"rendered":"<p>Prze\u0142\u0105cznik krzywkowy L-O-P \u0142atwy w monta\u017cu, zawiera obrotow\u0105 d\u017awigni\u0119 prze\u0142\u0105cznika zasilania oraz szyld<\/p>\n","protected":false},"featured_media":105324,"template":"","meta":[],"product_brand":[],"product_cat":[5147],"product_tag":[],"class_list":{"0":"post-110701","1":"product","2":"type-product","3":"status-publish","4":"has-post-thumbnail","6":"product_cat-sockets-and-switches","8":"first","9":"instock","10":"shipping-taxable","11":"product-type-external"},"yoast_head":"<!-- This site is optimized with the Yoast SEO plugin v27.0 - https:\/\/yoast.com\/product\/yoast-seo-wordpress\/ -->\n<title>\u0141\u0105cznik krzywkowy L-0-P S40 prze\u0142\u0105cznik zasilania DV-0263 - DOKTORVOLT\u00ae<\/title>\n<meta name=\"robots\" content=\"index, follow, max-snippet:-1, max-image-preview:large, max-video-preview:-1\" \/>\n<link rel=\"canonical\" href=\"https:\/\/doktorvolt.pl\/en\/oferta-doktorvolt\/accessories\/sockets-and-switches\/lacznik-krzywkowy-l-0-p-s40-przelacznik-zasilania-dv-0263\/\" \/>\n<meta property=\"og:locale\" content=\"en_US\" \/>\n<meta property=\"og:type\" content=\"article\" \/>\n<meta property=\"og:title\" content=\"\u0141\u0105cznik krzywkowy L-0-P S40 prze\u0142\u0105cznik zasilania DV-0263 - DOKTORVOLT\u00ae\" \/>\n<meta property=\"og:description\" content=\"Prze\u0142\u0105cznik krzywkowy L-O-P \u0142atwy w monta\u017cu, zawiera obrotow\u0105 d\u017awigni\u0119 prze\u0142\u0105cznika zasilania oraz szyld\" \/>\n<meta property=\"og:url\" content=\"https:\/\/doktorvolt.pl\/en\/oferta-doktorvolt\/accessories\/sockets-and-switches\/lacznik-krzywkowy-l-0-p-s40-przelacznik-zasilania-dv-0263\/\" \/>\n<meta property=\"og:site_name\" content=\"DOKTORVOLT\u00ae\" \/>\n<meta property=\"og:image\" content=\"https:\/\/doktorvolt.pl\/wp-content\/uploads\/2026\/02\/pol_pl_16803-16803_1.jpg\" \/>\n\t<meta property=\"og:image:width\" content=\"1000\" \/>\n\t<meta property=\"og:image:height\" content=\"1000\" \/>\n\t<meta property=\"og:image:type\" content=\"image\/jpeg\" \/>\n<meta name=\"twitter:card\" content=\"summary_large_image\" \/>\n<meta name=\"twitter:label1\" content=\"Est. reading time\" \/>\n\t<meta name=\"twitter:data1\" content=\"1 minute\" \/>\n<script type=\"application\/ld+json\" class=\"yoast-schema-graph\">{\"@context\":\"https:\/\/schema.org\",\"@graph\":[{\"@type\":\"WebPage\",\"@id\":\"https:\/\/doktorvolt.pl\/en\/oferta-doktorvolt\/accessories\/sockets-and-switches\/lacznik-krzywkowy-l-0-p-s40-przelacznik-zasilania-dv-0263\/\",\"url\":\"https:\/\/doktorvolt.pl\/en\/oferta-doktorvolt\/accessories\/sockets-and-switches\/lacznik-krzywkowy-l-0-p-s40-przelacznik-zasilania-dv-0263\/\",\"name\":\"\u0141\u0105cznik krzywkowy L-0-P S40 prze\u0142\u0105cznik zasilania DV-0263 - DOKTORVOLT\u00ae\",\"isPartOf\":{\"@id\":\"https:\/\/doktorvolt.pl\/de\/#website\"},\"primaryImageOfPage\":{\"@id\":\"https:\/\/doktorvolt.pl\/en\/oferta-doktorvolt\/accessories\/sockets-and-switches\/lacznik-krzywkowy-l-0-p-s40-przelacznik-zasilania-dv-0263\/#primaryimage\"},\"image\":{\"@id\":\"https:\/\/doktorvolt.pl\/en\/oferta-doktorvolt\/accessories\/sockets-and-switches\/lacznik-krzywkowy-l-0-p-s40-przelacznik-zasilania-dv-0263\/#primaryimage\"},\"thumbnailUrl\":\"https:\/\/doktorvolt.pl\/wp-content\/uploads\/2026\/02\/pol_pl_16803-16803_1.jpg\",\"datePublished\":\"2026-02-23T14:00:14+00:00\",\"breadcrumb\":{\"@id\":\"https:\/\/doktorvolt.pl\/en\/oferta-doktorvolt\/accessories\/sockets-and-switches\/lacznik-krzywkowy-l-0-p-s40-przelacznik-zasilania-dv-0263\/#breadcrumb\"},\"inLanguage\":\"en-US\",\"potentialAction\":[{\"@type\":\"ReadAction\",\"target\":[\"https:\/\/doktorvolt.pl\/en\/oferta-doktorvolt\/accessories\/sockets-and-switches\/lacznik-krzywkowy-l-0-p-s40-przelacznik-zasilania-dv-0263\/\"]}]},{\"@type\":\"ImageObject\",\"inLanguage\":\"en-US\",\"@id\":\"https:\/\/doktorvolt.pl\/en\/oferta-doktorvolt\/accessories\/sockets-and-switches\/lacznik-krzywkowy-l-0-p-s40-przelacznik-zasilania-dv-0263\/#primaryimage\",\"url\":\"https:\/\/doktorvolt.pl\/wp-content\/uploads\/2026\/02\/pol_pl_16803-16803_1.jpg\",\"contentUrl\":\"https:\/\/doktorvolt.pl\/wp-content\/uploads\/2026\/02\/pol_pl_16803-16803_1.jpg\",\"width\":1000,\"height\":1000},{\"@type\":\"BreadcrumbList\",\"@id\":\"https:\/\/doktorvolt.pl\/en\/oferta-doktorvolt\/accessories\/sockets-and-switches\/lacznik-krzywkowy-l-0-p-s40-przelacznik-zasilania-dv-0263\/#breadcrumb\",\"itemListElement\":[{\"@type\":\"ListItem\",\"position\":1,\"name\":\"Strona g\u0142\u00f3wna\",\"item\":\"https:\/\/doktorvolt.pl\/en\/\"},{\"@type\":\"ListItem\",\"position\":2,\"name\":\"Offer Doktorvolt\",\"item\":\"https:\/\/doktorvolt.pl\/en\/offer-doktorvolt\/\"},{\"@type\":\"ListItem\",\"position\":3,\"name\":\"\u0141\u0105cznik krzywkowy L-0-P S40 prze\u0142\u0105cznik zasilania DV-0263\"}]},{\"@type\":\"WebSite\",\"@id\":\"https:\/\/doktorvolt.pl\/de\/#website\",\"url\":\"https:\/\/doktorvolt.pl\/de\/\",\"name\":\"DOKTORVOLT\u00ae\",\"description\":\"Producent rozdzielnic budowlanych\",\"publisher\":{\"@id\":\"https:\/\/doktorvolt.pl\/de\/#organization\"},\"potentialAction\":[{\"@type\":\"SearchAction\",\"target\":{\"@type\":\"EntryPoint\",\"urlTemplate\":\"https:\/\/doktorvolt.pl\/de\/?s={search_term_string}\"},\"query-input\":{\"@type\":\"PropertyValueSpecification\",\"valueRequired\":true,\"valueName\":\"search_term_string\"}}],\"inLanguage\":\"en-US\"},{\"@type\":\"Organization\",\"@id\":\"https:\/\/doktorvolt.pl\/de\/#organization\",\"name\":\"DOKTORVOLT\u00ae\",\"url\":\"https:\/\/doktorvolt.pl\/de\/\",\"logo\":{\"@type\":\"ImageObject\",\"inLanguage\":\"en-US\",\"@id\":\"https:\/\/doktorvolt.pl\/de\/#\/schema\/logo\/image\/\",\"url\":\"https:\/\/doktorvolt.pl\/wp-content\/uploads\/2023\/10\/DoktorVOLT-black-png.png\",\"contentUrl\":\"https:\/\/doktorvolt.pl\/wp-content\/uploads\/2023\/10\/DoktorVOLT-black-png.png\",\"width\":729,\"height\":40,\"caption\":\"DOKTORVOLT\u00ae\"},\"image\":{\"@id\":\"https:\/\/doktorvolt.pl\/de\/#\/schema\/logo\/image\/\"}}]}<\/script>\n<!-- \/ Yoast SEO plugin. -->","yoast_head_json":{"title":"\u0141\u0105cznik krzywkowy L-0-P S40 prze\u0142\u0105cznik zasilania DV-0263 - DOKTORVOLT\u00ae","robots":{"index":"index","follow":"follow","max-snippet":"max-snippet:-1","max-image-preview":"max-image-preview:large","max-video-preview":"max-video-preview:-1"},"canonical":"https:\/\/doktorvolt.pl\/en\/oferta-doktorvolt\/accessories\/sockets-and-switches\/lacznik-krzywkowy-l-0-p-s40-przelacznik-zasilania-dv-0263\/","og_locale":"en_US","og_type":"article","og_title":"\u0141\u0105cznik krzywkowy L-0-P S40 prze\u0142\u0105cznik zasilania DV-0263 - DOKTORVOLT\u00ae","og_description":"Prze\u0142\u0105cznik krzywkowy L-O-P \u0142atwy w monta\u017cu, zawiera obrotow\u0105 d\u017awigni\u0119 prze\u0142\u0105cznika zasilania oraz szyld","og_url":"https:\/\/doktorvolt.pl\/en\/oferta-doktorvolt\/accessories\/sockets-and-switches\/lacznik-krzywkowy-l-0-p-s40-przelacznik-zasilania-dv-0263\/","og_site_name":"DOKTORVOLT\u00ae","og_image":[{"width":1000,"height":1000,"url":"https:\/\/doktorvolt.pl\/wp-content\/uploads\/2026\/02\/pol_pl_16803-16803_1.jpg","type":"image\/jpeg"}],"twitter_card":"summary_large_image","twitter_misc":{"Est. reading time":"1 minute"},"schema":{"@context":"https:\/\/schema.org","@graph":[{"@type":"WebPage","@id":"https:\/\/doktorvolt.pl\/en\/oferta-doktorvolt\/accessories\/sockets-and-switches\/lacznik-krzywkowy-l-0-p-s40-przelacznik-zasilania-dv-0263\/","url":"https:\/\/doktorvolt.pl\/en\/oferta-doktorvolt\/accessories\/sockets-and-switches\/lacznik-krzywkowy-l-0-p-s40-przelacznik-zasilania-dv-0263\/","name":"\u0141\u0105cznik krzywkowy L-0-P S40 prze\u0142\u0105cznik zasilania DV-0263 - DOKTORVOLT\u00ae","isPartOf":{"@id":"https:\/\/doktorvolt.pl\/de\/#website"},"primaryImageOfPage":{"@id":"https:\/\/doktorvolt.pl\/en\/oferta-doktorvolt\/accessories\/sockets-and-switches\/lacznik-krzywkowy-l-0-p-s40-przelacznik-zasilania-dv-0263\/#primaryimage"},"image":{"@id":"https:\/\/doktorvolt.pl\/en\/oferta-doktorvolt\/accessories\/sockets-and-switches\/lacznik-krzywkowy-l-0-p-s40-przelacznik-zasilania-dv-0263\/#primaryimage"},"thumbnailUrl":"https:\/\/doktorvolt.pl\/wp-content\/uploads\/2026\/02\/pol_pl_16803-16803_1.jpg","datePublished":"2026-02-23T14:00:14+00:00","breadcrumb":{"@id":"https:\/\/doktorvolt.pl\/en\/oferta-doktorvolt\/accessories\/sockets-and-switches\/lacznik-krzywkowy-l-0-p-s40-przelacznik-zasilania-dv-0263\/#breadcrumb"},"inLanguage":"en-US","potentialAction":[{"@type":"ReadAction","target":["https:\/\/doktorvolt.pl\/en\/oferta-doktorvolt\/accessories\/sockets-and-switches\/lacznik-krzywkowy-l-0-p-s40-przelacznik-zasilania-dv-0263\/"]}]},{"@type":"ImageObject","inLanguage":"en-US","@id":"https:\/\/doktorvolt.pl\/en\/oferta-doktorvolt\/accessories\/sockets-and-switches\/lacznik-krzywkowy-l-0-p-s40-przelacznik-zasilania-dv-0263\/#primaryimage","url":"https:\/\/doktorvolt.pl\/wp-content\/uploads\/2026\/02\/pol_pl_16803-16803_1.jpg","contentUrl":"https:\/\/doktorvolt.pl\/wp-content\/uploads\/2026\/02\/pol_pl_16803-16803_1.jpg","width":1000,"height":1000},{"@type":"BreadcrumbList","@id":"https:\/\/doktorvolt.pl\/en\/oferta-doktorvolt\/accessories\/sockets-and-switches\/lacznik-krzywkowy-l-0-p-s40-przelacznik-zasilania-dv-0263\/#breadcrumb","itemListElement":[{"@type":"ListItem","position":1,"name":"Strona g\u0142\u00f3wna","item":"https:\/\/doktorvolt.pl\/en\/"},{"@type":"ListItem","position":2,"name":"Offer Doktorvolt","item":"https:\/\/doktorvolt.pl\/en\/offer-doktorvolt\/"},{"@type":"ListItem","position":3,"name":"\u0141\u0105cznik krzywkowy L-0-P S40 prze\u0142\u0105cznik zasilania DV-0263"}]},{"@type":"WebSite","@id":"https:\/\/doktorvolt.pl\/de\/#website","url":"https:\/\/doktorvolt.pl\/de\/","name":"DOKTORVOLT\u00ae","description":"Producent rozdzielnic budowlanych","publisher":{"@id":"https:\/\/doktorvolt.pl\/de\/#organization"},"potentialAction":[{"@type":"SearchAction","target":{"@type":"EntryPoint","urlTemplate":"https:\/\/doktorvolt.pl\/de\/?s={search_term_string}"},"query-input":{"@type":"PropertyValueSpecification","valueRequired":true,"valueName":"search_term_string"}}],"inLanguage":"en-US"},{"@type":"Organization","@id":"https:\/\/doktorvolt.pl\/de\/#organization","name":"DOKTORVOLT\u00ae","url":"https:\/\/doktorvolt.pl\/de\/","logo":{"@type":"ImageObject","inLanguage":"en-US","@id":"https:\/\/doktorvolt.pl\/de\/#\/schema\/logo\/image\/","url":"https:\/\/doktorvolt.pl\/wp-content\/uploads\/2023\/10\/DoktorVOLT-black-png.png","contentUrl":"https:\/\/doktorvolt.pl\/wp-content\/uploads\/2023\/10\/DoktorVOLT-black-png.png","width":729,"height":40,"caption":"DOKTORVOLT\u00ae"},"image":{"@id":"https:\/\/doktorvolt.pl\/de\/#\/schema\/logo\/image\/"}}]}},"_links":{"self":[{"href":"https:\/\/doktorvolt.pl\/en\/wp-json\/wp\/v2\/product\/110701","targetHints":{"allow":["GET"]}}],"collection":[{"href":"https:\/\/doktorvolt.pl\/en\/wp-json\/wp\/v2\/product"}],"about":[{"href":"https:\/\/doktorvolt.pl\/en\/wp-json\/wp\/v2\/types\/product"}],"wp:featuredmedia":[{"embeddable":true,"href":"https:\/\/doktorvolt.pl\/en\/wp-json\/wp\/v2\/media\/105324"}],"wp:attachment":[{"href":"https:\/\/doktorvolt.pl\/en\/wp-json\/wp\/v2\/media?parent=110701"}],"wp:term":[{"taxonomy":"product_brand","embeddable":true,"href":"https:\/\/doktorvolt.pl\/en\/wp-json\/wp\/v2\/product_brand?post=110701"},{"taxonomy":"product_cat","embeddable":true,"href":"https:\/\/doktorvolt.pl\/en\/wp-json\/wp\/v2\/product_cat?post=110701"},{"taxonomy":"product_tag","embeddable":true,"href":"https:\/\/doktorvolt.pl\/en\/wp-json\/wp\/v2\/product_tag?post=110701"}],"curies":[{"name":"wp","href":"https:\/\/api.w.org\/{rel}","templated":true}]}}