{"id":110704,"date":"2026-02-23T15:59:54","date_gmt":"2026-02-23T13:59:54","guid":{"rendered":"https:\/\/doktorvolt.pl\/sklep\/uncategorized\/wylacznik-nadpradowy-3p-c63-doktorvolt-0768\/"},"modified":"2026-02-23T15:59:54","modified_gmt":"2026-02-23T13:59:54","slug":"wylacznik-nadpradowy-3p-c63-doktorvolt-0768","status":"publish","type":"product","link":"https:\/\/doktorvolt.pl\/en\/oferta-doktorvolt\/modular-apparatus\/overcurrent-circuit-breakers\/miniature-circuit-breakers-6ka\/wylacznik-nadpradowy-3p-c63-doktorvolt-0768\/","title":{"rendered":"Wy\u0142\u0105cznik nadpr\u0105dowy 3P C63 Doktorvolt 0768"},"content":{"rendered":"<h1 style=\"font-size: 13pt; text-align: center;\"><span style=\"color: #000000;\">\u00a0<\/span> Wy\u0142\u0105cznik nadpr\u0105dowy DV-0768<\/h1>\n<p style=\"font-size: 13pt; text-align: justify;\"><span style=\"color: #000000;\">Wy\u0142\u0105cznik nadpr\u0105dowy jest stosowany do ochrony elektrycznej. <strong>Zapewnia bezpiecze\u0144stwo<\/strong> dla wielu aplikacji. Ze wzgl\u0119du na oferowane korzy\u015bci, wy\u0142\u0105cznik mo\u017ce by\u0107 stosowany w instalacjach domowych, przemys\u0142owych oraz komercyjnych.<\/span><\/p>\n<p style=\"font-size: 13pt; text-align: justify;\"><strong><span style=\"color: #000000;\">Cechy wy\u0142\u0105cznika<\/span><\/strong><\/p>\n<ul>\n<li style=\"font-size: 13pt; text-align: left;\"><strong>Wysoka zdolno\u015b\u0107 \u0142\u0105czeniowa<\/strong>\u00a0\u00a0<\/li>\n<li style=\"font-size: 13pt; text-align: left;\"><strong>Kompaktowe rozmiary<\/strong>\u00a0<\/li>\n<li style=\"font-size: 13pt; text-align: left;\"><strong>Tr\u00f3jfazowa ochrona<\/strong><\/li>\n<li style=\"font-size: 13pt; text-align: left;\"><strong>Charakterystyka C<\/strong><\/li>\n<li style=\"font-size: 13pt; text-align: left;\"><strong>\u0141atwo\u015b\u0107 monta\u017cu<\/strong><\/li>\n<li style=\"font-size: 13pt; text-align: left;\"><strong>Wszechstronne zastosowanie<\/strong><\/li>\n<li style=\"font-size: 13pt; text-align: left;\"><strong>Zabezpieczenie przed przeci\u0105\u017ceniem i zwarciem<\/strong><\/li>\n<li style=\"font-size: 13pt; text-align: left;\"><strong>Zgodno\u015b\u0107 z normami<\/strong><\/li>\n<\/ul>\n<p style=\"font-size: 13pt; text-align: justify;\"><span style=\"color: #000000;\">Wy\u0142\u0105cznik oferuje <strong>kompleksow\u0105 ochron\u0119<\/strong> dla tr\u00f3jfazowych system\u00f3w zasilania. Cz\u0142on nadpr\u0105dowy C oznacza, \u017ce wy\u0142\u0105cznik jest przystosowany do obci\u0105\u017ce\u0144 o umiarkowanym przeci\u0105\u017ceniu.\u00a0<\/span><\/p>\n<ul>\n<li style=\"font-size: 13pt; text-align: left;\"><strong>Specyfikacja techniczna<\/strong>\u00a0<\/li>\n<li style=\"font-size: 13pt; text-align: left;\">Pr\u0105d znamionowy- <strong>63<\/strong><\/li>\n<li style=\"font-size: 13pt; text-align: left;\">Liczba p\u00f3l- <strong>3<\/strong><\/li>\n<li style=\"font-size: 13pt; text-align: left;\">Cz\u0119stotliwo\u015b\u0107- <strong>50\/60Hz<\/strong><\/li>\n<li style=\"font-size: 13pt; text-align: left;\">Temperatura pracy- <strong>od -5 do +40<\/strong><\/li>\n<li style=\"font-size: 13pt; text-align: left;\">Charakterystyka pracy- <strong>C<\/strong><\/li>\n<li style=\"font-size: 13pt; text-align: left;\">Monta\u017c- <strong>na szynie DIN<\/strong><\/li>\n<li style=\"font-size: 13pt; text-align: left;\">Znamionowy pr\u0105d r\u00f3\u017cnicowy- <strong>30mA<\/strong><\/li>\n<li style=\"font-size: 13pt; text-align: left;\">Certyfikaty i normy- <strong>IEC60898, CE<\/strong><\/li>\n<li style=\"font-size: 13pt; text-align: left;\">Stopie\u0144 ochrony-<strong> IP20<\/strong><\/li>\n<\/ul>\n","protected":false},"excerpt":{"rendered":"<p>Wy\u0142\u0105cznik nadpr\u0105dowy jest stosowany do ochrony elektrycznej. Zapewnia bezpiecze\u0144stwo dla wielu aplikacji.<\/p>\n","protected":false},"featured_media":105273,"template":"","meta":[],"product_brand":[],"product_cat":[5090],"product_tag":[],"class_list":{"0":"post-110704","1":"product","2":"type-product","3":"status-publish","4":"has-post-thumbnail","6":"product_cat-miniature-circuit-breakers-6ka","7":"pa_charakterystyka-pracy-c","8":"pa_liczba-biegunow-3p","9":"pa_prad-znamionowy-63a","11":"first","12":"instock","13":"shipping-taxable","14":"product-type-external"},"yoast_head":"<!-- This site is optimized with the Yoast SEO plugin v27.0 - https:\/\/yoast.com\/product\/yoast-seo-wordpress\/ -->\n<title>Wy\u0142\u0105cznik nadpr\u0105dowy 3P C63 Doktorvolt 0768 - DOKTORVOLT\u00ae<\/title>\n<meta name=\"robots\" content=\"index, follow, max-snippet:-1, max-image-preview:large, max-video-preview:-1\" \/>\n<link rel=\"canonical\" href=\"https:\/\/doktorvolt.pl\/en\/oferta-doktorvolt\/modular-apparatus\/overcurrent-circuit-breakers\/miniature-circuit-breakers-6ka\/wylacznik-nadpradowy-3p-c63-doktorvolt-0768\/\" \/>\n<meta property=\"og:locale\" content=\"en_US\" \/>\n<meta property=\"og:type\" content=\"article\" \/>\n<meta property=\"og:title\" content=\"Wy\u0142\u0105cznik nadpr\u0105dowy 3P C63 Doktorvolt 0768 - DOKTORVOLT\u00ae\" \/>\n<meta property=\"og:description\" content=\"Wy\u0142\u0105cznik nadpr\u0105dowy jest stosowany do ochrony elektrycznej. Zapewnia bezpiecze\u0144stwo dla wielu aplikacji.\" \/>\n<meta property=\"og:url\" content=\"https:\/\/doktorvolt.pl\/en\/oferta-doktorvolt\/modular-apparatus\/overcurrent-circuit-breakers\/miniature-circuit-breakers-6ka\/wylacznik-nadpradowy-3p-c63-doktorvolt-0768\/\" \/>\n<meta property=\"og:site_name\" content=\"DOKTORVOLT\u00ae\" \/>\n<meta property=\"og:image\" content=\"https:\/\/doktorvolt.pl\/wp-content\/uploads\/2026\/02\/pol_pl_16877-16877_3.jpg\" \/>\n\t<meta property=\"og:image:width\" content=\"1000\" \/>\n\t<meta property=\"og:image:height\" content=\"1000\" \/>\n\t<meta property=\"og:image:type\" content=\"image\/jpeg\" \/>\n<meta name=\"twitter:card\" content=\"summary_large_image\" \/>\n<meta name=\"twitter:label1\" content=\"Est. reading time\" \/>\n\t<meta name=\"twitter:data1\" content=\"1 minute\" \/>\n<script type=\"application\/ld+json\" class=\"yoast-schema-graph\">{\"@context\":\"https:\/\/schema.org\",\"@graph\":[{\"@type\":\"WebPage\",\"@id\":\"https:\/\/doktorvolt.pl\/en\/oferta-doktorvolt\/modular-apparatus\/overcurrent-circuit-breakers\/miniature-circuit-breakers-6ka\/wylacznik-nadpradowy-3p-c63-doktorvolt-0768\/\",\"url\":\"https:\/\/doktorvolt.pl\/en\/oferta-doktorvolt\/modular-apparatus\/overcurrent-circuit-breakers\/miniature-circuit-breakers-6ka\/wylacznik-nadpradowy-3p-c63-doktorvolt-0768\/\",\"name\":\"Wy\u0142\u0105cznik nadpr\u0105dowy 3P C63 Doktorvolt 0768 - DOKTORVOLT\u00ae\",\"isPartOf\":{\"@id\":\"https:\/\/doktorvolt.pl\/de\/#website\"},\"primaryImageOfPage\":{\"@id\":\"https:\/\/doktorvolt.pl\/en\/oferta-doktorvolt\/modular-apparatus\/overcurrent-circuit-breakers\/miniature-circuit-breakers-6ka\/wylacznik-nadpradowy-3p-c63-doktorvolt-0768\/#primaryimage\"},\"image\":{\"@id\":\"https:\/\/doktorvolt.pl\/en\/oferta-doktorvolt\/modular-apparatus\/overcurrent-circuit-breakers\/miniature-circuit-breakers-6ka\/wylacznik-nadpradowy-3p-c63-doktorvolt-0768\/#primaryimage\"},\"thumbnailUrl\":\"https:\/\/doktorvolt.pl\/wp-content\/uploads\/2026\/02\/pol_pl_16877-16877_3.jpg\",\"datePublished\":\"2026-02-23T13:59:54+00:00\",\"breadcrumb\":{\"@id\":\"https:\/\/doktorvolt.pl\/en\/oferta-doktorvolt\/modular-apparatus\/overcurrent-circuit-breakers\/miniature-circuit-breakers-6ka\/wylacznik-nadpradowy-3p-c63-doktorvolt-0768\/#breadcrumb\"},\"inLanguage\":\"en-US\",\"potentialAction\":[{\"@type\":\"ReadAction\",\"target\":[\"https:\/\/doktorvolt.pl\/en\/oferta-doktorvolt\/modular-apparatus\/overcurrent-circuit-breakers\/miniature-circuit-breakers-6ka\/wylacznik-nadpradowy-3p-c63-doktorvolt-0768\/\"]}]},{\"@type\":\"ImageObject\",\"inLanguage\":\"en-US\",\"@id\":\"https:\/\/doktorvolt.pl\/en\/oferta-doktorvolt\/modular-apparatus\/overcurrent-circuit-breakers\/miniature-circuit-breakers-6ka\/wylacznik-nadpradowy-3p-c63-doktorvolt-0768\/#primaryimage\",\"url\":\"https:\/\/doktorvolt.pl\/wp-content\/uploads\/2026\/02\/pol_pl_16877-16877_3.jpg\",\"contentUrl\":\"https:\/\/doktorvolt.pl\/wp-content\/uploads\/2026\/02\/pol_pl_16877-16877_3.jpg\",\"width\":1000,\"height\":1000},{\"@type\":\"BreadcrumbList\",\"@id\":\"https:\/\/doktorvolt.pl\/en\/oferta-doktorvolt\/modular-apparatus\/overcurrent-circuit-breakers\/miniature-circuit-breakers-6ka\/wylacznik-nadpradowy-3p-c63-doktorvolt-0768\/#breadcrumb\",\"itemListElement\":[{\"@type\":\"ListItem\",\"position\":1,\"name\":\"Strona g\u0142\u00f3wna\",\"item\":\"https:\/\/doktorvolt.pl\/en\/\"},{\"@type\":\"ListItem\",\"position\":2,\"name\":\"Offer Doktorvolt\",\"item\":\"https:\/\/doktorvolt.pl\/en\/offer-doktorvolt\/\"},{\"@type\":\"ListItem\",\"position\":3,\"name\":\"Wy\u0142\u0105cznik nadpr\u0105dowy 3P C63 Doktorvolt 0768\"}]},{\"@type\":\"WebSite\",\"@id\":\"https:\/\/doktorvolt.pl\/de\/#website\",\"url\":\"https:\/\/doktorvolt.pl\/de\/\",\"name\":\"DOKTORVOLT\u00ae\",\"description\":\"Producent rozdzielnic budowlanych\",\"publisher\":{\"@id\":\"https:\/\/doktorvolt.pl\/de\/#organization\"},\"potentialAction\":[{\"@type\":\"SearchAction\",\"target\":{\"@type\":\"EntryPoint\",\"urlTemplate\":\"https:\/\/doktorvolt.pl\/de\/?s={search_term_string}\"},\"query-input\":{\"@type\":\"PropertyValueSpecification\",\"valueRequired\":true,\"valueName\":\"search_term_string\"}}],\"inLanguage\":\"en-US\"},{\"@type\":\"Organization\",\"@id\":\"https:\/\/doktorvolt.pl\/de\/#organization\",\"name\":\"DOKTORVOLT\u00ae\",\"url\":\"https:\/\/doktorvolt.pl\/de\/\",\"logo\":{\"@type\":\"ImageObject\",\"inLanguage\":\"en-US\",\"@id\":\"https:\/\/doktorvolt.pl\/de\/#\/schema\/logo\/image\/\",\"url\":\"https:\/\/doktorvolt.pl\/wp-content\/uploads\/2023\/10\/DoktorVOLT-black-png.png\",\"contentUrl\":\"https:\/\/doktorvolt.pl\/wp-content\/uploads\/2023\/10\/DoktorVOLT-black-png.png\",\"width\":729,\"height\":40,\"caption\":\"DOKTORVOLT\u00ae\"},\"image\":{\"@id\":\"https:\/\/doktorvolt.pl\/de\/#\/schema\/logo\/image\/\"}}]}<\/script>\n<!-- \/ Yoast SEO plugin. -->","yoast_head_json":{"title":"Wy\u0142\u0105cznik nadpr\u0105dowy 3P C63 Doktorvolt 0768 - DOKTORVOLT\u00ae","robots":{"index":"index","follow":"follow","max-snippet":"max-snippet:-1","max-image-preview":"max-image-preview:large","max-video-preview":"max-video-preview:-1"},"canonical":"https:\/\/doktorvolt.pl\/en\/oferta-doktorvolt\/modular-apparatus\/overcurrent-circuit-breakers\/miniature-circuit-breakers-6ka\/wylacznik-nadpradowy-3p-c63-doktorvolt-0768\/","og_locale":"en_US","og_type":"article","og_title":"Wy\u0142\u0105cznik nadpr\u0105dowy 3P C63 Doktorvolt 0768 - DOKTORVOLT\u00ae","og_description":"Wy\u0142\u0105cznik nadpr\u0105dowy jest stosowany do ochrony elektrycznej. Zapewnia bezpiecze\u0144stwo dla wielu aplikacji.","og_url":"https:\/\/doktorvolt.pl\/en\/oferta-doktorvolt\/modular-apparatus\/overcurrent-circuit-breakers\/miniature-circuit-breakers-6ka\/wylacznik-nadpradowy-3p-c63-doktorvolt-0768\/","og_site_name":"DOKTORVOLT\u00ae","og_image":[{"width":1000,"height":1000,"url":"https:\/\/doktorvolt.pl\/wp-content\/uploads\/2026\/02\/pol_pl_16877-16877_3.jpg","type":"image\/jpeg"}],"twitter_card":"summary_large_image","twitter_misc":{"Est. reading time":"1 minute"},"schema":{"@context":"https:\/\/schema.org","@graph":[{"@type":"WebPage","@id":"https:\/\/doktorvolt.pl\/en\/oferta-doktorvolt\/modular-apparatus\/overcurrent-circuit-breakers\/miniature-circuit-breakers-6ka\/wylacznik-nadpradowy-3p-c63-doktorvolt-0768\/","url":"https:\/\/doktorvolt.pl\/en\/oferta-doktorvolt\/modular-apparatus\/overcurrent-circuit-breakers\/miniature-circuit-breakers-6ka\/wylacznik-nadpradowy-3p-c63-doktorvolt-0768\/","name":"Wy\u0142\u0105cznik nadpr\u0105dowy 3P C63 Doktorvolt 0768 - DOKTORVOLT\u00ae","isPartOf":{"@id":"https:\/\/doktorvolt.pl\/de\/#website"},"primaryImageOfPage":{"@id":"https:\/\/doktorvolt.pl\/en\/oferta-doktorvolt\/modular-apparatus\/overcurrent-circuit-breakers\/miniature-circuit-breakers-6ka\/wylacznik-nadpradowy-3p-c63-doktorvolt-0768\/#primaryimage"},"image":{"@id":"https:\/\/doktorvolt.pl\/en\/oferta-doktorvolt\/modular-apparatus\/overcurrent-circuit-breakers\/miniature-circuit-breakers-6ka\/wylacznik-nadpradowy-3p-c63-doktorvolt-0768\/#primaryimage"},"thumbnailUrl":"https:\/\/doktorvolt.pl\/wp-content\/uploads\/2026\/02\/pol_pl_16877-16877_3.jpg","datePublished":"2026-02-23T13:59:54+00:00","breadcrumb":{"@id":"https:\/\/doktorvolt.pl\/en\/oferta-doktorvolt\/modular-apparatus\/overcurrent-circuit-breakers\/miniature-circuit-breakers-6ka\/wylacznik-nadpradowy-3p-c63-doktorvolt-0768\/#breadcrumb"},"inLanguage":"en-US","potentialAction":[{"@type":"ReadAction","target":["https:\/\/doktorvolt.pl\/en\/oferta-doktorvolt\/modular-apparatus\/overcurrent-circuit-breakers\/miniature-circuit-breakers-6ka\/wylacznik-nadpradowy-3p-c63-doktorvolt-0768\/"]}]},{"@type":"ImageObject","inLanguage":"en-US","@id":"https:\/\/doktorvolt.pl\/en\/oferta-doktorvolt\/modular-apparatus\/overcurrent-circuit-breakers\/miniature-circuit-breakers-6ka\/wylacznik-nadpradowy-3p-c63-doktorvolt-0768\/#primaryimage","url":"https:\/\/doktorvolt.pl\/wp-content\/uploads\/2026\/02\/pol_pl_16877-16877_3.jpg","contentUrl":"https:\/\/doktorvolt.pl\/wp-content\/uploads\/2026\/02\/pol_pl_16877-16877_3.jpg","width":1000,"height":1000},{"@type":"BreadcrumbList","@id":"https:\/\/doktorvolt.pl\/en\/oferta-doktorvolt\/modular-apparatus\/overcurrent-circuit-breakers\/miniature-circuit-breakers-6ka\/wylacznik-nadpradowy-3p-c63-doktorvolt-0768\/#breadcrumb","itemListElement":[{"@type":"ListItem","position":1,"name":"Strona g\u0142\u00f3wna","item":"https:\/\/doktorvolt.pl\/en\/"},{"@type":"ListItem","position":2,"name":"Offer Doktorvolt","item":"https:\/\/doktorvolt.pl\/en\/offer-doktorvolt\/"},{"@type":"ListItem","position":3,"name":"Wy\u0142\u0105cznik nadpr\u0105dowy 3P C63 Doktorvolt 0768"}]},{"@type":"WebSite","@id":"https:\/\/doktorvolt.pl\/de\/#website","url":"https:\/\/doktorvolt.pl\/de\/","name":"DOKTORVOLT\u00ae","description":"Producent rozdzielnic budowlanych","publisher":{"@id":"https:\/\/doktorvolt.pl\/de\/#organization"},"potentialAction":[{"@type":"SearchAction","target":{"@type":"EntryPoint","urlTemplate":"https:\/\/doktorvolt.pl\/de\/?s={search_term_string}"},"query-input":{"@type":"PropertyValueSpecification","valueRequired":true,"valueName":"search_term_string"}}],"inLanguage":"en-US"},{"@type":"Organization","@id":"https:\/\/doktorvolt.pl\/de\/#organization","name":"DOKTORVOLT\u00ae","url":"https:\/\/doktorvolt.pl\/de\/","logo":{"@type":"ImageObject","inLanguage":"en-US","@id":"https:\/\/doktorvolt.pl\/de\/#\/schema\/logo\/image\/","url":"https:\/\/doktorvolt.pl\/wp-content\/uploads\/2023\/10\/DoktorVOLT-black-png.png","contentUrl":"https:\/\/doktorvolt.pl\/wp-content\/uploads\/2023\/10\/DoktorVOLT-black-png.png","width":729,"height":40,"caption":"DOKTORVOLT\u00ae"},"image":{"@id":"https:\/\/doktorvolt.pl\/de\/#\/schema\/logo\/image\/"}}]}},"_links":{"self":[{"href":"https:\/\/doktorvolt.pl\/en\/wp-json\/wp\/v2\/product\/110704","targetHints":{"allow":["GET"]}}],"collection":[{"href":"https:\/\/doktorvolt.pl\/en\/wp-json\/wp\/v2\/product"}],"about":[{"href":"https:\/\/doktorvolt.pl\/en\/wp-json\/wp\/v2\/types\/product"}],"wp:featuredmedia":[{"embeddable":true,"href":"https:\/\/doktorvolt.pl\/en\/wp-json\/wp\/v2\/media\/105273"}],"wp:attachment":[{"href":"https:\/\/doktorvolt.pl\/en\/wp-json\/wp\/v2\/media?parent=110704"}],"wp:term":[{"taxonomy":"product_brand","embeddable":true,"href":"https:\/\/doktorvolt.pl\/en\/wp-json\/wp\/v2\/product_brand?post=110704"},{"taxonomy":"product_cat","embeddable":true,"href":"https:\/\/doktorvolt.pl\/en\/wp-json\/wp\/v2\/product_cat?post=110704"},{"taxonomy":"product_tag","embeddable":true,"href":"https:\/\/doktorvolt.pl\/en\/wp-json\/wp\/v2\/product_tag?post=110704"}],"curies":[{"name":"wp","href":"https:\/\/api.w.org\/{rel}","templated":true}]}}