{"id":110715,"date":"2026-02-23T15:59:32","date_gmt":"2026-02-23T13:59:32","guid":{"rendered":"https:\/\/doktorvolt.pl\/sklep\/uncategorized\/skrzynka-rozdzielcza-sibox-6-4-2-metalowa-ip65-rozdzielnia-elektryczna-doktorvolt-natynkowa-i-podtynkowa-1802\/"},"modified":"2026-02-23T15:59:32","modified_gmt":"2026-02-23T13:59:32","slug":"skrzynka-rozdzielcza-sibox-6-4-2-metalowa-ip65-rozdzielnia-elektryczna-doktorvolt-natynkowa-i-podtynkowa-1802","status":"publish","type":"product","link":"https:\/\/doktorvolt.pl\/en\/oferta-doktorvolt\/modular-distribution-boards\/sibox-series\/skrzynka-rozdzielcza-sibox-6-4-2-metalowa-ip65-rozdzielnia-elektryczna-doktorvolt-natynkowa-i-podtynkowa-1802\/","title":{"rendered":"Skrzynka rozdzielcza SiBox 6.4.2 metalowa IP65 rozdzielnia elektryczna Doktorvolt natynkowa i podtynkowa 1802"},"content":{"rendered":"<h1 class=\"page-title\" style=\"text-align: center;\"><span style=\"color: #000000;\">Metalowa skrzynka rozdzielcza <\/span>SiBox\u00a0 &#8211; idealne rozwi\u0105zanie dla Twojej instalacji elektrycznej<\/h1>\n<p><\/p>\n<p style=\"font-size: 13pt; text-align: left;\"><span style=\"font-size: 17.3333px;\"><span style=\"color: #000000;\"><strong>Skrzynki elektryczne s\u0105 wykonane z wysokiej jako\u015bci metalu<\/strong> i posiadaj\u0105 precyzyjnie zaprojektowane zamki, mocne zawiasy, uszczelki.\u00a0Dzi\u0119ki wodoszczelnej i odpornej na korozj\u0119 skrzynce <strong>z ochron\u0105 IP65<\/strong>, mo\u017cesz cieszy\u0107 si\u0119 d\u0142ugotrwa\u0142\u0105 ochron\u0105 i bezpiecze\u0144stwem w ka\u017cdych warunkach.<\/span><\/span><\/p>\n<p style=\"font-size: 13pt; text-align: left;\"><span style=\"font-size: 17.3333px;\"><span style=\"color: #000000;\"><strong>Solidne konstrukcje metalowe &#8211; wykonane z blachy stalowej o grubo\u015bci 1,2 mm<\/strong>, precyzyjnie wyci\u0119te i spawane laserowo, charakteryzuj\u0105 si\u0119 <strong>wyj\u0105tkowo trwa\u0142\u0105 struktur\u0105<\/strong> i zapewniaj\u0105 skuteczn\u0105 ochron\u0119 komponent\u00f3w w trudnych warunkach \u015brodowiskowych.<\/span><\/span><\/p>\n<p style=\"font-size: 13pt; text-align: left;\"><span style=\"font-size: 17.3333px;\"><span style=\"color: #000000;\">Metalowe skrzynki zosta\u0142y zaprojektowane zar\u00f3wno <strong>do monta\u017cu na \u015bcianie, jak i do monta\u017cu w zabudowie<\/strong>, umo\u017cliwiaj\u0105c instalacj\u0119 dodatkowych komponent\u00f3w. <\/span><\/span><\/p>\n<p style=\"font-size: 13pt; text-align: left;\"><span style=\"font-size: 17.3333px;\"><span style=\"color: #000000;\"><strong>Klasa IP65 jest zapewniona dzi\u0119ki uszczelce z plastikowej gumy<\/strong>, kt\u00f3ra charakteryzuje si\u0119 doskona\u0142\u0105 odporno\u015bci\u0105 na wod\u0119 i py\u0142. Cz\u0119sto stosowane w budynkach przemys\u0142owych, handlowych oraz prywatnych.<\/span><\/span><\/p>\n<p style=\"font-size: 13pt; text-align: left;\"><span style=\"font-size: 17.3333px;\"><span style=\"color: #000000;\"><strong>Wprowadzanie kabli mo\u017cliwe jest zar\u00f3wno z g\u00f3ry, jak i od do\u0142u, w zale\u017cno\u015bci od Twoich potrzeb.<\/strong>.<\/span><\/span><\/p>\n<p style=\"font-size: 13pt; text-align: left;\"><span style=\"font-size: 17.3333px;\"><span style=\"color: #000000;\">Obudowy elektryczne s\u0105 wyposa\u017cone w <strong>ocynkowan\u0105 p\u0142yt\u0119 monta\u017cow\u0105<\/strong>, co u\u0142atwia instalacj\u0119 wszystkich wewn\u0119trznych urz\u0105dze\u0144.<\/span><\/span><\/p>\n<p style=\"font-size: 13pt; text-align: left;\"><span style=\"font-size: 17.3333px;\"><span style=\"color: #000000;\">Bezpiecze\u0144stwo obud\u00f3w jest zwi\u0119kszone dzi\u0119ki specjalnie zaprojektowanym drzwiom o wysokiej wytrzyma\u0142o\u015bci, wzmocnionemu zamkowi i solidnym zawiasom.<\/span><\/span><\/p>\n<p style=\"font-size: 13pt; text-align: left;\"><strong><span style=\"font-size: 17.3333px;\"><span style=\"color: #000000;\"> Zestaw akcesori\u00f3w zawiera cztery specjalistyczne haczyki wraz z wszystkimi niezb\u0119dnymi elementami, upraszczaj\u0105c procedur\u0119 monta\u017cu na \u015bcianie dla paneli.<img decoding=\"async\" src=\"\/data\/include\/cms\/description\/img\/cms\/Zdj\u0119cia produkt\u00f3w 2024\/SiBox\/6 4 2\/SiBox 6-4-2 (1).png\" alt=\"Skrzynka rozdzielcza SiBox 6.4.2 metalowa IP65 rozdzielnia elektryczna Doktorvolt natynkowa i podtynkowa 1802\" width=\"400\" height=\"400\" style=\"float: right;\"><\/span><\/span><\/strong><strong><span style=\"font-size: 17.3333px;\"><\/span><\/strong><\/p>\n<p style=\"font-size: 13pt; text-align: left;\"><span style=\"text-decoration: underline;\"><strong><span style=\"color: #000000; text-decoration: underline;\">Dane techniczne rozdzielnicy:<\/span><\/strong><\/span><\/p>\n<ul>\n<li style=\"font-size: 13pt; text-align: left;\"><span style=\"color: #000000;\">Stopie\u0144 ochrony: <strong>IP65<\/strong><\/span><\/li>\n<li style=\"font-size: 13pt; text-align: left;\"><span style=\"color: #000000;\">Pr\u0105d znamionowy: <strong>125A<\/strong><\/span><\/li>\n<li style=\"font-size: 13pt; text-align: left;\"><span style=\"color: #000000;\">Napi\u0119cie znamionowe: <strong>Un\u00a0<\/strong><\/span><span style=\"font-size: 17.3333px;\"><b>230\/400V, 50Hz<\/b><\/span><\/li>\n<li style=\"font-size: 13pt; text-align: left;\"><span style=\"color: #000000;\">Napi\u0119cie znamionowe izolacji: <strong>Ui\u00a0<\/strong><\/span><span style=\"font-size: 17.3333px;\"><b>500 V<\/b><\/span><\/li>\n<li style=\"font-size: 13pt; text-align: left;\"><span style=\"color: #000000;\">Ochrona przed zewn\u0119trznymi uderzeniami mechanicznymi: <strong>IK07<\/strong><\/span><\/li>\n<li style=\"font-size: 13pt; text-align: left;\"><span style=\"color: #000000;\">Temperatura otoczenia: <strong>-5\u00b0C &#8211; + 40\u00b0C<\/strong><\/span><\/li>\n<li style=\"font-size: 13pt; text-align: left;\"><span style=\"color: #000000;\">Klasa izolacji: <strong>I<\/strong><\/span><\/li>\n<li style=\"font-size: 13pt; text-align: left;\"><span style=\"color: #000000;\">Szeroko\u015b\u0107: <strong>400mm<br \/><\/strong><\/span><\/li>\n<li style=\"font-size: 13pt; text-align: left;\"><span style=\"color: #000000;\">Wysoko\u015b\u0107: <strong>600mm<\/strong><\/span><\/li>\n<li style=\"font-size: 13pt; text-align: left;\"><span style=\"color: #000000;\">D\u0142ugo\u015b\u0107: <strong>200mm<\/strong><\/span><\/li>\n<li style=\"font-size: 13pt; text-align: left;\"><span style=\"color: #000000;\">Kolor:RAL7035<\/span><\/li>\n<\/ul>\n","protected":false},"excerpt":{"rendered":"<p>Metalowa skrzynka rozdzielcza wykonana z wysokiej jako\u015bci stali nierdzewnej, zapewniaj\u0105ca bezpiecze\u0144stwo wewn\u0119trznych komponent\u00f3w elektronicznych.<\/p>\n","protected":false},"featured_media":105227,"template":"","meta":[],"product_brand":[],"product_cat":[5149],"product_tag":[],"class_list":{"0":"post-110715","1":"product","2":"type-product","3":"status-publish","4":"has-post-thumbnail","6":"product_cat-sibox-series","7":"pa_material-metal","8":"pa_stopien-ochrony-ip65","9":"pa_typ-montazu-montaz-natynkowy","10":"pa_wymiary-szer-wys-gl-mm-400-600-200","12":"first","13":"instock","14":"shipping-taxable","15":"product-type-external"},"yoast_head":"<!-- This site is optimized with the Yoast SEO plugin v27.0 - https:\/\/yoast.com\/product\/yoast-seo-wordpress\/ -->\n<title>Skrzynka rozdzielcza SiBox 6.4.2 metalowa IP65 rozdzielnia elektryczna Doktorvolt natynkowa i podtynkowa 1802 - DOKTORVOLT\u00ae<\/title>\n<meta name=\"robots\" content=\"index, follow, max-snippet:-1, max-image-preview:large, max-video-preview:-1\" \/>\n<link rel=\"canonical\" href=\"https:\/\/doktorvolt.pl\/en\/oferta-doktorvolt\/modular-distribution-boards\/sibox-series\/skrzynka-rozdzielcza-sibox-6-4-2-metalowa-ip65-rozdzielnia-elektryczna-doktorvolt-natynkowa-i-podtynkowa-1802\/\" \/>\n<meta property=\"og:locale\" content=\"en_US\" \/>\n<meta property=\"og:type\" content=\"article\" \/>\n<meta property=\"og:title\" content=\"Skrzynka rozdzielcza SiBox 6.4.2 metalowa IP65 rozdzielnia elektryczna Doktorvolt natynkowa i podtynkowa 1802 - DOKTORVOLT\u00ae\" \/>\n<meta property=\"og:description\" content=\"Metalowa skrzynka rozdzielcza wykonana z wysokiej jako\u015bci stali nierdzewnej, zapewniaj\u0105ca bezpiecze\u0144stwo wewn\u0119trznych komponent\u00f3w elektronicznych.\" \/>\n<meta property=\"og:url\" content=\"https:\/\/doktorvolt.pl\/en\/oferta-doktorvolt\/modular-distribution-boards\/sibox-series\/skrzynka-rozdzielcza-sibox-6-4-2-metalowa-ip65-rozdzielnia-elektryczna-doktorvolt-natynkowa-i-podtynkowa-1802\/\" \/>\n<meta property=\"og:site_name\" content=\"DOKTORVOLT\u00ae\" \/>\n<meta property=\"og:image\" content=\"https:\/\/doktorvolt.pl\/wp-content\/uploads\/2026\/02\/pol_pl_16830-16830_1.jpg\" \/>\n\t<meta property=\"og:image:width\" content=\"1000\" \/>\n\t<meta property=\"og:image:height\" content=\"1000\" \/>\n\t<meta property=\"og:image:type\" content=\"image\/jpeg\" \/>\n<meta name=\"twitter:card\" content=\"summary_large_image\" \/>\n<meta name=\"twitter:label1\" content=\"Est. reading time\" \/>\n\t<meta name=\"twitter:data1\" content=\"1 minute\" \/>\n<script type=\"application\/ld+json\" class=\"yoast-schema-graph\">{\"@context\":\"https:\/\/schema.org\",\"@graph\":[{\"@type\":\"WebPage\",\"@id\":\"https:\/\/doktorvolt.pl\/en\/oferta-doktorvolt\/modular-distribution-boards\/sibox-series\/skrzynka-rozdzielcza-sibox-6-4-2-metalowa-ip65-rozdzielnia-elektryczna-doktorvolt-natynkowa-i-podtynkowa-1802\/\",\"url\":\"https:\/\/doktorvolt.pl\/en\/oferta-doktorvolt\/modular-distribution-boards\/sibox-series\/skrzynka-rozdzielcza-sibox-6-4-2-metalowa-ip65-rozdzielnia-elektryczna-doktorvolt-natynkowa-i-podtynkowa-1802\/\",\"name\":\"Skrzynka rozdzielcza SiBox 6.4.2 metalowa IP65 rozdzielnia elektryczna Doktorvolt natynkowa i podtynkowa 1802 - DOKTORVOLT\u00ae\",\"isPartOf\":{\"@id\":\"https:\/\/doktorvolt.pl\/de\/#website\"},\"primaryImageOfPage\":{\"@id\":\"https:\/\/doktorvolt.pl\/en\/oferta-doktorvolt\/modular-distribution-boards\/sibox-series\/skrzynka-rozdzielcza-sibox-6-4-2-metalowa-ip65-rozdzielnia-elektryczna-doktorvolt-natynkowa-i-podtynkowa-1802\/#primaryimage\"},\"image\":{\"@id\":\"https:\/\/doktorvolt.pl\/en\/oferta-doktorvolt\/modular-distribution-boards\/sibox-series\/skrzynka-rozdzielcza-sibox-6-4-2-metalowa-ip65-rozdzielnia-elektryczna-doktorvolt-natynkowa-i-podtynkowa-1802\/#primaryimage\"},\"thumbnailUrl\":\"https:\/\/doktorvolt.pl\/wp-content\/uploads\/2026\/02\/pol_pl_16830-16830_1.jpg\",\"datePublished\":\"2026-02-23T13:59:32+00:00\",\"breadcrumb\":{\"@id\":\"https:\/\/doktorvolt.pl\/en\/oferta-doktorvolt\/modular-distribution-boards\/sibox-series\/skrzynka-rozdzielcza-sibox-6-4-2-metalowa-ip65-rozdzielnia-elektryczna-doktorvolt-natynkowa-i-podtynkowa-1802\/#breadcrumb\"},\"inLanguage\":\"en-US\",\"potentialAction\":[{\"@type\":\"ReadAction\",\"target\":[\"https:\/\/doktorvolt.pl\/en\/oferta-doktorvolt\/modular-distribution-boards\/sibox-series\/skrzynka-rozdzielcza-sibox-6-4-2-metalowa-ip65-rozdzielnia-elektryczna-doktorvolt-natynkowa-i-podtynkowa-1802\/\"]}]},{\"@type\":\"ImageObject\",\"inLanguage\":\"en-US\",\"@id\":\"https:\/\/doktorvolt.pl\/en\/oferta-doktorvolt\/modular-distribution-boards\/sibox-series\/skrzynka-rozdzielcza-sibox-6-4-2-metalowa-ip65-rozdzielnia-elektryczna-doktorvolt-natynkowa-i-podtynkowa-1802\/#primaryimage\",\"url\":\"https:\/\/doktorvolt.pl\/wp-content\/uploads\/2026\/02\/pol_pl_16830-16830_1.jpg\",\"contentUrl\":\"https:\/\/doktorvolt.pl\/wp-content\/uploads\/2026\/02\/pol_pl_16830-16830_1.jpg\",\"width\":1000,\"height\":1000},{\"@type\":\"BreadcrumbList\",\"@id\":\"https:\/\/doktorvolt.pl\/en\/oferta-doktorvolt\/modular-distribution-boards\/sibox-series\/skrzynka-rozdzielcza-sibox-6-4-2-metalowa-ip65-rozdzielnia-elektryczna-doktorvolt-natynkowa-i-podtynkowa-1802\/#breadcrumb\",\"itemListElement\":[{\"@type\":\"ListItem\",\"position\":1,\"name\":\"Strona g\u0142\u00f3wna\",\"item\":\"https:\/\/doktorvolt.pl\/en\/\"},{\"@type\":\"ListItem\",\"position\":2,\"name\":\"Offer Doktorvolt\",\"item\":\"https:\/\/doktorvolt.pl\/en\/offer-doktorvolt\/\"},{\"@type\":\"ListItem\",\"position\":3,\"name\":\"Skrzynka rozdzielcza SiBox 6.4.2 metalowa IP65 rozdzielnia elektryczna Doktorvolt natynkowa i podtynkowa 1802\"}]},{\"@type\":\"WebSite\",\"@id\":\"https:\/\/doktorvolt.pl\/de\/#website\",\"url\":\"https:\/\/doktorvolt.pl\/de\/\",\"name\":\"DOKTORVOLT\u00ae\",\"description\":\"Producent rozdzielnic budowlanych\",\"publisher\":{\"@id\":\"https:\/\/doktorvolt.pl\/de\/#organization\"},\"potentialAction\":[{\"@type\":\"SearchAction\",\"target\":{\"@type\":\"EntryPoint\",\"urlTemplate\":\"https:\/\/doktorvolt.pl\/de\/?s={search_term_string}\"},\"query-input\":{\"@type\":\"PropertyValueSpecification\",\"valueRequired\":true,\"valueName\":\"search_term_string\"}}],\"inLanguage\":\"en-US\"},{\"@type\":\"Organization\",\"@id\":\"https:\/\/doktorvolt.pl\/de\/#organization\",\"name\":\"DOKTORVOLT\u00ae\",\"url\":\"https:\/\/doktorvolt.pl\/de\/\",\"logo\":{\"@type\":\"ImageObject\",\"inLanguage\":\"en-US\",\"@id\":\"https:\/\/doktorvolt.pl\/de\/#\/schema\/logo\/image\/\",\"url\":\"https:\/\/doktorvolt.pl\/wp-content\/uploads\/2023\/10\/DoktorVOLT-black-png.png\",\"contentUrl\":\"https:\/\/doktorvolt.pl\/wp-content\/uploads\/2023\/10\/DoktorVOLT-black-png.png\",\"width\":729,\"height\":40,\"caption\":\"DOKTORVOLT\u00ae\"},\"image\":{\"@id\":\"https:\/\/doktorvolt.pl\/de\/#\/schema\/logo\/image\/\"}}]}<\/script>\n<!-- \/ Yoast SEO plugin. -->","yoast_head_json":{"title":"Skrzynka rozdzielcza SiBox 6.4.2 metalowa IP65 rozdzielnia elektryczna Doktorvolt natynkowa i podtynkowa 1802 - DOKTORVOLT\u00ae","robots":{"index":"index","follow":"follow","max-snippet":"max-snippet:-1","max-image-preview":"max-image-preview:large","max-video-preview":"max-video-preview:-1"},"canonical":"https:\/\/doktorvolt.pl\/en\/oferta-doktorvolt\/modular-distribution-boards\/sibox-series\/skrzynka-rozdzielcza-sibox-6-4-2-metalowa-ip65-rozdzielnia-elektryczna-doktorvolt-natynkowa-i-podtynkowa-1802\/","og_locale":"en_US","og_type":"article","og_title":"Skrzynka rozdzielcza SiBox 6.4.2 metalowa IP65 rozdzielnia elektryczna Doktorvolt natynkowa i podtynkowa 1802 - DOKTORVOLT\u00ae","og_description":"Metalowa skrzynka rozdzielcza wykonana z wysokiej jako\u015bci stali nierdzewnej, zapewniaj\u0105ca bezpiecze\u0144stwo wewn\u0119trznych komponent\u00f3w elektronicznych.","og_url":"https:\/\/doktorvolt.pl\/en\/oferta-doktorvolt\/modular-distribution-boards\/sibox-series\/skrzynka-rozdzielcza-sibox-6-4-2-metalowa-ip65-rozdzielnia-elektryczna-doktorvolt-natynkowa-i-podtynkowa-1802\/","og_site_name":"DOKTORVOLT\u00ae","og_image":[{"width":1000,"height":1000,"url":"https:\/\/doktorvolt.pl\/wp-content\/uploads\/2026\/02\/pol_pl_16830-16830_1.jpg","type":"image\/jpeg"}],"twitter_card":"summary_large_image","twitter_misc":{"Est. reading time":"1 minute"},"schema":{"@context":"https:\/\/schema.org","@graph":[{"@type":"WebPage","@id":"https:\/\/doktorvolt.pl\/en\/oferta-doktorvolt\/modular-distribution-boards\/sibox-series\/skrzynka-rozdzielcza-sibox-6-4-2-metalowa-ip65-rozdzielnia-elektryczna-doktorvolt-natynkowa-i-podtynkowa-1802\/","url":"https:\/\/doktorvolt.pl\/en\/oferta-doktorvolt\/modular-distribution-boards\/sibox-series\/skrzynka-rozdzielcza-sibox-6-4-2-metalowa-ip65-rozdzielnia-elektryczna-doktorvolt-natynkowa-i-podtynkowa-1802\/","name":"Skrzynka rozdzielcza SiBox 6.4.2 metalowa IP65 rozdzielnia elektryczna Doktorvolt natynkowa i podtynkowa 1802 - DOKTORVOLT\u00ae","isPartOf":{"@id":"https:\/\/doktorvolt.pl\/de\/#website"},"primaryImageOfPage":{"@id":"https:\/\/doktorvolt.pl\/en\/oferta-doktorvolt\/modular-distribution-boards\/sibox-series\/skrzynka-rozdzielcza-sibox-6-4-2-metalowa-ip65-rozdzielnia-elektryczna-doktorvolt-natynkowa-i-podtynkowa-1802\/#primaryimage"},"image":{"@id":"https:\/\/doktorvolt.pl\/en\/oferta-doktorvolt\/modular-distribution-boards\/sibox-series\/skrzynka-rozdzielcza-sibox-6-4-2-metalowa-ip65-rozdzielnia-elektryczna-doktorvolt-natynkowa-i-podtynkowa-1802\/#primaryimage"},"thumbnailUrl":"https:\/\/doktorvolt.pl\/wp-content\/uploads\/2026\/02\/pol_pl_16830-16830_1.jpg","datePublished":"2026-02-23T13:59:32+00:00","breadcrumb":{"@id":"https:\/\/doktorvolt.pl\/en\/oferta-doktorvolt\/modular-distribution-boards\/sibox-series\/skrzynka-rozdzielcza-sibox-6-4-2-metalowa-ip65-rozdzielnia-elektryczna-doktorvolt-natynkowa-i-podtynkowa-1802\/#breadcrumb"},"inLanguage":"en-US","potentialAction":[{"@type":"ReadAction","target":["https:\/\/doktorvolt.pl\/en\/oferta-doktorvolt\/modular-distribution-boards\/sibox-series\/skrzynka-rozdzielcza-sibox-6-4-2-metalowa-ip65-rozdzielnia-elektryczna-doktorvolt-natynkowa-i-podtynkowa-1802\/"]}]},{"@type":"ImageObject","inLanguage":"en-US","@id":"https:\/\/doktorvolt.pl\/en\/oferta-doktorvolt\/modular-distribution-boards\/sibox-series\/skrzynka-rozdzielcza-sibox-6-4-2-metalowa-ip65-rozdzielnia-elektryczna-doktorvolt-natynkowa-i-podtynkowa-1802\/#primaryimage","url":"https:\/\/doktorvolt.pl\/wp-content\/uploads\/2026\/02\/pol_pl_16830-16830_1.jpg","contentUrl":"https:\/\/doktorvolt.pl\/wp-content\/uploads\/2026\/02\/pol_pl_16830-16830_1.jpg","width":1000,"height":1000},{"@type":"BreadcrumbList","@id":"https:\/\/doktorvolt.pl\/en\/oferta-doktorvolt\/modular-distribution-boards\/sibox-series\/skrzynka-rozdzielcza-sibox-6-4-2-metalowa-ip65-rozdzielnia-elektryczna-doktorvolt-natynkowa-i-podtynkowa-1802\/#breadcrumb","itemListElement":[{"@type":"ListItem","position":1,"name":"Strona g\u0142\u00f3wna","item":"https:\/\/doktorvolt.pl\/en\/"},{"@type":"ListItem","position":2,"name":"Offer Doktorvolt","item":"https:\/\/doktorvolt.pl\/en\/offer-doktorvolt\/"},{"@type":"ListItem","position":3,"name":"Skrzynka rozdzielcza SiBox 6.4.2 metalowa IP65 rozdzielnia elektryczna Doktorvolt natynkowa i podtynkowa 1802"}]},{"@type":"WebSite","@id":"https:\/\/doktorvolt.pl\/de\/#website","url":"https:\/\/doktorvolt.pl\/de\/","name":"DOKTORVOLT\u00ae","description":"Producent rozdzielnic budowlanych","publisher":{"@id":"https:\/\/doktorvolt.pl\/de\/#organization"},"potentialAction":[{"@type":"SearchAction","target":{"@type":"EntryPoint","urlTemplate":"https:\/\/doktorvolt.pl\/de\/?s={search_term_string}"},"query-input":{"@type":"PropertyValueSpecification","valueRequired":true,"valueName":"search_term_string"}}],"inLanguage":"en-US"},{"@type":"Organization","@id":"https:\/\/doktorvolt.pl\/de\/#organization","name":"DOKTORVOLT\u00ae","url":"https:\/\/doktorvolt.pl\/de\/","logo":{"@type":"ImageObject","inLanguage":"en-US","@id":"https:\/\/doktorvolt.pl\/de\/#\/schema\/logo\/image\/","url":"https:\/\/doktorvolt.pl\/wp-content\/uploads\/2023\/10\/DoktorVOLT-black-png.png","contentUrl":"https:\/\/doktorvolt.pl\/wp-content\/uploads\/2023\/10\/DoktorVOLT-black-png.png","width":729,"height":40,"caption":"DOKTORVOLT\u00ae"},"image":{"@id":"https:\/\/doktorvolt.pl\/de\/#\/schema\/logo\/image\/"}}]}},"_links":{"self":[{"href":"https:\/\/doktorvolt.pl\/en\/wp-json\/wp\/v2\/product\/110715","targetHints":{"allow":["GET"]}}],"collection":[{"href":"https:\/\/doktorvolt.pl\/en\/wp-json\/wp\/v2\/product"}],"about":[{"href":"https:\/\/doktorvolt.pl\/en\/wp-json\/wp\/v2\/types\/product"}],"wp:featuredmedia":[{"embeddable":true,"href":"https:\/\/doktorvolt.pl\/en\/wp-json\/wp\/v2\/media\/105227"}],"wp:attachment":[{"href":"https:\/\/doktorvolt.pl\/en\/wp-json\/wp\/v2\/media?parent=110715"}],"wp:term":[{"taxonomy":"product_brand","embeddable":true,"href":"https:\/\/doktorvolt.pl\/en\/wp-json\/wp\/v2\/product_brand?post=110715"},{"taxonomy":"product_cat","embeddable":true,"href":"https:\/\/doktorvolt.pl\/en\/wp-json\/wp\/v2\/product_cat?post=110715"},{"taxonomy":"product_tag","embeddable":true,"href":"https:\/\/doktorvolt.pl\/en\/wp-json\/wp\/v2\/product_tag?post=110715"}],"curies":[{"name":"wp","href":"https:\/\/api.w.org\/{rel}","templated":true}]}}