{"id":110741,"date":"2026-02-23T15:56:53","date_gmt":"2026-02-23T13:56:53","guid":{"rendered":"https:\/\/doktorvolt.pl\/sklep\/uncategorized\/szyna-laczeniowa-grzebieniowa-1-fazowa-2-modulowa-1x10mm2-9321\/"},"modified":"2026-02-23T15:56:53","modified_gmt":"2026-02-23T13:56:53","slug":"szyna-laczeniowa-grzebieniowa-1-fazowa-2-modulowa-1x10mm2-9321","status":"publish","type":"product","link":"https:\/\/doktorvolt.pl\/en\/oferta-doktorvolt\/accessories\/insulated-busbars\/comb-phase-modifier\/szyna-laczeniowa-grzebieniowa-1-fazowa-2-modulowa-1x10mm2-9321\/","title":{"rendered":"Szyna \u0142\u0105czeniowa grzebieniowa 1-fazowa 2 modu\u0142owa 1x10mm2 9321"},"content":{"rendered":"<h1 style=\"font-size: 13pt; text-align: center;\"><span style=\"color: #000000;\">Szyna \u0142\u0105czeniowa grzebieniowa 1-fazowa 2 modu\u0142owa 1x10mm2<\/span><\/h1>\n<p style=\"font-size: 13pt; text-align: justify;\"><span style=\"color: #000000;\">Szyna \u0142\u0105czeniowa grzebieniowa 1-fazowa to <strong>niezast\u0105piony element<\/strong> w instalacjach elektrycznych, zapewniaj\u0105cy <strong>pewne i bezpieczne<\/strong> po\u0142\u0105czenia. Dzi\u0119ki swojej budowie umo\u017cliwia <strong>\u0142atwy monta\u017c<\/strong> i <strong>uniwersalne zastosowanie<\/strong> w r\u00f3\u017cnych typach rozdzielnic.<\/span><\/p>\n<p style=\"font-size: 13pt; text-align: justify;\"><span style=\"color: #000000;\">Produkt wykonany jest z <strong>wysokiej jako\u015bci materia\u0142\u00f3w<\/strong>, co gwarantuje <strong>trwa\u0142o\u015b\u0107<\/strong> i <strong>niezawodno\u015b\u0107<\/strong> nawet w trudnych warunkach eksploatacyjnych. Idealnie nadaje si\u0119 do u\u017cytku zar\u00f3wno w domowych, jak i przemys\u0142owych instalacjach elektrycznych.<\/span><\/p>\n<p style=\"font-size: 13pt;\"><span style=\"color: #000000;\">Kolor szary zapewnia <strong>estetyczny wygl\u0105d<\/strong> oraz <strong>\u0142atw\u0105 identyfikacj\u0119<\/strong> w rozdzielnicy. Produkt jest \u0142atwy w monta\u017cu i zapewnia <strong>bezpieczne po\u0142\u0105czenia<\/strong> elektryczne dzi\u0119ki swojej solidnej konstrukcji.<img decoding=\"async\" src=\"\/data\/include\/cms\/description\/img\/cms\/Zdj\u0119cia produkt\u00f3w 2024\/PRE000054\/PRE00054 (5).png\" alt=\"Szyna \u0142\u0105czeniowa grzebieniowa 1-fazowa 2 modu\u0142owa 1x10mm2 9321\" width=\"400\" height=\"400\" style=\"float: right;\"><\/span><\/p>\n<p style=\"font-size: 13pt; text-align: justify;\"><strong><span style=\"color: #000000;\">Specyfikacja techniczna:<\/span><\/strong><\/p>\n<ul>\n<li style=\"font-size: 13pt; text-align: left;\"><span style=\"color: #000000;\">Przekr\u00f3j &#8211; <strong>10mm2<\/strong><\/span><\/li>\n<li style=\"font-size: 13pt; text-align: left;\"><span style=\"color: #000000;\">Ilo\u015b\u0107 modu\u0142\u00f3w &#8211; <strong>2<\/strong><\/span><\/li>\n<li style=\"font-size: 13pt; text-align: left;\"><span style=\"color: #000000;\">Ilo\u015b\u0107 biegun\u00f3w &#8211; <strong>1<\/strong><\/span><\/li>\n<li style=\"font-size: 13pt; text-align: left;\"><span style=\"color: #000000;\">Kolor &#8211; <strong>szary<\/strong><\/span><\/li>\n<\/ul>\n","protected":false},"excerpt":{"rendered":"<p>Szyna \u0142\u0105czeniowa grzebieniowa 1-fazowa 2 modu\u0142owa 1x10mm2<\/p>\n","protected":false},"featured_media":104964,"template":"","meta":[],"product_brand":[],"product_cat":[5168],"product_tag":[],"class_list":{"0":"post-110741","1":"product","2":"type-product","3":"status-publish","4":"has-post-thumbnail","6":"product_cat-comb-phase-modifier","7":"pa_liczba-biegunow-1p","8":"pa_liczba-modulow-5050","9":"pa_przekroj-10mm2","11":"first","12":"instock","13":"shipping-taxable","14":"product-type-external"},"yoast_head":"<!-- This site is optimized with the Yoast SEO plugin v27.0 - https:\/\/yoast.com\/product\/yoast-seo-wordpress\/ -->\n<title>Szyna \u0142\u0105czeniowa grzebieniowa 1-fazowa 2 modu\u0142owa 1x10mm2 9321 - DOKTORVOLT\u00ae<\/title>\n<meta name=\"robots\" content=\"index, follow, max-snippet:-1, max-image-preview:large, max-video-preview:-1\" \/>\n<link rel=\"canonical\" href=\"https:\/\/doktorvolt.pl\/en\/oferta-doktorvolt\/accessories\/insulated-busbars\/comb-phase-modifier\/szyna-laczeniowa-grzebieniowa-1-fazowa-2-modulowa-1x10mm2-9321\/\" \/>\n<meta property=\"og:locale\" content=\"en_US\" \/>\n<meta property=\"og:type\" content=\"article\" \/>\n<meta property=\"og:title\" content=\"Szyna \u0142\u0105czeniowa grzebieniowa 1-fazowa 2 modu\u0142owa 1x10mm2 9321 - DOKTORVOLT\u00ae\" \/>\n<meta property=\"og:description\" content=\"Szyna \u0142\u0105czeniowa grzebieniowa 1-fazowa 2 modu\u0142owa 1x10mm2\" \/>\n<meta property=\"og:url\" content=\"https:\/\/doktorvolt.pl\/en\/oferta-doktorvolt\/accessories\/insulated-busbars\/comb-phase-modifier\/szyna-laczeniowa-grzebieniowa-1-fazowa-2-modulowa-1x10mm2-9321\/\" \/>\n<meta property=\"og:site_name\" content=\"DOKTORVOLT\u00ae\" \/>\n<meta property=\"og:image\" content=\"https:\/\/doktorvolt.pl\/wp-content\/uploads\/2026\/02\/pol_pl_17766-17766_1.png\" \/>\n\t<meta property=\"og:image:width\" content=\"1000\" \/>\n\t<meta property=\"og:image:height\" content=\"1000\" \/>\n\t<meta property=\"og:image:type\" content=\"image\/png\" \/>\n<meta name=\"twitter:card\" content=\"summary_large_image\" \/>\n<meta name=\"twitter:label1\" content=\"Est. reading time\" \/>\n\t<meta name=\"twitter:data1\" content=\"1 minute\" \/>\n<script type=\"application\/ld+json\" class=\"yoast-schema-graph\">{\"@context\":\"https:\/\/schema.org\",\"@graph\":[{\"@type\":\"WebPage\",\"@id\":\"https:\/\/doktorvolt.pl\/en\/oferta-doktorvolt\/accessories\/insulated-busbars\/comb-phase-modifier\/szyna-laczeniowa-grzebieniowa-1-fazowa-2-modulowa-1x10mm2-9321\/\",\"url\":\"https:\/\/doktorvolt.pl\/en\/oferta-doktorvolt\/accessories\/insulated-busbars\/comb-phase-modifier\/szyna-laczeniowa-grzebieniowa-1-fazowa-2-modulowa-1x10mm2-9321\/\",\"name\":\"Szyna \u0142\u0105czeniowa grzebieniowa 1-fazowa 2 modu\u0142owa 1x10mm2 9321 - DOKTORVOLT\u00ae\",\"isPartOf\":{\"@id\":\"https:\/\/doktorvolt.pl\/de\/#website\"},\"primaryImageOfPage\":{\"@id\":\"https:\/\/doktorvolt.pl\/en\/oferta-doktorvolt\/accessories\/insulated-busbars\/comb-phase-modifier\/szyna-laczeniowa-grzebieniowa-1-fazowa-2-modulowa-1x10mm2-9321\/#primaryimage\"},\"image\":{\"@id\":\"https:\/\/doktorvolt.pl\/en\/oferta-doktorvolt\/accessories\/insulated-busbars\/comb-phase-modifier\/szyna-laczeniowa-grzebieniowa-1-fazowa-2-modulowa-1x10mm2-9321\/#primaryimage\"},\"thumbnailUrl\":\"https:\/\/doktorvolt.pl\/wp-content\/uploads\/2026\/02\/pol_pl_17766-17766_1.png\",\"datePublished\":\"2026-02-23T13:56:53+00:00\",\"breadcrumb\":{\"@id\":\"https:\/\/doktorvolt.pl\/en\/oferta-doktorvolt\/accessories\/insulated-busbars\/comb-phase-modifier\/szyna-laczeniowa-grzebieniowa-1-fazowa-2-modulowa-1x10mm2-9321\/#breadcrumb\"},\"inLanguage\":\"en-US\",\"potentialAction\":[{\"@type\":\"ReadAction\",\"target\":[\"https:\/\/doktorvolt.pl\/en\/oferta-doktorvolt\/accessories\/insulated-busbars\/comb-phase-modifier\/szyna-laczeniowa-grzebieniowa-1-fazowa-2-modulowa-1x10mm2-9321\/\"]}]},{\"@type\":\"ImageObject\",\"inLanguage\":\"en-US\",\"@id\":\"https:\/\/doktorvolt.pl\/en\/oferta-doktorvolt\/accessories\/insulated-busbars\/comb-phase-modifier\/szyna-laczeniowa-grzebieniowa-1-fazowa-2-modulowa-1x10mm2-9321\/#primaryimage\",\"url\":\"https:\/\/doktorvolt.pl\/wp-content\/uploads\/2026\/02\/pol_pl_17766-17766_1.png\",\"contentUrl\":\"https:\/\/doktorvolt.pl\/wp-content\/uploads\/2026\/02\/pol_pl_17766-17766_1.png\",\"width\":1000,\"height\":1000},{\"@type\":\"BreadcrumbList\",\"@id\":\"https:\/\/doktorvolt.pl\/en\/oferta-doktorvolt\/accessories\/insulated-busbars\/comb-phase-modifier\/szyna-laczeniowa-grzebieniowa-1-fazowa-2-modulowa-1x10mm2-9321\/#breadcrumb\",\"itemListElement\":[{\"@type\":\"ListItem\",\"position\":1,\"name\":\"Strona g\u0142\u00f3wna\",\"item\":\"https:\/\/doktorvolt.pl\/en\/\"},{\"@type\":\"ListItem\",\"position\":2,\"name\":\"Offer Doktorvolt\",\"item\":\"https:\/\/doktorvolt.pl\/en\/offer-doktorvolt\/\"},{\"@type\":\"ListItem\",\"position\":3,\"name\":\"Szyna \u0142\u0105czeniowa grzebieniowa 1-fazowa 2 modu\u0142owa 1x10mm2 9321\"}]},{\"@type\":\"WebSite\",\"@id\":\"https:\/\/doktorvolt.pl\/de\/#website\",\"url\":\"https:\/\/doktorvolt.pl\/de\/\",\"name\":\"DOKTORVOLT\u00ae\",\"description\":\"Producent rozdzielnic budowlanych\",\"publisher\":{\"@id\":\"https:\/\/doktorvolt.pl\/de\/#organization\"},\"potentialAction\":[{\"@type\":\"SearchAction\",\"target\":{\"@type\":\"EntryPoint\",\"urlTemplate\":\"https:\/\/doktorvolt.pl\/de\/?s={search_term_string}\"},\"query-input\":{\"@type\":\"PropertyValueSpecification\",\"valueRequired\":true,\"valueName\":\"search_term_string\"}}],\"inLanguage\":\"en-US\"},{\"@type\":\"Organization\",\"@id\":\"https:\/\/doktorvolt.pl\/de\/#organization\",\"name\":\"DOKTORVOLT\u00ae\",\"url\":\"https:\/\/doktorvolt.pl\/de\/\",\"logo\":{\"@type\":\"ImageObject\",\"inLanguage\":\"en-US\",\"@id\":\"https:\/\/doktorvolt.pl\/de\/#\/schema\/logo\/image\/\",\"url\":\"https:\/\/doktorvolt.pl\/wp-content\/uploads\/2023\/10\/DoktorVOLT-black-png.png\",\"contentUrl\":\"https:\/\/doktorvolt.pl\/wp-content\/uploads\/2023\/10\/DoktorVOLT-black-png.png\",\"width\":729,\"height\":40,\"caption\":\"DOKTORVOLT\u00ae\"},\"image\":{\"@id\":\"https:\/\/doktorvolt.pl\/de\/#\/schema\/logo\/image\/\"}}]}<\/script>\n<!-- \/ Yoast SEO plugin. -->","yoast_head_json":{"title":"Szyna \u0142\u0105czeniowa grzebieniowa 1-fazowa 2 modu\u0142owa 1x10mm2 9321 - DOKTORVOLT\u00ae","robots":{"index":"index","follow":"follow","max-snippet":"max-snippet:-1","max-image-preview":"max-image-preview:large","max-video-preview":"max-video-preview:-1"},"canonical":"https:\/\/doktorvolt.pl\/en\/oferta-doktorvolt\/accessories\/insulated-busbars\/comb-phase-modifier\/szyna-laczeniowa-grzebieniowa-1-fazowa-2-modulowa-1x10mm2-9321\/","og_locale":"en_US","og_type":"article","og_title":"Szyna \u0142\u0105czeniowa grzebieniowa 1-fazowa 2 modu\u0142owa 1x10mm2 9321 - DOKTORVOLT\u00ae","og_description":"Szyna \u0142\u0105czeniowa grzebieniowa 1-fazowa 2 modu\u0142owa 1x10mm2","og_url":"https:\/\/doktorvolt.pl\/en\/oferta-doktorvolt\/accessories\/insulated-busbars\/comb-phase-modifier\/szyna-laczeniowa-grzebieniowa-1-fazowa-2-modulowa-1x10mm2-9321\/","og_site_name":"DOKTORVOLT\u00ae","og_image":[{"width":1000,"height":1000,"url":"https:\/\/doktorvolt.pl\/wp-content\/uploads\/2026\/02\/pol_pl_17766-17766_1.png","type":"image\/png"}],"twitter_card":"summary_large_image","twitter_misc":{"Est. reading time":"1 minute"},"schema":{"@context":"https:\/\/schema.org","@graph":[{"@type":"WebPage","@id":"https:\/\/doktorvolt.pl\/en\/oferta-doktorvolt\/accessories\/insulated-busbars\/comb-phase-modifier\/szyna-laczeniowa-grzebieniowa-1-fazowa-2-modulowa-1x10mm2-9321\/","url":"https:\/\/doktorvolt.pl\/en\/oferta-doktorvolt\/accessories\/insulated-busbars\/comb-phase-modifier\/szyna-laczeniowa-grzebieniowa-1-fazowa-2-modulowa-1x10mm2-9321\/","name":"Szyna \u0142\u0105czeniowa grzebieniowa 1-fazowa 2 modu\u0142owa 1x10mm2 9321 - DOKTORVOLT\u00ae","isPartOf":{"@id":"https:\/\/doktorvolt.pl\/de\/#website"},"primaryImageOfPage":{"@id":"https:\/\/doktorvolt.pl\/en\/oferta-doktorvolt\/accessories\/insulated-busbars\/comb-phase-modifier\/szyna-laczeniowa-grzebieniowa-1-fazowa-2-modulowa-1x10mm2-9321\/#primaryimage"},"image":{"@id":"https:\/\/doktorvolt.pl\/en\/oferta-doktorvolt\/accessories\/insulated-busbars\/comb-phase-modifier\/szyna-laczeniowa-grzebieniowa-1-fazowa-2-modulowa-1x10mm2-9321\/#primaryimage"},"thumbnailUrl":"https:\/\/doktorvolt.pl\/wp-content\/uploads\/2026\/02\/pol_pl_17766-17766_1.png","datePublished":"2026-02-23T13:56:53+00:00","breadcrumb":{"@id":"https:\/\/doktorvolt.pl\/en\/oferta-doktorvolt\/accessories\/insulated-busbars\/comb-phase-modifier\/szyna-laczeniowa-grzebieniowa-1-fazowa-2-modulowa-1x10mm2-9321\/#breadcrumb"},"inLanguage":"en-US","potentialAction":[{"@type":"ReadAction","target":["https:\/\/doktorvolt.pl\/en\/oferta-doktorvolt\/accessories\/insulated-busbars\/comb-phase-modifier\/szyna-laczeniowa-grzebieniowa-1-fazowa-2-modulowa-1x10mm2-9321\/"]}]},{"@type":"ImageObject","inLanguage":"en-US","@id":"https:\/\/doktorvolt.pl\/en\/oferta-doktorvolt\/accessories\/insulated-busbars\/comb-phase-modifier\/szyna-laczeniowa-grzebieniowa-1-fazowa-2-modulowa-1x10mm2-9321\/#primaryimage","url":"https:\/\/doktorvolt.pl\/wp-content\/uploads\/2026\/02\/pol_pl_17766-17766_1.png","contentUrl":"https:\/\/doktorvolt.pl\/wp-content\/uploads\/2026\/02\/pol_pl_17766-17766_1.png","width":1000,"height":1000},{"@type":"BreadcrumbList","@id":"https:\/\/doktorvolt.pl\/en\/oferta-doktorvolt\/accessories\/insulated-busbars\/comb-phase-modifier\/szyna-laczeniowa-grzebieniowa-1-fazowa-2-modulowa-1x10mm2-9321\/#breadcrumb","itemListElement":[{"@type":"ListItem","position":1,"name":"Strona g\u0142\u00f3wna","item":"https:\/\/doktorvolt.pl\/en\/"},{"@type":"ListItem","position":2,"name":"Offer Doktorvolt","item":"https:\/\/doktorvolt.pl\/en\/offer-doktorvolt\/"},{"@type":"ListItem","position":3,"name":"Szyna \u0142\u0105czeniowa grzebieniowa 1-fazowa 2 modu\u0142owa 1x10mm2 9321"}]},{"@type":"WebSite","@id":"https:\/\/doktorvolt.pl\/de\/#website","url":"https:\/\/doktorvolt.pl\/de\/","name":"DOKTORVOLT\u00ae","description":"Producent rozdzielnic budowlanych","publisher":{"@id":"https:\/\/doktorvolt.pl\/de\/#organization"},"potentialAction":[{"@type":"SearchAction","target":{"@type":"EntryPoint","urlTemplate":"https:\/\/doktorvolt.pl\/de\/?s={search_term_string}"},"query-input":{"@type":"PropertyValueSpecification","valueRequired":true,"valueName":"search_term_string"}}],"inLanguage":"en-US"},{"@type":"Organization","@id":"https:\/\/doktorvolt.pl\/de\/#organization","name":"DOKTORVOLT\u00ae","url":"https:\/\/doktorvolt.pl\/de\/","logo":{"@type":"ImageObject","inLanguage":"en-US","@id":"https:\/\/doktorvolt.pl\/de\/#\/schema\/logo\/image\/","url":"https:\/\/doktorvolt.pl\/wp-content\/uploads\/2023\/10\/DoktorVOLT-black-png.png","contentUrl":"https:\/\/doktorvolt.pl\/wp-content\/uploads\/2023\/10\/DoktorVOLT-black-png.png","width":729,"height":40,"caption":"DOKTORVOLT\u00ae"},"image":{"@id":"https:\/\/doktorvolt.pl\/de\/#\/schema\/logo\/image\/"}}]}},"_links":{"self":[{"href":"https:\/\/doktorvolt.pl\/en\/wp-json\/wp\/v2\/product\/110741","targetHints":{"allow":["GET"]}}],"collection":[{"href":"https:\/\/doktorvolt.pl\/en\/wp-json\/wp\/v2\/product"}],"about":[{"href":"https:\/\/doktorvolt.pl\/en\/wp-json\/wp\/v2\/types\/product"}],"wp:featuredmedia":[{"embeddable":true,"href":"https:\/\/doktorvolt.pl\/en\/wp-json\/wp\/v2\/media\/104964"}],"wp:attachment":[{"href":"https:\/\/doktorvolt.pl\/en\/wp-json\/wp\/v2\/media?parent=110741"}],"wp:term":[{"taxonomy":"product_brand","embeddable":true,"href":"https:\/\/doktorvolt.pl\/en\/wp-json\/wp\/v2\/product_brand?post=110741"},{"taxonomy":"product_cat","embeddable":true,"href":"https:\/\/doktorvolt.pl\/en\/wp-json\/wp\/v2\/product_cat?post=110741"},{"taxonomy":"product_tag","embeddable":true,"href":"https:\/\/doktorvolt.pl\/en\/wp-json\/wp\/v2\/product_tag?post=110741"}],"curies":[{"name":"wp","href":"https:\/\/api.w.org\/{rel}","templated":true}]}}