{"id":110744,"date":"2026-02-23T15:56:25","date_gmt":"2026-02-23T13:56:25","guid":{"rendered":"https:\/\/doktorvolt.pl\/sklep\/uncategorized\/rozdzielnica-td-s-fi-32a-5p-4x230v-fr-przycisk-bezpieczenstwa-1499\/"},"modified":"2026-02-23T15:56:25","modified_gmt":"2026-02-23T13:56:25","slug":"rozdzielnica-td-s-fi-32a-5p-4x230v-fr-przycisk-bezpieczenstwa-1499","status":"publish","type":"product","link":"https:\/\/doktorvolt.pl\/en\/oferta-doktorvolt\/distribution-boxes\/td-series\/rozdzielnica-td-s-fi-32a-5p-4x230v-fr-przycisk-bezpieczenstwa-1499\/","title":{"rendered":"Rozdzielnica TD-S\/FI 32A\/5P 4x230V FR  przycisk bezpiecze\u0144stwa 1499"},"content":{"rendered":"<h1 style=\"text-align: center;\"><span style=\"color: #000000;\">Rozdzielnica TD-S\/FI 32A\/5P 4x230V FR\u00a0 przycisk bezpiecze\u0144stwa\u00a0<br \/>\u00a0DOKTORVOLT\u00ae<\/span><\/h1>\n<p><strong style=\"font-size: 17.3333px; text-align: center;\"><span style=\"color: #000000;\">Rozdzielnica, przeznaczona jest do dystrybucji energii elektrycznej. Rozdzielnica charakteryzuje si\u0119 wysok\u0105 klas\u0105 szczelno\u015bci IP54, dzi\u0119ki temu jest odporna na warunki atmosferyczne.\u00a0<\/span><\/strong><\/p>\n<p style=\"font-size: 13pt; text-align: left;\"><span style=\"font-size: 17.3333px;\"><strong>Rozdzielnice TD<\/strong> stanowi\u0105 kompletne rozwi\u0105zanie, kt\u00f3re idealnie sprawdzi si\u0119 na placach budowy oraz przy wszelkiego rodzaju du\u017cych budowlanych inwestycjach. Rozdzielnice te, maj\u0105 mo\u017cliwo\u015b\u0107 rozdzielania pr\u0105du o wi\u0119kszej mocy, a wi\u0119ksza ilo\u015b\u0107 gniazd daje szersze spectrum mo\u017cliwo\u015bci u\u017cytkowania. Rozdzielnice produkowane s\u0105 z najwy\u017cszej jako\u015bci podzespo\u0142\u00f3w, znanych i renomowanych firm. Dodatkow\u0105 zalet\u0105 rozdzielnic TD jest mo\u017cliwo\u015b\u0107 zamontowania do nich uchwytu, jak r\u00f3wnie\u017c przymocowania rozdzielnicy na sta\u0142e w danym miejscu, poprzez wywiercenie otwor\u00f3w w tylnej cz\u0119\u015bci obudowy.<\/span><\/p>\n<\/p>\n<p><strong style=\"font-size: 17.3333px; text-align: center;\"><span style=\"color: #000000;\"><strong style=\"font-size: 17.3333px; text-align: justify;\">Zalety \/ w\u0142a\u015bciwo\u015bci rozdzielnicy:<\/strong><\/span><\/strong><\/p>\n<ul>\n<ul>\n<li style=\"font-size: 13pt; text-align: justify;\"><span style=\"color: #000000;\">4 gniazda 230V 16A typ E <\/span><\/li>\n<li style=\"font-size: 13pt; text-align: justify;\"><span style=\"color: #000000;\">gniazdo 32A\/5P CEE 400V <\/span><\/li>\n<li style=\"font-size: 13pt; text-align: justify;\"><span style=\"color: #000000;\">okno rewizyjne 12 modu\u0142\u00f3w <\/span><\/li>\n<li style=\"font-size: 13pt; text-align: justify;\"><span style=\"color: #000000;\">wy\u0142\u0105cznik r\u00f3\u017cnicowopr\u0105dowy 40A 30mA typ A <\/span><\/li>\n<li style=\"font-size: 13pt; text-align: justify;\"><span style=\"color: #000000;\">wy\u0142\u0105czniki nadpr\u0105dowe C32A 4P, C16A 2P <\/span><\/li>\n<li style=\"font-size: 13pt; text-align: justify;\"><span style=\"color: #000000;\">gotowe okablowanie przygotowane pod instalacj\u0119 <\/span><\/li>\n<li style=\"font-size: 13pt; text-align: justify;\"><span style=\"color: #000000;\">przycisk bezpiecze\u0144stwa \/ wy\u0142\u0105cznik awaryjny<\/span><strong style=\"font-size: 17.3333px; text-align: center;\"><span><strong><\/strong><\/span><\/strong><\/li>\n<\/ul>\n<\/ul>\n<p><strong style=\"font-size: 17.3333px; text-align: center;\"><span style=\"color: #000000;\">Wszystkie rozdzielnice DOKTORVOLT finalnie przechodz\u0105 testy pomiarowe, gdzie nast\u0119puje ich ostateczne sprawdzenie. Ka\u017cda rozdzielnica opatrzona jest certyfikatem oznaczaj\u0105cym, \u017ce produkt zosta\u0142 przetestowany i sprawdzony oraz jest zgodny z norm\u0105 IEC 61439. S\u0142upek posiada tak\u017ce inne certyfikaty tj. T\u00dcV S\u00dcD, ISO 9001:2015, CE.<\/span><\/strong><\/p>\n<\/p>\n<ul>\n<li style=\"font-size: 13pt; text-align: justify;\"><span><strong>Informacje og\u00f3lne<\/strong><\/span><\/li>\n<li style=\"font-size: 13pt; text-align: justify;\"><span>Model\u00a0<\/span><strong>DV-1499-F<\/strong><\/li>\n<li style=\"font-size: 13pt; text-align: justify;\"><span>EAN\u00a0<\/span><strong>5905191011499<\/strong><\/li>\n<li style=\"font-size: 13pt; text-align: justify;\"><span>Oznaczenie serii produktu <strong>TD\u00a0<\/strong><\/span><\/li>\n<li style=\"font-size: 13pt; text-align: justify;\"><span>Producent\u00a0<\/span><strong>DOKTORVOLT<\/strong><\/li>\n<\/ul>\n<p><span><\/span><\/p>\n<ul>\n<li style=\"font-size: 13pt; text-align: justify;\"><span><strong>Dane techniczne obudowy<\/strong><\/span><\/li>\n<li style=\"font-size: 13pt; text-align: justify;\"><span>Wymiary obudowy\u00a0<\/span><strong>365 x 260 x 125 mm<\/strong><\/li>\n<li style=\"font-size: 13pt; text-align: justify;\"><span>Materia\u0142 obudowy\u00a0<\/span><strong>Tworzywo sztuczne<\/strong><\/li>\n<li style=\"font-size: 13pt; text-align: justify;\"><span>Kolor przedniej p\u0142yty obudowy\u00a0<\/span><strong>Szary\/czarny<\/strong><\/li>\n<\/ul>\n<p><span><\/span><\/p>\n<ul>\n<li style=\"font-size: 13pt; text-align: justify;\"><span><strong>Dane elektryczne<\/strong><\/span><\/li>\n<li style=\"font-size: 13pt; text-align: justify;\"><span>Napi\u0119cie znamionowe\u00a0<\/span><strong>230 V \/400 V<\/strong><\/li>\n<li style=\"font-size: 13pt; text-align: justify;\"><span>Cz\u0119stotliwo\u015b\u0107 znamionowa\u00a0<\/span><strong>50 Hz<\/strong><\/li>\n<li style=\"font-size: 13pt; text-align: justify;\"><span>Pr\u0105d znamionowy\u00a0<\/span><strong>40 A<\/strong><\/li>\n<li style=\"font-size: 13pt; text-align: justify;\"><span>RDF\u00a0<\/span><strong>0,8<\/strong><\/li>\n<\/ul>\n<p><span><\/span><\/p>\n<ul>\n<li style=\"font-size: 13pt; text-align: justify;\"><span><strong>Gniazda\u00a0<\/strong><\/span> <strong>BALS<\/strong><\/li>\n<li style=\"font-size: 13pt; text-align: justify;\">4 x 1 fazowe typ E <strong>1P + N + PE, 16 A, 230 V<\/strong><\/li>\n<li style=\"font-size: 13pt; text-align: justify;\">1 x 3 fazowe CEE <strong>3P + N + PE, 32 A, 400 V<\/strong><\/li>\n<\/ul>\n<ul>\n<li style=\"font-size: 13pt; text-align: justify;\"><strong>Zabezpieczenia ETI<\/strong><\/li>\n<li style=\"font-size: 13pt; text-align: justify;\">Wy\u0142\u0105cznik r\u00f3\u017cnicowopr\u0105dowy <strong>40A 30mA 4P typ A<\/strong><\/li>\n<li style=\"font-size: 13pt; text-align: justify;\">Wy\u0142\u0105cznik nadpr\u0105dowy 3-fazowy <strong>1x C32A 3P+N 10kA<\/strong><\/li>\n<li style=\"font-size: 13pt; text-align: justify;\">Wy\u0142\u0105cznik nadpr\u0105dowy 1-fazowy <strong>1x C16A 1P+N 10kA<\/strong><\/li>\n<\/ul>\n<p><span><\/span><\/p>\n<ul>\n<li style=\"font-size: 13pt; text-align: justify;\"><span><strong>Warunki instalacyjne<\/strong><\/span><\/li>\n<li style=\"font-size: 13pt; text-align: justify;\"><span>Temperatura otoczenia\u00a0<\/span><strong>-25 \u00b0C ~ +50 \u00b0C<\/strong><\/li>\n<li style=\"font-size: 13pt; text-align: justify;\"><span>Stopie\u0144 ochrony rozdzielnicy\u00a0<\/span><strong>IP54<\/strong><\/li>\n<li style=\"font-size: 13pt; text-align: justify;\"><span>Odporno\u015b\u0107 na promieniowanie UV\u00a0<\/span><strong>Tak<\/strong><\/li>\n<li style=\"font-size: 13pt; text-align: justify;\"><span>Konstrukcja stacjonarna\/ruchoma\u00a0<\/span><strong>Stacjonarna<\/strong><\/li>\n<\/ul>\n<p><span><\/span><\/p>\n<ul>\n<li style=\"font-size: 13pt; text-align: justify;\"><strong>Oprzewodowanie Bitner<\/strong><\/li>\n<li style=\"font-size: 13pt; text-align: justify;\"><span>Przewody ochronne\u00a0\u00a0<\/span><strong>Linka ster. H07V-K 2,5\/4 mm2 \u017c\u00f3\u0142tozielona<\/strong><\/li>\n<li style=\"font-size: 13pt; text-align: justify;\">Przewody neutralne <strong>Linka ster. H07V-K 2,5\/4\/6 mm2 niebieska<\/strong><\/li>\n<li style=\"font-size: 13pt; text-align: justify;\">Przewody zasilaj\u0105ce <strong>Linka ster. H07V-K 2,5\/4 mm2 czarna<\/strong><\/li>\n<\/ul>\n<ul>\n<li style=\"font-size: 13pt; text-align: justify;\"><strong>Wyposa\u017cenie dodatkowe<\/strong><\/li>\n<li style=\"font-size: 13pt; text-align: justify;\">Przycisk bezpiecze\u0144stwa \u201egrzybek\u201d <strong>1 x NG22 XBS<\/strong><\/li>\n<li style=\"font-size: 13pt; text-align: justify;\">D\u0142awnica kablowa <strong>1 x M32\u00a0<\/strong><\/li>\n<\/ul>\n<p><span><\/span><\/p>\n<ul>\n<li style=\"font-size: 13pt; text-align: justify;\"><span><strong>Normy i Certyfikaty\u00a0<\/strong><\/span><\/li>\n<li style=\"font-size: 13pt; text-align: justify;\"><strong>Certyfikaty i normy producenta\u00a0T\u00dcV S\u00dcD, ISO 9001:2015, CE, IEC 61439<\/strong><\/li>\n<\/ul>\n","protected":false},"excerpt":{"rendered":"<p>Rozdzielnica, przeznaczona jest do dystrybucji energii elektrycznej, wysoka klasa szczelno\u015bci IP54 dzi\u0119ki temu jest odporna na warunki atmosferyczne.<\/p>\n","protected":false},"featured_media":104913,"template":"","meta":[],"product_brand":[],"product_cat":[5171],"product_tag":[],"class_list":{"0":"post-110744","1":"product","2":"type-product","3":"status-publish","4":"has-post-thumbnail","6":"product_cat-td-series","7":"pa_cee-liczba-biegunow-modulow-5p","8":"pa_dodatkowe-wyposazenie-with-switch","9":"pa_material-obudowy-plastic","10":"pa_napiecie-cee-400v","11":"pa_natezenie-pradu-cee-32a","12":"pa_typ-gniazd-typ-e-z-bolcem-uziemiajacym","13":"pa_zabezpieczenie-wylacznik-nadpradowy-wylacznik-roznicowopradowy","15":"first","16":"instock","17":"shipping-taxable","18":"product-type-external"},"yoast_head":"<!-- This site is optimized with the Yoast SEO plugin v27.0 - https:\/\/yoast.com\/product\/yoast-seo-wordpress\/ -->\n<title>Rozdzielnica TD-S\/FI 32A\/5P 4x230V FR przycisk bezpiecze\u0144stwa 1499 - DOKTORVOLT\u00ae<\/title>\n<meta name=\"robots\" content=\"index, follow, max-snippet:-1, max-image-preview:large, max-video-preview:-1\" \/>\n<link rel=\"canonical\" href=\"https:\/\/doktorvolt.pl\/en\/oferta-doktorvolt\/distribution-boxes\/td-series\/rozdzielnica-td-s-fi-32a-5p-4x230v-fr-przycisk-bezpieczenstwa-1499\/\" \/>\n<meta property=\"og:locale\" content=\"en_US\" \/>\n<meta property=\"og:type\" content=\"article\" \/>\n<meta property=\"og:title\" content=\"Rozdzielnica TD-S\/FI 32A\/5P 4x230V FR przycisk bezpiecze\u0144stwa 1499 - DOKTORVOLT\u00ae\" \/>\n<meta property=\"og:description\" content=\"Rozdzielnica, przeznaczona jest do dystrybucji energii elektrycznej, wysoka klasa szczelno\u015bci IP54 dzi\u0119ki temu jest odporna na warunki atmosferyczne.\" \/>\n<meta property=\"og:url\" content=\"https:\/\/doktorvolt.pl\/en\/oferta-doktorvolt\/distribution-boxes\/td-series\/rozdzielnica-td-s-fi-32a-5p-4x230v-fr-przycisk-bezpieczenstwa-1499\/\" \/>\n<meta property=\"og:site_name\" content=\"DOKTORVOLT\u00ae\" \/>\n<meta property=\"og:image\" content=\"https:\/\/doktorvolt.pl\/wp-content\/uploads\/2026\/02\/pol_pl_16894-16894_4.jpg\" \/>\n\t<meta property=\"og:image:width\" content=\"1000\" \/>\n\t<meta property=\"og:image:height\" content=\"1000\" \/>\n\t<meta property=\"og:image:type\" content=\"image\/jpeg\" \/>\n<meta name=\"twitter:card\" content=\"summary_large_image\" \/>\n<meta name=\"twitter:label1\" content=\"Est. reading time\" \/>\n\t<meta name=\"twitter:data1\" content=\"2 minutes\" \/>\n<script type=\"application\/ld+json\" class=\"yoast-schema-graph\">{\"@context\":\"https:\/\/schema.org\",\"@graph\":[{\"@type\":\"WebPage\",\"@id\":\"https:\/\/doktorvolt.pl\/en\/oferta-doktorvolt\/distribution-boxes\/td-series\/rozdzielnica-td-s-fi-32a-5p-4x230v-fr-przycisk-bezpieczenstwa-1499\/\",\"url\":\"https:\/\/doktorvolt.pl\/en\/oferta-doktorvolt\/distribution-boxes\/td-series\/rozdzielnica-td-s-fi-32a-5p-4x230v-fr-przycisk-bezpieczenstwa-1499\/\",\"name\":\"Rozdzielnica TD-S\/FI 32A\/5P 4x230V FR przycisk bezpiecze\u0144stwa 1499 - DOKTORVOLT\u00ae\",\"isPartOf\":{\"@id\":\"https:\/\/doktorvolt.pl\/de\/#website\"},\"primaryImageOfPage\":{\"@id\":\"https:\/\/doktorvolt.pl\/en\/oferta-doktorvolt\/distribution-boxes\/td-series\/rozdzielnica-td-s-fi-32a-5p-4x230v-fr-przycisk-bezpieczenstwa-1499\/#primaryimage\"},\"image\":{\"@id\":\"https:\/\/doktorvolt.pl\/en\/oferta-doktorvolt\/distribution-boxes\/td-series\/rozdzielnica-td-s-fi-32a-5p-4x230v-fr-przycisk-bezpieczenstwa-1499\/#primaryimage\"},\"thumbnailUrl\":\"https:\/\/doktorvolt.pl\/wp-content\/uploads\/2026\/02\/pol_pl_16894-16894_4.jpg\",\"datePublished\":\"2026-02-23T13:56:25+00:00\",\"breadcrumb\":{\"@id\":\"https:\/\/doktorvolt.pl\/en\/oferta-doktorvolt\/distribution-boxes\/td-series\/rozdzielnica-td-s-fi-32a-5p-4x230v-fr-przycisk-bezpieczenstwa-1499\/#breadcrumb\"},\"inLanguage\":\"en-US\",\"potentialAction\":[{\"@type\":\"ReadAction\",\"target\":[\"https:\/\/doktorvolt.pl\/en\/oferta-doktorvolt\/distribution-boxes\/td-series\/rozdzielnica-td-s-fi-32a-5p-4x230v-fr-przycisk-bezpieczenstwa-1499\/\"]}]},{\"@type\":\"ImageObject\",\"inLanguage\":\"en-US\",\"@id\":\"https:\/\/doktorvolt.pl\/en\/oferta-doktorvolt\/distribution-boxes\/td-series\/rozdzielnica-td-s-fi-32a-5p-4x230v-fr-przycisk-bezpieczenstwa-1499\/#primaryimage\",\"url\":\"https:\/\/doktorvolt.pl\/wp-content\/uploads\/2026\/02\/pol_pl_16894-16894_4.jpg\",\"contentUrl\":\"https:\/\/doktorvolt.pl\/wp-content\/uploads\/2026\/02\/pol_pl_16894-16894_4.jpg\",\"width\":1000,\"height\":1000},{\"@type\":\"BreadcrumbList\",\"@id\":\"https:\/\/doktorvolt.pl\/en\/oferta-doktorvolt\/distribution-boxes\/td-series\/rozdzielnica-td-s-fi-32a-5p-4x230v-fr-przycisk-bezpieczenstwa-1499\/#breadcrumb\",\"itemListElement\":[{\"@type\":\"ListItem\",\"position\":1,\"name\":\"Strona g\u0142\u00f3wna\",\"item\":\"https:\/\/doktorvolt.pl\/en\/\"},{\"@type\":\"ListItem\",\"position\":2,\"name\":\"Offer Doktorvolt\",\"item\":\"https:\/\/doktorvolt.pl\/en\/offer-doktorvolt\/\"},{\"@type\":\"ListItem\",\"position\":3,\"name\":\"Rozdzielnica TD-S\/FI 32A\/5P 4x230V FR przycisk bezpiecze\u0144stwa 1499\"}]},{\"@type\":\"WebSite\",\"@id\":\"https:\/\/doktorvolt.pl\/de\/#website\",\"url\":\"https:\/\/doktorvolt.pl\/de\/\",\"name\":\"DOKTORVOLT\u00ae\",\"description\":\"Producent rozdzielnic budowlanych\",\"publisher\":{\"@id\":\"https:\/\/doktorvolt.pl\/de\/#organization\"},\"potentialAction\":[{\"@type\":\"SearchAction\",\"target\":{\"@type\":\"EntryPoint\",\"urlTemplate\":\"https:\/\/doktorvolt.pl\/de\/?s={search_term_string}\"},\"query-input\":{\"@type\":\"PropertyValueSpecification\",\"valueRequired\":true,\"valueName\":\"search_term_string\"}}],\"inLanguage\":\"en-US\"},{\"@type\":\"Organization\",\"@id\":\"https:\/\/doktorvolt.pl\/de\/#organization\",\"name\":\"DOKTORVOLT\u00ae\",\"url\":\"https:\/\/doktorvolt.pl\/de\/\",\"logo\":{\"@type\":\"ImageObject\",\"inLanguage\":\"en-US\",\"@id\":\"https:\/\/doktorvolt.pl\/de\/#\/schema\/logo\/image\/\",\"url\":\"https:\/\/doktorvolt.pl\/wp-content\/uploads\/2023\/10\/DoktorVOLT-black-png.png\",\"contentUrl\":\"https:\/\/doktorvolt.pl\/wp-content\/uploads\/2023\/10\/DoktorVOLT-black-png.png\",\"width\":729,\"height\":40,\"caption\":\"DOKTORVOLT\u00ae\"},\"image\":{\"@id\":\"https:\/\/doktorvolt.pl\/de\/#\/schema\/logo\/image\/\"}}]}<\/script>\n<!-- \/ Yoast SEO plugin. -->","yoast_head_json":{"title":"Rozdzielnica TD-S\/FI 32A\/5P 4x230V FR przycisk bezpiecze\u0144stwa 1499 - DOKTORVOLT\u00ae","robots":{"index":"index","follow":"follow","max-snippet":"max-snippet:-1","max-image-preview":"max-image-preview:large","max-video-preview":"max-video-preview:-1"},"canonical":"https:\/\/doktorvolt.pl\/en\/oferta-doktorvolt\/distribution-boxes\/td-series\/rozdzielnica-td-s-fi-32a-5p-4x230v-fr-przycisk-bezpieczenstwa-1499\/","og_locale":"en_US","og_type":"article","og_title":"Rozdzielnica TD-S\/FI 32A\/5P 4x230V FR przycisk bezpiecze\u0144stwa 1499 - DOKTORVOLT\u00ae","og_description":"Rozdzielnica, przeznaczona jest do dystrybucji energii elektrycznej, wysoka klasa szczelno\u015bci IP54 dzi\u0119ki temu jest odporna na warunki atmosferyczne.","og_url":"https:\/\/doktorvolt.pl\/en\/oferta-doktorvolt\/distribution-boxes\/td-series\/rozdzielnica-td-s-fi-32a-5p-4x230v-fr-przycisk-bezpieczenstwa-1499\/","og_site_name":"DOKTORVOLT\u00ae","og_image":[{"width":1000,"height":1000,"url":"https:\/\/doktorvolt.pl\/wp-content\/uploads\/2026\/02\/pol_pl_16894-16894_4.jpg","type":"image\/jpeg"}],"twitter_card":"summary_large_image","twitter_misc":{"Est. reading time":"2 minutes"},"schema":{"@context":"https:\/\/schema.org","@graph":[{"@type":"WebPage","@id":"https:\/\/doktorvolt.pl\/en\/oferta-doktorvolt\/distribution-boxes\/td-series\/rozdzielnica-td-s-fi-32a-5p-4x230v-fr-przycisk-bezpieczenstwa-1499\/","url":"https:\/\/doktorvolt.pl\/en\/oferta-doktorvolt\/distribution-boxes\/td-series\/rozdzielnica-td-s-fi-32a-5p-4x230v-fr-przycisk-bezpieczenstwa-1499\/","name":"Rozdzielnica TD-S\/FI 32A\/5P 4x230V FR przycisk bezpiecze\u0144stwa 1499 - DOKTORVOLT\u00ae","isPartOf":{"@id":"https:\/\/doktorvolt.pl\/de\/#website"},"primaryImageOfPage":{"@id":"https:\/\/doktorvolt.pl\/en\/oferta-doktorvolt\/distribution-boxes\/td-series\/rozdzielnica-td-s-fi-32a-5p-4x230v-fr-przycisk-bezpieczenstwa-1499\/#primaryimage"},"image":{"@id":"https:\/\/doktorvolt.pl\/en\/oferta-doktorvolt\/distribution-boxes\/td-series\/rozdzielnica-td-s-fi-32a-5p-4x230v-fr-przycisk-bezpieczenstwa-1499\/#primaryimage"},"thumbnailUrl":"https:\/\/doktorvolt.pl\/wp-content\/uploads\/2026\/02\/pol_pl_16894-16894_4.jpg","datePublished":"2026-02-23T13:56:25+00:00","breadcrumb":{"@id":"https:\/\/doktorvolt.pl\/en\/oferta-doktorvolt\/distribution-boxes\/td-series\/rozdzielnica-td-s-fi-32a-5p-4x230v-fr-przycisk-bezpieczenstwa-1499\/#breadcrumb"},"inLanguage":"en-US","potentialAction":[{"@type":"ReadAction","target":["https:\/\/doktorvolt.pl\/en\/oferta-doktorvolt\/distribution-boxes\/td-series\/rozdzielnica-td-s-fi-32a-5p-4x230v-fr-przycisk-bezpieczenstwa-1499\/"]}]},{"@type":"ImageObject","inLanguage":"en-US","@id":"https:\/\/doktorvolt.pl\/en\/oferta-doktorvolt\/distribution-boxes\/td-series\/rozdzielnica-td-s-fi-32a-5p-4x230v-fr-przycisk-bezpieczenstwa-1499\/#primaryimage","url":"https:\/\/doktorvolt.pl\/wp-content\/uploads\/2026\/02\/pol_pl_16894-16894_4.jpg","contentUrl":"https:\/\/doktorvolt.pl\/wp-content\/uploads\/2026\/02\/pol_pl_16894-16894_4.jpg","width":1000,"height":1000},{"@type":"BreadcrumbList","@id":"https:\/\/doktorvolt.pl\/en\/oferta-doktorvolt\/distribution-boxes\/td-series\/rozdzielnica-td-s-fi-32a-5p-4x230v-fr-przycisk-bezpieczenstwa-1499\/#breadcrumb","itemListElement":[{"@type":"ListItem","position":1,"name":"Strona g\u0142\u00f3wna","item":"https:\/\/doktorvolt.pl\/en\/"},{"@type":"ListItem","position":2,"name":"Offer Doktorvolt","item":"https:\/\/doktorvolt.pl\/en\/offer-doktorvolt\/"},{"@type":"ListItem","position":3,"name":"Rozdzielnica TD-S\/FI 32A\/5P 4x230V FR przycisk bezpiecze\u0144stwa 1499"}]},{"@type":"WebSite","@id":"https:\/\/doktorvolt.pl\/de\/#website","url":"https:\/\/doktorvolt.pl\/de\/","name":"DOKTORVOLT\u00ae","description":"Producent rozdzielnic budowlanych","publisher":{"@id":"https:\/\/doktorvolt.pl\/de\/#organization"},"potentialAction":[{"@type":"SearchAction","target":{"@type":"EntryPoint","urlTemplate":"https:\/\/doktorvolt.pl\/de\/?s={search_term_string}"},"query-input":{"@type":"PropertyValueSpecification","valueRequired":true,"valueName":"search_term_string"}}],"inLanguage":"en-US"},{"@type":"Organization","@id":"https:\/\/doktorvolt.pl\/de\/#organization","name":"DOKTORVOLT\u00ae","url":"https:\/\/doktorvolt.pl\/de\/","logo":{"@type":"ImageObject","inLanguage":"en-US","@id":"https:\/\/doktorvolt.pl\/de\/#\/schema\/logo\/image\/","url":"https:\/\/doktorvolt.pl\/wp-content\/uploads\/2023\/10\/DoktorVOLT-black-png.png","contentUrl":"https:\/\/doktorvolt.pl\/wp-content\/uploads\/2023\/10\/DoktorVOLT-black-png.png","width":729,"height":40,"caption":"DOKTORVOLT\u00ae"},"image":{"@id":"https:\/\/doktorvolt.pl\/de\/#\/schema\/logo\/image\/"}}]}},"_links":{"self":[{"href":"https:\/\/doktorvolt.pl\/en\/wp-json\/wp\/v2\/product\/110744","targetHints":{"allow":["GET"]}}],"collection":[{"href":"https:\/\/doktorvolt.pl\/en\/wp-json\/wp\/v2\/product"}],"about":[{"href":"https:\/\/doktorvolt.pl\/en\/wp-json\/wp\/v2\/types\/product"}],"wp:featuredmedia":[{"embeddable":true,"href":"https:\/\/doktorvolt.pl\/en\/wp-json\/wp\/v2\/media\/104913"}],"wp:attachment":[{"href":"https:\/\/doktorvolt.pl\/en\/wp-json\/wp\/v2\/media?parent=110744"}],"wp:term":[{"taxonomy":"product_brand","embeddable":true,"href":"https:\/\/doktorvolt.pl\/en\/wp-json\/wp\/v2\/product_brand?post=110744"},{"taxonomy":"product_cat","embeddable":true,"href":"https:\/\/doktorvolt.pl\/en\/wp-json\/wp\/v2\/product_cat?post=110744"},{"taxonomy":"product_tag","embeddable":true,"href":"https:\/\/doktorvolt.pl\/en\/wp-json\/wp\/v2\/product_tag?post=110744"}],"curies":[{"name":"wp","href":"https:\/\/api.w.org\/{rel}","templated":true}]}}