{"id":110748,"date":"2026-02-23T15:56:01","date_gmt":"2026-02-23T13:56:01","guid":{"rendered":"https:\/\/doktorvolt.pl\/sklep\/uncategorized\/wylacznik-roznicowopradowy-z-czlonem-nadpradowym-c16-typ-a-30ma-16a-4p-rcbo-doktorvolt-0850\/"},"modified":"2026-02-23T15:56:01","modified_gmt":"2026-02-23T13:56:01","slug":"wylacznik-roznicowopradowy-z-czlonem-nadpradowym-c16-typ-a-30ma-16a-4p-rcbo-doktorvolt-0850","status":"publish","type":"product","link":"https:\/\/doktorvolt.pl\/en\/oferta-doktorvolt\/modular-apparatus\/residual-current-devices\/residual-current-circuit-breakers-type-a\/wylacznik-roznicowopradowy-z-czlonem-nadpradowym-c16-typ-a-30ma-16a-4p-rcbo-doktorvolt-0850\/","title":{"rendered":"Wy\u0142\u0105cznik r\u00f3\u017cnicowopr\u0105dowy z cz\u0142onem nadpr\u0105dowym C16 Typ A  30mA 16A 4P RCBO Doktorvolt 0850"},"content":{"rendered":"<div style=\"max-width: 800px; margin: 0 auto; text-align: center;\">\n<h1 style=\"font-size: 23pt; color: #000;\">Wy\u0142\u0105cznik r\u00f3\u017cnicowopr\u0105dowy z cz\u0142onem nadpr\u0105dowym C16 DV-0850<\/p>\n<p><\/h1>\n<h2 style=\"font-size: 20pt; color: #000;\">Opis produktu:<\/h2>\n<p style=\"font-size: 16pt; line-height: 1.5; color: #000;\">Wy\u0142\u0105cznik r\u00f3\u017cnicowopr\u0105dowy typ A z cz\u0142onem nadpr\u0105dowym \u2013 <strong>dedykowany do ochrony urz\u0105dze\u0144<\/strong> przy uszkodzeniu i zalaniu, ochrony przed pora\u017ceniem pr\u0105dem elektrycznym oraz posiada funkcje zabezpieczeniow\u0105 przed zwarciem\/przeci\u0105\u017ceniow\u0105. Wy\u0142\u0105czniki r\u00f3\u017cnicowopr\u0105dowe typu A wykrywaj\u0105 pr\u0105d r\u00f3\u017cnicowy przemienny i zmienny.<\/p>\n<p><img decoding=\"async\" src=\"\/data\/include\/cms\/description\/img\/cms\/Zdj\u0119cia produkt\u00f3w 2024\/0850\/0850 - (2).png\" alt=\"Wy\u0142\u0105cznik r\u00f3\u017cnicowopr\u0105dowy z cz\u0142onem nadpr\u0105dowym C16 Typ A  30mA 16A 4P RCBO Doktorvolt 0850\" style=\"width: 70%; height: auto; display: block; margin: 20px auto;\" width=\"560\" height=\"560\" \/><\/p>\n<h3 style=\"font-size: 18pt; color: #000;\">Wykorzystanie:<\/h3>\n<p style=\"font-size: 16pt; line-height: 1.5; color: #000;\">Zastosowany cz\u0142on nadpr\u0105dowy C16 jest wykorzystywany w miejscach gdzie spodziewane s\u0105 umiarkowane przeci\u0105\u017cenia. Litera &#8220;C&#8221; oznacza charakterystyk\u0119 wyzwalania wy\u0142\u0105cznika, odnosi si\u0119 to do pr\u0105du przy kt\u00f3rym wy\u0142\u0105cznik zacznie dzia\u0142a\u0107. Liczba &#8220;16&#8221; oznacza znamionowy pr\u0105d wy\u0142\u0105cznika.<\/p>\n<p><img decoding=\"async\" src=\"\/data\/include\/cms\/description\/img\/cms\/Zdj\u0119cia produkt\u00f3w 2024\/0850\/0850 - (4).png\" alt=\"Wy\u0142\u0105cznik r\u00f3\u017cnicowopr\u0105dowy z cz\u0142onem nadpr\u0105dowym C16 Typ A  30mA 16A 4P RCBO Doktorvolt 0850\" style=\"width: 70%; height: auto; display: block; margin: 20px auto;\" width=\"560\" height=\"560\" \/><\/p>\n<h3 style=\"font-size: 18pt; color: #000;\">Funkcje:<\/h3>\n<p style=\"font-size: 16pt; line-height: 1.5; color: #000;\">Dodatkowo, na wy\u0142\u0105czniku widoczny jest przycisk <strong>\u201eTEST\u201d<\/strong>. Jego naci\u015bni\u0119cie <strong>symuluje niew\u0142a\u015bciwe po\u0142\u0105czenie<\/strong> i up\u0142yw pr\u0105du wewn\u0105trz urz\u0105dzenia. Pozwala nam to upewni\u0107 si\u0119, \u017ce wy\u0142\u0105cznik jest sprawny.<\/p>\n<p><img decoding=\"async\" src=\"\/data\/include\/cms\/description\/img\/cms\/Zdj\u0119cia produkt\u00f3w 2024\/0850\/0850 - (6).png\" alt=\"Wy\u0142\u0105cznik r\u00f3\u017cnicowopr\u0105dowy z cz\u0142onem nadpr\u0105dowym C16 Typ A  30mA 16A 4P RCBO Doktorvolt 0850\" style=\"width: 70%; height: auto; display: block; margin: 20px auto;\" width=\"560\" height=\"560\" \/><\/p>\n<h3 style=\"font-size: 18pt; color: #000;\">Specyfikacja techniczna:<\/h3>\n<p style=\"font-size: 16pt; line-height: 1.5; color: #000000; text-align: left;\">&#x2714; Certyfikaty i normy: <strong>IEC61009, CE<\/strong><br \/>&#x2714; Pr\u0105d znamionowy: <strong>16<\/strong><br \/>&#x2714; Charakterystyka pracy: <strong>C<\/strong><br \/>&#x2714; Liczba p\u00f3l: <strong>4<\/strong><br \/>&#x2714; Typ: <strong>A<\/strong><br \/>&#x2714; Napi\u0119cie znamionowe Un: <strong>400V<\/strong><br \/>&#x2714; Monta\u017c: <strong>na szynie DIN<br \/><\/strong>&#x2714; Znamionowy pr\u0105d r\u00f3\u017cnicowy: <strong>30mA<\/p>\n<p><\/strong><\/p>\n<h3 style=\"font-size: 18pt; color: #000;\">Zaufany Producent:<\/h3>\n<p style=\"font-size: 16pt; line-height: 1.5; color: #000;\">Doktorvolt\u00ae jest firm\u0105, powsta\u0142\u0105 w 2013 roku. Pr\u0119\u017cnie rozwijaj\u0105ca si\u0119 firma podbi\u0142a rynek Polski i zagraniczny. Siedziba znajduje si\u0119 w Malichowie w wojew\u00f3dztwie Opolskim, gdzie mie\u015bci sie nowoczesna hala produkcyjna oraz magazyny. Firma specjalizuje si\u0119 w produkcji rodzielnic budowlanych, firm\u0119 wyr\u00f3\u017cnia jako\u015b\u0107 i solidno\u015b\u0107 pracy. Ka\u017cda rozdzielnia sk\u0142ada si\u0119 z wysokiej jako\u015bci komponent\u00f3w. Produkty firmy Doktorvolt\u00ae spe\u0142niaj\u0105 europejskie standardy i normy bezpiecze\u0144stwa<\/p>\n<p><img decoding=\"async\" src=\"\/data\/include\/cms\/description\/img\/cms\/zdj\u0119cia sklep\/logo jpg.jpg\" alt=\"Doktorvolt logo\" width=\"566\" height=\"155\" style=\"display: block; margin-left: auto; margin-right: auto;\" \/><\/div>\n","protected":false},"excerpt":{"rendered":"<p>Wy\u0142\u0105cznik r\u00f3\u017cnicowopr\u0105dowy jest to urz\u0105dzenie s\u0142u\u017c\u0105ce do ochrony, stosowane w instalacjach elektrycznych. Wy\u0142\u0105cznik z cz\u0142onem nadpr\u0105dowym C16.<\/p>\n","protected":false},"featured_media":96863,"template":"","meta":[],"product_brand":[],"product_cat":[5087],"product_tag":[],"class_list":{"0":"post-110748","1":"product","2":"type-product","3":"status-publish","4":"has-post-thumbnail","6":"product_cat-residual-current-circuit-breakers-type-a","7":"pa_charakterystyka-pracy-c","8":"pa_liczba-biegunow-4p","9":"pa_prad-roznicowy-30ma","10":"pa_prad-znamionowy-16a","12":"first","13":"instock","14":"shipping-taxable","15":"product-type-external"},"yoast_head":"<!-- This site is optimized with the Yoast SEO plugin v27.0 - https:\/\/yoast.com\/product\/yoast-seo-wordpress\/ -->\n<title>Wy\u0142\u0105cznik r\u00f3\u017cnicowopr\u0105dowy z cz\u0142onem nadpr\u0105dowym C16 Typ A 30mA 16A 4P RCBO Doktorvolt 0850 - DOKTORVOLT\u00ae<\/title>\n<meta name=\"robots\" content=\"index, follow, max-snippet:-1, max-image-preview:large, max-video-preview:-1\" \/>\n<link rel=\"canonical\" href=\"https:\/\/doktorvolt.pl\/oferta-doktorvolt\/aparatura-modulowa\/wylaczniki-roznicowopradowe\/roznicowopradowe-typ-a\/wylacznik-roznicowopradowy-z-czlonem-nadpradowym-c16-typ-a-30ma-16a-4p-rcbo-doktorvolt-0850\/\" \/>\n<meta property=\"og:locale\" content=\"en_US\" \/>\n<meta property=\"og:type\" content=\"article\" \/>\n<meta property=\"og:title\" content=\"Wy\u0142\u0105cznik r\u00f3\u017cnicowopr\u0105dowy z cz\u0142onem nadpr\u0105dowym C16 Typ A 30mA 16A 4P RCBO Doktorvolt 0850 - DOKTORVOLT\u00ae\" \/>\n<meta property=\"og:description\" content=\"Wy\u0142\u0105cznik r\u00f3\u017cnicowopr\u0105dowy jest to urz\u0105dzenie s\u0142u\u017c\u0105ce do ochrony, stosowane w instalacjach elektrycznych. Wy\u0142\u0105cznik z cz\u0142onem nadpr\u0105dowym C16.\" \/>\n<meta property=\"og:url\" content=\"https:\/\/doktorvolt.pl\/oferta-doktorvolt\/aparatura-modulowa\/wylaczniki-roznicowopradowe\/roznicowopradowe-typ-a\/wylacznik-roznicowopradowy-z-czlonem-nadpradowym-c16-typ-a-30ma-16a-4p-rcbo-doktorvolt-0850\/\" \/>\n<meta property=\"og:site_name\" content=\"DOKTORVOLT\u00ae\" \/>\n<meta property=\"og:image\" content=\"https:\/\/doktorvolt.pl\/wp-content\/uploads\/2026\/02\/pol_pl_16872-16872_2.jpg\" \/>\n\t<meta property=\"og:image:width\" content=\"1000\" \/>\n\t<meta property=\"og:image:height\" content=\"1000\" \/>\n\t<meta property=\"og:image:type\" content=\"image\/jpeg\" \/>\n<meta name=\"twitter:card\" content=\"summary_large_image\" \/>\n<meta name=\"twitter:label1\" content=\"Est. reading time\" \/>\n\t<meta name=\"twitter:data1\" content=\"1 minute\" \/>\n<script type=\"application\/ld+json\" class=\"yoast-schema-graph\">{\"@context\":\"https:\/\/schema.org\",\"@graph\":[{\"@type\":\"WebPage\",\"@id\":\"https:\/\/doktorvolt.pl\/oferta-doktorvolt\/aparatura-modulowa\/wylaczniki-roznicowopradowe\/roznicowopradowe-typ-a\/wylacznik-roznicowopradowy-z-czlonem-nadpradowym-c16-typ-a-30ma-16a-4p-rcbo-doktorvolt-0850\/\",\"url\":\"https:\/\/doktorvolt.pl\/oferta-doktorvolt\/aparatura-modulowa\/wylaczniki-roznicowopradowe\/roznicowopradowe-typ-a\/wylacznik-roznicowopradowy-z-czlonem-nadpradowym-c16-typ-a-30ma-16a-4p-rcbo-doktorvolt-0850\/\",\"name\":\"Wy\u0142\u0105cznik r\u00f3\u017cnicowopr\u0105dowy z cz\u0142onem nadpr\u0105dowym C16 Typ A 30mA 16A 4P RCBO Doktorvolt 0850 - DOKTORVOLT\u00ae\",\"isPartOf\":{\"@id\":\"https:\/\/doktorvolt.pl\/de\/#website\"},\"primaryImageOfPage\":{\"@id\":\"https:\/\/doktorvolt.pl\/oferta-doktorvolt\/aparatura-modulowa\/wylaczniki-roznicowopradowe\/roznicowopradowe-typ-a\/wylacznik-roznicowopradowy-z-czlonem-nadpradowym-c16-typ-a-30ma-16a-4p-rcbo-doktorvolt-0850\/#primaryimage\"},\"image\":{\"@id\":\"https:\/\/doktorvolt.pl\/oferta-doktorvolt\/aparatura-modulowa\/wylaczniki-roznicowopradowe\/roznicowopradowe-typ-a\/wylacznik-roznicowopradowy-z-czlonem-nadpradowym-c16-typ-a-30ma-16a-4p-rcbo-doktorvolt-0850\/#primaryimage\"},\"thumbnailUrl\":\"https:\/\/doktorvolt.pl\/wp-content\/uploads\/2026\/02\/pol_pl_16872-16872_2.jpg\",\"datePublished\":\"2026-02-23T13:56:01+00:00\",\"breadcrumb\":{\"@id\":\"https:\/\/doktorvolt.pl\/oferta-doktorvolt\/aparatura-modulowa\/wylaczniki-roznicowopradowe\/roznicowopradowe-typ-a\/wylacznik-roznicowopradowy-z-czlonem-nadpradowym-c16-typ-a-30ma-16a-4p-rcbo-doktorvolt-0850\/#breadcrumb\"},\"inLanguage\":\"en-US\",\"potentialAction\":[{\"@type\":\"ReadAction\",\"target\":[\"https:\/\/doktorvolt.pl\/oferta-doktorvolt\/aparatura-modulowa\/wylaczniki-roznicowopradowe\/roznicowopradowe-typ-a\/wylacznik-roznicowopradowy-z-czlonem-nadpradowym-c16-typ-a-30ma-16a-4p-rcbo-doktorvolt-0850\/\"]}]},{\"@type\":\"ImageObject\",\"inLanguage\":\"en-US\",\"@id\":\"https:\/\/doktorvolt.pl\/oferta-doktorvolt\/aparatura-modulowa\/wylaczniki-roznicowopradowe\/roznicowopradowe-typ-a\/wylacznik-roznicowopradowy-z-czlonem-nadpradowym-c16-typ-a-30ma-16a-4p-rcbo-doktorvolt-0850\/#primaryimage\",\"url\":\"https:\/\/doktorvolt.pl\/wp-content\/uploads\/2026\/02\/pol_pl_16872-16872_2.jpg\",\"contentUrl\":\"https:\/\/doktorvolt.pl\/wp-content\/uploads\/2026\/02\/pol_pl_16872-16872_2.jpg\",\"width\":1000,\"height\":1000},{\"@type\":\"BreadcrumbList\",\"@id\":\"https:\/\/doktorvolt.pl\/oferta-doktorvolt\/aparatura-modulowa\/wylaczniki-roznicowopradowe\/roznicowopradowe-typ-a\/wylacznik-roznicowopradowy-z-czlonem-nadpradowym-c16-typ-a-30ma-16a-4p-rcbo-doktorvolt-0850\/#breadcrumb\",\"itemListElement\":[{\"@type\":\"ListItem\",\"position\":1,\"name\":\"Strona g\u0142\u00f3wna\",\"item\":\"https:\/\/doktorvolt.pl\/en\/\"},{\"@type\":\"ListItem\",\"position\":2,\"name\":\"Offer Doktorvolt\",\"item\":\"https:\/\/doktorvolt.pl\/en\/offer-doktorvolt\/\"},{\"@type\":\"ListItem\",\"position\":3,\"name\":\"Wy\u0142\u0105cznik r\u00f3\u017cnicowopr\u0105dowy z cz\u0142onem nadpr\u0105dowym C16 Typ A 30mA 16A 4P RCBO Doktorvolt 0850\"}]},{\"@type\":\"WebSite\",\"@id\":\"https:\/\/doktorvolt.pl\/de\/#website\",\"url\":\"https:\/\/doktorvolt.pl\/de\/\",\"name\":\"DOKTORVOLT\u00ae\",\"description\":\"Producent rozdzielnic budowlanych\",\"publisher\":{\"@id\":\"https:\/\/doktorvolt.pl\/de\/#organization\"},\"potentialAction\":[{\"@type\":\"SearchAction\",\"target\":{\"@type\":\"EntryPoint\",\"urlTemplate\":\"https:\/\/doktorvolt.pl\/de\/?s={search_term_string}\"},\"query-input\":{\"@type\":\"PropertyValueSpecification\",\"valueRequired\":true,\"valueName\":\"search_term_string\"}}],\"inLanguage\":\"en-US\"},{\"@type\":\"Organization\",\"@id\":\"https:\/\/doktorvolt.pl\/de\/#organization\",\"name\":\"DOKTORVOLT\u00ae\",\"url\":\"https:\/\/doktorvolt.pl\/de\/\",\"logo\":{\"@type\":\"ImageObject\",\"inLanguage\":\"en-US\",\"@id\":\"https:\/\/doktorvolt.pl\/de\/#\/schema\/logo\/image\/\",\"url\":\"https:\/\/doktorvolt.pl\/wp-content\/uploads\/2023\/10\/DoktorVOLT-black-png.png\",\"contentUrl\":\"https:\/\/doktorvolt.pl\/wp-content\/uploads\/2023\/10\/DoktorVOLT-black-png.png\",\"width\":729,\"height\":40,\"caption\":\"DOKTORVOLT\u00ae\"},\"image\":{\"@id\":\"https:\/\/doktorvolt.pl\/de\/#\/schema\/logo\/image\/\"}}]}<\/script>\n<!-- \/ Yoast SEO plugin. -->","yoast_head_json":{"title":"Wy\u0142\u0105cznik r\u00f3\u017cnicowopr\u0105dowy z cz\u0142onem nadpr\u0105dowym C16 Typ A 30mA 16A 4P RCBO Doktorvolt 0850 - DOKTORVOLT\u00ae","robots":{"index":"index","follow":"follow","max-snippet":"max-snippet:-1","max-image-preview":"max-image-preview:large","max-video-preview":"max-video-preview:-1"},"canonical":"https:\/\/doktorvolt.pl\/oferta-doktorvolt\/aparatura-modulowa\/wylaczniki-roznicowopradowe\/roznicowopradowe-typ-a\/wylacznik-roznicowopradowy-z-czlonem-nadpradowym-c16-typ-a-30ma-16a-4p-rcbo-doktorvolt-0850\/","og_locale":"en_US","og_type":"article","og_title":"Wy\u0142\u0105cznik r\u00f3\u017cnicowopr\u0105dowy z cz\u0142onem nadpr\u0105dowym C16 Typ A 30mA 16A 4P RCBO Doktorvolt 0850 - DOKTORVOLT\u00ae","og_description":"Wy\u0142\u0105cznik r\u00f3\u017cnicowopr\u0105dowy jest to urz\u0105dzenie s\u0142u\u017c\u0105ce do ochrony, stosowane w instalacjach elektrycznych. Wy\u0142\u0105cznik z cz\u0142onem nadpr\u0105dowym C16.","og_url":"https:\/\/doktorvolt.pl\/oferta-doktorvolt\/aparatura-modulowa\/wylaczniki-roznicowopradowe\/roznicowopradowe-typ-a\/wylacznik-roznicowopradowy-z-czlonem-nadpradowym-c16-typ-a-30ma-16a-4p-rcbo-doktorvolt-0850\/","og_site_name":"DOKTORVOLT\u00ae","og_image":[{"width":1000,"height":1000,"url":"https:\/\/doktorvolt.pl\/wp-content\/uploads\/2026\/02\/pol_pl_16872-16872_2.jpg","type":"image\/jpeg"}],"twitter_card":"summary_large_image","twitter_misc":{"Est. reading time":"1 minute"},"schema":{"@context":"https:\/\/schema.org","@graph":[{"@type":"WebPage","@id":"https:\/\/doktorvolt.pl\/oferta-doktorvolt\/aparatura-modulowa\/wylaczniki-roznicowopradowe\/roznicowopradowe-typ-a\/wylacznik-roznicowopradowy-z-czlonem-nadpradowym-c16-typ-a-30ma-16a-4p-rcbo-doktorvolt-0850\/","url":"https:\/\/doktorvolt.pl\/oferta-doktorvolt\/aparatura-modulowa\/wylaczniki-roznicowopradowe\/roznicowopradowe-typ-a\/wylacznik-roznicowopradowy-z-czlonem-nadpradowym-c16-typ-a-30ma-16a-4p-rcbo-doktorvolt-0850\/","name":"Wy\u0142\u0105cznik r\u00f3\u017cnicowopr\u0105dowy z cz\u0142onem nadpr\u0105dowym C16 Typ A 30mA 16A 4P RCBO Doktorvolt 0850 - DOKTORVOLT\u00ae","isPartOf":{"@id":"https:\/\/doktorvolt.pl\/de\/#website"},"primaryImageOfPage":{"@id":"https:\/\/doktorvolt.pl\/oferta-doktorvolt\/aparatura-modulowa\/wylaczniki-roznicowopradowe\/roznicowopradowe-typ-a\/wylacznik-roznicowopradowy-z-czlonem-nadpradowym-c16-typ-a-30ma-16a-4p-rcbo-doktorvolt-0850\/#primaryimage"},"image":{"@id":"https:\/\/doktorvolt.pl\/oferta-doktorvolt\/aparatura-modulowa\/wylaczniki-roznicowopradowe\/roznicowopradowe-typ-a\/wylacznik-roznicowopradowy-z-czlonem-nadpradowym-c16-typ-a-30ma-16a-4p-rcbo-doktorvolt-0850\/#primaryimage"},"thumbnailUrl":"https:\/\/doktorvolt.pl\/wp-content\/uploads\/2026\/02\/pol_pl_16872-16872_2.jpg","datePublished":"2026-02-23T13:56:01+00:00","breadcrumb":{"@id":"https:\/\/doktorvolt.pl\/oferta-doktorvolt\/aparatura-modulowa\/wylaczniki-roznicowopradowe\/roznicowopradowe-typ-a\/wylacznik-roznicowopradowy-z-czlonem-nadpradowym-c16-typ-a-30ma-16a-4p-rcbo-doktorvolt-0850\/#breadcrumb"},"inLanguage":"en-US","potentialAction":[{"@type":"ReadAction","target":["https:\/\/doktorvolt.pl\/oferta-doktorvolt\/aparatura-modulowa\/wylaczniki-roznicowopradowe\/roznicowopradowe-typ-a\/wylacznik-roznicowopradowy-z-czlonem-nadpradowym-c16-typ-a-30ma-16a-4p-rcbo-doktorvolt-0850\/"]}]},{"@type":"ImageObject","inLanguage":"en-US","@id":"https:\/\/doktorvolt.pl\/oferta-doktorvolt\/aparatura-modulowa\/wylaczniki-roznicowopradowe\/roznicowopradowe-typ-a\/wylacznik-roznicowopradowy-z-czlonem-nadpradowym-c16-typ-a-30ma-16a-4p-rcbo-doktorvolt-0850\/#primaryimage","url":"https:\/\/doktorvolt.pl\/wp-content\/uploads\/2026\/02\/pol_pl_16872-16872_2.jpg","contentUrl":"https:\/\/doktorvolt.pl\/wp-content\/uploads\/2026\/02\/pol_pl_16872-16872_2.jpg","width":1000,"height":1000},{"@type":"BreadcrumbList","@id":"https:\/\/doktorvolt.pl\/oferta-doktorvolt\/aparatura-modulowa\/wylaczniki-roznicowopradowe\/roznicowopradowe-typ-a\/wylacznik-roznicowopradowy-z-czlonem-nadpradowym-c16-typ-a-30ma-16a-4p-rcbo-doktorvolt-0850\/#breadcrumb","itemListElement":[{"@type":"ListItem","position":1,"name":"Strona g\u0142\u00f3wna","item":"https:\/\/doktorvolt.pl\/en\/"},{"@type":"ListItem","position":2,"name":"Offer Doktorvolt","item":"https:\/\/doktorvolt.pl\/en\/offer-doktorvolt\/"},{"@type":"ListItem","position":3,"name":"Wy\u0142\u0105cznik r\u00f3\u017cnicowopr\u0105dowy z cz\u0142onem nadpr\u0105dowym C16 Typ A 30mA 16A 4P RCBO Doktorvolt 0850"}]},{"@type":"WebSite","@id":"https:\/\/doktorvolt.pl\/de\/#website","url":"https:\/\/doktorvolt.pl\/de\/","name":"DOKTORVOLT\u00ae","description":"Producent rozdzielnic budowlanych","publisher":{"@id":"https:\/\/doktorvolt.pl\/de\/#organization"},"potentialAction":[{"@type":"SearchAction","target":{"@type":"EntryPoint","urlTemplate":"https:\/\/doktorvolt.pl\/de\/?s={search_term_string}"},"query-input":{"@type":"PropertyValueSpecification","valueRequired":true,"valueName":"search_term_string"}}],"inLanguage":"en-US"},{"@type":"Organization","@id":"https:\/\/doktorvolt.pl\/de\/#organization","name":"DOKTORVOLT\u00ae","url":"https:\/\/doktorvolt.pl\/de\/","logo":{"@type":"ImageObject","inLanguage":"en-US","@id":"https:\/\/doktorvolt.pl\/de\/#\/schema\/logo\/image\/","url":"https:\/\/doktorvolt.pl\/wp-content\/uploads\/2023\/10\/DoktorVOLT-black-png.png","contentUrl":"https:\/\/doktorvolt.pl\/wp-content\/uploads\/2023\/10\/DoktorVOLT-black-png.png","width":729,"height":40,"caption":"DOKTORVOLT\u00ae"},"image":{"@id":"https:\/\/doktorvolt.pl\/de\/#\/schema\/logo\/image\/"}}]}},"_links":{"self":[{"href":"https:\/\/doktorvolt.pl\/en\/wp-json\/wp\/v2\/product\/110748","targetHints":{"allow":["GET"]}}],"collection":[{"href":"https:\/\/doktorvolt.pl\/en\/wp-json\/wp\/v2\/product"}],"about":[{"href":"https:\/\/doktorvolt.pl\/en\/wp-json\/wp\/v2\/types\/product"}],"wp:featuredmedia":[{"embeddable":true,"href":"https:\/\/doktorvolt.pl\/en\/wp-json\/wp\/v2\/media\/96863"}],"wp:attachment":[{"href":"https:\/\/doktorvolt.pl\/en\/wp-json\/wp\/v2\/media?parent=110748"}],"wp:term":[{"taxonomy":"product_brand","embeddable":true,"href":"https:\/\/doktorvolt.pl\/en\/wp-json\/wp\/v2\/product_brand?post=110748"},{"taxonomy":"product_cat","embeddable":true,"href":"https:\/\/doktorvolt.pl\/en\/wp-json\/wp\/v2\/product_cat?post=110748"},{"taxonomy":"product_tag","embeddable":true,"href":"https:\/\/doktorvolt.pl\/en\/wp-json\/wp\/v2\/product_tag?post=110748"}],"curies":[{"name":"wp","href":"https:\/\/api.w.org\/{rel}","templated":true}]}}