{"id":110752,"date":"2026-02-23T15:55:59","date_gmt":"2026-02-23T13:55:59","guid":{"rendered":"https:\/\/doktorvolt.pl\/sklep\/uncategorized\/wylacznik-roznicowopradowy-typ-a-doktorvolt-300ma-63a-4p-rcd-0812\/"},"modified":"2026-02-23T15:55:59","modified_gmt":"2026-02-23T13:55:59","slug":"wylacznik-roznicowopradowy-typ-a-doktorvolt-300ma-63a-4p-rcd-0812","status":"publish","type":"product","link":"https:\/\/doktorvolt.pl\/en\/oferta-doktorvolt\/modular-apparatus\/residual-current-devices\/residual-current-circuit-breakers-type-a\/wylacznik-roznicowopradowy-typ-a-doktorvolt-300ma-63a-4p-rcd-0812\/","title":{"rendered":"Wy\u0142\u0105cznik r\u00f3\u017cnicowopr\u0105dowy Typ A Doktorvolt 300mA 63A 4P RCD 0812"},"content":{"rendered":"<h1 style=\"font-size: 13pt; text-align: center;\"><span style=\"color: #000000;\">\u00a0Wy\u0142\u0105cznik r\u00f3\u017cnicowopr\u0105dowy Doktorvolt Typ A RCCB &#8211; maksymalne bezpiecze\u0144stwo os\u00f3b i mienia<\/span><\/h1>\n<p style=\"font-size: 13pt; text-align: justify;\"><span style=\"color: #000000;\">Wy\u0142\u0105cznik r\u00f3\u017cnicowopr\u0105dowy marki <strong>Doktorvolt<\/strong> to elektryczne urz\u0105dzenie zabezpieczaj\u0105ce o najwy\u017cszej jako\u015bci, kt\u00f3re zapewnia <strong>niezawodn\u0105 ochron\u0119 os\u00f3b i mienia<\/strong> przed pora\u017ceniem pr\u0105dem elektrycznym poprzez szybkie i bezpieczne od\u0142\u0105czenie instalacji od zasilania.<\/span><\/p>\n<p style=\"font-size: 13pt; text-align: justify;\"><span style=\"color: #000000;\">Zadaniem wy\u0142\u0105cznik\u00f3w r\u00f3\u017cnicowopr\u0105dowych jest kontrola r\u00f3\u017cnicy mi\u0119dzy pr\u0105dem wyp\u0142ywaj\u0105cym a powracaj\u0105cym. Wy\u0142\u0105czniki posiadaj\u0105 <strong>stopie\u0144 ochrony IP20<\/strong>.<\/span><\/p>\n<p style=\"font-size: 13pt; text-align: justify;\"><span style=\"color: #000000;\">Wy\u0142\u0105cznik r\u00f3\u017cnicowopr\u0105dowy <strong>Typ A<\/strong><\/span><\/p>\n<ul>\n<li style=\"font-size: 13pt; text-align: left;\">\u00a0&#8211; wykrywa pr\u0105d r\u00f3\u017cnicowy przemienny i zmienny<\/li>\n<\/ul>\n<p style=\"font-size: 13pt; text-align: justify;\"><span style=\"color: #000000;\">Takie rozwi\u0105zanie gwarantuje nam <strong>ochron\u0119 przed pora\u017ceniem<\/strong> przy dotyku po\u015brednim, jak i bezpo\u015brednim.<\/span><\/p>\n<p style=\"font-size: 13pt;\"><span style=\"color: #000000;\">Dodatkowo, na wy\u0142\u0105czniku widoczny jest <strong>przycisk \u201eTEST\u201d<\/strong>. Jego naci\u015bni\u0119cie symuluje niew\u0142a\u015bciwe po\u0142\u0105czenie i up\u0142yw pr\u0105du wewn\u0105trz urz\u0105dzenia. Pozwala nam to upewni\u0107 si\u0119, \u017ce wy\u0142\u0105cznik jest sprawny. Wy\u0142\u0105czniki r\u00f3\u017cnicowopr\u0105dowe s\u0105 wyposa\u017cone w zaciski do monta\u017cu na szynie DIN TH\/TS-35: <img decoding=\"async\" src=\"https:\/\/preis-zone.pl\/hpeciai\/cf0a8e6e6d61d049927a5ab9a0bf0ba4\/pol_pl_Wylacznik-roznicowopradowy-Typ-A-Doktorvolt-300mA-63A-4P-RCD-0812-16870_2.jpg\" alt=\"Wy\u0142\u0105cznik r\u00f3\u017cnicowopr\u0105dowy Typ A  300mA 63A 4P RCD 0812\" width=\"350\" height=\"350\" style=\"float: right;\" \/><br \/><\/span><\/p>\n<ul>\n<li style=\"font-size: 13pt; text-align: left;\"><strong>Specyfikacja techniczna<\/strong>\u00a0<\/li>\n<li style=\"font-size: 13pt; text-align: left;\">Typ <strong>A RCCB<\/strong><\/li>\n<li style=\"font-size: 13pt; text-align: left;\">Pr\u0105d znamionowy: <strong>63A<\/strong><\/li>\n<li style=\"font-size: 13pt; text-align: left;\">Ilo\u015b\u0107 p\u00f3l: <strong>4<\/strong><\/li>\n<li style=\"font-size: 13pt; text-align: left;\">Znamionowy pr\u0105d r\u00f3\u017cnicowy: <strong>300mA<\/strong><\/li>\n<li style=\"font-size: 13pt; text-align: left;\">Wytrzyma\u0142o\u015b\u0107 zwarciowa Inc: <strong>6000A<\/strong><\/li>\n<li style=\"font-size: 13pt; text-align: left;\">Napi\u0119cie znamionowe Un:<strong>400V<\/strong>\u00a0<\/li>\n<li style=\"font-size: 13pt; text-align: left;\">Cz\u0119stotliwo\u015b\u0107: <strong>50\/60 Hz<\/strong><\/li>\n<li style=\"font-size: 13pt; text-align: left;\">Stopie\u0144 ochrony: <strong>IP20<\/strong><\/li>\n<li style=\"font-size: 13pt; text-align: left;\">Minimalna temperatura pracy <span style=\"color: #000000;\"><strong>-25\u00b0C<\/strong><\/span><strong><\/strong><\/li>\n<li style=\"font-size: 13pt; text-align: left;\">kolor: <strong>szary<\/strong><\/li>\n<li style=\"font-size: 13pt; text-align: left;\">Normy: <strong>CE<\/strong><\/li>\n<li style=\"font-size: 13pt; text-align: left;\">Producent:<strong> Doktorvolt<\/strong><\/li>\n<\/ul>\n","protected":false},"excerpt":{"rendered":"<p>Wy\u0142\u0105cznik r\u00f3\u017cnicowopr\u0105dowy to elektryczne urz\u0105dzenie, kt\u00f3re gwarantuje nam ochron\u0119 przed pora\u017ceniem przy dotyku po\u015brednim, jak i bezpo\u015brednim.<\/p>\n","protected":false},"featured_media":96829,"template":"","meta":[],"product_brand":[],"product_cat":[5087],"product_tag":[],"class_list":{"0":"post-110752","1":"product","2":"type-product","3":"status-publish","4":"has-post-thumbnail","6":"product_cat-residual-current-circuit-breakers-type-a","7":"pa_liczba-biegunow-4p","8":"pa_prad-roznicowy-300ma","9":"pa_prad-znamionowy-63a","11":"first","12":"instock","13":"shipping-taxable","14":"product-type-external"},"yoast_head":"<!-- This site is optimized with the Yoast SEO plugin v27.0 - https:\/\/yoast.com\/product\/yoast-seo-wordpress\/ -->\n<title>Wy\u0142\u0105cznik r\u00f3\u017cnicowopr\u0105dowy Typ A Doktorvolt 300mA 63A 4P RCD 0812 - DOKTORVOLT\u00ae<\/title>\n<meta name=\"robots\" content=\"index, follow, max-snippet:-1, max-image-preview:large, max-video-preview:-1\" \/>\n<link rel=\"canonical\" href=\"https:\/\/doktorvolt.pl\/oferta-doktorvolt\/aparatura-modulowa\/wylaczniki-roznicowopradowe\/roznicowopradowe-typ-a\/wylacznik-roznicowopradowy-typ-a-doktorvolt-300ma-63a-4p-rcd-0812\/\" \/>\n<meta property=\"og:locale\" content=\"en_US\" \/>\n<meta property=\"og:type\" content=\"article\" \/>\n<meta property=\"og:title\" content=\"Wy\u0142\u0105cznik r\u00f3\u017cnicowopr\u0105dowy Typ A Doktorvolt 300mA 63A 4P RCD 0812 - DOKTORVOLT\u00ae\" \/>\n<meta property=\"og:description\" content=\"Wy\u0142\u0105cznik r\u00f3\u017cnicowopr\u0105dowy to elektryczne urz\u0105dzenie, kt\u00f3re gwarantuje nam ochron\u0119 przed pora\u017ceniem przy dotyku po\u015brednim, jak i bezpo\u015brednim.\" \/>\n<meta property=\"og:url\" content=\"https:\/\/doktorvolt.pl\/oferta-doktorvolt\/aparatura-modulowa\/wylaczniki-roznicowopradowe\/roznicowopradowe-typ-a\/wylacznik-roznicowopradowy-typ-a-doktorvolt-300ma-63a-4p-rcd-0812\/\" \/>\n<meta property=\"og:site_name\" content=\"DOKTORVOLT\u00ae\" \/>\n<meta property=\"og:image\" content=\"https:\/\/doktorvolt.pl\/wp-content\/uploads\/2026\/02\/pol_pl_16870-16870_1.jpg\" \/>\n\t<meta property=\"og:image:width\" content=\"800\" \/>\n\t<meta property=\"og:image:height\" content=\"800\" \/>\n\t<meta property=\"og:image:type\" content=\"image\/jpeg\" \/>\n<meta name=\"twitter:card\" content=\"summary_large_image\" \/>\n<meta name=\"twitter:label1\" content=\"Est. reading time\" \/>\n\t<meta name=\"twitter:data1\" content=\"1 minute\" \/>\n<script type=\"application\/ld+json\" class=\"yoast-schema-graph\">{\"@context\":\"https:\/\/schema.org\",\"@graph\":[{\"@type\":\"WebPage\",\"@id\":\"https:\/\/doktorvolt.pl\/oferta-doktorvolt\/aparatura-modulowa\/wylaczniki-roznicowopradowe\/roznicowopradowe-typ-a\/wylacznik-roznicowopradowy-typ-a-doktorvolt-300ma-63a-4p-rcd-0812\/\",\"url\":\"https:\/\/doktorvolt.pl\/oferta-doktorvolt\/aparatura-modulowa\/wylaczniki-roznicowopradowe\/roznicowopradowe-typ-a\/wylacznik-roznicowopradowy-typ-a-doktorvolt-300ma-63a-4p-rcd-0812\/\",\"name\":\"Wy\u0142\u0105cznik r\u00f3\u017cnicowopr\u0105dowy Typ A Doktorvolt 300mA 63A 4P RCD 0812 - DOKTORVOLT\u00ae\",\"isPartOf\":{\"@id\":\"https:\/\/doktorvolt.pl\/de\/#website\"},\"primaryImageOfPage\":{\"@id\":\"https:\/\/doktorvolt.pl\/oferta-doktorvolt\/aparatura-modulowa\/wylaczniki-roznicowopradowe\/roznicowopradowe-typ-a\/wylacznik-roznicowopradowy-typ-a-doktorvolt-300ma-63a-4p-rcd-0812\/#primaryimage\"},\"image\":{\"@id\":\"https:\/\/doktorvolt.pl\/oferta-doktorvolt\/aparatura-modulowa\/wylaczniki-roznicowopradowe\/roznicowopradowe-typ-a\/wylacznik-roznicowopradowy-typ-a-doktorvolt-300ma-63a-4p-rcd-0812\/#primaryimage\"},\"thumbnailUrl\":\"https:\/\/doktorvolt.pl\/wp-content\/uploads\/2026\/02\/pol_pl_16870-16870_1.jpg\",\"datePublished\":\"2026-02-23T13:55:59+00:00\",\"breadcrumb\":{\"@id\":\"https:\/\/doktorvolt.pl\/oferta-doktorvolt\/aparatura-modulowa\/wylaczniki-roznicowopradowe\/roznicowopradowe-typ-a\/wylacznik-roznicowopradowy-typ-a-doktorvolt-300ma-63a-4p-rcd-0812\/#breadcrumb\"},\"inLanguage\":\"en-US\",\"potentialAction\":[{\"@type\":\"ReadAction\",\"target\":[\"https:\/\/doktorvolt.pl\/oferta-doktorvolt\/aparatura-modulowa\/wylaczniki-roznicowopradowe\/roznicowopradowe-typ-a\/wylacznik-roznicowopradowy-typ-a-doktorvolt-300ma-63a-4p-rcd-0812\/\"]}]},{\"@type\":\"ImageObject\",\"inLanguage\":\"en-US\",\"@id\":\"https:\/\/doktorvolt.pl\/oferta-doktorvolt\/aparatura-modulowa\/wylaczniki-roznicowopradowe\/roznicowopradowe-typ-a\/wylacznik-roznicowopradowy-typ-a-doktorvolt-300ma-63a-4p-rcd-0812\/#primaryimage\",\"url\":\"https:\/\/doktorvolt.pl\/wp-content\/uploads\/2026\/02\/pol_pl_16870-16870_1.jpg\",\"contentUrl\":\"https:\/\/doktorvolt.pl\/wp-content\/uploads\/2026\/02\/pol_pl_16870-16870_1.jpg\",\"width\":800,\"height\":800},{\"@type\":\"BreadcrumbList\",\"@id\":\"https:\/\/doktorvolt.pl\/oferta-doktorvolt\/aparatura-modulowa\/wylaczniki-roznicowopradowe\/roznicowopradowe-typ-a\/wylacznik-roznicowopradowy-typ-a-doktorvolt-300ma-63a-4p-rcd-0812\/#breadcrumb\",\"itemListElement\":[{\"@type\":\"ListItem\",\"position\":1,\"name\":\"Strona g\u0142\u00f3wna\",\"item\":\"https:\/\/doktorvolt.pl\/en\/\"},{\"@type\":\"ListItem\",\"position\":2,\"name\":\"Offer Doktorvolt\",\"item\":\"https:\/\/doktorvolt.pl\/en\/offer-doktorvolt\/\"},{\"@type\":\"ListItem\",\"position\":3,\"name\":\"Wy\u0142\u0105cznik r\u00f3\u017cnicowopr\u0105dowy Typ A Doktorvolt 300mA 63A 4P RCD 0812\"}]},{\"@type\":\"WebSite\",\"@id\":\"https:\/\/doktorvolt.pl\/de\/#website\",\"url\":\"https:\/\/doktorvolt.pl\/de\/\",\"name\":\"DOKTORVOLT\u00ae\",\"description\":\"Producent rozdzielnic budowlanych\",\"publisher\":{\"@id\":\"https:\/\/doktorvolt.pl\/de\/#organization\"},\"potentialAction\":[{\"@type\":\"SearchAction\",\"target\":{\"@type\":\"EntryPoint\",\"urlTemplate\":\"https:\/\/doktorvolt.pl\/de\/?s={search_term_string}\"},\"query-input\":{\"@type\":\"PropertyValueSpecification\",\"valueRequired\":true,\"valueName\":\"search_term_string\"}}],\"inLanguage\":\"en-US\"},{\"@type\":\"Organization\",\"@id\":\"https:\/\/doktorvolt.pl\/de\/#organization\",\"name\":\"DOKTORVOLT\u00ae\",\"url\":\"https:\/\/doktorvolt.pl\/de\/\",\"logo\":{\"@type\":\"ImageObject\",\"inLanguage\":\"en-US\",\"@id\":\"https:\/\/doktorvolt.pl\/de\/#\/schema\/logo\/image\/\",\"url\":\"https:\/\/doktorvolt.pl\/wp-content\/uploads\/2023\/10\/DoktorVOLT-black-png.png\",\"contentUrl\":\"https:\/\/doktorvolt.pl\/wp-content\/uploads\/2023\/10\/DoktorVOLT-black-png.png\",\"width\":729,\"height\":40,\"caption\":\"DOKTORVOLT\u00ae\"},\"image\":{\"@id\":\"https:\/\/doktorvolt.pl\/de\/#\/schema\/logo\/image\/\"}}]}<\/script>\n<!-- \/ Yoast SEO plugin. -->","yoast_head_json":{"title":"Wy\u0142\u0105cznik r\u00f3\u017cnicowopr\u0105dowy Typ A Doktorvolt 300mA 63A 4P RCD 0812 - DOKTORVOLT\u00ae","robots":{"index":"index","follow":"follow","max-snippet":"max-snippet:-1","max-image-preview":"max-image-preview:large","max-video-preview":"max-video-preview:-1"},"canonical":"https:\/\/doktorvolt.pl\/oferta-doktorvolt\/aparatura-modulowa\/wylaczniki-roznicowopradowe\/roznicowopradowe-typ-a\/wylacznik-roznicowopradowy-typ-a-doktorvolt-300ma-63a-4p-rcd-0812\/","og_locale":"en_US","og_type":"article","og_title":"Wy\u0142\u0105cznik r\u00f3\u017cnicowopr\u0105dowy Typ A Doktorvolt 300mA 63A 4P RCD 0812 - DOKTORVOLT\u00ae","og_description":"Wy\u0142\u0105cznik r\u00f3\u017cnicowopr\u0105dowy to elektryczne urz\u0105dzenie, kt\u00f3re gwarantuje nam ochron\u0119 przed pora\u017ceniem przy dotyku po\u015brednim, jak i bezpo\u015brednim.","og_url":"https:\/\/doktorvolt.pl\/oferta-doktorvolt\/aparatura-modulowa\/wylaczniki-roznicowopradowe\/roznicowopradowe-typ-a\/wylacznik-roznicowopradowy-typ-a-doktorvolt-300ma-63a-4p-rcd-0812\/","og_site_name":"DOKTORVOLT\u00ae","og_image":[{"width":800,"height":800,"url":"https:\/\/doktorvolt.pl\/wp-content\/uploads\/2026\/02\/pol_pl_16870-16870_1.jpg","type":"image\/jpeg"}],"twitter_card":"summary_large_image","twitter_misc":{"Est. reading time":"1 minute"},"schema":{"@context":"https:\/\/schema.org","@graph":[{"@type":"WebPage","@id":"https:\/\/doktorvolt.pl\/oferta-doktorvolt\/aparatura-modulowa\/wylaczniki-roznicowopradowe\/roznicowopradowe-typ-a\/wylacznik-roznicowopradowy-typ-a-doktorvolt-300ma-63a-4p-rcd-0812\/","url":"https:\/\/doktorvolt.pl\/oferta-doktorvolt\/aparatura-modulowa\/wylaczniki-roznicowopradowe\/roznicowopradowe-typ-a\/wylacznik-roznicowopradowy-typ-a-doktorvolt-300ma-63a-4p-rcd-0812\/","name":"Wy\u0142\u0105cznik r\u00f3\u017cnicowopr\u0105dowy Typ A Doktorvolt 300mA 63A 4P RCD 0812 - DOKTORVOLT\u00ae","isPartOf":{"@id":"https:\/\/doktorvolt.pl\/de\/#website"},"primaryImageOfPage":{"@id":"https:\/\/doktorvolt.pl\/oferta-doktorvolt\/aparatura-modulowa\/wylaczniki-roznicowopradowe\/roznicowopradowe-typ-a\/wylacznik-roznicowopradowy-typ-a-doktorvolt-300ma-63a-4p-rcd-0812\/#primaryimage"},"image":{"@id":"https:\/\/doktorvolt.pl\/oferta-doktorvolt\/aparatura-modulowa\/wylaczniki-roznicowopradowe\/roznicowopradowe-typ-a\/wylacznik-roznicowopradowy-typ-a-doktorvolt-300ma-63a-4p-rcd-0812\/#primaryimage"},"thumbnailUrl":"https:\/\/doktorvolt.pl\/wp-content\/uploads\/2026\/02\/pol_pl_16870-16870_1.jpg","datePublished":"2026-02-23T13:55:59+00:00","breadcrumb":{"@id":"https:\/\/doktorvolt.pl\/oferta-doktorvolt\/aparatura-modulowa\/wylaczniki-roznicowopradowe\/roznicowopradowe-typ-a\/wylacznik-roznicowopradowy-typ-a-doktorvolt-300ma-63a-4p-rcd-0812\/#breadcrumb"},"inLanguage":"en-US","potentialAction":[{"@type":"ReadAction","target":["https:\/\/doktorvolt.pl\/oferta-doktorvolt\/aparatura-modulowa\/wylaczniki-roznicowopradowe\/roznicowopradowe-typ-a\/wylacznik-roznicowopradowy-typ-a-doktorvolt-300ma-63a-4p-rcd-0812\/"]}]},{"@type":"ImageObject","inLanguage":"en-US","@id":"https:\/\/doktorvolt.pl\/oferta-doktorvolt\/aparatura-modulowa\/wylaczniki-roznicowopradowe\/roznicowopradowe-typ-a\/wylacznik-roznicowopradowy-typ-a-doktorvolt-300ma-63a-4p-rcd-0812\/#primaryimage","url":"https:\/\/doktorvolt.pl\/wp-content\/uploads\/2026\/02\/pol_pl_16870-16870_1.jpg","contentUrl":"https:\/\/doktorvolt.pl\/wp-content\/uploads\/2026\/02\/pol_pl_16870-16870_1.jpg","width":800,"height":800},{"@type":"BreadcrumbList","@id":"https:\/\/doktorvolt.pl\/oferta-doktorvolt\/aparatura-modulowa\/wylaczniki-roznicowopradowe\/roznicowopradowe-typ-a\/wylacznik-roznicowopradowy-typ-a-doktorvolt-300ma-63a-4p-rcd-0812\/#breadcrumb","itemListElement":[{"@type":"ListItem","position":1,"name":"Strona g\u0142\u00f3wna","item":"https:\/\/doktorvolt.pl\/en\/"},{"@type":"ListItem","position":2,"name":"Offer Doktorvolt","item":"https:\/\/doktorvolt.pl\/en\/offer-doktorvolt\/"},{"@type":"ListItem","position":3,"name":"Wy\u0142\u0105cznik r\u00f3\u017cnicowopr\u0105dowy Typ A Doktorvolt 300mA 63A 4P RCD 0812"}]},{"@type":"WebSite","@id":"https:\/\/doktorvolt.pl\/de\/#website","url":"https:\/\/doktorvolt.pl\/de\/","name":"DOKTORVOLT\u00ae","description":"Producent rozdzielnic budowlanych","publisher":{"@id":"https:\/\/doktorvolt.pl\/de\/#organization"},"potentialAction":[{"@type":"SearchAction","target":{"@type":"EntryPoint","urlTemplate":"https:\/\/doktorvolt.pl\/de\/?s={search_term_string}"},"query-input":{"@type":"PropertyValueSpecification","valueRequired":true,"valueName":"search_term_string"}}],"inLanguage":"en-US"},{"@type":"Organization","@id":"https:\/\/doktorvolt.pl\/de\/#organization","name":"DOKTORVOLT\u00ae","url":"https:\/\/doktorvolt.pl\/de\/","logo":{"@type":"ImageObject","inLanguage":"en-US","@id":"https:\/\/doktorvolt.pl\/de\/#\/schema\/logo\/image\/","url":"https:\/\/doktorvolt.pl\/wp-content\/uploads\/2023\/10\/DoktorVOLT-black-png.png","contentUrl":"https:\/\/doktorvolt.pl\/wp-content\/uploads\/2023\/10\/DoktorVOLT-black-png.png","width":729,"height":40,"caption":"DOKTORVOLT\u00ae"},"image":{"@id":"https:\/\/doktorvolt.pl\/de\/#\/schema\/logo\/image\/"}}]}},"_links":{"self":[{"href":"https:\/\/doktorvolt.pl\/en\/wp-json\/wp\/v2\/product\/110752","targetHints":{"allow":["GET"]}}],"collection":[{"href":"https:\/\/doktorvolt.pl\/en\/wp-json\/wp\/v2\/product"}],"about":[{"href":"https:\/\/doktorvolt.pl\/en\/wp-json\/wp\/v2\/types\/product"}],"wp:featuredmedia":[{"embeddable":true,"href":"https:\/\/doktorvolt.pl\/en\/wp-json\/wp\/v2\/media\/96829"}],"wp:attachment":[{"href":"https:\/\/doktorvolt.pl\/en\/wp-json\/wp\/v2\/media?parent=110752"}],"wp:term":[{"taxonomy":"product_brand","embeddable":true,"href":"https:\/\/doktorvolt.pl\/en\/wp-json\/wp\/v2\/product_brand?post=110752"},{"taxonomy":"product_cat","embeddable":true,"href":"https:\/\/doktorvolt.pl\/en\/wp-json\/wp\/v2\/product_cat?post=110752"},{"taxonomy":"product_tag","embeddable":true,"href":"https:\/\/doktorvolt.pl\/en\/wp-json\/wp\/v2\/product_tag?post=110752"}],"curies":[{"name":"wp","href":"https:\/\/api.w.org\/{rel}","templated":true}]}}