{"id":110755,"date":"2026-02-23T15:55:51","date_gmt":"2026-02-23T13:55:51","guid":{"rendered":"https:\/\/doktorvolt.pl\/sklep\/uncategorized\/mobilny-licznik-energii-elektrycznej-seria-ml-doktorvolt-dv-1680-ml-1680\/"},"modified":"2026-02-23T15:55:51","modified_gmt":"2026-02-23T13:55:51","slug":"mobilny-licznik-energii-elektrycznej-seria-ml-doktorvolt-dv-1680-ml-1680","status":"publish","type":"product","link":"https:\/\/doktorvolt.pl\/en\/oferta-doktorvolt\/energy-measurement\/mobilny-licznik-energii-elektrycznej-seria-ml-doktorvolt-dv-1680-ml-1680\/","title":{"rendered":"Mobilny licznik energii elektrycznej seria ML Doktorvolt DV-1680-ML 1680"},"content":{"rendered":"<h1 style=\"font-size: 13pt; text-align: center;\"><span style=\"color: #000000;\">Mobilny licznik energii elektrycznej DV-1680-ML<\/span><\/h1>\n<p style=\"font-size: 13pt; text-align: justify;\"><span style=\"color: #000000;\"><strong>Mobilny licznik energii elektrycznej marki Doktorvolt<\/strong> jest przeznaczony do funkcjonalnego i bezpiecznego pomiaru energii elektrycznej, zosta\u0142 wyposa\u017cony w najwy\u017cszej klasy komponenty zapewniaj\u0105ce wysoki poziom wytrzyma\u0142o\u015bci i jako\u015bci wykonania.<\/span><\/p>\n<p style=\"font-size: 13pt; text-align: justify;\"><span style=\"color: #000000;\"><strong>Wykorzystanie wysokiej jako\u015bci obudowy<\/strong> zapewnia wysok\u0105 odporno\u015b\u0107 na warunki zewn\u0119trzne oraz r\u00f3\u017cnego rodzaju py\u0142y i zanieczyszczenia.<\/span><\/p>\n<p style=\"font-size: 13pt; text-align: justify;\"><span style=\"color: #000000;\"><strong>Wykorzystanie licznika energii elektrycznej firmy F&amp;F<\/strong> z przyznanym certyfikatem MID pozwala na dok\u0142adne i bezpieczne pomiary zu\u017cywanej energii.<\/span><\/p>\n<p style=\"font-size: 13pt; text-align: justify;\"><span style=\"color: #000000;\"><strong>Specjalny design oraz starannie dobrane komponenty<\/strong> nowych urz\u0105dze\u0144 elektrycznych Doktorvolt zapewniaj\u0105 klientom specjaln\u0105 ochron\u0119 instalacji elektrycznych oraz niezawodno\u015b\u0107 i najwy\u017csz\u0105 jako\u015b\u0107 w preferencyjnych cenach.<\/span><\/p>\n<p style=\"font-size: 13pt; text-align: left;\"><span style=\"color: #000000;\"><strong>Firma Doktorvolt\u00ae w procesie produkcji rozdzielnic wdro\u017cy\u0142a system zarz\u0105dzania certyfikowany przez T\u00dcV S\u00dcD:<\/strong> <\/span><\/p>\n<ul>\n<li style=\"font-size: 13pt; text-align: left;\"><span style=\"color: #000000;\"><span>gwarancja wysokiej jako\u015bci,<\/span><\/span><\/li>\n<li style=\"font-size: 13pt; text-align: left;\"><span style=\"color: #000000;\">transparentny przep\u0142yw informacji,<\/span><\/li>\n<li style=\"font-size: 13pt; text-align: left;\"><span style=\"color: #000000;\">gwarancja w zakresie bezpiecze\u0144stwa,<\/span><\/li>\n<li style=\"font-size: 13pt; text-align: left;\"><span style=\"color: #000000;\">zapewniona dobra obs\u0142uga klienta<\/span><span style=\"color: #000000;\">.<\/span><\/li>\n<\/ul>\n<\/p>\n<p style=\"font-size: 13pt; text-align: justify;\"><strong><span style=\"color: #000000;\">Specyfikacja techniczna:<\/span><\/strong><\/p>\n<ul>\n<li style=\"font-size: 13pt; text-align: left;\"><strong><span style=\"color: #000000;\">Informacje Og\u00f3lne<\/span><\/strong><\/li>\n<li style=\"font-size: 13pt; text-align: left;\"><span style=\"color: #000000;\">Model <strong>DV-1680-ML<\/strong><\/span><\/li>\n<li style=\"font-size: 13pt; text-align: left;\"><span style=\"color: #000000;\">EAN <strong>5905191011680<\/strong><\/span><\/li>\n<li style=\"font-size: 13pt; text-align: left;\"><span style=\"color: #000000;\">Oznaczenie serii produktu <strong>ML<\/strong><\/span><\/li>\n<li style=\"font-size: 13pt; text-align: left;\"><span style=\"color: #000000;\">Producent <strong>DOKTORVOLT<\/strong><\/span><\/li>\n<\/ul>\n<p><span style=\"color: #000000;\"><\/span><\/p>\n<ul>\n<li style=\"font-size: 13pt; text-align: left;\"><strong><span style=\"color: #000000;\">Dane techniczne obudowy<\/span><\/strong><\/li>\n<li style=\"font-size: 13pt; text-align: left;\"><span style=\"color: #000000;\">Wymiary obudowy <strong>245 x 195 x 95<\/strong><\/span><\/li>\n<li style=\"font-size: 13pt; text-align: left;\"><span style=\"color: #000000;\">Materia\u0142 obudowy <strong>PVC<\/strong><\/span><\/li>\n<li style=\"font-size: 13pt; text-align: left;\"><span style=\"color: #000000;\">Kolor przedniej\/tylnej p\u0142yty obudowy <strong>Szary\/czarny<\/strong><\/span><\/li>\n<li style=\"font-size: 13pt; text-align: left;\"><span style=\"color: #000000;\">Uchwyt <strong>Tak<\/strong><\/span><\/li>\n<\/ul>\n<p><span style=\"color: #000000;\"><\/span><\/p>\n<ul>\n<li style=\"font-size: 13pt; text-align: left;\"><strong><span style=\"color: #000000;\">Dane elektryczne<\/span><\/strong><\/li>\n<li style=\"font-size: 13pt; text-align: left;\"><span style=\"color: #000000;\">Napi\u0119cie znamionowe <strong>230 V \/400 V<\/strong><\/span><\/li>\n<li style=\"font-size: 13pt; text-align: left;\"><span style=\"color: #000000;\">Cz\u0119stotliwo\u015b\u0107 znamionowa <strong>50 Hz<\/strong><\/span><\/li>\n<li style=\"font-size: 13pt; text-align: left;\"><span style=\"color: #000000;\">Pr\u0105d znamionowy <strong>63 A<\/strong><\/span><\/li>\n<\/ul>\n<p><span style=\"color: #000000;\"><\/span><\/p>\n<ul>\n<li style=\"font-size: 13pt; text-align: left;\"><strong><span style=\"color: #000000;\">Gniazdo PCE<\/span><\/strong><\/li>\n<li style=\"font-size: 13pt; text-align: left;\"><span style=\"color: #000000;\">1 x Gniazdo si\u0142owe <strong>3P + N + PE, 63A IP67<\/strong><\/span><\/li>\n<\/ul>\n<p><span style=\"color: #000000;\"><\/span><\/p>\n<ul>\n<li style=\"font-size: 13pt; text-align: left;\"><strong><span style=\"color: #000000;\">Wtyczka PCE<\/span><\/strong><\/li>\n<li style=\"font-size: 13pt; text-align: left;\"><span style=\"color: #000000;\">1 x Wtyczka si\u0142owa <strong>3P + N + PE, 63A IP67<\/strong><\/span><\/li>\n<\/ul>\n<p><span style=\"color: #000000;\"><\/span><\/p>\n<ul>\n<li style=\"font-size: 13pt; text-align: left;\"><strong><span style=\"color: #000000;\">Licznik energii F&amp;F<\/span><\/strong><\/li>\n<li style=\"font-size: 13pt; text-align: left;\"><span style=\"color: #000000;\">1 x Tr\u00f3jfazowy licznik zu\u017cycia energii Model LE-03D z certyf. MID \u2013 uk\u0142ad bezpo\u015bredni (maks100A)<\/span><\/li>\n<\/ul>\n<p><span style=\"color: #000000;\"><\/span><\/p>\n<ul>\n<li style=\"font-size: 13pt; text-align: left;\"><strong><span style=\"color: #000000;\">Warunki instalacyjne<\/span><\/strong><\/li>\n<li style=\"font-size: 13pt; text-align: left;\"><span style=\"color: #000000;\">Temperatura otoczenia <strong>-20 \u00b0C ~ +45 \u00b0C<\/strong><\/span><\/li>\n<li style=\"font-size: 13pt; text-align: left;\"><span style=\"color: #000000;\">Ochrona przed wnikaniem obcych cia\u0142 sta\u0142ych i przed wnikaniem wody <strong>IP66<\/strong><\/span><\/li>\n<li style=\"font-size: 13pt; text-align: left;\"><span style=\"color: #000000;\">Odporno\u015b\u0107 na promieniowanie UV <strong>Tak<\/strong><\/span><\/li>\n<li style=\"font-size: 13pt; text-align: left;\"><span style=\"color: #000000;\">Konstrukcja stacjonarna\/ruchoma <strong>Ruchoma<\/strong><\/span><\/li>\n<\/ul>\n<ul>\n<li style=\"font-size: 13pt; text-align: left;\"><strong><span style=\"color: #000000;\">Przew\u00f3d przy\u0142\u0105czeniowy<\/span><\/strong><\/li>\n<li style=\"font-size: 13pt; text-align: left;\"><span style=\"color: #000000;\">Przew\u00f3d gi\u0119tki gumowy OnPd H07RN 5x10mm2 <strong>1m \u2013<\/strong> <strong>zako\u0144czony wtyczk\u0105<\/strong><\/span><\/li>\n<li style=\"font-size: 13pt; text-align: left;\"><span style=\"color: #000000;\">Przew\u00f3d gi\u0119tki gumowy OnPd H07RN 5x10mm2 <strong>1m \u2013 zako\u0144czony gniazdem<\/strong><\/span><\/li>\n<\/ul>\n<p style=\"text-align: center;\"><img decoding=\"async\" src=\"\/data\/include\/cms\/description\/img\/cms\/certyfikat%20TUV.png\" alt=\"\" width=\"306\" height=\"152\"><\/p>\n","protected":false},"excerpt":{"rendered":"<p>Mobilny licznik energii elektrycznej przeznaczony do funkcjonalnego i bezpiecznego pomiaru energii elektrycznej, Wyposa\u017cony w najwy\u017cszej klasy komponenty<\/p>\n","protected":false},"featured_media":104854,"template":"","meta":[],"product_brand":[],"product_cat":[5173],"product_tag":[],"class_list":{"0":"post-110755","1":"product","2":"type-product","3":"status-publish","4":"has-post-thumbnail","6":"product_cat-energy-measurement","7":"pa_dodatkowe-wyposazenie-handle","8":"pa_material-obudowy-plastic","9":"pa_zabezpieczenie-bez-zabezpieczen","11":"first","12":"instock","13":"shipping-taxable","14":"product-type-external"},"yoast_head":"<!-- This site is optimized with the Yoast SEO plugin v27.0 - https:\/\/yoast.com\/product\/yoast-seo-wordpress\/ -->\n<title>Mobilny licznik energii elektrycznej seria ML Doktorvolt DV-1680-ML 1680 - DOKTORVOLT\u00ae<\/title>\n<meta name=\"robots\" content=\"index, follow, max-snippet:-1, max-image-preview:large, max-video-preview:-1\" \/>\n<link rel=\"canonical\" href=\"https:\/\/doktorvolt.pl\/en\/oferta-doktorvolt\/energy-measurement\/mobilny-licznik-energii-elektrycznej-seria-ml-doktorvolt-dv-1680-ml-1680\/\" \/>\n<meta property=\"og:locale\" content=\"en_US\" \/>\n<meta property=\"og:type\" content=\"article\" \/>\n<meta property=\"og:title\" content=\"Mobilny licznik energii elektrycznej seria ML Doktorvolt DV-1680-ML 1680 - DOKTORVOLT\u00ae\" \/>\n<meta property=\"og:description\" content=\"Mobilny licznik energii elektrycznej przeznaczony do funkcjonalnego i bezpiecznego pomiaru energii elektrycznej, Wyposa\u017cony w najwy\u017cszej klasy komponenty\" \/>\n<meta property=\"og:url\" content=\"https:\/\/doktorvolt.pl\/en\/oferta-doktorvolt\/energy-measurement\/mobilny-licznik-energii-elektrycznej-seria-ml-doktorvolt-dv-1680-ml-1680\/\" \/>\n<meta property=\"og:site_name\" content=\"DOKTORVOLT\u00ae\" \/>\n<meta property=\"og:image\" content=\"https:\/\/doktorvolt.pl\/wp-content\/uploads\/2026\/02\/pol_pl_16893-16893_1.jpg\" \/>\n\t<meta property=\"og:image:width\" content=\"1000\" \/>\n\t<meta property=\"og:image:height\" content=\"1000\" \/>\n\t<meta property=\"og:image:type\" content=\"image\/jpeg\" \/>\n<meta name=\"twitter:card\" content=\"summary_large_image\" \/>\n<meta name=\"twitter:label1\" content=\"Est. reading time\" \/>\n\t<meta name=\"twitter:data1\" content=\"2 minutes\" \/>\n<script type=\"application\/ld+json\" class=\"yoast-schema-graph\">{\"@context\":\"https:\/\/schema.org\",\"@graph\":[{\"@type\":\"WebPage\",\"@id\":\"https:\/\/doktorvolt.pl\/en\/oferta-doktorvolt\/energy-measurement\/mobilny-licznik-energii-elektrycznej-seria-ml-doktorvolt-dv-1680-ml-1680\/\",\"url\":\"https:\/\/doktorvolt.pl\/en\/oferta-doktorvolt\/energy-measurement\/mobilny-licznik-energii-elektrycznej-seria-ml-doktorvolt-dv-1680-ml-1680\/\",\"name\":\"Mobilny licznik energii elektrycznej seria ML Doktorvolt DV-1680-ML 1680 - DOKTORVOLT\u00ae\",\"isPartOf\":{\"@id\":\"https:\/\/doktorvolt.pl\/de\/#website\"},\"primaryImageOfPage\":{\"@id\":\"https:\/\/doktorvolt.pl\/en\/oferta-doktorvolt\/energy-measurement\/mobilny-licznik-energii-elektrycznej-seria-ml-doktorvolt-dv-1680-ml-1680\/#primaryimage\"},\"image\":{\"@id\":\"https:\/\/doktorvolt.pl\/en\/oferta-doktorvolt\/energy-measurement\/mobilny-licznik-energii-elektrycznej-seria-ml-doktorvolt-dv-1680-ml-1680\/#primaryimage\"},\"thumbnailUrl\":\"https:\/\/doktorvolt.pl\/wp-content\/uploads\/2026\/02\/pol_pl_16893-16893_1.jpg\",\"datePublished\":\"2026-02-23T13:55:51+00:00\",\"breadcrumb\":{\"@id\":\"https:\/\/doktorvolt.pl\/en\/oferta-doktorvolt\/energy-measurement\/mobilny-licznik-energii-elektrycznej-seria-ml-doktorvolt-dv-1680-ml-1680\/#breadcrumb\"},\"inLanguage\":\"en-US\",\"potentialAction\":[{\"@type\":\"ReadAction\",\"target\":[\"https:\/\/doktorvolt.pl\/en\/oferta-doktorvolt\/energy-measurement\/mobilny-licznik-energii-elektrycznej-seria-ml-doktorvolt-dv-1680-ml-1680\/\"]}]},{\"@type\":\"ImageObject\",\"inLanguage\":\"en-US\",\"@id\":\"https:\/\/doktorvolt.pl\/en\/oferta-doktorvolt\/energy-measurement\/mobilny-licznik-energii-elektrycznej-seria-ml-doktorvolt-dv-1680-ml-1680\/#primaryimage\",\"url\":\"https:\/\/doktorvolt.pl\/wp-content\/uploads\/2026\/02\/pol_pl_16893-16893_1.jpg\",\"contentUrl\":\"https:\/\/doktorvolt.pl\/wp-content\/uploads\/2026\/02\/pol_pl_16893-16893_1.jpg\",\"width\":1000,\"height\":1000},{\"@type\":\"BreadcrumbList\",\"@id\":\"https:\/\/doktorvolt.pl\/en\/oferta-doktorvolt\/energy-measurement\/mobilny-licznik-energii-elektrycznej-seria-ml-doktorvolt-dv-1680-ml-1680\/#breadcrumb\",\"itemListElement\":[{\"@type\":\"ListItem\",\"position\":1,\"name\":\"Strona g\u0142\u00f3wna\",\"item\":\"https:\/\/doktorvolt.pl\/en\/\"},{\"@type\":\"ListItem\",\"position\":2,\"name\":\"Offer Doktorvolt\",\"item\":\"https:\/\/doktorvolt.pl\/en\/offer-doktorvolt\/\"},{\"@type\":\"ListItem\",\"position\":3,\"name\":\"Mobilny licznik energii elektrycznej seria ML Doktorvolt DV-1680-ML 1680\"}]},{\"@type\":\"WebSite\",\"@id\":\"https:\/\/doktorvolt.pl\/de\/#website\",\"url\":\"https:\/\/doktorvolt.pl\/de\/\",\"name\":\"DOKTORVOLT\u00ae\",\"description\":\"Producent rozdzielnic budowlanych\",\"publisher\":{\"@id\":\"https:\/\/doktorvolt.pl\/de\/#organization\"},\"potentialAction\":[{\"@type\":\"SearchAction\",\"target\":{\"@type\":\"EntryPoint\",\"urlTemplate\":\"https:\/\/doktorvolt.pl\/de\/?s={search_term_string}\"},\"query-input\":{\"@type\":\"PropertyValueSpecification\",\"valueRequired\":true,\"valueName\":\"search_term_string\"}}],\"inLanguage\":\"en-US\"},{\"@type\":\"Organization\",\"@id\":\"https:\/\/doktorvolt.pl\/de\/#organization\",\"name\":\"DOKTORVOLT\u00ae\",\"url\":\"https:\/\/doktorvolt.pl\/de\/\",\"logo\":{\"@type\":\"ImageObject\",\"inLanguage\":\"en-US\",\"@id\":\"https:\/\/doktorvolt.pl\/de\/#\/schema\/logo\/image\/\",\"url\":\"https:\/\/doktorvolt.pl\/wp-content\/uploads\/2023\/10\/DoktorVOLT-black-png.png\",\"contentUrl\":\"https:\/\/doktorvolt.pl\/wp-content\/uploads\/2023\/10\/DoktorVOLT-black-png.png\",\"width\":729,\"height\":40,\"caption\":\"DOKTORVOLT\u00ae\"},\"image\":{\"@id\":\"https:\/\/doktorvolt.pl\/de\/#\/schema\/logo\/image\/\"}}]}<\/script>\n<!-- \/ Yoast SEO plugin. -->","yoast_head_json":{"title":"Mobilny licznik energii elektrycznej seria ML Doktorvolt DV-1680-ML 1680 - DOKTORVOLT\u00ae","robots":{"index":"index","follow":"follow","max-snippet":"max-snippet:-1","max-image-preview":"max-image-preview:large","max-video-preview":"max-video-preview:-1"},"canonical":"https:\/\/doktorvolt.pl\/en\/oferta-doktorvolt\/energy-measurement\/mobilny-licznik-energii-elektrycznej-seria-ml-doktorvolt-dv-1680-ml-1680\/","og_locale":"en_US","og_type":"article","og_title":"Mobilny licznik energii elektrycznej seria ML Doktorvolt DV-1680-ML 1680 - DOKTORVOLT\u00ae","og_description":"Mobilny licznik energii elektrycznej przeznaczony do funkcjonalnego i bezpiecznego pomiaru energii elektrycznej, Wyposa\u017cony w najwy\u017cszej klasy komponenty","og_url":"https:\/\/doktorvolt.pl\/en\/oferta-doktorvolt\/energy-measurement\/mobilny-licznik-energii-elektrycznej-seria-ml-doktorvolt-dv-1680-ml-1680\/","og_site_name":"DOKTORVOLT\u00ae","og_image":[{"width":1000,"height":1000,"url":"https:\/\/doktorvolt.pl\/wp-content\/uploads\/2026\/02\/pol_pl_16893-16893_1.jpg","type":"image\/jpeg"}],"twitter_card":"summary_large_image","twitter_misc":{"Est. reading time":"2 minutes"},"schema":{"@context":"https:\/\/schema.org","@graph":[{"@type":"WebPage","@id":"https:\/\/doktorvolt.pl\/en\/oferta-doktorvolt\/energy-measurement\/mobilny-licznik-energii-elektrycznej-seria-ml-doktorvolt-dv-1680-ml-1680\/","url":"https:\/\/doktorvolt.pl\/en\/oferta-doktorvolt\/energy-measurement\/mobilny-licznik-energii-elektrycznej-seria-ml-doktorvolt-dv-1680-ml-1680\/","name":"Mobilny licznik energii elektrycznej seria ML Doktorvolt DV-1680-ML 1680 - DOKTORVOLT\u00ae","isPartOf":{"@id":"https:\/\/doktorvolt.pl\/de\/#website"},"primaryImageOfPage":{"@id":"https:\/\/doktorvolt.pl\/en\/oferta-doktorvolt\/energy-measurement\/mobilny-licznik-energii-elektrycznej-seria-ml-doktorvolt-dv-1680-ml-1680\/#primaryimage"},"image":{"@id":"https:\/\/doktorvolt.pl\/en\/oferta-doktorvolt\/energy-measurement\/mobilny-licznik-energii-elektrycznej-seria-ml-doktorvolt-dv-1680-ml-1680\/#primaryimage"},"thumbnailUrl":"https:\/\/doktorvolt.pl\/wp-content\/uploads\/2026\/02\/pol_pl_16893-16893_1.jpg","datePublished":"2026-02-23T13:55:51+00:00","breadcrumb":{"@id":"https:\/\/doktorvolt.pl\/en\/oferta-doktorvolt\/energy-measurement\/mobilny-licznik-energii-elektrycznej-seria-ml-doktorvolt-dv-1680-ml-1680\/#breadcrumb"},"inLanguage":"en-US","potentialAction":[{"@type":"ReadAction","target":["https:\/\/doktorvolt.pl\/en\/oferta-doktorvolt\/energy-measurement\/mobilny-licznik-energii-elektrycznej-seria-ml-doktorvolt-dv-1680-ml-1680\/"]}]},{"@type":"ImageObject","inLanguage":"en-US","@id":"https:\/\/doktorvolt.pl\/en\/oferta-doktorvolt\/energy-measurement\/mobilny-licznik-energii-elektrycznej-seria-ml-doktorvolt-dv-1680-ml-1680\/#primaryimage","url":"https:\/\/doktorvolt.pl\/wp-content\/uploads\/2026\/02\/pol_pl_16893-16893_1.jpg","contentUrl":"https:\/\/doktorvolt.pl\/wp-content\/uploads\/2026\/02\/pol_pl_16893-16893_1.jpg","width":1000,"height":1000},{"@type":"BreadcrumbList","@id":"https:\/\/doktorvolt.pl\/en\/oferta-doktorvolt\/energy-measurement\/mobilny-licznik-energii-elektrycznej-seria-ml-doktorvolt-dv-1680-ml-1680\/#breadcrumb","itemListElement":[{"@type":"ListItem","position":1,"name":"Strona g\u0142\u00f3wna","item":"https:\/\/doktorvolt.pl\/en\/"},{"@type":"ListItem","position":2,"name":"Offer Doktorvolt","item":"https:\/\/doktorvolt.pl\/en\/offer-doktorvolt\/"},{"@type":"ListItem","position":3,"name":"Mobilny licznik energii elektrycznej seria ML Doktorvolt DV-1680-ML 1680"}]},{"@type":"WebSite","@id":"https:\/\/doktorvolt.pl\/de\/#website","url":"https:\/\/doktorvolt.pl\/de\/","name":"DOKTORVOLT\u00ae","description":"Producent rozdzielnic budowlanych","publisher":{"@id":"https:\/\/doktorvolt.pl\/de\/#organization"},"potentialAction":[{"@type":"SearchAction","target":{"@type":"EntryPoint","urlTemplate":"https:\/\/doktorvolt.pl\/de\/?s={search_term_string}"},"query-input":{"@type":"PropertyValueSpecification","valueRequired":true,"valueName":"search_term_string"}}],"inLanguage":"en-US"},{"@type":"Organization","@id":"https:\/\/doktorvolt.pl\/de\/#organization","name":"DOKTORVOLT\u00ae","url":"https:\/\/doktorvolt.pl\/de\/","logo":{"@type":"ImageObject","inLanguage":"en-US","@id":"https:\/\/doktorvolt.pl\/de\/#\/schema\/logo\/image\/","url":"https:\/\/doktorvolt.pl\/wp-content\/uploads\/2023\/10\/DoktorVOLT-black-png.png","contentUrl":"https:\/\/doktorvolt.pl\/wp-content\/uploads\/2023\/10\/DoktorVOLT-black-png.png","width":729,"height":40,"caption":"DOKTORVOLT\u00ae"},"image":{"@id":"https:\/\/doktorvolt.pl\/de\/#\/schema\/logo\/image\/"}}]}},"_links":{"self":[{"href":"https:\/\/doktorvolt.pl\/en\/wp-json\/wp\/v2\/product\/110755","targetHints":{"allow":["GET"]}}],"collection":[{"href":"https:\/\/doktorvolt.pl\/en\/wp-json\/wp\/v2\/product"}],"about":[{"href":"https:\/\/doktorvolt.pl\/en\/wp-json\/wp\/v2\/types\/product"}],"wp:featuredmedia":[{"embeddable":true,"href":"https:\/\/doktorvolt.pl\/en\/wp-json\/wp\/v2\/media\/104854"}],"wp:attachment":[{"href":"https:\/\/doktorvolt.pl\/en\/wp-json\/wp\/v2\/media?parent=110755"}],"wp:term":[{"taxonomy":"product_brand","embeddable":true,"href":"https:\/\/doktorvolt.pl\/en\/wp-json\/wp\/v2\/product_brand?post=110755"},{"taxonomy":"product_cat","embeddable":true,"href":"https:\/\/doktorvolt.pl\/en\/wp-json\/wp\/v2\/product_cat?post=110755"},{"taxonomy":"product_tag","embeddable":true,"href":"https:\/\/doktorvolt.pl\/en\/wp-json\/wp\/v2\/product_tag?post=110755"}],"curies":[{"name":"wp","href":"https:\/\/api.w.org\/{rel}","templated":true}]}}