{"id":110766,"date":"2026-02-23T15:53:10","date_gmt":"2026-02-23T13:53:10","guid":{"rendered":"https:\/\/doktorvolt.pl\/sklep\/uncategorized\/doktorvolt-rozdzielnica-podtynkowa-7x18-modulowa-metalowa-ip30-2090\/"},"modified":"2026-02-23T15:53:10","modified_gmt":"2026-02-23T13:53:10","slug":"doktorvolt-rozdzielnica-podtynkowa-7x18-modulowa-metalowa-ip30-2090","status":"publish","type":"product","link":"https:\/\/doktorvolt.pl\/en\/oferta-doktorvolt\/modular-distribution-boards\/mp-series\/doktorvolt-rozdzielnica-podtynkowa-7x18-modulowa-metalowa-ip30-2090\/","title":{"rendered":"Doktorvolt Rozdzielnica podtynkowa 7&#215;18 modu\u0142owa metalowa IP30 2090"},"content":{"rendered":"<h1 class=\"page-title\" style=\"text-align: center;\"><span style=\"color: #000000;\">Rozdzielnica metalowa podtynkowa &#8211; idealne rozwi\u0105zanie dla Twojej instalacji elektrycznej<\/span><\/h1>\n<p><\/p>\n<p style=\"font-size: 13pt; text-align: left;\"><span style=\"color: #000000;\">Rozdzielnica modu\u0142owa <strong>do monta\u017cu podtynko<\/strong><\/span><span style=\"color: #000000;\"><strong>wego<\/strong> doskonale sprawdza si\u0119 w przemy\u015ble, warsztatach, biurach oraz centrach mieszkalnych do instalacji urz\u0105dze\u0144 ochronnych, kontrolnych i prze\u0142\u0105czaj\u0105cych.<\/span><\/p>\n<p style=\"font-size: 13pt; text-align: left;\"><span style=\"color: #000000;\">Rozdzielnica <strong>wykonana jest w ca\u0142o\u015bci ze stali<\/strong> i sk\u0142ada si\u0119 <strong>z solidnych komponent\u00f3w<\/strong>. Wszystkie cz\u0119\u015bci skrzynki s\u0105 <strong>malowane proszkowo<\/strong>, co zapewnia <strong>ochron\u0119 przed korozj\u0105<\/strong>.<\/span><\/p>\n<p style=\"font-size: 13pt; text-align: left;\"><span style=\"color: #000000;\"> Wyposa\u017cona w<strong> siedem rz\u0119d\u00f3w szyn DIN<\/strong> <strong>z mo\u017cliwo\u015bci\u0105 instalacji 18 modu\u0142\u00f3w na jednej szynie.<\/strong> Dno rozdzielnicy idealnie dopasowuje si\u0119 do \u015bciany.<\/span><\/p>\n<p style=\"font-size: 13pt; text-align: left;\"><span style=\"color: #000000;\"><strong>Drzwi z zamkiem<\/strong> zapewniaj\u0105 ochron\u0119 przed dost\u0119pem os\u00f3b nieupowa\u017cnionych. Dodatkowo s\u0105 przystosowane do <strong>otwierania w lewo lub prawo<\/strong>, co daje Ci wi\u0119ksz\u0105 elastyczno\u015b\u0107 i <strong>mo\u017cliwo\u015b\u0107 dopasowania ich do r\u00f3\u017cnych ustawie\u0144 pomieszcze\u0144.<\/strong><\/span><\/p>\n<p style=\"font-size: 13pt; text-align: left;\"><span style=\"color: #000000;\"><strong>Wprowadzanie kabli mo\u017cliwe jest zar\u00f3wno z <\/strong><\/span><span style=\"color: #000000;\"><strong>g\u00f3r<\/strong><\/span><span style=\"color: #000000;\"><strong>y, jak i od do\u0142u<\/strong>, w zale\u017cno\u015bci od Twoich potrzeb.<\/span><\/p>\n<p style=\"font-size: 13pt; text-align: left;\"><span style=\"color: #000000;\"><strong>Solidna konstrukcja<\/strong> rozdzielnicy wykonanej z blachy sta<\/span><span style=\"color: #000000;\">lowej o grubo\u015bci 1 mm <strong>zapewnia wieloletni\u0105 trwa\u0142o\u015b<\/strong><\/span><span style=\"color: #000000;\"><strong>\u0107.<\/strong><\/span><\/p>\n<h1 class=\"page-title\" style=\"text-align: center;\"><span><img decoding=\"async\" src=\"https:\/\/preis-zone.pl\/img\/cms\/Aukcje\/1635.png\" alt=\"\" width=\"326\" height=\"326\" style=\"float: right;\"><\/span><\/h1>\n<p style=\"font-size: 13pt; text-align: left;\"><span style=\"text-decoration: underline;\"><strong><span style=\"color: #000000; text-decoration: underline;\">Dane techniczne rozdzielnicy:<\/span><\/strong><\/span><\/p>\n<ul>\n<li style=\"font-size: 13pt; text-align: left;\"><span style=\"color: #000000;\">Stopie\u0144 ochrony: <strong>IP30<\/strong><\/span><\/li>\n<li style=\"font-size: 13pt; text-align: left;\"><span style=\"color: #000000;\">Pr\u0105d znamionowy: <strong>125A<\/strong><\/span><\/li>\n<li style=\"font-size: 13pt; text-align: left;\"><span style=\"color: #000000;\">Napi\u0119cie znamionowe: <strong>Un 230\/400V, 50Hz<\/strong><\/span><\/li>\n<li style=\"font-size: 13pt; text-align: left;\"><span style=\"color: #000000;\">Napi\u0119cie znamionowe izolacji: <strong>Ui 500V<\/strong><\/span><\/li>\n<li style=\"font-size: 13pt; text-align: left;\"><span style=\"color: #000000;\">Ochrona przed zewn\u0119trznymi uderzeniami mechanicznymi: <strong>IK07<\/strong><\/span><\/li>\n<li style=\"font-size: 13pt; text-align: left;\"><span style=\"color: #000000;\">Temperatura otoczenia: <strong>-5\u00b0C &#8211; + 40\u00b0C<\/strong><\/span><\/li>\n<li style=\"font-size: 13pt; text-align: left;\"><span style=\"color: #000000;\">Klasa ochronno\u015bci: <strong>I<\/strong><\/span><\/li>\n<li style=\"font-size: 13pt; text-align: left;\"><span style=\"color: #000000;\">Liczba modu\u0142\u00f3w: <strong>126<\/strong><\/span><\/li>\n<li style=\"font-size: 13pt; text-align: left;\"><span style=\"color: #000000;\">Liczba rz\u0119d\u00f3w: <strong>7<\/strong><\/span><\/li>\n<li style=\"font-size: 13pt; text-align: left;\"><span style=\"color: #000000;\">Spos\u00f3b monta\u017cu: <strong>monta\u017c podtynkowy<\/strong><\/span><\/li>\n<li style=\"font-size: 13pt; text-align: left;\"><span style=\"color: #000000;\">Szeroko\u015b\u0107: <strong>415 mm<br \/><\/strong><\/span><\/li>\n<li style=\"font-size: 13pt; text-align: left;\"><span style=\"color: #000000;\">Wysoko\u015b\u0107: <strong>1185 mm<\/strong><\/span><\/li>\n<li style=\"font-size: 13pt; text-align: left;\"><span style=\"color: #000000;\">D\u0142ugo\u015b\u0107: <strong>130 mm<\/strong><\/span><\/li>\n<li style=\"font-size: 13pt; text-align: left;\"><span style=\"color: #000000;\">Kolor: <strong> RAL9003<\/strong><\/span><\/li>\n<\/ul>\n","protected":false},"excerpt":{"rendered":"<p>Rozdzielnica modu\u0142owa do monta\u017cu podtynkowego doskonale sprawdza si\u0119 w przemy\u015ble, warsztatach do instalacji urz\u0105dze\u0144 ochronnych, kontrolnych i prze\u0142\u0105czaj\u0105cych.<\/p>\n","protected":false},"featured_media":104665,"template":"","meta":[],"product_brand":[],"product_cat":[4988],"product_tag":[],"class_list":{"0":"post-110766","1":"product","2":"type-product","3":"status-publish","4":"has-post-thumbnail","6":"product_cat-mp-series","7":"pa_liczba-modulow-126-modulow","8":"pa_liczba-rzedow-7-rzedow","9":"pa_material-steel-sheet","10":"pa_rzedy-moduly-7-126","11":"pa_stopien-ochrony-ip30","12":"pa_typ-montazu-montaz-podtynkowy","14":"first","15":"instock","16":"shipping-taxable","17":"product-type-external"},"yoast_head":"<!-- This site is optimized with the Yoast SEO plugin v27.0 - https:\/\/yoast.com\/product\/yoast-seo-wordpress\/ -->\n<title>Doktorvolt Rozdzielnica podtynkowa 7x18 modu\u0142owa metalowa IP30 2090 - DOKTORVOLT\u00ae<\/title>\n<meta name=\"robots\" content=\"index, follow, max-snippet:-1, max-image-preview:large, max-video-preview:-1\" \/>\n<link rel=\"canonical\" href=\"https:\/\/doktorvolt.pl\/en\/oferta-doktorvolt\/modular-distribution-boards\/mp-series\/doktorvolt-rozdzielnica-podtynkowa-7x18-modulowa-metalowa-ip30-2090\/\" \/>\n<meta property=\"og:locale\" content=\"en_US\" \/>\n<meta property=\"og:type\" content=\"article\" \/>\n<meta property=\"og:title\" content=\"Doktorvolt Rozdzielnica podtynkowa 7x18 modu\u0142owa metalowa IP30 2090 - DOKTORVOLT\u00ae\" \/>\n<meta property=\"og:description\" content=\"Rozdzielnica modu\u0142owa do monta\u017cu podtynkowego doskonale sprawdza si\u0119 w przemy\u015ble, warsztatach do instalacji urz\u0105dze\u0144 ochronnych, kontrolnych i prze\u0142\u0105czaj\u0105cych.\" \/>\n<meta property=\"og:url\" content=\"https:\/\/doktorvolt.pl\/en\/oferta-doktorvolt\/modular-distribution-boards\/mp-series\/doktorvolt-rozdzielnica-podtynkowa-7x18-modulowa-metalowa-ip30-2090\/\" \/>\n<meta property=\"og:site_name\" content=\"DOKTORVOLT\u00ae\" \/>\n<meta property=\"og:image\" content=\"https:\/\/doktorvolt.pl\/wp-content\/uploads\/2026\/02\/pol_pl_Doktorvolt-Rozdzielnica-podtynkowa-7x18-modulowa-metalowa-IP30-2090-16808_5.jpg\" \/>\n\t<meta property=\"og:image:width\" content=\"1600\" \/>\n\t<meta property=\"og:image:height\" content=\"1600\" \/>\n\t<meta property=\"og:image:type\" content=\"image\/jpeg\" \/>\n<meta name=\"twitter:card\" content=\"summary_large_image\" \/>\n<meta name=\"twitter:label1\" content=\"Est. reading time\" \/>\n\t<meta name=\"twitter:data1\" content=\"1 minute\" \/>\n<script type=\"application\/ld+json\" class=\"yoast-schema-graph\">{\"@context\":\"https:\/\/schema.org\",\"@graph\":[{\"@type\":\"WebPage\",\"@id\":\"https:\/\/doktorvolt.pl\/en\/oferta-doktorvolt\/modular-distribution-boards\/mp-series\/doktorvolt-rozdzielnica-podtynkowa-7x18-modulowa-metalowa-ip30-2090\/\",\"url\":\"https:\/\/doktorvolt.pl\/en\/oferta-doktorvolt\/modular-distribution-boards\/mp-series\/doktorvolt-rozdzielnica-podtynkowa-7x18-modulowa-metalowa-ip30-2090\/\",\"name\":\"Doktorvolt Rozdzielnica podtynkowa 7x18 modu\u0142owa metalowa IP30 2090 - DOKTORVOLT\u00ae\",\"isPartOf\":{\"@id\":\"https:\/\/doktorvolt.pl\/de\/#website\"},\"primaryImageOfPage\":{\"@id\":\"https:\/\/doktorvolt.pl\/en\/oferta-doktorvolt\/modular-distribution-boards\/mp-series\/doktorvolt-rozdzielnica-podtynkowa-7x18-modulowa-metalowa-ip30-2090\/#primaryimage\"},\"image\":{\"@id\":\"https:\/\/doktorvolt.pl\/en\/oferta-doktorvolt\/modular-distribution-boards\/mp-series\/doktorvolt-rozdzielnica-podtynkowa-7x18-modulowa-metalowa-ip30-2090\/#primaryimage\"},\"thumbnailUrl\":\"https:\/\/doktorvolt.pl\/wp-content\/uploads\/2026\/02\/pol_pl_Doktorvolt-Rozdzielnica-podtynkowa-7x18-modulowa-metalowa-IP30-2090-16808_5.jpg\",\"datePublished\":\"2026-02-23T13:53:10+00:00\",\"breadcrumb\":{\"@id\":\"https:\/\/doktorvolt.pl\/en\/oferta-doktorvolt\/modular-distribution-boards\/mp-series\/doktorvolt-rozdzielnica-podtynkowa-7x18-modulowa-metalowa-ip30-2090\/#breadcrumb\"},\"inLanguage\":\"en-US\",\"potentialAction\":[{\"@type\":\"ReadAction\",\"target\":[\"https:\/\/doktorvolt.pl\/en\/oferta-doktorvolt\/modular-distribution-boards\/mp-series\/doktorvolt-rozdzielnica-podtynkowa-7x18-modulowa-metalowa-ip30-2090\/\"]}]},{\"@type\":\"ImageObject\",\"inLanguage\":\"en-US\",\"@id\":\"https:\/\/doktorvolt.pl\/en\/oferta-doktorvolt\/modular-distribution-boards\/mp-series\/doktorvolt-rozdzielnica-podtynkowa-7x18-modulowa-metalowa-ip30-2090\/#primaryimage\",\"url\":\"https:\/\/doktorvolt.pl\/wp-content\/uploads\/2026\/02\/pol_pl_Doktorvolt-Rozdzielnica-podtynkowa-7x18-modulowa-metalowa-IP30-2090-16808_5.jpg\",\"contentUrl\":\"https:\/\/doktorvolt.pl\/wp-content\/uploads\/2026\/02\/pol_pl_Doktorvolt-Rozdzielnica-podtynkowa-7x18-modulowa-metalowa-IP30-2090-16808_5.jpg\",\"width\":1600,\"height\":1600},{\"@type\":\"BreadcrumbList\",\"@id\":\"https:\/\/doktorvolt.pl\/en\/oferta-doktorvolt\/modular-distribution-boards\/mp-series\/doktorvolt-rozdzielnica-podtynkowa-7x18-modulowa-metalowa-ip30-2090\/#breadcrumb\",\"itemListElement\":[{\"@type\":\"ListItem\",\"position\":1,\"name\":\"Strona g\u0142\u00f3wna\",\"item\":\"https:\/\/doktorvolt.pl\/en\/\"},{\"@type\":\"ListItem\",\"position\":2,\"name\":\"Offer Doktorvolt\",\"item\":\"https:\/\/doktorvolt.pl\/en\/offer-doktorvolt\/\"},{\"@type\":\"ListItem\",\"position\":3,\"name\":\"Doktorvolt Rozdzielnica podtynkowa 7&#215;18 modu\u0142owa metalowa IP30 2090\"}]},{\"@type\":\"WebSite\",\"@id\":\"https:\/\/doktorvolt.pl\/de\/#website\",\"url\":\"https:\/\/doktorvolt.pl\/de\/\",\"name\":\"DOKTORVOLT\u00ae\",\"description\":\"Producent rozdzielnic budowlanych\",\"publisher\":{\"@id\":\"https:\/\/doktorvolt.pl\/de\/#organization\"},\"potentialAction\":[{\"@type\":\"SearchAction\",\"target\":{\"@type\":\"EntryPoint\",\"urlTemplate\":\"https:\/\/doktorvolt.pl\/de\/?s={search_term_string}\"},\"query-input\":{\"@type\":\"PropertyValueSpecification\",\"valueRequired\":true,\"valueName\":\"search_term_string\"}}],\"inLanguage\":\"en-US\"},{\"@type\":\"Organization\",\"@id\":\"https:\/\/doktorvolt.pl\/de\/#organization\",\"name\":\"DOKTORVOLT\u00ae\",\"url\":\"https:\/\/doktorvolt.pl\/de\/\",\"logo\":{\"@type\":\"ImageObject\",\"inLanguage\":\"en-US\",\"@id\":\"https:\/\/doktorvolt.pl\/de\/#\/schema\/logo\/image\/\",\"url\":\"https:\/\/doktorvolt.pl\/wp-content\/uploads\/2023\/10\/DoktorVOLT-black-png.png\",\"contentUrl\":\"https:\/\/doktorvolt.pl\/wp-content\/uploads\/2023\/10\/DoktorVOLT-black-png.png\",\"width\":729,\"height\":40,\"caption\":\"DOKTORVOLT\u00ae\"},\"image\":{\"@id\":\"https:\/\/doktorvolt.pl\/de\/#\/schema\/logo\/image\/\"}}]}<\/script>\n<!-- \/ Yoast SEO plugin. -->","yoast_head_json":{"title":"Doktorvolt Rozdzielnica podtynkowa 7x18 modu\u0142owa metalowa IP30 2090 - DOKTORVOLT\u00ae","robots":{"index":"index","follow":"follow","max-snippet":"max-snippet:-1","max-image-preview":"max-image-preview:large","max-video-preview":"max-video-preview:-1"},"canonical":"https:\/\/doktorvolt.pl\/en\/oferta-doktorvolt\/modular-distribution-boards\/mp-series\/doktorvolt-rozdzielnica-podtynkowa-7x18-modulowa-metalowa-ip30-2090\/","og_locale":"en_US","og_type":"article","og_title":"Doktorvolt Rozdzielnica podtynkowa 7x18 modu\u0142owa metalowa IP30 2090 - DOKTORVOLT\u00ae","og_description":"Rozdzielnica modu\u0142owa do monta\u017cu podtynkowego doskonale sprawdza si\u0119 w przemy\u015ble, warsztatach do instalacji urz\u0105dze\u0144 ochronnych, kontrolnych i prze\u0142\u0105czaj\u0105cych.","og_url":"https:\/\/doktorvolt.pl\/en\/oferta-doktorvolt\/modular-distribution-boards\/mp-series\/doktorvolt-rozdzielnica-podtynkowa-7x18-modulowa-metalowa-ip30-2090\/","og_site_name":"DOKTORVOLT\u00ae","og_image":[{"width":1600,"height":1600,"url":"https:\/\/doktorvolt.pl\/wp-content\/uploads\/2026\/02\/pol_pl_Doktorvolt-Rozdzielnica-podtynkowa-7x18-modulowa-metalowa-IP30-2090-16808_5.jpg","type":"image\/jpeg"}],"twitter_card":"summary_large_image","twitter_misc":{"Est. reading time":"1 minute"},"schema":{"@context":"https:\/\/schema.org","@graph":[{"@type":"WebPage","@id":"https:\/\/doktorvolt.pl\/en\/oferta-doktorvolt\/modular-distribution-boards\/mp-series\/doktorvolt-rozdzielnica-podtynkowa-7x18-modulowa-metalowa-ip30-2090\/","url":"https:\/\/doktorvolt.pl\/en\/oferta-doktorvolt\/modular-distribution-boards\/mp-series\/doktorvolt-rozdzielnica-podtynkowa-7x18-modulowa-metalowa-ip30-2090\/","name":"Doktorvolt Rozdzielnica podtynkowa 7x18 modu\u0142owa metalowa IP30 2090 - DOKTORVOLT\u00ae","isPartOf":{"@id":"https:\/\/doktorvolt.pl\/de\/#website"},"primaryImageOfPage":{"@id":"https:\/\/doktorvolt.pl\/en\/oferta-doktorvolt\/modular-distribution-boards\/mp-series\/doktorvolt-rozdzielnica-podtynkowa-7x18-modulowa-metalowa-ip30-2090\/#primaryimage"},"image":{"@id":"https:\/\/doktorvolt.pl\/en\/oferta-doktorvolt\/modular-distribution-boards\/mp-series\/doktorvolt-rozdzielnica-podtynkowa-7x18-modulowa-metalowa-ip30-2090\/#primaryimage"},"thumbnailUrl":"https:\/\/doktorvolt.pl\/wp-content\/uploads\/2026\/02\/pol_pl_Doktorvolt-Rozdzielnica-podtynkowa-7x18-modulowa-metalowa-IP30-2090-16808_5.jpg","datePublished":"2026-02-23T13:53:10+00:00","breadcrumb":{"@id":"https:\/\/doktorvolt.pl\/en\/oferta-doktorvolt\/modular-distribution-boards\/mp-series\/doktorvolt-rozdzielnica-podtynkowa-7x18-modulowa-metalowa-ip30-2090\/#breadcrumb"},"inLanguage":"en-US","potentialAction":[{"@type":"ReadAction","target":["https:\/\/doktorvolt.pl\/en\/oferta-doktorvolt\/modular-distribution-boards\/mp-series\/doktorvolt-rozdzielnica-podtynkowa-7x18-modulowa-metalowa-ip30-2090\/"]}]},{"@type":"ImageObject","inLanguage":"en-US","@id":"https:\/\/doktorvolt.pl\/en\/oferta-doktorvolt\/modular-distribution-boards\/mp-series\/doktorvolt-rozdzielnica-podtynkowa-7x18-modulowa-metalowa-ip30-2090\/#primaryimage","url":"https:\/\/doktorvolt.pl\/wp-content\/uploads\/2026\/02\/pol_pl_Doktorvolt-Rozdzielnica-podtynkowa-7x18-modulowa-metalowa-IP30-2090-16808_5.jpg","contentUrl":"https:\/\/doktorvolt.pl\/wp-content\/uploads\/2026\/02\/pol_pl_Doktorvolt-Rozdzielnica-podtynkowa-7x18-modulowa-metalowa-IP30-2090-16808_5.jpg","width":1600,"height":1600},{"@type":"BreadcrumbList","@id":"https:\/\/doktorvolt.pl\/en\/oferta-doktorvolt\/modular-distribution-boards\/mp-series\/doktorvolt-rozdzielnica-podtynkowa-7x18-modulowa-metalowa-ip30-2090\/#breadcrumb","itemListElement":[{"@type":"ListItem","position":1,"name":"Strona g\u0142\u00f3wna","item":"https:\/\/doktorvolt.pl\/en\/"},{"@type":"ListItem","position":2,"name":"Offer Doktorvolt","item":"https:\/\/doktorvolt.pl\/en\/offer-doktorvolt\/"},{"@type":"ListItem","position":3,"name":"Doktorvolt Rozdzielnica podtynkowa 7&#215;18 modu\u0142owa metalowa IP30 2090"}]},{"@type":"WebSite","@id":"https:\/\/doktorvolt.pl\/de\/#website","url":"https:\/\/doktorvolt.pl\/de\/","name":"DOKTORVOLT\u00ae","description":"Producent rozdzielnic budowlanych","publisher":{"@id":"https:\/\/doktorvolt.pl\/de\/#organization"},"potentialAction":[{"@type":"SearchAction","target":{"@type":"EntryPoint","urlTemplate":"https:\/\/doktorvolt.pl\/de\/?s={search_term_string}"},"query-input":{"@type":"PropertyValueSpecification","valueRequired":true,"valueName":"search_term_string"}}],"inLanguage":"en-US"},{"@type":"Organization","@id":"https:\/\/doktorvolt.pl\/de\/#organization","name":"DOKTORVOLT\u00ae","url":"https:\/\/doktorvolt.pl\/de\/","logo":{"@type":"ImageObject","inLanguage":"en-US","@id":"https:\/\/doktorvolt.pl\/de\/#\/schema\/logo\/image\/","url":"https:\/\/doktorvolt.pl\/wp-content\/uploads\/2023\/10\/DoktorVOLT-black-png.png","contentUrl":"https:\/\/doktorvolt.pl\/wp-content\/uploads\/2023\/10\/DoktorVOLT-black-png.png","width":729,"height":40,"caption":"DOKTORVOLT\u00ae"},"image":{"@id":"https:\/\/doktorvolt.pl\/de\/#\/schema\/logo\/image\/"}}]}},"_links":{"self":[{"href":"https:\/\/doktorvolt.pl\/en\/wp-json\/wp\/v2\/product\/110766","targetHints":{"allow":["GET"]}}],"collection":[{"href":"https:\/\/doktorvolt.pl\/en\/wp-json\/wp\/v2\/product"}],"about":[{"href":"https:\/\/doktorvolt.pl\/en\/wp-json\/wp\/v2\/types\/product"}],"wp:featuredmedia":[{"embeddable":true,"href":"https:\/\/doktorvolt.pl\/en\/wp-json\/wp\/v2\/media\/104665"}],"wp:attachment":[{"href":"https:\/\/doktorvolt.pl\/en\/wp-json\/wp\/v2\/media?parent=110766"}],"wp:term":[{"taxonomy":"product_brand","embeddable":true,"href":"https:\/\/doktorvolt.pl\/en\/wp-json\/wp\/v2\/product_brand?post=110766"},{"taxonomy":"product_cat","embeddable":true,"href":"https:\/\/doktorvolt.pl\/en\/wp-json\/wp\/v2\/product_cat?post=110766"},{"taxonomy":"product_tag","embeddable":true,"href":"https:\/\/doktorvolt.pl\/en\/wp-json\/wp\/v2\/product_tag?post=110766"}],"curies":[{"name":"wp","href":"https:\/\/api.w.org\/{rel}","templated":true}]}}