{"id":110772,"date":"2026-02-23T15:51:33","date_gmt":"2026-02-23T13:51:33","guid":{"rendered":"https:\/\/doktorvolt.pl\/sklep\/uncategorized\/rozdzielnica-budowlana-fred-skh-2x16a-4x230-erbetka-z-kablem-5x25-mm%c2%b2-schuko\/"},"modified":"2026-02-23T15:51:33","modified_gmt":"2026-02-23T13:51:33","slug":"rozdzielnica-budowlana-fred-skh-2x16a-4x230-erbetka-z-kablem-5x25-mm%c2%b2-schuko","status":"publish","type":"product","link":"https:\/\/doktorvolt.pl\/en\/oferta-doktorvolt\/distribution-boxes\/fred-series\/rozdzielnica-budowlana-fred-skh-2x16a-4x230-erbetka-z-kablem-5x25-mm%c2%b2-schuko\/","title":{"rendered":"Rozdzielnica Budowlana FRED SKH 2x16A 4&#215;230 erbetka z kablem 5&#215;2,5 mm\u00b2 Schuko"},"content":{"rendered":"<h1 style=\"text-align: center; font-size: 24pt;\"><span>Doktorvolt Rozdzielnica Budowlana FRED SKH 2x16A 4&#215;230 z kablem 5&#215;2,5 mm\u00b2 Schuko Gniazda Bals<\/span><\/h1>\n<h4 style=\"font-size: 14pt; text-align: center;\"><span>Rozdzielnica FRED SKH 2x16A 4x230V firmy Doktorvolt wyr\u00f3\u017cnia si\u0119 kompaktow\u0105, szczeln\u0105 obudow\u0105 wykonan\u0105 z wysokiej jako\u015bci materia\u0142\u00f3w. Jest wyposa\u017cona w 4 gniazda 230V 16A oraz 2 gniazda 400V 16A Bals.<\/span><\/h4>\n<div><img decoding=\"async\" style=\"max-width: 100%;\" src=\"https:\/\/shop38554-1.yourtechnicaldomain.com\/data\/include\/cms\/1-zdjecia-produktow\/DOKTORVOLT\/DV-4995-EV\/ikonka_zielona_z_literka_D_biala.png?v=1729773346118\" border=\"0\" width=\"1900\" height=\"30\"><\/div>\n<div style=\"display: flex; width: 100%; flex-wrap: wrap; justify-content: space-around;\">\n<div style=\"display: flex; flex-direction: column; justify-content: center; align-items: left; padding-left: 50px; padding-right: 50px; padding-top: 30px;\">\n<div style=\"max-width: 500px;\">\n<h2 style=\"font-size: 14pt; color: #000 !important;\"><strong>Zalety produktu i zastosowanie<\/strong><\/h2>\n<\/p><\/div>\n<div style=\"font-size: 12pt; min-width: 250px; max-width: 472px; text-align: justify;\"><span>Rozdzielnica FRED SKH 2x16A 4x230V firmy Doktorvolt wyr\u00f3\u017cnia si\u0119 kompaktow\u0105, szczeln\u0105 obudow\u0105 wykonan\u0105 z wysokiej jako\u015bci materia\u0142\u00f3w. Jest wyposa\u017cona w 4 gniazda 230V 16A oraz 2 gniazda 400V 16A Bals. Dzi\u0119ki stopniowi ochrony IP44 i gotowej do pod\u0142\u0105czenia konstrukcji, idealnie nadaje si\u0119 do zastosowa\u0144 na placach budowy, w zak\u0142adach przemys\u0142owych, warsztatach, gara\u017cach, podczas budowy dom\u00f3w oraz do zasilania teren\u00f3w otwartych i du\u017cych imprez.<\/span><\/div>\n<\/p><\/div>\n<div><img decoding=\"async\" src=\"https:\/\/preis-zone.com\/hpeciai\/78188fcf86f378ed603662c7e9cd2e44\/16786_1.jpg?53239\" width=\"472\" height=\"472\" style=\"max-width: 100%;\"><\/div>\n<\/div>\n<div><img decoding=\"async\" style=\"max-width: 100%;\" src=\"https:\/\/shop38554-1.yourtechnicaldomain.com\/data\/include\/cms\/1-zdjecia-produktow\/DOKTORVOLT\/DV-4995-EV\/ikonka_zielona_z_literka_D_biala.png?v=1729773346118\" border=\"0\" width=\"1900\" height=\"30\"><\/div>\n<div style=\"display: flex; width: 100%; flex-wrap: wrap; justify-content: space-around;\">\n<div>\n<img decoding=\"async\" style=\"max-width=100%; margin-top: 50px; padding-top: 50px;\" width=\"400\" height=\"300\" src=\"https:\/\/preis-zone.com\/hpeciai\/21336fe76834cefcfd7359a12248b700\/16786_2.jpg?55362\">\n<\/div>\n<div style=\"display: flex; flex-direction: column; justify-content: center; align-items: left; padding-left: 50px; padding-right: 50px; padding-top: 30px; max-width: 500px;\">\n<h2 style=\"font-size: 14pt; color: #000 !important;\"><strong>Sk\u0142ad i certyfikacja<\/strong><\/h2>\n<div style=\"font-size: 12pt; min-width: 250px; text-align: justify;\"><span>Budowa rozdzielnicy obejmuje 4 gniazda 230V 16A Bals (stopie\u0144 ochrony IP54), 2 gniazda 400V 16A CEE (stopie\u0144 ochrony IP44), a tak\u017ce kabel 5&#215;2,5 mm\u00b2 z wtykiem 16A 400V 5P 6h Bals i odpowiednim okablowaniem. Certyfikacja ISO 9001 przez T\u00dcV S\u00dcD gwarantuje naszym klientom produkty o najwy\u017cszej niezawodno\u015bci i trwa\u0142o\u015bci.<\/span><\/div>\n<\/p><\/div>\n<\/div>\n<p><!-- Specyfikacja Techniczna --><\/p>\n<div style=\"display: flex; justify-content: center; align-items: center; padding: 20px; background-color: #fff;\">\n<div style=\"font-family: Arial, sans-serif; padding: 20px; max-width: 900px; border-radius: 8px; box-shadow: 0 4px 8px rgba(0, 0, 0, 0.1); text-align: left; background-color: white;\">\n<h2 style=\"background-color: #7dd956; font-size: 14pt; color: #333; padding: 15px; border-radius: 8px 8px 0 0; text-align: center;\">Specyfikacja Techniczna<\/h2>\n<p>        <!-- Obudowa i konstrukcja --><\/p>\n<div style=\"display: flex; align-items: center; margin-bottom: 30px; flex-wrap: wrap;\">\n<div style=\"flex: 1; max-width: 450px; padding-right: 30px; text-align: justify; font-size: 12pt\">\n<h2 style=\"border-bottom: 5px solid #7dd956; font-size: 14pt; padding-bottom: 10px; color: #333;\">Konstrukcja obudowy<\/h2>\n<p><strong>Materia\u0142 obudowy:<\/strong> PVC<\/p>\n<p><strong>Kolor p\u0142yty przedniej:<\/strong> Szary<\/p>\n<p><strong>Kolor p\u0142yty tylnej:<\/strong> Czarny<\/p>\n<p><strong>Stopie\u0144 ochrony:<\/strong> IP44<\/p>\n<p><strong>Wymiary obudowy:<\/strong> 245 x 195 x 95 mm<\/p>\n<\/p><\/div>\n<div style=\"flex: 1; max-width: 400px; text-align: center;\">\n                <img decoding=\"async\" src=\"https:\/\/preis-zone.com\/hpeciai\/8729f027d6a26e6149d689153b07d96e\/16786_3.jpg?21969\" alt=\"Obraz 1\" style=\"width: 100%; max-width: 400px; height: auto; border-radius: 8px;\">\n            <\/div>\n<\/p><\/div>\n<p>        <!-- Monta\u017c i przy\u0142\u0105cza --><\/p>\n<div style=\"display: flex; align-items: center; margin-bottom: 30px; flex-wrap: wrap; flex-direction: row-reverse;\">\n<div style=\"flex: 1; max-width: 450px; padding-left: 30px; text-align: justify; font-size: 12pt\">\n<h2 style=\"border-bottom: 5px solid #7dd956; font-size: 14pt; padding-bottom: 10px; color: #333;\">Monta\u017c i przy\u0142\u0105cza<\/h2>\n<p><strong>Monta\u017c:<\/strong> Natynkowy<\/p>\n<p><strong>Przepust kablowy:<\/strong> 1x PG-16<\/p>\n<p><strong>Maksymalny przekr\u00f3j przewodu przy\u0142\u0105czeniowego:<\/strong> 16mm\u00b2<\/p>\n<\/p><\/div>\n<div style=\"flex: 1; max-width: 400px; text-align: center;\">\n                <img decoding=\"async\" src=\"https:\/\/preis-zone.com\/hpeciai\/510f3613faa0756374663a10a7c77db6\/16786_4.jpg?92928\" alt=\"Obraz 2\" style=\"width: 100%; max-width: 400px; height: auto; border-radius: 8px;\">\n            <\/div>\n<\/p><\/div>\n<p>        <!-- Parametry elektryczne i gniazda --><\/p>\n<div style=\"display: flex; align-items: center; margin-bottom: 30px; flex-wrap: wrap;\">\n<div style=\"flex: 1; max-width: 450px; padding-right: 30px; text-align: justify; font-size: 12pt\">\n<h2 style=\"border-bottom: 5px solid #7dd956; font-size: 14pt; padding-bottom: 10px; color: #333;\">Parametry elektryczne i gniazda<\/h2>\n<p><strong>Pr\u0105d znamionowy:<\/strong> 16A<\/p>\n<p><strong>Napi\u0119cie znamionowe:<\/strong> 230V<\/p>\n<p><strong>ICC:<\/strong> \u2264 10kA<\/p>\n<p><strong>RDF:<\/strong> 0,8<\/p>\n<p><strong>Gniazda CEE:<\/strong> 2x 16A 5P 400V IP44 Bals<\/p>\n<p><strong>Gniazda 230V:<\/strong> 4x 230V 16A 2P+E IP54 niebieskie Typ F Bals Schuko System<\/p>\n<\/p><\/div>\n<div style=\"flex: 1; max-width: 400px; text-align: center;\">\n                <img decoding=\"async\" src=\"https:\/\/preis-zone.com\/hpeciai\/040595b2ae9bea66201b14fd26600d5e\/16786_5.jpg?55973\" alt=\"Obraz 3\" style=\"width: 100%; max-width: 400px; height: auto; border-radius: 8px;\">\n            <\/div>\n<\/p><\/div>\n<p>        <!-- Certyfikaty i identyfikacja --><\/p>\n<div style=\"display: flex; align-items: center; margin-bottom: 30px; flex-wrap: wrap; flex-direction: row-reverse;\">\n<div style=\"flex: 1; max-width: 450px; padding-left: 30px; text-align: justify; font-size: 12pt\">\n<h2 style=\"border-bottom: 5px solid #7dd956; font-size: 14pt; padding-bottom: 10px; color: #333;\">Certyfikaty i identyfikacja<\/h2>\n<p><strong>Producent:<\/strong> Doktorvolt<\/p>\n<p><strong>Certyfikaty i normy:<\/strong> T\u00dcV S\u00dcD, ISO 9001:2015, CE, IEC 61439<\/p>\n<p><strong>Numer artyku\u0142u:<\/strong> DV-9291-D<\/p>\n<p><strong>EAN:<\/strong> 5907589339291<\/p>\n<\/p><\/div>\n<div style=\"flex: 1; max-width: 400px; text-align: center;\">\n                <img decoding=\"async\" src=\"https:\/\/preis-zone.com\/hpeciai\/2fbad623a45dc337eaa75f7cb15cf71e\/16786_6.jpg?83715\" alt=\"Obraz 4\" style=\"width: 100%; max-width: 400px; height: auto; border-radius: 8px;\">\n            <\/div>\n<\/p><\/div>\n<\/p><\/div>\n<\/div>\n<div style=\"display: flex; width: 100%; flex-wrap: wrap; justify-content: space-around;\">\n<div style=\"display: flex; flex-direction: column; justify-content: center; align-items: left; padding-left: 50px; padding-right: 50px; padding-top: 30px;\">\n<div style=\"max-width: 500px;\">\n<h2 style=\"font-size: 14pt; color: #000 !important;\"><strong>Certyfikacja = wysoka jako\u015b\u0107:<\/strong><\/h2>\n<\/p><\/div>\n<div style=\"font-size: 12pt; min-width: 250px; max-width: 472px; text-align: justify;\"><span>Produkty marki DOKTORVOLT s\u0105 rutynowo testowane, aby zapewni\u0107 najwy\u017csz\u0105 jako\u015b\u0107. Ka\u017cdy produkt po pomy\u015blnym przej\u015bciu test\u00f3w otrzymuje indywidualny certyfikat potwierdzaj\u0105cy zgodno\u015b\u0107 z normami IEC. Firma stosuje w procesie produkcji certyfikowany system T\u00dcV S\u00dcD, kt\u00f3ry gwarantuje wysok\u0105 jako\u015b\u0107.<\/span><\/div>\n<\/p><\/div>\n<div><img decoding=\"async\" src=\"https:\/\/preis-zone.pl\/hpeciai\/b50f6f067f4babe8391b5bab852c8573\/pol_pl_Rozdzielnica-budowlana-TD-S-FI-32A-16A-4x230V-Schuko-Doktorvolt-bez-zabezpieczen-6442-16969_12.jpg\" width=\"472\" height=\"472\" style=\"max-width: 100%;\"><\/div>\n<\/div>\n<div><img decoding=\"async\" style=\"max-width: 100%;\" src=\"https:\/\/shop38554-1.yourtechnicaldomain.com\/data\/include\/cms\/1-zdjecia-produktow\/DOKTORVOLT\/DV-4995-EV\/ikonka_zielona_z_literka_D_biala.png?v=1729773346118\" border=\"0\" width=\"1900\" height=\"30\"><\/div>\n<div style=\"display: flex; width: 100%; flex-wrap: wrap; justify-content: space-around;\">\n<div><img decoding=\"async\" src=\"https:\/\/shop38554-1.yourtechnicaldomain.com\/data\/include\/cms\/1-zdjecia-produktow\/Logo-IP\/IP_44.png?v=1729852282241\" width=\"472\" height=\"472\" style=\"max-width: 100%;\"><\/div>\n<div style=\"display: flex; flex-direction: column; justify-content: center; align-items: left; padding-left: 50px; padding-right: 50px; padding-top: 30px; max-width: 500px;\">\n<h2 style=\"font-size: 14pt; color: #000 !important;\"><strong>Stopie\u0144 ochrony IP = wi\u0119ksze bezpiecze\u0144stwo:<\/strong><\/h2>\n<div style=\"font-size: 12pt; min-width: 250px; text-align: justify;\"><span>Stopie\u0144 ochrony IP to mi\u0119dzynarodowy standard informuj\u0105cy u\u017cytkownika o odporno\u015bci urz\u0105dzenia na potencjalne zagro\u017cenia. Produkty z oznaczeniem IP zapewniaj\u0105 niezawodne dzia\u0142anie w mniej kontrolowanych warunkach oraz bezpiecze\u0144stwo u\u017cytkownika. Stopie\u0144 ochrony IP44 zastosowany w naszej rozdzielnicy oznacza:<br \/>\n    \tOchron\u0119 przed wnikaniem cia\u0142 sta\u0142ych o \u015brednicy wi\u0119kszej ni\u017c 1 mm, oraz<br \/>\n    \tochron\u0119 przed rozpryskami wody z dowolnego kierunku<\/span><\/div>\n<\/p><\/div>\n<\/div>\n<div><img decoding=\"async\" style=\"max-width: 100%;\" src=\"https:\/\/shop38554-1.yourtechnicaldomain.com\/data\/include\/cms\/1-zdjecia-produktow\/DOKTORVOLT\/DV-4995-EV\/ikonka_zielona_z_literka_D_biala.png?v=1729773346118\" border=\"0\" width=\"1900\" height=\"30\"><\/div>\n<div style=\"display: flex; flex-direction: column; align-items: center; justify-content: center; text-align: center; width: 100%;\">\n<h2 style=\"font-size: 18pt; color: #000; color: #000 !important;\">Zaufany producent:<\/h2>\n<p style=\"font-size: 16pt; line-height: 1.5; color: #000; max-width: 800px; text-align: justify;\">\n    \tDoktorvolt\u00ae to firma za\u0142o\u017cona w 2013 roku. Dynamicznie rozwijaj\u0105ce si\u0119 przedsi\u0119biorstwo zdoby\u0142o uznanie zar\u00f3wno na rynku polskim, jak i mi\u0119dzynarodowym. Siedziba firmy znajduje si\u0119 w Malichowie w wojew\u00f3dztwie opolskim, gdzie mie\u015bci si\u0119 nowoczesna hala produkcyjna oraz magazyn. Firma specjalizuje si\u0119 w produkcji rozdzielnic budowlanych i wyr\u00f3\u017cnia si\u0119 wysok\u0105 jako\u015bci\u0105 oraz solidno\u015bci\u0105 wykonania. Ka\u017cda rozdzielnica sk\u0142ada si\u0119 z komponent\u00f3w najwy\u017cszej jako\u015bci. Produkty firmy Doktorvolt\u00ae spe\u0142niaj\u0105 europejskie normy oraz standardy bezpiecze\u0144stwa.\n\t<\/p>\n<p>\t<img decoding=\"async\" src=\"https:\/\/shop38554-1.yourtechnicaldomain.com\/data\/include\/cms\/1-zdjecia-produktow\/doktorvolt-logo\/nowe.jpg?v=1729077634670\" alt=\"Doktorvolt logo\" width=\"566\" height=\"155\" style=\"margin-top: 20px;\">\n<\/div>\n","protected":false},"excerpt":{"rendered":"<p>Rozdzielnica FRED SKH 2x16A 4x230V firmy Doktorvolt wyr\u00f3\u017cnia si\u0119 kompaktow\u0105, szczeln\u0105 obudow\u0105 wykonan\u0105 z wysokiej jako\u015bci materia\u0142\u00f3w. Jest wyposa\u017cona w 4 gniazda 230V 16A oraz 2 gniazda 400V 16A Bals.<\/p>\n","protected":false},"featured_media":104563,"template":"","meta":[],"product_brand":[],"product_cat":[5084],"product_tag":[],"class_list":{"0":"post-110772","1":"product","2":"type-product","3":"status-publish","4":"has-post-thumbnail","6":"product_cat-fred-series","7":"pa_cee-liczba-biegunow-modulow-5p","8":"pa_napiecie-cee-400v","9":"pa_natezenie-pradu-cee-16a","10":"pa_typ-gniazd-typ-f-schuko","12":"first","13":"instock","14":"shipping-taxable","15":"product-type-external"},"yoast_head":"<!-- This site is optimized with the Yoast SEO plugin v27.0 - https:\/\/yoast.com\/product\/yoast-seo-wordpress\/ -->\n<title>Rozdzielnica Budowlana FRED SKH 2x16A 4x230 erbetka z kablem 5x2,5 mm\u00b2 Schuko - DOKTORVOLT\u00ae<\/title>\n<meta name=\"robots\" content=\"index, follow, max-snippet:-1, max-image-preview:large, max-video-preview:-1\" \/>\n<link rel=\"canonical\" href=\"https:\/\/doktorvolt.pl\/en\/oferta-doktorvolt\/distribution-boxes\/fred-series\/rozdzielnica-budowlana-fred-skh-2x16a-4x230-erbetka-z-kablem-5x25-mm\u00b2-schuko\/\" \/>\n<meta property=\"og:locale\" content=\"en_US\" \/>\n<meta property=\"og:type\" content=\"article\" \/>\n<meta property=\"og:title\" content=\"Rozdzielnica Budowlana FRED SKH 2x16A 4x230 erbetka z kablem 5x2,5 mm\u00b2 Schuko - DOKTORVOLT\u00ae\" \/>\n<meta property=\"og:description\" content=\"Rozdzielnica FRED SKH 2x16A 4x230V firmy Doktorvolt wyr\u00f3\u017cnia si\u0119 kompaktow\u0105, szczeln\u0105 obudow\u0105 wykonan\u0105 z wysokiej jako\u015bci materia\u0142\u00f3w. Jest wyposa\u017cona w 4 gniazda 230V 16A oraz 2 gniazda 400V 16A Bals.\" \/>\n<meta property=\"og:url\" content=\"https:\/\/doktorvolt.pl\/en\/oferta-doktorvolt\/distribution-boxes\/fred-series\/rozdzielnica-budowlana-fred-skh-2x16a-4x230-erbetka-z-kablem-5x25-mm\u00b2-schuko\/\" \/>\n<meta property=\"og:site_name\" content=\"DOKTORVOLT\u00ae\" \/>\n<meta property=\"og:image\" content=\"https:\/\/doktorvolt.pl\/wp-content\/uploads\/2026\/02\/pol_pl_16786-16786_1.jpg\" \/>\n\t<meta property=\"og:image:width\" content=\"1203\" \/>\n\t<meta property=\"og:image:height\" content=\"1600\" \/>\n\t<meta property=\"og:image:type\" content=\"image\/jpeg\" \/>\n<meta name=\"twitter:card\" content=\"summary_large_image\" \/>\n<meta name=\"twitter:label1\" content=\"Est. reading time\" \/>\n\t<meta name=\"twitter:data1\" content=\"2 minutes\" \/>\n<script type=\"application\/ld+json\" class=\"yoast-schema-graph\">{\"@context\":\"https:\/\/schema.org\",\"@graph\":[{\"@type\":\"WebPage\",\"@id\":\"https:\/\/doktorvolt.pl\/en\/oferta-doktorvolt\/distribution-boxes\/fred-series\/rozdzielnica-budowlana-fred-skh-2x16a-4x230-erbetka-z-kablem-5x25-mm%c2%b2-schuko\/\",\"url\":\"https:\/\/doktorvolt.pl\/en\/oferta-doktorvolt\/distribution-boxes\/fred-series\/rozdzielnica-budowlana-fred-skh-2x16a-4x230-erbetka-z-kablem-5x25-mm%c2%b2-schuko\/\",\"name\":\"Rozdzielnica Budowlana FRED SKH 2x16A 4x230 erbetka z kablem 5x2,5 mm\u00b2 Schuko - DOKTORVOLT\u00ae\",\"isPartOf\":{\"@id\":\"https:\/\/doktorvolt.pl\/de\/#website\"},\"primaryImageOfPage\":{\"@id\":\"https:\/\/doktorvolt.pl\/en\/oferta-doktorvolt\/distribution-boxes\/fred-series\/rozdzielnica-budowlana-fred-skh-2x16a-4x230-erbetka-z-kablem-5x25-mm%c2%b2-schuko\/#primaryimage\"},\"image\":{\"@id\":\"https:\/\/doktorvolt.pl\/en\/oferta-doktorvolt\/distribution-boxes\/fred-series\/rozdzielnica-budowlana-fred-skh-2x16a-4x230-erbetka-z-kablem-5x25-mm%c2%b2-schuko\/#primaryimage\"},\"thumbnailUrl\":\"https:\/\/doktorvolt.pl\/wp-content\/uploads\/2026\/02\/pol_pl_16786-16786_1.jpg\",\"datePublished\":\"2026-02-23T13:51:33+00:00\",\"breadcrumb\":{\"@id\":\"https:\/\/doktorvolt.pl\/en\/oferta-doktorvolt\/distribution-boxes\/fred-series\/rozdzielnica-budowlana-fred-skh-2x16a-4x230-erbetka-z-kablem-5x25-mm%c2%b2-schuko\/#breadcrumb\"},\"inLanguage\":\"en-US\",\"potentialAction\":[{\"@type\":\"ReadAction\",\"target\":[\"https:\/\/doktorvolt.pl\/en\/oferta-doktorvolt\/distribution-boxes\/fred-series\/rozdzielnica-budowlana-fred-skh-2x16a-4x230-erbetka-z-kablem-5x25-mm%c2%b2-schuko\/\"]}]},{\"@type\":\"ImageObject\",\"inLanguage\":\"en-US\",\"@id\":\"https:\/\/doktorvolt.pl\/en\/oferta-doktorvolt\/distribution-boxes\/fred-series\/rozdzielnica-budowlana-fred-skh-2x16a-4x230-erbetka-z-kablem-5x25-mm%c2%b2-schuko\/#primaryimage\",\"url\":\"https:\/\/doktorvolt.pl\/wp-content\/uploads\/2026\/02\/pol_pl_16786-16786_1.jpg\",\"contentUrl\":\"https:\/\/doktorvolt.pl\/wp-content\/uploads\/2026\/02\/pol_pl_16786-16786_1.jpg\",\"width\":1203,\"height\":1600},{\"@type\":\"BreadcrumbList\",\"@id\":\"https:\/\/doktorvolt.pl\/en\/oferta-doktorvolt\/distribution-boxes\/fred-series\/rozdzielnica-budowlana-fred-skh-2x16a-4x230-erbetka-z-kablem-5x25-mm%c2%b2-schuko\/#breadcrumb\",\"itemListElement\":[{\"@type\":\"ListItem\",\"position\":1,\"name\":\"Strona g\u0142\u00f3wna\",\"item\":\"https:\/\/doktorvolt.pl\/en\/\"},{\"@type\":\"ListItem\",\"position\":2,\"name\":\"Offer Doktorvolt\",\"item\":\"https:\/\/doktorvolt.pl\/en\/offer-doktorvolt\/\"},{\"@type\":\"ListItem\",\"position\":3,\"name\":\"Rozdzielnica Budowlana FRED SKH 2x16A 4&#215;230 erbetka z kablem 5&#215;2,5 mm\u00b2 Schuko\"}]},{\"@type\":\"WebSite\",\"@id\":\"https:\/\/doktorvolt.pl\/de\/#website\",\"url\":\"https:\/\/doktorvolt.pl\/de\/\",\"name\":\"DOKTORVOLT\u00ae\",\"description\":\"Producent rozdzielnic budowlanych\",\"publisher\":{\"@id\":\"https:\/\/doktorvolt.pl\/de\/#organization\"},\"potentialAction\":[{\"@type\":\"SearchAction\",\"target\":{\"@type\":\"EntryPoint\",\"urlTemplate\":\"https:\/\/doktorvolt.pl\/de\/?s={search_term_string}\"},\"query-input\":{\"@type\":\"PropertyValueSpecification\",\"valueRequired\":true,\"valueName\":\"search_term_string\"}}],\"inLanguage\":\"en-US\"},{\"@type\":\"Organization\",\"@id\":\"https:\/\/doktorvolt.pl\/de\/#organization\",\"name\":\"DOKTORVOLT\u00ae\",\"url\":\"https:\/\/doktorvolt.pl\/de\/\",\"logo\":{\"@type\":\"ImageObject\",\"inLanguage\":\"en-US\",\"@id\":\"https:\/\/doktorvolt.pl\/de\/#\/schema\/logo\/image\/\",\"url\":\"https:\/\/doktorvolt.pl\/wp-content\/uploads\/2023\/10\/DoktorVOLT-black-png.png\",\"contentUrl\":\"https:\/\/doktorvolt.pl\/wp-content\/uploads\/2023\/10\/DoktorVOLT-black-png.png\",\"width\":729,\"height\":40,\"caption\":\"DOKTORVOLT\u00ae\"},\"image\":{\"@id\":\"https:\/\/doktorvolt.pl\/de\/#\/schema\/logo\/image\/\"}}]}<\/script>\n<!-- \/ Yoast SEO plugin. -->","yoast_head_json":{"title":"Rozdzielnica Budowlana FRED SKH 2x16A 4x230 erbetka z kablem 5x2,5 mm\u00b2 Schuko - DOKTORVOLT\u00ae","robots":{"index":"index","follow":"follow","max-snippet":"max-snippet:-1","max-image-preview":"max-image-preview:large","max-video-preview":"max-video-preview:-1"},"canonical":"https:\/\/doktorvolt.pl\/en\/oferta-doktorvolt\/distribution-boxes\/fred-series\/rozdzielnica-budowlana-fred-skh-2x16a-4x230-erbetka-z-kablem-5x25-mm\u00b2-schuko\/","og_locale":"en_US","og_type":"article","og_title":"Rozdzielnica Budowlana FRED SKH 2x16A 4x230 erbetka z kablem 5x2,5 mm\u00b2 Schuko - DOKTORVOLT\u00ae","og_description":"Rozdzielnica FRED SKH 2x16A 4x230V firmy Doktorvolt wyr\u00f3\u017cnia si\u0119 kompaktow\u0105, szczeln\u0105 obudow\u0105 wykonan\u0105 z wysokiej jako\u015bci materia\u0142\u00f3w. Jest wyposa\u017cona w 4 gniazda 230V 16A oraz 2 gniazda 400V 16A Bals.","og_url":"https:\/\/doktorvolt.pl\/en\/oferta-doktorvolt\/distribution-boxes\/fred-series\/rozdzielnica-budowlana-fred-skh-2x16a-4x230-erbetka-z-kablem-5x25-mm\u00b2-schuko\/","og_site_name":"DOKTORVOLT\u00ae","og_image":[{"width":1203,"height":1600,"url":"https:\/\/doktorvolt.pl\/wp-content\/uploads\/2026\/02\/pol_pl_16786-16786_1.jpg","type":"image\/jpeg"}],"twitter_card":"summary_large_image","twitter_misc":{"Est. reading time":"2 minutes"},"schema":{"@context":"https:\/\/schema.org","@graph":[{"@type":"WebPage","@id":"https:\/\/doktorvolt.pl\/en\/oferta-doktorvolt\/distribution-boxes\/fred-series\/rozdzielnica-budowlana-fred-skh-2x16a-4x230-erbetka-z-kablem-5x25-mm%c2%b2-schuko\/","url":"https:\/\/doktorvolt.pl\/en\/oferta-doktorvolt\/distribution-boxes\/fred-series\/rozdzielnica-budowlana-fred-skh-2x16a-4x230-erbetka-z-kablem-5x25-mm%c2%b2-schuko\/","name":"Rozdzielnica Budowlana FRED SKH 2x16A 4x230 erbetka z kablem 5x2,5 mm\u00b2 Schuko - DOKTORVOLT\u00ae","isPartOf":{"@id":"https:\/\/doktorvolt.pl\/de\/#website"},"primaryImageOfPage":{"@id":"https:\/\/doktorvolt.pl\/en\/oferta-doktorvolt\/distribution-boxes\/fred-series\/rozdzielnica-budowlana-fred-skh-2x16a-4x230-erbetka-z-kablem-5x25-mm%c2%b2-schuko\/#primaryimage"},"image":{"@id":"https:\/\/doktorvolt.pl\/en\/oferta-doktorvolt\/distribution-boxes\/fred-series\/rozdzielnica-budowlana-fred-skh-2x16a-4x230-erbetka-z-kablem-5x25-mm%c2%b2-schuko\/#primaryimage"},"thumbnailUrl":"https:\/\/doktorvolt.pl\/wp-content\/uploads\/2026\/02\/pol_pl_16786-16786_1.jpg","datePublished":"2026-02-23T13:51:33+00:00","breadcrumb":{"@id":"https:\/\/doktorvolt.pl\/en\/oferta-doktorvolt\/distribution-boxes\/fred-series\/rozdzielnica-budowlana-fred-skh-2x16a-4x230-erbetka-z-kablem-5x25-mm%c2%b2-schuko\/#breadcrumb"},"inLanguage":"en-US","potentialAction":[{"@type":"ReadAction","target":["https:\/\/doktorvolt.pl\/en\/oferta-doktorvolt\/distribution-boxes\/fred-series\/rozdzielnica-budowlana-fred-skh-2x16a-4x230-erbetka-z-kablem-5x25-mm%c2%b2-schuko\/"]}]},{"@type":"ImageObject","inLanguage":"en-US","@id":"https:\/\/doktorvolt.pl\/en\/oferta-doktorvolt\/distribution-boxes\/fred-series\/rozdzielnica-budowlana-fred-skh-2x16a-4x230-erbetka-z-kablem-5x25-mm%c2%b2-schuko\/#primaryimage","url":"https:\/\/doktorvolt.pl\/wp-content\/uploads\/2026\/02\/pol_pl_16786-16786_1.jpg","contentUrl":"https:\/\/doktorvolt.pl\/wp-content\/uploads\/2026\/02\/pol_pl_16786-16786_1.jpg","width":1203,"height":1600},{"@type":"BreadcrumbList","@id":"https:\/\/doktorvolt.pl\/en\/oferta-doktorvolt\/distribution-boxes\/fred-series\/rozdzielnica-budowlana-fred-skh-2x16a-4x230-erbetka-z-kablem-5x25-mm%c2%b2-schuko\/#breadcrumb","itemListElement":[{"@type":"ListItem","position":1,"name":"Strona g\u0142\u00f3wna","item":"https:\/\/doktorvolt.pl\/en\/"},{"@type":"ListItem","position":2,"name":"Offer Doktorvolt","item":"https:\/\/doktorvolt.pl\/en\/offer-doktorvolt\/"},{"@type":"ListItem","position":3,"name":"Rozdzielnica Budowlana FRED SKH 2x16A 4&#215;230 erbetka z kablem 5&#215;2,5 mm\u00b2 Schuko"}]},{"@type":"WebSite","@id":"https:\/\/doktorvolt.pl\/de\/#website","url":"https:\/\/doktorvolt.pl\/de\/","name":"DOKTORVOLT\u00ae","description":"Producent rozdzielnic budowlanych","publisher":{"@id":"https:\/\/doktorvolt.pl\/de\/#organization"},"potentialAction":[{"@type":"SearchAction","target":{"@type":"EntryPoint","urlTemplate":"https:\/\/doktorvolt.pl\/de\/?s={search_term_string}"},"query-input":{"@type":"PropertyValueSpecification","valueRequired":true,"valueName":"search_term_string"}}],"inLanguage":"en-US"},{"@type":"Organization","@id":"https:\/\/doktorvolt.pl\/de\/#organization","name":"DOKTORVOLT\u00ae","url":"https:\/\/doktorvolt.pl\/de\/","logo":{"@type":"ImageObject","inLanguage":"en-US","@id":"https:\/\/doktorvolt.pl\/de\/#\/schema\/logo\/image\/","url":"https:\/\/doktorvolt.pl\/wp-content\/uploads\/2023\/10\/DoktorVOLT-black-png.png","contentUrl":"https:\/\/doktorvolt.pl\/wp-content\/uploads\/2023\/10\/DoktorVOLT-black-png.png","width":729,"height":40,"caption":"DOKTORVOLT\u00ae"},"image":{"@id":"https:\/\/doktorvolt.pl\/de\/#\/schema\/logo\/image\/"}}]}},"_links":{"self":[{"href":"https:\/\/doktorvolt.pl\/en\/wp-json\/wp\/v2\/product\/110772","targetHints":{"allow":["GET"]}}],"collection":[{"href":"https:\/\/doktorvolt.pl\/en\/wp-json\/wp\/v2\/product"}],"about":[{"href":"https:\/\/doktorvolt.pl\/en\/wp-json\/wp\/v2\/types\/product"}],"wp:featuredmedia":[{"embeddable":true,"href":"https:\/\/doktorvolt.pl\/en\/wp-json\/wp\/v2\/media\/104563"}],"wp:attachment":[{"href":"https:\/\/doktorvolt.pl\/en\/wp-json\/wp\/v2\/media?parent=110772"}],"wp:term":[{"taxonomy":"product_brand","embeddable":true,"href":"https:\/\/doktorvolt.pl\/en\/wp-json\/wp\/v2\/product_brand?post=110772"},{"taxonomy":"product_cat","embeddable":true,"href":"https:\/\/doktorvolt.pl\/en\/wp-json\/wp\/v2\/product_cat?post=110772"},{"taxonomy":"product_tag","embeddable":true,"href":"https:\/\/doktorvolt.pl\/en\/wp-json\/wp\/v2\/product_tag?post=110772"}],"curies":[{"name":"wp","href":"https:\/\/api.w.org\/{rel}","templated":true}]}}