{"id":110773,"date":"2026-02-23T15:51:22","date_gmt":"2026-02-23T13:51:22","guid":{"rendered":"https:\/\/doktorvolt.pl\/sklep\/uncategorized\/doktorvolt-wylacznik-roznicowopradowy-63a-4p-30ma-typ-ac-rcd-7877\/"},"modified":"2026-02-23T15:51:22","modified_gmt":"2026-02-23T13:51:22","slug":"doktorvolt-wylacznik-roznicowopradowy-63a-4p-30ma-typ-ac-rcd-7877","status":"publish","type":"product","link":"https:\/\/doktorvolt.pl\/en\/oferta-doktorvolt\/modular-apparatus\/residual-current-devices\/residual-current-circuit-breakers-type-ac\/doktorvolt-wylacznik-roznicowopradowy-63a-4p-30ma-typ-ac-rcd-7877\/","title":{"rendered":"Doktorvolt Wy\u0142\u0105cznik r\u00f3\u017cnicowopr\u0105dowy 63A 4P 30mA Typ AC RCD 7877"},"content":{"rendered":"<h2><span style=\"color: #000000;\">Wy\u0142\u0105cznik r\u00f3\u017cnicowopr\u0105dowy\u00a0RCCB typ AC Doktorvolt &#8211; maksymalne bezpiecze\u0144stwo os\u00f3b i mienia<\/span><\/h2>\n<p><span style=\"color: #000000;\"><b>Wy\u0142\u0105cznik r\u00f3\u017cnicowopr\u0105dowy marki Doktorvolt<\/b>\u00a0<\/span><span style=\"color: #000000;\">to elektryczne urz\u0105dzenie zabezpieczaj\u0105ce o najwy\u017cszej jako\u015bci, kt\u00f3re\u00a0<\/span><b style=\"color: #000000;\">zapewnia niezawodn\u0105 ochron\u0119 os\u00f3b i mienia przed pora\u017ceniem pr\u0105dem elektrycznym<\/b><span style=\"color: #000000;\"> poprzez <\/span><b style=\"color: #000000;\">szybkie i bezpieczne od\u0142\u0105czenie instalacji od zasilania<\/b><span style=\"color: #000000;\">.<\/span><\/p>\n<p><span style=\"color: #000000;\">Takie rozwi\u0105zanie gwarantuje nam<b> ochron\u0119 przed pora\u017ceniem przy dotyku po\u015brednim, jak i bezpo\u015brednim<\/b>.<\/span><\/p>\n<p><span style=\"color: #000000;\">Niezawodna r\u00f3\u017cnic\u00f3wka z mo\u017cliwo\u015bci\u0105 po\u0142\u0105czenia za pomoc\u0105 szyn grzebieniowych, przystosowany do p\u00f3\u017aniejszego monta\u017cu urz\u0105dze\u0144 pomocniczych.<br \/><\/span><\/p>\n<p><span style=\"color: #000000;\"><b>Dane techniczne wy\u0142\u0105cznika\u00a0r\u00f3\u017cnicowopr\u0105dowego<\/b><\/span><b style=\"color: #4e565f;\">:<\/b><\/p>\n<div>\n<ul>\n<li><span style=\"color: #000000;\">Pr\u0105d znamionowy:\u00a0<b>63A<\/b><\/span><\/li>\n<li><span style=\"color: #000000;\">Napi\u0119cie znamionowe:<\/span><b style=\"color: #000000;\">\u00a0<\/b><span style=\"color: #000000;\"><b>400V<\/b><\/span><\/li>\n<li><span style=\"color: #000000;\">Znamionowy pr\u0105d r\u00f3\u017cnicowy: <b>30 mA<\/b><\/span><\/li>\n<li><span style=\"color: #000000;\">Cz\u0119stotliwo\u015b\u0107:\u00a0<b>50\/60 Hz<\/b><\/span><\/li>\n<li><span style=\"color: #000000;\">Typ: <b>AC<\/b><\/span><\/li>\n<li><span style=\"color: #000000;\">Stopie\u0144 ochrony: <\/span><span style=\"color: #000000;\"><b>IP20<\/b><\/span><\/li>\n<li><span style=\"color: #000000;\">Monta\u017c: <b>na szynie DIN<\/b><br \/><\/span><\/li>\n<li><span style=\"color: #000000;\">D\u0142ugo\u015b\u0107 (g\u0142\u0119boko\u015b\u0107): <\/span><b style=\"color: #000000;\">75\u00a0mm<\/b><\/li>\n<li><span style=\"color: #000000;\">Szeroko\u015b\u0107: <b>71\u00a0mm<\/b><\/span><\/li>\n<li><span style=\"color: #000000;\">Wysoko\u015b\u0107:<b>\u00a081 mm<\/b><\/span><\/li>\n<li><span style=\"color: #000000;\">Kolor: <b>szary<\/b><\/span><\/li>\n<li><span style=\"color: #000000;\">Normy i certyfikaty: <b>CE,\u00a0<\/b><\/span><b style=\"color: #000000;\">IEC 61008<\/b><\/li>\n<li><span style=\"color: #000000;\">Producent: <b>Doktorvolt<\/b><\/span><\/li>\n<\/ul>\n<p><span style=\"color: #000000;\"><strong><\/strong><strong><img decoding=\"async\" src=\"\/data\/include\/cms\/description\/img\/p\/3\/5\/4\/2\/8\/35428.jpg\" alt=\"Wy\u0142\u0105cznik r\u00f3\u017cnicowopr\u0105dowy 63A 4P 30mA Typ AC Doktorvolt\" width=\"300\" height=\"300\" \/><\/strong><\/span><\/p>\n<\/div>\n","protected":false},"excerpt":{"rendered":"","protected":false},"featured_media":104546,"template":"","meta":[],"product_brand":[],"product_cat":[5066],"product_tag":[],"class_list":{"0":"post-110773","1":"product","2":"type-product","3":"status-publish","4":"has-post-thumbnail","6":"product_cat-residual-current-circuit-breakers-type-ac","7":"pa_czestotliwosc-50-60-hz","8":"pa_napiecie-znamionowe-400v","9":"pa_prad-roznicowy-30ma","10":"pa_prad-znamionowy-63a","11":"pa_stopien-ochrony-ip20","12":"pa_szerokosc-71-mm","13":"pa_wysokosc-81-mm","15":"first","16":"instock","17":"shipping-taxable","18":"product-type-external"},"yoast_head":"<!-- This site is optimized with the Yoast SEO plugin v27.0 - https:\/\/yoast.com\/product\/yoast-seo-wordpress\/ -->\n<title>Doktorvolt Wy\u0142\u0105cznik r\u00f3\u017cnicowopr\u0105dowy 63A 4P 30mA Typ AC RCD 7877 - DOKTORVOLT\u00ae<\/title>\n<meta name=\"robots\" content=\"index, follow, max-snippet:-1, max-image-preview:large, max-video-preview:-1\" \/>\n<link rel=\"canonical\" href=\"https:\/\/doktorvolt.pl\/en\/oferta-doktorvolt\/modular-apparatus\/residual-current-devices\/residual-current-circuit-breakers-type-ac\/doktorvolt-wylacznik-roznicowopradowy-63a-4p-30ma-typ-ac-rcd-7877\/\" \/>\n<meta property=\"og:locale\" content=\"en_US\" \/>\n<meta property=\"og:type\" content=\"article\" \/>\n<meta property=\"og:title\" content=\"Doktorvolt Wy\u0142\u0105cznik r\u00f3\u017cnicowopr\u0105dowy 63A 4P 30mA Typ AC RCD 7877 - DOKTORVOLT\u00ae\" \/>\n<meta property=\"og:url\" content=\"https:\/\/doktorvolt.pl\/en\/oferta-doktorvolt\/modular-apparatus\/residual-current-devices\/residual-current-circuit-breakers-type-ac\/doktorvolt-wylacznik-roznicowopradowy-63a-4p-30ma-typ-ac-rcd-7877\/\" \/>\n<meta property=\"og:site_name\" content=\"DOKTORVOLT\u00ae\" \/>\n<meta property=\"og:image\" content=\"https:\/\/doktorvolt.pl\/wp-content\/uploads\/2026\/02\/pol_pl_16720-16720_1.jpg\" \/>\n\t<meta property=\"og:image:width\" content=\"1000\" \/>\n\t<meta property=\"og:image:height\" content=\"1000\" \/>\n\t<meta property=\"og:image:type\" content=\"image\/jpeg\" \/>\n<meta name=\"twitter:card\" content=\"summary_large_image\" \/>\n<meta name=\"twitter:label1\" content=\"Est. reading time\" \/>\n\t<meta name=\"twitter:data1\" content=\"1 minute\" \/>\n<script type=\"application\/ld+json\" class=\"yoast-schema-graph\">{\"@context\":\"https:\/\/schema.org\",\"@graph\":[{\"@type\":\"WebPage\",\"@id\":\"https:\/\/doktorvolt.pl\/en\/oferta-doktorvolt\/modular-apparatus\/residual-current-devices\/residual-current-circuit-breakers-type-ac\/doktorvolt-wylacznik-roznicowopradowy-63a-4p-30ma-typ-ac-rcd-7877\/\",\"url\":\"https:\/\/doktorvolt.pl\/en\/oferta-doktorvolt\/modular-apparatus\/residual-current-devices\/residual-current-circuit-breakers-type-ac\/doktorvolt-wylacznik-roznicowopradowy-63a-4p-30ma-typ-ac-rcd-7877\/\",\"name\":\"Doktorvolt Wy\u0142\u0105cznik r\u00f3\u017cnicowopr\u0105dowy 63A 4P 30mA Typ AC RCD 7877 - DOKTORVOLT\u00ae\",\"isPartOf\":{\"@id\":\"https:\/\/doktorvolt.pl\/de\/#website\"},\"primaryImageOfPage\":{\"@id\":\"https:\/\/doktorvolt.pl\/en\/oferta-doktorvolt\/modular-apparatus\/residual-current-devices\/residual-current-circuit-breakers-type-ac\/doktorvolt-wylacznik-roznicowopradowy-63a-4p-30ma-typ-ac-rcd-7877\/#primaryimage\"},\"image\":{\"@id\":\"https:\/\/doktorvolt.pl\/en\/oferta-doktorvolt\/modular-apparatus\/residual-current-devices\/residual-current-circuit-breakers-type-ac\/doktorvolt-wylacznik-roznicowopradowy-63a-4p-30ma-typ-ac-rcd-7877\/#primaryimage\"},\"thumbnailUrl\":\"https:\/\/doktorvolt.pl\/wp-content\/uploads\/2026\/02\/pol_pl_16720-16720_1.jpg\",\"datePublished\":\"2026-02-23T13:51:22+00:00\",\"breadcrumb\":{\"@id\":\"https:\/\/doktorvolt.pl\/en\/oferta-doktorvolt\/modular-apparatus\/residual-current-devices\/residual-current-circuit-breakers-type-ac\/doktorvolt-wylacznik-roznicowopradowy-63a-4p-30ma-typ-ac-rcd-7877\/#breadcrumb\"},\"inLanguage\":\"en-US\",\"potentialAction\":[{\"@type\":\"ReadAction\",\"target\":[\"https:\/\/doktorvolt.pl\/en\/oferta-doktorvolt\/modular-apparatus\/residual-current-devices\/residual-current-circuit-breakers-type-ac\/doktorvolt-wylacznik-roznicowopradowy-63a-4p-30ma-typ-ac-rcd-7877\/\"]}]},{\"@type\":\"ImageObject\",\"inLanguage\":\"en-US\",\"@id\":\"https:\/\/doktorvolt.pl\/en\/oferta-doktorvolt\/modular-apparatus\/residual-current-devices\/residual-current-circuit-breakers-type-ac\/doktorvolt-wylacznik-roznicowopradowy-63a-4p-30ma-typ-ac-rcd-7877\/#primaryimage\",\"url\":\"https:\/\/doktorvolt.pl\/wp-content\/uploads\/2026\/02\/pol_pl_16720-16720_1.jpg\",\"contentUrl\":\"https:\/\/doktorvolt.pl\/wp-content\/uploads\/2026\/02\/pol_pl_16720-16720_1.jpg\",\"width\":1000,\"height\":1000},{\"@type\":\"BreadcrumbList\",\"@id\":\"https:\/\/doktorvolt.pl\/en\/oferta-doktorvolt\/modular-apparatus\/residual-current-devices\/residual-current-circuit-breakers-type-ac\/doktorvolt-wylacznik-roznicowopradowy-63a-4p-30ma-typ-ac-rcd-7877\/#breadcrumb\",\"itemListElement\":[{\"@type\":\"ListItem\",\"position\":1,\"name\":\"Strona g\u0142\u00f3wna\",\"item\":\"https:\/\/doktorvolt.pl\/en\/\"},{\"@type\":\"ListItem\",\"position\":2,\"name\":\"Offer Doktorvolt\",\"item\":\"https:\/\/doktorvolt.pl\/en\/offer-doktorvolt\/\"},{\"@type\":\"ListItem\",\"position\":3,\"name\":\"Doktorvolt Wy\u0142\u0105cznik r\u00f3\u017cnicowopr\u0105dowy 63A 4P 30mA Typ AC RCD 7877\"}]},{\"@type\":\"WebSite\",\"@id\":\"https:\/\/doktorvolt.pl\/de\/#website\",\"url\":\"https:\/\/doktorvolt.pl\/de\/\",\"name\":\"DOKTORVOLT\u00ae\",\"description\":\"Producent rozdzielnic budowlanych\",\"publisher\":{\"@id\":\"https:\/\/doktorvolt.pl\/de\/#organization\"},\"potentialAction\":[{\"@type\":\"SearchAction\",\"target\":{\"@type\":\"EntryPoint\",\"urlTemplate\":\"https:\/\/doktorvolt.pl\/de\/?s={search_term_string}\"},\"query-input\":{\"@type\":\"PropertyValueSpecification\",\"valueRequired\":true,\"valueName\":\"search_term_string\"}}],\"inLanguage\":\"en-US\"},{\"@type\":\"Organization\",\"@id\":\"https:\/\/doktorvolt.pl\/de\/#organization\",\"name\":\"DOKTORVOLT\u00ae\",\"url\":\"https:\/\/doktorvolt.pl\/de\/\",\"logo\":{\"@type\":\"ImageObject\",\"inLanguage\":\"en-US\",\"@id\":\"https:\/\/doktorvolt.pl\/de\/#\/schema\/logo\/image\/\",\"url\":\"https:\/\/doktorvolt.pl\/wp-content\/uploads\/2023\/10\/DoktorVOLT-black-png.png\",\"contentUrl\":\"https:\/\/doktorvolt.pl\/wp-content\/uploads\/2023\/10\/DoktorVOLT-black-png.png\",\"width\":729,\"height\":40,\"caption\":\"DOKTORVOLT\u00ae\"},\"image\":{\"@id\":\"https:\/\/doktorvolt.pl\/de\/#\/schema\/logo\/image\/\"}}]}<\/script>\n<!-- \/ Yoast SEO plugin. -->","yoast_head_json":{"title":"Doktorvolt Wy\u0142\u0105cznik r\u00f3\u017cnicowopr\u0105dowy 63A 4P 30mA Typ AC RCD 7877 - DOKTORVOLT\u00ae","robots":{"index":"index","follow":"follow","max-snippet":"max-snippet:-1","max-image-preview":"max-image-preview:large","max-video-preview":"max-video-preview:-1"},"canonical":"https:\/\/doktorvolt.pl\/en\/oferta-doktorvolt\/modular-apparatus\/residual-current-devices\/residual-current-circuit-breakers-type-ac\/doktorvolt-wylacznik-roznicowopradowy-63a-4p-30ma-typ-ac-rcd-7877\/","og_locale":"en_US","og_type":"article","og_title":"Doktorvolt Wy\u0142\u0105cznik r\u00f3\u017cnicowopr\u0105dowy 63A 4P 30mA Typ AC RCD 7877 - DOKTORVOLT\u00ae","og_url":"https:\/\/doktorvolt.pl\/en\/oferta-doktorvolt\/modular-apparatus\/residual-current-devices\/residual-current-circuit-breakers-type-ac\/doktorvolt-wylacznik-roznicowopradowy-63a-4p-30ma-typ-ac-rcd-7877\/","og_site_name":"DOKTORVOLT\u00ae","og_image":[{"width":1000,"height":1000,"url":"https:\/\/doktorvolt.pl\/wp-content\/uploads\/2026\/02\/pol_pl_16720-16720_1.jpg","type":"image\/jpeg"}],"twitter_card":"summary_large_image","twitter_misc":{"Est. reading time":"1 minute"},"schema":{"@context":"https:\/\/schema.org","@graph":[{"@type":"WebPage","@id":"https:\/\/doktorvolt.pl\/en\/oferta-doktorvolt\/modular-apparatus\/residual-current-devices\/residual-current-circuit-breakers-type-ac\/doktorvolt-wylacznik-roznicowopradowy-63a-4p-30ma-typ-ac-rcd-7877\/","url":"https:\/\/doktorvolt.pl\/en\/oferta-doktorvolt\/modular-apparatus\/residual-current-devices\/residual-current-circuit-breakers-type-ac\/doktorvolt-wylacznik-roznicowopradowy-63a-4p-30ma-typ-ac-rcd-7877\/","name":"Doktorvolt Wy\u0142\u0105cznik r\u00f3\u017cnicowopr\u0105dowy 63A 4P 30mA Typ AC RCD 7877 - DOKTORVOLT\u00ae","isPartOf":{"@id":"https:\/\/doktorvolt.pl\/de\/#website"},"primaryImageOfPage":{"@id":"https:\/\/doktorvolt.pl\/en\/oferta-doktorvolt\/modular-apparatus\/residual-current-devices\/residual-current-circuit-breakers-type-ac\/doktorvolt-wylacznik-roznicowopradowy-63a-4p-30ma-typ-ac-rcd-7877\/#primaryimage"},"image":{"@id":"https:\/\/doktorvolt.pl\/en\/oferta-doktorvolt\/modular-apparatus\/residual-current-devices\/residual-current-circuit-breakers-type-ac\/doktorvolt-wylacznik-roznicowopradowy-63a-4p-30ma-typ-ac-rcd-7877\/#primaryimage"},"thumbnailUrl":"https:\/\/doktorvolt.pl\/wp-content\/uploads\/2026\/02\/pol_pl_16720-16720_1.jpg","datePublished":"2026-02-23T13:51:22+00:00","breadcrumb":{"@id":"https:\/\/doktorvolt.pl\/en\/oferta-doktorvolt\/modular-apparatus\/residual-current-devices\/residual-current-circuit-breakers-type-ac\/doktorvolt-wylacznik-roznicowopradowy-63a-4p-30ma-typ-ac-rcd-7877\/#breadcrumb"},"inLanguage":"en-US","potentialAction":[{"@type":"ReadAction","target":["https:\/\/doktorvolt.pl\/en\/oferta-doktorvolt\/modular-apparatus\/residual-current-devices\/residual-current-circuit-breakers-type-ac\/doktorvolt-wylacznik-roznicowopradowy-63a-4p-30ma-typ-ac-rcd-7877\/"]}]},{"@type":"ImageObject","inLanguage":"en-US","@id":"https:\/\/doktorvolt.pl\/en\/oferta-doktorvolt\/modular-apparatus\/residual-current-devices\/residual-current-circuit-breakers-type-ac\/doktorvolt-wylacznik-roznicowopradowy-63a-4p-30ma-typ-ac-rcd-7877\/#primaryimage","url":"https:\/\/doktorvolt.pl\/wp-content\/uploads\/2026\/02\/pol_pl_16720-16720_1.jpg","contentUrl":"https:\/\/doktorvolt.pl\/wp-content\/uploads\/2026\/02\/pol_pl_16720-16720_1.jpg","width":1000,"height":1000},{"@type":"BreadcrumbList","@id":"https:\/\/doktorvolt.pl\/en\/oferta-doktorvolt\/modular-apparatus\/residual-current-devices\/residual-current-circuit-breakers-type-ac\/doktorvolt-wylacznik-roznicowopradowy-63a-4p-30ma-typ-ac-rcd-7877\/#breadcrumb","itemListElement":[{"@type":"ListItem","position":1,"name":"Strona g\u0142\u00f3wna","item":"https:\/\/doktorvolt.pl\/en\/"},{"@type":"ListItem","position":2,"name":"Offer Doktorvolt","item":"https:\/\/doktorvolt.pl\/en\/offer-doktorvolt\/"},{"@type":"ListItem","position":3,"name":"Doktorvolt Wy\u0142\u0105cznik r\u00f3\u017cnicowopr\u0105dowy 63A 4P 30mA Typ AC RCD 7877"}]},{"@type":"WebSite","@id":"https:\/\/doktorvolt.pl\/de\/#website","url":"https:\/\/doktorvolt.pl\/de\/","name":"DOKTORVOLT\u00ae","description":"Producent rozdzielnic budowlanych","publisher":{"@id":"https:\/\/doktorvolt.pl\/de\/#organization"},"potentialAction":[{"@type":"SearchAction","target":{"@type":"EntryPoint","urlTemplate":"https:\/\/doktorvolt.pl\/de\/?s={search_term_string}"},"query-input":{"@type":"PropertyValueSpecification","valueRequired":true,"valueName":"search_term_string"}}],"inLanguage":"en-US"},{"@type":"Organization","@id":"https:\/\/doktorvolt.pl\/de\/#organization","name":"DOKTORVOLT\u00ae","url":"https:\/\/doktorvolt.pl\/de\/","logo":{"@type":"ImageObject","inLanguage":"en-US","@id":"https:\/\/doktorvolt.pl\/de\/#\/schema\/logo\/image\/","url":"https:\/\/doktorvolt.pl\/wp-content\/uploads\/2023\/10\/DoktorVOLT-black-png.png","contentUrl":"https:\/\/doktorvolt.pl\/wp-content\/uploads\/2023\/10\/DoktorVOLT-black-png.png","width":729,"height":40,"caption":"DOKTORVOLT\u00ae"},"image":{"@id":"https:\/\/doktorvolt.pl\/de\/#\/schema\/logo\/image\/"}}]}},"_links":{"self":[{"href":"https:\/\/doktorvolt.pl\/en\/wp-json\/wp\/v2\/product\/110773","targetHints":{"allow":["GET"]}}],"collection":[{"href":"https:\/\/doktorvolt.pl\/en\/wp-json\/wp\/v2\/product"}],"about":[{"href":"https:\/\/doktorvolt.pl\/en\/wp-json\/wp\/v2\/types\/product"}],"wp:featuredmedia":[{"embeddable":true,"href":"https:\/\/doktorvolt.pl\/en\/wp-json\/wp\/v2\/media\/104546"}],"wp:attachment":[{"href":"https:\/\/doktorvolt.pl\/en\/wp-json\/wp\/v2\/media?parent=110773"}],"wp:term":[{"taxonomy":"product_brand","embeddable":true,"href":"https:\/\/doktorvolt.pl\/en\/wp-json\/wp\/v2\/product_brand?post=110773"},{"taxonomy":"product_cat","embeddable":true,"href":"https:\/\/doktorvolt.pl\/en\/wp-json\/wp\/v2\/product_cat?post=110773"},{"taxonomy":"product_tag","embeddable":true,"href":"https:\/\/doktorvolt.pl\/en\/wp-json\/wp\/v2\/product_tag?post=110773"}],"curies":[{"name":"wp","href":"https:\/\/api.w.org\/{rel}","templated":true}]}}