{"id":110774,"date":"2026-02-23T15:51:07","date_gmt":"2026-02-23T13:51:07","guid":{"rendered":"https:\/\/doktorvolt.pl\/sklep\/uncategorized\/doktorvolt-rozdzielnica-charging-siemens-c20a-40a-30ma-t1-t2-ev-0706\/"},"modified":"2026-02-23T15:51:07","modified_gmt":"2026-02-23T13:51:07","slug":"doktorvolt-rozdzielnica-charging-siemens-c20a-40a-30ma-t1-t2-ev-0706","status":"publish","type":"product","link":"https:\/\/doktorvolt.pl\/en\/oferta-doktorvolt\/automotive\/doktorvolt-rozdzielnica-charging-siemens-c20a-40a-30ma-t1-t2-ev-0706\/","title":{"rendered":"Doktorvolt Rozdzielnica Charging SIEMENS C20A 40A 30mA T1\/T2 EV 0706"},"content":{"rendered":"<section class=\"section\">\n<div class=\"item item-12\">\n<section class=\"text-item\">\n<h2><span style=\"color: #000000;\">Rozdzielnica EV Charging dla Twojego Wallboxa \u2013 najwa\u017cniejsze zabezpieczenia w jednym miejscu<\/span><\/h2>\n<p><span style=\"color: #000000;\">Czy u Ciebie w domu stacja \u0142adowania samochodu znajduje si\u0119 dalej ni\u017c 10m od g\u0142\u00f3wnej rozdzielnicy?<b style=\"color: #000000;\"> Dzi\u0119ki instalacji rozdzielnicy <\/b><b>do \u0142adowarek samochod\u00f3w elektrycznych<\/b><b style=\"color: #000000;\"> zapewnisz sobie zalecan\u0105 ochron\u0119 przeciwprzepi\u0119ciow\u0105.<\/b><\/span><\/p>\n<p><span style=\"color: #000000;\">Rozdzielnica Charging to <b>wyj\u0105tkowe rozwi\u0105zanie, stworzone specjalnie dla posiadaczy stacji \u0142adowania samochod\u00f3w elektrycznych, przez producenta rozdzielnic \u2013 mark\u0119 Doktorvolt<\/b>. Rozdzielnica zosta\u0142a <b>wykonana na podzespo\u0142ach renomowanych marek Siemens oraz Phoenix<\/b>, uwzgl\u0119dniaj\u0105c<b> kilkunastoletnie do\u015bwiadczenie w bran\u017cy elektrycznej<\/b>.<\/span><\/p>\n<p><span style=\"color: #000000;\">Praktyczna podrozdzielnica <b>do zabezpieczenia jednego wallboxa o maksymalnej mocy \u0142adowania 11 kW<\/b>, kt\u00f3ry posiada ju\u017c zintegrowane monitorowanie pr\u0105du sta\u0142ego. Oferuje <b>doskona\u0142\u0105 ochron\u0119<\/b> i <b>niezawodne zasilanie<\/b> dla Twojej stacji \u0142adowania samochod\u00f3w elektrycznych.<\/span><\/p>\n<p><span style=\"color: #000000;\">Wszystkie zalecane komponenty, kt\u00f3re s\u0105 niezb\u0119dne do zapewnienia optymalnej ochrony, zosta\u0142y ju\u017c zintegrowane w tej rozdzielnicy. <b>Wy\u0142\u0105cznik nadpr\u0105dowy 20A<\/b>, <b>wy\u0142\u0105cznik r\u00f3\u017cnicowopr\u0105dowy 40A typ A<\/b> oraz <b>ogranicznik przepi\u0119\u0107 1+2<\/b> w jednym urz\u0105dzeniu \u2013 <b>rozdzielnica gotowa do pod\u0142\u0105czenia, przetestowana, posiada certyfikat<\/b>.<\/span><\/p>\n<p><span style=\"color: #000000;\">Zapewnia nie tylko <b>doskona\u0142\u0105 ochron\u0119<\/b>, ale tak\u017ce <b>oferuje wygod\u0119 i \u0142atwo\u015b\u0107 instalacji<\/b>. <b>Pod\u0142\u0105czenie <\/b>tej rozdzielnicy<b> jest szybkie i bezproblemowe<\/b>.<\/span><\/p>\n<p><span style=\"color: #000000;\">Dzi\u0119ki naszemu <strong>certyfikatowi ISO 9001 T\u00dcV S\u00dcD<\/strong> gwarantujemy Pa\u0144stwu <strong>produkty o najwy\u017cszej niezawodno\u015bci i trwa\u0142o\u015bci<\/strong>.<\/span><\/p>\n<p><span style=\"color: #000000;\"><strong>Nasi klienci ufaj\u0105 nam w kwestii jako\u015bci<\/strong>, a my jeste\u015bmy dumni z tego, \u017ce wci\u0105\u017c przewy\u017cszamy ich oczekiwania.<\/span><\/p>\n<h3><span style=\"color: #000000;\">Dane techniczne:<\/span><\/h3>\n<ul style=\"list-style-type: disc;\">\n<li><span style=\"color: #000000;\"><strong>Gotowe okablowanie 6mm2<\/strong> (PE 16mm2)<\/span><\/li>\n<li><span style=\"color: #000000;\">Zaciski wej\u015bciowe i wyj\u015bciowe 16 mm\u00b2<\/span><\/li>\n<li><span style=\"color: #000000;\"><strong>2x d\u0142awnica PG-21<\/strong><\/span><\/li>\n<li><span style=\"color: #000000;\">Pr\u0105d znamionowy: <b>20A<\/b><\/span><\/li>\n<li><span style=\"color: #000000;\">Napi\u0119cie znamionowe:<b> 230\/400V AC<\/b><\/span><\/li>\n<li><span style=\"color: #000000;\">Pr\u0105d pr\u00f3bny In: <b>30mA<\/b><\/span><\/li>\n<li><span style=\"color: #000000;\">Pr\u0105d maksymalny Imax: <b>50kA<\/b><\/span><\/li>\n<li><span style=\"color: #000000;\">Napi\u0119ciowy poziom ochrony Up: <b>&lt;1,2kV<\/b><\/span><\/li>\n<\/ul>\n<h3><span style=\"color: #000000;\">Wbudowane zabezpieczenie<strong>:<\/strong><\/span><\/h3>\n<ul style=\"list-style-type: disc;\">\n<li><span style=\"color: #000000;\"><strong>1x wy\u0142\u0105cznik r\u00f3\u017cnicowopr\u0105dowy 40A 4P 30 mA typ A SIEMENS<\/strong><\/span><\/li>\n<li><span style=\"color: #000000;\"><strong>1x wy\u0142\u0105cznik nadpr\u0105dowy C20A 3P 10kA SIEMENS<\/strong><\/span><\/li>\n<li><span style=\"color: #000000;\"><strong>1x ogranicznik przepi\u0119\u0107 typ 1+2 Phoenix<\/strong><\/span><\/li>\n<\/ul>\n<h3><span style=\"color: #000000;\">Dane techniczne obudowy:<\/span><\/h3>\n<ul style=\"list-style-type: disc;\">\n<li><span style=\"color: #000000;\">Wymiary:\u00a0<b>290 x 420 x 133 mm<\/b><\/span><\/li>\n<li><span style=\"color: #000000;\">Materia\u0142 obudowy: <strong>technopolimer<\/strong><\/span><\/li>\n<li><span style=\"color: #000000;\">Materia\u0142 drzwi: <strong>poliw\u0119glan<\/strong><\/span><\/li>\n<li><span style=\"color: #000000;\">Kolor: <b>szary RAL 7035<\/b><\/span><\/li>\n<\/ul>\n<h3><span style=\"color: #000000;\">Warunki instalacyjne:<\/span><\/h3>\n<ul style=\"list-style-type: disc;\">\n<li><span style=\"color: #000000;\">Temperatura otoczenia:\u00a0<b>od -25\u00b0C do +60\u00b0C<\/b><\/span><\/li>\n<li><span style=\"color: #000000;\">Stopie\u0144 ochrony:\u00a0<strong>IP65<\/strong><\/span><\/li>\n<li><span style=\"color: #000000;\"><strong>Odporno\u015b\u0107 na promieniowanie UV<\/strong><\/span><\/li>\n<\/ul>\n<h3><span style=\"color: #000000;\">Informacje og\u00f3lne:<\/span><\/h3>\n<ul style=\"list-style-type: disc;\">\n<li><span style=\"color: #000000;\">Certyfikaty i normy producenta: <strong>T\u00dcV S\u00dcD, ISO 9001:2015<\/strong><\/span><\/li>\n<li><span style=\"color: #000000;\">Certyfikaty i normy produktu: <strong>CE, IEC 61439<\/strong><\/span><\/li>\n<li><span style=\"color: #000000;\">Producent: <strong>Doktorvolt<\/strong><\/span><br \/><span style=\"color: #000000;\"><\/span><\/li>\n<\/ul>\n<\/section>\n<\/div>\n<\/section>\n","protected":false},"excerpt":{"rendered":"","protected":false},"featured_media":104529,"template":"","meta":[],"product_brand":[],"product_cat":[5086],"product_tag":[],"class_list":{"0":"post-110774","1":"product","2":"type-product","3":"status-publish","4":"has-post-thumbnail","6":"product_cat-automotive","7":"pa_maksymalny-prad-imax-50ka","8":"pa_napiecie-znamionowe-230-400v-ac","9":"pa_prad-znamionowy-20a","10":"pa_stopien-ochrony-ip65","11":"pa_wymiary-290-x-420-x-133-mm","13":"first","14":"instock","15":"shipping-taxable","16":"product-type-external"},"yoast_head":"<!-- This site is optimized with the Yoast SEO plugin v27.0 - https:\/\/yoast.com\/product\/yoast-seo-wordpress\/ -->\n<title>Doktorvolt Rozdzielnica Charging SIEMENS C20A 40A 30mA T1\/T2 EV 0706 - DOKTORVOLT\u00ae<\/title>\n<meta name=\"robots\" content=\"index, follow, max-snippet:-1, max-image-preview:large, max-video-preview:-1\" \/>\n<link rel=\"canonical\" href=\"https:\/\/doktorvolt.pl\/en\/oferta-doktorvolt\/automotive\/doktorvolt-rozdzielnica-charging-siemens-c20a-40a-30ma-t1-t2-ev-0706\/\" \/>\n<meta property=\"og:locale\" content=\"en_US\" \/>\n<meta property=\"og:type\" content=\"article\" \/>\n<meta property=\"og:title\" content=\"Doktorvolt Rozdzielnica Charging SIEMENS C20A 40A 30mA T1\/T2 EV 0706 - DOKTORVOLT\u00ae\" \/>\n<meta property=\"og:url\" content=\"https:\/\/doktorvolt.pl\/en\/oferta-doktorvolt\/automotive\/doktorvolt-rozdzielnica-charging-siemens-c20a-40a-30ma-t1-t2-ev-0706\/\" \/>\n<meta property=\"og:site_name\" content=\"DOKTORVOLT\u00ae\" \/>\n<meta property=\"og:image\" content=\"https:\/\/doktorvolt.pl\/wp-content\/uploads\/2026\/02\/pol_pl_16715-16715_1.jpg\" \/>\n\t<meta property=\"og:image:width\" content=\"1000\" \/>\n\t<meta property=\"og:image:height\" content=\"1000\" \/>\n\t<meta property=\"og:image:type\" content=\"image\/jpeg\" \/>\n<meta name=\"twitter:card\" content=\"summary_large_image\" \/>\n<meta name=\"twitter:label1\" content=\"Est. reading time\" \/>\n\t<meta name=\"twitter:data1\" content=\"2 minutes\" \/>\n<script type=\"application\/ld+json\" class=\"yoast-schema-graph\">{\"@context\":\"https:\/\/schema.org\",\"@graph\":[{\"@type\":\"WebPage\",\"@id\":\"https:\/\/doktorvolt.pl\/en\/oferta-doktorvolt\/automotive\/doktorvolt-rozdzielnica-charging-siemens-c20a-40a-30ma-t1-t2-ev-0706\/\",\"url\":\"https:\/\/doktorvolt.pl\/en\/oferta-doktorvolt\/automotive\/doktorvolt-rozdzielnica-charging-siemens-c20a-40a-30ma-t1-t2-ev-0706\/\",\"name\":\"Doktorvolt Rozdzielnica Charging SIEMENS C20A 40A 30mA T1\/T2 EV 0706 - DOKTORVOLT\u00ae\",\"isPartOf\":{\"@id\":\"https:\/\/doktorvolt.pl\/de\/#website\"},\"primaryImageOfPage\":{\"@id\":\"https:\/\/doktorvolt.pl\/en\/oferta-doktorvolt\/automotive\/doktorvolt-rozdzielnica-charging-siemens-c20a-40a-30ma-t1-t2-ev-0706\/#primaryimage\"},\"image\":{\"@id\":\"https:\/\/doktorvolt.pl\/en\/oferta-doktorvolt\/automotive\/doktorvolt-rozdzielnica-charging-siemens-c20a-40a-30ma-t1-t2-ev-0706\/#primaryimage\"},\"thumbnailUrl\":\"https:\/\/doktorvolt.pl\/wp-content\/uploads\/2026\/02\/pol_pl_16715-16715_1.jpg\",\"datePublished\":\"2026-02-23T13:51:07+00:00\",\"breadcrumb\":{\"@id\":\"https:\/\/doktorvolt.pl\/en\/oferta-doktorvolt\/automotive\/doktorvolt-rozdzielnica-charging-siemens-c20a-40a-30ma-t1-t2-ev-0706\/#breadcrumb\"},\"inLanguage\":\"en-US\",\"potentialAction\":[{\"@type\":\"ReadAction\",\"target\":[\"https:\/\/doktorvolt.pl\/en\/oferta-doktorvolt\/automotive\/doktorvolt-rozdzielnica-charging-siemens-c20a-40a-30ma-t1-t2-ev-0706\/\"]}]},{\"@type\":\"ImageObject\",\"inLanguage\":\"en-US\",\"@id\":\"https:\/\/doktorvolt.pl\/en\/oferta-doktorvolt\/automotive\/doktorvolt-rozdzielnica-charging-siemens-c20a-40a-30ma-t1-t2-ev-0706\/#primaryimage\",\"url\":\"https:\/\/doktorvolt.pl\/wp-content\/uploads\/2026\/02\/pol_pl_16715-16715_1.jpg\",\"contentUrl\":\"https:\/\/doktorvolt.pl\/wp-content\/uploads\/2026\/02\/pol_pl_16715-16715_1.jpg\",\"width\":1000,\"height\":1000},{\"@type\":\"BreadcrumbList\",\"@id\":\"https:\/\/doktorvolt.pl\/en\/oferta-doktorvolt\/automotive\/doktorvolt-rozdzielnica-charging-siemens-c20a-40a-30ma-t1-t2-ev-0706\/#breadcrumb\",\"itemListElement\":[{\"@type\":\"ListItem\",\"position\":1,\"name\":\"Strona g\u0142\u00f3wna\",\"item\":\"https:\/\/doktorvolt.pl\/en\/\"},{\"@type\":\"ListItem\",\"position\":2,\"name\":\"Offer Doktorvolt\",\"item\":\"https:\/\/doktorvolt.pl\/en\/offer-doktorvolt\/\"},{\"@type\":\"ListItem\",\"position\":3,\"name\":\"Doktorvolt Rozdzielnica Charging SIEMENS C20A 40A 30mA T1\/T2 EV 0706\"}]},{\"@type\":\"WebSite\",\"@id\":\"https:\/\/doktorvolt.pl\/de\/#website\",\"url\":\"https:\/\/doktorvolt.pl\/de\/\",\"name\":\"DOKTORVOLT\u00ae\",\"description\":\"Producent rozdzielnic budowlanych\",\"publisher\":{\"@id\":\"https:\/\/doktorvolt.pl\/de\/#organization\"},\"potentialAction\":[{\"@type\":\"SearchAction\",\"target\":{\"@type\":\"EntryPoint\",\"urlTemplate\":\"https:\/\/doktorvolt.pl\/de\/?s={search_term_string}\"},\"query-input\":{\"@type\":\"PropertyValueSpecification\",\"valueRequired\":true,\"valueName\":\"search_term_string\"}}],\"inLanguage\":\"en-US\"},{\"@type\":\"Organization\",\"@id\":\"https:\/\/doktorvolt.pl\/de\/#organization\",\"name\":\"DOKTORVOLT\u00ae\",\"url\":\"https:\/\/doktorvolt.pl\/de\/\",\"logo\":{\"@type\":\"ImageObject\",\"inLanguage\":\"en-US\",\"@id\":\"https:\/\/doktorvolt.pl\/de\/#\/schema\/logo\/image\/\",\"url\":\"https:\/\/doktorvolt.pl\/wp-content\/uploads\/2023\/10\/DoktorVOLT-black-png.png\",\"contentUrl\":\"https:\/\/doktorvolt.pl\/wp-content\/uploads\/2023\/10\/DoktorVOLT-black-png.png\",\"width\":729,\"height\":40,\"caption\":\"DOKTORVOLT\u00ae\"},\"image\":{\"@id\":\"https:\/\/doktorvolt.pl\/de\/#\/schema\/logo\/image\/\"}}]}<\/script>\n<!-- \/ Yoast SEO plugin. -->","yoast_head_json":{"title":"Doktorvolt Rozdzielnica Charging SIEMENS C20A 40A 30mA T1\/T2 EV 0706 - DOKTORVOLT\u00ae","robots":{"index":"index","follow":"follow","max-snippet":"max-snippet:-1","max-image-preview":"max-image-preview:large","max-video-preview":"max-video-preview:-1"},"canonical":"https:\/\/doktorvolt.pl\/en\/oferta-doktorvolt\/automotive\/doktorvolt-rozdzielnica-charging-siemens-c20a-40a-30ma-t1-t2-ev-0706\/","og_locale":"en_US","og_type":"article","og_title":"Doktorvolt Rozdzielnica Charging SIEMENS C20A 40A 30mA T1\/T2 EV 0706 - DOKTORVOLT\u00ae","og_url":"https:\/\/doktorvolt.pl\/en\/oferta-doktorvolt\/automotive\/doktorvolt-rozdzielnica-charging-siemens-c20a-40a-30ma-t1-t2-ev-0706\/","og_site_name":"DOKTORVOLT\u00ae","og_image":[{"width":1000,"height":1000,"url":"https:\/\/doktorvolt.pl\/wp-content\/uploads\/2026\/02\/pol_pl_16715-16715_1.jpg","type":"image\/jpeg"}],"twitter_card":"summary_large_image","twitter_misc":{"Est. reading time":"2 minutes"},"schema":{"@context":"https:\/\/schema.org","@graph":[{"@type":"WebPage","@id":"https:\/\/doktorvolt.pl\/en\/oferta-doktorvolt\/automotive\/doktorvolt-rozdzielnica-charging-siemens-c20a-40a-30ma-t1-t2-ev-0706\/","url":"https:\/\/doktorvolt.pl\/en\/oferta-doktorvolt\/automotive\/doktorvolt-rozdzielnica-charging-siemens-c20a-40a-30ma-t1-t2-ev-0706\/","name":"Doktorvolt Rozdzielnica Charging SIEMENS C20A 40A 30mA T1\/T2 EV 0706 - DOKTORVOLT\u00ae","isPartOf":{"@id":"https:\/\/doktorvolt.pl\/de\/#website"},"primaryImageOfPage":{"@id":"https:\/\/doktorvolt.pl\/en\/oferta-doktorvolt\/automotive\/doktorvolt-rozdzielnica-charging-siemens-c20a-40a-30ma-t1-t2-ev-0706\/#primaryimage"},"image":{"@id":"https:\/\/doktorvolt.pl\/en\/oferta-doktorvolt\/automotive\/doktorvolt-rozdzielnica-charging-siemens-c20a-40a-30ma-t1-t2-ev-0706\/#primaryimage"},"thumbnailUrl":"https:\/\/doktorvolt.pl\/wp-content\/uploads\/2026\/02\/pol_pl_16715-16715_1.jpg","datePublished":"2026-02-23T13:51:07+00:00","breadcrumb":{"@id":"https:\/\/doktorvolt.pl\/en\/oferta-doktorvolt\/automotive\/doktorvolt-rozdzielnica-charging-siemens-c20a-40a-30ma-t1-t2-ev-0706\/#breadcrumb"},"inLanguage":"en-US","potentialAction":[{"@type":"ReadAction","target":["https:\/\/doktorvolt.pl\/en\/oferta-doktorvolt\/automotive\/doktorvolt-rozdzielnica-charging-siemens-c20a-40a-30ma-t1-t2-ev-0706\/"]}]},{"@type":"ImageObject","inLanguage":"en-US","@id":"https:\/\/doktorvolt.pl\/en\/oferta-doktorvolt\/automotive\/doktorvolt-rozdzielnica-charging-siemens-c20a-40a-30ma-t1-t2-ev-0706\/#primaryimage","url":"https:\/\/doktorvolt.pl\/wp-content\/uploads\/2026\/02\/pol_pl_16715-16715_1.jpg","contentUrl":"https:\/\/doktorvolt.pl\/wp-content\/uploads\/2026\/02\/pol_pl_16715-16715_1.jpg","width":1000,"height":1000},{"@type":"BreadcrumbList","@id":"https:\/\/doktorvolt.pl\/en\/oferta-doktorvolt\/automotive\/doktorvolt-rozdzielnica-charging-siemens-c20a-40a-30ma-t1-t2-ev-0706\/#breadcrumb","itemListElement":[{"@type":"ListItem","position":1,"name":"Strona g\u0142\u00f3wna","item":"https:\/\/doktorvolt.pl\/en\/"},{"@type":"ListItem","position":2,"name":"Offer Doktorvolt","item":"https:\/\/doktorvolt.pl\/en\/offer-doktorvolt\/"},{"@type":"ListItem","position":3,"name":"Doktorvolt Rozdzielnica Charging SIEMENS C20A 40A 30mA T1\/T2 EV 0706"}]},{"@type":"WebSite","@id":"https:\/\/doktorvolt.pl\/de\/#website","url":"https:\/\/doktorvolt.pl\/de\/","name":"DOKTORVOLT\u00ae","description":"Producent rozdzielnic budowlanych","publisher":{"@id":"https:\/\/doktorvolt.pl\/de\/#organization"},"potentialAction":[{"@type":"SearchAction","target":{"@type":"EntryPoint","urlTemplate":"https:\/\/doktorvolt.pl\/de\/?s={search_term_string}"},"query-input":{"@type":"PropertyValueSpecification","valueRequired":true,"valueName":"search_term_string"}}],"inLanguage":"en-US"},{"@type":"Organization","@id":"https:\/\/doktorvolt.pl\/de\/#organization","name":"DOKTORVOLT\u00ae","url":"https:\/\/doktorvolt.pl\/de\/","logo":{"@type":"ImageObject","inLanguage":"en-US","@id":"https:\/\/doktorvolt.pl\/de\/#\/schema\/logo\/image\/","url":"https:\/\/doktorvolt.pl\/wp-content\/uploads\/2023\/10\/DoktorVOLT-black-png.png","contentUrl":"https:\/\/doktorvolt.pl\/wp-content\/uploads\/2023\/10\/DoktorVOLT-black-png.png","width":729,"height":40,"caption":"DOKTORVOLT\u00ae"},"image":{"@id":"https:\/\/doktorvolt.pl\/de\/#\/schema\/logo\/image\/"}}]}},"_links":{"self":[{"href":"https:\/\/doktorvolt.pl\/en\/wp-json\/wp\/v2\/product\/110774","targetHints":{"allow":["GET"]}}],"collection":[{"href":"https:\/\/doktorvolt.pl\/en\/wp-json\/wp\/v2\/product"}],"about":[{"href":"https:\/\/doktorvolt.pl\/en\/wp-json\/wp\/v2\/types\/product"}],"wp:featuredmedia":[{"embeddable":true,"href":"https:\/\/doktorvolt.pl\/en\/wp-json\/wp\/v2\/media\/104529"}],"wp:attachment":[{"href":"https:\/\/doktorvolt.pl\/en\/wp-json\/wp\/v2\/media?parent=110774"}],"wp:term":[{"taxonomy":"product_brand","embeddable":true,"href":"https:\/\/doktorvolt.pl\/en\/wp-json\/wp\/v2\/product_brand?post=110774"},{"taxonomy":"product_cat","embeddable":true,"href":"https:\/\/doktorvolt.pl\/en\/wp-json\/wp\/v2\/product_cat?post=110774"},{"taxonomy":"product_tag","embeddable":true,"href":"https:\/\/doktorvolt.pl\/en\/wp-json\/wp\/v2\/product_tag?post=110774"}],"curies":[{"name":"wp","href":"https:\/\/api.w.org\/{rel}","templated":true}]}}