{"id":110775,"date":"2026-02-23T15:50:59","date_gmt":"2026-02-23T13:50:59","guid":{"rendered":"https:\/\/doktorvolt.pl\/sklep\/uncategorized\/doktorvolt-wallbox-nascienna-stacja-ladowania-11-kw-z-kablem-5m-i-wtyczka-typ-2-9970\/"},"modified":"2026-02-23T15:50:59","modified_gmt":"2026-02-23T13:50:59","slug":"doktorvolt-wallbox-nascienna-stacja-ladowania-11-kw-z-kablem-5m-i-wtyczka-typ-2-9970","status":"publish","type":"product","link":"https:\/\/doktorvolt.pl\/en\/oferta-doktorvolt\/automotive\/doktorvolt-wallbox-nascienna-stacja-ladowania-11-kw-z-kablem-5m-i-wtyczka-typ-2-9970\/","title":{"rendered":"Doktorvolt WALLBOX Na\u015bcienna stacja \u0142adowania 11 kW z kablem 5m i wtyczk\u0105 Typ 2 9970"},"content":{"rendered":"<h2><span style=\"color: #000000;\">WALLBOX Doktorvolt &#8211; moc \u0142adowania do 11 kW, 5-metrowy kabel i uniwersalna wtyczka Typ 2<\/span><\/h2>\n<p class=\"MsoNormal\"><span style=\"color: #000000;\" lang=\"PL\"><strong>Wallbox Doktorvolt to na\u015bcienna \u0142adowarka samochodowa<\/strong>, kt\u00f3ra umo\u017cliwia <strong>wygodne i bezpieczne \u0142adowanie Twojego pojazdu<\/strong> <strong>elektrycznego lub hybrydowego na w\u0142asnej posesji<\/strong>. Jest nadzwyczaj <strong>kompaktowa i prosta w obs\u0142udze<\/strong>, idealna dla domowych zastosowa\u0144.<br \/><\/span><\/p>\n<p><span style=\"color: #000000;\">\u0141adowarka zosta\u0142a zaprojektowana\u00a0do \u0142adowania <strong>pr\u0105dem zmiennym o mocy: 3,7 do 11 kW &#8211; <\/strong>zapewnia optymalne \u0142adowanie Twojego samochodu.<\/span><\/p>\n<p><span style=\"color: #000000;\">Wyposa\u017cona jest w <strong>kabel o d\u0142ugo\u015bci 5 metr\u00f3w, zako\u0144czony wtyczk\u0105 Typu 2<\/strong>. Jest to <strong>europejski standard<\/strong>, co sprawia, \u017ce nie musisz si\u0119 martwi\u0107 o kompatybilno\u015b\u0107 z Twoim samochodem, poniewa\u017c ta uniwersalna wtyczka pasuje do wi\u0119kszo\u015bci znanych na rynku modeli pojazd\u00f3w elektrycznych i hybrydowych Plug-In.<\/span><\/p>\n<p><span style=\"color: #000000;\"><strong>\u0141aduje samochody elektryczne z gniazdem Typu 2<\/strong> m.in. Tesla Model 3, S, X, Y; BMW i3, i4, iX; Renault ZOE; Volkswagen e-Golf, e-up, ID.3, ID.4, ID.5; Audi E-Tron; Kia EV6; Mercedes EQ; Hyundai IONIQ 5; Ford Mustang Mach-E; Peugeot e-208 oraz wiele innych modeli.<\/span><\/p>\n<p><span style=\"color: #000000;\">Wallbox wyposa\u017cony jest w <strong>sterownik komunikacji z samochodem<\/strong> oraz <strong>przycisk START\/STOP z optyczn\u0105 sygnalizacj\u0105 statusu \u0142adowania LED<\/strong>, zapewniaj\u0105c \u0142atw\u0105 i intuicyjn\u0105 obs\u0142ug\u0119.<\/span><\/p>\n<p><span style=\"color: #000000;\">Posiada r\u00f3wnie\u017c okno rewizyjne 12 modu\u0142\u00f3w, <strong>d\u0142awnic\u0119 PG16 do przy\u0142\u0105czenia kabla si\u0142owego <\/strong>oraz wbudowane <strong>zabezpieczenie nadpr\u0105dowe i r\u00f3\u017cnicowopr\u0105dowe<\/strong>.<\/span><\/p>\n<h3><span style=\"color: #000000;\">\u0141adowanie samochodu:<\/span><\/h3>\n<ul style=\"list-style-type: disc;\">\n<li><span style=\"color: #000000;\">Znamionowy pr\u0105d obci\u0105\u017cenia: <strong>16A\/400V AC<\/strong><\/span><\/li>\n<li><span style=\"color: #000000;\">Tryb \u0142adowania: <strong>Mode-3<\/strong><\/span><\/li>\n<li><span style=\"color: #000000;\">Zakres mocy \u0142adowania:\u00a0<strong>3,7 do 11 kW<\/strong><\/span><\/li>\n<\/ul>\n<h3><span style=\"color: #000000;\">Wbudowane wyposa\u017cenie i zabezpieczenie<strong>:<\/strong><\/span><\/h3>\n<ul style=\"list-style-type: disc;\">\n<li><span style=\"color: #000000;\">Inteligentny kontroler \u0142adowania obs\u0142uguj\u0105cy komunikacj\u0119 mi\u0119dzy stacj\u0105 a pod\u0142\u0105czonym samochodem, automatycznie wy\u0142\u0105cza proces \u0142adowania w przypadku b\u0142\u0119du<\/span><\/li>\n<li><span style=\"color: #000000;\">Przycisk START\/STOP z kontrolk\u0105 sygnalizacyjn\u0105 LED: <strong>pod\u015bwietlany wy\u0142\u0105cznik g\u0142\u00f3wny<\/strong><\/span><\/li>\n<li><span style=\"color: #000000;\">Zabezpieczenie nadpr\u0105dowe: <strong>wy\u0142\u0105cznik nadpr\u0105dowy<\/strong> <strong>C16A 3P 6kA<\/strong><\/span><\/li>\n<li><span style=\"color: #000000;\">Zabezpieczenie r\u00f3\u017cnicowopr\u0105dowe: <b>RCD <\/b><b>40A 4P 30mA<\/b><b>\u00a0<b>typ A <\/b>+ modu\u0142 RCM<\/b><\/span><\/li>\n<\/ul>\n<h3><span style=\"color: #000000;\">Dane techniczne obudowy:<\/span><\/h3>\n<ul style=\"list-style-type: disc;\">\n<li><span style=\"color: #000000;\">Wymiary: <strong>355 x 255 x 125 mm<\/strong><\/span><\/li>\n<li><span style=\"color: #000000;\">Materia\u0142:<b> tworzywo sztuczne<\/b><\/span><\/li>\n<li><span style=\"color: #000000;\">Kolor przedniej\/tylnej p\u0142yty obudowy: <b>szary\/czarny<\/b><\/span><\/li>\n<\/ul>\n<h3><span style=\"color: #000000;\">Warunki instalacyjne:<\/span><\/h3>\n<ul style=\"list-style-type: disc;\">\n<li><span style=\"color: #000000;\">Temperatura otoczenia: <strong>-20 \u00b0C ~ +50 \u00b0C<\/strong>\u00a0<\/span><\/li>\n<li><span style=\"color: #000000;\">Stopie\u0144 ochrony:\u00a0<strong>IP54 (mo\u017cliwo\u015b\u0107 monta\u017cu na zewn\u0105trz)<\/strong><\/span><\/li>\n<li><span style=\"color: #000000;\"><strong>Odporno\u015b\u0107 na promieniowanie UV<\/strong><\/span><\/li>\n<li><span style=\"color: #000000;\">Konstrukcja <strong>stacjonarna<\/strong><\/span><\/li>\n<\/ul>\n<h3><span style=\"color: #000000;\">Informacje og\u00f3lne:<\/span><\/h3>\n<ul style=\"list-style-type: disc;\">\n<li><span style=\"color: #000000;\">Certyfikaty i normy producenta: <strong>T\u00dcV S\u00dcD, ISO 9001:2015<\/strong><\/span><\/li>\n<li><span style=\"color: #000000;\">Certyfikaty i normy produktu: <strong>CE, IEC 61439 EN 62196-2<\/strong><\/span><\/li>\n<li><span style=\"color: #000000;\">Producent: <strong>Doktorvolt<\/strong><\/span><br \/><span style=\"color: #000000;\"><\/span><\/li>\n<\/ul>\n","protected":false},"excerpt":{"rendered":"","protected":false},"featured_media":104512,"template":"","meta":[],"product_brand":[],"product_cat":[5086],"product_tag":[],"class_list":{"0":"post-110775","1":"product","2":"type-product","3":"status-publish","4":"has-post-thumbnail","6":"product_cat-automotive","7":"pa_dodatkowe-wyposazenie-type-2-charging-cable","8":"pa_moc-11kw","10":"first","11":"instock","12":"shipping-taxable","13":"product-type-external"},"yoast_head":"<!-- This site is optimized with the Yoast SEO plugin v27.0 - https:\/\/yoast.com\/product\/yoast-seo-wordpress\/ -->\n<title>Doktorvolt WALLBOX Na\u015bcienna stacja \u0142adowania 11 kW z kablem 5m i wtyczk\u0105 Typ 2 9970 - DOKTORVOLT\u00ae<\/title>\n<meta name=\"robots\" content=\"index, follow, max-snippet:-1, max-image-preview:large, max-video-preview:-1\" \/>\n<link rel=\"canonical\" href=\"https:\/\/doktorvolt.pl\/en\/oferta-doktorvolt\/automotive\/doktorvolt-wallbox-nascienna-stacja-ladowania-11-kw-z-kablem-5m-i-wtyczka-typ-2-9970\/\" \/>\n<meta property=\"og:locale\" content=\"en_US\" \/>\n<meta property=\"og:type\" content=\"article\" \/>\n<meta property=\"og:title\" content=\"Doktorvolt WALLBOX Na\u015bcienna stacja \u0142adowania 11 kW z kablem 5m i wtyczk\u0105 Typ 2 9970 - DOKTORVOLT\u00ae\" \/>\n<meta property=\"og:url\" content=\"https:\/\/doktorvolt.pl\/en\/oferta-doktorvolt\/automotive\/doktorvolt-wallbox-nascienna-stacja-ladowania-11-kw-z-kablem-5m-i-wtyczka-typ-2-9970\/\" \/>\n<meta property=\"og:site_name\" content=\"DOKTORVOLT\u00ae\" \/>\n<meta property=\"og:image\" content=\"https:\/\/doktorvolt.pl\/wp-content\/uploads\/2026\/02\/pol_pl_16705-16705_1.jpg\" \/>\n\t<meta property=\"og:image:width\" content=\"1000\" \/>\n\t<meta property=\"og:image:height\" content=\"1000\" \/>\n\t<meta property=\"og:image:type\" content=\"image\/jpeg\" \/>\n<meta name=\"twitter:card\" content=\"summary_large_image\" \/>\n<meta name=\"twitter:label1\" content=\"Est. reading time\" \/>\n\t<meta name=\"twitter:data1\" content=\"2 minutes\" \/>\n<script type=\"application\/ld+json\" class=\"yoast-schema-graph\">{\"@context\":\"https:\/\/schema.org\",\"@graph\":[{\"@type\":\"WebPage\",\"@id\":\"https:\/\/doktorvolt.pl\/en\/oferta-doktorvolt\/automotive\/doktorvolt-wallbox-nascienna-stacja-ladowania-11-kw-z-kablem-5m-i-wtyczka-typ-2-9970\/\",\"url\":\"https:\/\/doktorvolt.pl\/en\/oferta-doktorvolt\/automotive\/doktorvolt-wallbox-nascienna-stacja-ladowania-11-kw-z-kablem-5m-i-wtyczka-typ-2-9970\/\",\"name\":\"Doktorvolt WALLBOX Na\u015bcienna stacja \u0142adowania 11 kW z kablem 5m i wtyczk\u0105 Typ 2 9970 - DOKTORVOLT\u00ae\",\"isPartOf\":{\"@id\":\"https:\/\/doktorvolt.pl\/de\/#website\"},\"primaryImageOfPage\":{\"@id\":\"https:\/\/doktorvolt.pl\/en\/oferta-doktorvolt\/automotive\/doktorvolt-wallbox-nascienna-stacja-ladowania-11-kw-z-kablem-5m-i-wtyczka-typ-2-9970\/#primaryimage\"},\"image\":{\"@id\":\"https:\/\/doktorvolt.pl\/en\/oferta-doktorvolt\/automotive\/doktorvolt-wallbox-nascienna-stacja-ladowania-11-kw-z-kablem-5m-i-wtyczka-typ-2-9970\/#primaryimage\"},\"thumbnailUrl\":\"https:\/\/doktorvolt.pl\/wp-content\/uploads\/2026\/02\/pol_pl_16705-16705_1.jpg\",\"datePublished\":\"2026-02-23T13:50:59+00:00\",\"breadcrumb\":{\"@id\":\"https:\/\/doktorvolt.pl\/en\/oferta-doktorvolt\/automotive\/doktorvolt-wallbox-nascienna-stacja-ladowania-11-kw-z-kablem-5m-i-wtyczka-typ-2-9970\/#breadcrumb\"},\"inLanguage\":\"en-US\",\"potentialAction\":[{\"@type\":\"ReadAction\",\"target\":[\"https:\/\/doktorvolt.pl\/en\/oferta-doktorvolt\/automotive\/doktorvolt-wallbox-nascienna-stacja-ladowania-11-kw-z-kablem-5m-i-wtyczka-typ-2-9970\/\"]}]},{\"@type\":\"ImageObject\",\"inLanguage\":\"en-US\",\"@id\":\"https:\/\/doktorvolt.pl\/en\/oferta-doktorvolt\/automotive\/doktorvolt-wallbox-nascienna-stacja-ladowania-11-kw-z-kablem-5m-i-wtyczka-typ-2-9970\/#primaryimage\",\"url\":\"https:\/\/doktorvolt.pl\/wp-content\/uploads\/2026\/02\/pol_pl_16705-16705_1.jpg\",\"contentUrl\":\"https:\/\/doktorvolt.pl\/wp-content\/uploads\/2026\/02\/pol_pl_16705-16705_1.jpg\",\"width\":1000,\"height\":1000},{\"@type\":\"BreadcrumbList\",\"@id\":\"https:\/\/doktorvolt.pl\/en\/oferta-doktorvolt\/automotive\/doktorvolt-wallbox-nascienna-stacja-ladowania-11-kw-z-kablem-5m-i-wtyczka-typ-2-9970\/#breadcrumb\",\"itemListElement\":[{\"@type\":\"ListItem\",\"position\":1,\"name\":\"Strona g\u0142\u00f3wna\",\"item\":\"https:\/\/doktorvolt.pl\/en\/\"},{\"@type\":\"ListItem\",\"position\":2,\"name\":\"Offer Doktorvolt\",\"item\":\"https:\/\/doktorvolt.pl\/en\/offer-doktorvolt\/\"},{\"@type\":\"ListItem\",\"position\":3,\"name\":\"Doktorvolt WALLBOX Na\u015bcienna stacja \u0142adowania 11 kW z kablem 5m i wtyczk\u0105 Typ 2 9970\"}]},{\"@type\":\"WebSite\",\"@id\":\"https:\/\/doktorvolt.pl\/de\/#website\",\"url\":\"https:\/\/doktorvolt.pl\/de\/\",\"name\":\"DOKTORVOLT\u00ae\",\"description\":\"Producent rozdzielnic budowlanych\",\"publisher\":{\"@id\":\"https:\/\/doktorvolt.pl\/de\/#organization\"},\"potentialAction\":[{\"@type\":\"SearchAction\",\"target\":{\"@type\":\"EntryPoint\",\"urlTemplate\":\"https:\/\/doktorvolt.pl\/de\/?s={search_term_string}\"},\"query-input\":{\"@type\":\"PropertyValueSpecification\",\"valueRequired\":true,\"valueName\":\"search_term_string\"}}],\"inLanguage\":\"en-US\"},{\"@type\":\"Organization\",\"@id\":\"https:\/\/doktorvolt.pl\/de\/#organization\",\"name\":\"DOKTORVOLT\u00ae\",\"url\":\"https:\/\/doktorvolt.pl\/de\/\",\"logo\":{\"@type\":\"ImageObject\",\"inLanguage\":\"en-US\",\"@id\":\"https:\/\/doktorvolt.pl\/de\/#\/schema\/logo\/image\/\",\"url\":\"https:\/\/doktorvolt.pl\/wp-content\/uploads\/2023\/10\/DoktorVOLT-black-png.png\",\"contentUrl\":\"https:\/\/doktorvolt.pl\/wp-content\/uploads\/2023\/10\/DoktorVOLT-black-png.png\",\"width\":729,\"height\":40,\"caption\":\"DOKTORVOLT\u00ae\"},\"image\":{\"@id\":\"https:\/\/doktorvolt.pl\/de\/#\/schema\/logo\/image\/\"}}]}<\/script>\n<!-- \/ Yoast SEO plugin. -->","yoast_head_json":{"title":"Doktorvolt WALLBOX Na\u015bcienna stacja \u0142adowania 11 kW z kablem 5m i wtyczk\u0105 Typ 2 9970 - DOKTORVOLT\u00ae","robots":{"index":"index","follow":"follow","max-snippet":"max-snippet:-1","max-image-preview":"max-image-preview:large","max-video-preview":"max-video-preview:-1"},"canonical":"https:\/\/doktorvolt.pl\/en\/oferta-doktorvolt\/automotive\/doktorvolt-wallbox-nascienna-stacja-ladowania-11-kw-z-kablem-5m-i-wtyczka-typ-2-9970\/","og_locale":"en_US","og_type":"article","og_title":"Doktorvolt WALLBOX Na\u015bcienna stacja \u0142adowania 11 kW z kablem 5m i wtyczk\u0105 Typ 2 9970 - DOKTORVOLT\u00ae","og_url":"https:\/\/doktorvolt.pl\/en\/oferta-doktorvolt\/automotive\/doktorvolt-wallbox-nascienna-stacja-ladowania-11-kw-z-kablem-5m-i-wtyczka-typ-2-9970\/","og_site_name":"DOKTORVOLT\u00ae","og_image":[{"width":1000,"height":1000,"url":"https:\/\/doktorvolt.pl\/wp-content\/uploads\/2026\/02\/pol_pl_16705-16705_1.jpg","type":"image\/jpeg"}],"twitter_card":"summary_large_image","twitter_misc":{"Est. reading time":"2 minutes"},"schema":{"@context":"https:\/\/schema.org","@graph":[{"@type":"WebPage","@id":"https:\/\/doktorvolt.pl\/en\/oferta-doktorvolt\/automotive\/doktorvolt-wallbox-nascienna-stacja-ladowania-11-kw-z-kablem-5m-i-wtyczka-typ-2-9970\/","url":"https:\/\/doktorvolt.pl\/en\/oferta-doktorvolt\/automotive\/doktorvolt-wallbox-nascienna-stacja-ladowania-11-kw-z-kablem-5m-i-wtyczka-typ-2-9970\/","name":"Doktorvolt WALLBOX Na\u015bcienna stacja \u0142adowania 11 kW z kablem 5m i wtyczk\u0105 Typ 2 9970 - DOKTORVOLT\u00ae","isPartOf":{"@id":"https:\/\/doktorvolt.pl\/de\/#website"},"primaryImageOfPage":{"@id":"https:\/\/doktorvolt.pl\/en\/oferta-doktorvolt\/automotive\/doktorvolt-wallbox-nascienna-stacja-ladowania-11-kw-z-kablem-5m-i-wtyczka-typ-2-9970\/#primaryimage"},"image":{"@id":"https:\/\/doktorvolt.pl\/en\/oferta-doktorvolt\/automotive\/doktorvolt-wallbox-nascienna-stacja-ladowania-11-kw-z-kablem-5m-i-wtyczka-typ-2-9970\/#primaryimage"},"thumbnailUrl":"https:\/\/doktorvolt.pl\/wp-content\/uploads\/2026\/02\/pol_pl_16705-16705_1.jpg","datePublished":"2026-02-23T13:50:59+00:00","breadcrumb":{"@id":"https:\/\/doktorvolt.pl\/en\/oferta-doktorvolt\/automotive\/doktorvolt-wallbox-nascienna-stacja-ladowania-11-kw-z-kablem-5m-i-wtyczka-typ-2-9970\/#breadcrumb"},"inLanguage":"en-US","potentialAction":[{"@type":"ReadAction","target":["https:\/\/doktorvolt.pl\/en\/oferta-doktorvolt\/automotive\/doktorvolt-wallbox-nascienna-stacja-ladowania-11-kw-z-kablem-5m-i-wtyczka-typ-2-9970\/"]}]},{"@type":"ImageObject","inLanguage":"en-US","@id":"https:\/\/doktorvolt.pl\/en\/oferta-doktorvolt\/automotive\/doktorvolt-wallbox-nascienna-stacja-ladowania-11-kw-z-kablem-5m-i-wtyczka-typ-2-9970\/#primaryimage","url":"https:\/\/doktorvolt.pl\/wp-content\/uploads\/2026\/02\/pol_pl_16705-16705_1.jpg","contentUrl":"https:\/\/doktorvolt.pl\/wp-content\/uploads\/2026\/02\/pol_pl_16705-16705_1.jpg","width":1000,"height":1000},{"@type":"BreadcrumbList","@id":"https:\/\/doktorvolt.pl\/en\/oferta-doktorvolt\/automotive\/doktorvolt-wallbox-nascienna-stacja-ladowania-11-kw-z-kablem-5m-i-wtyczka-typ-2-9970\/#breadcrumb","itemListElement":[{"@type":"ListItem","position":1,"name":"Strona g\u0142\u00f3wna","item":"https:\/\/doktorvolt.pl\/en\/"},{"@type":"ListItem","position":2,"name":"Offer Doktorvolt","item":"https:\/\/doktorvolt.pl\/en\/offer-doktorvolt\/"},{"@type":"ListItem","position":3,"name":"Doktorvolt WALLBOX Na\u015bcienna stacja \u0142adowania 11 kW z kablem 5m i wtyczk\u0105 Typ 2 9970"}]},{"@type":"WebSite","@id":"https:\/\/doktorvolt.pl\/de\/#website","url":"https:\/\/doktorvolt.pl\/de\/","name":"DOKTORVOLT\u00ae","description":"Producent rozdzielnic budowlanych","publisher":{"@id":"https:\/\/doktorvolt.pl\/de\/#organization"},"potentialAction":[{"@type":"SearchAction","target":{"@type":"EntryPoint","urlTemplate":"https:\/\/doktorvolt.pl\/de\/?s={search_term_string}"},"query-input":{"@type":"PropertyValueSpecification","valueRequired":true,"valueName":"search_term_string"}}],"inLanguage":"en-US"},{"@type":"Organization","@id":"https:\/\/doktorvolt.pl\/de\/#organization","name":"DOKTORVOLT\u00ae","url":"https:\/\/doktorvolt.pl\/de\/","logo":{"@type":"ImageObject","inLanguage":"en-US","@id":"https:\/\/doktorvolt.pl\/de\/#\/schema\/logo\/image\/","url":"https:\/\/doktorvolt.pl\/wp-content\/uploads\/2023\/10\/DoktorVOLT-black-png.png","contentUrl":"https:\/\/doktorvolt.pl\/wp-content\/uploads\/2023\/10\/DoktorVOLT-black-png.png","width":729,"height":40,"caption":"DOKTORVOLT\u00ae"},"image":{"@id":"https:\/\/doktorvolt.pl\/de\/#\/schema\/logo\/image\/"}}]}},"_links":{"self":[{"href":"https:\/\/doktorvolt.pl\/en\/wp-json\/wp\/v2\/product\/110775","targetHints":{"allow":["GET"]}}],"collection":[{"href":"https:\/\/doktorvolt.pl\/en\/wp-json\/wp\/v2\/product"}],"about":[{"href":"https:\/\/doktorvolt.pl\/en\/wp-json\/wp\/v2\/types\/product"}],"wp:featuredmedia":[{"embeddable":true,"href":"https:\/\/doktorvolt.pl\/en\/wp-json\/wp\/v2\/media\/104512"}],"wp:attachment":[{"href":"https:\/\/doktorvolt.pl\/en\/wp-json\/wp\/v2\/media?parent=110775"}],"wp:term":[{"taxonomy":"product_brand","embeddable":true,"href":"https:\/\/doktorvolt.pl\/en\/wp-json\/wp\/v2\/product_brand?post=110775"},{"taxonomy":"product_cat","embeddable":true,"href":"https:\/\/doktorvolt.pl\/en\/wp-json\/wp\/v2\/product_cat?post=110775"},{"taxonomy":"product_tag","embeddable":true,"href":"https:\/\/doktorvolt.pl\/en\/wp-json\/wp\/v2\/product_tag?post=110775"}],"curies":[{"name":"wp","href":"https:\/\/api.w.org\/{rel}","templated":true}]}}