{"id":110776,"date":"2026-02-23T15:50:52","date_gmt":"2026-02-23T13:50:52","guid":{"rendered":"https:\/\/doktorvolt.pl\/sklep\/uncategorized\/rozdzielnica-budowlana-16a-32a-z-kablem-zabezpieczona-3x-230v-doktorvolt-dv-0287-f-jun-s-fi\/"},"modified":"2026-02-23T15:50:52","modified_gmt":"2026-02-23T13:50:52","slug":"rozdzielnica-budowlana-16a-32a-z-kablem-zabezpieczona-3x-230v-doktorvolt-dv-0287-f-jun-s-fi","status":"publish","type":"product","link":"https:\/\/doktorvolt.pl\/en\/oferta-doktorvolt\/distribution-boxes\/jun-series\/rozdzielnica-budowlana-16a-32a-z-kablem-zabezpieczona-3x-230v-doktorvolt-dv-0287-f-jun-s-fi\/","title":{"rendered":"Rozdzielnica budowlana 16A 32A z kablem zabezpieczona 3x 230V Doktorvolt DV-0287-F JUN-S\/FI"},"content":{"rendered":"<h1 style=\"font-family: Arial; text-align: center; font-size: 24pt;\"><span>Rozdzielnica budowlana 16A 32A z kablem zabezpieczona 3x 230V Doktorvolt DV-0287-F JUN-S\/FI <\/span><\/h1>\n<h4 style=\"font-family: Arial; font-size: 14pt; text-align: center;\"><span>Model DV-0287-F: pr\u0105d znamionowy 40 A, 230\/400 V 50 Hz, ICC \u2264 6 kA, RDF 0,7. Oferuje trzy gniazda 230V (16A, IP54) oraz dwa si\u0142owe (16A i 32A 400V, IP54).<\/span><\/h4>\n<div><img decoding=\"async\" style=\"max-width: 100%;\" src=\"https:\/\/shop38554-1.yourtechnicaldomain.com\/data\/include\/cms\/1-zdjecia-produktow\/DOKTORVOLT\/DV-4995-EV\/ikonka_zielona_z_literka_D_biala.png?v=1729773346118\" border=\"0\" width=\"1900\" height=\"30\"><\/div>\n<div style=\"font-family: Arial; display: flex; width: 100%; flex-wrap: wrap; justify-content: space-around;\">\n<div style=\"display: flex; flex-direction: column; justify-content: center; align-items: left; padding-left: 50px; padding-right: 50px; padding-top: 30px;\">\n<div style=\"max-width: 500px;\">\n<h2 style=\"font-size: 14pt; color: #000 !important;\"><strong>Rzetelna produkcja i sprawdzone certyfikaty<\/strong><\/h2>\n<\/p><\/div>\n<div style=\"font-size: 12pt; min-width: 250px; max-width: 472px; text-align: justify;\"><span>Model DV-0287-F gwarantuje pr\u0105d znamionowy do 40 A oraz prac\u0119 przy napi\u0119ciu 230\/400 V 50 Hz, z przerwaniem zwarcia do 6 kA (ICC) i wsp\u00f3\u0142czynnikiem RDF 0,7. Za rozdzielnic\u0119 odpowiada Doktorvolt, firma z certyfikatami T\u00dcV S\u00dcD, ISO 9001:2015, CE i IEC 61439.<\/span><\/div>\n<\/p><\/div>\n<div><img decoding=\"async\" src=\"https:\/\/preis-zone.com\/hpeciai\/49cbd8a497f8da4673de50dc944e2332\/17737_3.jpg?71928\" width=\"472\" height=\"472\" style=\"max-width: 100%;\"><\/div>\n<\/div>\n<div><img decoding=\"async\" style=\"max-width: 100%;\" src=\"https:\/\/shop38554-1.yourtechnicaldomain.com\/data\/include\/cms\/1-zdjecia-produktow\/DOKTORVOLT\/DV-4995-EV\/ikonka_zielona_z_literka_D_biala.png?v=1729773346118\" border=\"0\" width=\"1900\" height=\"30\"><\/div>\n<div style=\"font-family: Arial; display: flex; width: 100%; flex-wrap: wrap; justify-content: space-around;\">\n<div>\n<img decoding=\"async\" style=\"max-width=100%; margin-top: 50px; padding-top: 50px;\" width=\"400\" height=\"400\" src=\"https:\/\/preis-zone.com\/hpeciai\/d14c31450c7aab4b3cbe8428d59922f5\/17737_4.jpg?81074\">\n<\/div>\n<div style=\"display: flex; flex-direction: column; justify-content: center; align-items: left; padding-left: 50px; padding-right: 50px; padding-top: 30px; max-width: 500px;\">\n<h2 style=\"font-size: 14pt; color: #000 !important;\"><strong>Gniazda dla szerokiego zakresu zastosowa\u0144<\/strong><\/h2>\n<div style=\"font-size: 12pt; min-width: 250px; text-align: justify;\"><span>Urz\u0105dzenie oferuje a\u017c trzy gniazda 230V (16A, IP54), a tak\u017ce dwa gniazda si\u0142owe: jedno 16A 400V IP54 i drugie 32A 400V IP54. Taki zestaw pozwala na podpi\u0119cie r\u00f3\u017cnorodnych urz\u0105dze\u0144 budowlanych i elektronarz\u0119dzi<\/span><\/div>\n<\/p><\/div>\n<\/div>\n<p><!-- Specyfikacja Techniczna --><\/p>\n<div style=\"font-family: Arial; display: flex; justify-content: center; align-items: center; padding: 20px; background-color: #fff;\">\n<div style=\"sans-serif; padding: 20px; max-width: 900px; border-radius: 8px; box-shadow: 0 4px 8px rgba(0, 0, 0, 0.1); text-align: left; background-color: white;\">\n<h2 style=\"background-color: #7dd956; font-size: 14pt; color: #333; padding: 15px; border-radius: 8px 8px 0 0; text-align: center;\">Specyfikacja Techniczna<\/h2>\n<p>    \t<!-- Pierwsza cz\u0119\u015b\u0107 z obrazem po prawej --><\/p>\n<div style=\"display: flex; align-items: center; margin-bottom: 30px; flex-wrap: wrap;\">\n<div style=\"flex: 1; max-width: 450px; padding-right: 30px; text-align: justify; font-size: 12pt\">\n<h2 style=\"border-bottom: 5px solid #7dd956; font-size: 14pt; padding-bottom: 10px; color: #333;\">Obudowa rozdzielnicy<\/h2>\n<p><strong>Konstrukcja:<\/strong> stacjonarna<\/p>\n<p><strong>Monta\u017c:<\/strong> natynkowy<\/p>\n<p><strong>Stopie\u0144 ochrony rozdzielnicy:<\/strong> IP44<\/p>\n<p><strong>Wymiary obudowy z gniazdami:<\/strong> 223 x 310 x 112 mm<\/p>\n<p><strong>Temperatura otoczenia:<\/strong> -25 \u00b0C ~ +50 \u00b0C<\/p>\n<p><strong>Materia\u0142 obudowy:<\/strong> tworzywo sztuczne<\/p>\n<p><strong>Kolor przedniej p\u0142yty obudowy:<\/strong> szary<\/p>\n<p><strong>Kolor tylnej p\u0142yty obudowy:<\/strong> czarny<\/p>\n<p><strong>Akcesoria:<\/strong> membrana 1x PG21, 1x PG29<\/p>\n<\/p><\/div>\n<div style=\"flex: 1; max-width: 400px; text-align: center;\">\n            \t<img decoding=\"async\" src=\"https:\/\/preis-zone.com\/hpeciai\/56f78ab6aa7f2674a31273488c9fa8d2\/17737_2.jpg?87456\" alt=\"Obraz 1\" style=\"width: 100%; max-width: 400px; height: auto; border-radius: 8px;\">\n        \t<\/div>\n<\/p><\/div>\n<p>    \t<!-- Druga cz\u0119\u015b\u0107 z obrazem po lewej --><\/p>\n<div style=\"display: flex; align-items: center; margin-bottom: 30px; flex-wrap: wrap; flex-direction: row-reverse;\">\n<div style=\"flex: 1; max-width: 450px; padding-left: 30px; text-align: justify; font-size: 12pt\">\n<h2 style=\"border-bottom: 5px solid #7dd956; font-size: 14pt; padding-bottom: 10px; color: #333;\">Gniazda i aparatura modu\u0142owa<\/h2>\n<p><strong>Ochrona przed dotykiem po\u015brednim:<\/strong> wy\u0142\u0105cznik r\u00f3\u017cnicowopr\u0105dowy 40A 4P 30mA Typ AC<\/p>\n<p><strong>Gniazda 230V:<\/strong> 3x 230V 16A 1P+N+PE IP54<\/p>\n<p><strong>Zabezpieczenie nadpr\u0105dowe gniazd 230V:<\/strong> 1x C16A 1P 6kA<\/p>\n<p><strong>Gniazda si\u0142owe:<\/strong> 1x 16A 400V IP54, 1x 32A 400V IP54<\/p>\n<p><strong>Zabezpieczenie nadpr\u0105dowe gniazd si\u0142owych:<\/strong><br \/>\n                <br \/>1x C32A 3P 6kA<br \/>\n                <br \/>1x C16A 3P 6kA<\/p>\n<\/p><\/div>\n<div style=\"flex: 1; max-width: 400px; text-align: center;\">\n            \t<img decoding=\"async\" src=\"https:\/\/preis-zone.com\/hpeciai\/c1604f59214e6cfb6e21f4ceaeb28a06\/17737_5.jpg?41193\" alt=\"Obraz 2\" style=\"width: 100%; max-width: 400px; height: auto; border-radius: 8px;\">\n        \t<\/div>\n<\/p><\/div>\n<p>    \t<!-- Trzecia cz\u0119\u015b\u0107 z obrazem po prawej --><\/p>\n<div style=\"display: flex; align-items: center; margin-bottom: 30px; flex-wrap: wrap;\">\n<div style=\"flex: 1; max-width: 450px; padding-right: 30px; text-align: justify; font-size: 12pt\">\n<h2 style=\"border-bottom: 5px solid #7dd956; font-size: 14pt; padding-bottom: 10px; color: #333;\">Okablowanie<\/h2>\n<p><strong>Rodzaj okablowania:<\/strong><br \/>\n                <br \/>H07V-K 2,5\/4 mm2 \u017c\u00f3\u0142tozielona<br \/>\n                <br \/>H07V-K 2,5\/4 mm2 niebieska<br \/>\n                <br \/>H07V-K 2,5\/4 mm2 czarna<\/p>\n<p><strong>Kabel przy\u0142\u0105czeniowy:<\/strong> 5&#215;4 mm2 oko\u0142o 1m H07RN-F (OnPD) czarny<\/p>\n<p><strong>Wtyczka przy\u0142\u0105czeniowa:<\/strong> 32A 5P 400V 6h IP44 QUICK-CONNECT Bals<\/p>\n<\/p><\/div>\n<div style=\"flex: 1; max-width: 400px; text-align: center;\">\n            \t<img decoding=\"async\" src=\"https:\/\/preis-zone.pl\/hpeciai\/1e195b88a64e329bd1305dd899d62bdd\/pol_pl_Rozdzielnica-budowlana-TD-S-FI-32A-16A-4x230V-Schuko-Doktorvolt-bez-zabezpieczen-6442-16969_11.jpg\" alt=\"Obraz 3\" style=\"width: 100%; max-width: 400px; height: auto; border-radius: 8px;\">\n        \t<\/div>\n<\/p><\/div>\n<div style=\"display: flex; align-items: center; justify-content: center; margin-bottom: 30px;\">\n<div style=\"max-width: 450px; font-size: 12pt;\">\n<h2 style=\"border-bottom: 5px solid #7dd956; font-size: 14pt; padding-bottom: 10px; color: #333;\">Informacje og\u00f3lne i dane producenta<\/h2>\n<p><strong>Pr\u0105d znamionowy:<\/strong> 40 A<\/p>\n<p><strong>Napi\u0119cie znamionowe:<\/strong> 230V \/ 400V 50Hz<\/p>\n<p><strong>ICC:<\/strong> \u2264 6 kA<\/p>\n<p><strong>RDF:<\/strong> 0,7<\/p>\n<p><strong>Producent:<\/strong> Doktorvolt<\/p>\n<p><strong>Certyfikaty i normy producenta:<\/strong> T\u00dcV S\u00dcD, ISO 9001:2015, CE, IEC 61439<\/p>\n<p><strong>Oznaczenie producenta:<\/strong> DV-0287-F<\/p>\n<p><strong>EAN:<\/strong> 5905191010287<\/p>\n<\/p><\/div>\n<\/p><\/div>\n<\/p><\/div>\n<\/div>\n<div style=\"font-family: Arial; display: flex; width: 100%; flex-wrap: wrap; justify-content: space-around;\">\n<div style=\"display: flex; flex-direction: column; justify-content: center; align-items: left; padding-left: 50px; padding-right: 50px; padding-top: 30px;\">\n<div style=\"max-width: 500px;\">\n<h2 style=\"font-size: 14pt; color: #000 !important;\"><strong>Certyfikacja = wysoka jako\u015b\u0107:<\/strong><\/h2>\n<\/p><\/div>\n<div style=\"font-size: 12pt; min-width: 250px; max-width: 472px; text-align: justify;\"><span>Produkty marki DOKTORVOLT s\u0105 rutynowo testowane, aby zapewni\u0107 najwy\u017csz\u0105 jako\u015b\u0107 produkt\u00f3w. Ka\u017cdy produkt po przej\u015bciu test\u00f3w otrzymuje indywidualny certyfikat potwierdzaj\u0105cy zgodno\u015b\u0107 z normami IEC. Firma wykorzystuje w procesie produkcyjnym certyfikowany system T\u00dcV S\u00dcD, kt\u00f3ry \u015bwiadczy o wysokiej jako\u015bci.<\/span><\/div>\n<\/p><\/div>\n<div><img decoding=\"async\" src=\"https:\/\/preis-zone.com\/hpeciai\/e17e2b5e0e4adc4f9ce126b5812a4067\/17737_1.jpg?28495\" width=\"472\" height=\"472\" style=\"max-width: 100%;\"><\/div>\n<\/div>\n<div><img decoding=\"async\" style=\"max-width: 100%;\" src=\"https:\/\/shop38554-1.yourtechnicaldomain.com\/data\/include\/cms\/1-zdjecia-produktow\/DOKTORVOLT\/DV-4995-EV\/ikonka_zielona_z_literka_D_biala.png?v=1729773346118\" border=\"0\" width=\"1900\" height=\"30\"><\/div>\n<div style=\"font-family: Arial; display: flex; width: 100%; flex-wrap: wrap; justify-content: space-around;\">\n<div><img decoding=\"async\" src=\"https:\/\/shop38554-1.yourtechnicaldomain.com\/data\/include\/cms\/1-zdjecia-produktow\/Logo-IP\/IP_44.png?v=1729852282241\" width=\"472\" height=\"472\" style=\"max-width: 100%;\"><\/div>\n<div style=\"display: flex; flex-direction: column; justify-content: center; align-items: left; padding-left: 50px; padding-right: 50px; padding-top: 30px; max-width: 500px;\">\n<h2 style=\"font-size: 14pt; color: #000 !important;\"><strong>Stopie\u0144 ochrony IP = wi\u0119ksze bezpiecze\u0144stwo:<\/strong><\/h2>\n<div style=\"font-size: 12pt; min-width: 250px; text-align: justify;\"><span>Stopie\u0144 ochrony IP to mi\u0119dzynarodowy standard informuj\u0105cy u\u017cytkownika o odporno\u015bci przedmiotu na potencjalne zagro\u017cenia. Produkty z ochron\u0105 IP gwarantuj\u0105 bezawaryjn\u0105 prac\u0119 urz\u0105dzenia w mniej kontrolowanych warunkach oraz bezpiecze\u0144stwo u\u017cytkownika. Stopie\u0144 ochrony IP44 w naszym rozdzielaczu oznacza:<br \/>\n    \t<br \/>Ochrona przed wnikaniem cia\u0142 sta\u0142ych o \u015brednicy wi\u0119kszej ni\u017c 1 mm<br \/>\n    \t<br \/>Ochrona przed bryzgami wody z dowolnego kierunku<\/span><\/div>\n<\/p><\/div>\n<\/div>\n<div><img decoding=\"async\" style=\"max-width: 100%;\" src=\"https:\/\/shop38554-1.yourtechnicaldomain.com\/data\/include\/cms\/1-zdjecia-produktow\/DOKTORVOLT\/DV-4995-EV\/ikonka_zielona_z_literka_D_biala.png?v=1729773346118\" border=\"0\" width=\"1900\" height=\"30\"><\/div>\n<div style=\"font-family: Arial; display: flex; flex-direction: column; align-items: center; justify-content: center; text-align: center; width: 100%;\">\n<h2 style=\"font-size: 18pt; color: #000; color: #000 !important;\">Zaufany producent:<\/h2>\n<p style=\"font-size: 16pt; line-height: 1.5; color: #000; max-width: 800px; text-align: justify;\">\n    \tDoktorvolt\u00ae to firma za\u0142o\u017cona w 2013 roku. Dynamicznie rozwijaj\u0105ca si\u0119 firma podbi\u0142a rynek polski i zagraniczny. Siedziba firmy znajduje si\u0119 w Malichowie w wojew\u00f3dztwie opolskim, gdzie mie\u015bci si\u0119 r\u00f3wnie\u017c nowoczesna hala produkcyjna i magazyn. Firma specjalizuje si\u0119 w produkcji rozdzielnic budowlanych i wyr\u00f3\u017cnia si\u0119 jako\u015bci\u0105 oraz solidnym wykonaniem. Ka\u017cda rozdzielnica sk\u0142ada si\u0119 z wysokiej jako\u015bci komponent\u00f3w. Produkty firmy Doktorvolt\u00ae spe\u0142niaj\u0105 europejskie normy i standardy bezpiecze\u0144stwa.\n\t<\/p>\n<p>\t<img decoding=\"async\" src=\"https:\/\/shop38554-1.yourtechnicaldomain.com\/data\/include\/cms\/1-zdjecia-produktow\/doktorvolt-logo\/nowe.jpg?v=1729077634670\" alt=\"Doktorvolt logo\" width=\"566\" height=\"155\" style=\"margin-top: 20px;\">\n<\/div>\n","protected":false},"excerpt":{"rendered":"","protected":false},"featured_media":104495,"template":"","meta":[],"product_brand":[],"product_cat":[5081],"product_tag":[],"class_list":{"0":"post-110776","1":"product","2":"type-product","3":"status-publish","4":"has-post-thumbnail","6":"product_cat-jun-series","7":"pa_dodatkowe-wyposazenie-wtyczka-cee","8":"pa_material-obudowy-plastic","9":"pa_napiecie-cee-400v","10":"pa_natezenie-pradu-cee-32a","11":"pa_typ-gniazd-typ-e-z-bolcem-uziemiajacym","12":"pa_zabezpieczenie-wylacznik-nadpradowy-wylacznik-roznicowopradowy","14":"first","15":"instock","16":"shipping-taxable","17":"product-type-external"},"yoast_head":"<!-- This site is optimized with the Yoast SEO plugin v27.0 - https:\/\/yoast.com\/product\/yoast-seo-wordpress\/ -->\n<title>Rozdzielnica budowlana 16A 32A z kablem zabezpieczona 3x 230V Doktorvolt DV-0287-F JUN-S\/FI - DOKTORVOLT\u00ae<\/title>\n<meta name=\"robots\" content=\"index, follow, max-snippet:-1, max-image-preview:large, max-video-preview:-1\" \/>\n<link rel=\"canonical\" href=\"https:\/\/doktorvolt.pl\/en\/oferta-doktorvolt\/distribution-boxes\/jun-series\/rozdzielnica-budowlana-16a-32a-z-kablem-zabezpieczona-3x-230v-doktorvolt-dv-0287-f-jun-s-fi\/\" \/>\n<meta property=\"og:locale\" content=\"en_US\" \/>\n<meta property=\"og:type\" content=\"article\" \/>\n<meta property=\"og:title\" content=\"Rozdzielnica budowlana 16A 32A z kablem zabezpieczona 3x 230V Doktorvolt DV-0287-F JUN-S\/FI - DOKTORVOLT\u00ae\" \/>\n<meta property=\"og:url\" content=\"https:\/\/doktorvolt.pl\/en\/oferta-doktorvolt\/distribution-boxes\/jun-series\/rozdzielnica-budowlana-16a-32a-z-kablem-zabezpieczona-3x-230v-doktorvolt-dv-0287-f-jun-s-fi\/\" \/>\n<meta property=\"og:site_name\" content=\"DOKTORVOLT\u00ae\" \/>\n<meta property=\"og:image\" content=\"https:\/\/doktorvolt.pl\/wp-content\/uploads\/2026\/02\/pol_pl_Rozdzielnica-budowlana-16A-32A-z-kablem-zabezpieczona-3x-230V-Doktorvolt-DV-0287-F-JUN-S-FI-17737_3.jpg\" \/>\n\t<meta property=\"og:image:width\" content=\"1000\" \/>\n\t<meta property=\"og:image:height\" content=\"1000\" \/>\n\t<meta property=\"og:image:type\" content=\"image\/jpeg\" \/>\n<meta name=\"twitter:card\" content=\"summary_large_image\" \/>\n<meta name=\"twitter:label1\" content=\"Est. reading time\" \/>\n\t<meta name=\"twitter:data1\" content=\"3 minutes\" \/>\n<script type=\"application\/ld+json\" class=\"yoast-schema-graph\">{\"@context\":\"https:\/\/schema.org\",\"@graph\":[{\"@type\":\"WebPage\",\"@id\":\"https:\/\/doktorvolt.pl\/en\/oferta-doktorvolt\/distribution-boxes\/jun-series\/rozdzielnica-budowlana-16a-32a-z-kablem-zabezpieczona-3x-230v-doktorvolt-dv-0287-f-jun-s-fi\/\",\"url\":\"https:\/\/doktorvolt.pl\/en\/oferta-doktorvolt\/distribution-boxes\/jun-series\/rozdzielnica-budowlana-16a-32a-z-kablem-zabezpieczona-3x-230v-doktorvolt-dv-0287-f-jun-s-fi\/\",\"name\":\"Rozdzielnica budowlana 16A 32A z kablem zabezpieczona 3x 230V Doktorvolt DV-0287-F JUN-S\/FI - DOKTORVOLT\u00ae\",\"isPartOf\":{\"@id\":\"https:\/\/doktorvolt.pl\/de\/#website\"},\"primaryImageOfPage\":{\"@id\":\"https:\/\/doktorvolt.pl\/en\/oferta-doktorvolt\/distribution-boxes\/jun-series\/rozdzielnica-budowlana-16a-32a-z-kablem-zabezpieczona-3x-230v-doktorvolt-dv-0287-f-jun-s-fi\/#primaryimage\"},\"image\":{\"@id\":\"https:\/\/doktorvolt.pl\/en\/oferta-doktorvolt\/distribution-boxes\/jun-series\/rozdzielnica-budowlana-16a-32a-z-kablem-zabezpieczona-3x-230v-doktorvolt-dv-0287-f-jun-s-fi\/#primaryimage\"},\"thumbnailUrl\":\"https:\/\/doktorvolt.pl\/wp-content\/uploads\/2026\/02\/pol_pl_Rozdzielnica-budowlana-16A-32A-z-kablem-zabezpieczona-3x-230V-Doktorvolt-DV-0287-F-JUN-S-FI-17737_3.jpg\",\"datePublished\":\"2026-02-23T13:50:52+00:00\",\"breadcrumb\":{\"@id\":\"https:\/\/doktorvolt.pl\/en\/oferta-doktorvolt\/distribution-boxes\/jun-series\/rozdzielnica-budowlana-16a-32a-z-kablem-zabezpieczona-3x-230v-doktorvolt-dv-0287-f-jun-s-fi\/#breadcrumb\"},\"inLanguage\":\"en-US\",\"potentialAction\":[{\"@type\":\"ReadAction\",\"target\":[\"https:\/\/doktorvolt.pl\/en\/oferta-doktorvolt\/distribution-boxes\/jun-series\/rozdzielnica-budowlana-16a-32a-z-kablem-zabezpieczona-3x-230v-doktorvolt-dv-0287-f-jun-s-fi\/\"]}]},{\"@type\":\"ImageObject\",\"inLanguage\":\"en-US\",\"@id\":\"https:\/\/doktorvolt.pl\/en\/oferta-doktorvolt\/distribution-boxes\/jun-series\/rozdzielnica-budowlana-16a-32a-z-kablem-zabezpieczona-3x-230v-doktorvolt-dv-0287-f-jun-s-fi\/#primaryimage\",\"url\":\"https:\/\/doktorvolt.pl\/wp-content\/uploads\/2026\/02\/pol_pl_Rozdzielnica-budowlana-16A-32A-z-kablem-zabezpieczona-3x-230V-Doktorvolt-DV-0287-F-JUN-S-FI-17737_3.jpg\",\"contentUrl\":\"https:\/\/doktorvolt.pl\/wp-content\/uploads\/2026\/02\/pol_pl_Rozdzielnica-budowlana-16A-32A-z-kablem-zabezpieczona-3x-230V-Doktorvolt-DV-0287-F-JUN-S-FI-17737_3.jpg\",\"width\":1000,\"height\":1000},{\"@type\":\"BreadcrumbList\",\"@id\":\"https:\/\/doktorvolt.pl\/en\/oferta-doktorvolt\/distribution-boxes\/jun-series\/rozdzielnica-budowlana-16a-32a-z-kablem-zabezpieczona-3x-230v-doktorvolt-dv-0287-f-jun-s-fi\/#breadcrumb\",\"itemListElement\":[{\"@type\":\"ListItem\",\"position\":1,\"name\":\"Strona g\u0142\u00f3wna\",\"item\":\"https:\/\/doktorvolt.pl\/en\/\"},{\"@type\":\"ListItem\",\"position\":2,\"name\":\"Offer Doktorvolt\",\"item\":\"https:\/\/doktorvolt.pl\/en\/offer-doktorvolt\/\"},{\"@type\":\"ListItem\",\"position\":3,\"name\":\"Rozdzielnica budowlana 16A 32A z kablem zabezpieczona 3x 230V Doktorvolt DV-0287-F JUN-S\/FI\"}]},{\"@type\":\"WebSite\",\"@id\":\"https:\/\/doktorvolt.pl\/de\/#website\",\"url\":\"https:\/\/doktorvolt.pl\/de\/\",\"name\":\"DOKTORVOLT\u00ae\",\"description\":\"Producent rozdzielnic budowlanych\",\"publisher\":{\"@id\":\"https:\/\/doktorvolt.pl\/de\/#organization\"},\"potentialAction\":[{\"@type\":\"SearchAction\",\"target\":{\"@type\":\"EntryPoint\",\"urlTemplate\":\"https:\/\/doktorvolt.pl\/de\/?s={search_term_string}\"},\"query-input\":{\"@type\":\"PropertyValueSpecification\",\"valueRequired\":true,\"valueName\":\"search_term_string\"}}],\"inLanguage\":\"en-US\"},{\"@type\":\"Organization\",\"@id\":\"https:\/\/doktorvolt.pl\/de\/#organization\",\"name\":\"DOKTORVOLT\u00ae\",\"url\":\"https:\/\/doktorvolt.pl\/de\/\",\"logo\":{\"@type\":\"ImageObject\",\"inLanguage\":\"en-US\",\"@id\":\"https:\/\/doktorvolt.pl\/de\/#\/schema\/logo\/image\/\",\"url\":\"https:\/\/doktorvolt.pl\/wp-content\/uploads\/2023\/10\/DoktorVOLT-black-png.png\",\"contentUrl\":\"https:\/\/doktorvolt.pl\/wp-content\/uploads\/2023\/10\/DoktorVOLT-black-png.png\",\"width\":729,\"height\":40,\"caption\":\"DOKTORVOLT\u00ae\"},\"image\":{\"@id\":\"https:\/\/doktorvolt.pl\/de\/#\/schema\/logo\/image\/\"}}]}<\/script>\n<!-- \/ Yoast SEO plugin. -->","yoast_head_json":{"title":"Rozdzielnica budowlana 16A 32A z kablem zabezpieczona 3x 230V Doktorvolt DV-0287-F JUN-S\/FI - DOKTORVOLT\u00ae","robots":{"index":"index","follow":"follow","max-snippet":"max-snippet:-1","max-image-preview":"max-image-preview:large","max-video-preview":"max-video-preview:-1"},"canonical":"https:\/\/doktorvolt.pl\/en\/oferta-doktorvolt\/distribution-boxes\/jun-series\/rozdzielnica-budowlana-16a-32a-z-kablem-zabezpieczona-3x-230v-doktorvolt-dv-0287-f-jun-s-fi\/","og_locale":"en_US","og_type":"article","og_title":"Rozdzielnica budowlana 16A 32A z kablem zabezpieczona 3x 230V Doktorvolt DV-0287-F JUN-S\/FI - DOKTORVOLT\u00ae","og_url":"https:\/\/doktorvolt.pl\/en\/oferta-doktorvolt\/distribution-boxes\/jun-series\/rozdzielnica-budowlana-16a-32a-z-kablem-zabezpieczona-3x-230v-doktorvolt-dv-0287-f-jun-s-fi\/","og_site_name":"DOKTORVOLT\u00ae","og_image":[{"width":1000,"height":1000,"url":"https:\/\/doktorvolt.pl\/wp-content\/uploads\/2026\/02\/pol_pl_Rozdzielnica-budowlana-16A-32A-z-kablem-zabezpieczona-3x-230V-Doktorvolt-DV-0287-F-JUN-S-FI-17737_3.jpg","type":"image\/jpeg"}],"twitter_card":"summary_large_image","twitter_misc":{"Est. reading time":"3 minutes"},"schema":{"@context":"https:\/\/schema.org","@graph":[{"@type":"WebPage","@id":"https:\/\/doktorvolt.pl\/en\/oferta-doktorvolt\/distribution-boxes\/jun-series\/rozdzielnica-budowlana-16a-32a-z-kablem-zabezpieczona-3x-230v-doktorvolt-dv-0287-f-jun-s-fi\/","url":"https:\/\/doktorvolt.pl\/en\/oferta-doktorvolt\/distribution-boxes\/jun-series\/rozdzielnica-budowlana-16a-32a-z-kablem-zabezpieczona-3x-230v-doktorvolt-dv-0287-f-jun-s-fi\/","name":"Rozdzielnica budowlana 16A 32A z kablem zabezpieczona 3x 230V Doktorvolt DV-0287-F JUN-S\/FI - DOKTORVOLT\u00ae","isPartOf":{"@id":"https:\/\/doktorvolt.pl\/de\/#website"},"primaryImageOfPage":{"@id":"https:\/\/doktorvolt.pl\/en\/oferta-doktorvolt\/distribution-boxes\/jun-series\/rozdzielnica-budowlana-16a-32a-z-kablem-zabezpieczona-3x-230v-doktorvolt-dv-0287-f-jun-s-fi\/#primaryimage"},"image":{"@id":"https:\/\/doktorvolt.pl\/en\/oferta-doktorvolt\/distribution-boxes\/jun-series\/rozdzielnica-budowlana-16a-32a-z-kablem-zabezpieczona-3x-230v-doktorvolt-dv-0287-f-jun-s-fi\/#primaryimage"},"thumbnailUrl":"https:\/\/doktorvolt.pl\/wp-content\/uploads\/2026\/02\/pol_pl_Rozdzielnica-budowlana-16A-32A-z-kablem-zabezpieczona-3x-230V-Doktorvolt-DV-0287-F-JUN-S-FI-17737_3.jpg","datePublished":"2026-02-23T13:50:52+00:00","breadcrumb":{"@id":"https:\/\/doktorvolt.pl\/en\/oferta-doktorvolt\/distribution-boxes\/jun-series\/rozdzielnica-budowlana-16a-32a-z-kablem-zabezpieczona-3x-230v-doktorvolt-dv-0287-f-jun-s-fi\/#breadcrumb"},"inLanguage":"en-US","potentialAction":[{"@type":"ReadAction","target":["https:\/\/doktorvolt.pl\/en\/oferta-doktorvolt\/distribution-boxes\/jun-series\/rozdzielnica-budowlana-16a-32a-z-kablem-zabezpieczona-3x-230v-doktorvolt-dv-0287-f-jun-s-fi\/"]}]},{"@type":"ImageObject","inLanguage":"en-US","@id":"https:\/\/doktorvolt.pl\/en\/oferta-doktorvolt\/distribution-boxes\/jun-series\/rozdzielnica-budowlana-16a-32a-z-kablem-zabezpieczona-3x-230v-doktorvolt-dv-0287-f-jun-s-fi\/#primaryimage","url":"https:\/\/doktorvolt.pl\/wp-content\/uploads\/2026\/02\/pol_pl_Rozdzielnica-budowlana-16A-32A-z-kablem-zabezpieczona-3x-230V-Doktorvolt-DV-0287-F-JUN-S-FI-17737_3.jpg","contentUrl":"https:\/\/doktorvolt.pl\/wp-content\/uploads\/2026\/02\/pol_pl_Rozdzielnica-budowlana-16A-32A-z-kablem-zabezpieczona-3x-230V-Doktorvolt-DV-0287-F-JUN-S-FI-17737_3.jpg","width":1000,"height":1000},{"@type":"BreadcrumbList","@id":"https:\/\/doktorvolt.pl\/en\/oferta-doktorvolt\/distribution-boxes\/jun-series\/rozdzielnica-budowlana-16a-32a-z-kablem-zabezpieczona-3x-230v-doktorvolt-dv-0287-f-jun-s-fi\/#breadcrumb","itemListElement":[{"@type":"ListItem","position":1,"name":"Strona g\u0142\u00f3wna","item":"https:\/\/doktorvolt.pl\/en\/"},{"@type":"ListItem","position":2,"name":"Offer Doktorvolt","item":"https:\/\/doktorvolt.pl\/en\/offer-doktorvolt\/"},{"@type":"ListItem","position":3,"name":"Rozdzielnica budowlana 16A 32A z kablem zabezpieczona 3x 230V Doktorvolt DV-0287-F JUN-S\/FI"}]},{"@type":"WebSite","@id":"https:\/\/doktorvolt.pl\/de\/#website","url":"https:\/\/doktorvolt.pl\/de\/","name":"DOKTORVOLT\u00ae","description":"Producent rozdzielnic budowlanych","publisher":{"@id":"https:\/\/doktorvolt.pl\/de\/#organization"},"potentialAction":[{"@type":"SearchAction","target":{"@type":"EntryPoint","urlTemplate":"https:\/\/doktorvolt.pl\/de\/?s={search_term_string}"},"query-input":{"@type":"PropertyValueSpecification","valueRequired":true,"valueName":"search_term_string"}}],"inLanguage":"en-US"},{"@type":"Organization","@id":"https:\/\/doktorvolt.pl\/de\/#organization","name":"DOKTORVOLT\u00ae","url":"https:\/\/doktorvolt.pl\/de\/","logo":{"@type":"ImageObject","inLanguage":"en-US","@id":"https:\/\/doktorvolt.pl\/de\/#\/schema\/logo\/image\/","url":"https:\/\/doktorvolt.pl\/wp-content\/uploads\/2023\/10\/DoktorVOLT-black-png.png","contentUrl":"https:\/\/doktorvolt.pl\/wp-content\/uploads\/2023\/10\/DoktorVOLT-black-png.png","width":729,"height":40,"caption":"DOKTORVOLT\u00ae"},"image":{"@id":"https:\/\/doktorvolt.pl\/de\/#\/schema\/logo\/image\/"}}]}},"_links":{"self":[{"href":"https:\/\/doktorvolt.pl\/en\/wp-json\/wp\/v2\/product\/110776","targetHints":{"allow":["GET"]}}],"collection":[{"href":"https:\/\/doktorvolt.pl\/en\/wp-json\/wp\/v2\/product"}],"about":[{"href":"https:\/\/doktorvolt.pl\/en\/wp-json\/wp\/v2\/types\/product"}],"wp:featuredmedia":[{"embeddable":true,"href":"https:\/\/doktorvolt.pl\/en\/wp-json\/wp\/v2\/media\/104495"}],"wp:attachment":[{"href":"https:\/\/doktorvolt.pl\/en\/wp-json\/wp\/v2\/media?parent=110776"}],"wp:term":[{"taxonomy":"product_brand","embeddable":true,"href":"https:\/\/doktorvolt.pl\/en\/wp-json\/wp\/v2\/product_brand?post=110776"},{"taxonomy":"product_cat","embeddable":true,"href":"https:\/\/doktorvolt.pl\/en\/wp-json\/wp\/v2\/product_cat?post=110776"},{"taxonomy":"product_tag","embeddable":true,"href":"https:\/\/doktorvolt.pl\/en\/wp-json\/wp\/v2\/product_tag?post=110776"}],"curies":[{"name":"wp","href":"https:\/\/api.w.org\/{rel}","templated":true}]}}