{"id":110778,"date":"2026-02-23T15:50:33","date_gmt":"2026-02-23T13:50:33","guid":{"rendered":"https:\/\/doktorvolt.pl\/sklep\/uncategorized\/rozdzielnica-budowlana-32a-16a-3x230v-zabezpieczona-erbetka-ip54-doktorvolt-jun-s-fi-dv-0294-f\/"},"modified":"2026-02-23T15:50:33","modified_gmt":"2026-02-23T13:50:33","slug":"rozdzielnica-budowlana-32a-16a-3x230v-zabezpieczona-erbetka-ip54-doktorvolt-jun-s-fi-dv-0294-f","status":"publish","type":"product","link":"https:\/\/doktorvolt.pl\/en\/oferta-doktorvolt\/distribution-boxes\/jun-series\/rozdzielnica-budowlana-32a-16a-3x230v-zabezpieczona-erbetka-ip54-doktorvolt-jun-s-fi-dv-0294-f\/","title":{"rendered":"Rozdzielnica budowlana 32A 16A 3x230V zabezpieczona erbetka IP54 DOKTORVOLT JUN-S\/FI DV-0294-F"},"content":{"rendered":"<h1 style=\"font-family: Arial; text-align: center; font-size: 24pt;\"><span>Rozdzielnica budowlana 32A 16A zabezpieczona erbetka 3x230V IP54 DOKTORVOLT JUN-S\/FI DV-0294-F<\/span><\/h1>\n<h4 style=\"font-family: Arial; font-size: 14pt; text-align: center;\"><span>Urz\u0105dzenie wyposa\u017cono w trzy gniazda 230V o klasie szczelno\u015bci IP54, dodatkowo ochrona przez wy\u0142\u0105cznik r\u00f3\u017cnicowopr\u0105dowy Typ AC minimalizuje ryzyko pora\u017cenia pr\u0105dem. W rozdzielnicy znajduj\u0105 si\u0119 dwa gniazda si\u0142owe 16A i 32A <\/span><\/h4>\n<div><img decoding=\"async\" style=\"max-width: 100%;\" src=\"https:\/\/shop38554-1.yourtechnicaldomain.com\/data\/include\/cms\/1-zdjecia-produktow\/DOKTORVOLT\/DV-4995-EV\/ikonka_zielona_z_literka_D_biala.png?v=1729773346118\" border=\"0\" width=\"1900\" height=\"30\"><\/div>\n<div style=\"font-family: Arial; display: flex; width: 100%; flex-wrap: wrap; justify-content: space-around;\">\n<div style=\"display: flex; flex-direction: column; justify-content: center; align-items: left; padding-left: 50px; padding-right: 50px; padding-top: 30px;\">\n<div style=\"max-width: 500px;\">\n<h2 style=\"font-size: 14pt; color: #000 !important;\"><strong>Komfortowe i bezpieczne przy\u0142\u0105cza 230V<br \/>\n<\/strong><\/h2>\n<\/p><\/div>\n<div style=\"font-size: 12pt; min-width: 250px; max-width: 472px; text-align: justify;\"><span>Urz\u0105dzenie wyposa\u017cono w trzy gniazda 230V 16A (1P+N+PE) o klasie szczelno\u015bci IP54, kt\u00f3re spe\u0142niaj\u0105 potrzeby licznych elektronarz\u0119dzi budowlanych czy o\u015bwietlenia. Dodatkowo ochrona przez wy\u0142\u0105cznik r\u00f3\u017cnicowopr\u0105dowy 40A 4P 30mA Typ AC minimalizuje ryzyko pora\u017cenia pr\u0105dem<\/span><\/div>\n<\/p><\/div>\n<div><img decoding=\"async\" src=\"https:\/\/preis-zone.com\/hpeciai\/fba5c9620f59a0fb31a3fdc65ba386ef\/17736_5.jpg?35537\" width=\"472\" height=\"472\" style=\"max-width: 100%;\"><\/div>\n<\/div>\n<div><img decoding=\"async\" style=\"max-width: 100%;\" src=\"https:\/\/shop38554-1.yourtechnicaldomain.com\/data\/include\/cms\/1-zdjecia-produktow\/DOKTORVOLT\/DV-4995-EV\/ikonka_zielona_z_literka_D_biala.png?v=1729773346118\" border=\"0\" width=\"1900\" height=\"30\"><\/div>\n<div style=\"font-family: Arial; display: flex; width: 100%; flex-wrap: wrap; justify-content: space-around;\">\n<div>\n<img decoding=\"async\" style=\"max-width=100%; margin-top: 50px; padding-top: 50px;\" width=\"400\" height=\"400\" src=\"https:\/\/preis-zone.com\/hpeciai\/688b92ecf0953ed26a3cf2dc99c02e34\/17736_6.jpg?80260\">\n<\/div>\n<div style=\"display: flex; flex-direction: column; justify-content: center; align-items: left; padding-left: 50px; padding-right: 50px; padding-top: 30px; max-width: 500px;\">\n<h2 style=\"font-size: 14pt; color: #000 !important;\"><strong>Ochrona i przemy\u015blane rozmieszczenie gniazd<\/strong><\/h2>\n<div style=\"font-size: 12pt; min-width: 250px; text-align: justify;\"><span>Dzi\u0119ki wysokiemu stopniowi ochrony IP54 rozdzielnica jest odporna na py\u0142 i zachlapania. Idealna do zastosowa\u0144 zewn\u0119trznych, nawet przy niesprzyjaj\u0105cej pogodzie. Ergonomiczna konstrukcja umo\u017cliwia wygodne pod\u0142\u0105czanie narz\u0119dzi, bez ryzyka spl\u0105tania przewod\u00f3w. Stabilno\u015b\u0107 i funkcjonalno\u015b\u0107 w jednym.<\/span><\/div>\n<\/p><\/div>\n<\/div>\n<p><!-- Specyfikacja Techniczna --><\/p>\n<div style=\"font-family: Arial; display: flex; justify-content: center; align-items: center; padding: 20px; background-color: #fff;\">\n<div style=\"sans-serif; padding: 20px; max-width: 900px; border-radius: 8px; box-shadow: 0 4px 8px rgba(0, 0, 0, 0.1); text-align: left; background-color: white;\">\n<h2 style=\"background-color: #7dd956; font-size: 14pt; color: #333; padding: 15px; border-radius: 8px 8px 0 0; text-align: center;\">Specyfikacja Techniczna<\/h2>\n<p>        <!-- Pierwsza cz\u0119\u015b\u0107 z obrazem po prawej --><\/p>\n<div style=\"display: flex; align-items: center; margin-bottom: 30px; flex-wrap: wrap;\">\n<div style=\"flex: auto; max-width: 450px; padding-right: 30px; text-align: justify; font-size: 12pt\">\n<h2 style=\"border-bottom: 5px solid #7dd956; font-size: 14pt; padding-bottom: 10px; color: #333;\">Obudowa rozdzielnicy<\/h2>\n<p><strong>Konstrukcja:<\/strong> stacjonarna<\/p>\n<p><strong>Monta\u017c:<\/strong> natynkowy<\/p>\n<p><strong>Stopie\u0144 ochrony rozdzielnicy:<\/strong> IP54<\/p>\n<p><strong>Wymiary obudowy z gniazdami:<\/strong> 223 x 310 x 112 mm<\/p>\n<p><strong>Temperatura otoczenia:<\/strong> -25 \u00b0C ~ +50 \u00b0C<\/p>\n<p><strong>Materia\u0142 obudowy:<\/strong> tworzywo sztuczne<\/p>\n<p><strong>Kolor przedniej p\u0142yty obudowy:<\/strong> szary<\/p>\n<p><strong>Kolor tylnej p\u0142yty obudowy:<\/strong> czarny<\/p>\n<\/p><\/div>\n<div style=\"flex: auto; max-width: 400px; text-align: center;\">\n                <img decoding=\"async\" src=\"https:\/\/preis-zone.com\/hpeciai\/a00815dddf909e56ada542a39523b3d1\/17736_4.jpg?89545\"\n                     alt=\"Obraz 1\"\n                     style=\"width: 100%; max-width: 400px; height: auto; border-radius: 8px;\">\n            <\/div>\n<\/p><\/div>\n<p>        <!-- Druga cz\u0119\u015b\u0107 z obrazem po lewej --><\/p>\n<div style=\"display: flex; align-items: center; margin-bottom: 30px; flex-wrap: wrap; flex-direction: row-reverse;\">\n<div style=\"flex: auto; max-width: 450px; padding-left: 30px; text-align: justify; font-size: 12pt\">\n<h2 style=\"border-bottom: 5px solid #7dd956; font-size: 14pt; padding-bottom: 10px; color: #333;\">Gniazda i urz\u0105dzenia modu\u0142owe<\/h2>\n<p><strong>Wy\u0142\u0105cznik r\u00f3\u017cnicowopr\u0105dowy:<\/strong> 40A 4P 30mA Typ A<\/p>\n<p><strong>Gniazda 230V:<\/strong> 3x 230V 16A 1P+N+PE IP54<\/p>\n<p><strong>Zabezpieczenie nadpr\u0105dowe gniazd 230V:<\/strong> 1x C16A 1P 6kA<\/p>\n<p><strong>Gniazda si\u0142owe:<\/strong><br \/>\n                    <br \/>1x 16A 400V IP54<br \/>\n                    <br \/>1x 32A 400V IP54\n                <\/p>\n<p><strong>Zabezpieczenie nadpr\u0105dowe gniazd si\u0142owych:<\/strong><br \/>\n                    <br \/>1x C32A 3P 6kA<br \/>\n                    <br \/>1x C16A 3P 6kA\n                <\/p>\n<p><strong>Akcesoria:<\/strong> membrana 1x PG21<\/p>\n<\/p><\/div>\n<div style=\"flex: auto; max-width: 400px; text-align: center;\">\n                <img decoding=\"async\" src=\"https:\/\/preis-zone.com\/hpeciai\/010923eda23f15ae17bf0ab8770b6eab\/17736_9.jpg?49524\"\n                     alt=\"Obraz 2\"\n                     style=\"width: 100%; max-width: 400px; height: auto; border-radius: 8px;\">\n            <\/div>\n<\/p><\/div>\n<p>        <!-- Trzecia cz\u0119\u015b\u0107 z obrazem po prawej --><\/p>\n<div style=\"display: flex; align-items: center; margin-bottom: 30px; flex-wrap: wrap;\">\n<div style=\"flex: auto; max-width: 450px; padding-right: 30px; text-align: justify; font-size: 12pt\">\n<h2 style=\"border-bottom: 5px solid #7dd956; font-size: 14pt; padding-bottom: 10px; color: #333;\">Certyfikaty oraz okablowanie<\/h2>\n<p><strong>Certyfikaty i normy producenta:<\/strong><br \/>\n                    <br \/>T\u00dcV S\u00dcD<br \/>\n                    <br \/>ISO 9001:2015<br \/>\n                    <br \/>CE<br \/>\n                    <br \/>IEC 61439\n                <\/p>\n<p><strong>Rodzaj okablowania:<\/strong><br \/>\n                    <br \/>H07V-K 2,5\/4 mm\u00b2 \u017c\u00f3\u0142tozielona<br \/>\n                    <br \/>H07V-K 2,5\/4 mm\u00b2 niebieska<br \/>\n                    <br \/>H07V-K 2,5\/4 mm\u00b2 czarna\n                <\/p>\n<\/p><\/div>\n<div style=\"flex: auto; max-width: 400px; text-align: center;\">\n                <img decoding=\"async\" src=\"https:\/\/preis-zone.com\/hpeciai\/c25b965832e656cf4fa0191c78369d45\/17736_7.jpg?98168\"\n                     alt=\"Obraz 3\"\n                     style=\"width: 100%; max-width: 400px; height: auto; border-radius: 8px;\">\n            <\/div>\n<\/p><\/div>\n<p>        <!-- Czwarta cz\u0119\u015b\u0107 z obrazem po lewej --><\/p>\n<div style=\"display: flex; align-items: center; margin-bottom: 30px; flex-wrap: wrap; flex-direction: row-reverse;\">\n<div style=\"flex: auto; max-width: 450px; padding-left: 30px; text-align: justify; font-size: 12pt\">\n<h2 style=\"border-bottom: 5px solid #7dd956; font-size: 14pt; padding-bottom: 10px; color: #333;\">Informacje og\u00f3lne<\/h2>\n<p><strong>Pr\u0105d znamionowy:<\/strong> 40 A<\/p>\n<p><strong>Napi\u0119cie znamionowe:<\/strong> 230V \/ 400V 50Hz<\/p>\n<p><strong>ICC:<\/strong> \u2264 6 kA<\/p>\n<p><strong>RDF:<\/strong> 0,7<\/p>\n<p><strong>Producent:<\/strong> Doktorvolt<\/p>\n<p><strong>Oznaczenie producenta:<\/strong> DV-0294-F<\/p>\n<p><strong>EAN:<\/strong> 5905191010294<\/p>\n<\/p><\/div>\n<div style=\"flex: auto; max-width: 400px; text-align: center;\">\n                <img decoding=\"async\" src=\"https:\/\/preis-zone.com\/hpeciai\/c9685b22e98a0268960a20cfca8313bd\/17736_3.png?15342\"\n                     alt=\"Obraz 4\"\n                     style=\"width: 100%; max-width: 400px; height: auto; border-radius: 8px;\">\n            <\/div>\n<\/p><\/div>\n<\/p><\/div>\n<\/div>\n<div style=\"font-family: Arial; display: flex; width: 100%; flex-wrap: wrap; justify-content: space-around;\">\n<div style=\"display: flex; flex-direction: column; justify-content: center; align-items: left; padding-left: 50px; padding-right: 50px; padding-top: 30px;\">\n<div style=\"max-width: 500px;\">\n<h2 style=\"font-size: 14pt; color: #000 !important;\"><strong>Certyfikacja = wysoka jako\u015b\u0107:<\/strong><\/h2>\n<\/p><\/div>\n<div style=\"font-size: 12pt; min-width: 250px; max-width: 472px; text-align: justify;\"><span>Produkty marki DOKTORVOLT s\u0105 rutynowo testowane, aby zapewni\u0107 najwy\u017csz\u0105 jako\u015b\u0107 produkt\u00f3w. Ka\u017cdy produkt po przej\u015bciu test\u00f3w otrzymuje indywidualny certyfikat potwierdzaj\u0105cy zgodno\u015b\u0107 z normami IEC. Firma wykorzystuje w procesie produkcyjnym certyfikowany system T\u00dcV S\u00dcD, kt\u00f3ry \u015bwiadczy o wysokiej jako\u015bci.<\/span><\/div>\n<\/p><\/div>\n<div><img decoding=\"async\" src=\"https:\/\/preis-zone.com\/hpeciai\/e17e2b5e0e4adc4f9ce126b5812a4067\/17735_1.jpg?84056\" width=\"472\" height=\"472\" style=\"max-width: 100%;\"><\/div>\n<\/div>\n<div><img decoding=\"async\" style=\"max-width: 100%;\" src=\"https:\/\/shop38554-1.yourtechnicaldomain.com\/data\/include\/cms\/1-zdjecia-produktow\/DOKTORVOLT\/DV-4995-EV\/ikonka_zielona_z_literka_D_biala.png?v=1729773346118\" border=\"0\" width=\"1900\" height=\"30\"><\/div>\n<div style=\"font-family: Arial; display: flex; width: 100%; flex-wrap: wrap; justify-content: space-around;\">\n<div><img decoding=\"async\" src=\"https:\/\/shop38554-1.yourtechnicaldomain.com\/data\/include\/cms\/1-zdjecia-produktow\/Logo-IP\/IP_54.png?v=1729852282241\" width=\"472\" height=\"472\" style=\"max-width: 100%;\"><\/div>\n<div style=\"display: flex; flex-direction: column; justify-content: center; align-items: left; padding-left: 50px; padding-right: 50px; padding-top: 30px; max-width: 500px;\">\n<h2 style=\"font-size: 14pt; color: #000 !important;\"><strong>Stopie\u0144 ochrony IP = wi\u0119ksze bezpiecze\u0144stwo:<\/strong><\/h2>\n<div style=\"font-size: 12pt; min-width: 250px; text-align: justify;\"><span>Stopie\u0144 ochrony IP to mi\u0119dzynarodowy standard informuj\u0105cy u\u017cytkownika o odporno\u015bci przedmiotu na potencjalne zagro\u017cenia. Produkty z ochron\u0105 IP gwarantuj\u0105 bezawaryjn\u0105 prac\u0119 urz\u0105dzenia w mniej kontrolowanych warunkach oraz bezpiecze\u0144stwo u\u017cytkownika. Stopie\u0144 ochrony IP44 w naszym rozdzielaczu oznacza:<br \/>\n    \t<br \/>Ochrona przed wnikaniem cia\u0142 sta\u0142ych o \u015brednicy wi\u0119kszej ni\u017c 1 mm<br \/>\n    \t<br \/>Ochrona przed bryzgami wody z dowolnego kierunku<\/span><\/div>\n<\/p><\/div>\n<\/div>\n<div><img decoding=\"async\" style=\"max-width: 100%;\" src=\"https:\/\/shop38554-1.yourtechnicaldomain.com\/data\/include\/cms\/1-zdjecia-produktow\/DOKTORVOLT\/DV-4995-EV\/ikonka_zielona_z_literka_D_biala.png?v=1729773346118\" border=\"0\" width=\"1900\" height=\"30\"><\/div>\n<div style=\"font-family: Arial; display: flex; flex-direction: column; align-items: center; justify-content: center; text-align: center; width: 100%;\">\n<h2 style=\"font-size: 18pt; color: #000; color: #000 !important;\">Zaufany producent:<\/h2>\n<p style=\"font-size: 16pt; line-height: 1.5; color: #000; max-width: 800px; text-align: justify;\">\n    \tDoktorvolt\u00ae to firma za\u0142o\u017cona w 2013 roku. Dynamicznie rozwijaj\u0105ca si\u0119 firma podbi\u0142a rynek polski i zagraniczny. Siedziba firmy znajduje si\u0119 w Malichowie w wojew\u00f3dztwie opolskim, gdzie mie\u015bci si\u0119 r\u00f3wnie\u017c nowoczesna hala produkcyjna i magazyn. Firma specjalizuje si\u0119 w produkcji rozdzielnic budowlanych i wyr\u00f3\u017cnia si\u0119 jako\u015bci\u0105 oraz solidnym wykonaniem. Ka\u017cda rozdzielnica sk\u0142ada si\u0119 z wysokiej jako\u015bci komponent\u00f3w. Produkty firmy Doktorvolt\u00ae spe\u0142niaj\u0105 europejskie normy i standardy bezpiecze\u0144stwa.\n\t<\/p>\n<p>\t<img decoding=\"async\" src=\"https:\/\/shop38554-1.yourtechnicaldomain.com\/data\/include\/cms\/1-zdjecia-produktow\/doktorvolt-logo\/nowe.jpg?v=1729077634670\" alt=\"Doktorvolt logo\" width=\"566\" height=\"155\" style=\"margin-top: 20px;\">\n<\/div>\n","protected":false},"excerpt":{"rendered":"<p>Wytrzyma\u0142a rozdzielnica budowlana z 1x 32A, 1x 16A (CEE) i 3x 230V SCHUKO. Stopie\u0144 ochrony IP54 \u2013 odporna na py\u0142 i zachlapania. Niezawodna na placach budowy i w warsztatach.<\/p>\n","protected":false},"featured_media":104461,"template":"","meta":[],"product_brand":[],"product_cat":[5081],"product_tag":[],"class_list":{"0":"post-110778","1":"product","2":"type-product","3":"status-publish","4":"has-post-thumbnail","6":"product_cat-jun-series","7":"pa_material-obudowy-plastic","8":"pa_napiecie-cee-400v","9":"pa_natezenie-pradu-cee-32a","10":"pa_typ-gniazd-typ-e-z-bolcem-uziemiajacym","11":"pa_zabezpieczenie-wylacznik-nadpradowy","13":"first","14":"instock","15":"shipping-taxable","16":"product-type-external"},"yoast_head":"<!-- This site is optimized with the Yoast SEO plugin v27.0 - https:\/\/yoast.com\/product\/yoast-seo-wordpress\/ -->\n<title>Rozdzielnica budowlana 32A 16A 3x230V zabezpieczona erbetka IP54 DOKTORVOLT JUN-S\/FI DV-0294-F - DOKTORVOLT\u00ae<\/title>\n<meta name=\"robots\" content=\"index, follow, max-snippet:-1, max-image-preview:large, max-video-preview:-1\" \/>\n<link rel=\"canonical\" href=\"https:\/\/doktorvolt.pl\/en\/oferta-doktorvolt\/distribution-boxes\/jun-series\/rozdzielnica-budowlana-32a-16a-3x230v-zabezpieczona-erbetka-ip54-doktorvolt-jun-s-fi-dv-0294-f\/\" \/>\n<meta property=\"og:locale\" content=\"en_US\" \/>\n<meta property=\"og:type\" content=\"article\" \/>\n<meta property=\"og:title\" content=\"Rozdzielnica budowlana 32A 16A 3x230V zabezpieczona erbetka IP54 DOKTORVOLT JUN-S\/FI DV-0294-F - DOKTORVOLT\u00ae\" \/>\n<meta property=\"og:description\" content=\"Wytrzyma\u0142a rozdzielnica budowlana z 1x 32A, 1x 16A (CEE) i 3x 230V SCHUKO. Stopie\u0144 ochrony IP54 \u2013 odporna na py\u0142 i zachlapania. Niezawodna na placach budowy i w warsztatach.\" \/>\n<meta property=\"og:url\" content=\"https:\/\/doktorvolt.pl\/en\/oferta-doktorvolt\/distribution-boxes\/jun-series\/rozdzielnica-budowlana-32a-16a-3x230v-zabezpieczona-erbetka-ip54-doktorvolt-jun-s-fi-dv-0294-f\/\" \/>\n<meta property=\"og:site_name\" content=\"DOKTORVOLT\u00ae\" \/>\n<meta property=\"og:image\" content=\"https:\/\/doktorvolt.pl\/wp-content\/uploads\/2026\/02\/pol_pl_Rozdzielnica-budowlana-32A-16A-3x230V-zabezpieczona-erbetka-IP54-DOKTORVOLT-JUN-S-FI-DV-0294-F-17736_5.jpg\" \/>\n\t<meta property=\"og:image:width\" content=\"1000\" \/>\n\t<meta property=\"og:image:height\" content=\"1000\" \/>\n\t<meta property=\"og:image:type\" content=\"image\/jpeg\" \/>\n<meta name=\"twitter:card\" content=\"summary_large_image\" \/>\n<meta name=\"twitter:label1\" content=\"Est. reading time\" \/>\n\t<meta name=\"twitter:data1\" content=\"3 minutes\" \/>\n<script type=\"application\/ld+json\" class=\"yoast-schema-graph\">{\"@context\":\"https:\/\/schema.org\",\"@graph\":[{\"@type\":\"WebPage\",\"@id\":\"https:\/\/doktorvolt.pl\/en\/oferta-doktorvolt\/distribution-boxes\/jun-series\/rozdzielnica-budowlana-32a-16a-3x230v-zabezpieczona-erbetka-ip54-doktorvolt-jun-s-fi-dv-0294-f\/\",\"url\":\"https:\/\/doktorvolt.pl\/en\/oferta-doktorvolt\/distribution-boxes\/jun-series\/rozdzielnica-budowlana-32a-16a-3x230v-zabezpieczona-erbetka-ip54-doktorvolt-jun-s-fi-dv-0294-f\/\",\"name\":\"Rozdzielnica budowlana 32A 16A 3x230V zabezpieczona erbetka IP54 DOKTORVOLT JUN-S\/FI DV-0294-F - DOKTORVOLT\u00ae\",\"isPartOf\":{\"@id\":\"https:\/\/doktorvolt.pl\/de\/#website\"},\"primaryImageOfPage\":{\"@id\":\"https:\/\/doktorvolt.pl\/en\/oferta-doktorvolt\/distribution-boxes\/jun-series\/rozdzielnica-budowlana-32a-16a-3x230v-zabezpieczona-erbetka-ip54-doktorvolt-jun-s-fi-dv-0294-f\/#primaryimage\"},\"image\":{\"@id\":\"https:\/\/doktorvolt.pl\/en\/oferta-doktorvolt\/distribution-boxes\/jun-series\/rozdzielnica-budowlana-32a-16a-3x230v-zabezpieczona-erbetka-ip54-doktorvolt-jun-s-fi-dv-0294-f\/#primaryimage\"},\"thumbnailUrl\":\"https:\/\/doktorvolt.pl\/wp-content\/uploads\/2026\/02\/pol_pl_Rozdzielnica-budowlana-32A-16A-3x230V-zabezpieczona-erbetka-IP54-DOKTORVOLT-JUN-S-FI-DV-0294-F-17736_5.jpg\",\"datePublished\":\"2026-02-23T13:50:33+00:00\",\"breadcrumb\":{\"@id\":\"https:\/\/doktorvolt.pl\/en\/oferta-doktorvolt\/distribution-boxes\/jun-series\/rozdzielnica-budowlana-32a-16a-3x230v-zabezpieczona-erbetka-ip54-doktorvolt-jun-s-fi-dv-0294-f\/#breadcrumb\"},\"inLanguage\":\"en-US\",\"potentialAction\":[{\"@type\":\"ReadAction\",\"target\":[\"https:\/\/doktorvolt.pl\/en\/oferta-doktorvolt\/distribution-boxes\/jun-series\/rozdzielnica-budowlana-32a-16a-3x230v-zabezpieczona-erbetka-ip54-doktorvolt-jun-s-fi-dv-0294-f\/\"]}]},{\"@type\":\"ImageObject\",\"inLanguage\":\"en-US\",\"@id\":\"https:\/\/doktorvolt.pl\/en\/oferta-doktorvolt\/distribution-boxes\/jun-series\/rozdzielnica-budowlana-32a-16a-3x230v-zabezpieczona-erbetka-ip54-doktorvolt-jun-s-fi-dv-0294-f\/#primaryimage\",\"url\":\"https:\/\/doktorvolt.pl\/wp-content\/uploads\/2026\/02\/pol_pl_Rozdzielnica-budowlana-32A-16A-3x230V-zabezpieczona-erbetka-IP54-DOKTORVOLT-JUN-S-FI-DV-0294-F-17736_5.jpg\",\"contentUrl\":\"https:\/\/doktorvolt.pl\/wp-content\/uploads\/2026\/02\/pol_pl_Rozdzielnica-budowlana-32A-16A-3x230V-zabezpieczona-erbetka-IP54-DOKTORVOLT-JUN-S-FI-DV-0294-F-17736_5.jpg\",\"width\":1000,\"height\":1000},{\"@type\":\"BreadcrumbList\",\"@id\":\"https:\/\/doktorvolt.pl\/en\/oferta-doktorvolt\/distribution-boxes\/jun-series\/rozdzielnica-budowlana-32a-16a-3x230v-zabezpieczona-erbetka-ip54-doktorvolt-jun-s-fi-dv-0294-f\/#breadcrumb\",\"itemListElement\":[{\"@type\":\"ListItem\",\"position\":1,\"name\":\"Strona g\u0142\u00f3wna\",\"item\":\"https:\/\/doktorvolt.pl\/en\/\"},{\"@type\":\"ListItem\",\"position\":2,\"name\":\"Offer Doktorvolt\",\"item\":\"https:\/\/doktorvolt.pl\/en\/offer-doktorvolt\/\"},{\"@type\":\"ListItem\",\"position\":3,\"name\":\"Rozdzielnica budowlana 32A 16A 3x230V zabezpieczona erbetka IP54 DOKTORVOLT JUN-S\/FI DV-0294-F\"}]},{\"@type\":\"WebSite\",\"@id\":\"https:\/\/doktorvolt.pl\/de\/#website\",\"url\":\"https:\/\/doktorvolt.pl\/de\/\",\"name\":\"DOKTORVOLT\u00ae\",\"description\":\"Producent rozdzielnic budowlanych\",\"publisher\":{\"@id\":\"https:\/\/doktorvolt.pl\/de\/#organization\"},\"potentialAction\":[{\"@type\":\"SearchAction\",\"target\":{\"@type\":\"EntryPoint\",\"urlTemplate\":\"https:\/\/doktorvolt.pl\/de\/?s={search_term_string}\"},\"query-input\":{\"@type\":\"PropertyValueSpecification\",\"valueRequired\":true,\"valueName\":\"search_term_string\"}}],\"inLanguage\":\"en-US\"},{\"@type\":\"Organization\",\"@id\":\"https:\/\/doktorvolt.pl\/de\/#organization\",\"name\":\"DOKTORVOLT\u00ae\",\"url\":\"https:\/\/doktorvolt.pl\/de\/\",\"logo\":{\"@type\":\"ImageObject\",\"inLanguage\":\"en-US\",\"@id\":\"https:\/\/doktorvolt.pl\/de\/#\/schema\/logo\/image\/\",\"url\":\"https:\/\/doktorvolt.pl\/wp-content\/uploads\/2023\/10\/DoktorVOLT-black-png.png\",\"contentUrl\":\"https:\/\/doktorvolt.pl\/wp-content\/uploads\/2023\/10\/DoktorVOLT-black-png.png\",\"width\":729,\"height\":40,\"caption\":\"DOKTORVOLT\u00ae\"},\"image\":{\"@id\":\"https:\/\/doktorvolt.pl\/de\/#\/schema\/logo\/image\/\"}}]}<\/script>\n<!-- \/ Yoast SEO plugin. -->","yoast_head_json":{"title":"Rozdzielnica budowlana 32A 16A 3x230V zabezpieczona erbetka IP54 DOKTORVOLT JUN-S\/FI DV-0294-F - DOKTORVOLT\u00ae","robots":{"index":"index","follow":"follow","max-snippet":"max-snippet:-1","max-image-preview":"max-image-preview:large","max-video-preview":"max-video-preview:-1"},"canonical":"https:\/\/doktorvolt.pl\/en\/oferta-doktorvolt\/distribution-boxes\/jun-series\/rozdzielnica-budowlana-32a-16a-3x230v-zabezpieczona-erbetka-ip54-doktorvolt-jun-s-fi-dv-0294-f\/","og_locale":"en_US","og_type":"article","og_title":"Rozdzielnica budowlana 32A 16A 3x230V zabezpieczona erbetka IP54 DOKTORVOLT JUN-S\/FI DV-0294-F - DOKTORVOLT\u00ae","og_description":"Wytrzyma\u0142a rozdzielnica budowlana z 1x 32A, 1x 16A (CEE) i 3x 230V SCHUKO. Stopie\u0144 ochrony IP54 \u2013 odporna na py\u0142 i zachlapania. Niezawodna na placach budowy i w warsztatach.","og_url":"https:\/\/doktorvolt.pl\/en\/oferta-doktorvolt\/distribution-boxes\/jun-series\/rozdzielnica-budowlana-32a-16a-3x230v-zabezpieczona-erbetka-ip54-doktorvolt-jun-s-fi-dv-0294-f\/","og_site_name":"DOKTORVOLT\u00ae","og_image":[{"width":1000,"height":1000,"url":"https:\/\/doktorvolt.pl\/wp-content\/uploads\/2026\/02\/pol_pl_Rozdzielnica-budowlana-32A-16A-3x230V-zabezpieczona-erbetka-IP54-DOKTORVOLT-JUN-S-FI-DV-0294-F-17736_5.jpg","type":"image\/jpeg"}],"twitter_card":"summary_large_image","twitter_misc":{"Est. reading time":"3 minutes"},"schema":{"@context":"https:\/\/schema.org","@graph":[{"@type":"WebPage","@id":"https:\/\/doktorvolt.pl\/en\/oferta-doktorvolt\/distribution-boxes\/jun-series\/rozdzielnica-budowlana-32a-16a-3x230v-zabezpieczona-erbetka-ip54-doktorvolt-jun-s-fi-dv-0294-f\/","url":"https:\/\/doktorvolt.pl\/en\/oferta-doktorvolt\/distribution-boxes\/jun-series\/rozdzielnica-budowlana-32a-16a-3x230v-zabezpieczona-erbetka-ip54-doktorvolt-jun-s-fi-dv-0294-f\/","name":"Rozdzielnica budowlana 32A 16A 3x230V zabezpieczona erbetka IP54 DOKTORVOLT JUN-S\/FI DV-0294-F - DOKTORVOLT\u00ae","isPartOf":{"@id":"https:\/\/doktorvolt.pl\/de\/#website"},"primaryImageOfPage":{"@id":"https:\/\/doktorvolt.pl\/en\/oferta-doktorvolt\/distribution-boxes\/jun-series\/rozdzielnica-budowlana-32a-16a-3x230v-zabezpieczona-erbetka-ip54-doktorvolt-jun-s-fi-dv-0294-f\/#primaryimage"},"image":{"@id":"https:\/\/doktorvolt.pl\/en\/oferta-doktorvolt\/distribution-boxes\/jun-series\/rozdzielnica-budowlana-32a-16a-3x230v-zabezpieczona-erbetka-ip54-doktorvolt-jun-s-fi-dv-0294-f\/#primaryimage"},"thumbnailUrl":"https:\/\/doktorvolt.pl\/wp-content\/uploads\/2026\/02\/pol_pl_Rozdzielnica-budowlana-32A-16A-3x230V-zabezpieczona-erbetka-IP54-DOKTORVOLT-JUN-S-FI-DV-0294-F-17736_5.jpg","datePublished":"2026-02-23T13:50:33+00:00","breadcrumb":{"@id":"https:\/\/doktorvolt.pl\/en\/oferta-doktorvolt\/distribution-boxes\/jun-series\/rozdzielnica-budowlana-32a-16a-3x230v-zabezpieczona-erbetka-ip54-doktorvolt-jun-s-fi-dv-0294-f\/#breadcrumb"},"inLanguage":"en-US","potentialAction":[{"@type":"ReadAction","target":["https:\/\/doktorvolt.pl\/en\/oferta-doktorvolt\/distribution-boxes\/jun-series\/rozdzielnica-budowlana-32a-16a-3x230v-zabezpieczona-erbetka-ip54-doktorvolt-jun-s-fi-dv-0294-f\/"]}]},{"@type":"ImageObject","inLanguage":"en-US","@id":"https:\/\/doktorvolt.pl\/en\/oferta-doktorvolt\/distribution-boxes\/jun-series\/rozdzielnica-budowlana-32a-16a-3x230v-zabezpieczona-erbetka-ip54-doktorvolt-jun-s-fi-dv-0294-f\/#primaryimage","url":"https:\/\/doktorvolt.pl\/wp-content\/uploads\/2026\/02\/pol_pl_Rozdzielnica-budowlana-32A-16A-3x230V-zabezpieczona-erbetka-IP54-DOKTORVOLT-JUN-S-FI-DV-0294-F-17736_5.jpg","contentUrl":"https:\/\/doktorvolt.pl\/wp-content\/uploads\/2026\/02\/pol_pl_Rozdzielnica-budowlana-32A-16A-3x230V-zabezpieczona-erbetka-IP54-DOKTORVOLT-JUN-S-FI-DV-0294-F-17736_5.jpg","width":1000,"height":1000},{"@type":"BreadcrumbList","@id":"https:\/\/doktorvolt.pl\/en\/oferta-doktorvolt\/distribution-boxes\/jun-series\/rozdzielnica-budowlana-32a-16a-3x230v-zabezpieczona-erbetka-ip54-doktorvolt-jun-s-fi-dv-0294-f\/#breadcrumb","itemListElement":[{"@type":"ListItem","position":1,"name":"Strona g\u0142\u00f3wna","item":"https:\/\/doktorvolt.pl\/en\/"},{"@type":"ListItem","position":2,"name":"Offer Doktorvolt","item":"https:\/\/doktorvolt.pl\/en\/offer-doktorvolt\/"},{"@type":"ListItem","position":3,"name":"Rozdzielnica budowlana 32A 16A 3x230V zabezpieczona erbetka IP54 DOKTORVOLT JUN-S\/FI DV-0294-F"}]},{"@type":"WebSite","@id":"https:\/\/doktorvolt.pl\/de\/#website","url":"https:\/\/doktorvolt.pl\/de\/","name":"DOKTORVOLT\u00ae","description":"Producent rozdzielnic budowlanych","publisher":{"@id":"https:\/\/doktorvolt.pl\/de\/#organization"},"potentialAction":[{"@type":"SearchAction","target":{"@type":"EntryPoint","urlTemplate":"https:\/\/doktorvolt.pl\/de\/?s={search_term_string}"},"query-input":{"@type":"PropertyValueSpecification","valueRequired":true,"valueName":"search_term_string"}}],"inLanguage":"en-US"},{"@type":"Organization","@id":"https:\/\/doktorvolt.pl\/de\/#organization","name":"DOKTORVOLT\u00ae","url":"https:\/\/doktorvolt.pl\/de\/","logo":{"@type":"ImageObject","inLanguage":"en-US","@id":"https:\/\/doktorvolt.pl\/de\/#\/schema\/logo\/image\/","url":"https:\/\/doktorvolt.pl\/wp-content\/uploads\/2023\/10\/DoktorVOLT-black-png.png","contentUrl":"https:\/\/doktorvolt.pl\/wp-content\/uploads\/2023\/10\/DoktorVOLT-black-png.png","width":729,"height":40,"caption":"DOKTORVOLT\u00ae"},"image":{"@id":"https:\/\/doktorvolt.pl\/de\/#\/schema\/logo\/image\/"}}]}},"_links":{"self":[{"href":"https:\/\/doktorvolt.pl\/en\/wp-json\/wp\/v2\/product\/110778","targetHints":{"allow":["GET"]}}],"collection":[{"href":"https:\/\/doktorvolt.pl\/en\/wp-json\/wp\/v2\/product"}],"about":[{"href":"https:\/\/doktorvolt.pl\/en\/wp-json\/wp\/v2\/types\/product"}],"wp:featuredmedia":[{"embeddable":true,"href":"https:\/\/doktorvolt.pl\/en\/wp-json\/wp\/v2\/media\/104461"}],"wp:attachment":[{"href":"https:\/\/doktorvolt.pl\/en\/wp-json\/wp\/v2\/media?parent=110778"}],"wp:term":[{"taxonomy":"product_brand","embeddable":true,"href":"https:\/\/doktorvolt.pl\/en\/wp-json\/wp\/v2\/product_brand?post=110778"},{"taxonomy":"product_cat","embeddable":true,"href":"https:\/\/doktorvolt.pl\/en\/wp-json\/wp\/v2\/product_cat?post=110778"},{"taxonomy":"product_tag","embeddable":true,"href":"https:\/\/doktorvolt.pl\/en\/wp-json\/wp\/v2\/product_tag?post=110778"}],"curies":[{"name":"wp","href":"https:\/\/api.w.org\/{rel}","templated":true}]}}