{"id":110779,"date":"2026-02-23T15:50:26","date_gmt":"2026-02-23T13:50:26","guid":{"rendered":"https:\/\/doktorvolt.pl\/sklep\/uncategorized\/rozdzielnica-budowlana-16a-obudwoa-z-gniazdami-2x230v-doktorvolt-dv-6886-f-td\/"},"modified":"2026-02-23T15:50:26","modified_gmt":"2026-02-23T13:50:26","slug":"rozdzielnica-budowlana-16a-obudwoa-z-gniazdami-2x230v-doktorvolt-dv-6886-f-td","status":"publish","type":"product","link":"https:\/\/doktorvolt.pl\/en\/oferta-doktorvolt\/distribution-boxes\/td-series\/rozdzielnica-budowlana-16a-obudwoa-z-gniazdami-2x230v-doktorvolt-dv-6886-f-td\/","title":{"rendered":"Rozdzielnica budowlana 16A obudwoa z gniazdami 2x230V Doktorvolt DV-6886-F TD"},"content":{"rendered":"<h1 style=\"font-family: Arial; text-align: center; font-size: 24pt;\"><span> Rozdzielnica budowlana 1x16A erbetka 2x230V Doktorvolt DV-6886-F TD<\/span><\/h1>\n<h4 style=\"font-family: Arial; font-size: 14pt; text-align: center;\"><span>Rozdizelnica jest wyposa\u017cona w gniazda marki Mennekes, jedno CEE 16A IP44 i dwa 230V. Poliw\u0119glanowe drzwiczki o wymiarach 360\u00d7250\u00d7185 mm dla 12 modu\u0142\u00f3w zapewniaj\u0105 solidno\u015b\u0107.Drzwi z poliw\u0119glanu o wymiarach 360\u00d7250\u00d7185 mm dla 12 modu\u0142\u00f3w zapewniaj\u0105 solidno\u015b\u0107. J<\/span><\/h4>\n<div><img decoding=\"async\" style=\"max-width: 100%;\" src=\"https:\/\/shop38554-1.yourtechnicaldomain.com\/data\/include\/cms\/1-zdjecia-produktow\/DOKTORVOLT\/DV-4995-EV\/ikonka_zielona_z_literka_D_biala.png?v=1729773346118\" border=\"0\" width=\"1900\" height=\"30\"><\/div>\n<div style=\"font-family: Arial; display: flex; width: 100%; flex-wrap: wrap; justify-content: space-around;\">\n<div style=\"display: flex; flex-direction: column; justify-content: center; align-items: left; padding-left: 50px; padding-right: 50px; padding-top: 30px;\">\n<div style=\"max-width: 500px;\">\n<h2 style=\"font-size: 14pt; color: #000 !important;\"><strong>Obudowa i instalacja<\/strong><\/h2>\n<\/p><\/div>\n<div style=\"font-size: 12pt; min-width: 250px; max-width: 472px; text-align: justify;\"><span>Model ten charakteryzuje si\u0119 konstrukcj\u0105 do monta\u017cu powierzchniowego i obudow\u0105 z technopolimeru, kt\u00f3ra mo\u017ce wytrzyma\u0107 napi\u0119cie znamionowe 1000 V. Wymiary 360 \u00d7 250 \u00d7 185 mm zapewniaj\u0105 wystarczaj\u0105c\u0105 ilo\u015b\u0107 miejsca dla 12 modu\u0142\u00f3w w rz\u0119dzie, a poliw\u0119glanowe drzwiczki zapewniaj\u0105 wysok\u0105 odporno\u015b\u0107 na uderzenia.<\/span><\/div>\n<\/p><\/div>\n<div><img decoding=\"async\" src=\"https:\/\/preis-zone.com\/hpeciai\/a8f8d8c1e2dacc43b3af95a74fd54871\/13345_1.jpg?72327\" width=\"472\" height=\"472\" style=\"max-width: 100%;\"><\/div>\n<\/div>\n<div><img decoding=\"async\" style=\"max-width: 100%;\" src=\"https:\/\/shop38554-1.yourtechnicaldomain.com\/data\/include\/cms\/1-zdjecia-produktow\/DOKTORVOLT\/DV-4995-EV\/ikonka_zielona_z_literka_D_biala.png?v=1729773346118\" border=\"0\" width=\"1900\" height=\"30\"><\/div>\n<div style=\"font-family: Arial; display: flex; width: 100%; flex-wrap: wrap; justify-content: space-around;\">\n<div>\n<img decoding=\"async\" style=\"max-width=100%; margin-top: 50px; padding-top: 50px;\" width=\"400\" height=\"400\" src=\"https:\/\/preis-zone.com\/hpeciai\/974bee2149210f025df5463c3c518daf\/13345_2.jpg?68153\">\n<\/div>\n<div style=\"display: flex; flex-direction: column; justify-content: center; align-items: left; padding-left: 50px; padding-right: 50px; padding-top: 30px; max-width: 500px;\">\n<h2 style=\"font-size: 14pt; color: #000 !important;\"><strong>Gniazda CEE i 230V<\/strong><\/h2>\n<div style=\"font-size: 12pt; min-width: 250px; text-align: justify;\"><span>Zintegrowane gniazda sprawiaj\u0105, \u017ce to rozwi\u0105zanie dystrybucyjne jest szczeg\u00f3lnie atrakcyjne dla firm obs\u0142uguj\u0105cych du\u017c\u0105 liczb\u0119 narz\u0119dzi i maszyn. Gniazdo CEE 16A 5P 400V IP44 czerwone (typ 1385 Mennekes) zasila urz\u0105dzenia tr\u00f3jfazowe o wi\u0119kszej mocy, podczas gdy dwa gniazda 230V 16A IP44 2P+E Mennekes (system francuski\/belgijski) zapewniaj\u0105 bezpieczne po\u0142\u0105czenie dla l\u017cejszych zastosowa\u0144.<\/span><\/div>\n<\/p><\/div>\n<\/div>\n<p><!-- Specyfikacja Techniczna --><\/p>\n<div style=\"font-family: Arial; display: flex; justify-content: center; align-items: center; padding: 20px; background-color: #fff;\">\n<div style=\"sans-serif; padding: 20px; max-width: 900px; border-radius: 8px; box-shadow: 0 4px 8px rgba(0, 0, 0, 0.1); text-align: left; background-color: white;\">\n<h2 style=\"background-color: #7dd956; font-size: 14pt; color: #333; padding: 15px; border-radius: 8px 8px 0 0; text-align: center;\">Specyfikacja Techniczna<\/h2>\n<p>        <!-- Pierwsza cz\u0119\u015b\u0107 z obrazem po prawej --><\/p>\n<div style=\"display: flex; align-items: center; margin-bottom: 30px; flex-wrap: wrap;\">\n<div style=\"flex: 1; max-width: 450px; padding-right: 30px; text-align: justify; font-size: 12pt\">\n<h2 style=\"border-bottom: 5px solid #7dd956; font-size: 14pt; padding-bottom: 10px; color: #333;\">Obudowa<\/h2>\n<p><strong>Liczba modu\u0142\u00f3w:<\/strong> 12<\/p>\n<p><strong>Liczba rz\u0119d\u00f3w:<\/strong> 1<\/p>\n<p><strong>Monta\u017c:<\/strong> natynkowy<\/p>\n<p><strong>Stopie\u0144 ochrony:<\/strong> IP44<\/p>\n<p><strong>Wymiary obudowy:<\/strong> 360 x 250 x 185 mm<\/p>\n<p><strong>Materia\u0142 obudowy:<\/strong> technopolimer<\/p>\n<p><strong>Materia\u0142 drzwiczek:<\/strong> poliw\u0119glan<\/p>\n<p><strong>Kolor przedniej p\u0142yty:<\/strong> szary<\/p>\n<p><strong>Kolor tylnej p\u0142yty:<\/strong> czarny<\/p>\n<p><strong>Materia\u0142 \u015brub:<\/strong> stal nierdzewna<\/p>\n<p><strong>Materia\u0142 uszczelek:<\/strong> guma EPDM<\/p>\n<p><strong>D\u0142awik kablowy:<\/strong> 1x PG-16<\/p>\n<\/p><\/div>\n<div style=\"flex: 1; max-width: 400px; text-align: center;\">\n                <img decoding=\"async\" src=\"https:\/\/preis-zone.com\/hpeciai\/dd0d699a2f79d492ef3151a71ad23e57\/13345_3.jpg?60739\" alt=\"Bild 1\" style=\"width: 100%; max-width: 400px; height: auto; border-radius: 8px;\">\n            <\/div>\n<\/p><\/div>\n<p>        <!-- Druga cz\u0119\u015b\u0107 z obrazem po lewej --><\/p>\n<div style=\"display: flex; align-items: center; margin-bottom: 30px; flex-wrap: wrap; flex-direction: row-reverse;\">\n<div style=\"flex: 1; max-width: 450px; padding-left: 30px; text-align: justify; font-size: 12pt\">\n<h2 style=\"border-bottom: 5px solid #7dd956; font-size: 14pt; padding-bottom: 10px; color: #333;\">Gniazda i akcesoria<\/h2>\n<p><strong>Gniazda CEE:<\/strong> 1 x 16A 5P 400V IP44 czerwone Typ 1385 Mennekes<\/p>\n<p><strong>Gniazda 230V:<\/strong> 2 x 230V 16A IP44 2P+E Mennekes system franc.\/belg.<\/p>\n<p><strong>Akcesoria:<\/strong> zestaw \u015brub monta\u017cowych z za\u015blepkami<\/p>\n<p><strong>Certyfikaty i normy:<\/strong> CE, CEI-23-48\/49, IEC 670<\/p>\n<\/p><\/div>\n<div style=\"flex: 1; max-width: 400px; text-align: center;\">\n                <img decoding=\"async\" src=\"https:\/\/preis-zone.com\/hpeciai\/755f9b95a72b1e69fd8a28a320b0dfa7\/13345_4.jpg?89681\" alt=\"Bild 2\" style=\"width: 100%; max-width: 400px; height: auto; border-radius: 8px;\">\n            <\/div>\n<\/p><\/div>\n<p>        <!-- Trzecia cz\u0119\u015b\u0107 z obrazem po prawej --><\/p>\n<div style=\"display: flex; align-items: center; margin-bottom: 30px; flex-wrap: wrap;\">\n<div style=\"flex: 1; max-width: 450px; padding-right: 30px; text-align: justify; font-size: 12pt\">\n<h2 style=\"border-bottom: 5px solid #7dd956; font-size: 14pt; padding-bottom: 10px; color: #333;\">Okablowanie i parametry<\/h2>\n<p><strong>Rodzaj okablowania:<\/strong><br \/>\n                    <br \/>H07V-K 2,5 mm2 \u017c\u00f3\u0142to-zielony<br \/>\n                    <br \/>H07V-K 2,5 mm2 czarny<br \/>\n                    <br \/>H07V-K 2,5, 4 mm2 niebieski\n                <\/p>\n<p><strong>Normy i certyfikaty:<\/strong> CPR, RoHS, CE<\/p>\n<p><strong>Pr\u0105d znamionowy:<\/strong> 48 A<\/p>\n<p><strong>Napi\u0119cie znamionowe:<\/strong> 230 \/ 400 V 50Hz AC<\/p>\n<p><strong>ICC:<\/strong> \u2264 10 kA<\/p>\n<p><strong>RDF:<\/strong> 1<\/p>\n<\/p><\/div>\n<div style=\"flex: 1; max-width: 400px; text-align: center;\">\n                <img decoding=\"async\" src=\"https:\/\/preis-zone.com\/hpeciai\/7021abae5994d07fdecf1fc4294821a9\/13345_5.jpg?33395\" alt=\"Bild 3\" style=\"width: 100%; max-width: 400px; height: auto; border-radius: 8px;\">\n            <\/div>\n<\/p><\/div>\n<p>        <!-- Czwarta cz\u0119\u015b\u0107 z obrazem po lewej --><\/p>\n<div style=\"display: flex; align-items: center; justify-content: center; margin-bottom: 30px;\">\n<div style=\"flex: 1; max-width: 450px; padding-left: 30px; text-align: justify; font-size: 12pt\">\n<h2 style=\"border-bottom: 5px solid #7dd956; font-size: 14pt; padding-bottom: 10px; color: #333;\">Dane producenta<\/h2>\n<p><strong>Producent:<\/strong> Doktorvolt<\/p>\n<p><strong>Certyfikaty i normy producenta:<\/strong><br \/>\n                    <br \/>T\u00dcV S\u00dcD<br \/>\n                    <br \/>ISO 9001:2015<br \/>\n                    <br \/>CE<br \/>\n                    <br \/>IEC 61439\n                <\/p>\n<p><strong>Numer artyku\u0142u:<\/strong> DV-6886-F<\/p>\n<p><strong>EAN:<\/strong> 5904730356886<\/p>\n<\/p><\/div>\n<\/p><\/div>\n<\/p><\/div>\n<\/div>\n<div style=\"font-family: Arial; display: flex; width: 100%; flex-wrap: wrap; justify-content: space-around;\">\n<div style=\"display: flex; flex-direction: column; justify-content: center; align-items: left; padding-left: 50px; padding-right: 50px; padding-top: 30px;\">\n<div style=\"max-width: 500px;\">\n<h2 style=\"font-size: 14pt; color: #000 !important;\"><strong>Certyfikacja = wysoka jako\u015b\u0107:<\/strong><\/h2>\n<\/p><\/div>\n<div style=\"font-size: 12pt; min-width: 250px; max-width: 472px; text-align: justify;\"><span>Produkty marki DOKTORVOLT s\u0105 rutynowo testowane, aby zapewni\u0107 najwy\u017csz\u0105 jako\u015b\u0107 produkt\u00f3w. Ka\u017cdy produkt po przej\u015bciu test\u00f3w otrzymuje indywidualny certyfikat potwierdzaj\u0105cy zgodno\u015b\u0107 z normami IEC. Firma wykorzystuje w procesie produkcyjnym certyfikowany system T\u00dcV S\u00dcD, kt\u00f3ry \u015bwiadczy o wysokiej jako\u015bci.<\/span><\/div>\n<\/p><\/div>\n<div><img decoding=\"async\" src=\"https:\/\/preis-zone.pl\/hpeciai\/b50f6f067f4babe8391b5bab852c8573\/pol_pl_Rozdzielnica-budowlana-TD-S-FI-32A-16A-4x230V-Schuko-Doktorvolt-bez-zabezpieczen-6442-16969_12.jpg\" width=\"472\" height=\"472\" style=\"max-width: 100%;\"><\/div>\n<\/div>\n<div><img decoding=\"async\" style=\"max-width: 100%;\" src=\"https:\/\/shop38554-1.yourtechnicaldomain.com\/data\/include\/cms\/1-zdjecia-produktow\/DOKTORVOLT\/DV-4995-EV\/ikonka_zielona_z_literka_D_biala.png?v=1729773346118\" border=\"0\" width=\"1900\" height=\"30\"><\/div>\n<div style=\"font-family: Arial; display: flex; width: 100%; flex-wrap: wrap; justify-content: space-around;\">\n<div><img decoding=\"async\" src=\"https:\/\/shop38554-1.yourtechnicaldomain.com\/data\/include\/cms\/1-zdjecia-produktow\/Logo-IP\/IP_44.png?v=1729852282241\" width=\"472\" height=\"472\" style=\"max-width: 100%;\"><\/div>\n<div style=\"display: flex; flex-direction: column; justify-content: center; align-items: left; padding-left: 50px; padding-right: 50px; padding-top: 30px; max-width: 500px;\">\n<h2 style=\"font-size: 14pt; color: #000 !important;\"><strong>Stopie\u0144 ochrony IP = wi\u0119ksze bezpiecze\u0144stwo:<\/strong><\/h2>\n<div style=\"font-size: 12pt; min-width: 250px; text-align: justify;\"><span>Stopie\u0144 ochrony IP to mi\u0119dzynarodowy standard informuj\u0105cy u\u017cytkownika o odporno\u015bci przedmiotu na potencjalne zagro\u017cenia. Produkty z ochron\u0105 IP gwarantuj\u0105 bezawaryjn\u0105 prac\u0119 urz\u0105dzenia w mniej kontrolowanych warunkach oraz bezpiecze\u0144stwo u\u017cytkownika. Stopie\u0144 ochrony IP44 w naszym rozdzielaczu oznacza:<br \/>\n    \t<br \/>Ochrona przed wnikaniem cia\u0142 sta\u0142ych o \u015brednicy wi\u0119kszej ni\u017c 1 mm<br \/>\n    \t<br \/>Ochrona przed bryzgami wody z dowolnego kierunku<\/span><\/div>\n<\/p><\/div>\n<\/div>\n<div><img decoding=\"async\" style=\"max-width: 100%;\" src=\"https:\/\/shop38554-1.yourtechnicaldomain.com\/data\/include\/cms\/1-zdjecia-produktow\/DOKTORVOLT\/DV-4995-EV\/ikonka_zielona_z_literka_D_biala.png?v=1729773346118\" border=\"0\" width=\"1900\" height=\"30\"><\/div>\n<div style=\"font-family: Arial; display: flex; flex-direction: column; align-items: center; justify-content: center; text-align: center; width: 100%;\">\n<h2 style=\"font-size: 18pt; color: #000; color: #000 !important;\">Zaufany producent:<\/h2>\n<p style=\"font-size: 16pt; line-height: 1.5; color: #000; max-width: 800px; text-align: justify;\">\n    \tDoktorvolt\u00ae to firma za\u0142o\u017cona w 2013 roku. Dynamicznie rozwijaj\u0105ca si\u0119 firma podbi\u0142a rynek polski i zagraniczny. Siedziba firmy znajduje si\u0119 w Malichowie w wojew\u00f3dztwie opolskim, gdzie mie\u015bci si\u0119 r\u00f3wnie\u017c nowoczesna hala produkcyjna i magazyn. Firma specjalizuje si\u0119 w produkcji rozdzielnic budowlanych i wyr\u00f3\u017cnia si\u0119 jako\u015bci\u0105 oraz solidnym wykonaniem. Ka\u017cda rozdzielnica sk\u0142ada si\u0119 z wysokiej jako\u015bci komponent\u00f3w. Produkty firmy Doktorvolt\u00ae spe\u0142niaj\u0105 europejskie normy i standardy bezpiecze\u0144stwa.\n\t<\/p>\n<p>\t<img decoding=\"async\" src=\"https:\/\/shop38554-1.yourtechnicaldomain.com\/data\/include\/cms\/1-zdjecia-produktow\/doktorvolt-logo\/nowe.jpg?v=1729077634670\" alt=\"Doktorvolt logo\" width=\"566\" height=\"155\" style=\"margin-top: 20px;\">\n<\/div>\n","protected":false},"excerpt":{"rendered":"<p>Rozdzielnica budowlana z 1x 16A (CEE) i 2x 230V SCHUKO. Obudowa IP44 odporna na zachlapania, idealna do pracy na zewn\u0105trz. Kompaktowy rozmiar i niezawodna jako\u015b\u0107 DoktorVolt.<\/p>\n","protected":false},"featured_media":104443,"template":"","meta":[],"product_brand":[],"product_cat":[5171],"product_tag":[],"class_list":{"0":"post-110779","1":"product","2":"type-product","3":"status-publish","4":"has-post-thumbnail","6":"product_cat-td-series","7":"pa_cee-liczba-biegunow-modulow-5p","8":"pa_material-obudowy-plastic","9":"pa_napiecie-cee-400v","10":"pa_natezenie-pradu-cee-16a","11":"pa_typ-gniazd-typ-e-z-bolcem-uziemiajacym","12":"pa_zabezpieczenie-bez-zabezpieczen","14":"first","15":"instock","16":"shipping-taxable","17":"product-type-external"},"yoast_head":"<!-- This site is optimized with the Yoast SEO plugin v27.0 - https:\/\/yoast.com\/product\/yoast-seo-wordpress\/ -->\n<title>Rozdzielnica budowlana 16A obudwoa z gniazdami 2x230V Doktorvolt DV-6886-F TD - DOKTORVOLT\u00ae<\/title>\n<meta name=\"robots\" content=\"index, follow, max-snippet:-1, max-image-preview:large, max-video-preview:-1\" \/>\n<link rel=\"canonical\" href=\"https:\/\/doktorvolt.pl\/en\/oferta-doktorvolt\/distribution-boxes\/td-series\/rozdzielnica-budowlana-16a-obudwoa-z-gniazdami-2x230v-doktorvolt-dv-6886-f-td\/\" \/>\n<meta property=\"og:locale\" content=\"en_US\" \/>\n<meta property=\"og:type\" content=\"article\" \/>\n<meta property=\"og:title\" content=\"Rozdzielnica budowlana 16A obudwoa z gniazdami 2x230V Doktorvolt DV-6886-F TD - DOKTORVOLT\u00ae\" \/>\n<meta property=\"og:description\" content=\"Rozdzielnica budowlana z 1x 16A (CEE) i 2x 230V SCHUKO. Obudowa IP44 odporna na zachlapania, idealna do pracy na zewn\u0105trz. Kompaktowy rozmiar i niezawodna jako\u015b\u0107 DoktorVolt.\" \/>\n<meta property=\"og:url\" content=\"https:\/\/doktorvolt.pl\/en\/oferta-doktorvolt\/distribution-boxes\/td-series\/rozdzielnica-budowlana-16a-obudwoa-z-gniazdami-2x230v-doktorvolt-dv-6886-f-td\/\" \/>\n<meta property=\"og:site_name\" content=\"DOKTORVOLT\u00ae\" \/>\n<meta property=\"og:image\" content=\"https:\/\/doktorvolt.pl\/wp-content\/uploads\/2026\/02\/pol_pl_13345-13345_1.jpg\" \/>\n\t<meta property=\"og:image:width\" content=\"1600\" \/>\n\t<meta property=\"og:image:height\" content=\"1600\" \/>\n\t<meta property=\"og:image:type\" content=\"image\/jpeg\" \/>\n<meta name=\"twitter:card\" content=\"summary_large_image\" \/>\n<meta name=\"twitter:label1\" content=\"Est. reading time\" \/>\n\t<meta name=\"twitter:data1\" content=\"3 minutes\" \/>\n<script type=\"application\/ld+json\" class=\"yoast-schema-graph\">{\"@context\":\"https:\/\/schema.org\",\"@graph\":[{\"@type\":\"WebPage\",\"@id\":\"https:\/\/doktorvolt.pl\/en\/oferta-doktorvolt\/distribution-boxes\/td-series\/rozdzielnica-budowlana-16a-obudwoa-z-gniazdami-2x230v-doktorvolt-dv-6886-f-td\/\",\"url\":\"https:\/\/doktorvolt.pl\/en\/oferta-doktorvolt\/distribution-boxes\/td-series\/rozdzielnica-budowlana-16a-obudwoa-z-gniazdami-2x230v-doktorvolt-dv-6886-f-td\/\",\"name\":\"Rozdzielnica budowlana 16A obudwoa z gniazdami 2x230V Doktorvolt DV-6886-F TD - DOKTORVOLT\u00ae\",\"isPartOf\":{\"@id\":\"https:\/\/doktorvolt.pl\/de\/#website\"},\"primaryImageOfPage\":{\"@id\":\"https:\/\/doktorvolt.pl\/en\/oferta-doktorvolt\/distribution-boxes\/td-series\/rozdzielnica-budowlana-16a-obudwoa-z-gniazdami-2x230v-doktorvolt-dv-6886-f-td\/#primaryimage\"},\"image\":{\"@id\":\"https:\/\/doktorvolt.pl\/en\/oferta-doktorvolt\/distribution-boxes\/td-series\/rozdzielnica-budowlana-16a-obudwoa-z-gniazdami-2x230v-doktorvolt-dv-6886-f-td\/#primaryimage\"},\"thumbnailUrl\":\"https:\/\/doktorvolt.pl\/wp-content\/uploads\/2026\/02\/pol_pl_13345-13345_1.jpg\",\"datePublished\":\"2026-02-23T13:50:26+00:00\",\"breadcrumb\":{\"@id\":\"https:\/\/doktorvolt.pl\/en\/oferta-doktorvolt\/distribution-boxes\/td-series\/rozdzielnica-budowlana-16a-obudwoa-z-gniazdami-2x230v-doktorvolt-dv-6886-f-td\/#breadcrumb\"},\"inLanguage\":\"en-US\",\"potentialAction\":[{\"@type\":\"ReadAction\",\"target\":[\"https:\/\/doktorvolt.pl\/en\/oferta-doktorvolt\/distribution-boxes\/td-series\/rozdzielnica-budowlana-16a-obudwoa-z-gniazdami-2x230v-doktorvolt-dv-6886-f-td\/\"]}]},{\"@type\":\"ImageObject\",\"inLanguage\":\"en-US\",\"@id\":\"https:\/\/doktorvolt.pl\/en\/oferta-doktorvolt\/distribution-boxes\/td-series\/rozdzielnica-budowlana-16a-obudwoa-z-gniazdami-2x230v-doktorvolt-dv-6886-f-td\/#primaryimage\",\"url\":\"https:\/\/doktorvolt.pl\/wp-content\/uploads\/2026\/02\/pol_pl_13345-13345_1.jpg\",\"contentUrl\":\"https:\/\/doktorvolt.pl\/wp-content\/uploads\/2026\/02\/pol_pl_13345-13345_1.jpg\",\"width\":1600,\"height\":1600},{\"@type\":\"BreadcrumbList\",\"@id\":\"https:\/\/doktorvolt.pl\/en\/oferta-doktorvolt\/distribution-boxes\/td-series\/rozdzielnica-budowlana-16a-obudwoa-z-gniazdami-2x230v-doktorvolt-dv-6886-f-td\/#breadcrumb\",\"itemListElement\":[{\"@type\":\"ListItem\",\"position\":1,\"name\":\"Strona g\u0142\u00f3wna\",\"item\":\"https:\/\/doktorvolt.pl\/en\/\"},{\"@type\":\"ListItem\",\"position\":2,\"name\":\"Offer Doktorvolt\",\"item\":\"https:\/\/doktorvolt.pl\/en\/offer-doktorvolt\/\"},{\"@type\":\"ListItem\",\"position\":3,\"name\":\"Rozdzielnica budowlana 16A obudwoa z gniazdami 2x230V Doktorvolt DV-6886-F TD\"}]},{\"@type\":\"WebSite\",\"@id\":\"https:\/\/doktorvolt.pl\/de\/#website\",\"url\":\"https:\/\/doktorvolt.pl\/de\/\",\"name\":\"DOKTORVOLT\u00ae\",\"description\":\"Producent rozdzielnic budowlanych\",\"publisher\":{\"@id\":\"https:\/\/doktorvolt.pl\/de\/#organization\"},\"potentialAction\":[{\"@type\":\"SearchAction\",\"target\":{\"@type\":\"EntryPoint\",\"urlTemplate\":\"https:\/\/doktorvolt.pl\/de\/?s={search_term_string}\"},\"query-input\":{\"@type\":\"PropertyValueSpecification\",\"valueRequired\":true,\"valueName\":\"search_term_string\"}}],\"inLanguage\":\"en-US\"},{\"@type\":\"Organization\",\"@id\":\"https:\/\/doktorvolt.pl\/de\/#organization\",\"name\":\"DOKTORVOLT\u00ae\",\"url\":\"https:\/\/doktorvolt.pl\/de\/\",\"logo\":{\"@type\":\"ImageObject\",\"inLanguage\":\"en-US\",\"@id\":\"https:\/\/doktorvolt.pl\/de\/#\/schema\/logo\/image\/\",\"url\":\"https:\/\/doktorvolt.pl\/wp-content\/uploads\/2023\/10\/DoktorVOLT-black-png.png\",\"contentUrl\":\"https:\/\/doktorvolt.pl\/wp-content\/uploads\/2023\/10\/DoktorVOLT-black-png.png\",\"width\":729,\"height\":40,\"caption\":\"DOKTORVOLT\u00ae\"},\"image\":{\"@id\":\"https:\/\/doktorvolt.pl\/de\/#\/schema\/logo\/image\/\"}}]}<\/script>\n<!-- \/ Yoast SEO plugin. -->","yoast_head_json":{"title":"Rozdzielnica budowlana 16A obudwoa z gniazdami 2x230V Doktorvolt DV-6886-F TD - DOKTORVOLT\u00ae","robots":{"index":"index","follow":"follow","max-snippet":"max-snippet:-1","max-image-preview":"max-image-preview:large","max-video-preview":"max-video-preview:-1"},"canonical":"https:\/\/doktorvolt.pl\/en\/oferta-doktorvolt\/distribution-boxes\/td-series\/rozdzielnica-budowlana-16a-obudwoa-z-gniazdami-2x230v-doktorvolt-dv-6886-f-td\/","og_locale":"en_US","og_type":"article","og_title":"Rozdzielnica budowlana 16A obudwoa z gniazdami 2x230V Doktorvolt DV-6886-F TD - DOKTORVOLT\u00ae","og_description":"Rozdzielnica budowlana z 1x 16A (CEE) i 2x 230V SCHUKO. Obudowa IP44 odporna na zachlapania, idealna do pracy na zewn\u0105trz. Kompaktowy rozmiar i niezawodna jako\u015b\u0107 DoktorVolt.","og_url":"https:\/\/doktorvolt.pl\/en\/oferta-doktorvolt\/distribution-boxes\/td-series\/rozdzielnica-budowlana-16a-obudwoa-z-gniazdami-2x230v-doktorvolt-dv-6886-f-td\/","og_site_name":"DOKTORVOLT\u00ae","og_image":[{"width":1600,"height":1600,"url":"https:\/\/doktorvolt.pl\/wp-content\/uploads\/2026\/02\/pol_pl_13345-13345_1.jpg","type":"image\/jpeg"}],"twitter_card":"summary_large_image","twitter_misc":{"Est. reading time":"3 minutes"},"schema":{"@context":"https:\/\/schema.org","@graph":[{"@type":"WebPage","@id":"https:\/\/doktorvolt.pl\/en\/oferta-doktorvolt\/distribution-boxes\/td-series\/rozdzielnica-budowlana-16a-obudwoa-z-gniazdami-2x230v-doktorvolt-dv-6886-f-td\/","url":"https:\/\/doktorvolt.pl\/en\/oferta-doktorvolt\/distribution-boxes\/td-series\/rozdzielnica-budowlana-16a-obudwoa-z-gniazdami-2x230v-doktorvolt-dv-6886-f-td\/","name":"Rozdzielnica budowlana 16A obudwoa z gniazdami 2x230V Doktorvolt DV-6886-F TD - DOKTORVOLT\u00ae","isPartOf":{"@id":"https:\/\/doktorvolt.pl\/de\/#website"},"primaryImageOfPage":{"@id":"https:\/\/doktorvolt.pl\/en\/oferta-doktorvolt\/distribution-boxes\/td-series\/rozdzielnica-budowlana-16a-obudwoa-z-gniazdami-2x230v-doktorvolt-dv-6886-f-td\/#primaryimage"},"image":{"@id":"https:\/\/doktorvolt.pl\/en\/oferta-doktorvolt\/distribution-boxes\/td-series\/rozdzielnica-budowlana-16a-obudwoa-z-gniazdami-2x230v-doktorvolt-dv-6886-f-td\/#primaryimage"},"thumbnailUrl":"https:\/\/doktorvolt.pl\/wp-content\/uploads\/2026\/02\/pol_pl_13345-13345_1.jpg","datePublished":"2026-02-23T13:50:26+00:00","breadcrumb":{"@id":"https:\/\/doktorvolt.pl\/en\/oferta-doktorvolt\/distribution-boxes\/td-series\/rozdzielnica-budowlana-16a-obudwoa-z-gniazdami-2x230v-doktorvolt-dv-6886-f-td\/#breadcrumb"},"inLanguage":"en-US","potentialAction":[{"@type":"ReadAction","target":["https:\/\/doktorvolt.pl\/en\/oferta-doktorvolt\/distribution-boxes\/td-series\/rozdzielnica-budowlana-16a-obudwoa-z-gniazdami-2x230v-doktorvolt-dv-6886-f-td\/"]}]},{"@type":"ImageObject","inLanguage":"en-US","@id":"https:\/\/doktorvolt.pl\/en\/oferta-doktorvolt\/distribution-boxes\/td-series\/rozdzielnica-budowlana-16a-obudwoa-z-gniazdami-2x230v-doktorvolt-dv-6886-f-td\/#primaryimage","url":"https:\/\/doktorvolt.pl\/wp-content\/uploads\/2026\/02\/pol_pl_13345-13345_1.jpg","contentUrl":"https:\/\/doktorvolt.pl\/wp-content\/uploads\/2026\/02\/pol_pl_13345-13345_1.jpg","width":1600,"height":1600},{"@type":"BreadcrumbList","@id":"https:\/\/doktorvolt.pl\/en\/oferta-doktorvolt\/distribution-boxes\/td-series\/rozdzielnica-budowlana-16a-obudwoa-z-gniazdami-2x230v-doktorvolt-dv-6886-f-td\/#breadcrumb","itemListElement":[{"@type":"ListItem","position":1,"name":"Strona g\u0142\u00f3wna","item":"https:\/\/doktorvolt.pl\/en\/"},{"@type":"ListItem","position":2,"name":"Offer Doktorvolt","item":"https:\/\/doktorvolt.pl\/en\/offer-doktorvolt\/"},{"@type":"ListItem","position":3,"name":"Rozdzielnica budowlana 16A obudwoa z gniazdami 2x230V Doktorvolt DV-6886-F TD"}]},{"@type":"WebSite","@id":"https:\/\/doktorvolt.pl\/de\/#website","url":"https:\/\/doktorvolt.pl\/de\/","name":"DOKTORVOLT\u00ae","description":"Producent rozdzielnic budowlanych","publisher":{"@id":"https:\/\/doktorvolt.pl\/de\/#organization"},"potentialAction":[{"@type":"SearchAction","target":{"@type":"EntryPoint","urlTemplate":"https:\/\/doktorvolt.pl\/de\/?s={search_term_string}"},"query-input":{"@type":"PropertyValueSpecification","valueRequired":true,"valueName":"search_term_string"}}],"inLanguage":"en-US"},{"@type":"Organization","@id":"https:\/\/doktorvolt.pl\/de\/#organization","name":"DOKTORVOLT\u00ae","url":"https:\/\/doktorvolt.pl\/de\/","logo":{"@type":"ImageObject","inLanguage":"en-US","@id":"https:\/\/doktorvolt.pl\/de\/#\/schema\/logo\/image\/","url":"https:\/\/doktorvolt.pl\/wp-content\/uploads\/2023\/10\/DoktorVOLT-black-png.png","contentUrl":"https:\/\/doktorvolt.pl\/wp-content\/uploads\/2023\/10\/DoktorVOLT-black-png.png","width":729,"height":40,"caption":"DOKTORVOLT\u00ae"},"image":{"@id":"https:\/\/doktorvolt.pl\/de\/#\/schema\/logo\/image\/"}}]}},"_links":{"self":[{"href":"https:\/\/doktorvolt.pl\/en\/wp-json\/wp\/v2\/product\/110779","targetHints":{"allow":["GET"]}}],"collection":[{"href":"https:\/\/doktorvolt.pl\/en\/wp-json\/wp\/v2\/product"}],"about":[{"href":"https:\/\/doktorvolt.pl\/en\/wp-json\/wp\/v2\/types\/product"}],"wp:featuredmedia":[{"embeddable":true,"href":"https:\/\/doktorvolt.pl\/en\/wp-json\/wp\/v2\/media\/104443"}],"wp:attachment":[{"href":"https:\/\/doktorvolt.pl\/en\/wp-json\/wp\/v2\/media?parent=110779"}],"wp:term":[{"taxonomy":"product_brand","embeddable":true,"href":"https:\/\/doktorvolt.pl\/en\/wp-json\/wp\/v2\/product_brand?post=110779"},{"taxonomy":"product_cat","embeddable":true,"href":"https:\/\/doktorvolt.pl\/en\/wp-json\/wp\/v2\/product_cat?post=110779"},{"taxonomy":"product_tag","embeddable":true,"href":"https:\/\/doktorvolt.pl\/en\/wp-json\/wp\/v2\/product_tag?post=110779"}],"curies":[{"name":"wp","href":"https:\/\/api.w.org\/{rel}","templated":true}]}}