{"id":110783,"date":"2026-02-23T15:49:37","date_gmt":"2026-02-23T13:49:37","guid":{"rendered":"https:\/\/doktorvolt.pl\/sklep\/uncategorized\/rozdzielnica-rcbo-2x-230-ip44-cee-0164\/"},"modified":"2026-02-23T15:49:37","modified_gmt":"2026-02-23T13:49:37","slug":"rozdzielnica-rcbo-2x-230-ip44-cee-0164","status":"publish","type":"product","link":"https:\/\/doktorvolt.pl\/en\/oferta-doktorvolt\/camping\/camping-distribution-boards\/rozdzielnica-rcbo-2x-230-ip44-cee-0164\/","title":{"rendered":"Rozdzielnica RCBO 2x 230 IP44 CEE 0164"},"content":{"rendered":"<h2><span style=\"color: #000000;\">Rozdzielnica kempingowa CV-CAMP RCBO 2x230V\/3P IP44 Camp DV<\/span><\/h2>\n<p><span style=\"color: #000000;\">Rozdzielnica kempingowa przeznaczona jest do dystrybucji energii elektrycznej.<\/span><\/p>\n<p><span style=\"color: #000000;\">Rozdzielnica charakteryzuje si\u0119 wysok\u0105 klas\u0105 szczelno\u015bci IP44, dzi\u0119ki temu jest odporna na warunki atmosferyczne. Wyposa\u017cona jest w klamk\u0119 zamykan\u0105 na klucz, dzi\u0119ki temu dzieci oraz niepo\u017c\u0105dane osoby, maj\u0105 ograniczony dost\u0119p do element\u00f3w znajduj\u0105cych si\u0119 pod napi\u0119ciem.<\/span><\/p>\n<p><span style=\"color: #000000;\"><strong>Wszystkie rozdzielnice DOKTORVOLT finalnie przechodz\u0105 testy pomiarowe, gdzie nast\u0119puje ich ostateczne sprawdzenie. Ka\u017cda rozdzielnica opatrzona jest certyfikatem oznaczaj\u0105cym, \u017ce produkt zosta\u0142 przetestowany i sprawdzony oraz jest zgodny z norm\u0105 IEC 61439. Rozdzielnica RCBO posiada tak\u017ce inne certyfikaty tj. T\u00dcV S\u00dcD, ISO 9001:2015, CE.<\/strong><\/span><\/p>\n<h3><span style=\"color: #000000;\">Zalety \/ w\u0142a\u015bciwo\u015bci rozdzielnicy<\/span><\/h3>\n<ul style=\"list-style-type: disc;\">\n<li><span style=\"color: #000000;\">kompaktowa i zwarta obudowa rozdzielni wykonana z najlepszej jako\u015bci materia\u0142\u00f3w,<\/span><\/li>\n<li><span style=\"color: #000000;\">wyposa\u017cona w dwa gniazda 230 V 16 A 3P, roz\u0142\u0105cznik izolacyjny RV63N 63A 230V 3+N 4P,<\/span><\/li>\n<li><span style=\"color: #000000;\">okablowanie i gniazda pochodz\u0105ce od renomowanych producent\u00f3w osprz\u0119tu elektrycznego,<\/span><\/li>\n<li><span style=\"color: #000000;\">klasa szczelno\u015bci rozdzielnicy IP 44,<\/span><\/li>\n<li><span style=\"color: #000000;\">obudowa z solidnego kompozytu, odporna na warunki atmosferyczne,<\/span><\/li>\n<li><span style=\"color: #000000;\">gniazda zabezpieczone przez uziemienie oraz wy\u0142\u0105cznik r\u00f3\u017cnicowo-pr\u0105dowy z cz\u0142onem nadpr\u0105dowym z przyciskiem reset.<\/span><\/li>\n<\/ul>\n<h3><span style=\"color: #000000;\">Zestaw zawiera:<\/span><\/h3>\n<ul style=\"list-style-type: disc;\">\n<li><span style=\"color: #000000;\">wk\u0142adk\u0119 WRS-K oraz 2x klucz 1333,<\/span><\/li>\n<li><span style=\"color: #000000;\">4 uchwyty UMO do monta\u017cu rozdzielnicy na \u015bcianie.<\/span><\/li>\n<\/ul>\n<h3><span style=\"color: #000000;\">Zastosowanie:<\/span><\/h3>\n<ul style=\"list-style-type: disc;\">\n<li><span style=\"color: #000000;\">na polach kempingowych, namiotowych, biwakowych,<\/span><\/li>\n<li><span style=\"color: #000000;\">w obiektach turystycznych,<\/span><\/li>\n<li><span style=\"color: #000000;\">przy portach \u017ceglarskich,<\/span><\/li>\n<li><strong><span style=\"color: #000000;\">rozdzielnica RCBO jest do\u015b\u0107 uniwersaln\u0105 rozdzielnic\u0105 ze wzgl\u0119du na rodzaj gniazd, mo\u017cna j\u0105 wykorzysta\u0107 r\u00f3wnie\u017c w innych miejscach ni\u017c pole kempingowe.<\/span><\/strong><\/li>\n<\/ul>\n<h3><span style=\"color: #000000;\">Dane techniczne<\/span><\/h3>\n<ul style=\"list-style-type: disc;\">\n<li><span style=\"color: #000000;\">napi\u0119cie znamionowe 230\/400 V AC 50 Hz<\/span><\/li>\n<li><span style=\"color: #000000;\">pr\u0105d znamionowy 32A<\/span><\/li>\n<li><span style=\"color: #000000;\">Icc \u2264 10kA<\/span><\/li>\n<li><span style=\"color: #000000;\">RDF 0,7<\/span><\/li>\n<li><span style=\"color: #000000;\">wymiary 40x27x25 cm (bez gniazd)<\/span><\/li>\n<li><span style=\"color: #000000;\">certyfikaty T\u00dcV S\u00dcD, ISO 9001:2015, CE, IEC 61439<\/span><\/li>\n<li><span style=\"color: #000000;\">kod produktu: DV-0164-D<\/span><\/li>\n<li><span style=\"color: #000000;\">EAN: 5905191010164<\/span><\/li>\n<\/ul>\n","protected":false},"excerpt":{"rendered":"","protected":false},"featured_media":104378,"template":"","meta":[],"product_brand":[],"product_cat":[5146],"product_tag":[],"class_list":{"0":"post-110783","1":"product","2":"type-product","3":"status-publish","4":"has-post-thumbnail","6":"product_cat-camping-distribution-boards","7":"pa_napiecie-znamionowe-230-400-v-ac-50-hz","8":"pa_prad-znamionowy-32a","9":"pa_wymiary-40x27x25-cm","10":"pa_zabezpieczenie-wylacznik-roznicowopradowy-wylacznik-nadpradowy","12":"first","13":"instock","14":"shipping-taxable","15":"product-type-external"},"yoast_head":"<!-- This site is optimized with the Yoast SEO plugin v27.0 - https:\/\/yoast.com\/product\/yoast-seo-wordpress\/ -->\n<title>Rozdzielnica RCBO 2x 230 IP44 CEE 0164 - DOKTORVOLT\u00ae<\/title>\n<meta name=\"robots\" content=\"index, follow, max-snippet:-1, max-image-preview:large, max-video-preview:-1\" \/>\n<link rel=\"canonical\" href=\"https:\/\/doktorvolt.pl\/en\/oferta-doktorvolt\/camping\/camping-distribution-boards\/rozdzielnica-rcbo-2x-230-ip44-cee-0164\/\" \/>\n<meta property=\"og:locale\" content=\"en_US\" \/>\n<meta property=\"og:type\" content=\"article\" \/>\n<meta property=\"og:title\" content=\"Rozdzielnica RCBO 2x 230 IP44 CEE 0164 - DOKTORVOLT\u00ae\" \/>\n<meta property=\"og:url\" content=\"https:\/\/doktorvolt.pl\/en\/oferta-doktorvolt\/camping\/camping-distribution-boards\/rozdzielnica-rcbo-2x-230-ip44-cee-0164\/\" \/>\n<meta property=\"og:site_name\" content=\"DOKTORVOLT\u00ae\" \/>\n<meta property=\"og:image\" content=\"https:\/\/doktorvolt.pl\/wp-content\/uploads\/2026\/02\/pol_pl_16586-16586_1.jpg\" \/>\n\t<meta property=\"og:image:width\" content=\"1000\" \/>\n\t<meta property=\"og:image:height\" content=\"1000\" \/>\n\t<meta property=\"og:image:type\" content=\"image\/jpeg\" \/>\n<meta name=\"twitter:card\" content=\"summary_large_image\" \/>\n<meta name=\"twitter:label1\" content=\"Est. reading time\" \/>\n\t<meta name=\"twitter:data1\" content=\"1 minute\" \/>\n<script type=\"application\/ld+json\" class=\"yoast-schema-graph\">{\"@context\":\"https:\/\/schema.org\",\"@graph\":[{\"@type\":\"WebPage\",\"@id\":\"https:\/\/doktorvolt.pl\/en\/oferta-doktorvolt\/camping\/camping-distribution-boards\/rozdzielnica-rcbo-2x-230-ip44-cee-0164\/\",\"url\":\"https:\/\/doktorvolt.pl\/en\/oferta-doktorvolt\/camping\/camping-distribution-boards\/rozdzielnica-rcbo-2x-230-ip44-cee-0164\/\",\"name\":\"Rozdzielnica RCBO 2x 230 IP44 CEE 0164 - DOKTORVOLT\u00ae\",\"isPartOf\":{\"@id\":\"https:\/\/doktorvolt.pl\/de\/#website\"},\"primaryImageOfPage\":{\"@id\":\"https:\/\/doktorvolt.pl\/en\/oferta-doktorvolt\/camping\/camping-distribution-boards\/rozdzielnica-rcbo-2x-230-ip44-cee-0164\/#primaryimage\"},\"image\":{\"@id\":\"https:\/\/doktorvolt.pl\/en\/oferta-doktorvolt\/camping\/camping-distribution-boards\/rozdzielnica-rcbo-2x-230-ip44-cee-0164\/#primaryimage\"},\"thumbnailUrl\":\"https:\/\/doktorvolt.pl\/wp-content\/uploads\/2026\/02\/pol_pl_16586-16586_1.jpg\",\"datePublished\":\"2026-02-23T13:49:37+00:00\",\"breadcrumb\":{\"@id\":\"https:\/\/doktorvolt.pl\/en\/oferta-doktorvolt\/camping\/camping-distribution-boards\/rozdzielnica-rcbo-2x-230-ip44-cee-0164\/#breadcrumb\"},\"inLanguage\":\"en-US\",\"potentialAction\":[{\"@type\":\"ReadAction\",\"target\":[\"https:\/\/doktorvolt.pl\/en\/oferta-doktorvolt\/camping\/camping-distribution-boards\/rozdzielnica-rcbo-2x-230-ip44-cee-0164\/\"]}]},{\"@type\":\"ImageObject\",\"inLanguage\":\"en-US\",\"@id\":\"https:\/\/doktorvolt.pl\/en\/oferta-doktorvolt\/camping\/camping-distribution-boards\/rozdzielnica-rcbo-2x-230-ip44-cee-0164\/#primaryimage\",\"url\":\"https:\/\/doktorvolt.pl\/wp-content\/uploads\/2026\/02\/pol_pl_16586-16586_1.jpg\",\"contentUrl\":\"https:\/\/doktorvolt.pl\/wp-content\/uploads\/2026\/02\/pol_pl_16586-16586_1.jpg\",\"width\":1000,\"height\":1000},{\"@type\":\"BreadcrumbList\",\"@id\":\"https:\/\/doktorvolt.pl\/en\/oferta-doktorvolt\/camping\/camping-distribution-boards\/rozdzielnica-rcbo-2x-230-ip44-cee-0164\/#breadcrumb\",\"itemListElement\":[{\"@type\":\"ListItem\",\"position\":1,\"name\":\"Strona g\u0142\u00f3wna\",\"item\":\"https:\/\/doktorvolt.pl\/en\/\"},{\"@type\":\"ListItem\",\"position\":2,\"name\":\"Offer Doktorvolt\",\"item\":\"https:\/\/doktorvolt.pl\/en\/offer-doktorvolt\/\"},{\"@type\":\"ListItem\",\"position\":3,\"name\":\"Rozdzielnica RCBO 2x 230 IP44 CEE 0164\"}]},{\"@type\":\"WebSite\",\"@id\":\"https:\/\/doktorvolt.pl\/de\/#website\",\"url\":\"https:\/\/doktorvolt.pl\/de\/\",\"name\":\"DOKTORVOLT\u00ae\",\"description\":\"Producent rozdzielnic budowlanych\",\"publisher\":{\"@id\":\"https:\/\/doktorvolt.pl\/de\/#organization\"},\"potentialAction\":[{\"@type\":\"SearchAction\",\"target\":{\"@type\":\"EntryPoint\",\"urlTemplate\":\"https:\/\/doktorvolt.pl\/de\/?s={search_term_string}\"},\"query-input\":{\"@type\":\"PropertyValueSpecification\",\"valueRequired\":true,\"valueName\":\"search_term_string\"}}],\"inLanguage\":\"en-US\"},{\"@type\":\"Organization\",\"@id\":\"https:\/\/doktorvolt.pl\/de\/#organization\",\"name\":\"DOKTORVOLT\u00ae\",\"url\":\"https:\/\/doktorvolt.pl\/de\/\",\"logo\":{\"@type\":\"ImageObject\",\"inLanguage\":\"en-US\",\"@id\":\"https:\/\/doktorvolt.pl\/de\/#\/schema\/logo\/image\/\",\"url\":\"https:\/\/doktorvolt.pl\/wp-content\/uploads\/2023\/10\/DoktorVOLT-black-png.png\",\"contentUrl\":\"https:\/\/doktorvolt.pl\/wp-content\/uploads\/2023\/10\/DoktorVOLT-black-png.png\",\"width\":729,\"height\":40,\"caption\":\"DOKTORVOLT\u00ae\"},\"image\":{\"@id\":\"https:\/\/doktorvolt.pl\/de\/#\/schema\/logo\/image\/\"}}]}<\/script>\n<!-- \/ Yoast SEO plugin. -->","yoast_head_json":{"title":"Rozdzielnica RCBO 2x 230 IP44 CEE 0164 - DOKTORVOLT\u00ae","robots":{"index":"index","follow":"follow","max-snippet":"max-snippet:-1","max-image-preview":"max-image-preview:large","max-video-preview":"max-video-preview:-1"},"canonical":"https:\/\/doktorvolt.pl\/en\/oferta-doktorvolt\/camping\/camping-distribution-boards\/rozdzielnica-rcbo-2x-230-ip44-cee-0164\/","og_locale":"en_US","og_type":"article","og_title":"Rozdzielnica RCBO 2x 230 IP44 CEE 0164 - DOKTORVOLT\u00ae","og_url":"https:\/\/doktorvolt.pl\/en\/oferta-doktorvolt\/camping\/camping-distribution-boards\/rozdzielnica-rcbo-2x-230-ip44-cee-0164\/","og_site_name":"DOKTORVOLT\u00ae","og_image":[{"width":1000,"height":1000,"url":"https:\/\/doktorvolt.pl\/wp-content\/uploads\/2026\/02\/pol_pl_16586-16586_1.jpg","type":"image\/jpeg"}],"twitter_card":"summary_large_image","twitter_misc":{"Est. reading time":"1 minute"},"schema":{"@context":"https:\/\/schema.org","@graph":[{"@type":"WebPage","@id":"https:\/\/doktorvolt.pl\/en\/oferta-doktorvolt\/camping\/camping-distribution-boards\/rozdzielnica-rcbo-2x-230-ip44-cee-0164\/","url":"https:\/\/doktorvolt.pl\/en\/oferta-doktorvolt\/camping\/camping-distribution-boards\/rozdzielnica-rcbo-2x-230-ip44-cee-0164\/","name":"Rozdzielnica RCBO 2x 230 IP44 CEE 0164 - DOKTORVOLT\u00ae","isPartOf":{"@id":"https:\/\/doktorvolt.pl\/de\/#website"},"primaryImageOfPage":{"@id":"https:\/\/doktorvolt.pl\/en\/oferta-doktorvolt\/camping\/camping-distribution-boards\/rozdzielnica-rcbo-2x-230-ip44-cee-0164\/#primaryimage"},"image":{"@id":"https:\/\/doktorvolt.pl\/en\/oferta-doktorvolt\/camping\/camping-distribution-boards\/rozdzielnica-rcbo-2x-230-ip44-cee-0164\/#primaryimage"},"thumbnailUrl":"https:\/\/doktorvolt.pl\/wp-content\/uploads\/2026\/02\/pol_pl_16586-16586_1.jpg","datePublished":"2026-02-23T13:49:37+00:00","breadcrumb":{"@id":"https:\/\/doktorvolt.pl\/en\/oferta-doktorvolt\/camping\/camping-distribution-boards\/rozdzielnica-rcbo-2x-230-ip44-cee-0164\/#breadcrumb"},"inLanguage":"en-US","potentialAction":[{"@type":"ReadAction","target":["https:\/\/doktorvolt.pl\/en\/oferta-doktorvolt\/camping\/camping-distribution-boards\/rozdzielnica-rcbo-2x-230-ip44-cee-0164\/"]}]},{"@type":"ImageObject","inLanguage":"en-US","@id":"https:\/\/doktorvolt.pl\/en\/oferta-doktorvolt\/camping\/camping-distribution-boards\/rozdzielnica-rcbo-2x-230-ip44-cee-0164\/#primaryimage","url":"https:\/\/doktorvolt.pl\/wp-content\/uploads\/2026\/02\/pol_pl_16586-16586_1.jpg","contentUrl":"https:\/\/doktorvolt.pl\/wp-content\/uploads\/2026\/02\/pol_pl_16586-16586_1.jpg","width":1000,"height":1000},{"@type":"BreadcrumbList","@id":"https:\/\/doktorvolt.pl\/en\/oferta-doktorvolt\/camping\/camping-distribution-boards\/rozdzielnica-rcbo-2x-230-ip44-cee-0164\/#breadcrumb","itemListElement":[{"@type":"ListItem","position":1,"name":"Strona g\u0142\u00f3wna","item":"https:\/\/doktorvolt.pl\/en\/"},{"@type":"ListItem","position":2,"name":"Offer Doktorvolt","item":"https:\/\/doktorvolt.pl\/en\/offer-doktorvolt\/"},{"@type":"ListItem","position":3,"name":"Rozdzielnica RCBO 2x 230 IP44 CEE 0164"}]},{"@type":"WebSite","@id":"https:\/\/doktorvolt.pl\/de\/#website","url":"https:\/\/doktorvolt.pl\/de\/","name":"DOKTORVOLT\u00ae","description":"Producent rozdzielnic budowlanych","publisher":{"@id":"https:\/\/doktorvolt.pl\/de\/#organization"},"potentialAction":[{"@type":"SearchAction","target":{"@type":"EntryPoint","urlTemplate":"https:\/\/doktorvolt.pl\/de\/?s={search_term_string}"},"query-input":{"@type":"PropertyValueSpecification","valueRequired":true,"valueName":"search_term_string"}}],"inLanguage":"en-US"},{"@type":"Organization","@id":"https:\/\/doktorvolt.pl\/de\/#organization","name":"DOKTORVOLT\u00ae","url":"https:\/\/doktorvolt.pl\/de\/","logo":{"@type":"ImageObject","inLanguage":"en-US","@id":"https:\/\/doktorvolt.pl\/de\/#\/schema\/logo\/image\/","url":"https:\/\/doktorvolt.pl\/wp-content\/uploads\/2023\/10\/DoktorVOLT-black-png.png","contentUrl":"https:\/\/doktorvolt.pl\/wp-content\/uploads\/2023\/10\/DoktorVOLT-black-png.png","width":729,"height":40,"caption":"DOKTORVOLT\u00ae"},"image":{"@id":"https:\/\/doktorvolt.pl\/de\/#\/schema\/logo\/image\/"}}]}},"_links":{"self":[{"href":"https:\/\/doktorvolt.pl\/en\/wp-json\/wp\/v2\/product\/110783","targetHints":{"allow":["GET"]}}],"collection":[{"href":"https:\/\/doktorvolt.pl\/en\/wp-json\/wp\/v2\/product"}],"about":[{"href":"https:\/\/doktorvolt.pl\/en\/wp-json\/wp\/v2\/types\/product"}],"wp:featuredmedia":[{"embeddable":true,"href":"https:\/\/doktorvolt.pl\/en\/wp-json\/wp\/v2\/media\/104378"}],"wp:attachment":[{"href":"https:\/\/doktorvolt.pl\/en\/wp-json\/wp\/v2\/media?parent=110783"}],"wp:term":[{"taxonomy":"product_brand","embeddable":true,"href":"https:\/\/doktorvolt.pl\/en\/wp-json\/wp\/v2\/product_brand?post=110783"},{"taxonomy":"product_cat","embeddable":true,"href":"https:\/\/doktorvolt.pl\/en\/wp-json\/wp\/v2\/product_cat?post=110783"},{"taxonomy":"product_tag","embeddable":true,"href":"https:\/\/doktorvolt.pl\/en\/wp-json\/wp\/v2\/product_tag?post=110783"}],"curies":[{"name":"wp","href":"https:\/\/api.w.org\/{rel}","templated":true}]}}